{"id":11544,"date":"2022-08-09T16:32:12","date_gmt":"2022-08-09T14:32:12","guid":{"rendered":"https:\/\/itsasmuseoa.eus\/activities\/our-publications\/monographs\/antonio-de-gaztaneta\/"},"modified":"2023-02-01T08:29:14","modified_gmt":"2023-02-01T07:29:14","slug":"antonio-de-gaztaneta","status":"publish","type":"page","link":"https:\/\/itsasmuseoa.eus\/en\/activities\/our-publications\/monographs\/antonio-de-gaztaneta\/","title":{"rendered":"Antonio de Gazta\u00f1eta"},"content":{"rendered":"\n\n\t<a href=\"https:\/\/itsasmuseoa.eus\/en\/\">Inicio<\/a> <img decoding=\"async\" src=\"https:\/\/itsasmuseoa.eus\/flecha-breadcrumbs\/\" alt=\"icono flecha\" \/> <a href=\"https:\/\/itsasmuseoa.eus\/en\/actividades\/\">Activities<\/a> <img decoding=\"async\" src=\"https:\/\/itsasmuseoa.eus\/flecha-breadcrumbs\/\" alt=\"icono flecha\" \/> <a href=\"https:\/\/itsasmuseoa.eus\/en\/actividades\/nuestras-publicaciones\/\">Our publications<\/a> <img decoding=\"async\" src=\"https:\/\/itsasmuseoa.eus\/flecha-breadcrumbs\/\" alt=\"icono flecha\" \/> <a href=\"https:\/\/itsasmuseoa.eus\/en\/activities\/our-publications\/monographs\/\">Monographs<\/a> <img decoding=\"async\" src=\"https:\/\/itsasmuseoa.eus\/flecha-breadcrumbs\/\" alt=\"icono flecha\" \/> Antonio de Gazta\u00f1eta\n\t\t<h1>\n\t\t\tMonographs\n\t\t<\/h1>\n\t\t\t\t<img decoding=\"async\" src=\"https:\/\/itsasmuseoa.eus\/wp-content\/uploads\/2021\/06\/WEB-libros-A4-9.jpg\" alt=\"WEB libros A4 (9)\" itemprop=\"image\" height=\"2000\" width=\"1414\" title=\"WEB libros A4 (9)\" onerror=\"this.style.display='none'\"  \/>\n\t\t\t<a href=\"https:\/\/itsasmuseoa.eus\/wp-content\/uploads\/2021\/06\/Antonio-de-Gaztaneta-1656-1728-1992-pdf_compressed.pdf\" target=\"_blank\" role=\"button\" rel=\"noopener\">\n\t\t\t\t\t\t\tDownload\n\t\t\t\t\t<\/a>\n\t\t<h2>\n\t\t\tAntonio de Gazta\u00f1eta\n\t\t\t\t\t\t\t\t\t\t\t1992\n\t\t<\/h2>\n\t\t\tAntonio de Gazta\u00f1eta, 1656-1728\nAAVV\t\t\n\t\t<h2>\n\t\t\tAbout monographs\n\t\t<\/h2>\n\t\t\t<p>The Euskal Itsas Museoa carries out an editorial activity (books and brochures) mainly linked to the temporary exhibitions it produces. The effort to maintain a continuous and quality editorial production is, without a doubt, one of the distinctive marks of this Museum.<\/p>\t\t\n\n","protected":false},"excerpt":{"rendered":"<p>Inicio Activities Our publications Monographs Antonio de Gazta\u00f1eta Monographs Download Antonio de Gazta\u00f1eta 1992 Antonio de Gazta\u00f1eta, 1656-1728 AAVV About monographs The Euskal Itsas Museoa carries out an editorial activity (books and brochures) mainly linked to the temporary exhibitions it produces. The effort to maintain a continuous and quality editorial production is, without a doubt,&hellip;<\/p>\n","protected":false},"author":4,"featured_media":11515,"parent":7064,"menu_order":0,"comment_status":"closed","ping_status":"closed","template":"","meta":{"_acf_changed":false,"footnotes":""},"categories":[390],"tags":[],"class_list":["post-11544","page","type-page","status-publish","has-post-thumbnail","hentry","category-monographs"],"acf":[],"yoast_head":"<!-- This site is optimized with the Yoast SEO plugin v27.4 - https:\/\/yoast.com\/product\/yoast-seo-wordpress\/ -->\n<title>Antonio de Gazta\u00f1eta - Euskal Itsas Museoa<\/title>\n<meta name=\"robots\" content=\"index, follow, max-snippet:-1, max-image-preview:large, max-video-preview:-1\" \/>\n<link rel=\"canonical\" href=\"https:\/\/itsasmuseoa.eus\/en\/activities\/our-publications\/monographs\/antonio-de-gaztaneta\/\" \/>\n<meta property=\"og:locale\" content=\"en_US\" \/>\n<meta property=\"og:type\" content=\"article\" \/>\n<meta property=\"og:title\" content=\"Antonio de Gazta\u00f1eta - Euskal Itsas Museoa\" \/>\n<meta property=\"og:description\" content=\"Inicio Activities Our publications Monographs Antonio de Gazta\u00f1eta Monographs Download Antonio de Gazta\u00f1eta 1992 Antonio de Gazta\u00f1eta, 1656-1728 AAVV About monographs The Euskal Itsas Museoa carries out an editorial activity (books and brochures) mainly linked to the temporary exhibitions it produces. The effort to maintain a continuous and quality editorial production is, without a doubt,&hellip;\" \/>\n<meta property=\"og:url\" content=\"https:\/\/itsasmuseoa.eus\/en\/activities\/our-publications\/monographs\/antonio-de-gaztaneta\/\" \/>\n<meta property=\"og:site_name\" content=\"Euskal Itsas Museoa\" \/>\n<meta property=\"article:modified_time\" content=\"2023-02-01T07:29:14+00:00\" \/>\n<meta property=\"og:image\" content=\"https:\/\/itsasmuseoa.eus\/wp-content\/uploads\/2021\/06\/WEB-libros-A4-9.jpg\" \/>\n\t<meta property=\"og:image:width\" content=\"1414\" \/>\n\t<meta property=\"og:image:height\" content=\"2000\" \/>\n\t<meta property=\"og:image:type\" content=\"image\/jpeg\" \/>\n<meta name=\"twitter:card\" content=\"summary_large_image\" \/>\n<script type=\"application\/ld+json\" class=\"yoast-schema-graph\">{\"@context\":\"https:\\\/\\\/schema.org\",\"@graph\":[{\"@type\":\"WebPage\",\"@id\":\"https:\\\/\\\/itsasmuseoa.eus\\\/en\\\/activities\\\/our-publications\\\/monographs\\\/antonio-de-gaztaneta\\\/\",\"url\":\"https:\\\/\\\/itsasmuseoa.eus\\\/en\\\/activities\\\/our-publications\\\/monographs\\\/antonio-de-gaztaneta\\\/\",\"name\":\"Antonio de Gazta\u00f1eta - Euskal Itsas Museoa\",\"isPartOf\":{\"@id\":\"https:\\\/\\\/itsasmuseoa.eus\\\/en\\\/#website\"},\"primaryImageOfPage\":{\"@id\":\"https:\\\/\\\/itsasmuseoa.eus\\\/en\\\/activities\\\/our-publications\\\/monographs\\\/antonio-de-gaztaneta\\\/#primaryimage\"},\"image\":{\"@id\":\"https:\\\/\\\/itsasmuseoa.eus\\\/en\\\/activities\\\/our-publications\\\/monographs\\\/antonio-de-gaztaneta\\\/#primaryimage\"},\"thumbnailUrl\":\"https:\\\/\\\/itsasmuseoa.eus\\\/wp-content\\\/uploads\\\/2021\\\/06\\\/WEB-libros-A4-9.jpg\",\"datePublished\":\"2022-08-09T14:32:12+00:00\",\"dateModified\":\"2023-02-01T07:29:14+00:00\",\"breadcrumb\":{\"@id\":\"https:\\\/\\\/itsasmuseoa.eus\\\/en\\\/activities\\\/our-publications\\\/monographs\\\/antonio-de-gaztaneta\\\/#breadcrumb\"},\"inLanguage\":\"en-US\",\"potentialAction\":[{\"@type\":\"ReadAction\",\"target\":[\"https:\\\/\\\/itsasmuseoa.eus\\\/en\\\/activities\\\/our-publications\\\/monographs\\\/antonio-de-gaztaneta\\\/\"]}]},{\"@type\":\"ImageObject\",\"inLanguage\":\"en-US\",\"@id\":\"https:\\\/\\\/itsasmuseoa.eus\\\/en\\\/activities\\\/our-publications\\\/monographs\\\/antonio-de-gaztaneta\\\/#primaryimage\",\"url\":\"https:\\\/\\\/itsasmuseoa.eus\\\/wp-content\\\/uploads\\\/2021\\\/06\\\/WEB-libros-A4-9.jpg\",\"contentUrl\":\"https:\\\/\\\/itsasmuseoa.eus\\\/wp-content\\\/uploads\\\/2021\\\/06\\\/WEB-libros-A4-9.jpg\",\"width\":1414,\"height\":2000},{\"@type\":\"BreadcrumbList\",\"@id\":\"https:\\\/\\\/itsasmuseoa.eus\\\/en\\\/activities\\\/our-publications\\\/monographs\\\/antonio-de-gaztaneta\\\/#breadcrumb\",\"itemListElement\":[{\"@type\":\"ListItem\",\"position\":1,\"name\":\"Inicio\",\"item\":\"https:\\\/\\\/itsasmuseoa.eus\\\/en\\\/\"},{\"@type\":\"ListItem\",\"position\":2,\"name\":\"Activities\",\"item\":\"https:\\\/\\\/itsasmuseoa.eus\\\/en\\\/actividades\\\/\"},{\"@type\":\"ListItem\",\"position\":3,\"name\":\"Our publications\",\"item\":\"https:\\\/\\\/itsasmuseoa.eus\\\/en\\\/actividades\\\/nuestras-publicaciones\\\/\"},{\"@type\":\"ListItem\",\"position\":4,\"name\":\"Monographs\",\"item\":\"https:\\\/\\\/itsasmuseoa.eus\\\/en\\\/activities\\\/our-publications\\\/monographs\\\/\"},{\"@type\":\"ListItem\",\"position\":5,\"name\":\"Antonio de Gazta\u00f1eta\"}]},{\"@type\":\"WebSite\",\"@id\":\"https:\\\/\\\/itsasmuseoa.eus\\\/en\\\/#website\",\"url\":\"https:\\\/\\\/itsasmuseoa.eus\\\/en\\\/\",\"name\":\"Euskal Itsas Museoa\",\"description\":\"Museo Mar\u00edtimo Vasco\",\"potentialAction\":[{\"@type\":\"SearchAction\",\"target\":{\"@type\":\"EntryPoint\",\"urlTemplate\":\"https:\\\/\\\/itsasmuseoa.eus\\\/en\\\/?s={search_term_string}\"},\"query-input\":{\"@type\":\"PropertyValueSpecification\",\"valueRequired\":true,\"valueName\":\"search_term_string\"}}],\"inLanguage\":\"en-US\"}]}<\/script>\n<!-- \/ Yoast SEO plugin. -->","yoast_head_json":{"title":"Antonio de Gazta\u00f1eta - Euskal Itsas Museoa","robots":{"index":"index","follow":"follow","max-snippet":"max-snippet:-1","max-image-preview":"max-image-preview:large","max-video-preview":"max-video-preview:-1"},"canonical":"https:\/\/itsasmuseoa.eus\/en\/activities\/our-publications\/monographs\/antonio-de-gaztaneta\/","og_locale":"en_US","og_type":"article","og_title":"Antonio de Gazta\u00f1eta - Euskal Itsas Museoa","og_description":"Inicio Activities Our publications Monographs Antonio de Gazta\u00f1eta Monographs Download Antonio de Gazta\u00f1eta 1992 Antonio de Gazta\u00f1eta, 1656-1728 AAVV About monographs The Euskal Itsas Museoa carries out an editorial activity (books and brochures) mainly linked to the temporary exhibitions it produces. The effort to maintain a continuous and quality editorial production is, without a doubt,&hellip;","og_url":"https:\/\/itsasmuseoa.eus\/en\/activities\/our-publications\/monographs\/antonio-de-gaztaneta\/","og_site_name":"Euskal Itsas Museoa","article_modified_time":"2023-02-01T07:29:14+00:00","og_image":[{"width":1414,"height":2000,"url":"https:\/\/itsasmuseoa.eus\/wp-content\/uploads\/2021\/06\/WEB-libros-A4-9.jpg","type":"image\/jpeg"}],"twitter_card":"summary_large_image","schema":{"@context":"https:\/\/schema.org","@graph":[{"@type":"WebPage","@id":"https:\/\/itsasmuseoa.eus\/en\/activities\/our-publications\/monographs\/antonio-de-gaztaneta\/","url":"https:\/\/itsasmuseoa.eus\/en\/activities\/our-publications\/monographs\/antonio-de-gaztaneta\/","name":"Antonio de Gazta\u00f1eta - Euskal Itsas Museoa","isPartOf":{"@id":"https:\/\/itsasmuseoa.eus\/en\/#website"},"primaryImageOfPage":{"@id":"https:\/\/itsasmuseoa.eus\/en\/activities\/our-publications\/monographs\/antonio-de-gaztaneta\/#primaryimage"},"image":{"@id":"https:\/\/itsasmuseoa.eus\/en\/activities\/our-publications\/monographs\/antonio-de-gaztaneta\/#primaryimage"},"thumbnailUrl":"https:\/\/itsasmuseoa.eus\/wp-content\/uploads\/2021\/06\/WEB-libros-A4-9.jpg","datePublished":"2022-08-09T14:32:12+00:00","dateModified":"2023-02-01T07:29:14+00:00","breadcrumb":{"@id":"https:\/\/itsasmuseoa.eus\/en\/activities\/our-publications\/monographs\/antonio-de-gaztaneta\/#breadcrumb"},"inLanguage":"en-US","potentialAction":[{"@type":"ReadAction","target":["https:\/\/itsasmuseoa.eus\/en\/activities\/our-publications\/monographs\/antonio-de-gaztaneta\/"]}]},{"@type":"ImageObject","inLanguage":"en-US","@id":"https:\/\/itsasmuseoa.eus\/en\/activities\/our-publications\/monographs\/antonio-de-gaztaneta\/#primaryimage","url":"https:\/\/itsasmuseoa.eus\/wp-content\/uploads\/2021\/06\/WEB-libros-A4-9.jpg","contentUrl":"https:\/\/itsasmuseoa.eus\/wp-content\/uploads\/2021\/06\/WEB-libros-A4-9.jpg","width":1414,"height":2000},{"@type":"BreadcrumbList","@id":"https:\/\/itsasmuseoa.eus\/en\/activities\/our-publications\/monographs\/antonio-de-gaztaneta\/#breadcrumb","itemListElement":[{"@type":"ListItem","position":1,"name":"Inicio","item":"https:\/\/itsasmuseoa.eus\/en\/"},{"@type":"ListItem","position":2,"name":"Activities","item":"https:\/\/itsasmuseoa.eus\/en\/actividades\/"},{"@type":"ListItem","position":3,"name":"Our publications","item":"https:\/\/itsasmuseoa.eus\/en\/actividades\/nuestras-publicaciones\/"},{"@type":"ListItem","position":4,"name":"Monographs","item":"https:\/\/itsasmuseoa.eus\/en\/activities\/our-publications\/monographs\/"},{"@type":"ListItem","position":5,"name":"Antonio de Gazta\u00f1eta"}]},{"@type":"WebSite","@id":"https:\/\/itsasmuseoa.eus\/en\/#website","url":"https:\/\/itsasmuseoa.eus\/en\/","name":"Euskal Itsas Museoa","description":"Museo Mar\u00edtimo Vasco","potentialAction":[{"@type":"SearchAction","target":{"@type":"EntryPoint","urlTemplate":"https:\/\/itsasmuseoa.eus\/en\/?s={search_term_string}"},"query-input":{"@type":"PropertyValueSpecification","valueRequired":true,"valueName":"search_term_string"}}],"inLanguage":"en-US"}]}},"_links":{"self":[{"href":"https:\/\/itsasmuseoa.eus\/en\/wp-json\/wp\/v2\/pages\/11544","targetHints":{"allow":["GET"]}}],"collection":[{"href":"https:\/\/itsasmuseoa.eus\/en\/wp-json\/wp\/v2\/pages"}],"about":[{"href":"https:\/\/itsasmuseoa.eus\/en\/wp-json\/wp\/v2\/types\/page"}],"author":[{"embeddable":true,"href":"https:\/\/itsasmuseoa.eus\/en\/wp-json\/wp\/v2\/users\/4"}],"replies":[{"embeddable":true,"href":"https:\/\/itsasmuseoa.eus\/en\/wp-json\/wp\/v2\/comments?post=11544"}],"version-history":[{"count":0,"href":"https:\/\/itsasmuseoa.eus\/en\/wp-json\/wp\/v2\/pages\/11544\/revisions"}],"up":[{"embeddable":true,"href":"https:\/\/itsasmuseoa.eus\/en\/wp-json\/wp\/v2\/pages\/7064"}],"wp:featuredmedia":[{"embeddable":true,"href":"https:\/\/itsasmuseoa.eus\/en\/wp-json\/wp\/v2\/media\/11515"}],"wp:attachment":[{"href":"https:\/\/itsasmuseoa.eus\/en\/wp-json\/wp\/v2\/media?parent=11544"}],"wp:term":[{"taxonomy":"category","embeddable":true,"href":"https:\/\/itsasmuseoa.eus\/en\/wp-json\/wp\/v2\/categories?post=11544"},{"taxonomy":"post_tag","embeddable":true,"href":"https:\/\/itsasmuseoa.eus\/en\/wp-json\/wp\/v2\/tags?post=11544"}],"curies":[{"name":"wp","href":"https:\/\/api.w.org\/{rel}","templated":true}]}}