{"id":11623,"date":"2022-08-10T17:48:09","date_gmt":"2022-08-10T15:48:09","guid":{"rendered":"https:\/\/itsasmuseoa.eus\/activities\/agenda\/tromelin-guided-tour\/"},"modified":"2023-04-12T16:29:10","modified_gmt":"2023-04-12T14:29:10","slug":"tromelin-guided-tour","status":"publish","type":"page","link":"https:\/\/itsasmuseoa.eus\/en\/activities\/agenda\/tromelin-guided-tour\/","title":{"rendered":"&#8220;MOILAK&#8221; guided tour"},"content":{"rendered":"\n<a href=\"https:\/\/itsasmuseoa.eus\/en\/\">Inicio<\/a> <img decoding=\"async\" src=\"https:\/\/itsasmuseoa.eus\/flecha-breadcrumbs\/\" alt=\"icono flecha\"> <a href=\"https:\/\/itsasmuseoa.eus\/en\/actividades\/\">Activities<\/a> <img decoding=\"async\" src=\"https:\/\/itsasmuseoa.eus\/flecha-breadcrumbs\/\" alt=\"icono flecha\"> <a href=\"https:\/\/itsasmuseoa.eus\/en\/activities\/agenda\/\">Agenda<\/a> <img decoding=\"async\" src=\"https:\/\/itsasmuseoa.eus\/flecha-breadcrumbs\/\" alt=\"icono flecha\"> \u00abMOILAK\u00bb guided tour\n\t\t<h2>\n\t\t\tTitle\n\t\t<\/h2>\n<h2>\n\t\tGuided tour\n\t<\/h2>\n<h1>\n\t\tGuided tour\n\t<\/h1>\n<h2>\n\t\tMOILAK. Traditionally Innovative\n\t<\/h2>\n<h2>\n\t\tHour: On request\n\t<\/h2>\n<h2>\n\t\tExhibition\n\t<\/h2>\n<h2>\n\t\tPrice: 2,5\u20ac\n\t<\/h2>\n\t<p>The Museum offers guided tours of the temporary exhibition &#8220;Moilak: Traditionally Innovative&#8221; on request, subject to availability, from Tuesday to Friday.<\/p>\n\t\t\t<a href=\"https:\/\/itsasmuseoa.eus\/en\/ticket-reservation\/?reserva=Visita guiada Moilak Bajo demanda\" target=\"_self\" role=\"button\" rel=\"noopener\">\n\t\t\t\t\t\tBooking\n\t\t\t\t\t<\/a>\n\t<p><strong>MOILAK. Traditionally Innovative<\/strong><\/p>\n<p>This exhibition illustrates the important role Basque ports have played in the last two centuries. Ports have always been hubs of economic, social and technological innovation and they have had a direct impact on the historical development of the Basque Country more widely. Is innovation part of our tradition?<\/p>\n\t\t\t\t<a href=\"https:\/\/itsasmuseoa.eus\/wp-content\/uploads\/2023\/04\/Banner_WEB_3-39.jpg\" target=\"_self\" itemprop=\"url\" rel=\"noopener\">\n\t\t\t\t<img decoding=\"async\" src=\"https:\/\/itsasmuseoa.eus\/wp-content\/uploads\/2023\/04\/Banner_WEB_3-39.jpg\" alt=\"Moilak visita guiada\" itemprop=\"image\" height=\"1200\" width=\"1800\" title=\"Moilak visita guiada\" onerror=\"this.style.display='none'\">\n\t\t\t\t<\/a>\n\t<a href=\"#\" id=\"trigger-\" data-modal=\"\" data-node=\"\">\n\t\t\t\t\t\t\tENLARGE PHOTO\n\t\t\t\t\t\t\t\t\t\t\t\t<\/a>\n\t\t\t\t\t\tPreview\n\t\t\tmodal-\n\t\t\t\t\t\t<img decoding=\"async\" src=\"\">\n","protected":false},"excerpt":{"rendered":"<p>Charla experiencial entre Xabier Alberdi y Aitor Arregi donde, adem\u00e1s de escucharles, podremos saborear a qu\u00e9 sab\u00edan las parrilladas de Elkano en la terraza del museo.<\/p>\n","protected":false},"author":4,"featured_media":13732,"parent":5409,"menu_order":0,"comment_status":"closed","ping_status":"closed","template":"","meta":{"_acf_changed":false,"footnotes":""},"categories":[],"tags":[433,62],"class_list":["post-11623","page","type-page","status-publish","has-post-thumbnail","hentry","tag-guided-tour","tag-visita-guiada"],"acf":[],"yoast_head":"<!-- This site is optimized with the Yoast SEO plugin v27.4 - https:\/\/yoast.com\/product\/yoast-seo-wordpress\/ -->\n<title>&quot;MOILAK&quot; guided tour - Euskal Itsas Museoa<\/title>\n<meta name=\"robots\" content=\"index, follow, max-snippet:-1, max-image-preview:large, max-video-preview:-1\" \/>\n<link rel=\"canonical\" href=\"https:\/\/itsasmuseoa.eus\/en\/activities\/agenda\/tromelin-guided-tour\/\" \/>\n<meta property=\"og:locale\" content=\"en_US\" \/>\n<meta property=\"og:type\" content=\"article\" \/>\n<meta property=\"og:title\" content=\"&quot;MOILAK&quot; guided tour - Euskal Itsas Museoa\" \/>\n<meta property=\"og:description\" content=\"Charla experiencial entre Xabier Alberdi y Aitor Arregi donde, adem\u00e1s de escucharles, podremos saborear a qu\u00e9 sab\u00edan las parrilladas de Elkano en la terraza del museo.\" \/>\n<meta property=\"og:url\" content=\"https:\/\/itsasmuseoa.eus\/en\/activities\/agenda\/tromelin-guided-tour\/\" \/>\n<meta property=\"og:site_name\" content=\"Euskal Itsas Museoa\" \/>\n<meta property=\"article:modified_time\" content=\"2023-04-12T14:29:10+00:00\" \/>\n<meta property=\"og:image\" content=\"https:\/\/itsasmuseoa.eus\/wp-content\/uploads\/2023\/04\/Banner_WEB_3-39.jpg\" \/>\n\t<meta property=\"og:image:width\" content=\"1800\" \/>\n\t<meta property=\"og:image:height\" content=\"1200\" \/>\n\t<meta property=\"og:image:type\" content=\"image\/jpeg\" \/>\n<meta name=\"twitter:card\" content=\"summary_large_image\" \/>\n<meta name=\"twitter:label1\" content=\"Est. reading time\" \/>\n\t<meta name=\"twitter:data1\" content=\"2 minutes\" \/>\n<script type=\"application\/ld+json\" class=\"yoast-schema-graph\">{\"@context\":\"https:\\\/\\\/schema.org\",\"@graph\":[{\"@type\":\"WebPage\",\"@id\":\"https:\\\/\\\/itsasmuseoa.eus\\\/en\\\/activities\\\/agenda\\\/tromelin-guided-tour\\\/\",\"url\":\"https:\\\/\\\/itsasmuseoa.eus\\\/en\\\/activities\\\/agenda\\\/tromelin-guided-tour\\\/\",\"name\":\"\\\"MOILAK\\\" guided tour - Euskal Itsas Museoa\",\"isPartOf\":{\"@id\":\"https:\\\/\\\/itsasmuseoa.eus\\\/en\\\/#website\"},\"primaryImageOfPage\":{\"@id\":\"https:\\\/\\\/itsasmuseoa.eus\\\/en\\\/activities\\\/agenda\\\/tromelin-guided-tour\\\/#primaryimage\"},\"image\":{\"@id\":\"https:\\\/\\\/itsasmuseoa.eus\\\/en\\\/activities\\\/agenda\\\/tromelin-guided-tour\\\/#primaryimage\"},\"thumbnailUrl\":\"https:\\\/\\\/itsasmuseoa.eus\\\/wp-content\\\/uploads\\\/2023\\\/04\\\/Banner_WEB_3-39.jpg\",\"datePublished\":\"2022-08-10T15:48:09+00:00\",\"dateModified\":\"2023-04-12T14:29:10+00:00\",\"breadcrumb\":{\"@id\":\"https:\\\/\\\/itsasmuseoa.eus\\\/en\\\/activities\\\/agenda\\\/tromelin-guided-tour\\\/#breadcrumb\"},\"inLanguage\":\"en-US\",\"potentialAction\":[{\"@type\":\"ReadAction\",\"target\":[\"https:\\\/\\\/itsasmuseoa.eus\\\/en\\\/activities\\\/agenda\\\/tromelin-guided-tour\\\/\"]}]},{\"@type\":\"ImageObject\",\"inLanguage\":\"en-US\",\"@id\":\"https:\\\/\\\/itsasmuseoa.eus\\\/en\\\/activities\\\/agenda\\\/tromelin-guided-tour\\\/#primaryimage\",\"url\":\"https:\\\/\\\/itsasmuseoa.eus\\\/wp-content\\\/uploads\\\/2023\\\/04\\\/Banner_WEB_3-39.jpg\",\"contentUrl\":\"https:\\\/\\\/itsasmuseoa.eus\\\/wp-content\\\/uploads\\\/2023\\\/04\\\/Banner_WEB_3-39.jpg\",\"width\":1800,\"height\":1200},{\"@type\":\"BreadcrumbList\",\"@id\":\"https:\\\/\\\/itsasmuseoa.eus\\\/en\\\/activities\\\/agenda\\\/tromelin-guided-tour\\\/#breadcrumb\",\"itemListElement\":[{\"@type\":\"ListItem\",\"position\":1,\"name\":\"Inicio\",\"item\":\"https:\\\/\\\/itsasmuseoa.eus\\\/en\\\/\"},{\"@type\":\"ListItem\",\"position\":2,\"name\":\"Activities\",\"item\":\"https:\\\/\\\/itsasmuseoa.eus\\\/en\\\/actividades\\\/\"},{\"@type\":\"ListItem\",\"position\":3,\"name\":\"Agenda\",\"item\":\"https:\\\/\\\/itsasmuseoa.eus\\\/en\\\/activities\\\/agenda\\\/\"},{\"@type\":\"ListItem\",\"position\":4,\"name\":\"\u00abMOILAK\u00bb guided tour\"}]},{\"@type\":\"WebSite\",\"@id\":\"https:\\\/\\\/itsasmuseoa.eus\\\/en\\\/#website\",\"url\":\"https:\\\/\\\/itsasmuseoa.eus\\\/en\\\/\",\"name\":\"Euskal Itsas Museoa\",\"description\":\"Museo Mar\u00edtimo Vasco\",\"potentialAction\":[{\"@type\":\"SearchAction\",\"target\":{\"@type\":\"EntryPoint\",\"urlTemplate\":\"https:\\\/\\\/itsasmuseoa.eus\\\/en\\\/?s={search_term_string}\"},\"query-input\":{\"@type\":\"PropertyValueSpecification\",\"valueRequired\":true,\"valueName\":\"search_term_string\"}}],\"inLanguage\":\"en-US\"}]}<\/script>\n<!-- \/ Yoast SEO plugin. -->","yoast_head_json":{"title":"\"MOILAK\" guided tour - Euskal Itsas Museoa","robots":{"index":"index","follow":"follow","max-snippet":"max-snippet:-1","max-image-preview":"max-image-preview:large","max-video-preview":"max-video-preview:-1"},"canonical":"https:\/\/itsasmuseoa.eus\/en\/activities\/agenda\/tromelin-guided-tour\/","og_locale":"en_US","og_type":"article","og_title":"\"MOILAK\" guided tour - Euskal Itsas Museoa","og_description":"Charla experiencial entre Xabier Alberdi y Aitor Arregi donde, adem\u00e1s de escucharles, podremos saborear a qu\u00e9 sab\u00edan las parrilladas de Elkano en la terraza del museo.","og_url":"https:\/\/itsasmuseoa.eus\/en\/activities\/agenda\/tromelin-guided-tour\/","og_site_name":"Euskal Itsas Museoa","article_modified_time":"2023-04-12T14:29:10+00:00","og_image":[{"width":1800,"height":1200,"url":"https:\/\/itsasmuseoa.eus\/wp-content\/uploads\/2023\/04\/Banner_WEB_3-39.jpg","type":"image\/jpeg"}],"twitter_card":"summary_large_image","twitter_misc":{"Est. reading time":"2 minutes"},"schema":{"@context":"https:\/\/schema.org","@graph":[{"@type":"WebPage","@id":"https:\/\/itsasmuseoa.eus\/en\/activities\/agenda\/tromelin-guided-tour\/","url":"https:\/\/itsasmuseoa.eus\/en\/activities\/agenda\/tromelin-guided-tour\/","name":"\"MOILAK\" guided tour - Euskal Itsas Museoa","isPartOf":{"@id":"https:\/\/itsasmuseoa.eus\/en\/#website"},"primaryImageOfPage":{"@id":"https:\/\/itsasmuseoa.eus\/en\/activities\/agenda\/tromelin-guided-tour\/#primaryimage"},"image":{"@id":"https:\/\/itsasmuseoa.eus\/en\/activities\/agenda\/tromelin-guided-tour\/#primaryimage"},"thumbnailUrl":"https:\/\/itsasmuseoa.eus\/wp-content\/uploads\/2023\/04\/Banner_WEB_3-39.jpg","datePublished":"2022-08-10T15:48:09+00:00","dateModified":"2023-04-12T14:29:10+00:00","breadcrumb":{"@id":"https:\/\/itsasmuseoa.eus\/en\/activities\/agenda\/tromelin-guided-tour\/#breadcrumb"},"inLanguage":"en-US","potentialAction":[{"@type":"ReadAction","target":["https:\/\/itsasmuseoa.eus\/en\/activities\/agenda\/tromelin-guided-tour\/"]}]},{"@type":"ImageObject","inLanguage":"en-US","@id":"https:\/\/itsasmuseoa.eus\/en\/activities\/agenda\/tromelin-guided-tour\/#primaryimage","url":"https:\/\/itsasmuseoa.eus\/wp-content\/uploads\/2023\/04\/Banner_WEB_3-39.jpg","contentUrl":"https:\/\/itsasmuseoa.eus\/wp-content\/uploads\/2023\/04\/Banner_WEB_3-39.jpg","width":1800,"height":1200},{"@type":"BreadcrumbList","@id":"https:\/\/itsasmuseoa.eus\/en\/activities\/agenda\/tromelin-guided-tour\/#breadcrumb","itemListElement":[{"@type":"ListItem","position":1,"name":"Inicio","item":"https:\/\/itsasmuseoa.eus\/en\/"},{"@type":"ListItem","position":2,"name":"Activities","item":"https:\/\/itsasmuseoa.eus\/en\/actividades\/"},{"@type":"ListItem","position":3,"name":"Agenda","item":"https:\/\/itsasmuseoa.eus\/en\/activities\/agenda\/"},{"@type":"ListItem","position":4,"name":"\u00abMOILAK\u00bb guided tour"}]},{"@type":"WebSite","@id":"https:\/\/itsasmuseoa.eus\/en\/#website","url":"https:\/\/itsasmuseoa.eus\/en\/","name":"Euskal Itsas Museoa","description":"Museo Mar\u00edtimo Vasco","potentialAction":[{"@type":"SearchAction","target":{"@type":"EntryPoint","urlTemplate":"https:\/\/itsasmuseoa.eus\/en\/?s={search_term_string}"},"query-input":{"@type":"PropertyValueSpecification","valueRequired":true,"valueName":"search_term_string"}}],"inLanguage":"en-US"}]}},"_links":{"self":[{"href":"https:\/\/itsasmuseoa.eus\/en\/wp-json\/wp\/v2\/pages\/11623","targetHints":{"allow":["GET"]}}],"collection":[{"href":"https:\/\/itsasmuseoa.eus\/en\/wp-json\/wp\/v2\/pages"}],"about":[{"href":"https:\/\/itsasmuseoa.eus\/en\/wp-json\/wp\/v2\/types\/page"}],"author":[{"embeddable":true,"href":"https:\/\/itsasmuseoa.eus\/en\/wp-json\/wp\/v2\/users\/4"}],"replies":[{"embeddable":true,"href":"https:\/\/itsasmuseoa.eus\/en\/wp-json\/wp\/v2\/comments?post=11623"}],"version-history":[{"count":0,"href":"https:\/\/itsasmuseoa.eus\/en\/wp-json\/wp\/v2\/pages\/11623\/revisions"}],"up":[{"embeddable":true,"href":"https:\/\/itsasmuseoa.eus\/en\/wp-json\/wp\/v2\/pages\/5409"}],"wp:featuredmedia":[{"embeddable":true,"href":"https:\/\/itsasmuseoa.eus\/en\/wp-json\/wp\/v2\/media\/13732"}],"wp:attachment":[{"href":"https:\/\/itsasmuseoa.eus\/en\/wp-json\/wp\/v2\/media?parent=11623"}],"wp:term":[{"taxonomy":"category","embeddable":true,"href":"https:\/\/itsasmuseoa.eus\/en\/wp-json\/wp\/v2\/categories?post=11623"},{"taxonomy":"post_tag","embeddable":true,"href":"https:\/\/itsasmuseoa.eus\/en\/wp-json\/wp\/v2\/tags?post=11623"}],"curies":[{"name":"wp","href":"https:\/\/api.w.org\/{rel}","templated":true}]}}