{"id":20766,"date":"2025-12-03T10:16:59","date_gmt":"2025-12-03T09:16:59","guid":{"rendered":"https:\/\/itsasmuseoa.eus\/?page_id=20766"},"modified":"2026-01-08T13:44:52","modified_gmt":"2026-01-08T12:44:52","slug":"the-navigation-corner","status":"publish","type":"page","link":"https:\/\/itsasmuseoa.eus\/en\/activities\/agenda\/the-navigation-corner\/","title":{"rendered":"The Navigation Corner"},"content":{"rendered":"\n\n\t<nav id=\"breadcrumbs\" aria-label=\"Breadcrumbs\"><a href=\"https:\/\/itsasmuseoa.eus\/\">Inicio<\/a> <img decoding=\"async\" src=\"https:\/\/itsasmuseoa.eus\/flecha-breadcrumbs\/\" alt=\"icono flecha\" \/> Actividades <img decoding=\"async\" src=\"https:\/\/itsasmuseoa.eus\/flecha-breadcrumbs\/\" alt=\"icono flecha\" \/> <a href=\"https:\/\/itsasmuseoa.eus\/actividades\/agenda\/\">Agenda<\/a> <img decoding=\"async\" src=\"https:\/\/itsasmuseoa.eus\/flecha-breadcrumbs\/\" alt=\"icono flecha\" \/> El rinc\u00f3n de la navegaci\u00f3n<\/nav><h3>\n\t\t\tEl rinc\u00f3n de la navegaci\u00f3n \t<\/h3>\n\t\t\n\t\t\t<p>Desde el Museo Mar\u00edtimo queremos que los peque\u00f1os piratas tambi\u00e9n tengan su lugar, por eso junto a la nueva exposici\u00f3n hemos abierto el rinc\u00f3n de la navegaci\u00f3n.\u00a0Este espacio cuenta con numerosos juegos y pruebas para acercar el patrimonio mar\u00edtimo a las y los m\u00e1s peque\u00f1os que cuentan con entrada gratuita al Museo. Se trata de un espacio l\u00fadico donde se encontrar\u00e1n desde disfraces hasta juegos de construcci\u00f3n que ayudan a entender mejor ciertos aspectos de la historia mar\u00edtima.\u00a0\u00a1Animaos y venid a visitar este peque\u00f1o rinc\u00f3n para disfrutar a lo grande!<\/p>\t\t\n\t\t\t\t<a href=\"https:\/\/itsasmuseoa.eus\/wp-content\/uploads\/2025\/11\/nabigatzaile-txokoa.jpg\"  target=\"_self\" itemprop=\"url\">\n\t\t\t\t<img decoding=\"async\" src=\"https:\/\/itsasmuseoa.eus\/wp-content\/uploads\/2025\/11\/nabigatzaile-txokoa.jpg\" alt=\"nabigatzaile txokoa\" itemprop=\"image\" height=\"1600\" width=\"2400\" title=\"nabigatzaile txokoa\" onerror=\"this.style.display='none'\" loading=\"lazy\" \/>\n\t\t\t\t<\/a>\n\t<a href=\"#\" id=\"trigger-\" role=\"button\" data-modal=\"\" data-node=\"\">\n\t\t\t\t\t\t\tEXTENDER FOTO\n\t\t\t\t\t\t\t\t\t\t\t\t<\/a>\n\t\t\t\t\t\tPreview\n\t\t\tmodal-\n\t\t\t\t\t\t<img decoding=\"async\" src=\"\" alt=\"\" \/>\t\t\t\t\t\n\t\t\t\t\t\t\t\t<a href=\"#\" id=\"fl-tabs--label-0\" data-index=\"0\" aria-selected=\"true\" aria-controls=\"fl-tabs--panel-0\" aria-expanded=\"true\" role=\"tab\" tabindex=\"0\">\t\t\t\t\t\t\t\t<\/a>\n\t\t\t\t\t\t\t\t\t\t\t<p>Conoce el libreto familiar:\u00a0 El descubrimiento de los oc\u00e9anos para peque\u00f1os navegantes.\u00a0<a href=\"https:\/\/itsasmuseoa.eus\/actividades\/agenda\/el-descubrimiento-de-los-oceanos-para-pequenos-navegantes\/\"><img decoding=\"async\" src=\"https:\/\/itsasmuseoa.eus\/wp-content\/uploads\/2025\/11\/Iparorratza_ZenbakiakMarrarekin_page-0007-removebg-preview-1-300x211.png\" alt=\"\" width=\"196\" height=\"138\" \/><\/a><\/p>\n\n","protected":false},"excerpt":{"rendered":"<p>Inicio Actividades Agenda El rinc\u00f3n de la navegaci\u00f3n El rinc\u00f3n de la navegaci\u00f3n Desde el Museo Mar\u00edtimo queremos que los peque\u00f1os piratas tambi\u00e9n tengan su lugar, por eso junto a la nueva exposici\u00f3n hemos abierto el rinc\u00f3n de la navegaci\u00f3n.\u00a0Este espacio cuenta con numerosos juegos y pruebas para acercar el patrimonio mar\u00edtimo a las y&hellip;<\/p>\n","protected":false},"author":4,"featured_media":20979,"parent":5409,"menu_order":0,"comment_status":"closed","ping_status":"closed","template":"","meta":{"_acf_changed":false,"footnotes":""},"categories":[168,171,174],"tags":[],"class_list":["post-20766","page","type-page","status-publish","has-post-thumbnail","hentry","category-activities","category-agenda-en","category-featured"],"acf":{"hora":"Hora: 19:00h","lugar":"Venue: Basque Maritime Museum","precio-actividad":"Precio: Gratis","enlace_boton_reserva":"https:\/\/itsasmuseoa.eus\/reserva-de-entradas\/?reserva=","video":"https:\/\/www.youtube.com\/watch?v=tCQwPZpamPY","fecha_actividad":"Martes, 4 de mayo"},"yoast_head":"<!-- This site is optimized with the Yoast SEO plugin v27.3 - https:\/\/yoast.com\/product\/yoast-seo-wordpress\/ -->\n<title>The Navigation Corner - Euskal Itsas Museoa<\/title>\n<meta name=\"robots\" content=\"index, follow, max-snippet:-1, max-image-preview:large, max-video-preview:-1\" \/>\n<link rel=\"canonical\" href=\"https:\/\/itsasmuseoa.eus\/en\/activities\/agenda\/the-navigation-corner\/\" \/>\n<meta property=\"og:locale\" content=\"en_US\" \/>\n<meta property=\"og:type\" content=\"article\" \/>\n<meta property=\"og:title\" content=\"The Navigation Corner - Euskal Itsas Museoa\" \/>\n<meta property=\"og:description\" content=\"Inicio Actividades Agenda El rinc\u00f3n de la navegaci\u00f3n El rinc\u00f3n de la navegaci\u00f3n Desde el Museo Mar\u00edtimo queremos que los peque\u00f1os piratas tambi\u00e9n tengan su lugar, por eso junto a la nueva exposici\u00f3n hemos abierto el rinc\u00f3n de la navegaci\u00f3n.\u00a0Este espacio cuenta con numerosos juegos y pruebas para acercar el patrimonio mar\u00edtimo a las y&hellip;\" \/>\n<meta property=\"og:url\" content=\"https:\/\/itsasmuseoa.eus\/en\/activities\/agenda\/the-navigation-corner\/\" \/>\n<meta property=\"og:site_name\" content=\"Euskal Itsas Museoa\" \/>\n<meta property=\"article:modified_time\" content=\"2026-01-08T12:44:52+00:00\" \/>\n<meta property=\"og:image\" content=\"https:\/\/itsasmuseoa.eus\/wp-content\/uploads\/2026\/01\/1800x1200_WEB-BANNER.pdf-78.jpg\" \/>\n\t<meta property=\"og:image:width\" content=\"2400\" \/>\n\t<meta property=\"og:image:height\" content=\"1600\" \/>\n\t<meta property=\"og:image:type\" content=\"image\/jpeg\" \/>\n<meta name=\"twitter:card\" content=\"summary_large_image\" \/>\n<meta name=\"twitter:label1\" content=\"Est. reading time\" \/>\n\t<meta name=\"twitter:data1\" content=\"1 minute\" \/>\n<script type=\"application\/ld+json\" class=\"yoast-schema-graph\">{\"@context\":\"https:\\\/\\\/schema.org\",\"@graph\":[{\"@type\":\"WebPage\",\"@id\":\"https:\\\/\\\/itsasmuseoa.eus\\\/en\\\/activities\\\/agenda\\\/the-navigation-corner\\\/\",\"url\":\"https:\\\/\\\/itsasmuseoa.eus\\\/en\\\/activities\\\/agenda\\\/the-navigation-corner\\\/\",\"name\":\"The Navigation Corner - Euskal Itsas Museoa\",\"isPartOf\":{\"@id\":\"https:\\\/\\\/itsasmuseoa.eus\\\/en\\\/#website\"},\"primaryImageOfPage\":{\"@id\":\"https:\\\/\\\/itsasmuseoa.eus\\\/en\\\/activities\\\/agenda\\\/the-navigation-corner\\\/#primaryimage\"},\"image\":{\"@id\":\"https:\\\/\\\/itsasmuseoa.eus\\\/en\\\/activities\\\/agenda\\\/the-navigation-corner\\\/#primaryimage\"},\"thumbnailUrl\":\"https:\\\/\\\/itsasmuseoa.eus\\\/wp-content\\\/uploads\\\/2026\\\/01\\\/1800x1200_WEB-BANNER.pdf-78.jpg\",\"datePublished\":\"2025-12-03T09:16:59+00:00\",\"dateModified\":\"2026-01-08T12:44:52+00:00\",\"breadcrumb\":{\"@id\":\"https:\\\/\\\/itsasmuseoa.eus\\\/en\\\/activities\\\/agenda\\\/the-navigation-corner\\\/#breadcrumb\"},\"inLanguage\":\"en-US\",\"potentialAction\":[{\"@type\":\"ReadAction\",\"target\":[\"https:\\\/\\\/itsasmuseoa.eus\\\/en\\\/activities\\\/agenda\\\/the-navigation-corner\\\/\"]}]},{\"@type\":\"ImageObject\",\"inLanguage\":\"en-US\",\"@id\":\"https:\\\/\\\/itsasmuseoa.eus\\\/en\\\/activities\\\/agenda\\\/the-navigation-corner\\\/#primaryimage\",\"url\":\"https:\\\/\\\/itsasmuseoa.eus\\\/wp-content\\\/uploads\\\/2026\\\/01\\\/1800x1200_WEB-BANNER.pdf-78.jpg\",\"contentUrl\":\"https:\\\/\\\/itsasmuseoa.eus\\\/wp-content\\\/uploads\\\/2026\\\/01\\\/1800x1200_WEB-BANNER.pdf-78.jpg\",\"width\":2400,\"height\":1600},{\"@type\":\"BreadcrumbList\",\"@id\":\"https:\\\/\\\/itsasmuseoa.eus\\\/en\\\/activities\\\/agenda\\\/the-navigation-corner\\\/#breadcrumb\",\"itemListElement\":[{\"@type\":\"ListItem\",\"position\":1,\"name\":\"Inicio\",\"item\":\"https:\\\/\\\/itsasmuseoa.eus\\\/en\\\/\"},{\"@type\":\"ListItem\",\"position\":2,\"name\":\"Activities\",\"item\":\"https:\\\/\\\/itsasmuseoa.eus\\\/en\\\/actividades\\\/\"},{\"@type\":\"ListItem\",\"position\":3,\"name\":\"Agenda\",\"item\":\"https:\\\/\\\/itsasmuseoa.eus\\\/en\\\/activities\\\/agenda\\\/\"},{\"@type\":\"ListItem\",\"position\":4,\"name\":\"The Navigation Corner\"}]},{\"@type\":\"WebSite\",\"@id\":\"https:\\\/\\\/itsasmuseoa.eus\\\/en\\\/#website\",\"url\":\"https:\\\/\\\/itsasmuseoa.eus\\\/en\\\/\",\"name\":\"Euskal Itsas Museoa\",\"description\":\"Museo Mar\u00edtimo Vasco\",\"potentialAction\":[{\"@type\":\"SearchAction\",\"target\":{\"@type\":\"EntryPoint\",\"urlTemplate\":\"https:\\\/\\\/itsasmuseoa.eus\\\/en\\\/?s={search_term_string}\"},\"query-input\":{\"@type\":\"PropertyValueSpecification\",\"valueRequired\":true,\"valueName\":\"search_term_string\"}}],\"inLanguage\":\"en-US\"}]}<\/script>\n<!-- \/ Yoast SEO plugin. -->","yoast_head_json":{"title":"The Navigation Corner - Euskal Itsas Museoa","robots":{"index":"index","follow":"follow","max-snippet":"max-snippet:-1","max-image-preview":"max-image-preview:large","max-video-preview":"max-video-preview:-1"},"canonical":"https:\/\/itsasmuseoa.eus\/en\/activities\/agenda\/the-navigation-corner\/","og_locale":"en_US","og_type":"article","og_title":"The Navigation Corner - Euskal Itsas Museoa","og_description":"Inicio Actividades Agenda El rinc\u00f3n de la navegaci\u00f3n El rinc\u00f3n de la navegaci\u00f3n Desde el Museo Mar\u00edtimo queremos que los peque\u00f1os piratas tambi\u00e9n tengan su lugar, por eso junto a la nueva exposici\u00f3n hemos abierto el rinc\u00f3n de la navegaci\u00f3n.\u00a0Este espacio cuenta con numerosos juegos y pruebas para acercar el patrimonio mar\u00edtimo a las y&hellip;","og_url":"https:\/\/itsasmuseoa.eus\/en\/activities\/agenda\/the-navigation-corner\/","og_site_name":"Euskal Itsas Museoa","article_modified_time":"2026-01-08T12:44:52+00:00","og_image":[{"width":2400,"height":1600,"url":"https:\/\/itsasmuseoa.eus\/wp-content\/uploads\/2026\/01\/1800x1200_WEB-BANNER.pdf-78.jpg","type":"image\/jpeg"}],"twitter_card":"summary_large_image","twitter_misc":{"Est. reading time":"1 minute"},"schema":{"@context":"https:\/\/schema.org","@graph":[{"@type":"WebPage","@id":"https:\/\/itsasmuseoa.eus\/en\/activities\/agenda\/the-navigation-corner\/","url":"https:\/\/itsasmuseoa.eus\/en\/activities\/agenda\/the-navigation-corner\/","name":"The Navigation Corner - Euskal Itsas Museoa","isPartOf":{"@id":"https:\/\/itsasmuseoa.eus\/en\/#website"},"primaryImageOfPage":{"@id":"https:\/\/itsasmuseoa.eus\/en\/activities\/agenda\/the-navigation-corner\/#primaryimage"},"image":{"@id":"https:\/\/itsasmuseoa.eus\/en\/activities\/agenda\/the-navigation-corner\/#primaryimage"},"thumbnailUrl":"https:\/\/itsasmuseoa.eus\/wp-content\/uploads\/2026\/01\/1800x1200_WEB-BANNER.pdf-78.jpg","datePublished":"2025-12-03T09:16:59+00:00","dateModified":"2026-01-08T12:44:52+00:00","breadcrumb":{"@id":"https:\/\/itsasmuseoa.eus\/en\/activities\/agenda\/the-navigation-corner\/#breadcrumb"},"inLanguage":"en-US","potentialAction":[{"@type":"ReadAction","target":["https:\/\/itsasmuseoa.eus\/en\/activities\/agenda\/the-navigation-corner\/"]}]},{"@type":"ImageObject","inLanguage":"en-US","@id":"https:\/\/itsasmuseoa.eus\/en\/activities\/agenda\/the-navigation-corner\/#primaryimage","url":"https:\/\/itsasmuseoa.eus\/wp-content\/uploads\/2026\/01\/1800x1200_WEB-BANNER.pdf-78.jpg","contentUrl":"https:\/\/itsasmuseoa.eus\/wp-content\/uploads\/2026\/01\/1800x1200_WEB-BANNER.pdf-78.jpg","width":2400,"height":1600},{"@type":"BreadcrumbList","@id":"https:\/\/itsasmuseoa.eus\/en\/activities\/agenda\/the-navigation-corner\/#breadcrumb","itemListElement":[{"@type":"ListItem","position":1,"name":"Inicio","item":"https:\/\/itsasmuseoa.eus\/en\/"},{"@type":"ListItem","position":2,"name":"Activities","item":"https:\/\/itsasmuseoa.eus\/en\/actividades\/"},{"@type":"ListItem","position":3,"name":"Agenda","item":"https:\/\/itsasmuseoa.eus\/en\/activities\/agenda\/"},{"@type":"ListItem","position":4,"name":"The Navigation Corner"}]},{"@type":"WebSite","@id":"https:\/\/itsasmuseoa.eus\/en\/#website","url":"https:\/\/itsasmuseoa.eus\/en\/","name":"Euskal Itsas Museoa","description":"Museo Mar\u00edtimo Vasco","potentialAction":[{"@type":"SearchAction","target":{"@type":"EntryPoint","urlTemplate":"https:\/\/itsasmuseoa.eus\/en\/?s={search_term_string}"},"query-input":{"@type":"PropertyValueSpecification","valueRequired":true,"valueName":"search_term_string"}}],"inLanguage":"en-US"}]}},"_links":{"self":[{"href":"https:\/\/itsasmuseoa.eus\/en\/wp-json\/wp\/v2\/pages\/20766","targetHints":{"allow":["GET"]}}],"collection":[{"href":"https:\/\/itsasmuseoa.eus\/en\/wp-json\/wp\/v2\/pages"}],"about":[{"href":"https:\/\/itsasmuseoa.eus\/en\/wp-json\/wp\/v2\/types\/page"}],"author":[{"embeddable":true,"href":"https:\/\/itsasmuseoa.eus\/en\/wp-json\/wp\/v2\/users\/4"}],"replies":[{"embeddable":true,"href":"https:\/\/itsasmuseoa.eus\/en\/wp-json\/wp\/v2\/comments?post=20766"}],"version-history":[{"count":2,"href":"https:\/\/itsasmuseoa.eus\/en\/wp-json\/wp\/v2\/pages\/20766\/revisions"}],"predecessor-version":[{"id":20814,"href":"https:\/\/itsasmuseoa.eus\/en\/wp-json\/wp\/v2\/pages\/20766\/revisions\/20814"}],"up":[{"embeddable":true,"href":"https:\/\/itsasmuseoa.eus\/en\/wp-json\/wp\/v2\/pages\/5409"}],"wp:featuredmedia":[{"embeddable":true,"href":"https:\/\/itsasmuseoa.eus\/en\/wp-json\/wp\/v2\/media\/20979"}],"wp:attachment":[{"href":"https:\/\/itsasmuseoa.eus\/en\/wp-json\/wp\/v2\/media?parent=20766"}],"wp:term":[{"taxonomy":"category","embeddable":true,"href":"https:\/\/itsasmuseoa.eus\/en\/wp-json\/wp\/v2\/categories?post=20766"},{"taxonomy":"post_tag","embeddable":true,"href":"https:\/\/itsasmuseoa.eus\/en\/wp-json\/wp\/v2\/tags?post=20766"}],"curies":[{"name":"wp","href":"https:\/\/api.w.org\/{rel}","templated":true}]}}