{"id":5434,"date":"2021-07-16T11:15:38","date_gmt":"2021-07-16T09:15:38","guid":{"rendered":"https:\/\/itsasmuseoa.eus\/collection\/"},"modified":"2024-08-29T14:52:51","modified_gmt":"2024-08-29T12:52:51","slug":"collection","status":"publish","type":"page","link":"https:\/\/itsasmuseoa.eus\/en\/collection\/","title":{"rendered":"Collection"},"content":{"rendered":"\n\n\t<nav id=\"breadcrumbs\" aria-label=\"Breadcrumbs\"><a href=\"https:\/\/itsasmuseoa.eus\/en\/\">Inicio<\/a> <img decoding=\"async\" src=\"https:\/\/itsasmuseoa.eus\/flecha-breadcrumbs\/\" alt=\"icono flecha\" \/> Collection<\/nav>\n\t<p>The collection makes up the essence of the Museum, and is composed of more than 6,000 exhibits.<\/p>\n\t\t<h2><a href=\"https:\/\/apps.euskadi.eus\/emsime\/museos-pais-vasco\/\" target=\"_blank\" rel=\"noopener\">Exhibits and Documentation<\/a><\/h2><p>The Museum&#8217;s collection is the property of the Provincial Council. With the exception of sea craft, since 2013 items in the collection have been deposited at the Gipuzkoa Heritage Collections Centre, &#8220;Gordailua&#8221;.<\/p>\n\t\t\t<a href=\"https:\/\/apps.euskadi.eus\/emsime\/museos-pais-vasco\/\" target=\"_blank\" rel=\"noopener\">\n\t\t\t\t\t\tGO TO EMSIME\n\t\t\t\t\t<\/a>\n\t\t\t\t<a href=\"https:\/\/apps.euskadi.eus\/emsime\/museos-pais-vasco\/\" target=\"_blank\" rel=\"noopener\" itemprop=\"url\">\n\t\t\t\t<img decoding=\"async\" src=\"https:\/\/itsasmuseoa.eus\/wp-content\/uploads\/2021\/06\/coleccion-piezas-documentacio\u0301n.jpg\" alt=\"imagen l\u00e1mina dibujo\" itemprop=\"image\" height=\"873\" width=\"1315\" title=\"coleccion-piezas-documentacio\u0301n\" onerror=\"this.style.display='none'\"  \/>\n\t\t\t\t<\/a>\n\t\t<h2><a href=\"https:\/\/itsasmuseoa.eus\/coleccion\/diarios-de-manuel-de-agote\/\" target=\"_self\" rel=\"noopener\">Diarios de Agote<\/a><\/h2><p>Manuel de Agote, agent of the Royal Philippine Company, wrote his navigation diaries at the end of the 18th century. In them, he describes in detail his navigations around America, Europe and Asia. The Euskal Itsas Museoa has the 18 volumes that make up his diaries digitised.   <\/p>\n\t\t\t<a href=\"https:\/\/itsasmuseoa.eus\/coleccion\/diarios-de-manuel-de-agote\/\" target=\"_self\" rel=\"noopener\">\n\t\t\t\t\t\t\tConsult here\n\t\t\t\t\t<\/a>\n\t\t\t\t<a href=\"https:\/\/itsasmuseoa.eus\/coleccion\/diarios-de-manuel-de-agote\/\" target=\"_self\" itemprop=\"url\" rel=\"noopener\">\n\t\t\t\t<img decoding=\"async\" src=\"https:\/\/itsasmuseoa.eus\/wp-content\/uploads\/2021\/06\/Banner_WEB_2.jpg\" alt=\"Ilustraci\u00f3n de los Diarios de Agote\" itemprop=\"image\" height=\"1200\" width=\"1800\" title=\"Ilustraci\u00f3n de los Diarios de Agote\" onerror=\"this.style.display='none'\"  \/>\n\t\t\t\t<\/a>\n\t\t<h2><a href=\"https:\/\/itsasmuseoa.eus\/coleccion\/revista-ciaboga\/\" target=\"_self\" rel=\"noopener\">Ciaboga Magazine<\/a><\/h2><p>Founded in 1924, CIABOGA is the first magazine specialized in rowing in Spain. The Basque Maritime Museum has undertaken the task of recovering and digitizing, for the first time, these publications of great historical and heritage value.<\/p>\n\t\t\t<a href=\"https:\/\/itsasmuseoa.eus\/coleccion\/revista-ciaboga\/\" target=\"_self\" rel=\"noopener\">\n\t\t\t\t\t\t\tConsult here\n\t\t\t\t\t<\/a>\n\t\t\t\t<a href=\"https:\/\/itsasmuseoa.eus\/coleccion\/revista-ciaboga\/\" target=\"_self\" itemprop=\"url\" rel=\"noopener\">\n\t\t\t\t<img decoding=\"async\" src=\"https:\/\/itsasmuseoa.eus\/wp-content\/uploads\/2024\/08\/coleccion-revista-ciaboga.jpg\" alt=\"coleccion-revista-ciaboga\" itemprop=\"image\" height=\"1200\" width=\"1800\" title=\"coleccion-revista-ciaboga\" onerror=\"this.style.display='none'\"  \/>\n\t\t\t\t<\/a>\n\t\t<h2>\n\t\t\tDonations\n\t\t<\/h2>\n\t\t\t<p>Thanks to all those who wanted their own items to be added to our collections, for their awareness of Maritime Heritage, and their generosity to the Museum and society.<\/p>\t\t\n\t\t\t\t<img decoding=\"async\" src=\"https:\/\/itsasmuseoa.eus\/wp-content\/uploads\/2021\/06\/coleccion-donaciones-diorama-regatas.jpg\" alt=\"imagen de donaciones de diorama\" itemprop=\"image\" height=\"520\" width=\"760\" title=\"coleccion-donaciones-diorama-regatas\" onerror=\"this.style.display='none'\"  \/>\n\t\t<h2>\n\t\t\tDiorama of regattas and models of fishing vessels\n\t\t<\/h2>\n\t\t\t<p><em>Donor: Particular<\/em><br \/><em>Date: 2021\/02\/19<\/em>The donor made this diorama himself over 20 years, in addition to the models with recycled materials.The diorama represents a regatta day: the atmosphere, the rowing boats and sea craft. The image is awash with irony and subtle humour. .<\/p>\t\t\n\t\t\t\t<img decoding=\"async\" src=\"https:\/\/itsasmuseoa.eus\/wp-content\/uploads\/2021\/06\/coleccion-donaciones-moldes-aguarines.jpg\" alt=\"Moldes para hacer aguarines\" itemprop=\"image\" height=\"520\" width=\"760\" title=\"coleccion-donaciones-moldes-aguarines\" onerror=\"this.style.display='none'\"  \/>\n\t\t<h2>\n\t\t\tMoulds for &#8220;aguarin&#8221; hooks\n\t\t<\/h2>\n\t\t\t<p><em>Donor: Eutimio Sillva<\/em><br \/><em>Date: 2021\/03\/04<\/em>These three lead &#8220;aguar\u00edn&#8221; hooks were made to be sold in the 1960s by Aniceto Silva Urbano, father of Eutimio.Up to 1953, Aniceto and Mart\u00edn Andonaegui were the owners of a ship in Donostia port, &#8220;Agustinatxorena&#8221;, a craft that was subsequently broken up for scrap.<\/p>\t\t\n\t\t\t\t<img decoding=\"async\" src=\"https:\/\/itsasmuseoa.eus\/wp-content\/uploads\/2021\/06\/coleccion-donaciones-caja-aguarines.jpg\" alt=\"caja de 28 aguarines\" itemprop=\"image\" height=\"520\" width=\"760\" title=\"coleccion-donaciones-caja-aguarines\" onerror=\"this.style.display='none'\"  \/>\n\t\t<h2>\n\t\t\tBox of 28 &#8220;aguarin&#8221; hooks and two hook-holders\n\t\t<\/h2>\n\t\t\t<p><em>Donor: Mar\u00eda Esther y Carolina Eraso Rodriguez<\/em><br \/><em>Date: 2021\/04\/21<\/em>The hooks were made in the 60s by Jos\u00e9 Rodr\u00edguez Jauregu\u00ed, who used them to fish on his rowing boat &#8220;La Reina de los \u00c1ngeles&#8221;. They were never offered for sale, and were used by the family. Esther recalls that she used to thread her grandad&#8217;s hooks as a little girl.  <\/p>\t\t\n\t\t<h3>See the acquisitions policy here:<\/h3>\n\t\t\t<a href=\"https:\/\/itsasmuseoa.eus\/wp-content\/uploads\/2021\/07\/politica-de-adquisiciones-piezas.pdf\" title=\"Click Here\" target=\"_blank\" rel=\"noopener\" role=\"button\" aria-label=\"DOWNLOAD\">\n\t\t\t\t\t\t\tDOWNLOAD\n\t\t<\/a>\n\t\t<h2><a href=\"https:\/\/itsasmuseoa.eus\/wp-content\/uploads\/2021\/06\/22_EIM_LIBURUTEGIA.pdf\" target=\"_blank\" rel=\"noopener\">Library<\/a><\/h2><p>Our library contains more than 1,100 books and serialised publications, and more than 5000 books in the collection. <a href=\"http:\/\/www7.gipuzkoa.net\/gol\/DCGO002.asp\">Take a look here<\/a> at the volumes you can find in the Museum&#8217;s &#8220;ganbara&#8221; section.  <\/p>\n\t\t\t<a href=\"https:\/\/itsasmuseoa.eus\/wp-content\/uploads\/2021\/06\/22_EIM_LIBURUTEGIA.pdf\" target=\"_blank\" rel=\"noopener\">\n\t\t\t\t\t\tConsult here\n\t\t\t\t\t<\/a>\n\t\t\t\t<a href=\"https:\/\/itsasmuseoa.eus\/wp-content\/uploads\/2021\/06\/22_EIM_LIBURUTEGIA.pdf\" target=\"_blank\" rel=\"noopener\" itemprop=\"url\">\n\t\t\t\t<img decoding=\"async\" src=\"https:\/\/itsasmuseoa.eus\/wp-content\/uploads\/2021\/06\/coleccion-biblioteca.jpg\" alt=\"colecci\u00f3n de libros\" itemprop=\"image\" height=\"702\" width=\"1242\" title=\"coleccion-biblioteca\" onerror=\"this.style.display='none'\"  \/>\n\t\t\t\t<\/a>\n\t\t\t<a href=\"https:\/\/itsasmuseoa.eus\/en\/your-visit\/expressly-for-you\/researcher\/\" target=\"_self\" rel=\"noopener\">\n\t\t\t\t\t\t\tDoubts and Queries\n\t\t\t\t\t<\/a>\n\n","protected":false},"excerpt":{"rendered":"<p>Inicio Collection The collection makes up the essence of the Museum, and is composed of more than 6,000 exhibits. Exhibits and Documentation The Museum&#8217;s collection is the property of the Provincial Council. With the exception of sea craft, since 2013 items in the collection have been deposited at the Gipuzkoa Heritage Collections Centre, &#8220;Gordailua&#8221;. GO&hellip;<\/p>\n","protected":false},"author":1,"featured_media":0,"parent":0,"menu_order":0,"comment_status":"closed","ping_status":"closed","template":"","meta":{"_acf_changed":false,"footnotes":""},"categories":[123],"tags":[],"class_list":["post-5434","page","type-page","status-publish","hentry","category-page"],"acf":[],"yoast_head":"<!-- This site is optimized with the Yoast SEO plugin v27.4 - https:\/\/yoast.com\/product\/yoast-seo-wordpress\/ -->\n<title>Collection - Euskal Itsas Museoa<\/title>\n<meta name=\"robots\" content=\"index, follow, max-snippet:-1, max-image-preview:large, max-video-preview:-1\" \/>\n<link rel=\"canonical\" href=\"https:\/\/itsasmuseoa.eus\/en\/collection\/\" \/>\n<meta property=\"og:locale\" content=\"en_US\" \/>\n<meta property=\"og:type\" content=\"article\" \/>\n<meta property=\"og:title\" content=\"Collection - Euskal Itsas Museoa\" \/>\n<meta property=\"og:description\" content=\"Inicio Collection The collection makes up the essence of the Museum, and is composed of more than 6,000 exhibits. Exhibits and Documentation The Museum&#8217;s collection is the property of the Provincial Council. With the exception of sea craft, since 2013 items in the collection have been deposited at the Gipuzkoa Heritage Collections Centre, &#8220;Gordailua&#8221;. GO&hellip;\" \/>\n<meta property=\"og:url\" content=\"https:\/\/itsasmuseoa.eus\/en\/collection\/\" \/>\n<meta property=\"og:site_name\" content=\"Euskal Itsas Museoa\" \/>\n<meta property=\"article:modified_time\" content=\"2024-08-29T12:52:51+00:00\" \/>\n<meta property=\"og:image\" content=\"https:\/\/itsasmuseoa.eus\/flecha-breadcrumbs\/\" \/>\n<meta name=\"twitter:card\" content=\"summary_large_image\" \/>\n<meta name=\"twitter:label1\" content=\"Est. reading time\" \/>\n\t<meta name=\"twitter:data1\" content=\"2 minutes\" \/>\n<script type=\"application\/ld+json\" class=\"yoast-schema-graph\">{\"@context\":\"https:\\\/\\\/schema.org\",\"@graph\":[{\"@type\":\"WebPage\",\"@id\":\"https:\\\/\\\/itsasmuseoa.eus\\\/en\\\/collection\\\/\",\"url\":\"https:\\\/\\\/itsasmuseoa.eus\\\/en\\\/collection\\\/\",\"name\":\"Collection - Euskal Itsas Museoa\",\"isPartOf\":{\"@id\":\"https:\\\/\\\/itsasmuseoa.eus\\\/en\\\/#website\"},\"primaryImageOfPage\":{\"@id\":\"https:\\\/\\\/itsasmuseoa.eus\\\/en\\\/collection\\\/#primaryimage\"},\"image\":{\"@id\":\"https:\\\/\\\/itsasmuseoa.eus\\\/en\\\/collection\\\/#primaryimage\"},\"thumbnailUrl\":\"https:\\\/\\\/itsasmuseoa.eus\\\/flecha-breadcrumbs\\\/\",\"datePublished\":\"2021-07-16T09:15:38+00:00\",\"dateModified\":\"2024-08-29T12:52:51+00:00\",\"breadcrumb\":{\"@id\":\"https:\\\/\\\/itsasmuseoa.eus\\\/en\\\/collection\\\/#breadcrumb\"},\"inLanguage\":\"en-US\",\"potentialAction\":[{\"@type\":\"ReadAction\",\"target\":[\"https:\\\/\\\/itsasmuseoa.eus\\\/en\\\/collection\\\/\"]}]},{\"@type\":\"ImageObject\",\"inLanguage\":\"en-US\",\"@id\":\"https:\\\/\\\/itsasmuseoa.eus\\\/en\\\/collection\\\/#primaryimage\",\"url\":\"https:\\\/\\\/itsasmuseoa.eus\\\/flecha-breadcrumbs\\\/\",\"contentUrl\":\"https:\\\/\\\/itsasmuseoa.eus\\\/flecha-breadcrumbs\\\/\"},{\"@type\":\"BreadcrumbList\",\"@id\":\"https:\\\/\\\/itsasmuseoa.eus\\\/en\\\/collection\\\/#breadcrumb\",\"itemListElement\":[{\"@type\":\"ListItem\",\"position\":1,\"name\":\"Inicio\",\"item\":\"https:\\\/\\\/itsasmuseoa.eus\\\/en\\\/\"},{\"@type\":\"ListItem\",\"position\":2,\"name\":\"Collection\"}]},{\"@type\":\"WebSite\",\"@id\":\"https:\\\/\\\/itsasmuseoa.eus\\\/en\\\/#website\",\"url\":\"https:\\\/\\\/itsasmuseoa.eus\\\/en\\\/\",\"name\":\"Euskal Itsas Museoa\",\"description\":\"Museo Mar\u00edtimo Vasco\",\"potentialAction\":[{\"@type\":\"SearchAction\",\"target\":{\"@type\":\"EntryPoint\",\"urlTemplate\":\"https:\\\/\\\/itsasmuseoa.eus\\\/en\\\/?s={search_term_string}\"},\"query-input\":{\"@type\":\"PropertyValueSpecification\",\"valueRequired\":true,\"valueName\":\"search_term_string\"}}],\"inLanguage\":\"en-US\"}]}<\/script>\n<!-- \/ Yoast SEO plugin. -->","yoast_head_json":{"title":"Collection - Euskal Itsas Museoa","robots":{"index":"index","follow":"follow","max-snippet":"max-snippet:-1","max-image-preview":"max-image-preview:large","max-video-preview":"max-video-preview:-1"},"canonical":"https:\/\/itsasmuseoa.eus\/en\/collection\/","og_locale":"en_US","og_type":"article","og_title":"Collection - Euskal Itsas Museoa","og_description":"Inicio Collection The collection makes up the essence of the Museum, and is composed of more than 6,000 exhibits. Exhibits and Documentation The Museum&#8217;s collection is the property of the Provincial Council. With the exception of sea craft, since 2013 items in the collection have been deposited at the Gipuzkoa Heritage Collections Centre, &#8220;Gordailua&#8221;. GO&hellip;","og_url":"https:\/\/itsasmuseoa.eus\/en\/collection\/","og_site_name":"Euskal Itsas Museoa","article_modified_time":"2024-08-29T12:52:51+00:00","og_image":[{"url":"https:\/\/itsasmuseoa.eus\/flecha-breadcrumbs\/","type":"","width":"","height":""}],"twitter_card":"summary_large_image","twitter_misc":{"Est. reading time":"2 minutes"},"schema":{"@context":"https:\/\/schema.org","@graph":[{"@type":"WebPage","@id":"https:\/\/itsasmuseoa.eus\/en\/collection\/","url":"https:\/\/itsasmuseoa.eus\/en\/collection\/","name":"Collection - Euskal Itsas Museoa","isPartOf":{"@id":"https:\/\/itsasmuseoa.eus\/en\/#website"},"primaryImageOfPage":{"@id":"https:\/\/itsasmuseoa.eus\/en\/collection\/#primaryimage"},"image":{"@id":"https:\/\/itsasmuseoa.eus\/en\/collection\/#primaryimage"},"thumbnailUrl":"https:\/\/itsasmuseoa.eus\/flecha-breadcrumbs\/","datePublished":"2021-07-16T09:15:38+00:00","dateModified":"2024-08-29T12:52:51+00:00","breadcrumb":{"@id":"https:\/\/itsasmuseoa.eus\/en\/collection\/#breadcrumb"},"inLanguage":"en-US","potentialAction":[{"@type":"ReadAction","target":["https:\/\/itsasmuseoa.eus\/en\/collection\/"]}]},{"@type":"ImageObject","inLanguage":"en-US","@id":"https:\/\/itsasmuseoa.eus\/en\/collection\/#primaryimage","url":"https:\/\/itsasmuseoa.eus\/flecha-breadcrumbs\/","contentUrl":"https:\/\/itsasmuseoa.eus\/flecha-breadcrumbs\/"},{"@type":"BreadcrumbList","@id":"https:\/\/itsasmuseoa.eus\/en\/collection\/#breadcrumb","itemListElement":[{"@type":"ListItem","position":1,"name":"Inicio","item":"https:\/\/itsasmuseoa.eus\/en\/"},{"@type":"ListItem","position":2,"name":"Collection"}]},{"@type":"WebSite","@id":"https:\/\/itsasmuseoa.eus\/en\/#website","url":"https:\/\/itsasmuseoa.eus\/en\/","name":"Euskal Itsas Museoa","description":"Museo Mar\u00edtimo Vasco","potentialAction":[{"@type":"SearchAction","target":{"@type":"EntryPoint","urlTemplate":"https:\/\/itsasmuseoa.eus\/en\/?s={search_term_string}"},"query-input":{"@type":"PropertyValueSpecification","valueRequired":true,"valueName":"search_term_string"}}],"inLanguage":"en-US"}]}},"_links":{"self":[{"href":"https:\/\/itsasmuseoa.eus\/en\/wp-json\/wp\/v2\/pages\/5434","targetHints":{"allow":["GET"]}}],"collection":[{"href":"https:\/\/itsasmuseoa.eus\/en\/wp-json\/wp\/v2\/pages"}],"about":[{"href":"https:\/\/itsasmuseoa.eus\/en\/wp-json\/wp\/v2\/types\/page"}],"author":[{"embeddable":true,"href":"https:\/\/itsasmuseoa.eus\/en\/wp-json\/wp\/v2\/users\/1"}],"replies":[{"embeddable":true,"href":"https:\/\/itsasmuseoa.eus\/en\/wp-json\/wp\/v2\/comments?post=5434"}],"version-history":[{"count":0,"href":"https:\/\/itsasmuseoa.eus\/en\/wp-json\/wp\/v2\/pages\/5434\/revisions"}],"wp:attachment":[{"href":"https:\/\/itsasmuseoa.eus\/en\/wp-json\/wp\/v2\/media?parent=5434"}],"wp:term":[{"taxonomy":"category","embeddable":true,"href":"https:\/\/itsasmuseoa.eus\/en\/wp-json\/wp\/v2\/categories?post=5434"},{"taxonomy":"post_tag","embeddable":true,"href":"https:\/\/itsasmuseoa.eus\/en\/wp-json\/wp\/v2\/tags?post=5434"}],"curies":[{"name":"wp","href":"https:\/\/api.w.org\/{rel}","templated":true}]}}