{"id":5470,"date":"2021-07-16T16:44:18","date_gmt":"2021-07-16T14:44:18","guid":{"rendered":"https:\/\/itsasmuseoa.eus\/press\/"},"modified":"2022-02-01T11:26:03","modified_gmt":"2022-02-01T10:26:03","slug":"press","status":"publish","type":"page","link":"https:\/\/itsasmuseoa.eus\/en\/press\/","title":{"rendered":"Press"},"content":{"rendered":"\n\n\t<a href=\"https:\/\/itsasmuseoa.eus\/en\/\">Inicio<\/a> <img decoding=\"async\" src=\"https:\/\/itsasmuseoa.eus\/flecha-breadcrumbs\/\" alt=\"icono flecha\" \/> Press<h1>\n\t<\/h1>\n\t\t\t\t<img decoding=\"async\" src=\"https:\/\/itsasmuseoa.eus\/wp-content\/uploads\/2021\/06\/logo-itsas-museoa-bw.png\" alt=\"logo de itsas museoa en blanco y negro\" \/>\n\t\t<h2><\/h2>\n\t\t\t <p>Itsas museoa logo and its applications in PDF.<\/p>\t\t\n\t\t\t<a href=\"https:\/\/itsasmuseoa.eus\/wp-content\/uploads\/2021\/07\/EIM-Manual-Corporativo.pdf\" target=\"_blank\" role=\"button\" rel=\"noopener\">\n\t\t\t\t\t\t\tDownload\n\t\t\t\t\t<\/a>\n\t\t\t\t<img decoding=\"async\" src=\"https:\/\/itsasmuseoa.eus\/wp-content\/uploads\/\/icono-telefono-dudas.svg\" alt=\"icono de tel\u00e9fono para dudas\" \/>\n\t\t<h3><\/h3>\n\t\t\t\n\n\t\t\n\t\t\t25\/06\/2021 &#8211; TEMPORARY EXHIBITION\n\t\t\t\t\t<h4>24H. A day aboard The Victoria<\/h4>\n\t\t\t\t\t<p>The Basque Maritime Museum presents the exhibition &#8220;24H. A day aboard the Victoria&#8221;, an invitation to spend a day and a night on the ship that completed the First Voyage around the World&#8221;.<\/p>\t\t\t\t\n\t\t\t\t<img decoding=\"async\" src=\"https:\/\/itsasmuseoa.eus\/wp-content\/uploads\/2021\/07\/prensa-24h-en-la-victoria.jpg\" alt=\"Im\u00e1gen que muestra art\u00edculos expuestos en la Exposici\u00f3n 24H Un d\u00eda en la Victoria\" \/>\n\t<a href=\"https:\/\/itsasmuseoa.eus\/wp-content\/uploads\/2021\/07\/prensa-24-horas-Nao.pdf\" target=\"_self\" role=\"button\" download=\"prensa-24-horas-Nao.pdf\" aria-label=\"Download press release\" rel=\"noopener\">\n\t\t\t\tDownload press release\n\t\t\t<\/a>\n\t<a href=\"#\" target=\"_self\" role=\"button\" download=\"#.\" aria-label=\"Download images or folder in .zip\" rel=\"noopener\">\n\t\t\t\tDownload images or folder in .zip\n\t\t\t<\/a>\n\t\t\t26\/05\/2021 &#8211; ACTIVITY\n\t\t\t\t\t<h4>Bertsoak museoan!<\/h4>\n\t\t\t\t\t<p>On Saturday the Basque Maritime Museum will be holding a special &#8220;bertso&#8221; poetry session on migration with Jon Maia and Amets Arzallus.<\/p>\t\t\t\t\n\t\t\t\t<img decoding=\"async\" src=\"https:\/\/itsasmuseoa.eus\/wp-content\/uploads\/2021\/07\/prensa-bertsoak-museoan.jpg\" alt=\"Nota de prensa - Bertsoak Museoan\" \/>\n\t<a href=\"https:\/\/itsasmuseoa.eus\/wp-content\/uploads\/2021\/07\/bertso-saioa-nota-de-prensa.pdf\" target=\"_self\" role=\"button\" download=\"bertso-saioa-nota-de-prensa.pdf\" aria-label=\"Download press release\" rel=\"noopener\">\n\t\t\t\tDownload press release\n\t\t\t<\/a>\n\t<a href=\"https:\/\/itsasmuseoa.eus\/wp-content\/uploads\/2021\/07\/Bertsoak-Museoan-Prensa.zip\" target=\"_self\" role=\"button\" download=\"Bertsoak-Museoan-Prensa.zip\" aria-label=\"Download images or folder in .zip\" rel=\"noopener\">\n\t\t\t\tDownload images or folder in .zip\n\t\t\t<\/a>\n\t\t\t30\/04\/2021 &#8211; INITIATIVE\n\t\t\t\t\t<h4>The see we share<\/h4>\n\t\t\t\t\t<p>The Basque Maritime Museum delves into the phenomenon of migration then and now, in an online initiative with journalist Ane Irazabal.<\/p>\n\t\t\t\t<img decoding=\"async\" src=\"https:\/\/itsasmuseoa.eus\/wp-content\/uploads\/2021\/07\/prensa-el-mar-que-compartimos.jpg\" alt=\"Nota de Prensa - El mar que compartimos\" \/>\n\t<a href=\"https:\/\/itsasmuseoa.eus\/wp-content\/uploads\/2021\/07\/prensa-el-mar-que-compartimos.pdf\" target=\"_self\" role=\"button\" download=\"prensa-el-mar-que-compartimos.pdf\" aria-label=\"Download press release\" rel=\"noopener\">\n\t\t\t\tDownload press release\n\t\t\t<\/a>\n\t<a href=\"https:\/\/itsasmuseoa.eus\/wp-content\/uploads\/pdf\/El-Mar-Que-Compartimos-prensa.zip\" target=\"_self\" role=\"button\" download=\"El-Mar-Que-Compartimos-prensa.zip\" aria-label=\"Download images or folder in .zip\" rel=\"noopener\">\n\t\t\t\tDownload images or folder in .zip\n\t\t\t<\/a>\n\t\t\t03\/02\/2021 &#8211; TEMPORARY EXHIBITION\n\t\t\t\t\t<h4>&#8220;Leopoldina Rosa: a story of today&#8221; and &#8220;The Odyssey with Leo and Dina&#8221;<\/h4>\n\t\t\t\t\t<p>The Basque Maritime Museum presents &#8220;Leopoldina Rosa: a story of today&#8221;, a reflection on the past and present of migration.<\/p>\t\t\t\t\n\t\t\t\t<img decoding=\"async\" src=\"https:\/\/itsasmuseoa.eus\/wp-content\/uploads\/2021\/07\/prensa-leopoldina-rosa.jpg\" alt=\"Nota de Prensa - Leopoldina Rosa\" \/>\n\t<a href=\"https:\/\/itsasmuseoa.eus\/wp-content\/uploads\/2021\/07\/Leopoldina-nota-de-prensa.pdf\" target=\"_self\" role=\"button\" download=\"Leopoldina-nota-de-prensa.pdf\" aria-label=\"Download press release\" rel=\"noopener\">\n\t\t\t\tDownload press release\n\t\t\t<\/a>\n\t<a href=\"https:\/\/itsasmuseoa.eus\/wp-content\/uploads\/2021\/07\/Leopoldina-Rosa-prensa.zip\" target=\"_self\" role=\"button\" download=\"Leopoldina-Rosa-prensa.zip\" aria-label=\"Download images or folder in .zip\" rel=\"noopener\">\n\t\t\t\tDownload images or folder in .zip\n\t\t\t<\/a>\n\n","protected":false},"excerpt":{"rendered":"<p>Inicio Press Itsas museoa logo and its applications in PDF. Download 25\/06\/2021 &#8211; TEMPORARY EXHIBITION 24H. A day aboard The Victoria The Basque Maritime Museum presents the exhibition &#8220;24H. A day aboard the Victoria&#8221;, an invitation to spend a day and a night on the ship that completed the First Voyage around the World&#8221;. Download&hellip;<\/p>\n","protected":false},"author":1,"featured_media":0,"parent":0,"menu_order":0,"comment_status":"closed","ping_status":"closed","template":"","meta":{"_acf_changed":false,"footnotes":""},"categories":[123],"tags":[],"class_list":["post-5470","page","type-page","status-publish","hentry","category-page"],"acf":[],"yoast_head":"<!-- This site is optimized with the Yoast SEO plugin v27.3 - https:\/\/yoast.com\/product\/yoast-seo-wordpress\/ -->\n<title>Press - Euskal Itsas Museoa<\/title>\n<meta name=\"robots\" content=\"index, follow, max-snippet:-1, max-image-preview:large, max-video-preview:-1\" \/>\n<link rel=\"canonical\" href=\"https:\/\/itsasmuseoa.eus\/en\/press\/\" \/>\n<meta property=\"og:locale\" content=\"en_US\" \/>\n<meta property=\"og:type\" content=\"article\" \/>\n<meta property=\"og:title\" content=\"Press - Euskal Itsas Museoa\" \/>\n<meta property=\"og:description\" content=\"Inicio Press Itsas museoa logo and its applications in PDF. Download 25\/06\/2021 &#8211; TEMPORARY EXHIBITION 24H. A day aboard The Victoria The Basque Maritime Museum presents the exhibition &#8220;24H. A day aboard the Victoria&#8221;, an invitation to spend a day and a night on the ship that completed the First Voyage around the World&#8221;. Download&hellip;\" \/>\n<meta property=\"og:url\" content=\"https:\/\/itsasmuseoa.eus\/en\/press\/\" \/>\n<meta property=\"og:site_name\" content=\"Euskal Itsas Museoa\" \/>\n<meta property=\"article:modified_time\" content=\"2022-02-01T10:26:03+00:00\" \/>\n<meta property=\"og:image\" content=\"https:\/\/itsasmuseoa.eus\/flecha-breadcrumbs\/\" \/>\n<meta name=\"twitter:card\" content=\"summary_large_image\" \/>\n<meta name=\"twitter:label1\" content=\"Est. reading time\" \/>\n\t<meta name=\"twitter:data1\" content=\"1 minute\" \/>\n<script type=\"application\/ld+json\" class=\"yoast-schema-graph\">{\"@context\":\"https:\\\/\\\/schema.org\",\"@graph\":[{\"@type\":\"WebPage\",\"@id\":\"https:\\\/\\\/itsasmuseoa.eus\\\/en\\\/press\\\/\",\"url\":\"https:\\\/\\\/itsasmuseoa.eus\\\/en\\\/press\\\/\",\"name\":\"Press - Euskal Itsas Museoa\",\"isPartOf\":{\"@id\":\"https:\\\/\\\/itsasmuseoa.eus\\\/en\\\/#website\"},\"primaryImageOfPage\":{\"@id\":\"https:\\\/\\\/itsasmuseoa.eus\\\/en\\\/press\\\/#primaryimage\"},\"image\":{\"@id\":\"https:\\\/\\\/itsasmuseoa.eus\\\/en\\\/press\\\/#primaryimage\"},\"thumbnailUrl\":\"https:\\\/\\\/itsasmuseoa.eus\\\/flecha-breadcrumbs\\\/\",\"datePublished\":\"2021-07-16T14:44:18+00:00\",\"dateModified\":\"2022-02-01T10:26:03+00:00\",\"breadcrumb\":{\"@id\":\"https:\\\/\\\/itsasmuseoa.eus\\\/en\\\/press\\\/#breadcrumb\"},\"inLanguage\":\"en-US\",\"potentialAction\":[{\"@type\":\"ReadAction\",\"target\":[\"https:\\\/\\\/itsasmuseoa.eus\\\/en\\\/press\\\/\"]}]},{\"@type\":\"ImageObject\",\"inLanguage\":\"en-US\",\"@id\":\"https:\\\/\\\/itsasmuseoa.eus\\\/en\\\/press\\\/#primaryimage\",\"url\":\"https:\\\/\\\/itsasmuseoa.eus\\\/flecha-breadcrumbs\\\/\",\"contentUrl\":\"https:\\\/\\\/itsasmuseoa.eus\\\/flecha-breadcrumbs\\\/\"},{\"@type\":\"BreadcrumbList\",\"@id\":\"https:\\\/\\\/itsasmuseoa.eus\\\/en\\\/press\\\/#breadcrumb\",\"itemListElement\":[{\"@type\":\"ListItem\",\"position\":1,\"name\":\"Inicio\",\"item\":\"https:\\\/\\\/itsasmuseoa.eus\\\/en\\\/\"},{\"@type\":\"ListItem\",\"position\":2,\"name\":\"Press\"}]},{\"@type\":\"WebSite\",\"@id\":\"https:\\\/\\\/itsasmuseoa.eus\\\/en\\\/#website\",\"url\":\"https:\\\/\\\/itsasmuseoa.eus\\\/en\\\/\",\"name\":\"Euskal Itsas Museoa\",\"description\":\"Museo Mar\u00edtimo Vasco\",\"potentialAction\":[{\"@type\":\"SearchAction\",\"target\":{\"@type\":\"EntryPoint\",\"urlTemplate\":\"https:\\\/\\\/itsasmuseoa.eus\\\/en\\\/?s={search_term_string}\"},\"query-input\":{\"@type\":\"PropertyValueSpecification\",\"valueRequired\":true,\"valueName\":\"search_term_string\"}}],\"inLanguage\":\"en-US\"}]}<\/script>\n<!-- \/ Yoast SEO plugin. -->","yoast_head_json":{"title":"Press - Euskal Itsas Museoa","robots":{"index":"index","follow":"follow","max-snippet":"max-snippet:-1","max-image-preview":"max-image-preview:large","max-video-preview":"max-video-preview:-1"},"canonical":"https:\/\/itsasmuseoa.eus\/en\/press\/","og_locale":"en_US","og_type":"article","og_title":"Press - Euskal Itsas Museoa","og_description":"Inicio Press Itsas museoa logo and its applications in PDF. Download 25\/06\/2021 &#8211; TEMPORARY EXHIBITION 24H. A day aboard The Victoria The Basque Maritime Museum presents the exhibition &#8220;24H. A day aboard the Victoria&#8221;, an invitation to spend a day and a night on the ship that completed the First Voyage around the World&#8221;. Download&hellip;","og_url":"https:\/\/itsasmuseoa.eus\/en\/press\/","og_site_name":"Euskal Itsas Museoa","article_modified_time":"2022-02-01T10:26:03+00:00","og_image":[{"url":"https:\/\/itsasmuseoa.eus\/flecha-breadcrumbs\/","type":"","width":"","height":""}],"twitter_card":"summary_large_image","twitter_misc":{"Est. reading time":"1 minute"},"schema":{"@context":"https:\/\/schema.org","@graph":[{"@type":"WebPage","@id":"https:\/\/itsasmuseoa.eus\/en\/press\/","url":"https:\/\/itsasmuseoa.eus\/en\/press\/","name":"Press - Euskal Itsas Museoa","isPartOf":{"@id":"https:\/\/itsasmuseoa.eus\/en\/#website"},"primaryImageOfPage":{"@id":"https:\/\/itsasmuseoa.eus\/en\/press\/#primaryimage"},"image":{"@id":"https:\/\/itsasmuseoa.eus\/en\/press\/#primaryimage"},"thumbnailUrl":"https:\/\/itsasmuseoa.eus\/flecha-breadcrumbs\/","datePublished":"2021-07-16T14:44:18+00:00","dateModified":"2022-02-01T10:26:03+00:00","breadcrumb":{"@id":"https:\/\/itsasmuseoa.eus\/en\/press\/#breadcrumb"},"inLanguage":"en-US","potentialAction":[{"@type":"ReadAction","target":["https:\/\/itsasmuseoa.eus\/en\/press\/"]}]},{"@type":"ImageObject","inLanguage":"en-US","@id":"https:\/\/itsasmuseoa.eus\/en\/press\/#primaryimage","url":"https:\/\/itsasmuseoa.eus\/flecha-breadcrumbs\/","contentUrl":"https:\/\/itsasmuseoa.eus\/flecha-breadcrumbs\/"},{"@type":"BreadcrumbList","@id":"https:\/\/itsasmuseoa.eus\/en\/press\/#breadcrumb","itemListElement":[{"@type":"ListItem","position":1,"name":"Inicio","item":"https:\/\/itsasmuseoa.eus\/en\/"},{"@type":"ListItem","position":2,"name":"Press"}]},{"@type":"WebSite","@id":"https:\/\/itsasmuseoa.eus\/en\/#website","url":"https:\/\/itsasmuseoa.eus\/en\/","name":"Euskal Itsas Museoa","description":"Museo Mar\u00edtimo Vasco","potentialAction":[{"@type":"SearchAction","target":{"@type":"EntryPoint","urlTemplate":"https:\/\/itsasmuseoa.eus\/en\/?s={search_term_string}"},"query-input":{"@type":"PropertyValueSpecification","valueRequired":true,"valueName":"search_term_string"}}],"inLanguage":"en-US"}]}},"_links":{"self":[{"href":"https:\/\/itsasmuseoa.eus\/en\/wp-json\/wp\/v2\/pages\/5470","targetHints":{"allow":["GET"]}}],"collection":[{"href":"https:\/\/itsasmuseoa.eus\/en\/wp-json\/wp\/v2\/pages"}],"about":[{"href":"https:\/\/itsasmuseoa.eus\/en\/wp-json\/wp\/v2\/types\/page"}],"author":[{"embeddable":true,"href":"https:\/\/itsasmuseoa.eus\/en\/wp-json\/wp\/v2\/users\/1"}],"replies":[{"embeddable":true,"href":"https:\/\/itsasmuseoa.eus\/en\/wp-json\/wp\/v2\/comments?post=5470"}],"version-history":[{"count":0,"href":"https:\/\/itsasmuseoa.eus\/en\/wp-json\/wp\/v2\/pages\/5470\/revisions"}],"wp:attachment":[{"href":"https:\/\/itsasmuseoa.eus\/en\/wp-json\/wp\/v2\/media?parent=5470"}],"wp:term":[{"taxonomy":"category","embeddable":true,"href":"https:\/\/itsasmuseoa.eus\/en\/wp-json\/wp\/v2\/categories?post=5470"},{"taxonomy":"post_tag","embeddable":true,"href":"https:\/\/itsasmuseoa.eus\/en\/wp-json\/wp\/v2\/tags?post=5470"}],"curies":[{"name":"wp","href":"https:\/\/api.w.org\/{rel}","templated":true}]}}