{"id":7002,"date":"2021-08-06T18:00:26","date_gmt":"2021-08-06T16:00:26","guid":{"rendered":"https:\/\/itsasmuseoa.eus\/activities\/itsasertzetik\/developments-in-bathing-costumes-in-san-sebastian\/"},"modified":"2021-11-10T12:59:35","modified_gmt":"2021-11-10T11:59:35","slug":"developments-in-bathing-costumes-in-san-sebastian","status":"publish","type":"page","link":"https:\/\/itsasmuseoa.eus\/en\/activities\/multimedia\/developments-in-bathing-costumes-in-san-sebastian\/","title":{"rendered":"Developments in bathing costumes in San Sebasti\u00e1n"},"content":{"rendered":"","protected":false},"excerpt":{"rendered":"<p>Analysis of developments in swimwear in San Sebasti\u00e1n along with cultural changes and the dominant morality over time.<\/p>\n","protected":false},"author":1,"featured_media":4322,"parent":5415,"menu_order":0,"comment_status":"closed","ping_status":"closed","template":"","meta":{"_acf_changed":false,"footnotes":""},"categories":[370],"tags":[144],"class_list":["post-7002","page","type-page","status-publish","has-post-thumbnail","hentry","category-article","tag-bath"],"acf":[],"yoast_head":"<!-- This site is optimized with the Yoast SEO plugin v27.4 - https:\/\/yoast.com\/product\/yoast-seo-wordpress\/ -->\n<title>Developments in bathing costumes in San Sebasti\u00e1n - Euskal Itsas Museoa<\/title>\n<meta name=\"robots\" content=\"index, follow, max-snippet:-1, max-image-preview:large, max-video-preview:-1\" \/>\n<link rel=\"canonical\" href=\"https:\/\/itsasmuseoa.eus\/en\/activities\/multimedia\/developments-in-bathing-costumes-in-san-sebastian\/\" \/>\n<meta property=\"og:locale\" content=\"en_US\" \/>\n<meta property=\"og:type\" content=\"article\" \/>\n<meta property=\"og:title\" content=\"Developments in bathing costumes in San Sebasti\u00e1n - Euskal Itsas Museoa\" \/>\n<meta property=\"og:description\" content=\"Analysis of developments in swimwear in San Sebasti\u00e1n along with cultural changes and the dominant morality over time.\" \/>\n<meta property=\"og:url\" content=\"https:\/\/itsasmuseoa.eus\/en\/activities\/multimedia\/developments-in-bathing-costumes-in-san-sebastian\/\" \/>\n<meta property=\"og:site_name\" content=\"Euskal Itsas Museoa\" \/>\n<meta property=\"article:modified_time\" content=\"2021-11-10T11:59:35+00:00\" \/>\n<meta property=\"og:image\" content=\"https:\/\/itsasmuseoa.eus\/wp-content\/uploads\/2021\/07\/itsasertzetik-evolucion-traje-bagno.jpg\" \/>\n\t<meta property=\"og:image:width\" content=\"1920\" \/>\n\t<meta property=\"og:image:height\" content=\"1080\" \/>\n\t<meta property=\"og:image:type\" content=\"image\/jpeg\" \/>\n<meta name=\"twitter:card\" content=\"summary_large_image\" \/>\n<script type=\"application\/ld+json\" class=\"yoast-schema-graph\">{\"@context\":\"https:\\\/\\\/schema.org\",\"@graph\":[{\"@type\":\"WebPage\",\"@id\":\"https:\\\/\\\/itsasmuseoa.eus\\\/en\\\/activities\\\/multimedia\\\/developments-in-bathing-costumes-in-san-sebastian\\\/\",\"url\":\"https:\\\/\\\/itsasmuseoa.eus\\\/en\\\/activities\\\/multimedia\\\/developments-in-bathing-costumes-in-san-sebastian\\\/\",\"name\":\"Developments in bathing costumes in San Sebasti\u00e1n - Euskal Itsas Museoa\",\"isPartOf\":{\"@id\":\"https:\\\/\\\/itsasmuseoa.eus\\\/en\\\/#website\"},\"primaryImageOfPage\":{\"@id\":\"https:\\\/\\\/itsasmuseoa.eus\\\/en\\\/activities\\\/multimedia\\\/developments-in-bathing-costumes-in-san-sebastian\\\/#primaryimage\"},\"image\":{\"@id\":\"https:\\\/\\\/itsasmuseoa.eus\\\/en\\\/activities\\\/multimedia\\\/developments-in-bathing-costumes-in-san-sebastian\\\/#primaryimage\"},\"thumbnailUrl\":\"https:\\\/\\\/itsasmuseoa.eus\\\/wp-content\\\/uploads\\\/2021\\\/07\\\/itsasertzetik-evolucion-traje-bagno.jpg\",\"datePublished\":\"2021-08-06T16:00:26+00:00\",\"dateModified\":\"2021-11-10T11:59:35+00:00\",\"breadcrumb\":{\"@id\":\"https:\\\/\\\/itsasmuseoa.eus\\\/en\\\/activities\\\/multimedia\\\/developments-in-bathing-costumes-in-san-sebastian\\\/#breadcrumb\"},\"inLanguage\":\"en-US\",\"potentialAction\":[{\"@type\":\"ReadAction\",\"target\":[\"https:\\\/\\\/itsasmuseoa.eus\\\/en\\\/activities\\\/multimedia\\\/developments-in-bathing-costumes-in-san-sebastian\\\/\"]}]},{\"@type\":\"ImageObject\",\"inLanguage\":\"en-US\",\"@id\":\"https:\\\/\\\/itsasmuseoa.eus\\\/en\\\/activities\\\/multimedia\\\/developments-in-bathing-costumes-in-san-sebastian\\\/#primaryimage\",\"url\":\"https:\\\/\\\/itsasmuseoa.eus\\\/wp-content\\\/uploads\\\/2021\\\/07\\\/itsasertzetik-evolucion-traje-bagno.jpg\",\"contentUrl\":\"https:\\\/\\\/itsasmuseoa.eus\\\/wp-content\\\/uploads\\\/2021\\\/07\\\/itsasertzetik-evolucion-traje-bagno.jpg\",\"width\":1920,\"height\":1080,\"caption\":\"Evoluci\u00f3n del traje de ba\u00f1o en San Sebasti\u00e1n\"},{\"@type\":\"BreadcrumbList\",\"@id\":\"https:\\\/\\\/itsasmuseoa.eus\\\/en\\\/activities\\\/multimedia\\\/developments-in-bathing-costumes-in-san-sebastian\\\/#breadcrumb\",\"itemListElement\":[{\"@type\":\"ListItem\",\"position\":1,\"name\":\"Inicio\",\"item\":\"https:\\\/\\\/itsasmuseoa.eus\\\/en\\\/\"},{\"@type\":\"ListItem\",\"position\":2,\"name\":\"Activities\",\"item\":\"https:\\\/\\\/itsasmuseoa.eus\\\/en\\\/actividades\\\/\"},{\"@type\":\"ListItem\",\"position\":3,\"name\":\"Multimedia\",\"item\":\"https:\\\/\\\/itsasmuseoa.eus\\\/en\\\/activities\\\/multimedia\\\/\"},{\"@type\":\"ListItem\",\"position\":4,\"name\":\"Developments in bathing costumes in San Sebasti\u00e1n\"}]},{\"@type\":\"WebSite\",\"@id\":\"https:\\\/\\\/itsasmuseoa.eus\\\/en\\\/#website\",\"url\":\"https:\\\/\\\/itsasmuseoa.eus\\\/en\\\/\",\"name\":\"Euskal Itsas Museoa\",\"description\":\"Museo Mar\u00edtimo Vasco\",\"potentialAction\":[{\"@type\":\"SearchAction\",\"target\":{\"@type\":\"EntryPoint\",\"urlTemplate\":\"https:\\\/\\\/itsasmuseoa.eus\\\/en\\\/?s={search_term_string}\"},\"query-input\":{\"@type\":\"PropertyValueSpecification\",\"valueRequired\":true,\"valueName\":\"search_term_string\"}}],\"inLanguage\":\"en-US\"}]}<\/script>\n<!-- \/ Yoast SEO plugin. -->","yoast_head_json":{"title":"Developments in bathing costumes in San Sebasti\u00e1n - Euskal Itsas Museoa","robots":{"index":"index","follow":"follow","max-snippet":"max-snippet:-1","max-image-preview":"max-image-preview:large","max-video-preview":"max-video-preview:-1"},"canonical":"https:\/\/itsasmuseoa.eus\/en\/activities\/multimedia\/developments-in-bathing-costumes-in-san-sebastian\/","og_locale":"en_US","og_type":"article","og_title":"Developments in bathing costumes in San Sebasti\u00e1n - Euskal Itsas Museoa","og_description":"Analysis of developments in swimwear in San Sebasti\u00e1n along with cultural changes and the dominant morality over time.","og_url":"https:\/\/itsasmuseoa.eus\/en\/activities\/multimedia\/developments-in-bathing-costumes-in-san-sebastian\/","og_site_name":"Euskal Itsas Museoa","article_modified_time":"2021-11-10T11:59:35+00:00","og_image":[{"width":1920,"height":1080,"url":"https:\/\/itsasmuseoa.eus\/wp-content\/uploads\/2021\/07\/itsasertzetik-evolucion-traje-bagno.jpg","type":"image\/jpeg"}],"twitter_card":"summary_large_image","schema":{"@context":"https:\/\/schema.org","@graph":[{"@type":"WebPage","@id":"https:\/\/itsasmuseoa.eus\/en\/activities\/multimedia\/developments-in-bathing-costumes-in-san-sebastian\/","url":"https:\/\/itsasmuseoa.eus\/en\/activities\/multimedia\/developments-in-bathing-costumes-in-san-sebastian\/","name":"Developments in bathing costumes in San Sebasti\u00e1n - Euskal Itsas Museoa","isPartOf":{"@id":"https:\/\/itsasmuseoa.eus\/en\/#website"},"primaryImageOfPage":{"@id":"https:\/\/itsasmuseoa.eus\/en\/activities\/multimedia\/developments-in-bathing-costumes-in-san-sebastian\/#primaryimage"},"image":{"@id":"https:\/\/itsasmuseoa.eus\/en\/activities\/multimedia\/developments-in-bathing-costumes-in-san-sebastian\/#primaryimage"},"thumbnailUrl":"https:\/\/itsasmuseoa.eus\/wp-content\/uploads\/2021\/07\/itsasertzetik-evolucion-traje-bagno.jpg","datePublished":"2021-08-06T16:00:26+00:00","dateModified":"2021-11-10T11:59:35+00:00","breadcrumb":{"@id":"https:\/\/itsasmuseoa.eus\/en\/activities\/multimedia\/developments-in-bathing-costumes-in-san-sebastian\/#breadcrumb"},"inLanguage":"en-US","potentialAction":[{"@type":"ReadAction","target":["https:\/\/itsasmuseoa.eus\/en\/activities\/multimedia\/developments-in-bathing-costumes-in-san-sebastian\/"]}]},{"@type":"ImageObject","inLanguage":"en-US","@id":"https:\/\/itsasmuseoa.eus\/en\/activities\/multimedia\/developments-in-bathing-costumes-in-san-sebastian\/#primaryimage","url":"https:\/\/itsasmuseoa.eus\/wp-content\/uploads\/2021\/07\/itsasertzetik-evolucion-traje-bagno.jpg","contentUrl":"https:\/\/itsasmuseoa.eus\/wp-content\/uploads\/2021\/07\/itsasertzetik-evolucion-traje-bagno.jpg","width":1920,"height":1080,"caption":"Evoluci\u00f3n del traje de ba\u00f1o en San Sebasti\u00e1n"},{"@type":"BreadcrumbList","@id":"https:\/\/itsasmuseoa.eus\/en\/activities\/multimedia\/developments-in-bathing-costumes-in-san-sebastian\/#breadcrumb","itemListElement":[{"@type":"ListItem","position":1,"name":"Inicio","item":"https:\/\/itsasmuseoa.eus\/en\/"},{"@type":"ListItem","position":2,"name":"Activities","item":"https:\/\/itsasmuseoa.eus\/en\/actividades\/"},{"@type":"ListItem","position":3,"name":"Multimedia","item":"https:\/\/itsasmuseoa.eus\/en\/activities\/multimedia\/"},{"@type":"ListItem","position":4,"name":"Developments in bathing costumes in San Sebasti\u00e1n"}]},{"@type":"WebSite","@id":"https:\/\/itsasmuseoa.eus\/en\/#website","url":"https:\/\/itsasmuseoa.eus\/en\/","name":"Euskal Itsas Museoa","description":"Museo Mar\u00edtimo Vasco","potentialAction":[{"@type":"SearchAction","target":{"@type":"EntryPoint","urlTemplate":"https:\/\/itsasmuseoa.eus\/en\/?s={search_term_string}"},"query-input":{"@type":"PropertyValueSpecification","valueRequired":true,"valueName":"search_term_string"}}],"inLanguage":"en-US"}]}},"_links":{"self":[{"href":"https:\/\/itsasmuseoa.eus\/en\/wp-json\/wp\/v2\/pages\/7002","targetHints":{"allow":["GET"]}}],"collection":[{"href":"https:\/\/itsasmuseoa.eus\/en\/wp-json\/wp\/v2\/pages"}],"about":[{"href":"https:\/\/itsasmuseoa.eus\/en\/wp-json\/wp\/v2\/types\/page"}],"author":[{"embeddable":true,"href":"https:\/\/itsasmuseoa.eus\/en\/wp-json\/wp\/v2\/users\/1"}],"replies":[{"embeddable":true,"href":"https:\/\/itsasmuseoa.eus\/en\/wp-json\/wp\/v2\/comments?post=7002"}],"version-history":[{"count":0,"href":"https:\/\/itsasmuseoa.eus\/en\/wp-json\/wp\/v2\/pages\/7002\/revisions"}],"up":[{"embeddable":true,"href":"https:\/\/itsasmuseoa.eus\/en\/wp-json\/wp\/v2\/pages\/5415"}],"wp:featuredmedia":[{"embeddable":true,"href":"https:\/\/itsasmuseoa.eus\/en\/wp-json\/wp\/v2\/media\/4322"}],"wp:attachment":[{"href":"https:\/\/itsasmuseoa.eus\/en\/wp-json\/wp\/v2\/media?parent=7002"}],"wp:term":[{"taxonomy":"category","embeddable":true,"href":"https:\/\/itsasmuseoa.eus\/en\/wp-json\/wp\/v2\/categories?post=7002"},{"taxonomy":"post_tag","embeddable":true,"href":"https:\/\/itsasmuseoa.eus\/en\/wp-json\/wp\/v2\/tags?post=7002"}],"curies":[{"name":"wp","href":"https:\/\/api.w.org\/{rel}","templated":true}]}}