{"id":10245,"date":"2022-02-17T13:35:21","date_gmt":"2022-02-17T12:35:21","guid":{"rendered":"https:\/\/itsasmuseoa.eus\/r-622-1779-urtea\/"},"modified":"2022-03-03T11:38:24","modified_gmt":"2022-03-03T10:38:24","slug":"r-622-1779-urtea","status":"publish","type":"page","link":"https:\/\/itsasmuseoa.eus\/eu\/bilduma\/manuel-de-agoteren-egunerokak\/r-622-1779-urtea\/","title":{"rendered":"R.622 | 1779. urtea"},"content":{"rendered":"\n\n\t<a href=\"https:\/\/itsasmuseoa.eus\/eu\/\">Inicio<\/a> <img decoding=\"async\" src=\"https:\/\/itsasmuseoa.eus\/flecha-breadcrumbs\/\" alt=\"icono flecha\" \/> <a href=\"https:\/\/itsasmuseoa.eus\/eu\/bilduma\/\">Bilduma<\/a> <img decoding=\"async\" src=\"https:\/\/itsasmuseoa.eus\/flecha-breadcrumbs\/\" alt=\"icono flecha\" \/> <a href=\"https:\/\/itsasmuseoa.eus\/eu\/bilduma\/manuel-de-agoteren-egunerokak\/\">Agoteren egunerokoak<\/a> <img decoding=\"async\" src=\"https:\/\/itsasmuseoa.eus\/flecha-breadcrumbs\/\" alt=\"icono flecha\" \/> R.622 | 1779. urtea\n\t\t<h1>\n\t\t\tManuel de Agote\n\t\t<\/h1>\n\t\t\t\t<img decoding=\"async\" src=\"https:\/\/itsasmuseoa.eus\/wp-content\/plugins\/bb-plugin\/img\/pixel.png\" alt=\"\" itemprop=\"image\" onerror=\"this.style.display='none'\"  \/>\n\t\t\t<a href=\"http:\/\/irudi.gipuzkoa.net\/untzimuseoa\/R-622\/files\/assets\/basic-html\/index.html#page1\" target=\"_blank\" role=\"button\" rel=\"noopener\">\n\t\t\t\t\t\t\tPDFa ikusi\n\t\t\t\t\t<\/a>\n\t\t<h2>\n\t\t\tManuel de Agoteren egunerokoak\n\t\t\t\t\t\t\t\t\t\t\t1779. urtea\n\t\t<\/h2>\n\t\t\t<em>Viaje del Nav\u00edo H\u00e9rcules propio de la Compa\u00f1\u00eda de Uztariz, Sangines y Compa\u00f1\u00eda de C\u00e1diz a Manila.<\/em>\t\t\n\t\t<h2>\n\t\t\tManuel de Agoteren egunerokoi buruz\n\t\t<\/h2>\n\t\t\tManuel de Agote y Bonechea (Getaria,\u00a0 1755.urteko azaroan &#8211; Getaria, 1803 otsailaren 15ean) Filipinetako Errege Konpainiako agentea izan zen.\u00a0 XVIII. mendean idatzi zituen nabigazio egunerokoetan Amerika, Asia eta Europa zeharreko nabigazioak deskribatzen ditu.\t\t\n\n","protected":false},"excerpt":{"rendered":"<p>Inicio Bilduma Agoteren egunerokoak R.622 | 1779. urtea Manuel de Agote PDFa ikusi Manuel de Agoteren egunerokoak 1779. urtea Viaje del Nav\u00edo H\u00e9rcules propio de la Compa\u00f1\u00eda de Uztariz, Sangines y Compa\u00f1\u00eda de C\u00e1diz a Manila. Manuel de Agoteren egunerokoi buruz Manuel de Agote y Bonechea (Getaria,\u00a0 1755.urteko azaroan &#8211; Getaria, 1803 otsailaren 15ean) Filipinetako&hellip;<\/p>\n","protected":false},"author":1,"featured_media":9786,"parent":10249,"menu_order":0,"comment_status":"closed","ping_status":"closed","template":"","meta":{"_acf_changed":false,"footnotes":""},"categories":[491],"tags":[],"class_list":["post-10245","page","type-page","status-publish","has-post-thumbnail","hentry","category-agoteren-egunerokoak"],"acf":[],"yoast_head":"<!-- This site is optimized with the Yoast SEO plugin v27.4 - https:\/\/yoast.com\/product\/yoast-seo-wordpress\/ -->\n<title>R.622 | 1779. urtea - Euskal Itsas Museoa<\/title>\n<meta name=\"robots\" content=\"index, follow, max-snippet:-1, max-image-preview:large, max-video-preview:-1\" \/>\n<link rel=\"canonical\" href=\"https:\/\/itsasmuseoa.eus\/eu\/bilduma\/manuel-de-agoteren-egunerokak\/r-622-1779-urtea\/\" \/>\n<meta property=\"og:locale\" content=\"eu_ES\" \/>\n<meta property=\"og:type\" content=\"article\" \/>\n<meta property=\"og:title\" content=\"R.622 | 1779. urtea - Euskal Itsas Museoa\" \/>\n<meta property=\"og:description\" content=\"Inicio Bilduma Agoteren egunerokoak R.622 | 1779. urtea Manuel de Agote PDFa ikusi Manuel de Agoteren egunerokoak 1779. urtea Viaje del Nav\u00edo H\u00e9rcules propio de la Compa\u00f1\u00eda de Uztariz, Sangines y Compa\u00f1\u00eda de C\u00e1diz a Manila. Manuel de Agoteren egunerokoi buruz Manuel de Agote y Bonechea (Getaria,\u00a0 1755.urteko azaroan &#8211; Getaria, 1803 otsailaren 15ean) Filipinetako&hellip;\" \/>\n<meta property=\"og:url\" content=\"https:\/\/itsasmuseoa.eus\/eu\/bilduma\/manuel-de-agoteren-egunerokak\/r-622-1779-urtea\/\" \/>\n<meta property=\"og:site_name\" content=\"Euskal Itsas Museoa\" \/>\n<meta property=\"article:modified_time\" content=\"2022-03-03T10:38:24+00:00\" \/>\n<meta property=\"og:image\" content=\"https:\/\/itsasmuseoa.eus\/wp-content\/uploads\/2022\/01\/diario-agote-622.jpg\" \/>\n\t<meta property=\"og:image:width\" content=\"1280\" \/>\n\t<meta property=\"og:image:height\" content=\"2000\" \/>\n\t<meta property=\"og:image:type\" content=\"image\/jpeg\" \/>\n<meta name=\"twitter:card\" content=\"summary_large_image\" \/>\n<script type=\"application\/ld+json\" class=\"yoast-schema-graph\">{\"@context\":\"https:\\\/\\\/schema.org\",\"@graph\":[{\"@type\":\"WebPage\",\"@id\":\"https:\\\/\\\/itsasmuseoa.eus\\\/eu\\\/bilduma\\\/manuel-de-agoteren-egunerokak\\\/r-622-1779-urtea\\\/\",\"url\":\"https:\\\/\\\/itsasmuseoa.eus\\\/eu\\\/bilduma\\\/manuel-de-agoteren-egunerokak\\\/r-622-1779-urtea\\\/\",\"name\":\"R.622 | 1779. urtea - Euskal Itsas Museoa\",\"isPartOf\":{\"@id\":\"https:\\\/\\\/itsasmuseoa.eus\\\/eu\\\/#website\"},\"primaryImageOfPage\":{\"@id\":\"https:\\\/\\\/itsasmuseoa.eus\\\/eu\\\/bilduma\\\/manuel-de-agoteren-egunerokak\\\/r-622-1779-urtea\\\/#primaryimage\"},\"image\":{\"@id\":\"https:\\\/\\\/itsasmuseoa.eus\\\/eu\\\/bilduma\\\/manuel-de-agoteren-egunerokak\\\/r-622-1779-urtea\\\/#primaryimage\"},\"thumbnailUrl\":\"https:\\\/\\\/itsasmuseoa.eus\\\/wp-content\\\/uploads\\\/2022\\\/01\\\/diario-agote-622.jpg\",\"datePublished\":\"2022-02-17T12:35:21+00:00\",\"dateModified\":\"2022-03-03T10:38:24+00:00\",\"breadcrumb\":{\"@id\":\"https:\\\/\\\/itsasmuseoa.eus\\\/eu\\\/bilduma\\\/manuel-de-agoteren-egunerokak\\\/r-622-1779-urtea\\\/#breadcrumb\"},\"inLanguage\":\"eu-ES\",\"potentialAction\":[{\"@type\":\"ReadAction\",\"target\":[\"https:\\\/\\\/itsasmuseoa.eus\\\/eu\\\/bilduma\\\/manuel-de-agoteren-egunerokak\\\/r-622-1779-urtea\\\/\"]}]},{\"@type\":\"ImageObject\",\"inLanguage\":\"eu-ES\",\"@id\":\"https:\\\/\\\/itsasmuseoa.eus\\\/eu\\\/bilduma\\\/manuel-de-agoteren-egunerokak\\\/r-622-1779-urtea\\\/#primaryimage\",\"url\":\"https:\\\/\\\/itsasmuseoa.eus\\\/wp-content\\\/uploads\\\/2022\\\/01\\\/diario-agote-622.jpg\",\"contentUrl\":\"https:\\\/\\\/itsasmuseoa.eus\\\/wp-content\\\/uploads\\\/2022\\\/01\\\/diario-agote-622.jpg\",\"width\":1280,\"height\":2000},{\"@type\":\"BreadcrumbList\",\"@id\":\"https:\\\/\\\/itsasmuseoa.eus\\\/eu\\\/bilduma\\\/manuel-de-agoteren-egunerokak\\\/r-622-1779-urtea\\\/#breadcrumb\",\"itemListElement\":[{\"@type\":\"ListItem\",\"position\":1,\"name\":\"Inicio\",\"item\":\"https:\\\/\\\/itsasmuseoa.eus\\\/eu\\\/\"},{\"@type\":\"ListItem\",\"position\":2,\"name\":\"Bilduma\",\"item\":\"https:\\\/\\\/itsasmuseoa.eus\\\/eu\\\/bilduma\\\/\"},{\"@type\":\"ListItem\",\"position\":3,\"name\":\"Agoteren egunerokoak\",\"item\":\"https:\\\/\\\/itsasmuseoa.eus\\\/eu\\\/bilduma\\\/manuel-de-agoteren-egunerokak\\\/\"},{\"@type\":\"ListItem\",\"position\":4,\"name\":\"R.622 | 1779. urtea\"}]},{\"@type\":\"WebSite\",\"@id\":\"https:\\\/\\\/itsasmuseoa.eus\\\/eu\\\/#website\",\"url\":\"https:\\\/\\\/itsasmuseoa.eus\\\/eu\\\/\",\"name\":\"Euskal Itsas Museoa\",\"description\":\"Museo Mar\u00edtimo Vasco\",\"potentialAction\":[{\"@type\":\"SearchAction\",\"target\":{\"@type\":\"EntryPoint\",\"urlTemplate\":\"https:\\\/\\\/itsasmuseoa.eus\\\/eu\\\/?s={search_term_string}\"},\"query-input\":{\"@type\":\"PropertyValueSpecification\",\"valueRequired\":true,\"valueName\":\"search_term_string\"}}],\"inLanguage\":\"eu-ES\"}]}<\/script>\n<!-- \/ Yoast SEO plugin. -->","yoast_head_json":{"title":"R.622 | 1779. urtea - Euskal Itsas Museoa","robots":{"index":"index","follow":"follow","max-snippet":"max-snippet:-1","max-image-preview":"max-image-preview:large","max-video-preview":"max-video-preview:-1"},"canonical":"https:\/\/itsasmuseoa.eus\/eu\/bilduma\/manuel-de-agoteren-egunerokak\/r-622-1779-urtea\/","og_locale":"eu_ES","og_type":"article","og_title":"R.622 | 1779. urtea - Euskal Itsas Museoa","og_description":"Inicio Bilduma Agoteren egunerokoak R.622 | 1779. urtea Manuel de Agote PDFa ikusi Manuel de Agoteren egunerokoak 1779. urtea Viaje del Nav\u00edo H\u00e9rcules propio de la Compa\u00f1\u00eda de Uztariz, Sangines y Compa\u00f1\u00eda de C\u00e1diz a Manila. Manuel de Agoteren egunerokoi buruz Manuel de Agote y Bonechea (Getaria,\u00a0 1755.urteko azaroan &#8211; Getaria, 1803 otsailaren 15ean) Filipinetako&hellip;","og_url":"https:\/\/itsasmuseoa.eus\/eu\/bilduma\/manuel-de-agoteren-egunerokak\/r-622-1779-urtea\/","og_site_name":"Euskal Itsas Museoa","article_modified_time":"2022-03-03T10:38:24+00:00","og_image":[{"width":1280,"height":2000,"url":"https:\/\/itsasmuseoa.eus\/wp-content\/uploads\/2022\/01\/diario-agote-622.jpg","type":"image\/jpeg"}],"twitter_card":"summary_large_image","schema":{"@context":"https:\/\/schema.org","@graph":[{"@type":"WebPage","@id":"https:\/\/itsasmuseoa.eus\/eu\/bilduma\/manuel-de-agoteren-egunerokak\/r-622-1779-urtea\/","url":"https:\/\/itsasmuseoa.eus\/eu\/bilduma\/manuel-de-agoteren-egunerokak\/r-622-1779-urtea\/","name":"R.622 | 1779. urtea - Euskal Itsas Museoa","isPartOf":{"@id":"https:\/\/itsasmuseoa.eus\/eu\/#website"},"primaryImageOfPage":{"@id":"https:\/\/itsasmuseoa.eus\/eu\/bilduma\/manuel-de-agoteren-egunerokak\/r-622-1779-urtea\/#primaryimage"},"image":{"@id":"https:\/\/itsasmuseoa.eus\/eu\/bilduma\/manuel-de-agoteren-egunerokak\/r-622-1779-urtea\/#primaryimage"},"thumbnailUrl":"https:\/\/itsasmuseoa.eus\/wp-content\/uploads\/2022\/01\/diario-agote-622.jpg","datePublished":"2022-02-17T12:35:21+00:00","dateModified":"2022-03-03T10:38:24+00:00","breadcrumb":{"@id":"https:\/\/itsasmuseoa.eus\/eu\/bilduma\/manuel-de-agoteren-egunerokak\/r-622-1779-urtea\/#breadcrumb"},"inLanguage":"eu-ES","potentialAction":[{"@type":"ReadAction","target":["https:\/\/itsasmuseoa.eus\/eu\/bilduma\/manuel-de-agoteren-egunerokak\/r-622-1779-urtea\/"]}]},{"@type":"ImageObject","inLanguage":"eu-ES","@id":"https:\/\/itsasmuseoa.eus\/eu\/bilduma\/manuel-de-agoteren-egunerokak\/r-622-1779-urtea\/#primaryimage","url":"https:\/\/itsasmuseoa.eus\/wp-content\/uploads\/2022\/01\/diario-agote-622.jpg","contentUrl":"https:\/\/itsasmuseoa.eus\/wp-content\/uploads\/2022\/01\/diario-agote-622.jpg","width":1280,"height":2000},{"@type":"BreadcrumbList","@id":"https:\/\/itsasmuseoa.eus\/eu\/bilduma\/manuel-de-agoteren-egunerokak\/r-622-1779-urtea\/#breadcrumb","itemListElement":[{"@type":"ListItem","position":1,"name":"Inicio","item":"https:\/\/itsasmuseoa.eus\/eu\/"},{"@type":"ListItem","position":2,"name":"Bilduma","item":"https:\/\/itsasmuseoa.eus\/eu\/bilduma\/"},{"@type":"ListItem","position":3,"name":"Agoteren egunerokoak","item":"https:\/\/itsasmuseoa.eus\/eu\/bilduma\/manuel-de-agoteren-egunerokak\/"},{"@type":"ListItem","position":4,"name":"R.622 | 1779. urtea"}]},{"@type":"WebSite","@id":"https:\/\/itsasmuseoa.eus\/eu\/#website","url":"https:\/\/itsasmuseoa.eus\/eu\/","name":"Euskal Itsas Museoa","description":"Museo Mar\u00edtimo Vasco","potentialAction":[{"@type":"SearchAction","target":{"@type":"EntryPoint","urlTemplate":"https:\/\/itsasmuseoa.eus\/eu\/?s={search_term_string}"},"query-input":{"@type":"PropertyValueSpecification","valueRequired":true,"valueName":"search_term_string"}}],"inLanguage":"eu-ES"}]}},"_links":{"self":[{"href":"https:\/\/itsasmuseoa.eus\/eu\/wp-json\/wp\/v2\/pages\/10245","targetHints":{"allow":["GET"]}}],"collection":[{"href":"https:\/\/itsasmuseoa.eus\/eu\/wp-json\/wp\/v2\/pages"}],"about":[{"href":"https:\/\/itsasmuseoa.eus\/eu\/wp-json\/wp\/v2\/types\/page"}],"author":[{"embeddable":true,"href":"https:\/\/itsasmuseoa.eus\/eu\/wp-json\/wp\/v2\/users\/1"}],"replies":[{"embeddable":true,"href":"https:\/\/itsasmuseoa.eus\/eu\/wp-json\/wp\/v2\/comments?post=10245"}],"version-history":[{"count":0,"href":"https:\/\/itsasmuseoa.eus\/eu\/wp-json\/wp\/v2\/pages\/10245\/revisions"}],"up":[{"embeddable":true,"href":"https:\/\/itsasmuseoa.eus\/eu\/wp-json\/wp\/v2\/pages\/10249"}],"wp:featuredmedia":[{"embeddable":true,"href":"https:\/\/itsasmuseoa.eus\/eu\/wp-json\/wp\/v2\/media\/9786"}],"wp:attachment":[{"href":"https:\/\/itsasmuseoa.eus\/eu\/wp-json\/wp\/v2\/media?parent=10245"}],"wp:term":[{"taxonomy":"category","embeddable":true,"href":"https:\/\/itsasmuseoa.eus\/eu\/wp-json\/wp\/v2\/categories?post=10245"},{"taxonomy":"post_tag","embeddable":true,"href":"https:\/\/itsasmuseoa.eus\/eu\/wp-json\/wp\/v2\/tags?post=10245"}],"curies":[{"name":"wp","href":"https:\/\/api.w.org\/{rel}","templated":true}]}}