{"id":10950,"date":"2022-03-03T10:55:49","date_gmt":"2022-03-03T09:55:49","guid":{"rendered":"https:\/\/itsasmuseoa.eus\/jarduerak\/agenda\/pasaia-itsas-festibala\/"},"modified":"2024-04-26T16:45:33","modified_gmt":"2024-04-26T14:45:33","slug":"pasaia-itsas-festibala","status":"publish","type":"page","link":"https:\/\/itsasmuseoa.eus\/eu\/pasaia-itsas-festibala\/","title":{"rendered":"Pasaia Itsas Festibala"},"content":{"rendered":"\n<a href=\"https:\/\/itsasmuseoa.eus\/\">Inicio<\/a> <img decoding=\"async\" src=\"https:\/\/itsasmuseoa.eus\/flecha-breadcrumbs\/\" alt=\"icono flecha\"> Actividades <img decoding=\"async\" src=\"https:\/\/itsasmuseoa.eus\/flecha-breadcrumbs\/\" alt=\"icono flecha\"> <a href=\"https:\/\/itsasmuseoa.eus\/actividades\/agenda\/\">Agenda<\/a> <img decoding=\"async\" src=\"https:\/\/itsasmuseoa.eus\/flecha-breadcrumbs\/\" alt=\"icono flecha\"> Copia de Embarca con\u2026\n\t\t<h2>\n\t\t\tTitle\n\t\t<\/h2>\n<h2>\n\t\tIniciativa\n\t<\/h2>\n<h1>\n\t\tPasaia Itsas Festibala\n\t<\/h1>\n<h2>\n\t\tDel 26 al 29 de mayo 2022\n\t<\/h2>\n\n\n\t<p>El Euskal Itsas Museoa participar\u00e1 en el festival de embarcaciones tradicionales de 26 al 29 de mayo a trav\u00e9s de numerosas iniciativas:<\/p>\n<ul>\n<li><b>Escala de embarcaciones en el puerto donostiarra<\/b><\/li>\n<\/ul>\nUna decena de embarcaciones hist\u00f3ricas de vela y remo participantes en el festival, realizar\u00e1n una escala en la rampa de Kaiarriba del puerto de Donostia. Tras el acto, zarpar\u00e1n rumbo a la apertura oficial del Pasaia Itsas Festibala.<br>\n26 de mayo. A partir de las 12:00h\n\n\t<ul>\n<li><strong>Exposici\u00f3n del artista Gildas Flahault<\/strong><\/li>\n<\/ul>\nExposici\u00f3n del pintor franc\u00e9s Gildas Flahault, referente de la revista Chasse Mar\u00e9e y pintor oficial de la Semana del Golfo de Morbihan (Breta\u00f1a), en la ganbara del Museo.\nDel 27 de mayo (a partir de las 16:00h) hasta el 28 de agosto.\nEntrada gratuita.\n\t<ul>\n<li><b>El Museo en el Pasaia Itsas Festibala<\/b><\/li>\n<\/ul>\nEl Euskal Itsas Museoa estar\u00e1 presente en el Pasaia Itsas Festibala en el espacio dedicado a entidades relacionadas con el patrimonio mar\u00edtimo frente a la Iglesia de Pasaia San Pedro.\n\t<p><strong>Pasaia Itsas Festibala<\/strong><\/p>\n<p>Tras el \u00e9xito de la primera edici\u00f3n en mayo de 2018, el Pasaia Itsas Festibala volver\u00e1 a celebrarse del 26 al 29 de mayo en la bah\u00eda de Pasaia. Adem\u00e1s de las 160 embarcaciones tradicionales que surcar\u00e1n las aguas de la bah\u00eda el programa del festival mar\u00edtimo incluye un cat\u00e1logo muy variado de actividades vinculadas al patrimonio mar\u00edtimo, a la cultura, a la m\u00fasica, la danza y la gastronom\u00eda. <\/p>\n\t\t\t\t<a href=\"https:\/\/itsasmuseoa.eus\/wp-content\/uploads\/2021\/06\/Banner_Slider-WEB.jpg\" target=\"_self\" itemprop=\"url\" rel=\"noopener\">\n\t\t\t\t<img decoding=\"async\" src=\"https:\/\/itsasmuseoa.eus\/wp-content\/uploads\/2021\/06\/Banner_Slider-WEB.jpg\" alt=\"Pasaia Itsas Festibala\" itemprop=\"image\" height=\"1080\" width=\"1920\" title=\"Pasaia Itsas Festibala\" onerror=\"this.style.display='none'\">\n\t\t\t\t<\/a>\n\t<a href=\"#\" id=\"trigger-\" data-modal=\"\" data-node=\"\">\n\t\t\t\t\t\t\tAMPLIAR FOTO\n\t\t\t\t\t\t\t\t\t\t\t\t<\/a>\n\t\t\t\t\t\tPreview\n\t\t\tmodal-\n\t\t\t\t\t\t<img decoding=\"async\" src=\"\">\n","protected":false},"excerpt":{"rendered":"<p>Encuentro entre Xabier Alberdi y Amets Arzallus y Ander Izagirre en la ganbara del Museo para hablar sobre la situaci\u00f3n dram\u00e1tica que se vive en el mar con las personas inmigrantes africanas.<\/p>\n","protected":false},"author":4,"featured_media":10959,"parent":0,"menu_order":0,"comment_status":"closed","ping_status":"closed","template":"","meta":{"_acf_changed":false,"footnotes":""},"categories":[],"tags":[299],"class_list":["post-10950","page","type-page","status-publish","has-post-thumbnail","hentry","tag-topaketa"],"acf":[],"yoast_head":"<!-- This site is optimized with the Yoast SEO plugin v27.4 - https:\/\/yoast.com\/product\/yoast-seo-wordpress\/ -->\n<title>Pasaia Itsas Festibala - Euskal Itsas Museoa<\/title>\n<meta name=\"robots\" content=\"index, follow, max-snippet:-1, max-image-preview:large, max-video-preview:-1\" \/>\n<link rel=\"canonical\" href=\"https:\/\/itsasmuseoa.eus\/eu\/pasaia-itsas-festibala\/\" \/>\n<meta property=\"og:locale\" content=\"eu_ES\" \/>\n<meta property=\"og:type\" content=\"article\" \/>\n<meta property=\"og:title\" content=\"Pasaia Itsas Festibala - Euskal Itsas Museoa\" \/>\n<meta property=\"og:description\" content=\"Encuentro entre Xabier Alberdi y Amets Arzallus y Ander Izagirre en la ganbara del Museo para hablar sobre la situaci\u00f3n dram\u00e1tica que se vive en el mar con las personas inmigrantes africanas.\" \/>\n<meta property=\"og:url\" content=\"https:\/\/itsasmuseoa.eus\/eu\/pasaia-itsas-festibala\/\" \/>\n<meta property=\"og:site_name\" content=\"Euskal Itsas Museoa\" \/>\n<meta property=\"article:modified_time\" content=\"2024-04-26T14:45:33+00:00\" \/>\n<meta property=\"og:image\" content=\"https:\/\/itsasmuseoa.eus\/wp-content\/uploads\/2022\/05\/Banner_WEB_3-7.jpg\" \/>\n\t<meta property=\"og:image:width\" content=\"1800\" \/>\n\t<meta property=\"og:image:height\" content=\"1200\" \/>\n\t<meta property=\"og:image:type\" content=\"image\/jpeg\" \/>\n<meta name=\"twitter:card\" content=\"summary_large_image\" \/>\n<meta name=\"twitter:label1\" content=\"Est. reading time\" \/>\n\t<meta name=\"twitter:data1\" content=\"1 minute\" \/>\n<script type=\"application\/ld+json\" class=\"yoast-schema-graph\">{\"@context\":\"https:\\\/\\\/schema.org\",\"@graph\":[{\"@type\":\"WebPage\",\"@id\":\"https:\\\/\\\/itsasmuseoa.eus\\\/eu\\\/pasaia-itsas-festibala\\\/\",\"url\":\"https:\\\/\\\/itsasmuseoa.eus\\\/eu\\\/pasaia-itsas-festibala\\\/\",\"name\":\"Pasaia Itsas Festibala - Euskal Itsas Museoa\",\"isPartOf\":{\"@id\":\"https:\\\/\\\/itsasmuseoa.eus\\\/eu\\\/#website\"},\"primaryImageOfPage\":{\"@id\":\"https:\\\/\\\/itsasmuseoa.eus\\\/eu\\\/pasaia-itsas-festibala\\\/#primaryimage\"},\"image\":{\"@id\":\"https:\\\/\\\/itsasmuseoa.eus\\\/eu\\\/pasaia-itsas-festibala\\\/#primaryimage\"},\"thumbnailUrl\":\"https:\\\/\\\/itsasmuseoa.eus\\\/wp-content\\\/uploads\\\/2022\\\/05\\\/Banner_WEB_3-7.jpg\",\"datePublished\":\"2022-03-03T09:55:49+00:00\",\"dateModified\":\"2024-04-26T14:45:33+00:00\",\"breadcrumb\":{\"@id\":\"https:\\\/\\\/itsasmuseoa.eus\\\/eu\\\/pasaia-itsas-festibala\\\/#breadcrumb\"},\"inLanguage\":\"eu-ES\",\"potentialAction\":[{\"@type\":\"ReadAction\",\"target\":[\"https:\\\/\\\/itsasmuseoa.eus\\\/eu\\\/pasaia-itsas-festibala\\\/\"]}]},{\"@type\":\"ImageObject\",\"inLanguage\":\"eu-ES\",\"@id\":\"https:\\\/\\\/itsasmuseoa.eus\\\/eu\\\/pasaia-itsas-festibala\\\/#primaryimage\",\"url\":\"https:\\\/\\\/itsasmuseoa.eus\\\/wp-content\\\/uploads\\\/2022\\\/05\\\/Banner_WEB_3-7.jpg\",\"contentUrl\":\"https:\\\/\\\/itsasmuseoa.eus\\\/wp-content\\\/uploads\\\/2022\\\/05\\\/Banner_WEB_3-7.jpg\",\"width\":1800,\"height\":1200},{\"@type\":\"BreadcrumbList\",\"@id\":\"https:\\\/\\\/itsasmuseoa.eus\\\/eu\\\/pasaia-itsas-festibala\\\/#breadcrumb\",\"itemListElement\":[{\"@type\":\"ListItem\",\"position\":1,\"name\":\"Inicio\",\"item\":\"https:\\\/\\\/itsasmuseoa.eus\\\/eu\\\/\"},{\"@type\":\"ListItem\",\"position\":2,\"name\":\"Pasaia Itsas Festibala\"}]},{\"@type\":\"WebSite\",\"@id\":\"https:\\\/\\\/itsasmuseoa.eus\\\/eu\\\/#website\",\"url\":\"https:\\\/\\\/itsasmuseoa.eus\\\/eu\\\/\",\"name\":\"Euskal Itsas Museoa\",\"description\":\"Museo Mar\u00edtimo Vasco\",\"potentialAction\":[{\"@type\":\"SearchAction\",\"target\":{\"@type\":\"EntryPoint\",\"urlTemplate\":\"https:\\\/\\\/itsasmuseoa.eus\\\/eu\\\/?s={search_term_string}\"},\"query-input\":{\"@type\":\"PropertyValueSpecification\",\"valueRequired\":true,\"valueName\":\"search_term_string\"}}],\"inLanguage\":\"eu-ES\"}]}<\/script>\n<!-- \/ Yoast SEO plugin. -->","yoast_head_json":{"title":"Pasaia Itsas Festibala - Euskal Itsas Museoa","robots":{"index":"index","follow":"follow","max-snippet":"max-snippet:-1","max-image-preview":"max-image-preview:large","max-video-preview":"max-video-preview:-1"},"canonical":"https:\/\/itsasmuseoa.eus\/eu\/pasaia-itsas-festibala\/","og_locale":"eu_ES","og_type":"article","og_title":"Pasaia Itsas Festibala - Euskal Itsas Museoa","og_description":"Encuentro entre Xabier Alberdi y Amets Arzallus y Ander Izagirre en la ganbara del Museo para hablar sobre la situaci\u00f3n dram\u00e1tica que se vive en el mar con las personas inmigrantes africanas.","og_url":"https:\/\/itsasmuseoa.eus\/eu\/pasaia-itsas-festibala\/","og_site_name":"Euskal Itsas Museoa","article_modified_time":"2024-04-26T14:45:33+00:00","og_image":[{"width":1800,"height":1200,"url":"https:\/\/itsasmuseoa.eus\/wp-content\/uploads\/2022\/05\/Banner_WEB_3-7.jpg","type":"image\/jpeg"}],"twitter_card":"summary_large_image","twitter_misc":{"Est. reading time":"1 minute"},"schema":{"@context":"https:\/\/schema.org","@graph":[{"@type":"WebPage","@id":"https:\/\/itsasmuseoa.eus\/eu\/pasaia-itsas-festibala\/","url":"https:\/\/itsasmuseoa.eus\/eu\/pasaia-itsas-festibala\/","name":"Pasaia Itsas Festibala - Euskal Itsas Museoa","isPartOf":{"@id":"https:\/\/itsasmuseoa.eus\/eu\/#website"},"primaryImageOfPage":{"@id":"https:\/\/itsasmuseoa.eus\/eu\/pasaia-itsas-festibala\/#primaryimage"},"image":{"@id":"https:\/\/itsasmuseoa.eus\/eu\/pasaia-itsas-festibala\/#primaryimage"},"thumbnailUrl":"https:\/\/itsasmuseoa.eus\/wp-content\/uploads\/2022\/05\/Banner_WEB_3-7.jpg","datePublished":"2022-03-03T09:55:49+00:00","dateModified":"2024-04-26T14:45:33+00:00","breadcrumb":{"@id":"https:\/\/itsasmuseoa.eus\/eu\/pasaia-itsas-festibala\/#breadcrumb"},"inLanguage":"eu-ES","potentialAction":[{"@type":"ReadAction","target":["https:\/\/itsasmuseoa.eus\/eu\/pasaia-itsas-festibala\/"]}]},{"@type":"ImageObject","inLanguage":"eu-ES","@id":"https:\/\/itsasmuseoa.eus\/eu\/pasaia-itsas-festibala\/#primaryimage","url":"https:\/\/itsasmuseoa.eus\/wp-content\/uploads\/2022\/05\/Banner_WEB_3-7.jpg","contentUrl":"https:\/\/itsasmuseoa.eus\/wp-content\/uploads\/2022\/05\/Banner_WEB_3-7.jpg","width":1800,"height":1200},{"@type":"BreadcrumbList","@id":"https:\/\/itsasmuseoa.eus\/eu\/pasaia-itsas-festibala\/#breadcrumb","itemListElement":[{"@type":"ListItem","position":1,"name":"Inicio","item":"https:\/\/itsasmuseoa.eus\/eu\/"},{"@type":"ListItem","position":2,"name":"Pasaia Itsas Festibala"}]},{"@type":"WebSite","@id":"https:\/\/itsasmuseoa.eus\/eu\/#website","url":"https:\/\/itsasmuseoa.eus\/eu\/","name":"Euskal Itsas Museoa","description":"Museo Mar\u00edtimo Vasco","potentialAction":[{"@type":"SearchAction","target":{"@type":"EntryPoint","urlTemplate":"https:\/\/itsasmuseoa.eus\/eu\/?s={search_term_string}"},"query-input":{"@type":"PropertyValueSpecification","valueRequired":true,"valueName":"search_term_string"}}],"inLanguage":"eu-ES"}]}},"_links":{"self":[{"href":"https:\/\/itsasmuseoa.eus\/eu\/wp-json\/wp\/v2\/pages\/10950","targetHints":{"allow":["GET"]}}],"collection":[{"href":"https:\/\/itsasmuseoa.eus\/eu\/wp-json\/wp\/v2\/pages"}],"about":[{"href":"https:\/\/itsasmuseoa.eus\/eu\/wp-json\/wp\/v2\/types\/page"}],"author":[{"embeddable":true,"href":"https:\/\/itsasmuseoa.eus\/eu\/wp-json\/wp\/v2\/users\/4"}],"replies":[{"embeddable":true,"href":"https:\/\/itsasmuseoa.eus\/eu\/wp-json\/wp\/v2\/comments?post=10950"}],"version-history":[{"count":0,"href":"https:\/\/itsasmuseoa.eus\/eu\/wp-json\/wp\/v2\/pages\/10950\/revisions"}],"wp:featuredmedia":[{"embeddable":true,"href":"https:\/\/itsasmuseoa.eus\/eu\/wp-json\/wp\/v2\/media\/10959"}],"wp:attachment":[{"href":"https:\/\/itsasmuseoa.eus\/eu\/wp-json\/wp\/v2\/media?parent=10950"}],"wp:term":[{"taxonomy":"category","embeddable":true,"href":"https:\/\/itsasmuseoa.eus\/eu\/wp-json\/wp\/v2\/categories?post=10950"},{"taxonomy":"post_tag","embeddable":true,"href":"https:\/\/itsasmuseoa.eus\/eu\/wp-json\/wp\/v2\/tags?post=10950"}],"curies":[{"name":"wp","href":"https:\/\/api.w.org\/{rel}","templated":true}]}}