{"id":11543,"date":"2022-08-09T16:30:07","date_gmt":"2022-08-09T14:30:07","guid":{"rendered":"https:\/\/itsasmuseoa.eus\/jarduerak\/gure-argitalpenak\/monografiak\/antonio-de-gaztaneta\/"},"modified":"2023-02-01T08:16:29","modified_gmt":"2023-02-01T07:16:29","slug":"antonio-de-gaztaneta","status":"publish","type":"page","link":"https:\/\/itsasmuseoa.eus\/eu\/jarduerak\/gure-argitalpenak\/monografiak\/antonio-de-gaztaneta\/","title":{"rendered":"Antonio de Gazta\u00f1eta"},"content":{"rendered":"\n\n\t<a href=\"https:\/\/itsasmuseoa.eus\/eu\/\">Inicio<\/a> <img decoding=\"async\" src=\"https:\/\/itsasmuseoa.eus\/flecha-breadcrumbs\/\" alt=\"icono flecha\" \/> <a href=\"https:\/\/itsasmuseoa.eus\/eu\/actividades\/\">Jarduerak<\/a> <img decoding=\"async\" src=\"https:\/\/itsasmuseoa.eus\/flecha-breadcrumbs\/\" alt=\"icono flecha\" \/> <a href=\"https:\/\/itsasmuseoa.eus\/eu\/actividades\/nuestras-publicaciones\/\">Gure argitalpenak<\/a> <img decoding=\"async\" src=\"https:\/\/itsasmuseoa.eus\/flecha-breadcrumbs\/\" alt=\"icono flecha\" \/> <a href=\"https:\/\/itsasmuseoa.eus\/eu\/jarduerak\/gure-argitalpenak\/monografiak\/\">Monografiak<\/a> <img decoding=\"async\" src=\"https:\/\/itsasmuseoa.eus\/flecha-breadcrumbs\/\" alt=\"icono flecha\" \/> Antonio de Gazta\u00f1eta\n\t\t<h1>\n\t\t\tMonografiak\n\t\t<\/h1>\n\t\t\t\t<img decoding=\"async\" src=\"https:\/\/itsasmuseoa.eus\/wp-content\/uploads\/2021\/06\/WEB-libros-A4-9.jpg\" alt=\"WEB libros A4 (9)\" itemprop=\"image\" height=\"2000\" width=\"1414\" title=\"WEB libros A4 (9)\" onerror=\"this.style.display='none'\"  \/>\n\t\t\t<a href=\"https:\/\/itsasmuseoa.eus\/wp-content\/uploads\/2021\/06\/Antonio-de-Gaztaneta-1656-1728-1992-pdf_compressed.pdf\" target=\"_blank\" role=\"button\" rel=\"noopener\">\n\t\t\t\t\t\t\tDeskargatu\n\t\t\t\t\t<\/a>\n\t\t<h2>\n\t\t\tAntonio de Gazta\u00f1eta\n\t\t\t\t\t\t\t\t\t\t\t1992\n\t\t<\/h2>\n\t\t\tAntonio de Gazta\u00f1eta, 1656-1728\nAAVV\t\t\n\t\t<h2>\n\t\t\tMonografiei buruz\n\t\t<\/h2>\n\t\t\t<p>Euskal Itsas Museoak jarduera editorial bat egiten du (liburuak eta liburuxkak) batez ere ekoizten dituen aldi baterako erakusketekin lotuta. Etengabeko eta kalitatezko produkzio editoriala mantentzeko ahalegina da, zalantzarik gabe, museo honen bereizgarrietako bat.<\/p>\t\t\n\n","protected":false},"excerpt":{"rendered":"<p>Inicio Jarduerak Gure argitalpenak Monografiak Antonio de Gazta\u00f1eta Monografiak Deskargatu Antonio de Gazta\u00f1eta 1992 Antonio de Gazta\u00f1eta, 1656-1728 AAVV Monografiei buruz Euskal Itsas Museoak jarduera editorial bat egiten du (liburuak eta liburuxkak) batez ere ekoizten dituen aldi baterako erakusketekin lotuta. Etengabeko eta kalitatezko produkzio editoriala mantentzeko ahalegina da, zalantzarik gabe, museo honen bereizgarrietako bat.<\/p>\n","protected":false},"author":4,"featured_media":11514,"parent":7062,"menu_order":0,"comment_status":"closed","ping_status":"closed","template":"","meta":{"_acf_changed":false,"footnotes":""},"categories":[389],"tags":[],"class_list":["post-11543","page","type-page","status-publish","has-post-thumbnail","hentry","category-monografiak"],"acf":[],"yoast_head":"<!-- This site is optimized with the Yoast SEO plugin v27.4 - https:\/\/yoast.com\/product\/yoast-seo-wordpress\/ -->\n<title>Antonio de Gazta\u00f1eta - Euskal Itsas Museoa<\/title>\n<meta name=\"robots\" content=\"index, follow, max-snippet:-1, max-image-preview:large, max-video-preview:-1\" \/>\n<link rel=\"canonical\" href=\"https:\/\/itsasmuseoa.eus\/eu\/jarduerak\/gure-argitalpenak\/monografiak\/antonio-de-gaztaneta\/\" \/>\n<meta property=\"og:locale\" content=\"eu_ES\" \/>\n<meta property=\"og:type\" content=\"article\" \/>\n<meta property=\"og:title\" content=\"Antonio de Gazta\u00f1eta - Euskal Itsas Museoa\" \/>\n<meta property=\"og:description\" content=\"Inicio Jarduerak Gure argitalpenak Monografiak Antonio de Gazta\u00f1eta Monografiak Deskargatu Antonio de Gazta\u00f1eta 1992 Antonio de Gazta\u00f1eta, 1656-1728 AAVV Monografiei buruz Euskal Itsas Museoak jarduera editorial bat egiten du (liburuak eta liburuxkak) batez ere ekoizten dituen aldi baterako erakusketekin lotuta. Etengabeko eta kalitatezko produkzio editoriala mantentzeko ahalegina da, zalantzarik gabe, museo honen bereizgarrietako bat.\" \/>\n<meta property=\"og:url\" content=\"https:\/\/itsasmuseoa.eus\/eu\/jarduerak\/gure-argitalpenak\/monografiak\/antonio-de-gaztaneta\/\" \/>\n<meta property=\"og:site_name\" content=\"Euskal Itsas Museoa\" \/>\n<meta property=\"article:modified_time\" content=\"2023-02-01T07:16:29+00:00\" \/>\n<meta property=\"og:image\" content=\"https:\/\/itsasmuseoa.eus\/wp-content\/uploads\/2021\/06\/WEB-libros-A4-9.jpg\" \/>\n\t<meta property=\"og:image:width\" content=\"1414\" \/>\n\t<meta property=\"og:image:height\" content=\"2000\" \/>\n\t<meta property=\"og:image:type\" content=\"image\/jpeg\" \/>\n<meta name=\"twitter:card\" content=\"summary_large_image\" \/>\n<script type=\"application\/ld+json\" class=\"yoast-schema-graph\">{\"@context\":\"https:\\\/\\\/schema.org\",\"@graph\":[{\"@type\":\"WebPage\",\"@id\":\"https:\\\/\\\/itsasmuseoa.eus\\\/eu\\\/jarduerak\\\/gure-argitalpenak\\\/monografiak\\\/antonio-de-gaztaneta\\\/\",\"url\":\"https:\\\/\\\/itsasmuseoa.eus\\\/eu\\\/jarduerak\\\/gure-argitalpenak\\\/monografiak\\\/antonio-de-gaztaneta\\\/\",\"name\":\"Antonio de Gazta\u00f1eta - Euskal Itsas Museoa\",\"isPartOf\":{\"@id\":\"https:\\\/\\\/itsasmuseoa.eus\\\/eu\\\/#website\"},\"primaryImageOfPage\":{\"@id\":\"https:\\\/\\\/itsasmuseoa.eus\\\/eu\\\/jarduerak\\\/gure-argitalpenak\\\/monografiak\\\/antonio-de-gaztaneta\\\/#primaryimage\"},\"image\":{\"@id\":\"https:\\\/\\\/itsasmuseoa.eus\\\/eu\\\/jarduerak\\\/gure-argitalpenak\\\/monografiak\\\/antonio-de-gaztaneta\\\/#primaryimage\"},\"thumbnailUrl\":\"https:\\\/\\\/itsasmuseoa.eus\\\/wp-content\\\/uploads\\\/2021\\\/06\\\/WEB-libros-A4-9.jpg\",\"datePublished\":\"2022-08-09T14:30:07+00:00\",\"dateModified\":\"2023-02-01T07:16:29+00:00\",\"breadcrumb\":{\"@id\":\"https:\\\/\\\/itsasmuseoa.eus\\\/eu\\\/jarduerak\\\/gure-argitalpenak\\\/monografiak\\\/antonio-de-gaztaneta\\\/#breadcrumb\"},\"inLanguage\":\"eu-ES\",\"potentialAction\":[{\"@type\":\"ReadAction\",\"target\":[\"https:\\\/\\\/itsasmuseoa.eus\\\/eu\\\/jarduerak\\\/gure-argitalpenak\\\/monografiak\\\/antonio-de-gaztaneta\\\/\"]}]},{\"@type\":\"ImageObject\",\"inLanguage\":\"eu-ES\",\"@id\":\"https:\\\/\\\/itsasmuseoa.eus\\\/eu\\\/jarduerak\\\/gure-argitalpenak\\\/monografiak\\\/antonio-de-gaztaneta\\\/#primaryimage\",\"url\":\"https:\\\/\\\/itsasmuseoa.eus\\\/wp-content\\\/uploads\\\/2021\\\/06\\\/WEB-libros-A4-9.jpg\",\"contentUrl\":\"https:\\\/\\\/itsasmuseoa.eus\\\/wp-content\\\/uploads\\\/2021\\\/06\\\/WEB-libros-A4-9.jpg\",\"width\":1414,\"height\":2000},{\"@type\":\"BreadcrumbList\",\"@id\":\"https:\\\/\\\/itsasmuseoa.eus\\\/eu\\\/jarduerak\\\/gure-argitalpenak\\\/monografiak\\\/antonio-de-gaztaneta\\\/#breadcrumb\",\"itemListElement\":[{\"@type\":\"ListItem\",\"position\":1,\"name\":\"Inicio\",\"item\":\"https:\\\/\\\/itsasmuseoa.eus\\\/eu\\\/\"},{\"@type\":\"ListItem\",\"position\":2,\"name\":\"Jarduerak\",\"item\":\"https:\\\/\\\/itsasmuseoa.eus\\\/eu\\\/actividades\\\/\"},{\"@type\":\"ListItem\",\"position\":3,\"name\":\"Gure argitalpenak\",\"item\":\"https:\\\/\\\/itsasmuseoa.eus\\\/eu\\\/actividades\\\/nuestras-publicaciones\\\/\"},{\"@type\":\"ListItem\",\"position\":4,\"name\":\"Monografiak\",\"item\":\"https:\\\/\\\/itsasmuseoa.eus\\\/eu\\\/jarduerak\\\/gure-argitalpenak\\\/monografiak\\\/\"},{\"@type\":\"ListItem\",\"position\":5,\"name\":\"Antonio de Gazta\u00f1eta\"}]},{\"@type\":\"WebSite\",\"@id\":\"https:\\\/\\\/itsasmuseoa.eus\\\/eu\\\/#website\",\"url\":\"https:\\\/\\\/itsasmuseoa.eus\\\/eu\\\/\",\"name\":\"Euskal Itsas Museoa\",\"description\":\"Museo Mar\u00edtimo Vasco\",\"potentialAction\":[{\"@type\":\"SearchAction\",\"target\":{\"@type\":\"EntryPoint\",\"urlTemplate\":\"https:\\\/\\\/itsasmuseoa.eus\\\/eu\\\/?s={search_term_string}\"},\"query-input\":{\"@type\":\"PropertyValueSpecification\",\"valueRequired\":true,\"valueName\":\"search_term_string\"}}],\"inLanguage\":\"eu-ES\"}]}<\/script>\n<!-- \/ Yoast SEO plugin. -->","yoast_head_json":{"title":"Antonio de Gazta\u00f1eta - Euskal Itsas Museoa","robots":{"index":"index","follow":"follow","max-snippet":"max-snippet:-1","max-image-preview":"max-image-preview:large","max-video-preview":"max-video-preview:-1"},"canonical":"https:\/\/itsasmuseoa.eus\/eu\/jarduerak\/gure-argitalpenak\/monografiak\/antonio-de-gaztaneta\/","og_locale":"eu_ES","og_type":"article","og_title":"Antonio de Gazta\u00f1eta - Euskal Itsas Museoa","og_description":"Inicio Jarduerak Gure argitalpenak Monografiak Antonio de Gazta\u00f1eta Monografiak Deskargatu Antonio de Gazta\u00f1eta 1992 Antonio de Gazta\u00f1eta, 1656-1728 AAVV Monografiei buruz Euskal Itsas Museoak jarduera editorial bat egiten du (liburuak eta liburuxkak) batez ere ekoizten dituen aldi baterako erakusketekin lotuta. Etengabeko eta kalitatezko produkzio editoriala mantentzeko ahalegina da, zalantzarik gabe, museo honen bereizgarrietako bat.","og_url":"https:\/\/itsasmuseoa.eus\/eu\/jarduerak\/gure-argitalpenak\/monografiak\/antonio-de-gaztaneta\/","og_site_name":"Euskal Itsas Museoa","article_modified_time":"2023-02-01T07:16:29+00:00","og_image":[{"width":1414,"height":2000,"url":"https:\/\/itsasmuseoa.eus\/wp-content\/uploads\/2021\/06\/WEB-libros-A4-9.jpg","type":"image\/jpeg"}],"twitter_card":"summary_large_image","schema":{"@context":"https:\/\/schema.org","@graph":[{"@type":"WebPage","@id":"https:\/\/itsasmuseoa.eus\/eu\/jarduerak\/gure-argitalpenak\/monografiak\/antonio-de-gaztaneta\/","url":"https:\/\/itsasmuseoa.eus\/eu\/jarduerak\/gure-argitalpenak\/monografiak\/antonio-de-gaztaneta\/","name":"Antonio de Gazta\u00f1eta - Euskal Itsas Museoa","isPartOf":{"@id":"https:\/\/itsasmuseoa.eus\/eu\/#website"},"primaryImageOfPage":{"@id":"https:\/\/itsasmuseoa.eus\/eu\/jarduerak\/gure-argitalpenak\/monografiak\/antonio-de-gaztaneta\/#primaryimage"},"image":{"@id":"https:\/\/itsasmuseoa.eus\/eu\/jarduerak\/gure-argitalpenak\/monografiak\/antonio-de-gaztaneta\/#primaryimage"},"thumbnailUrl":"https:\/\/itsasmuseoa.eus\/wp-content\/uploads\/2021\/06\/WEB-libros-A4-9.jpg","datePublished":"2022-08-09T14:30:07+00:00","dateModified":"2023-02-01T07:16:29+00:00","breadcrumb":{"@id":"https:\/\/itsasmuseoa.eus\/eu\/jarduerak\/gure-argitalpenak\/monografiak\/antonio-de-gaztaneta\/#breadcrumb"},"inLanguage":"eu-ES","potentialAction":[{"@type":"ReadAction","target":["https:\/\/itsasmuseoa.eus\/eu\/jarduerak\/gure-argitalpenak\/monografiak\/antonio-de-gaztaneta\/"]}]},{"@type":"ImageObject","inLanguage":"eu-ES","@id":"https:\/\/itsasmuseoa.eus\/eu\/jarduerak\/gure-argitalpenak\/monografiak\/antonio-de-gaztaneta\/#primaryimage","url":"https:\/\/itsasmuseoa.eus\/wp-content\/uploads\/2021\/06\/WEB-libros-A4-9.jpg","contentUrl":"https:\/\/itsasmuseoa.eus\/wp-content\/uploads\/2021\/06\/WEB-libros-A4-9.jpg","width":1414,"height":2000},{"@type":"BreadcrumbList","@id":"https:\/\/itsasmuseoa.eus\/eu\/jarduerak\/gure-argitalpenak\/monografiak\/antonio-de-gaztaneta\/#breadcrumb","itemListElement":[{"@type":"ListItem","position":1,"name":"Inicio","item":"https:\/\/itsasmuseoa.eus\/eu\/"},{"@type":"ListItem","position":2,"name":"Jarduerak","item":"https:\/\/itsasmuseoa.eus\/eu\/actividades\/"},{"@type":"ListItem","position":3,"name":"Gure argitalpenak","item":"https:\/\/itsasmuseoa.eus\/eu\/actividades\/nuestras-publicaciones\/"},{"@type":"ListItem","position":4,"name":"Monografiak","item":"https:\/\/itsasmuseoa.eus\/eu\/jarduerak\/gure-argitalpenak\/monografiak\/"},{"@type":"ListItem","position":5,"name":"Antonio de Gazta\u00f1eta"}]},{"@type":"WebSite","@id":"https:\/\/itsasmuseoa.eus\/eu\/#website","url":"https:\/\/itsasmuseoa.eus\/eu\/","name":"Euskal Itsas Museoa","description":"Museo Mar\u00edtimo Vasco","potentialAction":[{"@type":"SearchAction","target":{"@type":"EntryPoint","urlTemplate":"https:\/\/itsasmuseoa.eus\/eu\/?s={search_term_string}"},"query-input":{"@type":"PropertyValueSpecification","valueRequired":true,"valueName":"search_term_string"}}],"inLanguage":"eu-ES"}]}},"_links":{"self":[{"href":"https:\/\/itsasmuseoa.eus\/eu\/wp-json\/wp\/v2\/pages\/11543","targetHints":{"allow":["GET"]}}],"collection":[{"href":"https:\/\/itsasmuseoa.eus\/eu\/wp-json\/wp\/v2\/pages"}],"about":[{"href":"https:\/\/itsasmuseoa.eus\/eu\/wp-json\/wp\/v2\/types\/page"}],"author":[{"embeddable":true,"href":"https:\/\/itsasmuseoa.eus\/eu\/wp-json\/wp\/v2\/users\/4"}],"replies":[{"embeddable":true,"href":"https:\/\/itsasmuseoa.eus\/eu\/wp-json\/wp\/v2\/comments?post=11543"}],"version-history":[{"count":0,"href":"https:\/\/itsasmuseoa.eus\/eu\/wp-json\/wp\/v2\/pages\/11543\/revisions"}],"up":[{"embeddable":true,"href":"https:\/\/itsasmuseoa.eus\/eu\/wp-json\/wp\/v2\/pages\/7062"}],"wp:featuredmedia":[{"embeddable":true,"href":"https:\/\/itsasmuseoa.eus\/eu\/wp-json\/wp\/v2\/media\/11514"}],"wp:attachment":[{"href":"https:\/\/itsasmuseoa.eus\/eu\/wp-json\/wp\/v2\/media?parent=11543"}],"wp:term":[{"taxonomy":"category","embeddable":true,"href":"https:\/\/itsasmuseoa.eus\/eu\/wp-json\/wp\/v2\/categories?post=11543"},{"taxonomy":"post_tag","embeddable":true,"href":"https:\/\/itsasmuseoa.eus\/eu\/wp-json\/wp\/v2\/tags?post=11543"}],"curies":[{"name":"wp","href":"https:\/\/api.w.org\/{rel}","templated":true}]}}