{"id":11818,"date":"2022-09-14T16:41:22","date_gmt":"2022-09-14T14:41:22","guid":{"rendered":"https:\/\/itsasmuseoa.eus\/jarduerak\/agenda\/iii-nazioarteko-tinatxo-estropada\/"},"modified":"2022-09-28T16:30:25","modified_gmt":"2022-09-28T14:30:25","slug":"iii-nazioarteko-tinatxo-estropada","status":"publish","type":"page","link":"https:\/\/itsasmuseoa.eus\/eu\/jarduerak\/agenda\/iii-nazioarteko-tinatxo-estropada\/","title":{"rendered":"III. NAZIOARTEKO TINATXO ESTROPADA"},"content":{"rendered":"\n<a href=\"https:\/\/itsasmuseoa.eus\/\">Inicio<\/a> <img decoding=\"async\" src=\"https:\/\/itsasmuseoa.eus\/flecha-breadcrumbs\/\" alt=\"icono flecha\"> Actividades <img decoding=\"async\" src=\"https:\/\/itsasmuseoa.eus\/flecha-breadcrumbs\/\" alt=\"icono flecha\"> <a href=\"https:\/\/itsasmuseoa.eus\/actividades\/agenda\/\">Agenda<\/a> <img decoding=\"async\" src=\"https:\/\/itsasmuseoa.eus\/flecha-breadcrumbs\/\" alt=\"icono flecha\"> Copia de II REGATA INTERNACIONAL DE TINAS\n\t\t<h2>\n\t\t\tTitle\n\t\t<\/h2>\n<h2>\n\t\tENCUENTROEncuentro+\n\t<\/h2>\n<h1>\n\t\tIII. Regata internacional de Tinas\n\t<\/h1>\n<h2>\n\t\t1 de octubre\n\t<\/h2>\n\n\n\n\t<p>Un a\u00f1o m\u00e1s, celebramos la regata internacional de tinas para la puesta en valor de nuestro patrimonio mar\u00edtimo, vinculado al deporte y a la fiesta.&nbsp;<\/p>\n<p>Se trata de una actividad l\u00fadica abierta a todas las personas mayores de 16 a\u00f1os que quieran participar.&nbsp;<\/p>\n<p><strong>Bandera<\/strong>: Segunda bandera<em> Joanes de Areizaga<\/em><\/p>\n<p><strong>Colaboran<\/strong>: RCTSS, Navegavela, Arraun Lagunak, Kaiarriba Arraun Elkartea, Kutxa Kultur Moda<\/p>\n<p><strong>Plazas limitadas<\/strong> &#8211; Reserva previa necesaria.<\/p>\n\t\t\t<a href=\"https:\/\/itsasmuseoa.eus\/reserva-de-entradas\/?reserva=III Regata Internacional de Tinas\" target=\"_self\" role=\"button\" rel=\"noopener\">\n\t\t\t\t\t\tReservar plaza\n\t\t\t\t\t<\/a>\n\t<iframe title=\"II. NAZIOARTEKO TINATXO ESTROPADA\" width=\"500\" height=\"281\" src=\"https:\/\/www.youtube.com\/embed\/4AiMCG6tVog?feature=oembed\" frameborder=\"0\" allow=\"accelerometer; autoplay; clipboard-write; encrypted-media; gyroscope; picture-in-picture\" allowfullscreen=\"\"><\/iframe>\n\t<p><strong>Recuperando la tradici\u00f3n<\/strong><\/p>\n<p>Esta especial regata busca recuperar una tradici\u00f3n que est\u00e1 desapareciendo de nuestras costas. Los\/as j\u00f3venes utilizaban sus viejas tinas y se echaban al mar, desde la playa o el puerto, o al r\u00edo para celebrar sus regatas por diversi\u00f3n. El ambiente festivo y el estilo de remo provocaban que muchas veces lo\/as remero\/as acabaran bajo el agua.<\/p>\n<p><strong>BANDERA &#8220;JOANES DE AREIZAGA&#8221;<\/strong><\/p>\n<p>Visto el \u00e9xito de la primera edici\u00f3n, la regata vino para quedarse. Por eso, este a\u00f1o el vencedor o vencedora de la regata se llevar\u00e1 una Bandera.<\/p>\n<p>La bandera se llamar\u00e1 &#8220;Bandera Joanes de Areizaga&#8221;, en honor a la primera persona que se conoce que naveg\u00f3 en una &#8220;tina&#8221;.<\/p>\n<p><strong>El dise\u00f1o ha corrido a cargo de las artistas de <a href=\"https:\/\/www.kutxakultur.eus\/es\/programas\/kutxa-kultur-moda\/\">Kutxa Kultur Moda<\/a>.&nbsp; Cinco artistas del programa presentaron sus propuestas a finales de agosto, y a inicios de Septiembre se decidi\u00f3 mediante un jurado profesional la bandera ganadora, la dise\u00f1ada por Ainara Antxia.<\/strong><\/p>\n<p>&nbsp;<\/p>\n\t\t\t\t<img decoding=\"async\" src=\"https:\/\/itsasmuseoa.eus\/wp-content\/plugins\/bb-plugin\/img\/pixel.png\" alt=\"\" itemprop=\"image\" onerror=\"this.style.display='none'\">\n\t<a href=\"#\" id=\"trigger-\" data-modal=\"\" data-node=\"\">\n\t\t\t\t\t\t\tAMPLIAR FOTO\n\t\t\t\t\t\t\t\t\t\t\t\t<\/a>\n\t\t\t\t\t\tPreview\n\t\t\tmodal-\n\t\t\t\t\t\t<img decoding=\"async\" src=\"\">\n","protected":false},"excerpt":{"rendered":"<p>Beste behin, tina txapelketa abian jarri dugu, gure itsas ondareari behar duen garrantzia emateko, baina hontan kirola eta festarekin lotura duen jarduera bat eginez. <\/p>\n","protected":false},"author":4,"featured_media":8378,"parent":5408,"menu_order":0,"comment_status":"closed","ping_status":"closed","template":"","meta":{"_acf_changed":false,"footnotes":""},"categories":[],"tags":[449],"class_list":["post-11818","page","type-page","status-publish","has-post-thumbnail","hentry","tag-estropada"],"acf":[],"yoast_head":"<!-- This site is optimized with the Yoast SEO plugin v27.4 - https:\/\/yoast.com\/product\/yoast-seo-wordpress\/ -->\n<title>III. NAZIOARTEKO TINATXO ESTROPADA - Euskal Itsas Museoa<\/title>\n<meta name=\"robots\" content=\"index, follow, max-snippet:-1, max-image-preview:large, max-video-preview:-1\" \/>\n<link rel=\"canonical\" href=\"https:\/\/itsasmuseoa.eus\/eu\/jarduerak\/agenda\/iii-nazioarteko-tinatxo-estropada\/\" \/>\n<meta property=\"og:locale\" content=\"eu_ES\" \/>\n<meta property=\"og:type\" content=\"article\" \/>\n<meta property=\"og:title\" content=\"III. NAZIOARTEKO TINATXO ESTROPADA - Euskal Itsas Museoa\" \/>\n<meta property=\"og:description\" content=\"Beste behin, tina txapelketa abian jarri dugu, gure itsas ondareari behar duen garrantzia emateko, baina hontan kirola eta festarekin lotura duen jarduera bat eginez.\" \/>\n<meta property=\"og:url\" content=\"https:\/\/itsasmuseoa.eus\/eu\/jarduerak\/agenda\/iii-nazioarteko-tinatxo-estropada\/\" \/>\n<meta property=\"og:site_name\" content=\"Euskal Itsas Museoa\" \/>\n<meta property=\"article:modified_time\" content=\"2022-09-28T14:30:25+00:00\" \/>\n<meta property=\"og:image\" content=\"https:\/\/itsasmuseoa.eus\/wp-content\/uploads\/2021\/09\/1.jpg\" \/>\n\t<meta property=\"og:image:width\" content=\"1800\" \/>\n\t<meta property=\"og:image:height\" content=\"1200\" \/>\n\t<meta property=\"og:image:type\" content=\"image\/jpeg\" \/>\n<meta name=\"twitter:card\" content=\"summary_large_image\" \/>\n<meta name=\"twitter:label1\" content=\"Est. reading time\" \/>\n\t<meta name=\"twitter:data1\" content=\"1 minute\" \/>\n<script type=\"application\/ld+json\" class=\"yoast-schema-graph\">{\"@context\":\"https:\\\/\\\/schema.org\",\"@graph\":[{\"@type\":\"WebPage\",\"@id\":\"https:\\\/\\\/itsasmuseoa.eus\\\/eu\\\/jarduerak\\\/agenda\\\/iii-nazioarteko-tinatxo-estropada\\\/\",\"url\":\"https:\\\/\\\/itsasmuseoa.eus\\\/eu\\\/jarduerak\\\/agenda\\\/iii-nazioarteko-tinatxo-estropada\\\/\",\"name\":\"III. NAZIOARTEKO TINATXO ESTROPADA - Euskal Itsas Museoa\",\"isPartOf\":{\"@id\":\"https:\\\/\\\/itsasmuseoa.eus\\\/eu\\\/#website\"},\"primaryImageOfPage\":{\"@id\":\"https:\\\/\\\/itsasmuseoa.eus\\\/eu\\\/jarduerak\\\/agenda\\\/iii-nazioarteko-tinatxo-estropada\\\/#primaryimage\"},\"image\":{\"@id\":\"https:\\\/\\\/itsasmuseoa.eus\\\/eu\\\/jarduerak\\\/agenda\\\/iii-nazioarteko-tinatxo-estropada\\\/#primaryimage\"},\"thumbnailUrl\":\"https:\\\/\\\/itsasmuseoa.eus\\\/wp-content\\\/uploads\\\/2021\\\/09\\\/1.jpg\",\"datePublished\":\"2022-09-14T14:41:22+00:00\",\"dateModified\":\"2022-09-28T14:30:25+00:00\",\"breadcrumb\":{\"@id\":\"https:\\\/\\\/itsasmuseoa.eus\\\/eu\\\/jarduerak\\\/agenda\\\/iii-nazioarteko-tinatxo-estropada\\\/#breadcrumb\"},\"inLanguage\":\"eu-ES\",\"potentialAction\":[{\"@type\":\"ReadAction\",\"target\":[\"https:\\\/\\\/itsasmuseoa.eus\\\/eu\\\/jarduerak\\\/agenda\\\/iii-nazioarteko-tinatxo-estropada\\\/\"]}]},{\"@type\":\"ImageObject\",\"inLanguage\":\"eu-ES\",\"@id\":\"https:\\\/\\\/itsasmuseoa.eus\\\/eu\\\/jarduerak\\\/agenda\\\/iii-nazioarteko-tinatxo-estropada\\\/#primaryimage\",\"url\":\"https:\\\/\\\/itsasmuseoa.eus\\\/wp-content\\\/uploads\\\/2021\\\/09\\\/1.jpg\",\"contentUrl\":\"https:\\\/\\\/itsasmuseoa.eus\\\/wp-content\\\/uploads\\\/2021\\\/09\\\/1.jpg\",\"width\":1800,\"height\":1200,\"caption\":\"Cartel de la Bandera de la II regata internacional de Tinas\"},{\"@type\":\"BreadcrumbList\",\"@id\":\"https:\\\/\\\/itsasmuseoa.eus\\\/eu\\\/jarduerak\\\/agenda\\\/iii-nazioarteko-tinatxo-estropada\\\/#breadcrumb\",\"itemListElement\":[{\"@type\":\"ListItem\",\"position\":1,\"name\":\"Inicio\",\"item\":\"https:\\\/\\\/itsasmuseoa.eus\\\/eu\\\/\"},{\"@type\":\"ListItem\",\"position\":2,\"name\":\"Jarduerak\",\"item\":\"https:\\\/\\\/itsasmuseoa.eus\\\/eu\\\/actividades\\\/\"},{\"@type\":\"ListItem\",\"position\":3,\"name\":\"Agenda\",\"item\":\"https:\\\/\\\/itsasmuseoa.eus\\\/eu\\\/jarduerak\\\/agenda\\\/\"},{\"@type\":\"ListItem\",\"position\":4,\"name\":\"III. NAZIOARTEKO TINATXO ESTROPADA\"}]},{\"@type\":\"WebSite\",\"@id\":\"https:\\\/\\\/itsasmuseoa.eus\\\/eu\\\/#website\",\"url\":\"https:\\\/\\\/itsasmuseoa.eus\\\/eu\\\/\",\"name\":\"Euskal Itsas Museoa\",\"description\":\"Museo Mar\u00edtimo Vasco\",\"potentialAction\":[{\"@type\":\"SearchAction\",\"target\":{\"@type\":\"EntryPoint\",\"urlTemplate\":\"https:\\\/\\\/itsasmuseoa.eus\\\/eu\\\/?s={search_term_string}\"},\"query-input\":{\"@type\":\"PropertyValueSpecification\",\"valueRequired\":true,\"valueName\":\"search_term_string\"}}],\"inLanguage\":\"eu-ES\"}]}<\/script>\n<!-- \/ Yoast SEO plugin. -->","yoast_head_json":{"title":"III. NAZIOARTEKO TINATXO ESTROPADA - Euskal Itsas Museoa","robots":{"index":"index","follow":"follow","max-snippet":"max-snippet:-1","max-image-preview":"max-image-preview:large","max-video-preview":"max-video-preview:-1"},"canonical":"https:\/\/itsasmuseoa.eus\/eu\/jarduerak\/agenda\/iii-nazioarteko-tinatxo-estropada\/","og_locale":"eu_ES","og_type":"article","og_title":"III. NAZIOARTEKO TINATXO ESTROPADA - Euskal Itsas Museoa","og_description":"Beste behin, tina txapelketa abian jarri dugu, gure itsas ondareari behar duen garrantzia emateko, baina hontan kirola eta festarekin lotura duen jarduera bat eginez.","og_url":"https:\/\/itsasmuseoa.eus\/eu\/jarduerak\/agenda\/iii-nazioarteko-tinatxo-estropada\/","og_site_name":"Euskal Itsas Museoa","article_modified_time":"2022-09-28T14:30:25+00:00","og_image":[{"width":1800,"height":1200,"url":"https:\/\/itsasmuseoa.eus\/wp-content\/uploads\/2021\/09\/1.jpg","type":"image\/jpeg"}],"twitter_card":"summary_large_image","twitter_misc":{"Est. reading time":"1 minute"},"schema":{"@context":"https:\/\/schema.org","@graph":[{"@type":"WebPage","@id":"https:\/\/itsasmuseoa.eus\/eu\/jarduerak\/agenda\/iii-nazioarteko-tinatxo-estropada\/","url":"https:\/\/itsasmuseoa.eus\/eu\/jarduerak\/agenda\/iii-nazioarteko-tinatxo-estropada\/","name":"III. NAZIOARTEKO TINATXO ESTROPADA - Euskal Itsas Museoa","isPartOf":{"@id":"https:\/\/itsasmuseoa.eus\/eu\/#website"},"primaryImageOfPage":{"@id":"https:\/\/itsasmuseoa.eus\/eu\/jarduerak\/agenda\/iii-nazioarteko-tinatxo-estropada\/#primaryimage"},"image":{"@id":"https:\/\/itsasmuseoa.eus\/eu\/jarduerak\/agenda\/iii-nazioarteko-tinatxo-estropada\/#primaryimage"},"thumbnailUrl":"https:\/\/itsasmuseoa.eus\/wp-content\/uploads\/2021\/09\/1.jpg","datePublished":"2022-09-14T14:41:22+00:00","dateModified":"2022-09-28T14:30:25+00:00","breadcrumb":{"@id":"https:\/\/itsasmuseoa.eus\/eu\/jarduerak\/agenda\/iii-nazioarteko-tinatxo-estropada\/#breadcrumb"},"inLanguage":"eu-ES","potentialAction":[{"@type":"ReadAction","target":["https:\/\/itsasmuseoa.eus\/eu\/jarduerak\/agenda\/iii-nazioarteko-tinatxo-estropada\/"]}]},{"@type":"ImageObject","inLanguage":"eu-ES","@id":"https:\/\/itsasmuseoa.eus\/eu\/jarduerak\/agenda\/iii-nazioarteko-tinatxo-estropada\/#primaryimage","url":"https:\/\/itsasmuseoa.eus\/wp-content\/uploads\/2021\/09\/1.jpg","contentUrl":"https:\/\/itsasmuseoa.eus\/wp-content\/uploads\/2021\/09\/1.jpg","width":1800,"height":1200,"caption":"Cartel de la Bandera de la II regata internacional de Tinas"},{"@type":"BreadcrumbList","@id":"https:\/\/itsasmuseoa.eus\/eu\/jarduerak\/agenda\/iii-nazioarteko-tinatxo-estropada\/#breadcrumb","itemListElement":[{"@type":"ListItem","position":1,"name":"Inicio","item":"https:\/\/itsasmuseoa.eus\/eu\/"},{"@type":"ListItem","position":2,"name":"Jarduerak","item":"https:\/\/itsasmuseoa.eus\/eu\/actividades\/"},{"@type":"ListItem","position":3,"name":"Agenda","item":"https:\/\/itsasmuseoa.eus\/eu\/jarduerak\/agenda\/"},{"@type":"ListItem","position":4,"name":"III. NAZIOARTEKO TINATXO ESTROPADA"}]},{"@type":"WebSite","@id":"https:\/\/itsasmuseoa.eus\/eu\/#website","url":"https:\/\/itsasmuseoa.eus\/eu\/","name":"Euskal Itsas Museoa","description":"Museo Mar\u00edtimo Vasco","potentialAction":[{"@type":"SearchAction","target":{"@type":"EntryPoint","urlTemplate":"https:\/\/itsasmuseoa.eus\/eu\/?s={search_term_string}"},"query-input":{"@type":"PropertyValueSpecification","valueRequired":true,"valueName":"search_term_string"}}],"inLanguage":"eu-ES"}]}},"_links":{"self":[{"href":"https:\/\/itsasmuseoa.eus\/eu\/wp-json\/wp\/v2\/pages\/11818","targetHints":{"allow":["GET"]}}],"collection":[{"href":"https:\/\/itsasmuseoa.eus\/eu\/wp-json\/wp\/v2\/pages"}],"about":[{"href":"https:\/\/itsasmuseoa.eus\/eu\/wp-json\/wp\/v2\/types\/page"}],"author":[{"embeddable":true,"href":"https:\/\/itsasmuseoa.eus\/eu\/wp-json\/wp\/v2\/users\/4"}],"replies":[{"embeddable":true,"href":"https:\/\/itsasmuseoa.eus\/eu\/wp-json\/wp\/v2\/comments?post=11818"}],"version-history":[{"count":0,"href":"https:\/\/itsasmuseoa.eus\/eu\/wp-json\/wp\/v2\/pages\/11818\/revisions"}],"up":[{"embeddable":true,"href":"https:\/\/itsasmuseoa.eus\/eu\/wp-json\/wp\/v2\/pages\/5408"}],"wp:featuredmedia":[{"embeddable":true,"href":"https:\/\/itsasmuseoa.eus\/eu\/wp-json\/wp\/v2\/media\/8378"}],"wp:attachment":[{"href":"https:\/\/itsasmuseoa.eus\/eu\/wp-json\/wp\/v2\/media?parent=11818"}],"wp:term":[{"taxonomy":"category","embeddable":true,"href":"https:\/\/itsasmuseoa.eus\/eu\/wp-json\/wp\/v2\/categories?post=11818"},{"taxonomy":"post_tag","embeddable":true,"href":"https:\/\/itsasmuseoa.eus\/eu\/wp-json\/wp\/v2\/tags?post=11818"}],"curies":[{"name":"wp","href":"https:\/\/api.w.org\/{rel}","templated":true}]}}