{"id":13425,"date":"2023-02-25T13:56:38","date_gmt":"2023-02-25T12:56:38","guid":{"rendered":"https:\/\/itsasmuseoa.eus\/?page_id=13425"},"modified":"2023-02-28T11:39:31","modified_gmt":"2023-02-28T10:39:31","slug":"euskal-kostaldeko-museoen-hilabetea-2023","status":"publish","type":"page","link":"https:\/\/itsasmuseoa.eus\/eu\/euskal-kostaldeko-museoen-hilabetea-2023\/","title":{"rendered":"Euskal Kostaldeko Museoen hilabetea 2023"},"content":{"rendered":"\n<a href=\"https:\/\/itsasmuseoa.eus\/\">Inicio<\/a> <img decoding=\"async\" src=\"https:\/\/itsasmuseoa.eus\/flecha-breadcrumbs\/\" alt=\"icono flecha\"> Mes de los Museos de la Costa Vasca 2023\n\t\t<h2>\n\t\t\tActualidad\n\t\t<\/h2>\n\n\n\t<p><strong>Marzo vuelve con una rica oferta cultural de m\u00e1s de 100 planes para todos los p\u00fablicos que se desarrollar\u00e1n en los museos de la costa vasca.&nbsp;<\/strong><\/p>\n<p>La X. Edici\u00f3n del <em>Mes de los Museos de la Costa Vasca<\/em> ofrecer\u00e1 m\u00e1s de 50 actividades en 28 centros culturales de Bizkaia y Gipuzkoa. Algunas de estas propuestas se repiten en distintos d\u00edas, por lo que la oferta total es de m\u00e1s de 100 planes entre el 1 y 31 de marzo.<\/p>\n<p>Talleres para familias, juegos infantiles, visitas guiadas especiales, entradas gratuitas, degustaciones, paseos en barco, espect\u00e1culos en directo son algunas de las actividades que se ofrecer\u00e1n durante el mes de marzo.<\/p>\n<p>El calendario y la informaci\u00f3n completa de las actividades programadas estar\u00e1n disponibles desde hoy en la P\u00e1gina Web de la red <a href=\"http:\/\/www.losmuseosdelacostavasca.eus\/\">www.losmuseosdelacostavasca.eus<\/a><\/p>\n<p><em>La programaci\u00f3n se ha presentado esta ma\u00f1ana en Arrantzaleen Museoa de Bizkaia, <\/em>un museo dedicado a mostrar las diferentes vertientes de la historia, vida tradici\u00f3n y oficio de los pescadores vascos y que este a\u00f1o cumple 75 a\u00f1os.<\/p>\n\t\t\t<a href=\"https:\/\/www.losmuseosdelacostavasca.eus\/es\/\" target=\"_self\" role=\"button\" rel=\"noopener\">\n\t\t\t\t\t\t\tSABER M\u00c1S\n\t\t\t\t\t<\/a>\n\t\t\t\t<a href=\"https:\/\/itsasmuseoa.eus\/wp-content\/uploads\/2023\/02\/Banner_WEB_3-17-1.jpg\" target=\"_self\" itemprop=\"url\" rel=\"noopener\">\n\t\t\t\t<img decoding=\"async\" src=\"https:\/\/itsasmuseoa.eus\/wp-content\/uploads\/2023\/02\/Banner_WEB_3-17-1.jpg\" alt=\"Banner_WEB_3 (17)\" itemprop=\"image\" height=\"1200\" width=\"1800\" title=\"Banner_WEB_3 (17)\" onerror=\"this.style.display='none'\">\n\t\t\t\t<\/a>\n\t<a href=\"#\" id=\"trigger-\" data-modal=\"\" data-node=\"\">\n\t\t\t\t\t\t\tAMPLIAR FOTO\n\t\t\t\t\t\t\t\t\t\t\t\t<\/a>\n\t\t\t\t\t\tPreview\n\t\t\tmodal-\n\t\t\t\t\t\t<img decoding=\"async\" src=\"\">\n","protected":false},"excerpt":{"rendered":"<p>Martxoa bueltan da euskal kostaldeko museoetan garatuko diren 100 plan baino gehiagoko eskaintza kultural aberatsarekin.<\/p>\n","protected":false},"author":4,"featured_media":13420,"parent":0,"menu_order":0,"comment_status":"closed","ping_status":"closed","template":"","meta":{"_acf_changed":false,"footnotes":""},"categories":[227],"tags":[137],"class_list":["post-13425","page","type-page","status-publish","has-post-thumbnail","hentry","category-beste-albisteak","tag-egungoagentemuseoa"],"acf":[],"yoast_head":"<!-- This site is optimized with the Yoast SEO plugin v27.5 - https:\/\/yoast.com\/product\/yoast-seo-wordpress\/ -->\n<title>Euskal Kostaldeko Museoen hilabetea 2023 - Euskal Itsas Museoa<\/title>\n<meta name=\"robots\" content=\"index, follow, max-snippet:-1, max-image-preview:large, max-video-preview:-1\" \/>\n<link rel=\"canonical\" href=\"https:\/\/itsasmuseoa.eus\/eu\/euskal-kostaldeko-museoen-hilabetea-2023\/\" \/>\n<meta property=\"og:locale\" content=\"eu_ES\" \/>\n<meta property=\"og:type\" content=\"article\" \/>\n<meta property=\"og:title\" content=\"Euskal Kostaldeko Museoen hilabetea 2023 - Euskal Itsas Museoa\" \/>\n<meta property=\"og:description\" content=\"Martxoa bueltan da euskal kostaldeko museoetan garatuko diren 100 plan baino gehiagoko eskaintza kultural aberatsarekin.\" \/>\n<meta property=\"og:url\" content=\"https:\/\/itsasmuseoa.eus\/eu\/euskal-kostaldeko-museoen-hilabetea-2023\/\" \/>\n<meta property=\"og:site_name\" content=\"Euskal Itsas Museoa\" \/>\n<meta property=\"article:modified_time\" content=\"2023-02-28T10:39:31+00:00\" \/>\n<meta property=\"og:image\" content=\"https:\/\/itsasmuseoa.eus\/wp-content\/uploads\/2023\/02\/Banner_WEB_3-17-1.jpg\" \/>\n\t<meta property=\"og:image:width\" content=\"1800\" \/>\n\t<meta property=\"og:image:height\" content=\"1200\" \/>\n\t<meta property=\"og:image:type\" content=\"image\/jpeg\" \/>\n<meta name=\"twitter:card\" content=\"summary_large_image\" \/>\n<meta name=\"twitter:label1\" content=\"Est. reading time\" \/>\n\t<meta name=\"twitter:data1\" content=\"1 minute\" \/>\n<script type=\"application\/ld+json\" class=\"yoast-schema-graph\">{\"@context\":\"https:\\\/\\\/schema.org\",\"@graph\":[{\"@type\":\"WebPage\",\"@id\":\"https:\\\/\\\/itsasmuseoa.eus\\\/eu\\\/euskal-kostaldeko-museoen-hilabetea-2023\\\/\",\"url\":\"https:\\\/\\\/itsasmuseoa.eus\\\/eu\\\/euskal-kostaldeko-museoen-hilabetea-2023\\\/\",\"name\":\"Euskal Kostaldeko Museoen hilabetea 2023 - Euskal Itsas Museoa\",\"isPartOf\":{\"@id\":\"https:\\\/\\\/itsasmuseoa.eus\\\/eu\\\/#website\"},\"primaryImageOfPage\":{\"@id\":\"https:\\\/\\\/itsasmuseoa.eus\\\/eu\\\/euskal-kostaldeko-museoen-hilabetea-2023\\\/#primaryimage\"},\"image\":{\"@id\":\"https:\\\/\\\/itsasmuseoa.eus\\\/eu\\\/euskal-kostaldeko-museoen-hilabetea-2023\\\/#primaryimage\"},\"thumbnailUrl\":\"https:\\\/\\\/itsasmuseoa.eus\\\/wp-content\\\/uploads\\\/2023\\\/02\\\/Banner_WEB_3-17-1.jpg\",\"datePublished\":\"2023-02-25T12:56:38+00:00\",\"dateModified\":\"2023-02-28T10:39:31+00:00\",\"breadcrumb\":{\"@id\":\"https:\\\/\\\/itsasmuseoa.eus\\\/eu\\\/euskal-kostaldeko-museoen-hilabetea-2023\\\/#breadcrumb\"},\"inLanguage\":\"eu-ES\",\"potentialAction\":[{\"@type\":\"ReadAction\",\"target\":[\"https:\\\/\\\/itsasmuseoa.eus\\\/eu\\\/euskal-kostaldeko-museoen-hilabetea-2023\\\/\"]}]},{\"@type\":\"ImageObject\",\"inLanguage\":\"eu-ES\",\"@id\":\"https:\\\/\\\/itsasmuseoa.eus\\\/eu\\\/euskal-kostaldeko-museoen-hilabetea-2023\\\/#primaryimage\",\"url\":\"https:\\\/\\\/itsasmuseoa.eus\\\/wp-content\\\/uploads\\\/2023\\\/02\\\/Banner_WEB_3-17-1.jpg\",\"contentUrl\":\"https:\\\/\\\/itsasmuseoa.eus\\\/wp-content\\\/uploads\\\/2023\\\/02\\\/Banner_WEB_3-17-1.jpg\",\"width\":1800,\"height\":1200},{\"@type\":\"BreadcrumbList\",\"@id\":\"https:\\\/\\\/itsasmuseoa.eus\\\/eu\\\/euskal-kostaldeko-museoen-hilabetea-2023\\\/#breadcrumb\",\"itemListElement\":[{\"@type\":\"ListItem\",\"position\":1,\"name\":\"Inicio\",\"item\":\"https:\\\/\\\/itsasmuseoa.eus\\\/eu\\\/\"},{\"@type\":\"ListItem\",\"position\":2,\"name\":\"Euskal Kostaldeko Museoen hilabetea 2023\"}]},{\"@type\":\"WebSite\",\"@id\":\"https:\\\/\\\/itsasmuseoa.eus\\\/eu\\\/#website\",\"url\":\"https:\\\/\\\/itsasmuseoa.eus\\\/eu\\\/\",\"name\":\"Euskal Itsas Museoa\",\"description\":\"Museo Mar\u00edtimo Vasco\",\"potentialAction\":[{\"@type\":\"SearchAction\",\"target\":{\"@type\":\"EntryPoint\",\"urlTemplate\":\"https:\\\/\\\/itsasmuseoa.eus\\\/eu\\\/?s={search_term_string}\"},\"query-input\":{\"@type\":\"PropertyValueSpecification\",\"valueRequired\":true,\"valueName\":\"search_term_string\"}}],\"inLanguage\":\"eu-ES\"}]}<\/script>\n<!-- \/ Yoast SEO plugin. -->","yoast_head_json":{"title":"Euskal Kostaldeko Museoen hilabetea 2023 - Euskal Itsas Museoa","robots":{"index":"index","follow":"follow","max-snippet":"max-snippet:-1","max-image-preview":"max-image-preview:large","max-video-preview":"max-video-preview:-1"},"canonical":"https:\/\/itsasmuseoa.eus\/eu\/euskal-kostaldeko-museoen-hilabetea-2023\/","og_locale":"eu_ES","og_type":"article","og_title":"Euskal Kostaldeko Museoen hilabetea 2023 - Euskal Itsas Museoa","og_description":"Martxoa bueltan da euskal kostaldeko museoetan garatuko diren 100 plan baino gehiagoko eskaintza kultural aberatsarekin.","og_url":"https:\/\/itsasmuseoa.eus\/eu\/euskal-kostaldeko-museoen-hilabetea-2023\/","og_site_name":"Euskal Itsas Museoa","article_modified_time":"2023-02-28T10:39:31+00:00","og_image":[{"width":1800,"height":1200,"url":"https:\/\/itsasmuseoa.eus\/wp-content\/uploads\/2023\/02\/Banner_WEB_3-17-1.jpg","type":"image\/jpeg"}],"twitter_card":"summary_large_image","twitter_misc":{"Est. reading time":"1 minute"},"schema":{"@context":"https:\/\/schema.org","@graph":[{"@type":"WebPage","@id":"https:\/\/itsasmuseoa.eus\/eu\/euskal-kostaldeko-museoen-hilabetea-2023\/","url":"https:\/\/itsasmuseoa.eus\/eu\/euskal-kostaldeko-museoen-hilabetea-2023\/","name":"Euskal Kostaldeko Museoen hilabetea 2023 - Euskal Itsas Museoa","isPartOf":{"@id":"https:\/\/itsasmuseoa.eus\/eu\/#website"},"primaryImageOfPage":{"@id":"https:\/\/itsasmuseoa.eus\/eu\/euskal-kostaldeko-museoen-hilabetea-2023\/#primaryimage"},"image":{"@id":"https:\/\/itsasmuseoa.eus\/eu\/euskal-kostaldeko-museoen-hilabetea-2023\/#primaryimage"},"thumbnailUrl":"https:\/\/itsasmuseoa.eus\/wp-content\/uploads\/2023\/02\/Banner_WEB_3-17-1.jpg","datePublished":"2023-02-25T12:56:38+00:00","dateModified":"2023-02-28T10:39:31+00:00","breadcrumb":{"@id":"https:\/\/itsasmuseoa.eus\/eu\/euskal-kostaldeko-museoen-hilabetea-2023\/#breadcrumb"},"inLanguage":"eu-ES","potentialAction":[{"@type":"ReadAction","target":["https:\/\/itsasmuseoa.eus\/eu\/euskal-kostaldeko-museoen-hilabetea-2023\/"]}]},{"@type":"ImageObject","inLanguage":"eu-ES","@id":"https:\/\/itsasmuseoa.eus\/eu\/euskal-kostaldeko-museoen-hilabetea-2023\/#primaryimage","url":"https:\/\/itsasmuseoa.eus\/wp-content\/uploads\/2023\/02\/Banner_WEB_3-17-1.jpg","contentUrl":"https:\/\/itsasmuseoa.eus\/wp-content\/uploads\/2023\/02\/Banner_WEB_3-17-1.jpg","width":1800,"height":1200},{"@type":"BreadcrumbList","@id":"https:\/\/itsasmuseoa.eus\/eu\/euskal-kostaldeko-museoen-hilabetea-2023\/#breadcrumb","itemListElement":[{"@type":"ListItem","position":1,"name":"Inicio","item":"https:\/\/itsasmuseoa.eus\/eu\/"},{"@type":"ListItem","position":2,"name":"Euskal Kostaldeko Museoen hilabetea 2023"}]},{"@type":"WebSite","@id":"https:\/\/itsasmuseoa.eus\/eu\/#website","url":"https:\/\/itsasmuseoa.eus\/eu\/","name":"Euskal Itsas Museoa","description":"Museo Mar\u00edtimo Vasco","potentialAction":[{"@type":"SearchAction","target":{"@type":"EntryPoint","urlTemplate":"https:\/\/itsasmuseoa.eus\/eu\/?s={search_term_string}"},"query-input":{"@type":"PropertyValueSpecification","valueRequired":true,"valueName":"search_term_string"}}],"inLanguage":"eu-ES"}]}},"_links":{"self":[{"href":"https:\/\/itsasmuseoa.eus\/eu\/wp-json\/wp\/v2\/pages\/13425","targetHints":{"allow":["GET"]}}],"collection":[{"href":"https:\/\/itsasmuseoa.eus\/eu\/wp-json\/wp\/v2\/pages"}],"about":[{"href":"https:\/\/itsasmuseoa.eus\/eu\/wp-json\/wp\/v2\/types\/page"}],"author":[{"embeddable":true,"href":"https:\/\/itsasmuseoa.eus\/eu\/wp-json\/wp\/v2\/users\/4"}],"replies":[{"embeddable":true,"href":"https:\/\/itsasmuseoa.eus\/eu\/wp-json\/wp\/v2\/comments?post=13425"}],"version-history":[{"count":0,"href":"https:\/\/itsasmuseoa.eus\/eu\/wp-json\/wp\/v2\/pages\/13425\/revisions"}],"wp:featuredmedia":[{"embeddable":true,"href":"https:\/\/itsasmuseoa.eus\/eu\/wp-json\/wp\/v2\/media\/13420"}],"wp:attachment":[{"href":"https:\/\/itsasmuseoa.eus\/eu\/wp-json\/wp\/v2\/media?parent=13425"}],"wp:term":[{"taxonomy":"category","embeddable":true,"href":"https:\/\/itsasmuseoa.eus\/eu\/wp-json\/wp\/v2\/categories?post=13425"},{"taxonomy":"post_tag","embeddable":true,"href":"https:\/\/itsasmuseoa.eus\/eu\/wp-json\/wp\/v2\/tags?post=13425"}],"curies":[{"name":"wp","href":"https:\/\/api.w.org\/{rel}","templated":true}]}}