{"id":13671,"date":"2023-03-30T15:20:22","date_gmt":"2023-03-30T13:20:22","guid":{"rendered":"https:\/\/itsasmuseoa.eus\/?page_id=13671"},"modified":"2023-03-30T15:52:17","modified_gmt":"2023-03-30T13:52:17","slug":"aste-santua-euskal-itsas-museoan","status":"publish","type":"page","link":"https:\/\/itsasmuseoa.eus\/eu\/aste-santua-euskal-itsas-museoan\/","title":{"rendered":"Aste Santua Euskal Itsas Museoan"},"content":{"rendered":"\n<a href=\"https:\/\/itsasmuseoa.eus\/\">Inicio<\/a> <img decoding=\"async\" src=\"https:\/\/itsasmuseoa.eus\/flecha-breadcrumbs\/\" alt=\"icono flecha\"> Semana Santa en el Euskal Itsas Museoa\n\t\t<h2>\n\t\t\tActualidad\n\t\t<\/h2>\n\n\n\t\t\t<a href=\"https:\/\/itsasmuseoa.eus\/actividades\/agenda\/\" target=\"_self\" role=\"button\" rel=\"noopener\">\n\t\t\t\t\t\t\tVER DISPONIBILIDAD\n\t\t\t\t\t<\/a>\n\t<p><strong>\u00bfSab\u00edas que el programa de Semana Santa del Euskal Itsas Museoa incluye visitas a los puertos de Mutriku y Donostia, visitas dinamizadas y taller en familia?&nbsp;<\/strong><\/p>\n<p><strong>\u00c9chale un vistazo a nuestro programa:<\/strong><\/p>\n<ul>\n<li><b>POR LOS ENTRESIJOS DE LOS PUERTOS &#8211; VISITA DINAMIZADA<\/b><\/li>\n<\/ul>\n<p>El Euskal Itsas Museoa propone numerosas actividades para adultos y para los\/las m\u00e1s peque\u00f1os esta Semana Santa. Por un lado, ofrecer\u00e1 las <b>visitas dinamizadas<\/b> &#8220;<b>Por los entresijos de los puertos&#8221; <\/b>a la exposici\u00f3n temporal &#8220;<i>Moilak. Tradizioz Berritzaileak<\/i>&#8220;. En estas visitas dinamizadas adaptadas tanto a familias como a adultos se podr\u00e1 descubrir la evoluci\u00f3n de los puertos vascos de una manera diferente y divertida: mediante la <b>descontextualizaci\u00f3n<\/b> de conceptos y a trav\u00e9s del uso de <b>palabras<\/b> y <b>piezas de la exposici\u00f3n<\/b>. De manera que cada persona podr\u00e1 crear <b>su propio puerto<\/b>.<\/p>\n<p><strong>1 de abril:<\/strong> familias (Euskara), 12:00, 3\u20ac por ni\u00f1o\/a<\/p>\n<p><strong>12 de abril:<\/strong> adultos\/as (Biling\u00fce), 17:00, 2,5\u20ac\/pax<\/p>\n<p><strong>15 de abril:<\/strong> familias (Biling\u00fce), 12:00, 3\u20ac por ni\u00f1o\/a<\/p>\n<p>&nbsp;<\/p>\n<ul>\n<li><strong>MOILAZ MOILA &#8211; VISITAS GUIADAS<\/strong><\/li>\n<\/ul>\n<p>Se celebrar\u00e1n las primeras visitas<b> &#8220;Moilaz Moila&#8221; <\/b>en Mutriku y Donostia, donde el museo saldr\u00e1 de sus paredes para conocer los puertos del territorio y sus innovaciones<b>. <\/b>Las personas asistentes descubrir\u00e1n la historia de cada puerto de la mano del equipo del museo, y tendr\u00e1n la oportunidad de conocer sus entresijos de primera mano.&nbsp;<\/p>\n<p><b>2 de abril:<\/b> Mutriku (Txirlatxo taberna), 12:00, 4\u20ac\/pax<\/p>\n<p><i>Itinerario<\/i><\/p>\n<p>12:00: Visita al puerto de Mutriku junto a Xabier Alberdi<\/p>\n<p>13:00: Visita a la planta undimotriz&nbsp;<\/p>\n<p><b>8 de abril:<\/b> Donostia (Euskal Itsas Museoa), 10:30, 5,5\u20ac<\/p>\n<p>10:30: Visita guiada a la exposici\u00f3n &#8220;Moilak&#8221;<\/p>\n<p>11:00: Visita guiada al puerto de Donostia<\/p>\n<p>11:30:Aperitivo en la Kofradia Itsas-Etxea<\/p>\n<p>&nbsp;<\/p>\n<ul>\n<li><strong>TALLER FAMILIAR BAGA Y BOGA<\/strong><\/li>\n<\/ul>\n<p>Por \u00faltimo, se ofrecer\u00e1 el <b>taller familiar <\/b>&#8220;Baga y Boga&#8221; en el que las familias podr\u00e1n conocer y recuperar las <b>viejas costumbres y oficios<\/b> del puerto a trav\u00e9s de los <b>sentidos<\/b>. La actividad est\u00e1 dirigida a ni\u00f1os\/as de entre 6 y 12 a\u00f1os.<\/p>\n<p><b>12 de abril:<\/b>Biling\u00fce,12:00, 3\u20ac por ni\u00f1o\/a<\/p>\n<p>&nbsp;<\/p>\n\t\t\t\t<a href=\"https:\/\/itsasmuseoa.eus\/wp-content\/uploads\/2021\/06\/visita-guiada-galeria-2.jpg\" target=\"_self\" itemprop=\"url\" rel=\"noopener\">\n\t\t\t\t<img decoding=\"async\" src=\"https:\/\/itsasmuseoa.eus\/wp-content\/uploads\/2021\/06\/visita-guiada-galeria-2.jpg\" alt=\"imagen del puerto de donostia\" itemprop=\"image\" height=\"600\" width=\"800\" title=\"visita-guiada-galeria-2\" onerror=\"this.style.display='none'\">\n\t\t\t\t<\/a>\n\t<a href=\"#\" id=\"trigger-\" data-modal=\"\" data-node=\"\">\n\t\t\t\t\t\t\tAMPLIAR FOTO\n\t\t\t\t\t\t\t\t\t\t\t\t<\/a>\n\t\t\t\t\t\tPreview\n\t\t\tmodal-\n\t\t\t\t\t\t<img decoding=\"async\" src=\"\">\t\t\t\t\t\n\t\t\t<a href=\"https:\/\/itsasmuseoa.eus\/actividades\/agenda\/\" target=\"_self\" role=\"button\" rel=\"noopener\">\n\t\t\t\t\t\t\tVER DISPONIBILIDAD\n\t\t\t\t\t<\/a>\n","protected":false},"excerpt":{"rendered":"<p>Bazenekien Euskal Itsas Museoaren Aste Santuko egitarauak Mutrikuko eta Donostiako portuetara bisitak, bisita dinamizatuak eta familia-tailerra eskeintzen dituela?<\/p>\n","protected":false},"author":4,"featured_media":2525,"parent":0,"menu_order":0,"comment_status":"closed","ping_status":"closed","template":"","meta":{"_acf_changed":false,"footnotes":""},"categories":[227],"tags":[],"class_list":["post-13671","page","type-page","status-publish","has-post-thumbnail","hentry","category-beste-albisteak"],"acf":[],"yoast_head":"<!-- This site is optimized with the Yoast SEO plugin v27.5 - https:\/\/yoast.com\/product\/yoast-seo-wordpress\/ -->\n<title>Aste Santua Euskal Itsas Museoan - Euskal Itsas Museoa<\/title>\n<meta name=\"robots\" content=\"index, follow, max-snippet:-1, max-image-preview:large, max-video-preview:-1\" \/>\n<link rel=\"canonical\" href=\"https:\/\/itsasmuseoa.eus\/eu\/aste-santua-euskal-itsas-museoan\/\" \/>\n<meta property=\"og:locale\" content=\"eu_ES\" \/>\n<meta property=\"og:type\" content=\"article\" \/>\n<meta property=\"og:title\" content=\"Aste Santua Euskal Itsas Museoan - Euskal Itsas Museoa\" \/>\n<meta property=\"og:description\" content=\"Bazenekien Euskal Itsas Museoaren Aste Santuko egitarauak Mutrikuko eta Donostiako portuetara bisitak, bisita dinamizatuak eta familia-tailerra eskeintzen dituela?\" \/>\n<meta property=\"og:url\" content=\"https:\/\/itsasmuseoa.eus\/eu\/aste-santua-euskal-itsas-museoan\/\" \/>\n<meta property=\"og:site_name\" content=\"Euskal Itsas Museoa\" \/>\n<meta property=\"article:modified_time\" content=\"2023-03-30T13:52:17+00:00\" \/>\n<meta property=\"og:image\" content=\"https:\/\/itsasmuseoa.eus\/wp-content\/uploads\/2021\/06\/visita-guiada-galeria-2.jpg\" \/>\n\t<meta property=\"og:image:width\" content=\"800\" \/>\n\t<meta property=\"og:image:height\" content=\"600\" \/>\n\t<meta property=\"og:image:type\" content=\"image\/jpeg\" \/>\n<meta name=\"twitter:card\" content=\"summary_large_image\" \/>\n<meta name=\"twitter:label1\" content=\"Est. reading time\" \/>\n\t<meta name=\"twitter:data1\" content=\"3 minutes\" \/>\n<script type=\"application\/ld+json\" class=\"yoast-schema-graph\">{\"@context\":\"https:\\\/\\\/schema.org\",\"@graph\":[{\"@type\":\"WebPage\",\"@id\":\"https:\\\/\\\/itsasmuseoa.eus\\\/eu\\\/aste-santua-euskal-itsas-museoan\\\/\",\"url\":\"https:\\\/\\\/itsasmuseoa.eus\\\/eu\\\/aste-santua-euskal-itsas-museoan\\\/\",\"name\":\"Aste Santua Euskal Itsas Museoan - Euskal Itsas Museoa\",\"isPartOf\":{\"@id\":\"https:\\\/\\\/itsasmuseoa.eus\\\/eu\\\/#website\"},\"primaryImageOfPage\":{\"@id\":\"https:\\\/\\\/itsasmuseoa.eus\\\/eu\\\/aste-santua-euskal-itsas-museoan\\\/#primaryimage\"},\"image\":{\"@id\":\"https:\\\/\\\/itsasmuseoa.eus\\\/eu\\\/aste-santua-euskal-itsas-museoan\\\/#primaryimage\"},\"thumbnailUrl\":\"https:\\\/\\\/itsasmuseoa.eus\\\/wp-content\\\/uploads\\\/2021\\\/06\\\/visita-guiada-galeria-2.jpg\",\"datePublished\":\"2023-03-30T13:20:22+00:00\",\"dateModified\":\"2023-03-30T13:52:17+00:00\",\"breadcrumb\":{\"@id\":\"https:\\\/\\\/itsasmuseoa.eus\\\/eu\\\/aste-santua-euskal-itsas-museoan\\\/#breadcrumb\"},\"inLanguage\":\"eu-ES\",\"potentialAction\":[{\"@type\":\"ReadAction\",\"target\":[\"https:\\\/\\\/itsasmuseoa.eus\\\/eu\\\/aste-santua-euskal-itsas-museoan\\\/\"]}]},{\"@type\":\"ImageObject\",\"inLanguage\":\"eu-ES\",\"@id\":\"https:\\\/\\\/itsasmuseoa.eus\\\/eu\\\/aste-santua-euskal-itsas-museoan\\\/#primaryimage\",\"url\":\"https:\\\/\\\/itsasmuseoa.eus\\\/wp-content\\\/uploads\\\/2021\\\/06\\\/visita-guiada-galeria-2.jpg\",\"contentUrl\":\"https:\\\/\\\/itsasmuseoa.eus\\\/wp-content\\\/uploads\\\/2021\\\/06\\\/visita-guiada-galeria-2.jpg\",\"width\":800,\"height\":600,\"caption\":\"imagen del puerto de donostia\"},{\"@type\":\"BreadcrumbList\",\"@id\":\"https:\\\/\\\/itsasmuseoa.eus\\\/eu\\\/aste-santua-euskal-itsas-museoan\\\/#breadcrumb\",\"itemListElement\":[{\"@type\":\"ListItem\",\"position\":1,\"name\":\"Inicio\",\"item\":\"https:\\\/\\\/itsasmuseoa.eus\\\/eu\\\/\"},{\"@type\":\"ListItem\",\"position\":2,\"name\":\"Aste Santua Euskal Itsas Museoan\"}]},{\"@type\":\"WebSite\",\"@id\":\"https:\\\/\\\/itsasmuseoa.eus\\\/eu\\\/#website\",\"url\":\"https:\\\/\\\/itsasmuseoa.eus\\\/eu\\\/\",\"name\":\"Euskal Itsas Museoa\",\"description\":\"Museo Mar\u00edtimo Vasco\",\"potentialAction\":[{\"@type\":\"SearchAction\",\"target\":{\"@type\":\"EntryPoint\",\"urlTemplate\":\"https:\\\/\\\/itsasmuseoa.eus\\\/eu\\\/?s={search_term_string}\"},\"query-input\":{\"@type\":\"PropertyValueSpecification\",\"valueRequired\":true,\"valueName\":\"search_term_string\"}}],\"inLanguage\":\"eu-ES\"}]}<\/script>\n<!-- \/ Yoast SEO plugin. -->","yoast_head_json":{"title":"Aste Santua Euskal Itsas Museoan - Euskal Itsas Museoa","robots":{"index":"index","follow":"follow","max-snippet":"max-snippet:-1","max-image-preview":"max-image-preview:large","max-video-preview":"max-video-preview:-1"},"canonical":"https:\/\/itsasmuseoa.eus\/eu\/aste-santua-euskal-itsas-museoan\/","og_locale":"eu_ES","og_type":"article","og_title":"Aste Santua Euskal Itsas Museoan - Euskal Itsas Museoa","og_description":"Bazenekien Euskal Itsas Museoaren Aste Santuko egitarauak Mutrikuko eta Donostiako portuetara bisitak, bisita dinamizatuak eta familia-tailerra eskeintzen dituela?","og_url":"https:\/\/itsasmuseoa.eus\/eu\/aste-santua-euskal-itsas-museoan\/","og_site_name":"Euskal Itsas Museoa","article_modified_time":"2023-03-30T13:52:17+00:00","og_image":[{"width":800,"height":600,"url":"https:\/\/itsasmuseoa.eus\/wp-content\/uploads\/2021\/06\/visita-guiada-galeria-2.jpg","type":"image\/jpeg"}],"twitter_card":"summary_large_image","twitter_misc":{"Est. reading time":"3 minutes"},"schema":{"@context":"https:\/\/schema.org","@graph":[{"@type":"WebPage","@id":"https:\/\/itsasmuseoa.eus\/eu\/aste-santua-euskal-itsas-museoan\/","url":"https:\/\/itsasmuseoa.eus\/eu\/aste-santua-euskal-itsas-museoan\/","name":"Aste Santua Euskal Itsas Museoan - Euskal Itsas Museoa","isPartOf":{"@id":"https:\/\/itsasmuseoa.eus\/eu\/#website"},"primaryImageOfPage":{"@id":"https:\/\/itsasmuseoa.eus\/eu\/aste-santua-euskal-itsas-museoan\/#primaryimage"},"image":{"@id":"https:\/\/itsasmuseoa.eus\/eu\/aste-santua-euskal-itsas-museoan\/#primaryimage"},"thumbnailUrl":"https:\/\/itsasmuseoa.eus\/wp-content\/uploads\/2021\/06\/visita-guiada-galeria-2.jpg","datePublished":"2023-03-30T13:20:22+00:00","dateModified":"2023-03-30T13:52:17+00:00","breadcrumb":{"@id":"https:\/\/itsasmuseoa.eus\/eu\/aste-santua-euskal-itsas-museoan\/#breadcrumb"},"inLanguage":"eu-ES","potentialAction":[{"@type":"ReadAction","target":["https:\/\/itsasmuseoa.eus\/eu\/aste-santua-euskal-itsas-museoan\/"]}]},{"@type":"ImageObject","inLanguage":"eu-ES","@id":"https:\/\/itsasmuseoa.eus\/eu\/aste-santua-euskal-itsas-museoan\/#primaryimage","url":"https:\/\/itsasmuseoa.eus\/wp-content\/uploads\/2021\/06\/visita-guiada-galeria-2.jpg","contentUrl":"https:\/\/itsasmuseoa.eus\/wp-content\/uploads\/2021\/06\/visita-guiada-galeria-2.jpg","width":800,"height":600,"caption":"imagen del puerto de donostia"},{"@type":"BreadcrumbList","@id":"https:\/\/itsasmuseoa.eus\/eu\/aste-santua-euskal-itsas-museoan\/#breadcrumb","itemListElement":[{"@type":"ListItem","position":1,"name":"Inicio","item":"https:\/\/itsasmuseoa.eus\/eu\/"},{"@type":"ListItem","position":2,"name":"Aste Santua Euskal Itsas Museoan"}]},{"@type":"WebSite","@id":"https:\/\/itsasmuseoa.eus\/eu\/#website","url":"https:\/\/itsasmuseoa.eus\/eu\/","name":"Euskal Itsas Museoa","description":"Museo Mar\u00edtimo Vasco","potentialAction":[{"@type":"SearchAction","target":{"@type":"EntryPoint","urlTemplate":"https:\/\/itsasmuseoa.eus\/eu\/?s={search_term_string}"},"query-input":{"@type":"PropertyValueSpecification","valueRequired":true,"valueName":"search_term_string"}}],"inLanguage":"eu-ES"}]}},"_links":{"self":[{"href":"https:\/\/itsasmuseoa.eus\/eu\/wp-json\/wp\/v2\/pages\/13671","targetHints":{"allow":["GET"]}}],"collection":[{"href":"https:\/\/itsasmuseoa.eus\/eu\/wp-json\/wp\/v2\/pages"}],"about":[{"href":"https:\/\/itsasmuseoa.eus\/eu\/wp-json\/wp\/v2\/types\/page"}],"author":[{"embeddable":true,"href":"https:\/\/itsasmuseoa.eus\/eu\/wp-json\/wp\/v2\/users\/4"}],"replies":[{"embeddable":true,"href":"https:\/\/itsasmuseoa.eus\/eu\/wp-json\/wp\/v2\/comments?post=13671"}],"version-history":[{"count":0,"href":"https:\/\/itsasmuseoa.eus\/eu\/wp-json\/wp\/v2\/pages\/13671\/revisions"}],"wp:featuredmedia":[{"embeddable":true,"href":"https:\/\/itsasmuseoa.eus\/eu\/wp-json\/wp\/v2\/media\/2525"}],"wp:attachment":[{"href":"https:\/\/itsasmuseoa.eus\/eu\/wp-json\/wp\/v2\/media?parent=13671"}],"wp:term":[{"taxonomy":"category","embeddable":true,"href":"https:\/\/itsasmuseoa.eus\/eu\/wp-json\/wp\/v2\/categories?post=13671"},{"taxonomy":"post_tag","embeddable":true,"href":"https:\/\/itsasmuseoa.eus\/eu\/wp-json\/wp\/v2\/tags?post=13671"}],"curies":[{"name":"wp","href":"https:\/\/api.w.org\/{rel}","templated":true}]}}