{"id":14097,"date":"2023-05-26T15:38:06","date_gmt":"2023-05-26T13:38:06","guid":{"rendered":"https:\/\/itsasmuseoa.eus\/ur-azpiko-ondarearen-mundu-eguna\/"},"modified":"2023-05-31T16:56:20","modified_gmt":"2023-05-31T14:56:20","slug":"ur-azpiko-ondarearen-mundu-eguna","status":"publish","type":"page","link":"https:\/\/itsasmuseoa.eus\/eu\/ur-azpiko-ondarearen-mundu-eguna\/","title":{"rendered":"Ur Azpiko Ondarearen Mundu Eguna"},"content":{"rendered":"\n<a href=\"https:\/\/itsasmuseoa.eus\/\">Inicio<\/a> <img decoding=\"async\" src=\"https:\/\/itsasmuseoa.eus\/flecha-breadcrumbs\/\" alt=\"icono flecha\"> D\u00eda Internacional del Patrimonio Subacu\u00e1tico\n\t\t<h2>\n\t\t\tActualidad\n\t\t<\/h2>\n\n<h2>\n\t\tD\u00eda Mundial del Patrimonio Subacu\u00e1tico\n\t<\/h2>\n\t<p>Este s\u00e1bado 27 de mayo se celebra el D\u00eda Mundial del Patrimonio Cultural Subacu\u00e1tico. Y qu\u00e9 mejor d\u00eda para mencionar todos aquellos pecios y emplazamientos que est\u00e1n en nuestra costa o que han tenido embarcaciones vascas como protagonistas. \u00a1Naveguemos cerca de ellos!<\/p>\n\t\t\t<a href=\"https:\/\/itsasmuseoa.eus\/wp-content\/uploads\/2021\/06\/di-1.pdf\" target=\"_self\" role=\"button\" rel=\"noopener\">\n\t\t\t\t\t\t\t\u00a1Empieza a navegar!\n\t\t\t\t\t<\/a>\n\t\t\t\t<a href=\"https:\/\/itsasmuseoa.eus\/wp-content\/uploads\/2023\/05\/Banner_WEB_3-65.jpg\" target=\"_self\" itemprop=\"url\" rel=\"noopener\">\n\t\t\t\t<img decoding=\"async\" src=\"https:\/\/itsasmuseoa.eus\/wp-content\/uploads\/2023\/05\/Banner_WEB_3-65.jpg\" alt=\"Banner_WEB_3 (65)\" itemprop=\"image\" height=\"1200\" width=\"1800\" title=\"Banner_WEB_3 (65)\" onerror=\"this.style.display='none'\">\n\t\t\t\t<\/a>\n\t<a href=\"#\" id=\"trigger-\" data-modal=\"\" data-node=\"\">\n\t\t\t\t\t\t\tAMPLIAR FOTO\n\t\t\t\t\t\t\t\t\t\t\t\t<\/a>\n\t\t\t\t\t\tPreview\n\t\t\tmodal-\n\t\t\t\t\t\t<img decoding=\"async\" src=\"\">\n","protected":false},"excerpt":{"rendered":"<p>Larunbata honetan, maiatzaren 27an, urpeko kultur ondarearen nazioarteko eguna ospatzen<br \/>\nda. <\/p>\n","protected":false},"author":4,"featured_media":14170,"parent":0,"menu_order":0,"comment_status":"closed","ping_status":"closed","template":"","meta":{"_acf_changed":false,"footnotes":""},"categories":[227],"tags":[567],"class_list":["post-14097","page","type-page","status-publish","has-post-thumbnail","hentry","category-beste-albisteak","tag-gaurkotasuna-eu"],"acf":[],"yoast_head":"<!-- This site is optimized with the Yoast SEO plugin v27.3 - https:\/\/yoast.com\/product\/yoast-seo-wordpress\/ -->\n<title>Ur Azpiko Ondarearen Mundu Eguna - Euskal Itsas Museoa<\/title>\n<meta name=\"robots\" content=\"index, follow, max-snippet:-1, max-image-preview:large, max-video-preview:-1\" \/>\n<link rel=\"canonical\" href=\"https:\/\/itsasmuseoa.eus\/eu\/ur-azpiko-ondarearen-mundu-eguna\/\" \/>\n<meta property=\"og:locale\" content=\"eu_ES\" \/>\n<meta property=\"og:type\" content=\"article\" \/>\n<meta property=\"og:title\" content=\"Ur Azpiko Ondarearen Mundu Eguna - Euskal Itsas Museoa\" \/>\n<meta property=\"og:description\" content=\"Larunbata honetan, maiatzaren 27an, urpeko kultur ondarearen nazioarteko eguna ospatzen da.\" \/>\n<meta property=\"og:url\" content=\"https:\/\/itsasmuseoa.eus\/eu\/ur-azpiko-ondarearen-mundu-eguna\/\" \/>\n<meta property=\"og:site_name\" content=\"Euskal Itsas Museoa\" \/>\n<meta property=\"article:modified_time\" content=\"2023-05-31T14:56:20+00:00\" \/>\n<meta property=\"og:image\" content=\"https:\/\/itsasmuseoa.eus\/wp-content\/uploads\/2023\/05\/Banner_WEB_3-68-1.jpg\" \/>\n\t<meta property=\"og:image:width\" content=\"1800\" \/>\n\t<meta property=\"og:image:height\" content=\"1200\" \/>\n\t<meta property=\"og:image:type\" content=\"image\/jpeg\" \/>\n<meta name=\"twitter:card\" content=\"summary_large_image\" \/>\n<script type=\"application\/ld+json\" class=\"yoast-schema-graph\">{\"@context\":\"https:\\\/\\\/schema.org\",\"@graph\":[{\"@type\":\"WebPage\",\"@id\":\"https:\\\/\\\/itsasmuseoa.eus\\\/eu\\\/ur-azpiko-ondarearen-mundu-eguna\\\/\",\"url\":\"https:\\\/\\\/itsasmuseoa.eus\\\/eu\\\/ur-azpiko-ondarearen-mundu-eguna\\\/\",\"name\":\"Ur Azpiko Ondarearen Mundu Eguna - Euskal Itsas Museoa\",\"isPartOf\":{\"@id\":\"https:\\\/\\\/itsasmuseoa.eus\\\/eu\\\/#website\"},\"primaryImageOfPage\":{\"@id\":\"https:\\\/\\\/itsasmuseoa.eus\\\/eu\\\/ur-azpiko-ondarearen-mundu-eguna\\\/#primaryimage\"},\"image\":{\"@id\":\"https:\\\/\\\/itsasmuseoa.eus\\\/eu\\\/ur-azpiko-ondarearen-mundu-eguna\\\/#primaryimage\"},\"thumbnailUrl\":\"https:\\\/\\\/itsasmuseoa.eus\\\/wp-content\\\/uploads\\\/2023\\\/05\\\/Banner_WEB_3-68-1.jpg\",\"datePublished\":\"2023-05-26T13:38:06+00:00\",\"dateModified\":\"2023-05-31T14:56:20+00:00\",\"breadcrumb\":{\"@id\":\"https:\\\/\\\/itsasmuseoa.eus\\\/eu\\\/ur-azpiko-ondarearen-mundu-eguna\\\/#breadcrumb\"},\"inLanguage\":\"eu-ES\",\"potentialAction\":[{\"@type\":\"ReadAction\",\"target\":[\"https:\\\/\\\/itsasmuseoa.eus\\\/eu\\\/ur-azpiko-ondarearen-mundu-eguna\\\/\"]}]},{\"@type\":\"ImageObject\",\"inLanguage\":\"eu-ES\",\"@id\":\"https:\\\/\\\/itsasmuseoa.eus\\\/eu\\\/ur-azpiko-ondarearen-mundu-eguna\\\/#primaryimage\",\"url\":\"https:\\\/\\\/itsasmuseoa.eus\\\/wp-content\\\/uploads\\\/2023\\\/05\\\/Banner_WEB_3-68-1.jpg\",\"contentUrl\":\"https:\\\/\\\/itsasmuseoa.eus\\\/wp-content\\\/uploads\\\/2023\\\/05\\\/Banner_WEB_3-68-1.jpg\",\"width\":1800,\"height\":1200},{\"@type\":\"BreadcrumbList\",\"@id\":\"https:\\\/\\\/itsasmuseoa.eus\\\/eu\\\/ur-azpiko-ondarearen-mundu-eguna\\\/#breadcrumb\",\"itemListElement\":[{\"@type\":\"ListItem\",\"position\":1,\"name\":\"Inicio\",\"item\":\"https:\\\/\\\/itsasmuseoa.eus\\\/eu\\\/\"},{\"@type\":\"ListItem\",\"position\":2,\"name\":\"Ur Azpiko Ondarearen Mundu Eguna\"}]},{\"@type\":\"WebSite\",\"@id\":\"https:\\\/\\\/itsasmuseoa.eus\\\/eu\\\/#website\",\"url\":\"https:\\\/\\\/itsasmuseoa.eus\\\/eu\\\/\",\"name\":\"Euskal Itsas Museoa\",\"description\":\"Museo Mar\u00edtimo Vasco\",\"potentialAction\":[{\"@type\":\"SearchAction\",\"target\":{\"@type\":\"EntryPoint\",\"urlTemplate\":\"https:\\\/\\\/itsasmuseoa.eus\\\/eu\\\/?s={search_term_string}\"},\"query-input\":{\"@type\":\"PropertyValueSpecification\",\"valueRequired\":true,\"valueName\":\"search_term_string\"}}],\"inLanguage\":\"eu-ES\"}]}<\/script>\n<!-- \/ Yoast SEO plugin. -->","yoast_head_json":{"title":"Ur Azpiko Ondarearen Mundu Eguna - Euskal Itsas Museoa","robots":{"index":"index","follow":"follow","max-snippet":"max-snippet:-1","max-image-preview":"max-image-preview:large","max-video-preview":"max-video-preview:-1"},"canonical":"https:\/\/itsasmuseoa.eus\/eu\/ur-azpiko-ondarearen-mundu-eguna\/","og_locale":"eu_ES","og_type":"article","og_title":"Ur Azpiko Ondarearen Mundu Eguna - Euskal Itsas Museoa","og_description":"Larunbata honetan, maiatzaren 27an, urpeko kultur ondarearen nazioarteko eguna ospatzen da.","og_url":"https:\/\/itsasmuseoa.eus\/eu\/ur-azpiko-ondarearen-mundu-eguna\/","og_site_name":"Euskal Itsas Museoa","article_modified_time":"2023-05-31T14:56:20+00:00","og_image":[{"width":1800,"height":1200,"url":"https:\/\/itsasmuseoa.eus\/wp-content\/uploads\/2023\/05\/Banner_WEB_3-68-1.jpg","type":"image\/jpeg"}],"twitter_card":"summary_large_image","schema":{"@context":"https:\/\/schema.org","@graph":[{"@type":"WebPage","@id":"https:\/\/itsasmuseoa.eus\/eu\/ur-azpiko-ondarearen-mundu-eguna\/","url":"https:\/\/itsasmuseoa.eus\/eu\/ur-azpiko-ondarearen-mundu-eguna\/","name":"Ur Azpiko Ondarearen Mundu Eguna - Euskal Itsas Museoa","isPartOf":{"@id":"https:\/\/itsasmuseoa.eus\/eu\/#website"},"primaryImageOfPage":{"@id":"https:\/\/itsasmuseoa.eus\/eu\/ur-azpiko-ondarearen-mundu-eguna\/#primaryimage"},"image":{"@id":"https:\/\/itsasmuseoa.eus\/eu\/ur-azpiko-ondarearen-mundu-eguna\/#primaryimage"},"thumbnailUrl":"https:\/\/itsasmuseoa.eus\/wp-content\/uploads\/2023\/05\/Banner_WEB_3-68-1.jpg","datePublished":"2023-05-26T13:38:06+00:00","dateModified":"2023-05-31T14:56:20+00:00","breadcrumb":{"@id":"https:\/\/itsasmuseoa.eus\/eu\/ur-azpiko-ondarearen-mundu-eguna\/#breadcrumb"},"inLanguage":"eu-ES","potentialAction":[{"@type":"ReadAction","target":["https:\/\/itsasmuseoa.eus\/eu\/ur-azpiko-ondarearen-mundu-eguna\/"]}]},{"@type":"ImageObject","inLanguage":"eu-ES","@id":"https:\/\/itsasmuseoa.eus\/eu\/ur-azpiko-ondarearen-mundu-eguna\/#primaryimage","url":"https:\/\/itsasmuseoa.eus\/wp-content\/uploads\/2023\/05\/Banner_WEB_3-68-1.jpg","contentUrl":"https:\/\/itsasmuseoa.eus\/wp-content\/uploads\/2023\/05\/Banner_WEB_3-68-1.jpg","width":1800,"height":1200},{"@type":"BreadcrumbList","@id":"https:\/\/itsasmuseoa.eus\/eu\/ur-azpiko-ondarearen-mundu-eguna\/#breadcrumb","itemListElement":[{"@type":"ListItem","position":1,"name":"Inicio","item":"https:\/\/itsasmuseoa.eus\/eu\/"},{"@type":"ListItem","position":2,"name":"Ur Azpiko Ondarearen Mundu Eguna"}]},{"@type":"WebSite","@id":"https:\/\/itsasmuseoa.eus\/eu\/#website","url":"https:\/\/itsasmuseoa.eus\/eu\/","name":"Euskal Itsas Museoa","description":"Museo Mar\u00edtimo Vasco","potentialAction":[{"@type":"SearchAction","target":{"@type":"EntryPoint","urlTemplate":"https:\/\/itsasmuseoa.eus\/eu\/?s={search_term_string}"},"query-input":{"@type":"PropertyValueSpecification","valueRequired":true,"valueName":"search_term_string"}}],"inLanguage":"eu-ES"}]}},"_links":{"self":[{"href":"https:\/\/itsasmuseoa.eus\/eu\/wp-json\/wp\/v2\/pages\/14097","targetHints":{"allow":["GET"]}}],"collection":[{"href":"https:\/\/itsasmuseoa.eus\/eu\/wp-json\/wp\/v2\/pages"}],"about":[{"href":"https:\/\/itsasmuseoa.eus\/eu\/wp-json\/wp\/v2\/types\/page"}],"author":[{"embeddable":true,"href":"https:\/\/itsasmuseoa.eus\/eu\/wp-json\/wp\/v2\/users\/4"}],"replies":[{"embeddable":true,"href":"https:\/\/itsasmuseoa.eus\/eu\/wp-json\/wp\/v2\/comments?post=14097"}],"version-history":[{"count":0,"href":"https:\/\/itsasmuseoa.eus\/eu\/wp-json\/wp\/v2\/pages\/14097\/revisions"}],"wp:featuredmedia":[{"embeddable":true,"href":"https:\/\/itsasmuseoa.eus\/eu\/wp-json\/wp\/v2\/media\/14170"}],"wp:attachment":[{"href":"https:\/\/itsasmuseoa.eus\/eu\/wp-json\/wp\/v2\/media?parent=14097"}],"wp:term":[{"taxonomy":"category","embeddable":true,"href":"https:\/\/itsasmuseoa.eus\/eu\/wp-json\/wp\/v2\/categories?post=14097"},{"taxonomy":"post_tag","embeddable":true,"href":"https:\/\/itsasmuseoa.eus\/eu\/wp-json\/wp\/v2\/tags?post=14097"}],"curies":[{"name":"wp","href":"https:\/\/api.w.org\/{rel}","templated":true}]}}