{"id":14166,"date":"2023-05-31T16:46:51","date_gmt":"2023-05-31T14:46:51","guid":{"rendered":"https:\/\/itsasmuseoa.eus\/?page_id=14166"},"modified":"2023-05-31T16:47:07","modified_gmt":"2023-05-31T14:47:07","slug":"museum-week-2023","status":"publish","type":"page","link":"https:\/\/itsasmuseoa.eus\/eu\/museum-week-2023\/","title":{"rendered":"MUSEUM WEEK 2023"},"content":{"rendered":"\n\n\t<a href=\"https:\/\/itsasmuseoa.eus\/\">Inicio<\/a> <img decoding=\"async\" src=\"https:\/\/itsasmuseoa.eus\/flecha-breadcrumbs\/\" alt=\"icono flecha\" \/> MUSEUM WEEK 2023\n\t\t<h2>\n\t\t\tActualidad\n\t\t<\/h2>\n\n\n\t<p>Mientras nuestras sociedades son cada vez m\u00e1s conscientes de la necesidad de coexistir en armon\u00eda con los dem\u00e1s habitantes de la Tierra, algunos sostienen que la cultura es responsable de la degradaci\u00f3n de la naturaleza y la causa de los problemas medioambientales.<\/p>\n<p>Nuestra postura es clara: la cultura no es el problema, sino uno de los ant\u00eddotos: a trav\u00e9s de la lente del patrimonio, podemos captar la belleza y la delicadeza del mundo natural, y sentirnos movidos a actuar para preservarlo. Y, a trav\u00e9s de la lente de la ciencia, podemos comprender la compleja red de relaciones que existen entre los organismos vivos, la materia inerte y la atm\u00f3sfera, y apreciar el delicado equilibrio que hace de la Tierra un lugar hospitalario para la vida.<\/p>\n<p>Adem\u00e1s, los sitios naturales del Patrimonio Mundial y las pr\u00e1cticas del patrimonio inmaterial de la UNESCO desempe\u00f1an un papel importante en la protecci\u00f3n del medio ambiente y la conservaci\u00f3n de la biodiversidad. Por esta raz\u00f3n, en esta d\u00e9cima edici\u00f3n de Museumweek (la Semana de los Museos) dedicamos una atenci\u00f3n especial al tema del medio ambiente.<\/p>\n<p>MuseumWeek es un evento anual que tiene lugar en las redes sociales, con el objetivo de promover los museos y las instituciones culturales de todo el mundo. Durante MuseumWeek, los museos y las instituciones culturales en general comparten contenido en sus plataformas de redes sociales favoritas y organizan eventos especiales en sus instalaciones. \u00a1Estad atentos\/as a las redes del Euskal Itsas Museoa en los pr\u00f3ximos d\u00edas!<\/p>\n<p>&nbsp;<\/p>\n\t\t\t\t<a href=\"https:\/\/itsasmuseoa.eus\/wp-content\/uploads\/2023\/05\/Banner_WEB_3-68.jpg\" target=\"_self\" itemprop=\"url\" rel=\"noopener\">\n\t\t\t\t<img decoding=\"async\" src=\"https:\/\/itsasmuseoa.eus\/wp-content\/uploads\/2023\/05\/Banner_WEB_3-68.jpg\" alt=\"Banner_WEB_3 (68)\" itemprop=\"image\" height=\"1200\" width=\"1800\" title=\"Banner_WEB_3 (68)\" onerror=\"this.style.display='none'\"  \/>\n\t\t\t\t<\/a>\n\t<a href=\"#\" id=\"trigger-\" data-modal=\"\" data-node=\"\">\n\t\t\t\t\t\t\tAMPLIAR FOTO\n\t\t\t\t\t\t\t\t\t\t\t\t<\/a>\n\t\t\t\t\t\tPreview\n\t\t\tmodal-\n\t\t\t\t\t\t<img decoding=\"async\" src=\"\"\/>\t\t\t\t\t\n\n","protected":false},"excerpt":{"rendered":"<p>MuseumWeek urtero sare sozialetan egiten den ekitaldi bat da, mundu osoko museoak eta kultur erakundeak sustatzeko helburuarekin.<\/p>\n","protected":false},"author":4,"featured_media":14161,"parent":0,"menu_order":0,"comment_status":"closed","ping_status":"closed","template":"","meta":{"_acf_changed":false,"footnotes":""},"categories":[227],"tags":[567],"class_list":["post-14166","page","type-page","status-publish","has-post-thumbnail","hentry","category-beste-albisteak","tag-gaurkotasuna-eu"],"acf":[],"yoast_head":"<!-- This site is optimized with the Yoast SEO plugin v27.3 - https:\/\/yoast.com\/product\/yoast-seo-wordpress\/ -->\n<title>MUSEUM WEEK 2023 - Euskal Itsas Museoa<\/title>\n<meta name=\"robots\" content=\"index, follow, max-snippet:-1, max-image-preview:large, max-video-preview:-1\" \/>\n<link rel=\"canonical\" href=\"https:\/\/itsasmuseoa.eus\/eu\/museum-week-2023\/\" \/>\n<meta property=\"og:locale\" content=\"eu_ES\" \/>\n<meta property=\"og:type\" content=\"article\" \/>\n<meta property=\"og:title\" content=\"MUSEUM WEEK 2023 - Euskal Itsas Museoa\" \/>\n<meta property=\"og:description\" content=\"MuseumWeek urtero sare sozialetan egiten den ekitaldi bat da, mundu osoko museoak eta kultur erakundeak sustatzeko helburuarekin.\" \/>\n<meta property=\"og:url\" content=\"https:\/\/itsasmuseoa.eus\/eu\/museum-week-2023\/\" \/>\n<meta property=\"og:site_name\" content=\"Euskal Itsas Museoa\" \/>\n<meta property=\"article:modified_time\" content=\"2023-05-31T14:47:07+00:00\" \/>\n<meta property=\"og:image\" content=\"https:\/\/itsasmuseoa.eus\/wp-content\/uploads\/2023\/05\/Banner_WEB_3-68.jpg\" \/>\n\t<meta property=\"og:image:width\" content=\"1800\" \/>\n\t<meta property=\"og:image:height\" content=\"1200\" \/>\n\t<meta property=\"og:image:type\" content=\"image\/jpeg\" \/>\n<meta name=\"twitter:card\" content=\"summary_large_image\" \/>\n<meta name=\"twitter:label1\" content=\"Est. reading time\" \/>\n\t<meta name=\"twitter:data1\" content=\"1 minute\" \/>\n<script type=\"application\/ld+json\" class=\"yoast-schema-graph\">{\"@context\":\"https:\\\/\\\/schema.org\",\"@graph\":[{\"@type\":\"WebPage\",\"@id\":\"https:\\\/\\\/itsasmuseoa.eus\\\/eu\\\/museum-week-2023\\\/\",\"url\":\"https:\\\/\\\/itsasmuseoa.eus\\\/eu\\\/museum-week-2023\\\/\",\"name\":\"MUSEUM WEEK 2023 - Euskal Itsas Museoa\",\"isPartOf\":{\"@id\":\"https:\\\/\\\/itsasmuseoa.eus\\\/eu\\\/#website\"},\"primaryImageOfPage\":{\"@id\":\"https:\\\/\\\/itsasmuseoa.eus\\\/eu\\\/museum-week-2023\\\/#primaryimage\"},\"image\":{\"@id\":\"https:\\\/\\\/itsasmuseoa.eus\\\/eu\\\/museum-week-2023\\\/#primaryimage\"},\"thumbnailUrl\":\"https:\\\/\\\/itsasmuseoa.eus\\\/wp-content\\\/uploads\\\/2023\\\/05\\\/Banner_WEB_3-68.jpg\",\"datePublished\":\"2023-05-31T14:46:51+00:00\",\"dateModified\":\"2023-05-31T14:47:07+00:00\",\"breadcrumb\":{\"@id\":\"https:\\\/\\\/itsasmuseoa.eus\\\/eu\\\/museum-week-2023\\\/#breadcrumb\"},\"inLanguage\":\"eu-ES\",\"potentialAction\":[{\"@type\":\"ReadAction\",\"target\":[\"https:\\\/\\\/itsasmuseoa.eus\\\/eu\\\/museum-week-2023\\\/\"]}]},{\"@type\":\"ImageObject\",\"inLanguage\":\"eu-ES\",\"@id\":\"https:\\\/\\\/itsasmuseoa.eus\\\/eu\\\/museum-week-2023\\\/#primaryimage\",\"url\":\"https:\\\/\\\/itsasmuseoa.eus\\\/wp-content\\\/uploads\\\/2023\\\/05\\\/Banner_WEB_3-68.jpg\",\"contentUrl\":\"https:\\\/\\\/itsasmuseoa.eus\\\/wp-content\\\/uploads\\\/2023\\\/05\\\/Banner_WEB_3-68.jpg\",\"width\":1800,\"height\":1200},{\"@type\":\"BreadcrumbList\",\"@id\":\"https:\\\/\\\/itsasmuseoa.eus\\\/eu\\\/museum-week-2023\\\/#breadcrumb\",\"itemListElement\":[{\"@type\":\"ListItem\",\"position\":1,\"name\":\"Inicio\",\"item\":\"https:\\\/\\\/itsasmuseoa.eus\\\/eu\\\/\"},{\"@type\":\"ListItem\",\"position\":2,\"name\":\"MUSEUM WEEK 2023\"}]},{\"@type\":\"WebSite\",\"@id\":\"https:\\\/\\\/itsasmuseoa.eus\\\/eu\\\/#website\",\"url\":\"https:\\\/\\\/itsasmuseoa.eus\\\/eu\\\/\",\"name\":\"Euskal Itsas Museoa\",\"description\":\"Museo Mar\u00edtimo Vasco\",\"potentialAction\":[{\"@type\":\"SearchAction\",\"target\":{\"@type\":\"EntryPoint\",\"urlTemplate\":\"https:\\\/\\\/itsasmuseoa.eus\\\/eu\\\/?s={search_term_string}\"},\"query-input\":{\"@type\":\"PropertyValueSpecification\",\"valueRequired\":true,\"valueName\":\"search_term_string\"}}],\"inLanguage\":\"eu-ES\"}]}<\/script>\n<!-- \/ Yoast SEO plugin. -->","yoast_head_json":{"title":"MUSEUM WEEK 2023 - Euskal Itsas Museoa","robots":{"index":"index","follow":"follow","max-snippet":"max-snippet:-1","max-image-preview":"max-image-preview:large","max-video-preview":"max-video-preview:-1"},"canonical":"https:\/\/itsasmuseoa.eus\/eu\/museum-week-2023\/","og_locale":"eu_ES","og_type":"article","og_title":"MUSEUM WEEK 2023 - Euskal Itsas Museoa","og_description":"MuseumWeek urtero sare sozialetan egiten den ekitaldi bat da, mundu osoko museoak eta kultur erakundeak sustatzeko helburuarekin.","og_url":"https:\/\/itsasmuseoa.eus\/eu\/museum-week-2023\/","og_site_name":"Euskal Itsas Museoa","article_modified_time":"2023-05-31T14:47:07+00:00","og_image":[{"width":1800,"height":1200,"url":"https:\/\/itsasmuseoa.eus\/wp-content\/uploads\/2023\/05\/Banner_WEB_3-68.jpg","type":"image\/jpeg"}],"twitter_card":"summary_large_image","twitter_misc":{"Est. reading time":"1 minute"},"schema":{"@context":"https:\/\/schema.org","@graph":[{"@type":"WebPage","@id":"https:\/\/itsasmuseoa.eus\/eu\/museum-week-2023\/","url":"https:\/\/itsasmuseoa.eus\/eu\/museum-week-2023\/","name":"MUSEUM WEEK 2023 - Euskal Itsas Museoa","isPartOf":{"@id":"https:\/\/itsasmuseoa.eus\/eu\/#website"},"primaryImageOfPage":{"@id":"https:\/\/itsasmuseoa.eus\/eu\/museum-week-2023\/#primaryimage"},"image":{"@id":"https:\/\/itsasmuseoa.eus\/eu\/museum-week-2023\/#primaryimage"},"thumbnailUrl":"https:\/\/itsasmuseoa.eus\/wp-content\/uploads\/2023\/05\/Banner_WEB_3-68.jpg","datePublished":"2023-05-31T14:46:51+00:00","dateModified":"2023-05-31T14:47:07+00:00","breadcrumb":{"@id":"https:\/\/itsasmuseoa.eus\/eu\/museum-week-2023\/#breadcrumb"},"inLanguage":"eu-ES","potentialAction":[{"@type":"ReadAction","target":["https:\/\/itsasmuseoa.eus\/eu\/museum-week-2023\/"]}]},{"@type":"ImageObject","inLanguage":"eu-ES","@id":"https:\/\/itsasmuseoa.eus\/eu\/museum-week-2023\/#primaryimage","url":"https:\/\/itsasmuseoa.eus\/wp-content\/uploads\/2023\/05\/Banner_WEB_3-68.jpg","contentUrl":"https:\/\/itsasmuseoa.eus\/wp-content\/uploads\/2023\/05\/Banner_WEB_3-68.jpg","width":1800,"height":1200},{"@type":"BreadcrumbList","@id":"https:\/\/itsasmuseoa.eus\/eu\/museum-week-2023\/#breadcrumb","itemListElement":[{"@type":"ListItem","position":1,"name":"Inicio","item":"https:\/\/itsasmuseoa.eus\/eu\/"},{"@type":"ListItem","position":2,"name":"MUSEUM WEEK 2023"}]},{"@type":"WebSite","@id":"https:\/\/itsasmuseoa.eus\/eu\/#website","url":"https:\/\/itsasmuseoa.eus\/eu\/","name":"Euskal Itsas Museoa","description":"Museo Mar\u00edtimo Vasco","potentialAction":[{"@type":"SearchAction","target":{"@type":"EntryPoint","urlTemplate":"https:\/\/itsasmuseoa.eus\/eu\/?s={search_term_string}"},"query-input":{"@type":"PropertyValueSpecification","valueRequired":true,"valueName":"search_term_string"}}],"inLanguage":"eu-ES"}]}},"_links":{"self":[{"href":"https:\/\/itsasmuseoa.eus\/eu\/wp-json\/wp\/v2\/pages\/14166","targetHints":{"allow":["GET"]}}],"collection":[{"href":"https:\/\/itsasmuseoa.eus\/eu\/wp-json\/wp\/v2\/pages"}],"about":[{"href":"https:\/\/itsasmuseoa.eus\/eu\/wp-json\/wp\/v2\/types\/page"}],"author":[{"embeddable":true,"href":"https:\/\/itsasmuseoa.eus\/eu\/wp-json\/wp\/v2\/users\/4"}],"replies":[{"embeddable":true,"href":"https:\/\/itsasmuseoa.eus\/eu\/wp-json\/wp\/v2\/comments?post=14166"}],"version-history":[{"count":0,"href":"https:\/\/itsasmuseoa.eus\/eu\/wp-json\/wp\/v2\/pages\/14166\/revisions"}],"wp:featuredmedia":[{"embeddable":true,"href":"https:\/\/itsasmuseoa.eus\/eu\/wp-json\/wp\/v2\/media\/14161"}],"wp:attachment":[{"href":"https:\/\/itsasmuseoa.eus\/eu\/wp-json\/wp\/v2\/media?parent=14166"}],"wp:term":[{"taxonomy":"category","embeddable":true,"href":"https:\/\/itsasmuseoa.eus\/eu\/wp-json\/wp\/v2\/categories?post=14166"},{"taxonomy":"post_tag","embeddable":true,"href":"https:\/\/itsasmuseoa.eus\/eu\/wp-json\/wp\/v2\/tags?post=14166"}],"curies":[{"name":"wp","href":"https:\/\/api.w.org\/{rel}","templated":true}]}}