{"id":14593,"date":"2023-09-06T15:59:17","date_gmt":"2023-09-06T13:59:17","guid":{"rendered":"https:\/\/itsasmuseoa.eus\/?page_id=14593"},"modified":"2023-09-06T16:00:00","modified_gmt":"2023-09-06T14:00:00","slug":"kontxa1923_ebazpena","status":"publish","type":"page","link":"https:\/\/itsasmuseoa.eus\/eu\/kontxa1923_ebazpena\/","title":{"rendered":"#KONTXA1923 &#8211; EBAZPENA"},"content":{"rendered":"\n\n\t<a href=\"https:\/\/itsasmuseoa.eus\/\">Inicio<\/a> <img decoding=\"async\" src=\"https:\/\/itsasmuseoa.eus\/flecha-breadcrumbs\/\" alt=\"icono flecha\" \/> #KONTXA1923 &#8211; RESOLUCI\u00d3N\n\t\t<h2>\n\t\t\tActualidad\n\t\t<\/h2>\n\n\n\t<p><strong>Ainara Azpiazu (Ere\u00f1otzu), Elena Mostoenvena (Burgos) y Debra Espinosa (Barcelona) han sido las artistas seleccionadas para ilustrar las tinas del museo en la convocatoria de creaci\u00f3n art\u00edstica #KONTXA1923.<\/strong><\/p>\n<p> Una iniciativa que prentende poner en valor el patrimonio cultural mar\u00edtimo y la memoria hist\u00f3rica y, al mismo tiempo, fomentar nuevas interpretaciones del patrimonio mar\u00edtimo.<\/p>\n<p>Las tres artistas dar\u00e1n una nueva vida a las tinas del Euskal Itsas Museoa los d\u00edas <strong>9 y 10 de septiembre<\/strong> en el <strong>Boga Boga Festibala<\/strong>. El p\u00fablico podr\u00e1 ver el proceso de creaci\u00f3n de forma gratuita en directo de <strong>10:00 a 18:00<\/strong> horas en los Jardines de Ondarreta.<\/p>\n<p>Adem\u00e1s, las <strong>familias<\/strong> podr\u00e1n pintar otra tina el domingo <strong>10 de septiembre<\/strong> entre las <strong>12: 00-14: 00<\/strong> y las <strong>16: 00-18:00<\/strong> horas.<\/p>\n<p>&nbsp;<\/p>\n<p>&nbsp;<\/p>\n\t\t\t\t<a href=\"https:\/\/itsasmuseoa.eus\/wp-content\/uploads\/2023\/09\/Banner_WEB_3-92.jpg\" target=\"_self\" itemprop=\"url\" rel=\"noopener\">\n\t\t\t\t<img decoding=\"async\" src=\"https:\/\/itsasmuseoa.eus\/wp-content\/uploads\/2023\/09\/Banner_WEB_3-92.jpg\" alt=\"Foto Debra\" itemprop=\"image\" height=\"1200\" width=\"1800\" title=\"Foto Debra\" onerror=\"this.style.display='none'\"  \/>\n\t\t\t\t<\/a>\n\t<a href=\"#\" id=\"trigger-\" role=\"button\" data-modal=\"\" data-node=\"\">\n\t\t\t\t\t\t\tAMPLIAR FOTO\n\t\t\t\t\t\t\t\t\t\t\t\t<\/a>\n\t\t\t\t\t\tPreview\n\t\t\tmodal-\n\t\t\t\t\t\t<img decoding=\"async\" src=\"\" \/>\t\t\t\t\t\n\n","protected":false},"excerpt":{"rendered":"<p>inara Azpiazu, Elenea Mostonevena eta Debra Espinosa izango dira deialdian parte hartuko duten artistak.<\/p>\n","protected":false},"author":4,"featured_media":14589,"parent":0,"menu_order":0,"comment_status":"closed","ping_status":"closed","template":"","meta":{"_acf_changed":false,"footnotes":""},"categories":[224],"tags":[454],"class_list":["post-14593","page","type-page","status-publish","has-post-thumbnail","hentry","category-gure-programa","tag-emanaldia"],"acf":[],"yoast_head":"<!-- This site is optimized with the Yoast SEO plugin v27.4 - https:\/\/yoast.com\/product\/yoast-seo-wordpress\/ -->\n<title>#KONTXA1923 - EBAZPENA - Euskal Itsas Museoa<\/title>\n<meta name=\"robots\" content=\"index, follow, max-snippet:-1, max-image-preview:large, max-video-preview:-1\" \/>\n<link rel=\"canonical\" href=\"https:\/\/itsasmuseoa.eus\/eu\/kontxa1923_ebazpena\/\" \/>\n<meta property=\"og:locale\" content=\"eu_ES\" \/>\n<meta property=\"og:type\" content=\"article\" \/>\n<meta property=\"og:title\" content=\"#KONTXA1923 - EBAZPENA - Euskal Itsas Museoa\" \/>\n<meta property=\"og:description\" content=\"inara Azpiazu, Elenea Mostonevena eta Debra Espinosa izango dira deialdian parte hartuko duten artistak.\" \/>\n<meta property=\"og:url\" content=\"https:\/\/itsasmuseoa.eus\/eu\/kontxa1923_ebazpena\/\" \/>\n<meta property=\"og:site_name\" content=\"Euskal Itsas Museoa\" \/>\n<meta property=\"article:modified_time\" content=\"2023-09-06T14:00:00+00:00\" \/>\n<meta property=\"og:image\" content=\"https:\/\/itsasmuseoa.eus\/wp-content\/uploads\/2023\/09\/Banner_WEB_3-92.jpg\" \/>\n\t<meta property=\"og:image:width\" content=\"1800\" \/>\n\t<meta property=\"og:image:height\" content=\"1200\" \/>\n\t<meta property=\"og:image:type\" content=\"image\/jpeg\" \/>\n<meta name=\"twitter:card\" content=\"summary_large_image\" \/>\n<meta name=\"twitter:label1\" content=\"Est. reading time\" \/>\n\t<meta name=\"twitter:data1\" content=\"1 minute\" \/>\n<script type=\"application\/ld+json\" class=\"yoast-schema-graph\">{\"@context\":\"https:\\\/\\\/schema.org\",\"@graph\":[{\"@type\":\"WebPage\",\"@id\":\"https:\\\/\\\/itsasmuseoa.eus\\\/eu\\\/kontxa1923_ebazpena\\\/\",\"url\":\"https:\\\/\\\/itsasmuseoa.eus\\\/eu\\\/kontxa1923_ebazpena\\\/\",\"name\":\"#KONTXA1923 - EBAZPENA - Euskal Itsas Museoa\",\"isPartOf\":{\"@id\":\"https:\\\/\\\/itsasmuseoa.eus\\\/eu\\\/#website\"},\"primaryImageOfPage\":{\"@id\":\"https:\\\/\\\/itsasmuseoa.eus\\\/eu\\\/kontxa1923_ebazpena\\\/#primaryimage\"},\"image\":{\"@id\":\"https:\\\/\\\/itsasmuseoa.eus\\\/eu\\\/kontxa1923_ebazpena\\\/#primaryimage\"},\"thumbnailUrl\":\"https:\\\/\\\/itsasmuseoa.eus\\\/wp-content\\\/uploads\\\/2023\\\/09\\\/Banner_WEB_3-92.jpg\",\"datePublished\":\"2023-09-06T13:59:17+00:00\",\"dateModified\":\"2023-09-06T14:00:00+00:00\",\"breadcrumb\":{\"@id\":\"https:\\\/\\\/itsasmuseoa.eus\\\/eu\\\/kontxa1923_ebazpena\\\/#breadcrumb\"},\"inLanguage\":\"eu-ES\",\"potentialAction\":[{\"@type\":\"ReadAction\",\"target\":[\"https:\\\/\\\/itsasmuseoa.eus\\\/eu\\\/kontxa1923_ebazpena\\\/\"]}]},{\"@type\":\"ImageObject\",\"inLanguage\":\"eu-ES\",\"@id\":\"https:\\\/\\\/itsasmuseoa.eus\\\/eu\\\/kontxa1923_ebazpena\\\/#primaryimage\",\"url\":\"https:\\\/\\\/itsasmuseoa.eus\\\/wp-content\\\/uploads\\\/2023\\\/09\\\/Banner_WEB_3-92.jpg\",\"contentUrl\":\"https:\\\/\\\/itsasmuseoa.eus\\\/wp-content\\\/uploads\\\/2023\\\/09\\\/Banner_WEB_3-92.jpg\",\"width\":1800,\"height\":1200},{\"@type\":\"BreadcrumbList\",\"@id\":\"https:\\\/\\\/itsasmuseoa.eus\\\/eu\\\/kontxa1923_ebazpena\\\/#breadcrumb\",\"itemListElement\":[{\"@type\":\"ListItem\",\"position\":1,\"name\":\"Inicio\",\"item\":\"https:\\\/\\\/itsasmuseoa.eus\\\/eu\\\/\"},{\"@type\":\"ListItem\",\"position\":2,\"name\":\"#KONTXA1923 &#8211; EBAZPENA\"}]},{\"@type\":\"WebSite\",\"@id\":\"https:\\\/\\\/itsasmuseoa.eus\\\/eu\\\/#website\",\"url\":\"https:\\\/\\\/itsasmuseoa.eus\\\/eu\\\/\",\"name\":\"Euskal Itsas Museoa\",\"description\":\"Museo Mar\u00edtimo Vasco\",\"potentialAction\":[{\"@type\":\"SearchAction\",\"target\":{\"@type\":\"EntryPoint\",\"urlTemplate\":\"https:\\\/\\\/itsasmuseoa.eus\\\/eu\\\/?s={search_term_string}\"},\"query-input\":{\"@type\":\"PropertyValueSpecification\",\"valueRequired\":true,\"valueName\":\"search_term_string\"}}],\"inLanguage\":\"eu-ES\"}]}<\/script>\n<!-- \/ Yoast SEO plugin. -->","yoast_head_json":{"title":"#KONTXA1923 - EBAZPENA - Euskal Itsas Museoa","robots":{"index":"index","follow":"follow","max-snippet":"max-snippet:-1","max-image-preview":"max-image-preview:large","max-video-preview":"max-video-preview:-1"},"canonical":"https:\/\/itsasmuseoa.eus\/eu\/kontxa1923_ebazpena\/","og_locale":"eu_ES","og_type":"article","og_title":"#KONTXA1923 - EBAZPENA - Euskal Itsas Museoa","og_description":"inara Azpiazu, Elenea Mostonevena eta Debra Espinosa izango dira deialdian parte hartuko duten artistak.","og_url":"https:\/\/itsasmuseoa.eus\/eu\/kontxa1923_ebazpena\/","og_site_name":"Euskal Itsas Museoa","article_modified_time":"2023-09-06T14:00:00+00:00","og_image":[{"width":1800,"height":1200,"url":"https:\/\/itsasmuseoa.eus\/wp-content\/uploads\/2023\/09\/Banner_WEB_3-92.jpg","type":"image\/jpeg"}],"twitter_card":"summary_large_image","twitter_misc":{"Est. reading time":"1 minute"},"schema":{"@context":"https:\/\/schema.org","@graph":[{"@type":"WebPage","@id":"https:\/\/itsasmuseoa.eus\/eu\/kontxa1923_ebazpena\/","url":"https:\/\/itsasmuseoa.eus\/eu\/kontxa1923_ebazpena\/","name":"#KONTXA1923 - EBAZPENA - Euskal Itsas Museoa","isPartOf":{"@id":"https:\/\/itsasmuseoa.eus\/eu\/#website"},"primaryImageOfPage":{"@id":"https:\/\/itsasmuseoa.eus\/eu\/kontxa1923_ebazpena\/#primaryimage"},"image":{"@id":"https:\/\/itsasmuseoa.eus\/eu\/kontxa1923_ebazpena\/#primaryimage"},"thumbnailUrl":"https:\/\/itsasmuseoa.eus\/wp-content\/uploads\/2023\/09\/Banner_WEB_3-92.jpg","datePublished":"2023-09-06T13:59:17+00:00","dateModified":"2023-09-06T14:00:00+00:00","breadcrumb":{"@id":"https:\/\/itsasmuseoa.eus\/eu\/kontxa1923_ebazpena\/#breadcrumb"},"inLanguage":"eu-ES","potentialAction":[{"@type":"ReadAction","target":["https:\/\/itsasmuseoa.eus\/eu\/kontxa1923_ebazpena\/"]}]},{"@type":"ImageObject","inLanguage":"eu-ES","@id":"https:\/\/itsasmuseoa.eus\/eu\/kontxa1923_ebazpena\/#primaryimage","url":"https:\/\/itsasmuseoa.eus\/wp-content\/uploads\/2023\/09\/Banner_WEB_3-92.jpg","contentUrl":"https:\/\/itsasmuseoa.eus\/wp-content\/uploads\/2023\/09\/Banner_WEB_3-92.jpg","width":1800,"height":1200},{"@type":"BreadcrumbList","@id":"https:\/\/itsasmuseoa.eus\/eu\/kontxa1923_ebazpena\/#breadcrumb","itemListElement":[{"@type":"ListItem","position":1,"name":"Inicio","item":"https:\/\/itsasmuseoa.eus\/eu\/"},{"@type":"ListItem","position":2,"name":"#KONTXA1923 &#8211; EBAZPENA"}]},{"@type":"WebSite","@id":"https:\/\/itsasmuseoa.eus\/eu\/#website","url":"https:\/\/itsasmuseoa.eus\/eu\/","name":"Euskal Itsas Museoa","description":"Museo Mar\u00edtimo Vasco","potentialAction":[{"@type":"SearchAction","target":{"@type":"EntryPoint","urlTemplate":"https:\/\/itsasmuseoa.eus\/eu\/?s={search_term_string}"},"query-input":{"@type":"PropertyValueSpecification","valueRequired":true,"valueName":"search_term_string"}}],"inLanguage":"eu-ES"}]}},"_links":{"self":[{"href":"https:\/\/itsasmuseoa.eus\/eu\/wp-json\/wp\/v2\/pages\/14593","targetHints":{"allow":["GET"]}}],"collection":[{"href":"https:\/\/itsasmuseoa.eus\/eu\/wp-json\/wp\/v2\/pages"}],"about":[{"href":"https:\/\/itsasmuseoa.eus\/eu\/wp-json\/wp\/v2\/types\/page"}],"author":[{"embeddable":true,"href":"https:\/\/itsasmuseoa.eus\/eu\/wp-json\/wp\/v2\/users\/4"}],"replies":[{"embeddable":true,"href":"https:\/\/itsasmuseoa.eus\/eu\/wp-json\/wp\/v2\/comments?post=14593"}],"version-history":[{"count":0,"href":"https:\/\/itsasmuseoa.eus\/eu\/wp-json\/wp\/v2\/pages\/14593\/revisions"}],"wp:featuredmedia":[{"embeddable":true,"href":"https:\/\/itsasmuseoa.eus\/eu\/wp-json\/wp\/v2\/media\/14589"}],"wp:attachment":[{"href":"https:\/\/itsasmuseoa.eus\/eu\/wp-json\/wp\/v2\/media?parent=14593"}],"wp:term":[{"taxonomy":"category","embeddable":true,"href":"https:\/\/itsasmuseoa.eus\/eu\/wp-json\/wp\/v2\/categories?post=14593"},{"taxonomy":"post_tag","embeddable":true,"href":"https:\/\/itsasmuseoa.eus\/eu\/wp-json\/wp\/v2\/tags?post=14593"}],"curies":[{"name":"wp","href":"https:\/\/api.w.org\/{rel}","templated":true}]}}