{"id":15135,"date":"2023-12-02T11:15:54","date_gmt":"2023-12-02T10:15:54","guid":{"rendered":"https:\/\/itsasmuseoa.eus\/?page_id=15135"},"modified":"2023-12-02T11:15:54","modified_gmt":"2023-12-02T10:15:54","slug":"gertu-kultura","status":"publish","type":"page","link":"https:\/\/itsasmuseoa.eus\/eu\/gertu-kultura\/","title":{"rendered":"Gertu Kultura"},"content":{"rendered":"\n\n\t<nav id=\"breadcrumbs\" aria-label=\"Breadcrumbs\"><a href=\"https:\/\/itsasmuseoa.eus\/\">Inicio<\/a> <img decoding=\"async\" src=\"https:\/\/itsasmuseoa.eus\/flecha-breadcrumbs\/\" alt=\"icono flecha\" \/> \u00a1Bienvenido Gertu Kultura!<\/nav>\n\t\t<h2>\n\t\t\tActualidad\n\t\t<\/h2>\n\n\n\t<h3><strong>El Euskal Itsas Museoa se suma a Gertu Kultura, una red de programadores que facilita el acceso a la cultura<\/strong><\/h3>\n<p>El 22 de noviembre de 2023, se inaugur\u00f3 <strong>Gertu Kultura Gipuzkoa<\/strong>, una red de programadores culturales que se unen para facilitar el acceso a la cultura a personas en situaci\u00f3n de vulnerabilidad de la mano de las entidades sociales.<\/p>\n<p>Gertu Kultura, nace desde la visi\u00f3n de la cultura como una <strong>necesidad y el acceso<\/strong> a la cultura como derecho, busca generar espacios de encuentro estables entre el sector cultural y social. Para ello, a partir de la complicidad, colaboraci\u00f3n y compromiso social de programadores culturales p\u00fablicos y privados, instituciones y mecenas, las entidades sociales que atienden y trabajan con personas en situaci\u00f3n de vulnerabilidad pueden disfrutar de espacios y experiencias culturales \u00fanicas con precios muy reducidos, prioridad de acceso, y un trato personalizado basado en la escucha y respuesta de las necesidades de los diferentes colectivos. De forma paralela, Gertu Kultura adopta un compromiso con la <strong>educaci\u00f3n y asesoramiento<\/strong> entre ambos sectores.<\/p>\n<p>Gertu Kultura proviene de la red\u00a0<strong>Apropa Cultura<\/strong>, iniciado por el Auditori de Barcelona y que despu\u00e9s de 17 a\u00f1os de trayectoria en Catalu\u00f1a es hoy en d\u00eda una red inclusiva referente, con m\u00e1s de <strong>190 programadores culturales<\/strong>, m\u00e1s de <strong>1800 entidades sociales y m\u00e1s de 54 municipios<\/strong>. A partir de ahora, tambi\u00e9n arranca en Gipuzkoa junto a<strong> 15 programadores culturales y 20 entidades sociales.<\/strong><\/p>\n<h4><strong>Actividades del Euskal Itsas Museoa<\/strong><\/h4>\n<p>El Euskal Itsas Museoa ha sido una de las entidades en sumarse como programador cultural ofreciendo 3 actividades de su presenta programaci\u00f3n: <strong>Visitas guiadas a la exposici\u00f3n Moilak<\/strong>, <strong>visitas guiadas al puerto (La Jarana)<\/strong> y un <strong>taller de serigraf\u00eda en madera<\/strong>. Estas actividades se pueden demandar mediante la <a href=\"https:\/\/www.apropacultura.org\/eu\/gipuzkoa\">web<\/a> de Gertu Kultura y reservarlas bajo demanda.<\/p>\n\t\t\t\t<a href=\"https:\/\/itsasmuseoa.eus\/wp-content\/uploads\/2023\/12\/Banner_WEB_3-2023-12-02T104716.105.jpg\" target=\"_self\" itemprop=\"url\" rel=\"noopener\">\n\t\t\t\t<img decoding=\"async\" src=\"https:\/\/itsasmuseoa.eus\/wp-content\/uploads\/2023\/12\/Banner_WEB_3-2023-12-02T104716.105.jpg\" alt=\"Banner_WEB_3 - 2023-12-02T104716.105\" itemprop=\"image\" height=\"1200\" width=\"1800\" title=\"Banner_WEB_3 - 2023-12-02T104716.105\" onerror=\"this.style.display='none'\"  \/>\n\t\t\t\t<\/a>\n\t<a href=\"#\" id=\"trigger-\" role=\"button\" data-modal=\"\" data-node=\"\">\n\t\t\t\t\t\t\tAMPLIAR FOTO\n\t\t\t\t\t\t\t\t\t\t\t\t<\/a>\n\t\t\t\t\t\tPreview\n\t\t\tmodal-\n\t\t\t\t\t\t<img decoding=\"async\" src=\"\" \/>\t\t\t\t\t\n\n","protected":false},"excerpt":{"rendered":"<p>Euskal Itsas Museoak bat egiten du Gertu Kulturaren sare berriarekin, kulturarako sarbidea errazten duen programatzaile sarearekin.<\/p>\n","protected":false},"author":4,"featured_media":15130,"parent":0,"menu_order":0,"comment_status":"closed","ping_status":"closed","template":"","meta":{"_acf_changed":false,"footnotes":""},"categories":[227],"tags":[615],"class_list":["post-15135","page","type-page","status-publish","has-post-thumbnail","hentry","category-beste-albisteak","tag-albistea"],"acf":[],"yoast_head":"<!-- This site is optimized with the Yoast SEO plugin v27.3 - https:\/\/yoast.com\/product\/yoast-seo-wordpress\/ -->\n<title>Gertu Kultura - Euskal Itsas Museoa<\/title>\n<meta name=\"robots\" content=\"index, follow, max-snippet:-1, max-image-preview:large, max-video-preview:-1\" \/>\n<link rel=\"canonical\" href=\"https:\/\/itsasmuseoa.eus\/eu\/gertu-kultura\/\" \/>\n<meta property=\"og:locale\" content=\"eu_ES\" \/>\n<meta property=\"og:type\" content=\"article\" \/>\n<meta property=\"og:title\" content=\"Gertu Kultura - Euskal Itsas Museoa\" \/>\n<meta property=\"og:description\" content=\"Euskal Itsas Museoak bat egiten du Gertu Kulturaren sare berriarekin, kulturarako sarbidea errazten duen programatzaile sarearekin.\" \/>\n<meta property=\"og:url\" content=\"https:\/\/itsasmuseoa.eus\/eu\/gertu-kultura\/\" \/>\n<meta property=\"og:site_name\" content=\"Euskal Itsas Museoa\" \/>\n<meta property=\"og:image\" content=\"https:\/\/itsasmuseoa.eus\/wp-content\/uploads\/2023\/12\/Banner_WEB_3-2023-12-02T104716.105.jpg\" \/>\n\t<meta property=\"og:image:width\" content=\"1800\" \/>\n\t<meta property=\"og:image:height\" content=\"1200\" \/>\n\t<meta property=\"og:image:type\" content=\"image\/jpeg\" \/>\n<meta name=\"twitter:card\" content=\"summary_large_image\" \/>\n<meta name=\"twitter:label1\" content=\"Est. reading time\" \/>\n\t<meta name=\"twitter:data1\" content=\"2 minutes\" \/>\n<script type=\"application\/ld+json\" class=\"yoast-schema-graph\">{\"@context\":\"https:\\\/\\\/schema.org\",\"@graph\":[{\"@type\":\"WebPage\",\"@id\":\"https:\\\/\\\/itsasmuseoa.eus\\\/eu\\\/gertu-kultura\\\/\",\"url\":\"https:\\\/\\\/itsasmuseoa.eus\\\/eu\\\/gertu-kultura\\\/\",\"name\":\"Gertu Kultura - Euskal Itsas Museoa\",\"isPartOf\":{\"@id\":\"https:\\\/\\\/itsasmuseoa.eus\\\/eu\\\/#website\"},\"primaryImageOfPage\":{\"@id\":\"https:\\\/\\\/itsasmuseoa.eus\\\/eu\\\/gertu-kultura\\\/#primaryimage\"},\"image\":{\"@id\":\"https:\\\/\\\/itsasmuseoa.eus\\\/eu\\\/gertu-kultura\\\/#primaryimage\"},\"thumbnailUrl\":\"https:\\\/\\\/itsasmuseoa.eus\\\/wp-content\\\/uploads\\\/2023\\\/12\\\/Banner_WEB_3-2023-12-02T104716.105.jpg\",\"datePublished\":\"2023-12-02T10:15:54+00:00\",\"breadcrumb\":{\"@id\":\"https:\\\/\\\/itsasmuseoa.eus\\\/eu\\\/gertu-kultura\\\/#breadcrumb\"},\"inLanguage\":\"eu-ES\",\"potentialAction\":[{\"@type\":\"ReadAction\",\"target\":[\"https:\\\/\\\/itsasmuseoa.eus\\\/eu\\\/gertu-kultura\\\/\"]}]},{\"@type\":\"ImageObject\",\"inLanguage\":\"eu-ES\",\"@id\":\"https:\\\/\\\/itsasmuseoa.eus\\\/eu\\\/gertu-kultura\\\/#primaryimage\",\"url\":\"https:\\\/\\\/itsasmuseoa.eus\\\/wp-content\\\/uploads\\\/2023\\\/12\\\/Banner_WEB_3-2023-12-02T104716.105.jpg\",\"contentUrl\":\"https:\\\/\\\/itsasmuseoa.eus\\\/wp-content\\\/uploads\\\/2023\\\/12\\\/Banner_WEB_3-2023-12-02T104716.105.jpg\",\"width\":1800,\"height\":1200},{\"@type\":\"BreadcrumbList\",\"@id\":\"https:\\\/\\\/itsasmuseoa.eus\\\/eu\\\/gertu-kultura\\\/#breadcrumb\",\"itemListElement\":[{\"@type\":\"ListItem\",\"position\":1,\"name\":\"Inicio\",\"item\":\"https:\\\/\\\/itsasmuseoa.eus\\\/eu\\\/\"},{\"@type\":\"ListItem\",\"position\":2,\"name\":\"Gertu Kultura\"}]},{\"@type\":\"WebSite\",\"@id\":\"https:\\\/\\\/itsasmuseoa.eus\\\/eu\\\/#website\",\"url\":\"https:\\\/\\\/itsasmuseoa.eus\\\/eu\\\/\",\"name\":\"Euskal Itsas Museoa\",\"description\":\"Museo Mar\u00edtimo Vasco\",\"potentialAction\":[{\"@type\":\"SearchAction\",\"target\":{\"@type\":\"EntryPoint\",\"urlTemplate\":\"https:\\\/\\\/itsasmuseoa.eus\\\/eu\\\/?s={search_term_string}\"},\"query-input\":{\"@type\":\"PropertyValueSpecification\",\"valueRequired\":true,\"valueName\":\"search_term_string\"}}],\"inLanguage\":\"eu-ES\"}]}<\/script>\n<!-- \/ Yoast SEO plugin. -->","yoast_head_json":{"title":"Gertu Kultura - Euskal Itsas Museoa","robots":{"index":"index","follow":"follow","max-snippet":"max-snippet:-1","max-image-preview":"max-image-preview:large","max-video-preview":"max-video-preview:-1"},"canonical":"https:\/\/itsasmuseoa.eus\/eu\/gertu-kultura\/","og_locale":"eu_ES","og_type":"article","og_title":"Gertu Kultura - Euskal Itsas Museoa","og_description":"Euskal Itsas Museoak bat egiten du Gertu Kulturaren sare berriarekin, kulturarako sarbidea errazten duen programatzaile sarearekin.","og_url":"https:\/\/itsasmuseoa.eus\/eu\/gertu-kultura\/","og_site_name":"Euskal Itsas Museoa","og_image":[{"width":1800,"height":1200,"url":"https:\/\/itsasmuseoa.eus\/wp-content\/uploads\/2023\/12\/Banner_WEB_3-2023-12-02T104716.105.jpg","type":"image\/jpeg"}],"twitter_card":"summary_large_image","twitter_misc":{"Est. reading time":"2 minutes"},"schema":{"@context":"https:\/\/schema.org","@graph":[{"@type":"WebPage","@id":"https:\/\/itsasmuseoa.eus\/eu\/gertu-kultura\/","url":"https:\/\/itsasmuseoa.eus\/eu\/gertu-kultura\/","name":"Gertu Kultura - Euskal Itsas Museoa","isPartOf":{"@id":"https:\/\/itsasmuseoa.eus\/eu\/#website"},"primaryImageOfPage":{"@id":"https:\/\/itsasmuseoa.eus\/eu\/gertu-kultura\/#primaryimage"},"image":{"@id":"https:\/\/itsasmuseoa.eus\/eu\/gertu-kultura\/#primaryimage"},"thumbnailUrl":"https:\/\/itsasmuseoa.eus\/wp-content\/uploads\/2023\/12\/Banner_WEB_3-2023-12-02T104716.105.jpg","datePublished":"2023-12-02T10:15:54+00:00","breadcrumb":{"@id":"https:\/\/itsasmuseoa.eus\/eu\/gertu-kultura\/#breadcrumb"},"inLanguage":"eu-ES","potentialAction":[{"@type":"ReadAction","target":["https:\/\/itsasmuseoa.eus\/eu\/gertu-kultura\/"]}]},{"@type":"ImageObject","inLanguage":"eu-ES","@id":"https:\/\/itsasmuseoa.eus\/eu\/gertu-kultura\/#primaryimage","url":"https:\/\/itsasmuseoa.eus\/wp-content\/uploads\/2023\/12\/Banner_WEB_3-2023-12-02T104716.105.jpg","contentUrl":"https:\/\/itsasmuseoa.eus\/wp-content\/uploads\/2023\/12\/Banner_WEB_3-2023-12-02T104716.105.jpg","width":1800,"height":1200},{"@type":"BreadcrumbList","@id":"https:\/\/itsasmuseoa.eus\/eu\/gertu-kultura\/#breadcrumb","itemListElement":[{"@type":"ListItem","position":1,"name":"Inicio","item":"https:\/\/itsasmuseoa.eus\/eu\/"},{"@type":"ListItem","position":2,"name":"Gertu Kultura"}]},{"@type":"WebSite","@id":"https:\/\/itsasmuseoa.eus\/eu\/#website","url":"https:\/\/itsasmuseoa.eus\/eu\/","name":"Euskal Itsas Museoa","description":"Museo Mar\u00edtimo Vasco","potentialAction":[{"@type":"SearchAction","target":{"@type":"EntryPoint","urlTemplate":"https:\/\/itsasmuseoa.eus\/eu\/?s={search_term_string}"},"query-input":{"@type":"PropertyValueSpecification","valueRequired":true,"valueName":"search_term_string"}}],"inLanguage":"eu-ES"}]}},"_links":{"self":[{"href":"https:\/\/itsasmuseoa.eus\/eu\/wp-json\/wp\/v2\/pages\/15135","targetHints":{"allow":["GET"]}}],"collection":[{"href":"https:\/\/itsasmuseoa.eus\/eu\/wp-json\/wp\/v2\/pages"}],"about":[{"href":"https:\/\/itsasmuseoa.eus\/eu\/wp-json\/wp\/v2\/types\/page"}],"author":[{"embeddable":true,"href":"https:\/\/itsasmuseoa.eus\/eu\/wp-json\/wp\/v2\/users\/4"}],"replies":[{"embeddable":true,"href":"https:\/\/itsasmuseoa.eus\/eu\/wp-json\/wp\/v2\/comments?post=15135"}],"version-history":[{"count":0,"href":"https:\/\/itsasmuseoa.eus\/eu\/wp-json\/wp\/v2\/pages\/15135\/revisions"}],"wp:featuredmedia":[{"embeddable":true,"href":"https:\/\/itsasmuseoa.eus\/eu\/wp-json\/wp\/v2\/media\/15130"}],"wp:attachment":[{"href":"https:\/\/itsasmuseoa.eus\/eu\/wp-json\/wp\/v2\/media?parent=15135"}],"wp:term":[{"taxonomy":"category","embeddable":true,"href":"https:\/\/itsasmuseoa.eus\/eu\/wp-json\/wp\/v2\/categories?post=15135"},{"taxonomy":"post_tag","embeddable":true,"href":"https:\/\/itsasmuseoa.eus\/eu\/wp-json\/wp\/v2\/tags?post=15135"}],"curies":[{"name":"wp","href":"https:\/\/api.w.org\/{rel}","templated":true}]}}