{"id":15236,"date":"2024-01-04T16:14:04","date_gmt":"2024-01-04T15:14:04","guid":{"rendered":"https:\/\/itsasmuseoa.eus\/eskerrik-asko-euskal-itsas-museora-etorri-zareten-18-213-pertsonei\/"},"modified":"2024-01-04T16:22:47","modified_gmt":"2024-01-04T15:22:47","slug":"eskerrik-asko-euskal-itsas-museora-etorri-zareten-18-213-pertsonei","status":"publish","type":"page","link":"https:\/\/itsasmuseoa.eus\/eu\/eskerrik-asko-euskal-itsas-museora-etorri-zareten-18-213-pertsonei\/","title":{"rendered":"Eskerrik asko Euskal Itsas Museora etorri zareten 18.213 pertsonei!"},"content":{"rendered":"\n\n\t<nav id=\"breadcrumbs\" aria-label=\"Breadcrumbs\"><a href=\"https:\/\/itsasmuseoa.eus\/\">Inicio<\/a> <img decoding=\"async\" src=\"https:\/\/itsasmuseoa.eus\/flecha-breadcrumbs\/\" alt=\"icono flecha\" \/> \u00a1Gracias a las 18.213 personas que hab\u00e9is visitado el Euskal Itsas Museoa!<\/nav>\n\t\t<h2>\n\t\t\tActualidad\n\t\t<\/h2>\n\n\n\t<p>El Euskal Itsas Museoa no s\u00f3lo ha recuperado, sino que ha incrementado la afluencia de visitantes que registr\u00f3 antes de la pandemia (2019) en un <strong>31%<\/strong>. En total, han sido<strong> 18.200<\/strong><strong> personas<\/strong> las que han pasado este a\u00f1o por el Euskal Itsas Museoa.\u00a0<\/p>\n<p>La exposici\u00f3n &#8220;Moilak. Tradicionalmente Innovadores&#8221; ha aumentado el n\u00famero de visitas guiadas en un 12,5% comparado con el a\u00f1o anterior y ha superado con creces el porcentaje de las visitas escolares en un 10,21%<\/p>\n<p>Se prev\u00e9 tambi\u00e9n la extensi\u00f3n de la exposici\u00f3n <b>MOILAK<\/b> en los primeros meses del a\u00f1o. \u00a1Te esperamos este 2024!<\/p>\n\t\t\t\t<img decoding=\"async\" src=\"https:\/\/itsasmuseoa.eus\/wp-content\/plugins\/bb-plugin\/img\/pixel.png\" alt=\"\" itemprop=\"image\" onerror=\"this.style.display='none'\"  \/>\n\t<a href=\"#\" id=\"trigger-\" role=\"button\" data-modal=\"\" data-node=\"\">\n\t\t\t\t\t\t\tAMPLIAR FOTO\n\t\t\t\t\t\t\t\t\t\t\t\t<\/a>\n\t\t\t\t\t\tPreview\n\t\t\tmodal-\n\t\t\t\t\t\t<img decoding=\"async\" src=\"\" \/>\t\t\t\t\t\n\n","protected":false},"excerpt":{"rendered":"<p>Euskal Itsas Museoak amaiera ematen dio 2023ari 18.213 erabiltzaile eta bisitarirekin.<\/p>\n","protected":false},"author":4,"featured_media":15238,"parent":0,"menu_order":0,"comment_status":"closed","ping_status":"closed","template":"","meta":{"_acf_changed":false,"footnotes":""},"categories":[227],"tags":[591],"class_list":["post-15236","page","type-page","status-publish","has-post-thumbnail","hentry","category-beste-albisteak","tag-artikulua-eu"],"acf":[],"yoast_head":"<!-- This site is optimized with the Yoast SEO plugin v27.3 - https:\/\/yoast.com\/product\/yoast-seo-wordpress\/ -->\n<title>Eskerrik asko Euskal Itsas Museora etorri zareten 18.213 pertsonei! - Euskal Itsas Museoa<\/title>\n<meta name=\"robots\" content=\"index, follow, max-snippet:-1, max-image-preview:large, max-video-preview:-1\" \/>\n<link rel=\"canonical\" href=\"https:\/\/itsasmuseoa.eus\/eu\/eskerrik-asko-euskal-itsas-museora-etorri-zareten-18-213-pertsonei\/\" \/>\n<meta property=\"og:locale\" content=\"eu_ES\" \/>\n<meta property=\"og:type\" content=\"article\" \/>\n<meta property=\"og:title\" content=\"Eskerrik asko Euskal Itsas Museora etorri zareten 18.213 pertsonei! - Euskal Itsas Museoa\" \/>\n<meta property=\"og:description\" content=\"Euskal Itsas Museoak amaiera ematen dio 2023ari 18.213 erabiltzaile eta bisitarirekin.\" \/>\n<meta property=\"og:url\" content=\"https:\/\/itsasmuseoa.eus\/eu\/eskerrik-asko-euskal-itsas-museora-etorri-zareten-18-213-pertsonei\/\" \/>\n<meta property=\"og:site_name\" content=\"Euskal Itsas Museoa\" \/>\n<meta property=\"article:modified_time\" content=\"2024-01-04T15:22:47+00:00\" \/>\n<meta property=\"og:image\" content=\"https:\/\/itsasmuseoa.eus\/wp-content\/uploads\/2024\/01\/Banner_WEB_3-2024-01-04T161641.682.jpg\" \/>\n\t<meta property=\"og:image:width\" content=\"1800\" \/>\n\t<meta property=\"og:image:height\" content=\"1200\" \/>\n\t<meta property=\"og:image:type\" content=\"image\/jpeg\" \/>\n<meta name=\"twitter:card\" content=\"summary_large_image\" \/>\n<meta name=\"twitter:label1\" content=\"Est. reading time\" \/>\n\t<meta name=\"twitter:data1\" content=\"1 minute\" \/>\n<script type=\"application\/ld+json\" class=\"yoast-schema-graph\">{\"@context\":\"https:\\\/\\\/schema.org\",\"@graph\":[{\"@type\":\"WebPage\",\"@id\":\"https:\\\/\\\/itsasmuseoa.eus\\\/eu\\\/eskerrik-asko-euskal-itsas-museora-etorri-zareten-18-213-pertsonei\\\/\",\"url\":\"https:\\\/\\\/itsasmuseoa.eus\\\/eu\\\/eskerrik-asko-euskal-itsas-museora-etorri-zareten-18-213-pertsonei\\\/\",\"name\":\"Eskerrik asko Euskal Itsas Museora etorri zareten 18.213 pertsonei! - Euskal Itsas Museoa\",\"isPartOf\":{\"@id\":\"https:\\\/\\\/itsasmuseoa.eus\\\/eu\\\/#website\"},\"primaryImageOfPage\":{\"@id\":\"https:\\\/\\\/itsasmuseoa.eus\\\/eu\\\/eskerrik-asko-euskal-itsas-museora-etorri-zareten-18-213-pertsonei\\\/#primaryimage\"},\"image\":{\"@id\":\"https:\\\/\\\/itsasmuseoa.eus\\\/eu\\\/eskerrik-asko-euskal-itsas-museora-etorri-zareten-18-213-pertsonei\\\/#primaryimage\"},\"thumbnailUrl\":\"https:\\\/\\\/itsasmuseoa.eus\\\/wp-content\\\/uploads\\\/2024\\\/01\\\/Banner_WEB_3-2024-01-04T161641.682.jpg\",\"datePublished\":\"2024-01-04T15:14:04+00:00\",\"dateModified\":\"2024-01-04T15:22:47+00:00\",\"breadcrumb\":{\"@id\":\"https:\\\/\\\/itsasmuseoa.eus\\\/eu\\\/eskerrik-asko-euskal-itsas-museora-etorri-zareten-18-213-pertsonei\\\/#breadcrumb\"},\"inLanguage\":\"eu-ES\",\"potentialAction\":[{\"@type\":\"ReadAction\",\"target\":[\"https:\\\/\\\/itsasmuseoa.eus\\\/eu\\\/eskerrik-asko-euskal-itsas-museora-etorri-zareten-18-213-pertsonei\\\/\"]}]},{\"@type\":\"ImageObject\",\"inLanguage\":\"eu-ES\",\"@id\":\"https:\\\/\\\/itsasmuseoa.eus\\\/eu\\\/eskerrik-asko-euskal-itsas-museora-etorri-zareten-18-213-pertsonei\\\/#primaryimage\",\"url\":\"https:\\\/\\\/itsasmuseoa.eus\\\/wp-content\\\/uploads\\\/2024\\\/01\\\/Banner_WEB_3-2024-01-04T161641.682.jpg\",\"contentUrl\":\"https:\\\/\\\/itsasmuseoa.eus\\\/wp-content\\\/uploads\\\/2024\\\/01\\\/Banner_WEB_3-2024-01-04T161641.682.jpg\",\"width\":1800,\"height\":1200},{\"@type\":\"BreadcrumbList\",\"@id\":\"https:\\\/\\\/itsasmuseoa.eus\\\/eu\\\/eskerrik-asko-euskal-itsas-museora-etorri-zareten-18-213-pertsonei\\\/#breadcrumb\",\"itemListElement\":[{\"@type\":\"ListItem\",\"position\":1,\"name\":\"Inicio\",\"item\":\"https:\\\/\\\/itsasmuseoa.eus\\\/eu\\\/\"},{\"@type\":\"ListItem\",\"position\":2,\"name\":\"Eskerrik asko Euskal Itsas Museora etorri zareten 18.213 pertsonei!\"}]},{\"@type\":\"WebSite\",\"@id\":\"https:\\\/\\\/itsasmuseoa.eus\\\/eu\\\/#website\",\"url\":\"https:\\\/\\\/itsasmuseoa.eus\\\/eu\\\/\",\"name\":\"Euskal Itsas Museoa\",\"description\":\"Museo Mar\u00edtimo Vasco\",\"potentialAction\":[{\"@type\":\"SearchAction\",\"target\":{\"@type\":\"EntryPoint\",\"urlTemplate\":\"https:\\\/\\\/itsasmuseoa.eus\\\/eu\\\/?s={search_term_string}\"},\"query-input\":{\"@type\":\"PropertyValueSpecification\",\"valueRequired\":true,\"valueName\":\"search_term_string\"}}],\"inLanguage\":\"eu-ES\"}]}<\/script>\n<!-- \/ Yoast SEO plugin. -->","yoast_head_json":{"title":"Eskerrik asko Euskal Itsas Museora etorri zareten 18.213 pertsonei! - Euskal Itsas Museoa","robots":{"index":"index","follow":"follow","max-snippet":"max-snippet:-1","max-image-preview":"max-image-preview:large","max-video-preview":"max-video-preview:-1"},"canonical":"https:\/\/itsasmuseoa.eus\/eu\/eskerrik-asko-euskal-itsas-museora-etorri-zareten-18-213-pertsonei\/","og_locale":"eu_ES","og_type":"article","og_title":"Eskerrik asko Euskal Itsas Museora etorri zareten 18.213 pertsonei! - Euskal Itsas Museoa","og_description":"Euskal Itsas Museoak amaiera ematen dio 2023ari 18.213 erabiltzaile eta bisitarirekin.","og_url":"https:\/\/itsasmuseoa.eus\/eu\/eskerrik-asko-euskal-itsas-museora-etorri-zareten-18-213-pertsonei\/","og_site_name":"Euskal Itsas Museoa","article_modified_time":"2024-01-04T15:22:47+00:00","og_image":[{"width":1800,"height":1200,"url":"https:\/\/itsasmuseoa.eus\/wp-content\/uploads\/2024\/01\/Banner_WEB_3-2024-01-04T161641.682.jpg","type":"image\/jpeg"}],"twitter_card":"summary_large_image","twitter_misc":{"Est. reading time":"1 minute"},"schema":{"@context":"https:\/\/schema.org","@graph":[{"@type":"WebPage","@id":"https:\/\/itsasmuseoa.eus\/eu\/eskerrik-asko-euskal-itsas-museora-etorri-zareten-18-213-pertsonei\/","url":"https:\/\/itsasmuseoa.eus\/eu\/eskerrik-asko-euskal-itsas-museora-etorri-zareten-18-213-pertsonei\/","name":"Eskerrik asko Euskal Itsas Museora etorri zareten 18.213 pertsonei! - Euskal Itsas Museoa","isPartOf":{"@id":"https:\/\/itsasmuseoa.eus\/eu\/#website"},"primaryImageOfPage":{"@id":"https:\/\/itsasmuseoa.eus\/eu\/eskerrik-asko-euskal-itsas-museora-etorri-zareten-18-213-pertsonei\/#primaryimage"},"image":{"@id":"https:\/\/itsasmuseoa.eus\/eu\/eskerrik-asko-euskal-itsas-museora-etorri-zareten-18-213-pertsonei\/#primaryimage"},"thumbnailUrl":"https:\/\/itsasmuseoa.eus\/wp-content\/uploads\/2024\/01\/Banner_WEB_3-2024-01-04T161641.682.jpg","datePublished":"2024-01-04T15:14:04+00:00","dateModified":"2024-01-04T15:22:47+00:00","breadcrumb":{"@id":"https:\/\/itsasmuseoa.eus\/eu\/eskerrik-asko-euskal-itsas-museora-etorri-zareten-18-213-pertsonei\/#breadcrumb"},"inLanguage":"eu-ES","potentialAction":[{"@type":"ReadAction","target":["https:\/\/itsasmuseoa.eus\/eu\/eskerrik-asko-euskal-itsas-museora-etorri-zareten-18-213-pertsonei\/"]}]},{"@type":"ImageObject","inLanguage":"eu-ES","@id":"https:\/\/itsasmuseoa.eus\/eu\/eskerrik-asko-euskal-itsas-museora-etorri-zareten-18-213-pertsonei\/#primaryimage","url":"https:\/\/itsasmuseoa.eus\/wp-content\/uploads\/2024\/01\/Banner_WEB_3-2024-01-04T161641.682.jpg","contentUrl":"https:\/\/itsasmuseoa.eus\/wp-content\/uploads\/2024\/01\/Banner_WEB_3-2024-01-04T161641.682.jpg","width":1800,"height":1200},{"@type":"BreadcrumbList","@id":"https:\/\/itsasmuseoa.eus\/eu\/eskerrik-asko-euskal-itsas-museora-etorri-zareten-18-213-pertsonei\/#breadcrumb","itemListElement":[{"@type":"ListItem","position":1,"name":"Inicio","item":"https:\/\/itsasmuseoa.eus\/eu\/"},{"@type":"ListItem","position":2,"name":"Eskerrik asko Euskal Itsas Museora etorri zareten 18.213 pertsonei!"}]},{"@type":"WebSite","@id":"https:\/\/itsasmuseoa.eus\/eu\/#website","url":"https:\/\/itsasmuseoa.eus\/eu\/","name":"Euskal Itsas Museoa","description":"Museo Mar\u00edtimo Vasco","potentialAction":[{"@type":"SearchAction","target":{"@type":"EntryPoint","urlTemplate":"https:\/\/itsasmuseoa.eus\/eu\/?s={search_term_string}"},"query-input":{"@type":"PropertyValueSpecification","valueRequired":true,"valueName":"search_term_string"}}],"inLanguage":"eu-ES"}]}},"_links":{"self":[{"href":"https:\/\/itsasmuseoa.eus\/eu\/wp-json\/wp\/v2\/pages\/15236","targetHints":{"allow":["GET"]}}],"collection":[{"href":"https:\/\/itsasmuseoa.eus\/eu\/wp-json\/wp\/v2\/pages"}],"about":[{"href":"https:\/\/itsasmuseoa.eus\/eu\/wp-json\/wp\/v2\/types\/page"}],"author":[{"embeddable":true,"href":"https:\/\/itsasmuseoa.eus\/eu\/wp-json\/wp\/v2\/users\/4"}],"replies":[{"embeddable":true,"href":"https:\/\/itsasmuseoa.eus\/eu\/wp-json\/wp\/v2\/comments?post=15236"}],"version-history":[{"count":0,"href":"https:\/\/itsasmuseoa.eus\/eu\/wp-json\/wp\/v2\/pages\/15236\/revisions"}],"wp:featuredmedia":[{"embeddable":true,"href":"https:\/\/itsasmuseoa.eus\/eu\/wp-json\/wp\/v2\/media\/15238"}],"wp:attachment":[{"href":"https:\/\/itsasmuseoa.eus\/eu\/wp-json\/wp\/v2\/media?parent=15236"}],"wp:term":[{"taxonomy":"category","embeddable":true,"href":"https:\/\/itsasmuseoa.eus\/eu\/wp-json\/wp\/v2\/categories?post=15236"},{"taxonomy":"post_tag","embeddable":true,"href":"https:\/\/itsasmuseoa.eus\/eu\/wp-json\/wp\/v2\/tags?post=15236"}],"curies":[{"name":"wp","href":"https:\/\/api.w.org\/{rel}","templated":true}]}}