{"id":15934,"date":"2024-03-05T11:41:24","date_gmt":"2024-03-05T10:41:24","guid":{"rendered":"https:\/\/itsasmuseoa.eus\/?page_id=15934"},"modified":"2024-05-03T11:43:08","modified_gmt":"2024-05-03T09:43:08","slug":"pais-vasco-y-chile-a-traves-de-chiloe","status":"publish","type":"page","link":"https:\/\/itsasmuseoa.eus\/eu\/jarduerak\/agenda\/pais-vasco-y-chile-a-traves-de-chiloe\/","title":{"rendered":"Pais Vasco y Chile a traves de Chilo\u00e9"},"content":{"rendered":"\n\n\t<nav id=\"breadcrumbs\" aria-label=\"Breadcrumbs\"><a href=\"https:\/\/itsasmuseoa.eus\/eu\/\">Inicio<\/a> <img decoding=\"async\" src=\"https:\/\/itsasmuseoa.eus\/flecha-breadcrumbs\/\" alt=\"icono flecha\" \/> <a href=\"https:\/\/itsasmuseoa.eus\/eu\/actividades\/\">Jarduerak<\/a> <img decoding=\"async\" src=\"https:\/\/itsasmuseoa.eus\/flecha-breadcrumbs\/\" alt=\"icono flecha\" \/> <a href=\"https:\/\/itsasmuseoa.eus\/eu\/jarduerak\/agenda\/\">Agenda<\/a> <img decoding=\"async\" src=\"https:\/\/itsasmuseoa.eus\/flecha-breadcrumbs\/\" alt=\"icono flecha\" \/> Pais Vasco y Chile a traves de Chilo\u00e9<\/nav>\n\t\t<h2>\n\t\t\tTitle\n\t\t<\/h2>\n<h2>\n\t\tHitzaldia\n\t<\/h2>\n<h1>\n\t\tPais Vasco y Chile a traves de Chilo\u00e9\n\t<\/h1>\n<h2>\n\t\tMaiatzak 2\n\t<\/h2>\n<h2>\n\t\tOrdua: 19:00\n\t<\/h2>\n<h2>\n\t\tPrezioa: Doan\n\t<\/h2>\n<h2>\n\t\tHizkuntza: Gaztelania\n\t<\/h2>\n\t<p>Aurtengo PASAIA ITSAS FESTIBALAren edizioak ere aurre-festibala izango du. Albaola Itsas Kultur Faktorian belaontzi txiletar bat eraikitzeaz gain, zuzenean eta jendearen aurrean, hitzaldi sorta bat ere antolatu dugu bertako eta Txileko adituen eskutik.<\/p>\n<p>Horregatik, Nelson Alejandro Bahamonde &#8220;Euskal Herriaren eta Txilerren arteko loturak ezagutzen Chilo\u00e9ko munduaren bitartez&#8221; hitzaldia ospatuko da Museoko ganbaran.<\/p>\n<p>Euskal Itsas Museoko zuzendaria den Xabier Alberdik aurkeztua.<\/p>\n\t\t\t<a href=\"https:\/\/itsasmuseoa.eus\/eu\/sarreren-erreserba\/?reserva=02\/05CHILO\u00c9\" target=\"_self\" rel=\"noopener\">\n\t\t\t\t\t\tErreserba egin\n\t\t\t\t\t<\/a>\n\t<p><strong>Pasaia Itsas Festibala<\/strong><\/p>\n<p>Pasaiako portuaren ondare-balioa berreskuratzea eta ondarearen portu gisa nazioartean duen proiekzioa handitzea dira Pasaiako Udalak eta Albaolak aspaldidanik elkarrekin lantzen ditugun helburuak. Pasaia Itsas Festibala, gure historia Pasaia eraldatzeko ardatz bilakatzeko gure apustu estrategikoaren irudikapen bat da.<\/p>\n\t\t\t\t<a href=\"https:\/\/itsasmuseoa.eus\/wp-content\/uploads\/2024\/04\/Chiloe-eim.jpg\" target=\"_self\" itemprop=\"url\" rel=\"noopener\">\n\t\t\t\t<img decoding=\"async\" src=\"https:\/\/itsasmuseoa.eus\/wp-content\/uploads\/2024\/04\/Chiloe-eim.jpg\" alt=\"Chilo\u00e9-eim\" itemprop=\"image\" height=\"1200\" width=\"1800\" title=\"Chilo\u00e9-eim\" onerror=\"this.style.display='none'\"  \/>\n\t\t\t\t<\/a>\n\t<a href=\"#\" id=\"trigger-\" role=\"button\" data-modal=\"\" data-node=\"\">\n\t\t\t\t\t\t\tARGAZKIA HANDITU\n\t\t\t\t\t\t\t\t\t\t\t\t<\/a>\n\t\t\t\t\t\tPreview\n\t\t\tmodal-\n\t\t\t\t\t\t<img decoding=\"async\" src=\"\" alt=\"\" \/>\t\t\t\t\t\n\n","protected":false},"excerpt":{"rendered":"<p>Conociendo los v\u00ednculos entre Pa\u00eds Vasco y Chile a trav\u00e9s del mundo de Chilo\u00e9<\/p>\n","protected":false},"author":4,"featured_media":15935,"parent":5408,"menu_order":0,"comment_status":"closed","ping_status":"closed","template":"","meta":{"_acf_changed":false,"footnotes":""},"categories":[],"tags":[128],"class_list":["post-15934","page","type-page","status-publish","has-post-thumbnail","hentry","tag-hitzaldia"],"acf":[],"yoast_head":"<!-- This site is optimized with the Yoast SEO plugin v27.4 - https:\/\/yoast.com\/product\/yoast-seo-wordpress\/ -->\n<title>Pais Vasco y Chile a traves de Chilo\u00e9 - Euskal Itsas Museoa<\/title>\n<meta name=\"robots\" content=\"index, follow, max-snippet:-1, max-image-preview:large, max-video-preview:-1\" \/>\n<link rel=\"canonical\" href=\"https:\/\/itsasmuseoa.eus\/eu\/jarduerak\/agenda\/pais-vasco-y-chile-a-traves-de-chiloe\/\" \/>\n<meta property=\"og:locale\" content=\"eu_ES\" \/>\n<meta property=\"og:type\" content=\"article\" \/>\n<meta property=\"og:title\" content=\"Pais Vasco y Chile a traves de Chilo\u00e9 - Euskal Itsas Museoa\" \/>\n<meta property=\"og:description\" content=\"Conociendo los v\u00ednculos entre Pa\u00eds Vasco y Chile a trav\u00e9s del mundo de Chilo\u00e9\" \/>\n<meta property=\"og:url\" content=\"https:\/\/itsasmuseoa.eus\/eu\/jarduerak\/agenda\/pais-vasco-y-chile-a-traves-de-chiloe\/\" \/>\n<meta property=\"og:site_name\" content=\"Euskal Itsas Museoa\" \/>\n<meta property=\"article:modified_time\" content=\"2024-05-03T09:43:08+00:00\" \/>\n<meta property=\"og:image\" content=\"https:\/\/itsasmuseoa.eus\/wp-content\/uploads\/2024\/04\/Chiloe-eim.jpg\" \/>\n\t<meta property=\"og:image:width\" content=\"1800\" \/>\n\t<meta property=\"og:image:height\" content=\"1200\" \/>\n\t<meta property=\"og:image:type\" content=\"image\/jpeg\" \/>\n<meta name=\"twitter:card\" content=\"summary_large_image\" \/>\n<meta name=\"twitter:label1\" content=\"Est. reading time\" \/>\n\t<meta name=\"twitter:data1\" content=\"1 minute\" \/>\n<script type=\"application\/ld+json\" class=\"yoast-schema-graph\">{\"@context\":\"https:\\\/\\\/schema.org\",\"@graph\":[{\"@type\":\"WebPage\",\"@id\":\"https:\\\/\\\/itsasmuseoa.eus\\\/eu\\\/jarduerak\\\/agenda\\\/pais-vasco-y-chile-a-traves-de-chiloe\\\/\",\"url\":\"https:\\\/\\\/itsasmuseoa.eus\\\/eu\\\/jarduerak\\\/agenda\\\/pais-vasco-y-chile-a-traves-de-chiloe\\\/\",\"name\":\"Pais Vasco y Chile a traves de Chilo\u00e9 - Euskal Itsas Museoa\",\"isPartOf\":{\"@id\":\"https:\\\/\\\/itsasmuseoa.eus\\\/eu\\\/#website\"},\"primaryImageOfPage\":{\"@id\":\"https:\\\/\\\/itsasmuseoa.eus\\\/eu\\\/jarduerak\\\/agenda\\\/pais-vasco-y-chile-a-traves-de-chiloe\\\/#primaryimage\"},\"image\":{\"@id\":\"https:\\\/\\\/itsasmuseoa.eus\\\/eu\\\/jarduerak\\\/agenda\\\/pais-vasco-y-chile-a-traves-de-chiloe\\\/#primaryimage\"},\"thumbnailUrl\":\"https:\\\/\\\/itsasmuseoa.eus\\\/wp-content\\\/uploads\\\/2024\\\/04\\\/Chiloe-eim.jpg\",\"datePublished\":\"2024-03-05T10:41:24+00:00\",\"dateModified\":\"2024-05-03T09:43:08+00:00\",\"breadcrumb\":{\"@id\":\"https:\\\/\\\/itsasmuseoa.eus\\\/eu\\\/jarduerak\\\/agenda\\\/pais-vasco-y-chile-a-traves-de-chiloe\\\/#breadcrumb\"},\"inLanguage\":\"eu-ES\",\"potentialAction\":[{\"@type\":\"ReadAction\",\"target\":[\"https:\\\/\\\/itsasmuseoa.eus\\\/eu\\\/jarduerak\\\/agenda\\\/pais-vasco-y-chile-a-traves-de-chiloe\\\/\"]}]},{\"@type\":\"ImageObject\",\"inLanguage\":\"eu-ES\",\"@id\":\"https:\\\/\\\/itsasmuseoa.eus\\\/eu\\\/jarduerak\\\/agenda\\\/pais-vasco-y-chile-a-traves-de-chiloe\\\/#primaryimage\",\"url\":\"https:\\\/\\\/itsasmuseoa.eus\\\/wp-content\\\/uploads\\\/2024\\\/04\\\/Chiloe-eim.jpg\",\"contentUrl\":\"https:\\\/\\\/itsasmuseoa.eus\\\/wp-content\\\/uploads\\\/2024\\\/04\\\/Chiloe-eim.jpg\",\"width\":1800,\"height\":1200},{\"@type\":\"BreadcrumbList\",\"@id\":\"https:\\\/\\\/itsasmuseoa.eus\\\/eu\\\/jarduerak\\\/agenda\\\/pais-vasco-y-chile-a-traves-de-chiloe\\\/#breadcrumb\",\"itemListElement\":[{\"@type\":\"ListItem\",\"position\":1,\"name\":\"Inicio\",\"item\":\"https:\\\/\\\/itsasmuseoa.eus\\\/eu\\\/\"},{\"@type\":\"ListItem\",\"position\":2,\"name\":\"Jarduerak\",\"item\":\"https:\\\/\\\/itsasmuseoa.eus\\\/eu\\\/actividades\\\/\"},{\"@type\":\"ListItem\",\"position\":3,\"name\":\"Agenda\",\"item\":\"https:\\\/\\\/itsasmuseoa.eus\\\/eu\\\/jarduerak\\\/agenda\\\/\"},{\"@type\":\"ListItem\",\"position\":4,\"name\":\"Pais Vasco y Chile a traves de Chilo\u00e9\"}]},{\"@type\":\"WebSite\",\"@id\":\"https:\\\/\\\/itsasmuseoa.eus\\\/eu\\\/#website\",\"url\":\"https:\\\/\\\/itsasmuseoa.eus\\\/eu\\\/\",\"name\":\"Euskal Itsas Museoa\",\"description\":\"Museo Mar\u00edtimo Vasco\",\"potentialAction\":[{\"@type\":\"SearchAction\",\"target\":{\"@type\":\"EntryPoint\",\"urlTemplate\":\"https:\\\/\\\/itsasmuseoa.eus\\\/eu\\\/?s={search_term_string}\"},\"query-input\":{\"@type\":\"PropertyValueSpecification\",\"valueRequired\":true,\"valueName\":\"search_term_string\"}}],\"inLanguage\":\"eu-ES\"}]}<\/script>\n<!-- \/ Yoast SEO plugin. -->","yoast_head_json":{"title":"Pais Vasco y Chile a traves de Chilo\u00e9 - Euskal Itsas Museoa","robots":{"index":"index","follow":"follow","max-snippet":"max-snippet:-1","max-image-preview":"max-image-preview:large","max-video-preview":"max-video-preview:-1"},"canonical":"https:\/\/itsasmuseoa.eus\/eu\/jarduerak\/agenda\/pais-vasco-y-chile-a-traves-de-chiloe\/","og_locale":"eu_ES","og_type":"article","og_title":"Pais Vasco y Chile a traves de Chilo\u00e9 - Euskal Itsas Museoa","og_description":"Conociendo los v\u00ednculos entre Pa\u00eds Vasco y Chile a trav\u00e9s del mundo de Chilo\u00e9","og_url":"https:\/\/itsasmuseoa.eus\/eu\/jarduerak\/agenda\/pais-vasco-y-chile-a-traves-de-chiloe\/","og_site_name":"Euskal Itsas Museoa","article_modified_time":"2024-05-03T09:43:08+00:00","og_image":[{"width":1800,"height":1200,"url":"https:\/\/itsasmuseoa.eus\/wp-content\/uploads\/2024\/04\/Chiloe-eim.jpg","type":"image\/jpeg"}],"twitter_card":"summary_large_image","twitter_misc":{"Est. reading time":"1 minute"},"schema":{"@context":"https:\/\/schema.org","@graph":[{"@type":"WebPage","@id":"https:\/\/itsasmuseoa.eus\/eu\/jarduerak\/agenda\/pais-vasco-y-chile-a-traves-de-chiloe\/","url":"https:\/\/itsasmuseoa.eus\/eu\/jarduerak\/agenda\/pais-vasco-y-chile-a-traves-de-chiloe\/","name":"Pais Vasco y Chile a traves de Chilo\u00e9 - Euskal Itsas Museoa","isPartOf":{"@id":"https:\/\/itsasmuseoa.eus\/eu\/#website"},"primaryImageOfPage":{"@id":"https:\/\/itsasmuseoa.eus\/eu\/jarduerak\/agenda\/pais-vasco-y-chile-a-traves-de-chiloe\/#primaryimage"},"image":{"@id":"https:\/\/itsasmuseoa.eus\/eu\/jarduerak\/agenda\/pais-vasco-y-chile-a-traves-de-chiloe\/#primaryimage"},"thumbnailUrl":"https:\/\/itsasmuseoa.eus\/wp-content\/uploads\/2024\/04\/Chiloe-eim.jpg","datePublished":"2024-03-05T10:41:24+00:00","dateModified":"2024-05-03T09:43:08+00:00","breadcrumb":{"@id":"https:\/\/itsasmuseoa.eus\/eu\/jarduerak\/agenda\/pais-vasco-y-chile-a-traves-de-chiloe\/#breadcrumb"},"inLanguage":"eu-ES","potentialAction":[{"@type":"ReadAction","target":["https:\/\/itsasmuseoa.eus\/eu\/jarduerak\/agenda\/pais-vasco-y-chile-a-traves-de-chiloe\/"]}]},{"@type":"ImageObject","inLanguage":"eu-ES","@id":"https:\/\/itsasmuseoa.eus\/eu\/jarduerak\/agenda\/pais-vasco-y-chile-a-traves-de-chiloe\/#primaryimage","url":"https:\/\/itsasmuseoa.eus\/wp-content\/uploads\/2024\/04\/Chiloe-eim.jpg","contentUrl":"https:\/\/itsasmuseoa.eus\/wp-content\/uploads\/2024\/04\/Chiloe-eim.jpg","width":1800,"height":1200},{"@type":"BreadcrumbList","@id":"https:\/\/itsasmuseoa.eus\/eu\/jarduerak\/agenda\/pais-vasco-y-chile-a-traves-de-chiloe\/#breadcrumb","itemListElement":[{"@type":"ListItem","position":1,"name":"Inicio","item":"https:\/\/itsasmuseoa.eus\/eu\/"},{"@type":"ListItem","position":2,"name":"Jarduerak","item":"https:\/\/itsasmuseoa.eus\/eu\/actividades\/"},{"@type":"ListItem","position":3,"name":"Agenda","item":"https:\/\/itsasmuseoa.eus\/eu\/jarduerak\/agenda\/"},{"@type":"ListItem","position":4,"name":"Pais Vasco y Chile a traves de Chilo\u00e9"}]},{"@type":"WebSite","@id":"https:\/\/itsasmuseoa.eus\/eu\/#website","url":"https:\/\/itsasmuseoa.eus\/eu\/","name":"Euskal Itsas Museoa","description":"Museo Mar\u00edtimo Vasco","potentialAction":[{"@type":"SearchAction","target":{"@type":"EntryPoint","urlTemplate":"https:\/\/itsasmuseoa.eus\/eu\/?s={search_term_string}"},"query-input":{"@type":"PropertyValueSpecification","valueRequired":true,"valueName":"search_term_string"}}],"inLanguage":"eu-ES"}]}},"_links":{"self":[{"href":"https:\/\/itsasmuseoa.eus\/eu\/wp-json\/wp\/v2\/pages\/15934","targetHints":{"allow":["GET"]}}],"collection":[{"href":"https:\/\/itsasmuseoa.eus\/eu\/wp-json\/wp\/v2\/pages"}],"about":[{"href":"https:\/\/itsasmuseoa.eus\/eu\/wp-json\/wp\/v2\/types\/page"}],"author":[{"embeddable":true,"href":"https:\/\/itsasmuseoa.eus\/eu\/wp-json\/wp\/v2\/users\/4"}],"replies":[{"embeddable":true,"href":"https:\/\/itsasmuseoa.eus\/eu\/wp-json\/wp\/v2\/comments?post=15934"}],"version-history":[{"count":0,"href":"https:\/\/itsasmuseoa.eus\/eu\/wp-json\/wp\/v2\/pages\/15934\/revisions"}],"up":[{"embeddable":true,"href":"https:\/\/itsasmuseoa.eus\/eu\/wp-json\/wp\/v2\/pages\/5408"}],"wp:featuredmedia":[{"embeddable":true,"href":"https:\/\/itsasmuseoa.eus\/eu\/wp-json\/wp\/v2\/media\/15935"}],"wp:attachment":[{"href":"https:\/\/itsasmuseoa.eus\/eu\/wp-json\/wp\/v2\/media?parent=15934"}],"wp:term":[{"taxonomy":"category","embeddable":true,"href":"https:\/\/itsasmuseoa.eus\/eu\/wp-json\/wp\/v2\/categories?post=15934"},{"taxonomy":"post_tag","embeddable":true,"href":"https:\/\/itsasmuseoa.eus\/eu\/wp-json\/wp\/v2\/tags?post=15934"}],"curies":[{"name":"wp","href":"https:\/\/api.w.org\/{rel}","templated":true}]}}