{"id":15965,"date":"2024-03-01T16:32:23","date_gmt":"2024-03-01T15:32:23","guid":{"rendered":"https:\/\/itsasmuseoa.eus\/pasaia-itsas-festibala-2024\/"},"modified":"2024-05-07T14:00:40","modified_gmt":"2024-05-07T12:00:40","slug":"pasaia-itsas-festibala-2024","status":"publish","type":"page","link":"https:\/\/itsasmuseoa.eus\/eu\/pasaia-itsas-festibala-2024\/","title":{"rendered":"Pasaia Itsas Festibala 2024"},"content":{"rendered":"\n\n\t<nav id=\"breadcrumbs\" aria-label=\"Breadcrumbs\"><a href=\"https:\/\/itsasmuseoa.eus\/\">Inicio<\/a> <img decoding=\"async\" src=\"https:\/\/itsasmuseoa.eus\/flecha-breadcrumbs\/\" alt=\"icono flecha\" \/> Pasaia Itsas Festibala 2024<\/nav>\n\t\t<h2>\n\t\t\tTitle\n\t\t<\/h2>\n<h2>\n\t\tIniciativa\n\t<\/h2>\n<h1>\n\t\tPasaia Itsas Festibala\n\t<\/h1>\n<h2>\n\t\tDel 9 al 12 de mayo 2024\n\t<\/h2>\n<h2>\n\t\tHorario: 11:00-20:00\n\t<\/h2>\n<h2>\n\t\tGratuito\n\t<\/h2>\n\t<p>El Euskal Itsas Museoa participar\u00e1 en el festival de embarcaciones tradicionales del 9 al 12 de mayo en el espacio dedicado a entidades relacionadas con el patrimonio mar\u00edtimo frente a la Iglesia de Pasaia San Pedro.<\/p>\n\t<ul>\n<li><strong>Stand del Museo Mar\u00edtimo Vasco<\/strong><\/li>\n<\/ul>\nEl espacio dedicado al Museo dispondr\u00e1 de productos de la tienda del Museo y una exposici\u00f3n acerca de la historia del Museo Mar\u00edtimo Vasco y del proyecto de restauraci\u00f3n de embarcaciones <em>Hondotik Ondarera<\/em>. Adem\u00e1s de esto, la embarcaci\u00f3n de salvamento restaurada <em>Guip\u00fazcoa<\/em> estar\u00e1 visible en frente del stand.\n\t<ul>\n<li><b>Programaci\u00f3n<\/b><\/li>\n<\/ul>\n<strong>Visitas dinamizadas<\/strong> gratuitas a la embarcaci\u00f3n <em>Guip\u00fazcoa<\/em> de la mano de Xabier Alberdi.\n\t\t\t<a href=\"https:\/\/pasaiaitsasfestibala.org\/wp-content\/uploads\/2024\/04\/Programa-Itsas-Festibala-EU-ES-INTERACTIVO-1.pdf\" target=\"_self\" rel=\"noopener\">\n\t\t\t\t\t\t\tPrograma del Festival\n\t\t\t\t\t<\/a>\n\t<p><strong>Pasaia Itsas Festibala<\/strong><\/p>\n<p>ENCUENTRO INTERNACIONAL DE EMBARCACIONES TRADICIONALES DE VALOR PATRIMONIAL. <\/p>\n<p>Te proponemos un encuentro con nuestra gran aventura mar\u00edtima y con barcos de otras culturas. Te invitamos a la evocaci\u00f3n a trav\u00e9s de la belleza y la historia, a trav\u00e9s de la visi\u00f3n de embarcaciones cargadas de pasi\u00f3n. Es un festival para descubrir y para compartir. <\/p>\n\t\t\t\t<a href=\"https:\/\/itsasmuseoa.eus\/wp-content\/uploads\/2024\/04\/Banner_WEB_3-23.jpg\" target=\"_self\" itemprop=\"url\" rel=\"noopener\">\n\t\t\t\t<img decoding=\"async\" src=\"https:\/\/itsasmuseoa.eus\/wp-content\/uploads\/2024\/04\/Banner_WEB_3-23.jpg\" alt=\"PIF-EIM\" itemprop=\"image\" height=\"1200\" width=\"1800\" title=\"PIF-EIM\" onerror=\"this.style.display='none'\"  \/>\n\t\t\t\t<\/a>\n\t<a href=\"#\" id=\"trigger-\" role=\"button\" data-modal=\"\" data-node=\"\">\n\t\t\t\t\t\t\tAMPLIAR FOTO\n\t\t\t\t\t\t\t\t\t\t\t\t<\/a>\n\t\t\t\t\t\tPreview\n\t\t\tmodal-\n\t\t\t\t\t\t<img decoding=\"async\" src=\"\" alt=\"\" \/>\t\t\t\t\t\n\n","protected":false},"excerpt":{"rendered":"<p>Inicio Pasaia Itsas Festibala 2024 Title Iniciativa Pasaia Itsas Festibala Del 9 al 12 de mayo 2024 Horario: 11:00-20:00 Gratuito El Euskal Itsas Museoa participar\u00e1 en el festival de embarcaciones tradicionales del 9 al 12 de mayo en el espacio dedicado a entidades relacionadas con el patrimonio mar\u00edtimo frente a la Iglesia de Pasaia San&hellip;<\/p>\n","protected":false},"author":4,"featured_media":15954,"parent":0,"menu_order":0,"comment_status":"closed","ping_status":"closed","template":"","meta":{"_acf_changed":false,"footnotes":""},"categories":[],"tags":[619],"class_list":["post-15965","page","type-page","status-publish","has-post-thumbnail","hentry","tag-encuentro-eu"],"acf":[],"yoast_head":"<!-- This site is optimized with the Yoast SEO plugin v27.4 - https:\/\/yoast.com\/product\/yoast-seo-wordpress\/ -->\n<title>Pasaia Itsas Festibala 2024 - Euskal Itsas Museoa<\/title>\n<meta name=\"robots\" content=\"index, follow, max-snippet:-1, max-image-preview:large, max-video-preview:-1\" \/>\n<link rel=\"canonical\" href=\"https:\/\/itsasmuseoa.eus\/eu\/pasaia-itsas-festibala-2024\/\" \/>\n<meta property=\"og:locale\" content=\"eu_ES\" \/>\n<meta property=\"og:type\" content=\"article\" \/>\n<meta property=\"og:title\" content=\"Pasaia Itsas Festibala 2024 - Euskal Itsas Museoa\" \/>\n<meta property=\"og:description\" content=\"Inicio Pasaia Itsas Festibala 2024 Title Iniciativa Pasaia Itsas Festibala Del 9 al 12 de mayo 2024 Horario: 11:00-20:00 Gratuito El Euskal Itsas Museoa participar\u00e1 en el festival de embarcaciones tradicionales del 9 al 12 de mayo en el espacio dedicado a entidades relacionadas con el patrimonio mar\u00edtimo frente a la Iglesia de Pasaia San&hellip;\" \/>\n<meta property=\"og:url\" content=\"https:\/\/itsasmuseoa.eus\/eu\/pasaia-itsas-festibala-2024\/\" \/>\n<meta property=\"og:site_name\" content=\"Euskal Itsas Museoa\" \/>\n<meta property=\"article:modified_time\" content=\"2024-05-07T12:00:40+00:00\" \/>\n<meta property=\"og:image\" content=\"https:\/\/itsasmuseoa.eus\/wp-content\/uploads\/2024\/04\/Banner_WEB_3-23.jpg\" \/>\n\t<meta property=\"og:image:width\" content=\"1800\" \/>\n\t<meta property=\"og:image:height\" content=\"1200\" \/>\n\t<meta property=\"og:image:type\" content=\"image\/jpeg\" \/>\n<meta name=\"twitter:card\" content=\"summary_large_image\" \/>\n<meta name=\"twitter:label1\" content=\"Est. reading time\" \/>\n\t<meta name=\"twitter:data1\" content=\"1 minute\" \/>\n<script type=\"application\/ld+json\" class=\"yoast-schema-graph\">{\"@context\":\"https:\\\/\\\/schema.org\",\"@graph\":[{\"@type\":\"WebPage\",\"@id\":\"https:\\\/\\\/itsasmuseoa.eus\\\/eu\\\/pasaia-itsas-festibala-2024\\\/\",\"url\":\"https:\\\/\\\/itsasmuseoa.eus\\\/eu\\\/pasaia-itsas-festibala-2024\\\/\",\"name\":\"Pasaia Itsas Festibala 2024 - Euskal Itsas Museoa\",\"isPartOf\":{\"@id\":\"https:\\\/\\\/itsasmuseoa.eus\\\/eu\\\/#website\"},\"primaryImageOfPage\":{\"@id\":\"https:\\\/\\\/itsasmuseoa.eus\\\/eu\\\/pasaia-itsas-festibala-2024\\\/#primaryimage\"},\"image\":{\"@id\":\"https:\\\/\\\/itsasmuseoa.eus\\\/eu\\\/pasaia-itsas-festibala-2024\\\/#primaryimage\"},\"thumbnailUrl\":\"https:\\\/\\\/itsasmuseoa.eus\\\/wp-content\\\/uploads\\\/2024\\\/04\\\/Banner_WEB_3-23.jpg\",\"datePublished\":\"2024-03-01T15:32:23+00:00\",\"dateModified\":\"2024-05-07T12:00:40+00:00\",\"breadcrumb\":{\"@id\":\"https:\\\/\\\/itsasmuseoa.eus\\\/eu\\\/pasaia-itsas-festibala-2024\\\/#breadcrumb\"},\"inLanguage\":\"eu-ES\",\"potentialAction\":[{\"@type\":\"ReadAction\",\"target\":[\"https:\\\/\\\/itsasmuseoa.eus\\\/eu\\\/pasaia-itsas-festibala-2024\\\/\"]}]},{\"@type\":\"ImageObject\",\"inLanguage\":\"eu-ES\",\"@id\":\"https:\\\/\\\/itsasmuseoa.eus\\\/eu\\\/pasaia-itsas-festibala-2024\\\/#primaryimage\",\"url\":\"https:\\\/\\\/itsasmuseoa.eus\\\/wp-content\\\/uploads\\\/2024\\\/04\\\/Banner_WEB_3-23.jpg\",\"contentUrl\":\"https:\\\/\\\/itsasmuseoa.eus\\\/wp-content\\\/uploads\\\/2024\\\/04\\\/Banner_WEB_3-23.jpg\",\"width\":1800,\"height\":1200},{\"@type\":\"BreadcrumbList\",\"@id\":\"https:\\\/\\\/itsasmuseoa.eus\\\/eu\\\/pasaia-itsas-festibala-2024\\\/#breadcrumb\",\"itemListElement\":[{\"@type\":\"ListItem\",\"position\":1,\"name\":\"Inicio\",\"item\":\"https:\\\/\\\/itsasmuseoa.eus\\\/eu\\\/\"},{\"@type\":\"ListItem\",\"position\":2,\"name\":\"Pasaia Itsas Festibala 2024\"}]},{\"@type\":\"WebSite\",\"@id\":\"https:\\\/\\\/itsasmuseoa.eus\\\/eu\\\/#website\",\"url\":\"https:\\\/\\\/itsasmuseoa.eus\\\/eu\\\/\",\"name\":\"Euskal Itsas Museoa\",\"description\":\"Museo Mar\u00edtimo Vasco\",\"potentialAction\":[{\"@type\":\"SearchAction\",\"target\":{\"@type\":\"EntryPoint\",\"urlTemplate\":\"https:\\\/\\\/itsasmuseoa.eus\\\/eu\\\/?s={search_term_string}\"},\"query-input\":{\"@type\":\"PropertyValueSpecification\",\"valueRequired\":true,\"valueName\":\"search_term_string\"}}],\"inLanguage\":\"eu-ES\"}]}<\/script>\n<!-- \/ Yoast SEO plugin. -->","yoast_head_json":{"title":"Pasaia Itsas Festibala 2024 - Euskal Itsas Museoa","robots":{"index":"index","follow":"follow","max-snippet":"max-snippet:-1","max-image-preview":"max-image-preview:large","max-video-preview":"max-video-preview:-1"},"canonical":"https:\/\/itsasmuseoa.eus\/eu\/pasaia-itsas-festibala-2024\/","og_locale":"eu_ES","og_type":"article","og_title":"Pasaia Itsas Festibala 2024 - Euskal Itsas Museoa","og_description":"Inicio Pasaia Itsas Festibala 2024 Title Iniciativa Pasaia Itsas Festibala Del 9 al 12 de mayo 2024 Horario: 11:00-20:00 Gratuito El Euskal Itsas Museoa participar\u00e1 en el festival de embarcaciones tradicionales del 9 al 12 de mayo en el espacio dedicado a entidades relacionadas con el patrimonio mar\u00edtimo frente a la Iglesia de Pasaia San&hellip;","og_url":"https:\/\/itsasmuseoa.eus\/eu\/pasaia-itsas-festibala-2024\/","og_site_name":"Euskal Itsas Museoa","article_modified_time":"2024-05-07T12:00:40+00:00","og_image":[{"width":1800,"height":1200,"url":"https:\/\/itsasmuseoa.eus\/wp-content\/uploads\/2024\/04\/Banner_WEB_3-23.jpg","type":"image\/jpeg"}],"twitter_card":"summary_large_image","twitter_misc":{"Est. reading time":"1 minute"},"schema":{"@context":"https:\/\/schema.org","@graph":[{"@type":"WebPage","@id":"https:\/\/itsasmuseoa.eus\/eu\/pasaia-itsas-festibala-2024\/","url":"https:\/\/itsasmuseoa.eus\/eu\/pasaia-itsas-festibala-2024\/","name":"Pasaia Itsas Festibala 2024 - Euskal Itsas Museoa","isPartOf":{"@id":"https:\/\/itsasmuseoa.eus\/eu\/#website"},"primaryImageOfPage":{"@id":"https:\/\/itsasmuseoa.eus\/eu\/pasaia-itsas-festibala-2024\/#primaryimage"},"image":{"@id":"https:\/\/itsasmuseoa.eus\/eu\/pasaia-itsas-festibala-2024\/#primaryimage"},"thumbnailUrl":"https:\/\/itsasmuseoa.eus\/wp-content\/uploads\/2024\/04\/Banner_WEB_3-23.jpg","datePublished":"2024-03-01T15:32:23+00:00","dateModified":"2024-05-07T12:00:40+00:00","breadcrumb":{"@id":"https:\/\/itsasmuseoa.eus\/eu\/pasaia-itsas-festibala-2024\/#breadcrumb"},"inLanguage":"eu-ES","potentialAction":[{"@type":"ReadAction","target":["https:\/\/itsasmuseoa.eus\/eu\/pasaia-itsas-festibala-2024\/"]}]},{"@type":"ImageObject","inLanguage":"eu-ES","@id":"https:\/\/itsasmuseoa.eus\/eu\/pasaia-itsas-festibala-2024\/#primaryimage","url":"https:\/\/itsasmuseoa.eus\/wp-content\/uploads\/2024\/04\/Banner_WEB_3-23.jpg","contentUrl":"https:\/\/itsasmuseoa.eus\/wp-content\/uploads\/2024\/04\/Banner_WEB_3-23.jpg","width":1800,"height":1200},{"@type":"BreadcrumbList","@id":"https:\/\/itsasmuseoa.eus\/eu\/pasaia-itsas-festibala-2024\/#breadcrumb","itemListElement":[{"@type":"ListItem","position":1,"name":"Inicio","item":"https:\/\/itsasmuseoa.eus\/eu\/"},{"@type":"ListItem","position":2,"name":"Pasaia Itsas Festibala 2024"}]},{"@type":"WebSite","@id":"https:\/\/itsasmuseoa.eus\/eu\/#website","url":"https:\/\/itsasmuseoa.eus\/eu\/","name":"Euskal Itsas Museoa","description":"Museo Mar\u00edtimo Vasco","potentialAction":[{"@type":"SearchAction","target":{"@type":"EntryPoint","urlTemplate":"https:\/\/itsasmuseoa.eus\/eu\/?s={search_term_string}"},"query-input":{"@type":"PropertyValueSpecification","valueRequired":true,"valueName":"search_term_string"}}],"inLanguage":"eu-ES"}]}},"_links":{"self":[{"href":"https:\/\/itsasmuseoa.eus\/eu\/wp-json\/wp\/v2\/pages\/15965","targetHints":{"allow":["GET"]}}],"collection":[{"href":"https:\/\/itsasmuseoa.eus\/eu\/wp-json\/wp\/v2\/pages"}],"about":[{"href":"https:\/\/itsasmuseoa.eus\/eu\/wp-json\/wp\/v2\/types\/page"}],"author":[{"embeddable":true,"href":"https:\/\/itsasmuseoa.eus\/eu\/wp-json\/wp\/v2\/users\/4"}],"replies":[{"embeddable":true,"href":"https:\/\/itsasmuseoa.eus\/eu\/wp-json\/wp\/v2\/comments?post=15965"}],"version-history":[{"count":0,"href":"https:\/\/itsasmuseoa.eus\/eu\/wp-json\/wp\/v2\/pages\/15965\/revisions"}],"wp:featuredmedia":[{"embeddable":true,"href":"https:\/\/itsasmuseoa.eus\/eu\/wp-json\/wp\/v2\/media\/15954"}],"wp:attachment":[{"href":"https:\/\/itsasmuseoa.eus\/eu\/wp-json\/wp\/v2\/media?parent=15965"}],"wp:term":[{"taxonomy":"category","embeddable":true,"href":"https:\/\/itsasmuseoa.eus\/eu\/wp-json\/wp\/v2\/categories?post=15965"},{"taxonomy":"post_tag","embeddable":true,"href":"https:\/\/itsasmuseoa.eus\/eu\/wp-json\/wp\/v2\/tags?post=15965"}],"curies":[{"name":"wp","href":"https:\/\/api.w.org\/{rel}","templated":true}]}}