{"id":17047,"date":"2024-09-05T16:53:54","date_gmt":"2024-09-05T14:53:54","guid":{"rendered":"https:\/\/itsasmuseoa.eus\/jarduerak\/gure-argitalpenak\/revue-ciaboga\/ciaboga-no8\/"},"modified":"2024-09-06T09:51:10","modified_gmt":"2024-09-06T07:51:10","slug":"ciaboga-no8","status":"publish","type":"page","link":"https:\/\/itsasmuseoa.eus\/eu\/jarduerak\/gure-argitalpenak\/revue-ciaboga\/ciaboga-no8\/","title":{"rendered":"Ciaboga, n\u00ba8"},"content":{"rendered":"\n\n\t<nav id=\"breadcrumbs\" aria-label=\"Breadcrumbs\"><a href=\"https:\/\/itsasmuseoa.eus\/\">Inicio<\/a> <img decoding=\"async\" src=\"https:\/\/itsasmuseoa.eus\/flecha-breadcrumbs\/\" alt=\"icono flecha\" \/> Actividades <img decoding=\"async\" src=\"https:\/\/itsasmuseoa.eus\/flecha-breadcrumbs\/\" alt=\"icono flecha\" \/> <a href=\"https:\/\/itsasmuseoa.eus\/actividades\/nuestras-publicaciones\/\">Nuestras Publicaciones<\/a> <img decoding=\"async\" src=\"https:\/\/itsasmuseoa.eus\/flecha-breadcrumbs\/\" alt=\"icono flecha\" \/> Revista Ciaboga <img decoding=\"async\" src=\"https:\/\/itsasmuseoa.eus\/flecha-breadcrumbs\/\" alt=\"icono flecha\" \/> Ciaboga, n\u00ba8<\/nav>\n\t\t<h1>\n\t\t\tCiaboga\n\t\t<\/h1>\n\t\t\t\t<img decoding=\"async\" src=\"https:\/\/itsasmuseoa.eus\/wp-content\/uploads\/2024\/09\/24_EIM_Ciaboga-Portada-24.png\" alt=\"24_EIM_Ciaboga Portada 24\" itemprop=\"image\" height=\"639\" width=\"454\" title=\"24_EIM_Ciaboga Portada 24\" onerror=\"this.style.display='none'\"  \/>\n\t\t\t<a href=\"https:\/\/itsasmuseoa.eus\/wp-content\/uploads\/2024\/09\/CIABOGA-1924-web.pdf\" target=\"_blank\" rel=\"noopener\">\n\t\t\t\t\t\t\tDescargar\n\t\t\t\t\t<\/a>\n\t\t<h2>\n\t\t\tCiaboga n\u00ba8\n\t\t<\/h2>\n\t\t\t<p>Donostia-San Sebasti\u00e1n, 2024Ganador: Matxet<\/p>\t\t\n\t<p>Octavo n\u00famero especial del centenario de Ciaboga, hoy d\u00eda una revista de divulgaci\u00f3n de la historia mar\u00edtima vasca, que recoge los pormenores de la regata de la Bandera de la Concha disputadas un siglo antes, en este caso de 1924.<\/p>\n<p> En esta ocasi\u00f3n, la revista conmemora la publicaci\u00f3n de la primera edici\u00f3n de la revista que cumple cien a\u00f1os.<\/p>\n<p>&nbsp;<\/p>\n\t\t<h2>\n\t\t\tSobre ciaboga\n\t\t<\/h2>\n\t\t\t<p>La reedici\u00f3n de la revista Ciaboga surge en el marco de un proyecto cultural que pretende recuperar el bagaje cultural e hist\u00f3rico de las Regatas de La Concha, destacando los valores patrimoniales y etnogr\u00e1ficos que \u00e9stas atesoran a trav\u00e9s de la recuperaci\u00f3n hist\u00f3rica de lo acontecido hace 100 a\u00f1os.La primera edici\u00f3n de este proyecto ha tenido lugar en 2017 y el n\u00ba 1 de la nueva revista Ciaboga centra su investigaci\u00f3n y divulgaci\u00f3n en las regatas de 1917.Se quiere destacar la importancia que tuvo esta publicaci\u00f3n en el mundo del remo. Surgida en el a\u00f1o 1924, la revista se edit\u00f3 durante casi 40 a\u00f1os, salvo en el per\u00edodo que transcurre de 1935 a 1942. Sus contenidos siempre estuvieron centrados en el mundo de las traineras, sin olvidar los sucesos m\u00e1s relevantes de la sociedad vasca. Tuvo una tercera reedici\u00f3n en 1992, aunque su duraci\u00f3n fue breve.<\/p>\t\t\n\n","protected":false},"excerpt":{"rendered":"<p>Inicio Actividades Nuestras Publicaciones Revista Ciaboga Ciaboga, n\u00ba8 Ciaboga Descargar Ciaboga n\u00ba8 Donostia-San Sebasti\u00e1n, 2024Ganador: Matxet Octavo n\u00famero especial del centenario de Ciaboga, hoy d\u00eda una revista de divulgaci\u00f3n de la historia mar\u00edtima vasca, que recoge los pormenores de la regata de la Bandera de la Concha disputadas un siglo antes, en este caso de&hellip;<\/p>\n","protected":false},"author":4,"featured_media":17020,"parent":7108,"menu_order":0,"comment_status":"closed","ping_status":"closed","template":"","meta":{"_acf_changed":false,"footnotes":""},"categories":[372],"tags":[527],"class_list":["post-17047","page","type-page","status-publish","has-post-thumbnail","hentry","category-ciaboga-eu","tag-argitalpena"],"acf":[],"yoast_head":"<!-- This site is optimized with the Yoast SEO plugin v27.3 - https:\/\/yoast.com\/product\/yoast-seo-wordpress\/ -->\n<title>Ciaboga, n\u00ba8 - Euskal Itsas Museoa<\/title>\n<meta name=\"robots\" content=\"index, follow, max-snippet:-1, max-image-preview:large, max-video-preview:-1\" \/>\n<link rel=\"canonical\" href=\"https:\/\/itsasmuseoa.eus\/eu\/jarduerak\/gure-argitalpenak\/revue-ciaboga\/ciaboga-no8\/\" \/>\n<meta property=\"og:locale\" content=\"eu_ES\" \/>\n<meta property=\"og:type\" content=\"article\" \/>\n<meta property=\"og:title\" content=\"Ciaboga, n\u00ba8 - Euskal Itsas Museoa\" \/>\n<meta property=\"og:description\" content=\"Inicio Actividades Nuestras Publicaciones Revista Ciaboga Ciaboga, n\u00ba8 Ciaboga Descargar Ciaboga n\u00ba8 Donostia-San Sebasti\u00e1n, 2024Ganador: Matxet Octavo n\u00famero especial del centenario de Ciaboga, hoy d\u00eda una revista de divulgaci\u00f3n de la historia mar\u00edtima vasca, que recoge los pormenores de la regata de la Bandera de la Concha disputadas un siglo antes, en este caso de&hellip;\" \/>\n<meta property=\"og:url\" content=\"https:\/\/itsasmuseoa.eus\/eu\/jarduerak\/gure-argitalpenak\/revue-ciaboga\/ciaboga-no8\/\" \/>\n<meta property=\"og:site_name\" content=\"Euskal Itsas Museoa\" \/>\n<meta property=\"article:modified_time\" content=\"2024-09-06T07:51:10+00:00\" \/>\n<meta property=\"og:image\" content=\"https:\/\/itsasmuseoa.eus\/wp-content\/uploads\/2024\/09\/24_EIM_Ciaboga-Portada-24.png\" \/>\n\t<meta property=\"og:image:width\" content=\"454\" \/>\n\t<meta property=\"og:image:height\" content=\"639\" \/>\n\t<meta property=\"og:image:type\" content=\"image\/png\" \/>\n<meta name=\"twitter:card\" content=\"summary_large_image\" \/>\n<meta name=\"twitter:label1\" content=\"Est. reading time\" \/>\n\t<meta name=\"twitter:data1\" content=\"2 minutes\" \/>\n<script type=\"application\/ld+json\" class=\"yoast-schema-graph\">{\"@context\":\"https:\\\/\\\/schema.org\",\"@graph\":[{\"@type\":\"WebPage\",\"@id\":\"https:\\\/\\\/itsasmuseoa.eus\\\/eu\\\/jarduerak\\\/gure-argitalpenak\\\/revue-ciaboga\\\/ciaboga-no8\\\/\",\"url\":\"https:\\\/\\\/itsasmuseoa.eus\\\/eu\\\/jarduerak\\\/gure-argitalpenak\\\/revue-ciaboga\\\/ciaboga-no8\\\/\",\"name\":\"Ciaboga, n\u00ba8 - Euskal Itsas Museoa\",\"isPartOf\":{\"@id\":\"https:\\\/\\\/itsasmuseoa.eus\\\/eu\\\/#website\"},\"primaryImageOfPage\":{\"@id\":\"https:\\\/\\\/itsasmuseoa.eus\\\/eu\\\/jarduerak\\\/gure-argitalpenak\\\/revue-ciaboga\\\/ciaboga-no8\\\/#primaryimage\"},\"image\":{\"@id\":\"https:\\\/\\\/itsasmuseoa.eus\\\/eu\\\/jarduerak\\\/gure-argitalpenak\\\/revue-ciaboga\\\/ciaboga-no8\\\/#primaryimage\"},\"thumbnailUrl\":\"https:\\\/\\\/itsasmuseoa.eus\\\/wp-content\\\/uploads\\\/2024\\\/09\\\/24_EIM_Ciaboga-Portada-24.png\",\"datePublished\":\"2024-09-05T14:53:54+00:00\",\"dateModified\":\"2024-09-06T07:51:10+00:00\",\"breadcrumb\":{\"@id\":\"https:\\\/\\\/itsasmuseoa.eus\\\/eu\\\/jarduerak\\\/gure-argitalpenak\\\/revue-ciaboga\\\/ciaboga-no8\\\/#breadcrumb\"},\"inLanguage\":\"eu-ES\",\"potentialAction\":[{\"@type\":\"ReadAction\",\"target\":[\"https:\\\/\\\/itsasmuseoa.eus\\\/eu\\\/jarduerak\\\/gure-argitalpenak\\\/revue-ciaboga\\\/ciaboga-no8\\\/\"]}]},{\"@type\":\"ImageObject\",\"inLanguage\":\"eu-ES\",\"@id\":\"https:\\\/\\\/itsasmuseoa.eus\\\/eu\\\/jarduerak\\\/gure-argitalpenak\\\/revue-ciaboga\\\/ciaboga-no8\\\/#primaryimage\",\"url\":\"https:\\\/\\\/itsasmuseoa.eus\\\/wp-content\\\/uploads\\\/2024\\\/09\\\/24_EIM_Ciaboga-Portada-24.png\",\"contentUrl\":\"https:\\\/\\\/itsasmuseoa.eus\\\/wp-content\\\/uploads\\\/2024\\\/09\\\/24_EIM_Ciaboga-Portada-24.png\",\"width\":454,\"height\":639},{\"@type\":\"BreadcrumbList\",\"@id\":\"https:\\\/\\\/itsasmuseoa.eus\\\/eu\\\/jarduerak\\\/gure-argitalpenak\\\/revue-ciaboga\\\/ciaboga-no8\\\/#breadcrumb\",\"itemListElement\":[{\"@type\":\"ListItem\",\"position\":1,\"name\":\"Inicio\",\"item\":\"https:\\\/\\\/itsasmuseoa.eus\\\/eu\\\/\"},{\"@type\":\"ListItem\",\"position\":2,\"name\":\"Jarduerak\",\"item\":\"https:\\\/\\\/itsasmuseoa.eus\\\/eu\\\/actividades\\\/\"},{\"@type\":\"ListItem\",\"position\":3,\"name\":\"Gure argitalpenak\",\"item\":\"https:\\\/\\\/itsasmuseoa.eus\\\/eu\\\/actividades\\\/nuestras-publicaciones\\\/\"},{\"@type\":\"ListItem\",\"position\":4,\"name\":\"Ciaboga Aldizkaria\",\"item\":\"https:\\\/\\\/itsasmuseoa.eus\\\/eu\\\/actividades\\\/nuestras-publicaciones\\\/revista-ciaboga\\\/\"},{\"@type\":\"ListItem\",\"position\":5,\"name\":\"Ciaboga, n\u00ba8\"}]},{\"@type\":\"WebSite\",\"@id\":\"https:\\\/\\\/itsasmuseoa.eus\\\/eu\\\/#website\",\"url\":\"https:\\\/\\\/itsasmuseoa.eus\\\/eu\\\/\",\"name\":\"Euskal Itsas Museoa\",\"description\":\"Museo Mar\u00edtimo Vasco\",\"potentialAction\":[{\"@type\":\"SearchAction\",\"target\":{\"@type\":\"EntryPoint\",\"urlTemplate\":\"https:\\\/\\\/itsasmuseoa.eus\\\/eu\\\/?s={search_term_string}\"},\"query-input\":{\"@type\":\"PropertyValueSpecification\",\"valueRequired\":true,\"valueName\":\"search_term_string\"}}],\"inLanguage\":\"eu-ES\"}]}<\/script>\n<!-- \/ Yoast SEO plugin. -->","yoast_head_json":{"title":"Ciaboga, n\u00ba8 - Euskal Itsas Museoa","robots":{"index":"index","follow":"follow","max-snippet":"max-snippet:-1","max-image-preview":"max-image-preview:large","max-video-preview":"max-video-preview:-1"},"canonical":"https:\/\/itsasmuseoa.eus\/eu\/jarduerak\/gure-argitalpenak\/revue-ciaboga\/ciaboga-no8\/","og_locale":"eu_ES","og_type":"article","og_title":"Ciaboga, n\u00ba8 - Euskal Itsas Museoa","og_description":"Inicio Actividades Nuestras Publicaciones Revista Ciaboga Ciaboga, n\u00ba8 Ciaboga Descargar Ciaboga n\u00ba8 Donostia-San Sebasti\u00e1n, 2024Ganador: Matxet Octavo n\u00famero especial del centenario de Ciaboga, hoy d\u00eda una revista de divulgaci\u00f3n de la historia mar\u00edtima vasca, que recoge los pormenores de la regata de la Bandera de la Concha disputadas un siglo antes, en este caso de&hellip;","og_url":"https:\/\/itsasmuseoa.eus\/eu\/jarduerak\/gure-argitalpenak\/revue-ciaboga\/ciaboga-no8\/","og_site_name":"Euskal Itsas Museoa","article_modified_time":"2024-09-06T07:51:10+00:00","og_image":[{"width":454,"height":639,"url":"https:\/\/itsasmuseoa.eus\/wp-content\/uploads\/2024\/09\/24_EIM_Ciaboga-Portada-24.png","type":"image\/png"}],"twitter_card":"summary_large_image","twitter_misc":{"Est. reading time":"2 minutes"},"schema":{"@context":"https:\/\/schema.org","@graph":[{"@type":"WebPage","@id":"https:\/\/itsasmuseoa.eus\/eu\/jarduerak\/gure-argitalpenak\/revue-ciaboga\/ciaboga-no8\/","url":"https:\/\/itsasmuseoa.eus\/eu\/jarduerak\/gure-argitalpenak\/revue-ciaboga\/ciaboga-no8\/","name":"Ciaboga, n\u00ba8 - Euskal Itsas Museoa","isPartOf":{"@id":"https:\/\/itsasmuseoa.eus\/eu\/#website"},"primaryImageOfPage":{"@id":"https:\/\/itsasmuseoa.eus\/eu\/jarduerak\/gure-argitalpenak\/revue-ciaboga\/ciaboga-no8\/#primaryimage"},"image":{"@id":"https:\/\/itsasmuseoa.eus\/eu\/jarduerak\/gure-argitalpenak\/revue-ciaboga\/ciaboga-no8\/#primaryimage"},"thumbnailUrl":"https:\/\/itsasmuseoa.eus\/wp-content\/uploads\/2024\/09\/24_EIM_Ciaboga-Portada-24.png","datePublished":"2024-09-05T14:53:54+00:00","dateModified":"2024-09-06T07:51:10+00:00","breadcrumb":{"@id":"https:\/\/itsasmuseoa.eus\/eu\/jarduerak\/gure-argitalpenak\/revue-ciaboga\/ciaboga-no8\/#breadcrumb"},"inLanguage":"eu-ES","potentialAction":[{"@type":"ReadAction","target":["https:\/\/itsasmuseoa.eus\/eu\/jarduerak\/gure-argitalpenak\/revue-ciaboga\/ciaboga-no8\/"]}]},{"@type":"ImageObject","inLanguage":"eu-ES","@id":"https:\/\/itsasmuseoa.eus\/eu\/jarduerak\/gure-argitalpenak\/revue-ciaboga\/ciaboga-no8\/#primaryimage","url":"https:\/\/itsasmuseoa.eus\/wp-content\/uploads\/2024\/09\/24_EIM_Ciaboga-Portada-24.png","contentUrl":"https:\/\/itsasmuseoa.eus\/wp-content\/uploads\/2024\/09\/24_EIM_Ciaboga-Portada-24.png","width":454,"height":639},{"@type":"BreadcrumbList","@id":"https:\/\/itsasmuseoa.eus\/eu\/jarduerak\/gure-argitalpenak\/revue-ciaboga\/ciaboga-no8\/#breadcrumb","itemListElement":[{"@type":"ListItem","position":1,"name":"Inicio","item":"https:\/\/itsasmuseoa.eus\/eu\/"},{"@type":"ListItem","position":2,"name":"Jarduerak","item":"https:\/\/itsasmuseoa.eus\/eu\/actividades\/"},{"@type":"ListItem","position":3,"name":"Gure argitalpenak","item":"https:\/\/itsasmuseoa.eus\/eu\/actividades\/nuestras-publicaciones\/"},{"@type":"ListItem","position":4,"name":"Ciaboga Aldizkaria","item":"https:\/\/itsasmuseoa.eus\/eu\/actividades\/nuestras-publicaciones\/revista-ciaboga\/"},{"@type":"ListItem","position":5,"name":"Ciaboga, n\u00ba8"}]},{"@type":"WebSite","@id":"https:\/\/itsasmuseoa.eus\/eu\/#website","url":"https:\/\/itsasmuseoa.eus\/eu\/","name":"Euskal Itsas Museoa","description":"Museo Mar\u00edtimo Vasco","potentialAction":[{"@type":"SearchAction","target":{"@type":"EntryPoint","urlTemplate":"https:\/\/itsasmuseoa.eus\/eu\/?s={search_term_string}"},"query-input":{"@type":"PropertyValueSpecification","valueRequired":true,"valueName":"search_term_string"}}],"inLanguage":"eu-ES"}]}},"_links":{"self":[{"href":"https:\/\/itsasmuseoa.eus\/eu\/wp-json\/wp\/v2\/pages\/17047","targetHints":{"allow":["GET"]}}],"collection":[{"href":"https:\/\/itsasmuseoa.eus\/eu\/wp-json\/wp\/v2\/pages"}],"about":[{"href":"https:\/\/itsasmuseoa.eus\/eu\/wp-json\/wp\/v2\/types\/page"}],"author":[{"embeddable":true,"href":"https:\/\/itsasmuseoa.eus\/eu\/wp-json\/wp\/v2\/users\/4"}],"replies":[{"embeddable":true,"href":"https:\/\/itsasmuseoa.eus\/eu\/wp-json\/wp\/v2\/comments?post=17047"}],"version-history":[{"count":0,"href":"https:\/\/itsasmuseoa.eus\/eu\/wp-json\/wp\/v2\/pages\/17047\/revisions"}],"up":[{"embeddable":true,"href":"https:\/\/itsasmuseoa.eus\/eu\/wp-json\/wp\/v2\/pages\/7108"}],"wp:featuredmedia":[{"embeddable":true,"href":"https:\/\/itsasmuseoa.eus\/eu\/wp-json\/wp\/v2\/media\/17020"}],"wp:attachment":[{"href":"https:\/\/itsasmuseoa.eus\/eu\/wp-json\/wp\/v2\/media?parent=17047"}],"wp:term":[{"taxonomy":"category","embeddable":true,"href":"https:\/\/itsasmuseoa.eus\/eu\/wp-json\/wp\/v2\/categories?post=17047"},{"taxonomy":"post_tag","embeddable":true,"href":"https:\/\/itsasmuseoa.eus\/eu\/wp-json\/wp\/v2\/tags?post=17047"}],"curies":[{"name":"wp","href":"https:\/\/api.w.org\/{rel}","templated":true}]}}