{"id":17519,"date":"2024-11-29T10:58:46","date_gmt":"2024-11-29T09:58:46","guid":{"rendered":"https:\/\/itsasmuseoa.eus\/familia-tailerra-erreserba\/"},"modified":"2024-11-29T11:13:52","modified_gmt":"2024-11-29T10:13:52","slug":"familia-tailerra-erreserba","status":"publish","type":"page","link":"https:\/\/itsasmuseoa.eus\/eu\/familia-tailerra-erreserba\/","title":{"rendered":"Familia tailerra erreserba"},"content":{"rendered":"\n\n\t<nav id=\"breadcrumbs\" aria-label=\"Breadcrumbs\"><a href=\"https:\/\/itsasmuseoa.eus\/eu\/\">Inicio<\/a> <img decoding=\"async\" src=\"https:\/\/itsasmuseoa.eus\/flecha-breadcrumbs\/\" alt=\"icono flecha\" \/> Familia tailerra erreserba<\/nav>\n\tGaldetegia bete ezazu familia tailerraren erreserba-eskaera egiteko.<br \/>\nKonfirmazio korreo bat jasoko duzu.\n\t\t\t\t\t\t\t&quot;*&quot; indicates required fields\n                        <form method='post' enctype='multipart\/form-data' target='gform_ajax_frame_9' id='gform_9'  action='\/eu\/?page_id=17519&#038;fl_builder#gf_9' data-formid='9' novalidate>\n                        <label class='gfield_label gform-field-label' for='input_9_1'>Solicitud de Reserva<\/label><input name='input_1' id='input_9_1' type='text' value='' class='large'   tabindex='100'   aria-invalid=\"false\"   \/><label class='gfield_label gform-field-label' for='input_9_6'>Nombre y apellido*<\/label><input name='input_6' id='input_9_6' type='text' value='' class='large'   tabindex='101' placeholder='Nombre' aria-required=\"true\" aria-invalid=\"false\"   \/><label class='gfield_label gform-field-label' for='input_9_3'>Direcci\u00f3n de Email*<\/label>\n                            <input name='input_3' id='input_9_3' type='email' value='' class='large' tabindex='102'  placeholder='Email' aria-required=\"true\" aria-invalid=\"false\"  \/>\n                        <label class='gfield_label gform-field-label' for='input_9_7'>Tel\u00e9fono*<\/label><input name='input_7' id='input_9_7' type='tel' value='' class='large' tabindex='103'  aria-required=\"true\" aria-invalid=\"false\"   \/><fieldset id=\"field_9_11\"  data-js-reload=\"field_9_11\"><legend class='gfield_label gform-field-label'>Edad de los menores<\/legend><input aria-invalid='false'  aria-describedby=\"gfield_description_9_11\" aria-label='Edad de los menores, Row 1' data-aria-label-template='Edad de los menores, Row {0}' type='text' name='input_11[]' value='' tabindex='104'  \/>   <button type=\"button\"  class='add_list_item ' aria-label='Add another row' onclick='gformAddListItem(this, 0)'>Add<\/button>   <button type=\"button\"  class='delete_list_item' aria-label='Remove row 1' data-aria-label-template='Remove row {0}' onclick='gformDeleteListItem(this, 0)'>Remove<\/button>Introduce la edad de los menores. A\u00f1ade una edad y haz clic en el signo m\u00e1s para a\u00f1adir las siguientes.<\/fieldset><label class='gfield_label gform-field-label' for='input_9_5'>\u00bfTienes un mensaje para el equipo del Museo?<\/label><textarea name='input_5' id='input_9_5' class='textarea large' tabindex='105'     aria-invalid=\"false\"   rows='10' cols='50'><\/textarea>\n         <input type='submit' id='gform_submit_button_9' class='gform_button button' onclick='gform.submission.handleButtonClick(this);' value='Enviar' tabindex='106' \/> <input type='hidden' name='gform_ajax' value='form_id=9&amp;title=&amp;description=&amp;tabindex=100&amp;theme=gravity-theme' \/>\n            <input type='hidden' class='gform_hidden' name='gform_submission_method' data-js='gform_submission_method_9' value='iframe' \/>\n            <input type='hidden' class='gform_hidden' name='gform_theme' data-js='gform_theme_9' id='gform_theme_9' value='gravity-theme' \/>\n            <input type='hidden' class='gform_hidden' name='gform_style_settings' data-js='gform_style_settings_9' id='gform_style_settings_9' value='' \/>\n            <input type='hidden' class='gform_hidden' name='is_submit_9' value='1' \/>\n            <input type='hidden' class='gform_hidden' name='gform_submit' value='9' \/>\n            <input type='hidden' class='gform_hidden' name='gform_unique_id' value='' \/>\n            <input type='hidden' class='gform_hidden' name='state_9' value='WyJbXSIsImMwY2ZhZjkzMGI0YmQ1NmZjNGQxY2IwYmE3MjBhYjZiIl0=' \/>\n            <input type='hidden' autocomplete='off' class='gform_hidden' name='gform_target_page_number_9' id='gform_target_page_number_9' value='0' \/>\n            <input type='hidden' autocomplete='off' class='gform_hidden' name='gform_source_page_number_9' id='gform_source_page_number_9' value='1' \/>\n            <input type='hidden' name='gform_field_values' value='' \/>\n                        <\/form>\n\t\t                <iframe style='display:none;width:0px;height:0px;' src='about:blank' name='gform_ajax_frame_9' id='gform_ajax_frame_9' title='This iframe contains the logic required to handle Ajax powered Gravity Forms.'><\/iframe>\n\n","protected":false},"excerpt":{"rendered":"<p>Inicio Familia tailerra erreserba Galdetegia bete ezazu familia tailerraren erreserba-eskaera egiteko. Konfirmazio korreo bat jasoko duzu. &quot;*&quot; indicates required fields Solicitud de ReservaNombre y apellido*Direcci\u00f3n de Email* Tel\u00e9fono* Edad de los menores Add RemoveIntroduce la edad de los menores. A\u00f1ade una edad y haz clic en el signo m\u00e1s para a\u00f1adir las siguientes. \u00bfTienes un&hellip;<\/p>\n","protected":false},"author":4,"featured_media":0,"parent":0,"menu_order":0,"comment_status":"closed","ping_status":"closed","template":"","meta":{"_acf_changed":false,"footnotes":""},"categories":[122],"tags":[],"class_list":["post-17519","page","type-page","status-publish","hentry","category-orria"],"acf":[],"yoast_head":"<!-- This site is optimized with the Yoast SEO plugin v27.4 - https:\/\/yoast.com\/product\/yoast-seo-wordpress\/ -->\n<title>Familia tailerra erreserba - Euskal Itsas Museoa<\/title>\n<meta name=\"robots\" content=\"index, follow, max-snippet:-1, max-image-preview:large, max-video-preview:-1\" \/>\n<link rel=\"canonical\" href=\"https:\/\/itsasmuseoa.eus\/eu\/familia-tailerra-erreserba\/\" \/>\n<meta property=\"og:locale\" content=\"eu_ES\" \/>\n<meta property=\"og:type\" content=\"article\" \/>\n<meta property=\"og:title\" content=\"Familia tailerra erreserba - Euskal Itsas Museoa\" \/>\n<meta property=\"og:description\" content=\"Inicio Familia tailerra erreserba Galdetegia bete ezazu familia tailerraren erreserba-eskaera egiteko. Konfirmazio korreo bat jasoko duzu. &quot;*&quot; indicates required fields Solicitud de ReservaNombre y apellido*Direcci\u00f3n de Email* Tel\u00e9fono* Edad de los menores Add RemoveIntroduce la edad de los menores. A\u00f1ade una edad y haz clic en el signo m\u00e1s para a\u00f1adir las siguientes. \u00bfTienes un&hellip;\" \/>\n<meta property=\"og:url\" content=\"https:\/\/itsasmuseoa.eus\/eu\/familia-tailerra-erreserba\/\" \/>\n<meta property=\"og:site_name\" content=\"Euskal Itsas Museoa\" \/>\n<meta property=\"article:modified_time\" content=\"2024-11-29T10:13:52+00:00\" \/>\n<meta property=\"og:image\" content=\"https:\/\/itsasmuseoa.eus\/flecha-breadcrumbs\/\" \/>\n<meta name=\"twitter:card\" content=\"summary_large_image\" \/>\n<script type=\"application\/ld+json\" class=\"yoast-schema-graph\">{\"@context\":\"https:\\\/\\\/schema.org\",\"@graph\":[{\"@type\":\"WebPage\",\"@id\":\"https:\\\/\\\/itsasmuseoa.eus\\\/eu\\\/familia-tailerra-erreserba\\\/\",\"url\":\"https:\\\/\\\/itsasmuseoa.eus\\\/eu\\\/familia-tailerra-erreserba\\\/\",\"name\":\"Familia tailerra erreserba - Euskal Itsas Museoa\",\"isPartOf\":{\"@id\":\"https:\\\/\\\/itsasmuseoa.eus\\\/eu\\\/#website\"},\"primaryImageOfPage\":{\"@id\":\"https:\\\/\\\/itsasmuseoa.eus\\\/eu\\\/familia-tailerra-erreserba\\\/#primaryimage\"},\"image\":{\"@id\":\"https:\\\/\\\/itsasmuseoa.eus\\\/eu\\\/familia-tailerra-erreserba\\\/#primaryimage\"},\"thumbnailUrl\":\"https:\\\/\\\/itsasmuseoa.eus\\\/flecha-breadcrumbs\\\/\",\"datePublished\":\"2024-11-29T09:58:46+00:00\",\"dateModified\":\"2024-11-29T10:13:52+00:00\",\"breadcrumb\":{\"@id\":\"https:\\\/\\\/itsasmuseoa.eus\\\/eu\\\/familia-tailerra-erreserba\\\/#breadcrumb\"},\"inLanguage\":\"eu-ES\",\"potentialAction\":[{\"@type\":\"ReadAction\",\"target\":[\"https:\\\/\\\/itsasmuseoa.eus\\\/eu\\\/familia-tailerra-erreserba\\\/\"]}]},{\"@type\":\"ImageObject\",\"inLanguage\":\"eu-ES\",\"@id\":\"https:\\\/\\\/itsasmuseoa.eus\\\/eu\\\/familia-tailerra-erreserba\\\/#primaryimage\",\"url\":\"https:\\\/\\\/itsasmuseoa.eus\\\/flecha-breadcrumbs\\\/\",\"contentUrl\":\"https:\\\/\\\/itsasmuseoa.eus\\\/flecha-breadcrumbs\\\/\"},{\"@type\":\"BreadcrumbList\",\"@id\":\"https:\\\/\\\/itsasmuseoa.eus\\\/eu\\\/familia-tailerra-erreserba\\\/#breadcrumb\",\"itemListElement\":[{\"@type\":\"ListItem\",\"position\":1,\"name\":\"Inicio\",\"item\":\"https:\\\/\\\/itsasmuseoa.eus\\\/eu\\\/\"},{\"@type\":\"ListItem\",\"position\":2,\"name\":\"Familia tailerra erreserba\"}]},{\"@type\":\"WebSite\",\"@id\":\"https:\\\/\\\/itsasmuseoa.eus\\\/eu\\\/#website\",\"url\":\"https:\\\/\\\/itsasmuseoa.eus\\\/eu\\\/\",\"name\":\"Euskal Itsas Museoa\",\"description\":\"Museo Mar\u00edtimo Vasco\",\"potentialAction\":[{\"@type\":\"SearchAction\",\"target\":{\"@type\":\"EntryPoint\",\"urlTemplate\":\"https:\\\/\\\/itsasmuseoa.eus\\\/eu\\\/?s={search_term_string}\"},\"query-input\":{\"@type\":\"PropertyValueSpecification\",\"valueRequired\":true,\"valueName\":\"search_term_string\"}}],\"inLanguage\":\"eu-ES\"}]}<\/script>\n<!-- \/ Yoast SEO plugin. -->","yoast_head_json":{"title":"Familia tailerra erreserba - Euskal Itsas Museoa","robots":{"index":"index","follow":"follow","max-snippet":"max-snippet:-1","max-image-preview":"max-image-preview:large","max-video-preview":"max-video-preview:-1"},"canonical":"https:\/\/itsasmuseoa.eus\/eu\/familia-tailerra-erreserba\/","og_locale":"eu_ES","og_type":"article","og_title":"Familia tailerra erreserba - Euskal Itsas Museoa","og_description":"Inicio Familia tailerra erreserba Galdetegia bete ezazu familia tailerraren erreserba-eskaera egiteko. Konfirmazio korreo bat jasoko duzu. &quot;*&quot; indicates required fields Solicitud de ReservaNombre y apellido*Direcci\u00f3n de Email* Tel\u00e9fono* Edad de los menores Add RemoveIntroduce la edad de los menores. A\u00f1ade una edad y haz clic en el signo m\u00e1s para a\u00f1adir las siguientes. \u00bfTienes un&hellip;","og_url":"https:\/\/itsasmuseoa.eus\/eu\/familia-tailerra-erreserba\/","og_site_name":"Euskal Itsas Museoa","article_modified_time":"2024-11-29T10:13:52+00:00","og_image":[{"url":"https:\/\/itsasmuseoa.eus\/flecha-breadcrumbs\/","type":"","width":"","height":""}],"twitter_card":"summary_large_image","schema":{"@context":"https:\/\/schema.org","@graph":[{"@type":"WebPage","@id":"https:\/\/itsasmuseoa.eus\/eu\/familia-tailerra-erreserba\/","url":"https:\/\/itsasmuseoa.eus\/eu\/familia-tailerra-erreserba\/","name":"Familia tailerra erreserba - Euskal Itsas Museoa","isPartOf":{"@id":"https:\/\/itsasmuseoa.eus\/eu\/#website"},"primaryImageOfPage":{"@id":"https:\/\/itsasmuseoa.eus\/eu\/familia-tailerra-erreserba\/#primaryimage"},"image":{"@id":"https:\/\/itsasmuseoa.eus\/eu\/familia-tailerra-erreserba\/#primaryimage"},"thumbnailUrl":"https:\/\/itsasmuseoa.eus\/flecha-breadcrumbs\/","datePublished":"2024-11-29T09:58:46+00:00","dateModified":"2024-11-29T10:13:52+00:00","breadcrumb":{"@id":"https:\/\/itsasmuseoa.eus\/eu\/familia-tailerra-erreserba\/#breadcrumb"},"inLanguage":"eu-ES","potentialAction":[{"@type":"ReadAction","target":["https:\/\/itsasmuseoa.eus\/eu\/familia-tailerra-erreserba\/"]}]},{"@type":"ImageObject","inLanguage":"eu-ES","@id":"https:\/\/itsasmuseoa.eus\/eu\/familia-tailerra-erreserba\/#primaryimage","url":"https:\/\/itsasmuseoa.eus\/flecha-breadcrumbs\/","contentUrl":"https:\/\/itsasmuseoa.eus\/flecha-breadcrumbs\/"},{"@type":"BreadcrumbList","@id":"https:\/\/itsasmuseoa.eus\/eu\/familia-tailerra-erreserba\/#breadcrumb","itemListElement":[{"@type":"ListItem","position":1,"name":"Inicio","item":"https:\/\/itsasmuseoa.eus\/eu\/"},{"@type":"ListItem","position":2,"name":"Familia tailerra erreserba"}]},{"@type":"WebSite","@id":"https:\/\/itsasmuseoa.eus\/eu\/#website","url":"https:\/\/itsasmuseoa.eus\/eu\/","name":"Euskal Itsas Museoa","description":"Museo Mar\u00edtimo Vasco","potentialAction":[{"@type":"SearchAction","target":{"@type":"EntryPoint","urlTemplate":"https:\/\/itsasmuseoa.eus\/eu\/?s={search_term_string}"},"query-input":{"@type":"PropertyValueSpecification","valueRequired":true,"valueName":"search_term_string"}}],"inLanguage":"eu-ES"}]}},"_links":{"self":[{"href":"https:\/\/itsasmuseoa.eus\/eu\/wp-json\/wp\/v2\/pages\/17519","targetHints":{"allow":["GET"]}}],"collection":[{"href":"https:\/\/itsasmuseoa.eus\/eu\/wp-json\/wp\/v2\/pages"}],"about":[{"href":"https:\/\/itsasmuseoa.eus\/eu\/wp-json\/wp\/v2\/types\/page"}],"author":[{"embeddable":true,"href":"https:\/\/itsasmuseoa.eus\/eu\/wp-json\/wp\/v2\/users\/4"}],"replies":[{"embeddable":true,"href":"https:\/\/itsasmuseoa.eus\/eu\/wp-json\/wp\/v2\/comments?post=17519"}],"version-history":[{"count":0,"href":"https:\/\/itsasmuseoa.eus\/eu\/wp-json\/wp\/v2\/pages\/17519\/revisions"}],"wp:attachment":[{"href":"https:\/\/itsasmuseoa.eus\/eu\/wp-json\/wp\/v2\/media?parent=17519"}],"wp:term":[{"taxonomy":"category","embeddable":true,"href":"https:\/\/itsasmuseoa.eus\/eu\/wp-json\/wp\/v2\/categories?post=17519"},{"taxonomy":"post_tag","embeddable":true,"href":"https:\/\/itsasmuseoa.eus\/eu\/wp-json\/wp\/v2\/tags?post=17519"}],"curies":[{"name":"wp","href":"https:\/\/api.w.org\/{rel}","templated":true}]}}