{"id":17631,"date":"2025-01-03T16:48:06","date_gmt":"2025-01-03T15:48:06","guid":{"rendered":"https:\/\/itsasmuseoa.eus\/?page_id=17631"},"modified":"2025-01-10T09:38:29","modified_gmt":"2025-01-10T08:38:29","slug":"gabonak-museoan","status":"publish","type":"page","link":"https:\/\/itsasmuseoa.eus\/eu\/gabonak-museoan\/","title":{"rendered":"Gabonak Museoan."},"content":{"rendered":"\n\n\t<nav id=\"breadcrumbs\" aria-label=\"Breadcrumbs\"><a href=\"https:\/\/itsasmuseoa.eus\/\">Inicio<\/a> <img decoding=\"async\" src=\"https:\/\/itsasmuseoa.eus\/flecha-breadcrumbs\/\" alt=\"icono flecha\" \/> Las Navidades en el Museo<\/nav>\n\t\t<h2>\n\t\t\tActualidad\n\t\t<\/h2>\n\n\n\t<p>Estas Navidades el Museo Mar\u00edtimo Vasco de ha llenado de actividades. Hemos intentado ofreceros actividades de calidad y estamos muy contentos con la repsuesta que han tenido.<\/p>\n<p>Empezamos las Navidades haciendo visitas guiadas a la exposici\u00f3n Mare Clausum, el p\u00fablico que ha acudido a las dos visitas ha mostrado gran inter\u00e9s y ha sido muy agradable explorar la exposici\u00f3n junto a vosotros.<\/p>\n<p>Pero, con las visitas nuestra programaci\u00f3n no hizo m\u00e1s que empezar. Los dos viernes de vacaciones de Navidad hemos tenido talleres familiares, relacionados con las exposiciones actuales: Mare Clausum Scape Room y Ciaboga creando publicidad. En estos dos talleres familiares de hemos resuelto acertijos, hemos jugado y hemos puesto en marcha nuestra creatividad.<\/p>\n<p>Los visitantes tambi\u00e9n se han acercado este a\u00f1o en navidades al Museo Mar\u00edtimo Vasco para conocer de qui\u00e9n es el maren la exposici\u00f3n Mare Clausum, ver las los percebes gigantes de la disparatada historia de Josean Olabe o indagar en la historia de la revista Ciaboga.<\/p>\n<p>Gracias por compartir vuestro inter\u00e9s con nosotros y esperamos haberos generado curiosidad por la historia mar\u00edtima vasca, \u00a1nos vemos pronto con nuevas actividades!<\/p>\n\t\t\t\t<img decoding=\"async\" src=\"https:\/\/itsasmuseoa.eus\/wp-content\/plugins\/bb-plugin\/img\/pixel.png\" alt=\"\" itemprop=\"image\" onerror=\"this.style.display='none'\"  \/>\n\t<a href=\"#\" id=\"trigger-\" role=\"button\" data-modal=\"\" data-node=\"\">\n\t\t\t\t\t\t\tAMPLIAR FOTO\n\t\t\t\t\t\t\t\t\t\t\t\t<\/a>\n\t\t\t\t\t\tPreview\n\t\t\tmodal-\n\t\t\t\t\t\t<img decoding=\"async\" src=\"\" alt=\"\" \/>\t\t\t\t\t\n\n","protected":false},"excerpt":{"rendered":"<p>Gabon hauetan Euskal Itsas Museoa jardueraz bete da.<\/p>\n","protected":false},"author":4,"featured_media":17890,"parent":0,"menu_order":0,"comment_status":"closed","ping_status":"closed","template":"","meta":{"_acf_changed":false,"footnotes":""},"categories":[218,224],"tags":[591,417],"class_list":["post-17631","page","type-page","status-publish","has-post-thumbnail","hentry","category-berriak","category-gure-programa","tag-artikulua-eu","tag-tailerra"],"acf":[],"yoast_head":"<!-- This site is optimized with the Yoast SEO plugin v27.3 - https:\/\/yoast.com\/product\/yoast-seo-wordpress\/ -->\n<title>Gabonak Museoan. - Euskal Itsas Museoa<\/title>\n<meta name=\"robots\" content=\"index, follow, max-snippet:-1, max-image-preview:large, max-video-preview:-1\" \/>\n<link rel=\"canonical\" href=\"https:\/\/itsasmuseoa.eus\/eu\/gabonak-museoan\/\" \/>\n<meta property=\"og:locale\" content=\"eu_ES\" \/>\n<meta property=\"og:type\" content=\"article\" \/>\n<meta property=\"og:title\" content=\"Gabonak Museoan. - Euskal Itsas Museoa\" \/>\n<meta property=\"og:description\" content=\"Gabon hauetan Euskal Itsas Museoa jardueraz bete da.\" \/>\n<meta property=\"og:url\" content=\"https:\/\/itsasmuseoa.eus\/eu\/gabonak-museoan\/\" \/>\n<meta property=\"og:site_name\" content=\"Euskal Itsas Museoa\" \/>\n<meta property=\"article:modified_time\" content=\"2025-01-10T08:38:29+00:00\" \/>\n<meta property=\"og:image\" content=\"https:\/\/itsasmuseoa.eus\/wp-content\/uploads\/2025\/01\/1800x1200_WEB-BANNER.pdf-3.jpg\" \/>\n\t<meta property=\"og:image:width\" content=\"2400\" \/>\n\t<meta property=\"og:image:height\" content=\"1600\" \/>\n\t<meta property=\"og:image:type\" content=\"image\/jpeg\" \/>\n<meta name=\"twitter:card\" content=\"summary_large_image\" \/>\n<meta name=\"twitter:label1\" content=\"Est. reading time\" \/>\n\t<meta name=\"twitter:data1\" content=\"2 minutes\" \/>\n<script type=\"application\/ld+json\" class=\"yoast-schema-graph\">{\"@context\":\"https:\\\/\\\/schema.org\",\"@graph\":[{\"@type\":\"WebPage\",\"@id\":\"https:\\\/\\\/itsasmuseoa.eus\\\/eu\\\/gabonak-museoan\\\/\",\"url\":\"https:\\\/\\\/itsasmuseoa.eus\\\/eu\\\/gabonak-museoan\\\/\",\"name\":\"Gabonak Museoan. - Euskal Itsas Museoa\",\"isPartOf\":{\"@id\":\"https:\\\/\\\/itsasmuseoa.eus\\\/eu\\\/#website\"},\"primaryImageOfPage\":{\"@id\":\"https:\\\/\\\/itsasmuseoa.eus\\\/eu\\\/gabonak-museoan\\\/#primaryimage\"},\"image\":{\"@id\":\"https:\\\/\\\/itsasmuseoa.eus\\\/eu\\\/gabonak-museoan\\\/#primaryimage\"},\"thumbnailUrl\":\"https:\\\/\\\/itsasmuseoa.eus\\\/wp-content\\\/uploads\\\/2025\\\/02\\\/2024-gabonak.jpg\",\"datePublished\":\"2025-01-03T15:48:06+00:00\",\"dateModified\":\"2025-01-10T08:38:29+00:00\",\"breadcrumb\":{\"@id\":\"https:\\\/\\\/itsasmuseoa.eus\\\/eu\\\/gabonak-museoan\\\/#breadcrumb\"},\"inLanguage\":\"eu-ES\",\"potentialAction\":[{\"@type\":\"ReadAction\",\"target\":[\"https:\\\/\\\/itsasmuseoa.eus\\\/eu\\\/gabonak-museoan\\\/\"]}]},{\"@type\":\"ImageObject\",\"inLanguage\":\"eu-ES\",\"@id\":\"https:\\\/\\\/itsasmuseoa.eus\\\/eu\\\/gabonak-museoan\\\/#primaryimage\",\"url\":\"https:\\\/\\\/itsasmuseoa.eus\\\/wp-content\\\/uploads\\\/2025\\\/02\\\/2024-gabonak.jpg\",\"contentUrl\":\"https:\\\/\\\/itsasmuseoa.eus\\\/wp-content\\\/uploads\\\/2025\\\/02\\\/2024-gabonak.jpg\"},{\"@type\":\"BreadcrumbList\",\"@id\":\"https:\\\/\\\/itsasmuseoa.eus\\\/eu\\\/gabonak-museoan\\\/#breadcrumb\",\"itemListElement\":[{\"@type\":\"ListItem\",\"position\":1,\"name\":\"Inicio\",\"item\":\"https:\\\/\\\/itsasmuseoa.eus\\\/eu\\\/\"},{\"@type\":\"ListItem\",\"position\":2,\"name\":\"Gabonak Museoan.\"}]},{\"@type\":\"WebSite\",\"@id\":\"https:\\\/\\\/itsasmuseoa.eus\\\/eu\\\/#website\",\"url\":\"https:\\\/\\\/itsasmuseoa.eus\\\/eu\\\/\",\"name\":\"Euskal Itsas Museoa\",\"description\":\"Museo Mar\u00edtimo Vasco\",\"potentialAction\":[{\"@type\":\"SearchAction\",\"target\":{\"@type\":\"EntryPoint\",\"urlTemplate\":\"https:\\\/\\\/itsasmuseoa.eus\\\/eu\\\/?s={search_term_string}\"},\"query-input\":{\"@type\":\"PropertyValueSpecification\",\"valueRequired\":true,\"valueName\":\"search_term_string\"}}],\"inLanguage\":\"eu-ES\"}]}<\/script>\n<!-- \/ Yoast SEO plugin. -->","yoast_head_json":{"title":"Gabonak Museoan. - Euskal Itsas Museoa","robots":{"index":"index","follow":"follow","max-snippet":"max-snippet:-1","max-image-preview":"max-image-preview:large","max-video-preview":"max-video-preview:-1"},"canonical":"https:\/\/itsasmuseoa.eus\/eu\/gabonak-museoan\/","og_locale":"eu_ES","og_type":"article","og_title":"Gabonak Museoan. - Euskal Itsas Museoa","og_description":"Gabon hauetan Euskal Itsas Museoa jardueraz bete da.","og_url":"https:\/\/itsasmuseoa.eus\/eu\/gabonak-museoan\/","og_site_name":"Euskal Itsas Museoa","article_modified_time":"2025-01-10T08:38:29+00:00","og_image":[{"width":2400,"height":1600,"url":"https:\/\/itsasmuseoa.eus\/wp-content\/uploads\/2025\/01\/1800x1200_WEB-BANNER.pdf-3.jpg","type":"image\/jpeg"}],"twitter_card":"summary_large_image","twitter_misc":{"Est. reading time":"2 minutes"},"schema":{"@context":"https:\/\/schema.org","@graph":[{"@type":"WebPage","@id":"https:\/\/itsasmuseoa.eus\/eu\/gabonak-museoan\/","url":"https:\/\/itsasmuseoa.eus\/eu\/gabonak-museoan\/","name":"Gabonak Museoan. - Euskal Itsas Museoa","isPartOf":{"@id":"https:\/\/itsasmuseoa.eus\/eu\/#website"},"primaryImageOfPage":{"@id":"https:\/\/itsasmuseoa.eus\/eu\/gabonak-museoan\/#primaryimage"},"image":{"@id":"https:\/\/itsasmuseoa.eus\/eu\/gabonak-museoan\/#primaryimage"},"thumbnailUrl":"https:\/\/itsasmuseoa.eus\/wp-content\/uploads\/2025\/02\/2024-gabonak.jpg","datePublished":"2025-01-03T15:48:06+00:00","dateModified":"2025-01-10T08:38:29+00:00","breadcrumb":{"@id":"https:\/\/itsasmuseoa.eus\/eu\/gabonak-museoan\/#breadcrumb"},"inLanguage":"eu-ES","potentialAction":[{"@type":"ReadAction","target":["https:\/\/itsasmuseoa.eus\/eu\/gabonak-museoan\/"]}]},{"@type":"ImageObject","inLanguage":"eu-ES","@id":"https:\/\/itsasmuseoa.eus\/eu\/gabonak-museoan\/#primaryimage","url":"https:\/\/itsasmuseoa.eus\/wp-content\/uploads\/2025\/02\/2024-gabonak.jpg","contentUrl":"https:\/\/itsasmuseoa.eus\/wp-content\/uploads\/2025\/02\/2024-gabonak.jpg"},{"@type":"BreadcrumbList","@id":"https:\/\/itsasmuseoa.eus\/eu\/gabonak-museoan\/#breadcrumb","itemListElement":[{"@type":"ListItem","position":1,"name":"Inicio","item":"https:\/\/itsasmuseoa.eus\/eu\/"},{"@type":"ListItem","position":2,"name":"Gabonak Museoan."}]},{"@type":"WebSite","@id":"https:\/\/itsasmuseoa.eus\/eu\/#website","url":"https:\/\/itsasmuseoa.eus\/eu\/","name":"Euskal Itsas Museoa","description":"Museo Mar\u00edtimo Vasco","potentialAction":[{"@type":"SearchAction","target":{"@type":"EntryPoint","urlTemplate":"https:\/\/itsasmuseoa.eus\/eu\/?s={search_term_string}"},"query-input":{"@type":"PropertyValueSpecification","valueRequired":true,"valueName":"search_term_string"}}],"inLanguage":"eu-ES"}]}},"_links":{"self":[{"href":"https:\/\/itsasmuseoa.eus\/eu\/wp-json\/wp\/v2\/pages\/17631","targetHints":{"allow":["GET"]}}],"collection":[{"href":"https:\/\/itsasmuseoa.eus\/eu\/wp-json\/wp\/v2\/pages"}],"about":[{"href":"https:\/\/itsasmuseoa.eus\/eu\/wp-json\/wp\/v2\/types\/page"}],"author":[{"embeddable":true,"href":"https:\/\/itsasmuseoa.eus\/eu\/wp-json\/wp\/v2\/users\/4"}],"replies":[{"embeddable":true,"href":"https:\/\/itsasmuseoa.eus\/eu\/wp-json\/wp\/v2\/comments?post=17631"}],"version-history":[{"count":0,"href":"https:\/\/itsasmuseoa.eus\/eu\/wp-json\/wp\/v2\/pages\/17631\/revisions"}],"wp:featuredmedia":[{"embeddable":true,"href":"https:\/\/itsasmuseoa.eus\/eu\/wp-json\/wp\/v2\/media\/17890"}],"wp:attachment":[{"href":"https:\/\/itsasmuseoa.eus\/eu\/wp-json\/wp\/v2\/media?parent=17631"}],"wp:term":[{"taxonomy":"category","embeddable":true,"href":"https:\/\/itsasmuseoa.eus\/eu\/wp-json\/wp\/v2\/categories?post=17631"},{"taxonomy":"post_tag","embeddable":true,"href":"https:\/\/itsasmuseoa.eus\/eu\/wp-json\/wp\/v2\/tags?post=17631"}],"curies":[{"name":"wp","href":"https:\/\/api.w.org\/{rel}","templated":true}]}}