{"id":17671,"date":"2025-01-09T12:41:19","date_gmt":"2025-01-09T11:41:19","guid":{"rendered":"https:\/\/itsasmuseoa.eus\/?page_id=17671"},"modified":"2025-01-09T12:41:30","modified_gmt":"2025-01-09T11:41:30","slug":"jose-maria-zubia-mari-ren-omenez","status":"publish","type":"page","link":"https:\/\/itsasmuseoa.eus\/eu\/jose-maria-zubia-mari-ren-omenez\/","title":{"rendered":"Jos\u00e9 Mar\u00eda Zubia, &#8220;Mari&#8221;-ren omenez"},"content":{"rendered":"\n\n\t<nav id=\"breadcrumbs\" aria-label=\"Breadcrumbs\"><a href=\"https:\/\/itsasmuseoa.eus\/\">Inicio<\/a> <img decoding=\"async\" src=\"https:\/\/itsasmuseoa.eus\/flecha-breadcrumbs\/\" alt=\"icono flecha\" \/> En honor de Jos\u00e9 Mar\u00eda Zubia o \u00abMari\u00bb<\/nav>\n\t\t<h2>\n\t\t\tActualidad\n\t\t<\/h2>\n\n\n\t<p>Hace 159 a\u00f1os, en 1866, Jos\u00e9 Mar\u00eda Zubia Cigaran, conocido como &#8220;Mari&#8221;, muri\u00f3 en San Sebasti\u00e1n intentando salvar a na\u00fafragos.<\/p>\n<p>Nacido en Zumaia en 1809, se dedic\u00f3 a la pesca desde ni\u00f1o. Junto a su padre atoaba los barcos que llegaban al puerto de su localidad. Pasados unos a\u00f1os se instal\u00f3 en Donostia, donde sigui\u00f3 pescando fue patr\u00f3n de una trainera.<\/p>\n<p>En 1861 salv\u00f3 a varios n\u00e1ufragos de una barca que naufrag\u00f3 en las rocas de Urgull, en San Sebasti\u00e1n. Esto le llev\u00f3 a hacerse famoso y a ser recibido como un h\u00e9roe por sus conciudadanos.<\/p>\n<p>Esta fama dur\u00f3 poco tiempo, ya que cinco a\u00f1os m\u00e1s tarde, el 9 de enero de 1866, dos embarcaciones que estaban pescando besugo intentaban llegar a la Bah\u00eda de la Concha para resguardarse de una tormenta, pero a la altura de la isla de Santa Clara y a la entrada de la bah\u00eda, fueron golpeados por una ola. Al ver esto &#8220;Mari&#8221; y su tripulaci\u00f3n salieron en su ayuda, pero otra ola los volc\u00f3.<\/p>\n<p>Otros dos barcos participaron en las labores de socorro y el patr\u00f3n de uno de ellos fue Jos\u00e9 Domingo Anasagasti, &#8220;Olandes&#8221; &#8211; pr\u00e1ctico de San Sebasti\u00e1n-. No pudieron ayudar a casi ninguno de los 40 pescadores que estaban en el agua. Desde ese d\u00eda &#8220;Mari&#8221; se convirti\u00f3 en el s\u00edmbolo de los pescadores. Un modelo de ayuda mutua de las personas que trabajan en la mar.<\/p>\n<p>Pasaron los a\u00f1os y en San Sebasti\u00e1n se cre\u00f3 la Sociedad de Salvamento, para hacer frente a estas situaciones y a\u00f1os m\u00e1s tarde, el 9 de enero de 1912, impulsada por la Sociedad de Oceanograf\u00eda y un sobrino de Mari, se fund\u00f3 en el sal\u00f3n de la capilla de San Pedro del Muelle de San Sebasti\u00e1n la primera escuela de pesca del estado espa\u00f1ol, en la que se impart\u00edan conocimientos de salvamento mar\u00edtimo.<\/p>\n<p>Este es un d\u00eda de homenaje a las personas que, teniendo a Mari como modelo, ayudan en las personas con problemas en la mar.<\/p>\n\t\t\t\t<img decoding=\"async\" src=\"https:\/\/itsasmuseoa.eus\/wp-content\/plugins\/bb-plugin\/img\/pixel.png\" alt=\"\" itemprop=\"image\" onerror=\"this.style.display='none'\"  \/>\n\t<a href=\"#\" id=\"trigger-\" role=\"button\" data-modal=\"\" data-node=\"\">\n\t\t\t\t\t\t\tAMPLIAR FOTO\n\t\t\t\t\t\t\t\t\t\t\t\t<\/a>\n\t\t\t\t\t\tPreview\n\t\t\tmodal-\n\t\t\t\t\t\t<img decoding=\"async\" src=\"\" alt=\"\" \/>\t\t\t\t\t\n\n","protected":false},"excerpt":{"rendered":"<p>Orain dela 159 urte Donostiako pertsonai kuttun bat hil zela.<\/p>\n","protected":false},"author":4,"featured_media":17884,"parent":0,"menu_order":0,"comment_status":"closed","ping_status":"closed","template":"","meta":{"_acf_changed":false,"footnotes":""},"categories":[218,224],"tags":[591],"class_list":["post-17671","page","type-page","status-publish","has-post-thumbnail","hentry","category-berriak","category-gure-programa","tag-artikulua-eu"],"acf":[],"yoast_head":"<!-- This site is optimized with the Yoast SEO plugin v27.3 - https:\/\/yoast.com\/product\/yoast-seo-wordpress\/ -->\n<title>Jos\u00e9 Mar\u00eda Zubia, &quot;Mari&quot;-ren omenez - Euskal Itsas Museoa<\/title>\n<meta name=\"robots\" content=\"index, follow, max-snippet:-1, max-image-preview:large, max-video-preview:-1\" \/>\n<link rel=\"canonical\" href=\"https:\/\/itsasmuseoa.eus\/eu\/jose-maria-zubia-mari-ren-omenez\/\" \/>\n<meta property=\"og:locale\" content=\"eu_ES\" \/>\n<meta property=\"og:type\" content=\"article\" \/>\n<meta property=\"og:title\" content=\"Jos\u00e9 Mar\u00eda Zubia, &quot;Mari&quot;-ren omenez - Euskal Itsas Museoa\" \/>\n<meta property=\"og:description\" content=\"Orain dela 159 urte Donostiako pertsonai kuttun bat hil zela.\" \/>\n<meta property=\"og:url\" content=\"https:\/\/itsasmuseoa.eus\/eu\/jose-maria-zubia-mari-ren-omenez\/\" \/>\n<meta property=\"og:site_name\" content=\"Euskal Itsas Museoa\" \/>\n<meta property=\"article:modified_time\" content=\"2025-01-09T11:41:30+00:00\" \/>\n<meta property=\"og:image\" content=\"https:\/\/itsasmuseoa.eus\/wp-content\/uploads\/2025\/02\/mari-omenaldi.jpeg\" \/>\n\t<meta property=\"og:image:width\" content=\"720\" \/>\n\t<meta property=\"og:image:height\" content=\"480\" \/>\n\t<meta property=\"og:image:type\" content=\"image\/jpeg\" \/>\n<meta name=\"twitter:card\" content=\"summary_large_image\" \/>\n<meta name=\"twitter:label1\" content=\"Est. reading time\" \/>\n\t<meta name=\"twitter:data1\" content=\"2 minutes\" \/>\n<script type=\"application\/ld+json\" class=\"yoast-schema-graph\">{\"@context\":\"https:\\\/\\\/schema.org\",\"@graph\":[{\"@type\":\"WebPage\",\"@id\":\"https:\\\/\\\/itsasmuseoa.eus\\\/eu\\\/jose-maria-zubia-mari-ren-omenez\\\/\",\"url\":\"https:\\\/\\\/itsasmuseoa.eus\\\/eu\\\/jose-maria-zubia-mari-ren-omenez\\\/\",\"name\":\"Jos\u00e9 Mar\u00eda Zubia, \\\"Mari\\\"-ren omenez - Euskal Itsas Museoa\",\"isPartOf\":{\"@id\":\"https:\\\/\\\/itsasmuseoa.eus\\\/eu\\\/#website\"},\"primaryImageOfPage\":{\"@id\":\"https:\\\/\\\/itsasmuseoa.eus\\\/eu\\\/jose-maria-zubia-mari-ren-omenez\\\/#primaryimage\"},\"image\":{\"@id\":\"https:\\\/\\\/itsasmuseoa.eus\\\/eu\\\/jose-maria-zubia-mari-ren-omenez\\\/#primaryimage\"},\"thumbnailUrl\":\"https:\\\/\\\/itsasmuseoa.eus\\\/wp-content\\\/uploads\\\/2025\\\/02\\\/mari-omenaldi.jpeg\",\"datePublished\":\"2025-01-09T11:41:19+00:00\",\"dateModified\":\"2025-01-09T11:41:30+00:00\",\"breadcrumb\":{\"@id\":\"https:\\\/\\\/itsasmuseoa.eus\\\/eu\\\/jose-maria-zubia-mari-ren-omenez\\\/#breadcrumb\"},\"inLanguage\":\"eu-ES\",\"potentialAction\":[{\"@type\":\"ReadAction\",\"target\":[\"https:\\\/\\\/itsasmuseoa.eus\\\/eu\\\/jose-maria-zubia-mari-ren-omenez\\\/\"]}]},{\"@type\":\"ImageObject\",\"inLanguage\":\"eu-ES\",\"@id\":\"https:\\\/\\\/itsasmuseoa.eus\\\/eu\\\/jose-maria-zubia-mari-ren-omenez\\\/#primaryimage\",\"url\":\"https:\\\/\\\/itsasmuseoa.eus\\\/wp-content\\\/uploads\\\/2025\\\/02\\\/mari-omenaldi.jpeg\",\"contentUrl\":\"https:\\\/\\\/itsasmuseoa.eus\\\/wp-content\\\/uploads\\\/2025\\\/02\\\/mari-omenaldi.jpeg\",\"width\":720,\"height\":480},{\"@type\":\"BreadcrumbList\",\"@id\":\"https:\\\/\\\/itsasmuseoa.eus\\\/eu\\\/jose-maria-zubia-mari-ren-omenez\\\/#breadcrumb\",\"itemListElement\":[{\"@type\":\"ListItem\",\"position\":1,\"name\":\"Inicio\",\"item\":\"https:\\\/\\\/itsasmuseoa.eus\\\/eu\\\/\"},{\"@type\":\"ListItem\",\"position\":2,\"name\":\"Jos\u00e9 Mar\u00eda Zubia, \u00abMari\u00bb-ren omenez\"}]},{\"@type\":\"WebSite\",\"@id\":\"https:\\\/\\\/itsasmuseoa.eus\\\/eu\\\/#website\",\"url\":\"https:\\\/\\\/itsasmuseoa.eus\\\/eu\\\/\",\"name\":\"Euskal Itsas Museoa\",\"description\":\"Museo Mar\u00edtimo Vasco\",\"potentialAction\":[{\"@type\":\"SearchAction\",\"target\":{\"@type\":\"EntryPoint\",\"urlTemplate\":\"https:\\\/\\\/itsasmuseoa.eus\\\/eu\\\/?s={search_term_string}\"},\"query-input\":{\"@type\":\"PropertyValueSpecification\",\"valueRequired\":true,\"valueName\":\"search_term_string\"}}],\"inLanguage\":\"eu-ES\"}]}<\/script>\n<!-- \/ Yoast SEO plugin. -->","yoast_head_json":{"title":"Jos\u00e9 Mar\u00eda Zubia, \"Mari\"-ren omenez - Euskal Itsas Museoa","robots":{"index":"index","follow":"follow","max-snippet":"max-snippet:-1","max-image-preview":"max-image-preview:large","max-video-preview":"max-video-preview:-1"},"canonical":"https:\/\/itsasmuseoa.eus\/eu\/jose-maria-zubia-mari-ren-omenez\/","og_locale":"eu_ES","og_type":"article","og_title":"Jos\u00e9 Mar\u00eda Zubia, \"Mari\"-ren omenez - Euskal Itsas Museoa","og_description":"Orain dela 159 urte Donostiako pertsonai kuttun bat hil zela.","og_url":"https:\/\/itsasmuseoa.eus\/eu\/jose-maria-zubia-mari-ren-omenez\/","og_site_name":"Euskal Itsas Museoa","article_modified_time":"2025-01-09T11:41:30+00:00","og_image":[{"width":720,"height":480,"url":"https:\/\/itsasmuseoa.eus\/wp-content\/uploads\/2025\/02\/mari-omenaldi.jpeg","type":"image\/jpeg"}],"twitter_card":"summary_large_image","twitter_misc":{"Est. reading time":"2 minutes"},"schema":{"@context":"https:\/\/schema.org","@graph":[{"@type":"WebPage","@id":"https:\/\/itsasmuseoa.eus\/eu\/jose-maria-zubia-mari-ren-omenez\/","url":"https:\/\/itsasmuseoa.eus\/eu\/jose-maria-zubia-mari-ren-omenez\/","name":"Jos\u00e9 Mar\u00eda Zubia, \"Mari\"-ren omenez - Euskal Itsas Museoa","isPartOf":{"@id":"https:\/\/itsasmuseoa.eus\/eu\/#website"},"primaryImageOfPage":{"@id":"https:\/\/itsasmuseoa.eus\/eu\/jose-maria-zubia-mari-ren-omenez\/#primaryimage"},"image":{"@id":"https:\/\/itsasmuseoa.eus\/eu\/jose-maria-zubia-mari-ren-omenez\/#primaryimage"},"thumbnailUrl":"https:\/\/itsasmuseoa.eus\/wp-content\/uploads\/2025\/02\/mari-omenaldi.jpeg","datePublished":"2025-01-09T11:41:19+00:00","dateModified":"2025-01-09T11:41:30+00:00","breadcrumb":{"@id":"https:\/\/itsasmuseoa.eus\/eu\/jose-maria-zubia-mari-ren-omenez\/#breadcrumb"},"inLanguage":"eu-ES","potentialAction":[{"@type":"ReadAction","target":["https:\/\/itsasmuseoa.eus\/eu\/jose-maria-zubia-mari-ren-omenez\/"]}]},{"@type":"ImageObject","inLanguage":"eu-ES","@id":"https:\/\/itsasmuseoa.eus\/eu\/jose-maria-zubia-mari-ren-omenez\/#primaryimage","url":"https:\/\/itsasmuseoa.eus\/wp-content\/uploads\/2025\/02\/mari-omenaldi.jpeg","contentUrl":"https:\/\/itsasmuseoa.eus\/wp-content\/uploads\/2025\/02\/mari-omenaldi.jpeg","width":720,"height":480},{"@type":"BreadcrumbList","@id":"https:\/\/itsasmuseoa.eus\/eu\/jose-maria-zubia-mari-ren-omenez\/#breadcrumb","itemListElement":[{"@type":"ListItem","position":1,"name":"Inicio","item":"https:\/\/itsasmuseoa.eus\/eu\/"},{"@type":"ListItem","position":2,"name":"Jos\u00e9 Mar\u00eda Zubia, \u00abMari\u00bb-ren omenez"}]},{"@type":"WebSite","@id":"https:\/\/itsasmuseoa.eus\/eu\/#website","url":"https:\/\/itsasmuseoa.eus\/eu\/","name":"Euskal Itsas Museoa","description":"Museo Mar\u00edtimo Vasco","potentialAction":[{"@type":"SearchAction","target":{"@type":"EntryPoint","urlTemplate":"https:\/\/itsasmuseoa.eus\/eu\/?s={search_term_string}"},"query-input":{"@type":"PropertyValueSpecification","valueRequired":true,"valueName":"search_term_string"}}],"inLanguage":"eu-ES"}]}},"_links":{"self":[{"href":"https:\/\/itsasmuseoa.eus\/eu\/wp-json\/wp\/v2\/pages\/17671","targetHints":{"allow":["GET"]}}],"collection":[{"href":"https:\/\/itsasmuseoa.eus\/eu\/wp-json\/wp\/v2\/pages"}],"about":[{"href":"https:\/\/itsasmuseoa.eus\/eu\/wp-json\/wp\/v2\/types\/page"}],"author":[{"embeddable":true,"href":"https:\/\/itsasmuseoa.eus\/eu\/wp-json\/wp\/v2\/users\/4"}],"replies":[{"embeddable":true,"href":"https:\/\/itsasmuseoa.eus\/eu\/wp-json\/wp\/v2\/comments?post=17671"}],"version-history":[{"count":0,"href":"https:\/\/itsasmuseoa.eus\/eu\/wp-json\/wp\/v2\/pages\/17671\/revisions"}],"wp:featuredmedia":[{"embeddable":true,"href":"https:\/\/itsasmuseoa.eus\/eu\/wp-json\/wp\/v2\/media\/17884"}],"wp:attachment":[{"href":"https:\/\/itsasmuseoa.eus\/eu\/wp-json\/wp\/v2\/media?parent=17671"}],"wp:term":[{"taxonomy":"category","embeddable":true,"href":"https:\/\/itsasmuseoa.eus\/eu\/wp-json\/wp\/v2\/categories?post=17671"},{"taxonomy":"post_tag","embeddable":true,"href":"https:\/\/itsasmuseoa.eus\/eu\/wp-json\/wp\/v2\/tags?post=17671"}],"curies":[{"name":"wp","href":"https:\/\/api.w.org\/{rel}","templated":true}]}}