{"id":17960,"date":"2025-03-25T14:32:46","date_gmt":"2025-03-25T13:32:46","guid":{"rendered":"https:\/\/itsasmuseoa.eus\/euskal-zubia-euskal-herriak-norgehiagoka-ozeanikoetan\/"},"modified":"2025-05-09T15:25:39","modified_gmt":"2025-05-09T13:25:39","slug":"euskal-zubia-euskal-herriak-norgehiagoka-ozeanikoetan","status":"publish","type":"page","link":"https:\/\/itsasmuseoa.eus\/eu\/euskal-zubia-euskal-herriak-norgehiagoka-ozeanikoetan\/","title":{"rendered":"Euskal zubia: Euskal Herria norgehiagoka ozeanikoetan"},"content":{"rendered":"\n\n\t<nav id=\"breadcrumbs\" aria-label=\"Breadcrumbs\"><a href=\"https:\/\/itsasmuseoa.eus\/eu\/\">Inicio<\/a> <img decoding=\"async\" src=\"https:\/\/itsasmuseoa.eus\/flecha-breadcrumbs\/\" alt=\"icono flecha\" \/> Euskal zubia: Euskal Herriak norgehiagoka ozeanikoetan<\/nav>\n\t\t<h2>\n\t\t\tBerriak\n\t\t<\/h2>\n\n<h2>\n\t\tEUSKAL ZUBIA\n\t<\/h2>\n\t<h4>Mare Clausum zikloaren bigarren saioa izan dugu Museoan, oraingoan Xabier Alberdi Museoko zuzendari zientifikoak Euskal Zubiaren gaia jorratu zuen , Euskal Herriak norgehiagoka ozeanikoetan izandako papera aztertuz. Gai hau hobeto ulertzeko, hona hemen artikulu txiki bat: <\/h4>\n<h4>Foruei <i>begirada bat ematen badiogu, honelako pasarteak<\/i> aurkitzen dizkiogu:<\/h4>\n<p><i>C\u00f3mo en tiempo de guerra entre las dos Coronas de Espa\u00f1a y Francia se ha permitido \u00e1 los de la Provincia de Guipuzcoa el comercio libre de bastimentos y mercaderias no prohividas, con los de la Provincia de Labort en Francia, y las condiciones y capitulos que suelen asentarse en el tratado, por via de concordia y con orden especial de Su Magestad.<\/i><\/p>\n<h4>Baina bi nazio gerran daudenean, hauen arteko itsas merkataritza ez al da eteten? Ez al da traizio handia etsaiarekin harremanetan jartzea? Bada, testuan irakur dezakegun bezala euskaldunentzat ez zen arazo bat, hauek &#8220;euskal zubia&#8221; zuten eta. <\/h4>\n<h4>Textu hau ez da gipuzkoarren nabigazio askeari buruzko bakarra, foruetan askoz araudi gehiago aurkitzen ditugu gure ustez piratek edo kortsarioek bakarrik egin zezaketena legeztatzen dutenak. Araudi horrek lagunduta, Euskal Herriak eta bertako biztanleek mendeetan zehar nazioarteko itsas harreman harremanak egin zituzten. Pisu estrategiko handia zuten salgaien zirkulazioa eta trukea ahalbidetzen zuen zubi modukoa osatzen zuten; besteak beste, Europa osoan argiztapenerako ezinbestekoa zen bale-olioa edo Ameriketatik ekarritako zilarra bera (trukerako txanpona). <\/h4>\n<h4>Gainera, foruek hornitutako askatasun horri euskal itsas tradizio luzea gehitu behar zaio; izan ere, gure eskualdearen kokapen estrategikoa kontuan hartuta (kostaldetik gertu eta industria osagarri askorekin), euskal herrian zeunden erreinuko ontziola garrantzitsuenak, horietatik atera zen, adibidez, Indietako Lasterketan parte hartzen zuen flotaren % 80. <\/h4>\n<h4>Bi faktore horien ondorioz, euskaldunek berebiziko garrantzia izan zuten ozeanoak kontrolatzeko borrokan, gaiaren inguruan jakinmina piztu badizuegu etorri Mare Clausum erakusketa ikustera!.<br \/>\n<\/h4>\n\t\t\t\t<a href=\"https:\/\/itsasmuseoa.eus\/wp-content\/uploads\/2025\/02\/itsas-museoa-agenda-xabier-euskal-zubia.jpeg\"  target=\"_self\" itemprop=\"url\">\n\t\t\t\t<img decoding=\"async\" src=\"https:\/\/itsasmuseoa.eus\/wp-content\/uploads\/2025\/02\/itsas-museoa-agenda-xabier-euskal-zubia.jpeg\" alt=\"itsas-museoa-agenda-xabier-euskal-zubia\" itemprop=\"image\" height=\"683\" width=\"1024\" title=\"itsas-museoa-agenda-xabier-euskal-zubia\" onerror=\"this.style.display='none'\"  \/>\n\t\t\t\t<\/a>\n\t<a href=\"#\" id=\"trigger-\" role=\"button\" data-modal=\"\" data-node=\"\">\n\t\t\t\t\t\t\tARGAZKIA HANDITU\n\t\t\t\t\t\t\t\t\t\t\t\t<\/a>\n\t\t\t\t\t\tPreview\n\t\t\tmodal-\n\t\t\t\t\t\t<img decoding=\"async\" src=\"\" alt=\"\" \/>\t\t\t\t\t\n\t<iframe title=\"Euskal zubia \u2010 El puente vasco by Euskal Itsas Museoa\" width=\"500\" height=\"400\" scrolling=\"no\" frameborder=\"no\" src=\"https:\/\/w.soundcloud.com\/player\/?visual=true&#038;url=https%3A%2F%2Fapi.soundcloud.com%2Ftracks%2F2062956700&#038;show_artwork=true&#038;maxheight=750&#038;maxwidth=500\"><\/iframe>\n\n","protected":false},"excerpt":{"rendered":"<p> Mare Clausum zikloaren bigarren saioa izan dugu Museoan, oraingoan Xabier Alberdi Museoko zuzendari zientifikoak Euskal Zubiaren gaia jorratu zuen.<\/p>\n","protected":false},"author":4,"featured_media":17857,"parent":0,"menu_order":0,"comment_status":"closed","ping_status":"closed","template":"","meta":{"_acf_changed":false,"footnotes":""},"categories":[218,224],"tags":[580],"class_list":["post-17960","page","type-page","status-publish","has-post-thumbnail","hentry","category-berriak","category-gure-programa","tag-artikulua"],"acf":[],"yoast_head":"<!-- This site is optimized with the Yoast SEO plugin v27.3 - https:\/\/yoast.com\/product\/yoast-seo-wordpress\/ -->\n<title>Euskal zubia: Euskal Herria norgehiagoka ozeanikoetan - Euskal Itsas Museoa<\/title>\n<meta name=\"robots\" content=\"index, follow, max-snippet:-1, max-image-preview:large, max-video-preview:-1\" \/>\n<link rel=\"canonical\" href=\"https:\/\/itsasmuseoa.eus\/eu\/euskal-zubia-euskal-herriak-norgehiagoka-ozeanikoetan\/\" \/>\n<meta property=\"og:locale\" content=\"eu_ES\" \/>\n<meta property=\"og:type\" content=\"article\" \/>\n<meta property=\"og:title\" content=\"Euskal zubia: Euskal Herria norgehiagoka ozeanikoetan - Euskal Itsas Museoa\" \/>\n<meta property=\"og:description\" content=\"Mare Clausum zikloaren bigarren saioa izan dugu Museoan, oraingoan Xabier Alberdi Museoko zuzendari zientifikoak Euskal Zubiaren gaia jorratu zuen.\" \/>\n<meta property=\"og:url\" content=\"https:\/\/itsasmuseoa.eus\/eu\/euskal-zubia-euskal-herriak-norgehiagoka-ozeanikoetan\/\" \/>\n<meta property=\"og:site_name\" content=\"Euskal Itsas Museoa\" \/>\n<meta property=\"article:modified_time\" content=\"2025-05-09T13:25:39+00:00\" \/>\n<meta property=\"og:image\" content=\"https:\/\/itsasmuseoa.eus\/wp-content\/uploads\/2025\/02\/itsas-museoa-agenda-xabier-euskal-zubia.jpeg\" \/>\n\t<meta property=\"og:image:width\" content=\"1024\" \/>\n\t<meta property=\"og:image:height\" content=\"683\" \/>\n\t<meta property=\"og:image:type\" content=\"image\/jpeg\" \/>\n<meta name=\"twitter:card\" content=\"summary_large_image\" \/>\n<meta name=\"twitter:label1\" content=\"Est. reading time\" \/>\n\t<meta name=\"twitter:data1\" content=\"2 minutes\" \/>\n<script type=\"application\/ld+json\" class=\"yoast-schema-graph\">{\"@context\":\"https:\\\/\\\/schema.org\",\"@graph\":[{\"@type\":\"WebPage\",\"@id\":\"https:\\\/\\\/itsasmuseoa.eus\\\/eu\\\/euskal-zubia-euskal-herriak-norgehiagoka-ozeanikoetan\\\/\",\"url\":\"https:\\\/\\\/itsasmuseoa.eus\\\/eu\\\/euskal-zubia-euskal-herriak-norgehiagoka-ozeanikoetan\\\/\",\"name\":\"Euskal zubia: Euskal Herria norgehiagoka ozeanikoetan - Euskal Itsas Museoa\",\"isPartOf\":{\"@id\":\"https:\\\/\\\/itsasmuseoa.eus\\\/eu\\\/#website\"},\"primaryImageOfPage\":{\"@id\":\"https:\\\/\\\/itsasmuseoa.eus\\\/eu\\\/euskal-zubia-euskal-herriak-norgehiagoka-ozeanikoetan\\\/#primaryimage\"},\"image\":{\"@id\":\"https:\\\/\\\/itsasmuseoa.eus\\\/eu\\\/euskal-zubia-euskal-herriak-norgehiagoka-ozeanikoetan\\\/#primaryimage\"},\"thumbnailUrl\":\"https:\\\/\\\/itsasmuseoa.eus\\\/wp-content\\\/uploads\\\/2025\\\/02\\\/itsas-museoa-agenda-xabier-euskal-zubia.jpeg\",\"datePublished\":\"2025-03-25T13:32:46+00:00\",\"dateModified\":\"2025-05-09T13:25:39+00:00\",\"breadcrumb\":{\"@id\":\"https:\\\/\\\/itsasmuseoa.eus\\\/eu\\\/euskal-zubia-euskal-herriak-norgehiagoka-ozeanikoetan\\\/#breadcrumb\"},\"inLanguage\":\"eu-ES\",\"potentialAction\":[{\"@type\":\"ReadAction\",\"target\":[\"https:\\\/\\\/itsasmuseoa.eus\\\/eu\\\/euskal-zubia-euskal-herriak-norgehiagoka-ozeanikoetan\\\/\"]}]},{\"@type\":\"ImageObject\",\"inLanguage\":\"eu-ES\",\"@id\":\"https:\\\/\\\/itsasmuseoa.eus\\\/eu\\\/euskal-zubia-euskal-herriak-norgehiagoka-ozeanikoetan\\\/#primaryimage\",\"url\":\"https:\\\/\\\/itsasmuseoa.eus\\\/wp-content\\\/uploads\\\/2025\\\/02\\\/itsas-museoa-agenda-xabier-euskal-zubia.jpeg\",\"contentUrl\":\"https:\\\/\\\/itsasmuseoa.eus\\\/wp-content\\\/uploads\\\/2025\\\/02\\\/itsas-museoa-agenda-xabier-euskal-zubia.jpeg\",\"width\":1024,\"height\":683},{\"@type\":\"BreadcrumbList\",\"@id\":\"https:\\\/\\\/itsasmuseoa.eus\\\/eu\\\/euskal-zubia-euskal-herriak-norgehiagoka-ozeanikoetan\\\/#breadcrumb\",\"itemListElement\":[{\"@type\":\"ListItem\",\"position\":1,\"name\":\"Inicio\",\"item\":\"https:\\\/\\\/itsasmuseoa.eus\\\/eu\\\/\"},{\"@type\":\"ListItem\",\"position\":2,\"name\":\"Euskal zubia: Euskal Herria norgehiagoka ozeanikoetan\"}]},{\"@type\":\"WebSite\",\"@id\":\"https:\\\/\\\/itsasmuseoa.eus\\\/eu\\\/#website\",\"url\":\"https:\\\/\\\/itsasmuseoa.eus\\\/eu\\\/\",\"name\":\"Euskal Itsas Museoa\",\"description\":\"Museo Mar\u00edtimo Vasco\",\"potentialAction\":[{\"@type\":\"SearchAction\",\"target\":{\"@type\":\"EntryPoint\",\"urlTemplate\":\"https:\\\/\\\/itsasmuseoa.eus\\\/eu\\\/?s={search_term_string}\"},\"query-input\":{\"@type\":\"PropertyValueSpecification\",\"valueRequired\":true,\"valueName\":\"search_term_string\"}}],\"inLanguage\":\"eu-ES\"}]}<\/script>\n<!-- \/ Yoast SEO plugin. -->","yoast_head_json":{"title":"Euskal zubia: Euskal Herria norgehiagoka ozeanikoetan - Euskal Itsas Museoa","robots":{"index":"index","follow":"follow","max-snippet":"max-snippet:-1","max-image-preview":"max-image-preview:large","max-video-preview":"max-video-preview:-1"},"canonical":"https:\/\/itsasmuseoa.eus\/eu\/euskal-zubia-euskal-herriak-norgehiagoka-ozeanikoetan\/","og_locale":"eu_ES","og_type":"article","og_title":"Euskal zubia: Euskal Herria norgehiagoka ozeanikoetan - Euskal Itsas Museoa","og_description":"Mare Clausum zikloaren bigarren saioa izan dugu Museoan, oraingoan Xabier Alberdi Museoko zuzendari zientifikoak Euskal Zubiaren gaia jorratu zuen.","og_url":"https:\/\/itsasmuseoa.eus\/eu\/euskal-zubia-euskal-herriak-norgehiagoka-ozeanikoetan\/","og_site_name":"Euskal Itsas Museoa","article_modified_time":"2025-05-09T13:25:39+00:00","og_image":[{"width":1024,"height":683,"url":"https:\/\/itsasmuseoa.eus\/wp-content\/uploads\/2025\/02\/itsas-museoa-agenda-xabier-euskal-zubia.jpeg","type":"image\/jpeg"}],"twitter_card":"summary_large_image","twitter_misc":{"Est. reading time":"2 minutes"},"schema":{"@context":"https:\/\/schema.org","@graph":[{"@type":"WebPage","@id":"https:\/\/itsasmuseoa.eus\/eu\/euskal-zubia-euskal-herriak-norgehiagoka-ozeanikoetan\/","url":"https:\/\/itsasmuseoa.eus\/eu\/euskal-zubia-euskal-herriak-norgehiagoka-ozeanikoetan\/","name":"Euskal zubia: Euskal Herria norgehiagoka ozeanikoetan - Euskal Itsas Museoa","isPartOf":{"@id":"https:\/\/itsasmuseoa.eus\/eu\/#website"},"primaryImageOfPage":{"@id":"https:\/\/itsasmuseoa.eus\/eu\/euskal-zubia-euskal-herriak-norgehiagoka-ozeanikoetan\/#primaryimage"},"image":{"@id":"https:\/\/itsasmuseoa.eus\/eu\/euskal-zubia-euskal-herriak-norgehiagoka-ozeanikoetan\/#primaryimage"},"thumbnailUrl":"https:\/\/itsasmuseoa.eus\/wp-content\/uploads\/2025\/02\/itsas-museoa-agenda-xabier-euskal-zubia.jpeg","datePublished":"2025-03-25T13:32:46+00:00","dateModified":"2025-05-09T13:25:39+00:00","breadcrumb":{"@id":"https:\/\/itsasmuseoa.eus\/eu\/euskal-zubia-euskal-herriak-norgehiagoka-ozeanikoetan\/#breadcrumb"},"inLanguage":"eu-ES","potentialAction":[{"@type":"ReadAction","target":["https:\/\/itsasmuseoa.eus\/eu\/euskal-zubia-euskal-herriak-norgehiagoka-ozeanikoetan\/"]}]},{"@type":"ImageObject","inLanguage":"eu-ES","@id":"https:\/\/itsasmuseoa.eus\/eu\/euskal-zubia-euskal-herriak-norgehiagoka-ozeanikoetan\/#primaryimage","url":"https:\/\/itsasmuseoa.eus\/wp-content\/uploads\/2025\/02\/itsas-museoa-agenda-xabier-euskal-zubia.jpeg","contentUrl":"https:\/\/itsasmuseoa.eus\/wp-content\/uploads\/2025\/02\/itsas-museoa-agenda-xabier-euskal-zubia.jpeg","width":1024,"height":683},{"@type":"BreadcrumbList","@id":"https:\/\/itsasmuseoa.eus\/eu\/euskal-zubia-euskal-herriak-norgehiagoka-ozeanikoetan\/#breadcrumb","itemListElement":[{"@type":"ListItem","position":1,"name":"Inicio","item":"https:\/\/itsasmuseoa.eus\/eu\/"},{"@type":"ListItem","position":2,"name":"Euskal zubia: Euskal Herria norgehiagoka ozeanikoetan"}]},{"@type":"WebSite","@id":"https:\/\/itsasmuseoa.eus\/eu\/#website","url":"https:\/\/itsasmuseoa.eus\/eu\/","name":"Euskal Itsas Museoa","description":"Museo Mar\u00edtimo Vasco","potentialAction":[{"@type":"SearchAction","target":{"@type":"EntryPoint","urlTemplate":"https:\/\/itsasmuseoa.eus\/eu\/?s={search_term_string}"},"query-input":{"@type":"PropertyValueSpecification","valueRequired":true,"valueName":"search_term_string"}}],"inLanguage":"eu-ES"}]}},"_links":{"self":[{"href":"https:\/\/itsasmuseoa.eus\/eu\/wp-json\/wp\/v2\/pages\/17960","targetHints":{"allow":["GET"]}}],"collection":[{"href":"https:\/\/itsasmuseoa.eus\/eu\/wp-json\/wp\/v2\/pages"}],"about":[{"href":"https:\/\/itsasmuseoa.eus\/eu\/wp-json\/wp\/v2\/types\/page"}],"author":[{"embeddable":true,"href":"https:\/\/itsasmuseoa.eus\/eu\/wp-json\/wp\/v2\/users\/4"}],"replies":[{"embeddable":true,"href":"https:\/\/itsasmuseoa.eus\/eu\/wp-json\/wp\/v2\/comments?post=17960"}],"version-history":[{"count":0,"href":"https:\/\/itsasmuseoa.eus\/eu\/wp-json\/wp\/v2\/pages\/17960\/revisions"}],"wp:featuredmedia":[{"embeddable":true,"href":"https:\/\/itsasmuseoa.eus\/eu\/wp-json\/wp\/v2\/media\/17857"}],"wp:attachment":[{"href":"https:\/\/itsasmuseoa.eus\/eu\/wp-json\/wp\/v2\/media?parent=17960"}],"wp:term":[{"taxonomy":"category","embeddable":true,"href":"https:\/\/itsasmuseoa.eus\/eu\/wp-json\/wp\/v2\/categories?post=17960"},{"taxonomy":"post_tag","embeddable":true,"href":"https:\/\/itsasmuseoa.eus\/eu\/wp-json\/wp\/v2\/tags?post=17960"}],"curies":[{"name":"wp","href":"https:\/\/api.w.org\/{rel}","templated":true}]}}