{"id":18162,"date":"2025-05-08T13:25:59","date_gmt":"2025-05-08T11:25:59","guid":{"rendered":"https:\/\/itsasmuseoa.eus\/jarduerak\/multimedia\/mare-clausum-zikloa-garapen-teknologikoa-eta-ozeanoen-norgehiagoka\/"},"modified":"2025-05-09T14:50:26","modified_gmt":"2025-05-09T12:50:26","slug":"mare-clausum-zikloa-garapen-teknologikoa-eta-ozeanoen-norgehiagoka","status":"publish","type":"page","link":"https:\/\/itsasmuseoa.eus\/eu\/jarduerak\/multimedia\/mare-clausum-zikloa-garapen-teknologikoa-eta-ozeanoen-norgehiagoka\/","title":{"rendered":"Mare Clausum zikloa: Garapen teknologikoa eta ozeanoen norgehiagoka."},"content":{"rendered":"\n\n\t<nav id=\"breadcrumbs\" aria-label=\"Breadcrumbs\"><a href=\"https:\/\/itsasmuseoa.eus\/eu\/\">Inicio<\/a> <img decoding=\"async\" src=\"https:\/\/itsasmuseoa.eus\/flecha-breadcrumbs\/\" alt=\"icono flecha\" \/> <a href=\"https:\/\/itsasmuseoa.eus\/eu\/actividades\/\">Jarduerak<\/a> <img decoding=\"async\" src=\"https:\/\/itsasmuseoa.eus\/flecha-breadcrumbs\/\" alt=\"icono flecha\" \/> <a href=\"https:\/\/itsasmuseoa.eus\/eu\/jarduerak\/multimedia\/\">Multimedia<\/a> <img decoding=\"async\" src=\"https:\/\/itsasmuseoa.eus\/flecha-breadcrumbs\/\" alt=\"icono flecha\" \/> Mare Clausum zikloa: Garapen teknologikoa eta ozeanoen norgehiagoka.<\/nav>\n\t\t<h2>\n\t\t\tMARE CLAUSUM ZIKLOA\n\t\t<\/h2>\n<h2>\n\t\tHITZALDIA\n\t<\/h2>\n<h1>\n\t\tGarapen teknologikoa eta ozeanoen norgehiagoka.  \n\t<\/h1>\n\t<p>Mare Clausum zikloko laugarren hitzaldi honetan, Xabier Alberdi Museoko zuzendari zientifikoak garapen teknologikoa eta ozeanoetako nagusigoaren artean dagoen harremanaz hitz egin digu.<\/p>\n<p>Argi dago itsasoa kontrolatzeko flota on baten beharra duzula. Galeoitik hasita, fragata eta Ilarako ontzitik pasata baporezko barkuetara iritsi arte, ezagutu zein garrantzitsua izan den itsas-teknologia itsasoa kontrolatzeko garaian.  <\/p>\n\t\t\t<a href=\"https:\/\/drive.google.com\/file\/d\/1U71p54FA2ONRZUmswR6JH4O1nepAPFd4\/view?usp=sharing\" target=\"_self\">\n\t\t\t\t\t\t\tEUSKARRI GRAFIKOAK\n\t\t\t\t\t<\/a>\n\t<iframe title=\"Garapen teknologikoa eta ozeanoetako nagusigoa  \/ Desarrollo de la tecnolog\u00eda  y hegemon\u00eda oce\u00e1nica\" width=\"500\" height=\"281\" src=\"https:\/\/www.youtube.com\/embed\/ekCcAIZ5fbk?feature=oembed\" frameborder=\"0\" allow=\"accelerometer; autoplay; clipboard-write; encrypted-media; gyroscope; picture-in-picture; web-share\" referrerpolicy=\"strict-origin-when-cross-origin\" allowfullscreen><\/iframe>\n\n","protected":false},"excerpt":{"rendered":"<p>Xabier Alberdik Mare Clausum zikloaren barnean emandako hitzaldia. <\/p>\n","protected":false},"author":4,"featured_media":18158,"parent":5414,"menu_order":0,"comment_status":"closed","ping_status":"closed","template":"","meta":{"_acf_changed":false,"footnotes":""},"categories":[375],"tags":[581,736,573],"class_list":["post-18162","page","type-page","status-publish","has-post-thumbnail","hentry","category-elkarrizketa","tag-bideoa","tag-bideoa-eu","tag-video"],"acf":[],"yoast_head":"<!-- This site is optimized with the Yoast SEO plugin v27.4 - https:\/\/yoast.com\/product\/yoast-seo-wordpress\/ -->\n<title>Mare Clausum zikloa: Garapen teknologikoa eta ozeanoen norgehiagoka. - Euskal Itsas Museoa<\/title>\n<meta name=\"robots\" content=\"index, follow, max-snippet:-1, max-image-preview:large, max-video-preview:-1\" \/>\n<link rel=\"canonical\" href=\"https:\/\/itsasmuseoa.eus\/eu\/jarduerak\/multimedia\/mare-clausum-zikloa-garapen-teknologikoa-eta-ozeanoen-norgehiagoka\/\" \/>\n<meta property=\"og:locale\" content=\"eu_ES\" \/>\n<meta property=\"og:type\" content=\"article\" \/>\n<meta property=\"og:title\" content=\"Mare Clausum zikloa: Garapen teknologikoa eta ozeanoen norgehiagoka. - Euskal Itsas Museoa\" \/>\n<meta property=\"og:description\" content=\"Xabier Alberdik Mare Clausum zikloaren barnean emandako hitzaldia.\" \/>\n<meta property=\"og:url\" content=\"https:\/\/itsasmuseoa.eus\/eu\/jarduerak\/multimedia\/mare-clausum-zikloa-garapen-teknologikoa-eta-ozeanoen-norgehiagoka\/\" \/>\n<meta property=\"og:site_name\" content=\"Euskal Itsas Museoa\" \/>\n<meta property=\"article:modified_time\" content=\"2025-05-09T12:50:26+00:00\" \/>\n<meta property=\"og:image\" content=\"https:\/\/itsasmuseoa.eus\/wp-content\/uploads\/2025\/05\/BANNER-MULTIMEDIA-WEB-1-1.png\" \/>\n\t<meta property=\"og:image:width\" content=\"1024\" \/>\n\t<meta property=\"og:image:height\" content=\"576\" \/>\n\t<meta property=\"og:image:type\" content=\"image\/png\" \/>\n<meta name=\"twitter:card\" content=\"summary_large_image\" \/>\n<script type=\"application\/ld+json\" class=\"yoast-schema-graph\">{\"@context\":\"https:\\\/\\\/schema.org\",\"@graph\":[{\"@type\":\"WebPage\",\"@id\":\"https:\\\/\\\/itsasmuseoa.eus\\\/eu\\\/jarduerak\\\/multimedia\\\/mare-clausum-zikloa-garapen-teknologikoa-eta-ozeanoen-norgehiagoka\\\/\",\"url\":\"https:\\\/\\\/itsasmuseoa.eus\\\/eu\\\/jarduerak\\\/multimedia\\\/mare-clausum-zikloa-garapen-teknologikoa-eta-ozeanoen-norgehiagoka\\\/\",\"name\":\"Mare Clausum zikloa: Garapen teknologikoa eta ozeanoen norgehiagoka. - Euskal Itsas Museoa\",\"isPartOf\":{\"@id\":\"https:\\\/\\\/itsasmuseoa.eus\\\/eu\\\/#website\"},\"primaryImageOfPage\":{\"@id\":\"https:\\\/\\\/itsasmuseoa.eus\\\/eu\\\/jarduerak\\\/multimedia\\\/mare-clausum-zikloa-garapen-teknologikoa-eta-ozeanoen-norgehiagoka\\\/#primaryimage\"},\"image\":{\"@id\":\"https:\\\/\\\/itsasmuseoa.eus\\\/eu\\\/jarduerak\\\/multimedia\\\/mare-clausum-zikloa-garapen-teknologikoa-eta-ozeanoen-norgehiagoka\\\/#primaryimage\"},\"thumbnailUrl\":\"https:\\\/\\\/itsasmuseoa.eus\\\/wp-content\\\/uploads\\\/2025\\\/05\\\/BANNER-MULTIMEDIA-WEB-1-1.png\",\"datePublished\":\"2025-05-08T11:25:59+00:00\",\"dateModified\":\"2025-05-09T12:50:26+00:00\",\"breadcrumb\":{\"@id\":\"https:\\\/\\\/itsasmuseoa.eus\\\/eu\\\/jarduerak\\\/multimedia\\\/mare-clausum-zikloa-garapen-teknologikoa-eta-ozeanoen-norgehiagoka\\\/#breadcrumb\"},\"inLanguage\":\"eu-ES\",\"potentialAction\":[{\"@type\":\"ReadAction\",\"target\":[\"https:\\\/\\\/itsasmuseoa.eus\\\/eu\\\/jarduerak\\\/multimedia\\\/mare-clausum-zikloa-garapen-teknologikoa-eta-ozeanoen-norgehiagoka\\\/\"]}]},{\"@type\":\"ImageObject\",\"inLanguage\":\"eu-ES\",\"@id\":\"https:\\\/\\\/itsasmuseoa.eus\\\/eu\\\/jarduerak\\\/multimedia\\\/mare-clausum-zikloa-garapen-teknologikoa-eta-ozeanoen-norgehiagoka\\\/#primaryimage\",\"url\":\"https:\\\/\\\/itsasmuseoa.eus\\\/wp-content\\\/uploads\\\/2025\\\/05\\\/BANNER-MULTIMEDIA-WEB-1-1.png\",\"contentUrl\":\"https:\\\/\\\/itsasmuseoa.eus\\\/wp-content\\\/uploads\\\/2025\\\/05\\\/BANNER-MULTIMEDIA-WEB-1-1.png\",\"width\":1024,\"height\":576},{\"@type\":\"BreadcrumbList\",\"@id\":\"https:\\\/\\\/itsasmuseoa.eus\\\/eu\\\/jarduerak\\\/multimedia\\\/mare-clausum-zikloa-garapen-teknologikoa-eta-ozeanoen-norgehiagoka\\\/#breadcrumb\",\"itemListElement\":[{\"@type\":\"ListItem\",\"position\":1,\"name\":\"Inicio\",\"item\":\"https:\\\/\\\/itsasmuseoa.eus\\\/eu\\\/\"},{\"@type\":\"ListItem\",\"position\":2,\"name\":\"Jarduerak\",\"item\":\"https:\\\/\\\/itsasmuseoa.eus\\\/eu\\\/actividades\\\/\"},{\"@type\":\"ListItem\",\"position\":3,\"name\":\"Multimedia\",\"item\":\"https:\\\/\\\/itsasmuseoa.eus\\\/eu\\\/jarduerak\\\/multimedia\\\/\"},{\"@type\":\"ListItem\",\"position\":4,\"name\":\"Mare Clausum zikloa: Garapen teknologikoa eta ozeanoen norgehiagoka.\"}]},{\"@type\":\"WebSite\",\"@id\":\"https:\\\/\\\/itsasmuseoa.eus\\\/eu\\\/#website\",\"url\":\"https:\\\/\\\/itsasmuseoa.eus\\\/eu\\\/\",\"name\":\"Euskal Itsas Museoa\",\"description\":\"Museo Mar\u00edtimo Vasco\",\"potentialAction\":[{\"@type\":\"SearchAction\",\"target\":{\"@type\":\"EntryPoint\",\"urlTemplate\":\"https:\\\/\\\/itsasmuseoa.eus\\\/eu\\\/?s={search_term_string}\"},\"query-input\":{\"@type\":\"PropertyValueSpecification\",\"valueRequired\":true,\"valueName\":\"search_term_string\"}}],\"inLanguage\":\"eu-ES\"}]}<\/script>\n<!-- \/ Yoast SEO plugin. -->","yoast_head_json":{"title":"Mare Clausum zikloa: Garapen teknologikoa eta ozeanoen norgehiagoka. - Euskal Itsas Museoa","robots":{"index":"index","follow":"follow","max-snippet":"max-snippet:-1","max-image-preview":"max-image-preview:large","max-video-preview":"max-video-preview:-1"},"canonical":"https:\/\/itsasmuseoa.eus\/eu\/jarduerak\/multimedia\/mare-clausum-zikloa-garapen-teknologikoa-eta-ozeanoen-norgehiagoka\/","og_locale":"eu_ES","og_type":"article","og_title":"Mare Clausum zikloa: Garapen teknologikoa eta ozeanoen norgehiagoka. - Euskal Itsas Museoa","og_description":"Xabier Alberdik Mare Clausum zikloaren barnean emandako hitzaldia.","og_url":"https:\/\/itsasmuseoa.eus\/eu\/jarduerak\/multimedia\/mare-clausum-zikloa-garapen-teknologikoa-eta-ozeanoen-norgehiagoka\/","og_site_name":"Euskal Itsas Museoa","article_modified_time":"2025-05-09T12:50:26+00:00","og_image":[{"width":1024,"height":576,"url":"https:\/\/itsasmuseoa.eus\/wp-content\/uploads\/2025\/05\/BANNER-MULTIMEDIA-WEB-1-1.png","type":"image\/png"}],"twitter_card":"summary_large_image","schema":{"@context":"https:\/\/schema.org","@graph":[{"@type":"WebPage","@id":"https:\/\/itsasmuseoa.eus\/eu\/jarduerak\/multimedia\/mare-clausum-zikloa-garapen-teknologikoa-eta-ozeanoen-norgehiagoka\/","url":"https:\/\/itsasmuseoa.eus\/eu\/jarduerak\/multimedia\/mare-clausum-zikloa-garapen-teknologikoa-eta-ozeanoen-norgehiagoka\/","name":"Mare Clausum zikloa: Garapen teknologikoa eta ozeanoen norgehiagoka. - Euskal Itsas Museoa","isPartOf":{"@id":"https:\/\/itsasmuseoa.eus\/eu\/#website"},"primaryImageOfPage":{"@id":"https:\/\/itsasmuseoa.eus\/eu\/jarduerak\/multimedia\/mare-clausum-zikloa-garapen-teknologikoa-eta-ozeanoen-norgehiagoka\/#primaryimage"},"image":{"@id":"https:\/\/itsasmuseoa.eus\/eu\/jarduerak\/multimedia\/mare-clausum-zikloa-garapen-teknologikoa-eta-ozeanoen-norgehiagoka\/#primaryimage"},"thumbnailUrl":"https:\/\/itsasmuseoa.eus\/wp-content\/uploads\/2025\/05\/BANNER-MULTIMEDIA-WEB-1-1.png","datePublished":"2025-05-08T11:25:59+00:00","dateModified":"2025-05-09T12:50:26+00:00","breadcrumb":{"@id":"https:\/\/itsasmuseoa.eus\/eu\/jarduerak\/multimedia\/mare-clausum-zikloa-garapen-teknologikoa-eta-ozeanoen-norgehiagoka\/#breadcrumb"},"inLanguage":"eu-ES","potentialAction":[{"@type":"ReadAction","target":["https:\/\/itsasmuseoa.eus\/eu\/jarduerak\/multimedia\/mare-clausum-zikloa-garapen-teknologikoa-eta-ozeanoen-norgehiagoka\/"]}]},{"@type":"ImageObject","inLanguage":"eu-ES","@id":"https:\/\/itsasmuseoa.eus\/eu\/jarduerak\/multimedia\/mare-clausum-zikloa-garapen-teknologikoa-eta-ozeanoen-norgehiagoka\/#primaryimage","url":"https:\/\/itsasmuseoa.eus\/wp-content\/uploads\/2025\/05\/BANNER-MULTIMEDIA-WEB-1-1.png","contentUrl":"https:\/\/itsasmuseoa.eus\/wp-content\/uploads\/2025\/05\/BANNER-MULTIMEDIA-WEB-1-1.png","width":1024,"height":576},{"@type":"BreadcrumbList","@id":"https:\/\/itsasmuseoa.eus\/eu\/jarduerak\/multimedia\/mare-clausum-zikloa-garapen-teknologikoa-eta-ozeanoen-norgehiagoka\/#breadcrumb","itemListElement":[{"@type":"ListItem","position":1,"name":"Inicio","item":"https:\/\/itsasmuseoa.eus\/eu\/"},{"@type":"ListItem","position":2,"name":"Jarduerak","item":"https:\/\/itsasmuseoa.eus\/eu\/actividades\/"},{"@type":"ListItem","position":3,"name":"Multimedia","item":"https:\/\/itsasmuseoa.eus\/eu\/jarduerak\/multimedia\/"},{"@type":"ListItem","position":4,"name":"Mare Clausum zikloa: Garapen teknologikoa eta ozeanoen norgehiagoka."}]},{"@type":"WebSite","@id":"https:\/\/itsasmuseoa.eus\/eu\/#website","url":"https:\/\/itsasmuseoa.eus\/eu\/","name":"Euskal Itsas Museoa","description":"Museo Mar\u00edtimo Vasco","potentialAction":[{"@type":"SearchAction","target":{"@type":"EntryPoint","urlTemplate":"https:\/\/itsasmuseoa.eus\/eu\/?s={search_term_string}"},"query-input":{"@type":"PropertyValueSpecification","valueRequired":true,"valueName":"search_term_string"}}],"inLanguage":"eu-ES"}]}},"_links":{"self":[{"href":"https:\/\/itsasmuseoa.eus\/eu\/wp-json\/wp\/v2\/pages\/18162","targetHints":{"allow":["GET"]}}],"collection":[{"href":"https:\/\/itsasmuseoa.eus\/eu\/wp-json\/wp\/v2\/pages"}],"about":[{"href":"https:\/\/itsasmuseoa.eus\/eu\/wp-json\/wp\/v2\/types\/page"}],"author":[{"embeddable":true,"href":"https:\/\/itsasmuseoa.eus\/eu\/wp-json\/wp\/v2\/users\/4"}],"replies":[{"embeddable":true,"href":"https:\/\/itsasmuseoa.eus\/eu\/wp-json\/wp\/v2\/comments?post=18162"}],"version-history":[{"count":0,"href":"https:\/\/itsasmuseoa.eus\/eu\/wp-json\/wp\/v2\/pages\/18162\/revisions"}],"up":[{"embeddable":true,"href":"https:\/\/itsasmuseoa.eus\/eu\/wp-json\/wp\/v2\/pages\/5414"}],"wp:featuredmedia":[{"embeddable":true,"href":"https:\/\/itsasmuseoa.eus\/eu\/wp-json\/wp\/v2\/media\/18158"}],"wp:attachment":[{"href":"https:\/\/itsasmuseoa.eus\/eu\/wp-json\/wp\/v2\/media?parent=18162"}],"wp:term":[{"taxonomy":"category","embeddable":true,"href":"https:\/\/itsasmuseoa.eus\/eu\/wp-json\/wp\/v2\/categories?post=18162"},{"taxonomy":"post_tag","embeddable":true,"href":"https:\/\/itsasmuseoa.eus\/eu\/wp-json\/wp\/v2\/tags?post=18162"}],"curies":[{"name":"wp","href":"https:\/\/api.w.org\/{rel}","templated":true}]}}