{"id":20296,"date":"2025-08-27T21:12:51","date_gmt":"2025-08-27T19:12:51","guid":{"rendered":"https:\/\/itsasmuseoa.eus\/jarduerak\/gure-argitalpenak\/revue-ciaboga\/ciaboga-9-zk\/"},"modified":"2025-09-12T15:07:41","modified_gmt":"2025-09-12T13:07:41","slug":"ciaboga-9-zk","status":"publish","type":"page","link":"https:\/\/itsasmuseoa.eus\/eu\/jarduerak\/gure-argitalpenak\/revue-ciaboga\/ciaboga-9-zk\/","title":{"rendered":"Ciaboga, 9. zk."},"content":{"rendered":"\n\n\t<nav id=\"breadcrumbs\" aria-label=\"Breadcrumbs\"><a href=\"https:\/\/itsasmuseoa.eus\/eu\/\">Inicio<\/a> <img decoding=\"async\" src=\"https:\/\/itsasmuseoa.eus\/flecha-breadcrumbs\/\" alt=\"icono flecha\" \/> Actividades <img decoding=\"async\" src=\"https:\/\/itsasmuseoa.eus\/flecha-breadcrumbs\/\" alt=\"icono flecha\" \/> <a href=\"https:\/\/itsasmuseoa.eus\/eu\/jarduerak\/gure-argitalpenak\/\">Nuestras Publicaciones<\/a> <img decoding=\"async\" src=\"https:\/\/itsasmuseoa.eus\/flecha-breadcrumbs\/\" alt=\"icono flecha\" \/> Revista Ciaboga <img decoding=\"async\" src=\"https:\/\/itsasmuseoa.eus\/flecha-breadcrumbs\/\" alt=\"icono flecha\" \/> Ciaboga, n\u00ba9<\/nav>\n\t\t<h1>\n\t\t\tCiaboga\n\t\t<\/h1>\n\t\t\t\t<img decoding=\"async\" src=\"https:\/\/itsasmuseoa.eus\/wp-content\/uploads\/2025\/08\/ciaboga-mende-bat-estropadetan.jpg\" alt=\"ciaboga-mende-bat-estropadetan\" itemprop=\"image\" height=\"828\" width=\"585\" title=\"ciaboga-mende-bat-estropadetan\" onerror=\"this.style.display='none'\" loading=\"lazy\" \/>\n\t\t\t<a href=\"https:\/\/itsasmuseoa.eus\/wp-content\/uploads\/2025\/08\/ciaboga-9-2025.pdf\" target=\"_blank\" rel=\"noopener\">\n\t\t\t\t\t\t\tDescargar\n\t\t\t\t\t<\/a>\n\t\t<h2>\n\t\t\tCiaboga n\u00ba9\n\t\t<\/h2>\n\t\t\t<p>Donostia-San Sebasti\u00e1n, 2025Ganador: Antonio Mar\u00eda Uranga G\u00e1rate<\/p>\t\t\n\t<p>Noveno n\u00famero especial del centenario de Ciaboga, hoy d\u00eda una revista de divulgaci\u00f3n de la historia mar\u00edtima vasca, que recoge los pormenores de la regata de la Bandera de la Concha disputadas un siglo antes, en este caso de 1925.<\/p>\n<p>En esta ocasi\u00f3n, la revista cuenta con art\u00edculos de opini\u00f3n de diferentes expertos y expertas del \u00e1mbito del remo.<\/p>\n\t\t<h2>\n\t\t\tSobre ciaboga\n\t\t<\/h2>\n\t\t\t<p>La reedici\u00f3n de la revista Ciaboga surge en el marco de un proyecto cultural que pretende recuperar el bagaje cultural e hist\u00f3rico de las Regatas de La Concha, destacando los valores patrimoniales y etnogr\u00e1ficos que \u00e9stas atesoran a trav\u00e9s de la recuperaci\u00f3n hist\u00f3rica de lo acontecido hace 100 a\u00f1os.La primera edici\u00f3n de este proyecto ha tenido lugar en 2017 y el n\u00ba 1 de la nueva revista Ciaboga centra su investigaci\u00f3n y divulgaci\u00f3n en las regatas de 1917.Se quiere destacar la importancia que tuvo esta publicaci\u00f3n en el mundo del remo. Surgida en el a\u00f1o 1924, la revista se edit\u00f3 durante casi 40 a\u00f1os, salvo en el per\u00edodo que transcurre de 1935 a 1942. Sus contenidos siempre estuvieron centrados en el mundo de las traineras, sin olvidar los sucesos m\u00e1s relevantes de la sociedad vasca. Tuvo una tercera reedici\u00f3n en 1992, aunque su duraci\u00f3n fue breve.<\/p>\t\t\n\n","protected":false},"excerpt":{"rendered":"<p>Inicio Actividades Nuestras Publicaciones Revista Ciaboga Ciaboga, n\u00ba9 Ciaboga Descargar Ciaboga n\u00ba9 Donostia-San Sebasti\u00e1n, 2025Ganador: Antonio Mar\u00eda Uranga G\u00e1rate Noveno n\u00famero especial del centenario de Ciaboga, hoy d\u00eda una revista de divulgaci\u00f3n de la historia mar\u00edtima vasca, que recoge los pormenores de la regata de la Bandera de la Concha disputadas un siglo antes, en&hellip;<\/p>\n","protected":false},"author":1,"featured_media":20289,"parent":7108,"menu_order":0,"comment_status":"closed","ping_status":"closed","template":"","meta":{"_acf_changed":false,"footnotes":""},"categories":[372],"tags":[527],"class_list":["post-20296","page","type-page","status-publish","has-post-thumbnail","hentry","category-ciaboga-eu","tag-argitalpena"],"acf":[],"yoast_head":"<!-- This site is optimized with the Yoast SEO plugin v27.3 - https:\/\/yoast.com\/product\/yoast-seo-wordpress\/ -->\n<title>Ciaboga, 9. zk. - Euskal Itsas Museoa<\/title>\n<meta name=\"robots\" content=\"index, follow, max-snippet:-1, max-image-preview:large, max-video-preview:-1\" \/>\n<link rel=\"canonical\" href=\"https:\/\/itsasmuseoa.eus\/eu\/jarduerak\/gure-argitalpenak\/revue-ciaboga\/ciaboga-9-zk\/\" \/>\n<meta property=\"og:locale\" content=\"eu_ES\" \/>\n<meta property=\"og:type\" content=\"article\" \/>\n<meta property=\"og:title\" content=\"Ciaboga, 9. zk. - Euskal Itsas Museoa\" \/>\n<meta property=\"og:description\" content=\"Inicio Actividades Nuestras Publicaciones Revista Ciaboga Ciaboga, n\u00ba9 Ciaboga Descargar Ciaboga n\u00ba9 Donostia-San Sebasti\u00e1n, 2025Ganador: Antonio Mar\u00eda Uranga G\u00e1rate Noveno n\u00famero especial del centenario de Ciaboga, hoy d\u00eda una revista de divulgaci\u00f3n de la historia mar\u00edtima vasca, que recoge los pormenores de la regata de la Bandera de la Concha disputadas un siglo antes, en&hellip;\" \/>\n<meta property=\"og:url\" content=\"https:\/\/itsasmuseoa.eus\/eu\/jarduerak\/gure-argitalpenak\/revue-ciaboga\/ciaboga-9-zk\/\" \/>\n<meta property=\"og:site_name\" content=\"Euskal Itsas Museoa\" \/>\n<meta property=\"article:modified_time\" content=\"2025-09-12T13:07:41+00:00\" \/>\n<meta property=\"og:image\" content=\"https:\/\/itsasmuseoa.eus\/wp-content\/uploads\/2025\/08\/ciaboga-mende-bat-estropadetan.jpg\" \/>\n\t<meta property=\"og:image:width\" content=\"585\" \/>\n\t<meta property=\"og:image:height\" content=\"828\" \/>\n\t<meta property=\"og:image:type\" content=\"image\/jpeg\" \/>\n<meta name=\"twitter:card\" content=\"summary_large_image\" \/>\n<meta name=\"twitter:label1\" content=\"Est. reading time\" \/>\n\t<meta name=\"twitter:data1\" content=\"1 minute\" \/>\n<script type=\"application\/ld+json\" class=\"yoast-schema-graph\">{\"@context\":\"https:\\\/\\\/schema.org\",\"@graph\":[{\"@type\":\"WebPage\",\"@id\":\"https:\\\/\\\/itsasmuseoa.eus\\\/eu\\\/jarduerak\\\/gure-argitalpenak\\\/revue-ciaboga\\\/ciaboga-9-zk\\\/\",\"url\":\"https:\\\/\\\/itsasmuseoa.eus\\\/eu\\\/jarduerak\\\/gure-argitalpenak\\\/revue-ciaboga\\\/ciaboga-9-zk\\\/\",\"name\":\"Ciaboga, 9. zk. - Euskal Itsas Museoa\",\"isPartOf\":{\"@id\":\"https:\\\/\\\/itsasmuseoa.eus\\\/eu\\\/#website\"},\"primaryImageOfPage\":{\"@id\":\"https:\\\/\\\/itsasmuseoa.eus\\\/eu\\\/jarduerak\\\/gure-argitalpenak\\\/revue-ciaboga\\\/ciaboga-9-zk\\\/#primaryimage\"},\"image\":{\"@id\":\"https:\\\/\\\/itsasmuseoa.eus\\\/eu\\\/jarduerak\\\/gure-argitalpenak\\\/revue-ciaboga\\\/ciaboga-9-zk\\\/#primaryimage\"},\"thumbnailUrl\":\"https:\\\/\\\/itsasmuseoa.eus\\\/wp-content\\\/uploads\\\/2025\\\/08\\\/ciaboga-mende-bat-estropadetan.jpg\",\"datePublished\":\"2025-08-27T19:12:51+00:00\",\"dateModified\":\"2025-09-12T13:07:41+00:00\",\"breadcrumb\":{\"@id\":\"https:\\\/\\\/itsasmuseoa.eus\\\/eu\\\/jarduerak\\\/gure-argitalpenak\\\/revue-ciaboga\\\/ciaboga-9-zk\\\/#breadcrumb\"},\"inLanguage\":\"eu-ES\",\"potentialAction\":[{\"@type\":\"ReadAction\",\"target\":[\"https:\\\/\\\/itsasmuseoa.eus\\\/eu\\\/jarduerak\\\/gure-argitalpenak\\\/revue-ciaboga\\\/ciaboga-9-zk\\\/\"]}]},{\"@type\":\"ImageObject\",\"inLanguage\":\"eu-ES\",\"@id\":\"https:\\\/\\\/itsasmuseoa.eus\\\/eu\\\/jarduerak\\\/gure-argitalpenak\\\/revue-ciaboga\\\/ciaboga-9-zk\\\/#primaryimage\",\"url\":\"https:\\\/\\\/itsasmuseoa.eus\\\/wp-content\\\/uploads\\\/2025\\\/08\\\/ciaboga-mende-bat-estropadetan.jpg\",\"contentUrl\":\"https:\\\/\\\/itsasmuseoa.eus\\\/wp-content\\\/uploads\\\/2025\\\/08\\\/ciaboga-mende-bat-estropadetan.jpg\",\"width\":585,\"height\":828},{\"@type\":\"BreadcrumbList\",\"@id\":\"https:\\\/\\\/itsasmuseoa.eus\\\/eu\\\/jarduerak\\\/gure-argitalpenak\\\/revue-ciaboga\\\/ciaboga-9-zk\\\/#breadcrumb\",\"itemListElement\":[{\"@type\":\"ListItem\",\"position\":1,\"name\":\"Inicio\",\"item\":\"https:\\\/\\\/itsasmuseoa.eus\\\/eu\\\/\"},{\"@type\":\"ListItem\",\"position\":2,\"name\":\"Jarduerak\",\"item\":\"https:\\\/\\\/itsasmuseoa.eus\\\/eu\\\/actividades\\\/\"},{\"@type\":\"ListItem\",\"position\":3,\"name\":\"Gure argitalpenak\",\"item\":\"https:\\\/\\\/itsasmuseoa.eus\\\/eu\\\/actividades\\\/nuestras-publicaciones\\\/\"},{\"@type\":\"ListItem\",\"position\":4,\"name\":\"Ciaboga Aldizkaria\",\"item\":\"https:\\\/\\\/itsasmuseoa.eus\\\/eu\\\/actividades\\\/nuestras-publicaciones\\\/revista-ciaboga\\\/\"},{\"@type\":\"ListItem\",\"position\":5,\"name\":\"Ciaboga, 9. zk.\"}]},{\"@type\":\"WebSite\",\"@id\":\"https:\\\/\\\/itsasmuseoa.eus\\\/eu\\\/#website\",\"url\":\"https:\\\/\\\/itsasmuseoa.eus\\\/eu\\\/\",\"name\":\"Euskal Itsas Museoa\",\"description\":\"Museo Mar\u00edtimo Vasco\",\"potentialAction\":[{\"@type\":\"SearchAction\",\"target\":{\"@type\":\"EntryPoint\",\"urlTemplate\":\"https:\\\/\\\/itsasmuseoa.eus\\\/eu\\\/?s={search_term_string}\"},\"query-input\":{\"@type\":\"PropertyValueSpecification\",\"valueRequired\":true,\"valueName\":\"search_term_string\"}}],\"inLanguage\":\"eu-ES\"}]}<\/script>\n<!-- \/ Yoast SEO plugin. -->","yoast_head_json":{"title":"Ciaboga, 9. zk. - Euskal Itsas Museoa","robots":{"index":"index","follow":"follow","max-snippet":"max-snippet:-1","max-image-preview":"max-image-preview:large","max-video-preview":"max-video-preview:-1"},"canonical":"https:\/\/itsasmuseoa.eus\/eu\/jarduerak\/gure-argitalpenak\/revue-ciaboga\/ciaboga-9-zk\/","og_locale":"eu_ES","og_type":"article","og_title":"Ciaboga, 9. zk. - Euskal Itsas Museoa","og_description":"Inicio Actividades Nuestras Publicaciones Revista Ciaboga Ciaboga, n\u00ba9 Ciaboga Descargar Ciaboga n\u00ba9 Donostia-San Sebasti\u00e1n, 2025Ganador: Antonio Mar\u00eda Uranga G\u00e1rate Noveno n\u00famero especial del centenario de Ciaboga, hoy d\u00eda una revista de divulgaci\u00f3n de la historia mar\u00edtima vasca, que recoge los pormenores de la regata de la Bandera de la Concha disputadas un siglo antes, en&hellip;","og_url":"https:\/\/itsasmuseoa.eus\/eu\/jarduerak\/gure-argitalpenak\/revue-ciaboga\/ciaboga-9-zk\/","og_site_name":"Euskal Itsas Museoa","article_modified_time":"2025-09-12T13:07:41+00:00","og_image":[{"width":585,"height":828,"url":"https:\/\/itsasmuseoa.eus\/wp-content\/uploads\/2025\/08\/ciaboga-mende-bat-estropadetan.jpg","type":"image\/jpeg"}],"twitter_card":"summary_large_image","twitter_misc":{"Est. reading time":"1 minute"},"schema":{"@context":"https:\/\/schema.org","@graph":[{"@type":"WebPage","@id":"https:\/\/itsasmuseoa.eus\/eu\/jarduerak\/gure-argitalpenak\/revue-ciaboga\/ciaboga-9-zk\/","url":"https:\/\/itsasmuseoa.eus\/eu\/jarduerak\/gure-argitalpenak\/revue-ciaboga\/ciaboga-9-zk\/","name":"Ciaboga, 9. zk. - Euskal Itsas Museoa","isPartOf":{"@id":"https:\/\/itsasmuseoa.eus\/eu\/#website"},"primaryImageOfPage":{"@id":"https:\/\/itsasmuseoa.eus\/eu\/jarduerak\/gure-argitalpenak\/revue-ciaboga\/ciaboga-9-zk\/#primaryimage"},"image":{"@id":"https:\/\/itsasmuseoa.eus\/eu\/jarduerak\/gure-argitalpenak\/revue-ciaboga\/ciaboga-9-zk\/#primaryimage"},"thumbnailUrl":"https:\/\/itsasmuseoa.eus\/wp-content\/uploads\/2025\/08\/ciaboga-mende-bat-estropadetan.jpg","datePublished":"2025-08-27T19:12:51+00:00","dateModified":"2025-09-12T13:07:41+00:00","breadcrumb":{"@id":"https:\/\/itsasmuseoa.eus\/eu\/jarduerak\/gure-argitalpenak\/revue-ciaboga\/ciaboga-9-zk\/#breadcrumb"},"inLanguage":"eu-ES","potentialAction":[{"@type":"ReadAction","target":["https:\/\/itsasmuseoa.eus\/eu\/jarduerak\/gure-argitalpenak\/revue-ciaboga\/ciaboga-9-zk\/"]}]},{"@type":"ImageObject","inLanguage":"eu-ES","@id":"https:\/\/itsasmuseoa.eus\/eu\/jarduerak\/gure-argitalpenak\/revue-ciaboga\/ciaboga-9-zk\/#primaryimage","url":"https:\/\/itsasmuseoa.eus\/wp-content\/uploads\/2025\/08\/ciaboga-mende-bat-estropadetan.jpg","contentUrl":"https:\/\/itsasmuseoa.eus\/wp-content\/uploads\/2025\/08\/ciaboga-mende-bat-estropadetan.jpg","width":585,"height":828},{"@type":"BreadcrumbList","@id":"https:\/\/itsasmuseoa.eus\/eu\/jarduerak\/gure-argitalpenak\/revue-ciaboga\/ciaboga-9-zk\/#breadcrumb","itemListElement":[{"@type":"ListItem","position":1,"name":"Inicio","item":"https:\/\/itsasmuseoa.eus\/eu\/"},{"@type":"ListItem","position":2,"name":"Jarduerak","item":"https:\/\/itsasmuseoa.eus\/eu\/actividades\/"},{"@type":"ListItem","position":3,"name":"Gure argitalpenak","item":"https:\/\/itsasmuseoa.eus\/eu\/actividades\/nuestras-publicaciones\/"},{"@type":"ListItem","position":4,"name":"Ciaboga Aldizkaria","item":"https:\/\/itsasmuseoa.eus\/eu\/actividades\/nuestras-publicaciones\/revista-ciaboga\/"},{"@type":"ListItem","position":5,"name":"Ciaboga, 9. zk."}]},{"@type":"WebSite","@id":"https:\/\/itsasmuseoa.eus\/eu\/#website","url":"https:\/\/itsasmuseoa.eus\/eu\/","name":"Euskal Itsas Museoa","description":"Museo Mar\u00edtimo Vasco","potentialAction":[{"@type":"SearchAction","target":{"@type":"EntryPoint","urlTemplate":"https:\/\/itsasmuseoa.eus\/eu\/?s={search_term_string}"},"query-input":{"@type":"PropertyValueSpecification","valueRequired":true,"valueName":"search_term_string"}}],"inLanguage":"eu-ES"}]}},"_links":{"self":[{"href":"https:\/\/itsasmuseoa.eus\/eu\/wp-json\/wp\/v2\/pages\/20296","targetHints":{"allow":["GET"]}}],"collection":[{"href":"https:\/\/itsasmuseoa.eus\/eu\/wp-json\/wp\/v2\/pages"}],"about":[{"href":"https:\/\/itsasmuseoa.eus\/eu\/wp-json\/wp\/v2\/types\/page"}],"author":[{"embeddable":true,"href":"https:\/\/itsasmuseoa.eus\/eu\/wp-json\/wp\/v2\/users\/1"}],"replies":[{"embeddable":true,"href":"https:\/\/itsasmuseoa.eus\/eu\/wp-json\/wp\/v2\/comments?post=20296"}],"version-history":[{"count":1,"href":"https:\/\/itsasmuseoa.eus\/eu\/wp-json\/wp\/v2\/pages\/20296\/revisions"}],"predecessor-version":[{"id":20297,"href":"https:\/\/itsasmuseoa.eus\/eu\/wp-json\/wp\/v2\/pages\/20296\/revisions\/20297"}],"up":[{"embeddable":true,"href":"https:\/\/itsasmuseoa.eus\/eu\/wp-json\/wp\/v2\/pages\/7108"}],"wp:featuredmedia":[{"embeddable":true,"href":"https:\/\/itsasmuseoa.eus\/eu\/wp-json\/wp\/v2\/media\/20289"}],"wp:attachment":[{"href":"https:\/\/itsasmuseoa.eus\/eu\/wp-json\/wp\/v2\/media?parent=20296"}],"wp:term":[{"taxonomy":"category","embeddable":true,"href":"https:\/\/itsasmuseoa.eus\/eu\/wp-json\/wp\/v2\/categories?post=20296"},{"taxonomy":"post_tag","embeddable":true,"href":"https:\/\/itsasmuseoa.eus\/eu\/wp-json\/wp\/v2\/tags?post=20296"}],"curies":[{"name":"wp","href":"https:\/\/api.w.org\/{rel}","templated":true}]}}