{"id":20899,"date":"2025-12-05T12:42:33","date_gmt":"2025-12-05T11:42:33","guid":{"rendered":"https:\/\/itsasmuseoa.eus\/elkano-urdaneta-ozeanoen-aurkikuntza-erakusketa-inauguratu-dugu\/"},"modified":"2025-12-05T12:50:15","modified_gmt":"2025-12-05T11:50:15","slug":"elkano-urdaneta-ozeanoen-aurkikuntza-erakusketa-inauguratu-dugu","status":"publish","type":"page","link":"https:\/\/itsasmuseoa.eus\/eu\/elkano-urdaneta-ozeanoen-aurkikuntza-erakusketa-inauguratu-dugu\/","title":{"rendered":"Elkano-Urdaneta: ozeanoen aurkikuntza erakusketa inauguratu dugu"},"content":{"rendered":"\n\n\t<nav id=\"breadcrumbs\" aria-label=\"Breadcrumbs\"><a href=\"https:\/\/itsasmuseoa.eus\/eu\/\">Inicio<\/a> <img decoding=\"async\" src=\"https:\/\/itsasmuseoa.eus\/flecha-breadcrumbs\/\" alt=\"icono flecha\" \/> Inauguramos la exposici\u00f3n Elkano-Urdaneta: el descubrimiento de los oc\u00e9anos<\/nav>\n\t\t<h2>\n\t\t\tActualidad\n\t\t<\/h2>\n\n\n\t<p>El pasado 4 de diciembre inauguramos la nueva exposici\u00f3n temporal <i>Elkano-Urdaneta: El descubrimiento de los oc\u00e9naos<\/i><\/p>\n\t<p><b>El segundo viaje desconocido de Elkano<\/b><\/p>\n<p>La exposici\u00f3n presenta la expedici\u00f3n que parti\u00f3 de A Coru\u00f1a en 1525 bajo el mando de Garc\u00eda Jofr\u00e9 de Loaisa, con Juan Sebasti\u00e1n Elcano como piloto mayor. El Museo del Puerto muestra el minucioso trabajo de preparaci\u00f3n realizado por Elcano para esta segunda traves\u00eda, que finalmente tuvo un desenlace tr\u00e1gico.<\/p>\n<p>El Museo Mar\u00edtimo Vasco aborda el viaje desde una nueva perspectiva centrada en Andr\u00e9s de Urdaneta, disc\u00edpulo de Elcano y figura esencial en la resoluci\u00f3n del gran reto n\u00e1utico del siglo XVI: el Tornaviaje. Su llegada a las Molucas y sus casi nueve a\u00f1os en Indonesia le permitieron aprender de los navegantes locales y unir los saberes n\u00e1uticos de Oriente y Occidente.<\/p>\n<p>El director cient\u00edfico del Museo Mar\u00edtimo Vasco Xabier Alberdi destaca que &#8220;Despu\u00e9s de la Primera Vuelta al Mundo, el segundo viaje de Elkano fue, de hecho, el segundo cap\u00edtulo del proceso de descubrimiento de los oc\u00e9anos, es decir, de la navegaci\u00f3n oce\u00e1nica global y sin limites materializado por su pupilo Andr\u00e9s de Urdaneta y que constituye, sin duda, la mayor aportaci\u00f3n realizada por el Pa\u00eds Vasco a la historia de la Humanidad.&#8221;<\/p>\n<p>\u00a0La Casa Torre del puerto donostiarra exhibe maquetas, pinturas y documentos que relatan aquel viaje, en una muestra de unas 30 piezas procedentes de Gordailua, Legazpi Dorretxea, el Santuario de Arantzazu, el San Telmo Museoa y el Ayuntamiento de Ordizia.<\/p>\n\t\t\t\t<a href=\"https:\/\/itsasmuseoa.eus\/wp-content\/uploads\/2025\/12\/1800x1200_WEB-BANNER.pdf-64.jpg\"  target=\"_self\" itemprop=\"url\">\n\t\t\t\t<img decoding=\"async\" src=\"https:\/\/itsasmuseoa.eus\/wp-content\/uploads\/2025\/12\/1800x1200_WEB-BANNER.pdf-64.jpg\" alt=\"1800x1200_WEB BANNER.pdf (64)\" itemprop=\"image\" height=\"1600\" width=\"2400\" title=\"1800x1200_WEB BANNER.pdf (64)\" onerror=\"this.style.display='none'\" loading=\"lazy\" \/>\n\t\t\t\t<\/a>\n\t<a href=\"#\" id=\"trigger-\" role=\"button\" data-modal=\"\" data-node=\"\">\n\t\t\t\t\t\t\tAMPLIAR FOTO\n\t\t\t\t\t\t\t\t\t\t\t\t<\/a>\n\t\t\t\t\t\tPreview\n\t\t\tmodal-\n\t\t\t\t\t\t<img decoding=\"async\" src=\"\" alt=\"\" \/>\t\t\t\t\t\n\t\t\t\t<img decoding=\"async\" src=\"https:\/\/itsasmuseoa.eus\/wp-content\/uploads\/2025\/12\/WhatsApp-Image-2025-12-05-at-09.40.51-1.jpeg\" alt=\"WhatsApp Image 2025-12-05 at 09.40.51 (1)\" itemprop=\"image\" height=\"1600\" width=\"1200\" title=\"WhatsApp Image 2025-12-05 at 09.40.51 (1)\" onerror=\"this.style.display='none'\" loading=\"lazy\" \/>\n\n","protected":false},"excerpt":{"rendered":"<p>Elkano-Urdaneta: ozeanoen aurkikuntza erakusketa inauguratu da. Elkanoren bigarren bidaiaren abentura handia kontatzen duena.  <\/p>\n","protected":false},"author":4,"featured_media":20901,"parent":0,"menu_order":0,"comment_status":"closed","ping_status":"closed","template":"","meta":{"_acf_changed":false,"footnotes":""},"categories":[230,218],"tags":[591],"class_list":["post-20899","page","type-page","status-publish","has-post-thumbnail","hentry","category-aurkezpenak","category-berriak","tag-artikulua-eu"],"acf":[],"yoast_head":"<!-- This site is optimized with the Yoast SEO plugin v27.3 - https:\/\/yoast.com\/product\/yoast-seo-wordpress\/ -->\n<title>Elkano-Urdaneta: ozeanoen aurkikuntza erakusketa inauguratu dugu - Euskal Itsas Museoa<\/title>\n<meta name=\"robots\" content=\"index, follow, max-snippet:-1, max-image-preview:large, max-video-preview:-1\" \/>\n<link rel=\"canonical\" href=\"https:\/\/itsasmuseoa.eus\/eu\/elkano-urdaneta-ozeanoen-aurkikuntza-erakusketa-inauguratu-dugu\/\" \/>\n<meta property=\"og:locale\" content=\"eu_ES\" \/>\n<meta property=\"og:type\" content=\"article\" \/>\n<meta property=\"og:title\" content=\"Elkano-Urdaneta: ozeanoen aurkikuntza erakusketa inauguratu dugu - Euskal Itsas Museoa\" \/>\n<meta property=\"og:description\" content=\"Elkano-Urdaneta: ozeanoen aurkikuntza erakusketa inauguratu da. Elkanoren bigarren bidaiaren abentura handia kontatzen duena.\" \/>\n<meta property=\"og:url\" content=\"https:\/\/itsasmuseoa.eus\/eu\/elkano-urdaneta-ozeanoen-aurkikuntza-erakusketa-inauguratu-dugu\/\" \/>\n<meta property=\"og:site_name\" content=\"Euskal Itsas Museoa\" \/>\n<meta property=\"article:modified_time\" content=\"2025-12-05T11:50:15+00:00\" \/>\n<meta property=\"og:image\" content=\"https:\/\/itsasmuseoa.eus\/wp-content\/uploads\/2025\/12\/actualidad-banner.png\" \/>\n\t<meta property=\"og:image:width\" content=\"1024\" \/>\n\t<meta property=\"og:image:height\" content=\"683\" \/>\n\t<meta property=\"og:image:type\" content=\"image\/png\" \/>\n<meta name=\"twitter:card\" content=\"summary_large_image\" \/>\n<meta name=\"twitter:label1\" content=\"Est. reading time\" \/>\n\t<meta name=\"twitter:data1\" content=\"2 minutes\" \/>\n<script type=\"application\/ld+json\" class=\"yoast-schema-graph\">{\"@context\":\"https:\\\/\\\/schema.org\",\"@graph\":[{\"@type\":\"WebPage\",\"@id\":\"https:\\\/\\\/itsasmuseoa.eus\\\/eu\\\/elkano-urdaneta-ozeanoen-aurkikuntza-erakusketa-inauguratu-dugu\\\/\",\"url\":\"https:\\\/\\\/itsasmuseoa.eus\\\/eu\\\/elkano-urdaneta-ozeanoen-aurkikuntza-erakusketa-inauguratu-dugu\\\/\",\"name\":\"Elkano-Urdaneta: ozeanoen aurkikuntza erakusketa inauguratu dugu - Euskal Itsas Museoa\",\"isPartOf\":{\"@id\":\"https:\\\/\\\/itsasmuseoa.eus\\\/eu\\\/#website\"},\"primaryImageOfPage\":{\"@id\":\"https:\\\/\\\/itsasmuseoa.eus\\\/eu\\\/elkano-urdaneta-ozeanoen-aurkikuntza-erakusketa-inauguratu-dugu\\\/#primaryimage\"},\"image\":{\"@id\":\"https:\\\/\\\/itsasmuseoa.eus\\\/eu\\\/elkano-urdaneta-ozeanoen-aurkikuntza-erakusketa-inauguratu-dugu\\\/#primaryimage\"},\"thumbnailUrl\":\"https:\\\/\\\/itsasmuseoa.eus\\\/wp-content\\\/uploads\\\/2025\\\/12\\\/actualidad-banner.png\",\"datePublished\":\"2025-12-05T11:42:33+00:00\",\"dateModified\":\"2025-12-05T11:50:15+00:00\",\"breadcrumb\":{\"@id\":\"https:\\\/\\\/itsasmuseoa.eus\\\/eu\\\/elkano-urdaneta-ozeanoen-aurkikuntza-erakusketa-inauguratu-dugu\\\/#breadcrumb\"},\"inLanguage\":\"eu-ES\",\"potentialAction\":[{\"@type\":\"ReadAction\",\"target\":[\"https:\\\/\\\/itsasmuseoa.eus\\\/eu\\\/elkano-urdaneta-ozeanoen-aurkikuntza-erakusketa-inauguratu-dugu\\\/\"]}]},{\"@type\":\"ImageObject\",\"inLanguage\":\"eu-ES\",\"@id\":\"https:\\\/\\\/itsasmuseoa.eus\\\/eu\\\/elkano-urdaneta-ozeanoen-aurkikuntza-erakusketa-inauguratu-dugu\\\/#primaryimage\",\"url\":\"https:\\\/\\\/itsasmuseoa.eus\\\/wp-content\\\/uploads\\\/2025\\\/12\\\/actualidad-banner.png\",\"contentUrl\":\"https:\\\/\\\/itsasmuseoa.eus\\\/wp-content\\\/uploads\\\/2025\\\/12\\\/actualidad-banner.png\",\"width\":1024,\"height\":683},{\"@type\":\"BreadcrumbList\",\"@id\":\"https:\\\/\\\/itsasmuseoa.eus\\\/eu\\\/elkano-urdaneta-ozeanoen-aurkikuntza-erakusketa-inauguratu-dugu\\\/#breadcrumb\",\"itemListElement\":[{\"@type\":\"ListItem\",\"position\":1,\"name\":\"Inicio\",\"item\":\"https:\\\/\\\/itsasmuseoa.eus\\\/eu\\\/\"},{\"@type\":\"ListItem\",\"position\":2,\"name\":\"Elkano-Urdaneta: ozeanoen aurkikuntza erakusketa inauguratu dugu\"}]},{\"@type\":\"WebSite\",\"@id\":\"https:\\\/\\\/itsasmuseoa.eus\\\/eu\\\/#website\",\"url\":\"https:\\\/\\\/itsasmuseoa.eus\\\/eu\\\/\",\"name\":\"Euskal Itsas Museoa\",\"description\":\"Museo Mar\u00edtimo Vasco\",\"potentialAction\":[{\"@type\":\"SearchAction\",\"target\":{\"@type\":\"EntryPoint\",\"urlTemplate\":\"https:\\\/\\\/itsasmuseoa.eus\\\/eu\\\/?s={search_term_string}\"},\"query-input\":{\"@type\":\"PropertyValueSpecification\",\"valueRequired\":true,\"valueName\":\"search_term_string\"}}],\"inLanguage\":\"eu-ES\"}]}<\/script>\n<!-- \/ Yoast SEO plugin. -->","yoast_head_json":{"title":"Elkano-Urdaneta: ozeanoen aurkikuntza erakusketa inauguratu dugu - Euskal Itsas Museoa","robots":{"index":"index","follow":"follow","max-snippet":"max-snippet:-1","max-image-preview":"max-image-preview:large","max-video-preview":"max-video-preview:-1"},"canonical":"https:\/\/itsasmuseoa.eus\/eu\/elkano-urdaneta-ozeanoen-aurkikuntza-erakusketa-inauguratu-dugu\/","og_locale":"eu_ES","og_type":"article","og_title":"Elkano-Urdaneta: ozeanoen aurkikuntza erakusketa inauguratu dugu - Euskal Itsas Museoa","og_description":"Elkano-Urdaneta: ozeanoen aurkikuntza erakusketa inauguratu da. Elkanoren bigarren bidaiaren abentura handia kontatzen duena.","og_url":"https:\/\/itsasmuseoa.eus\/eu\/elkano-urdaneta-ozeanoen-aurkikuntza-erakusketa-inauguratu-dugu\/","og_site_name":"Euskal Itsas Museoa","article_modified_time":"2025-12-05T11:50:15+00:00","og_image":[{"width":1024,"height":683,"url":"https:\/\/itsasmuseoa.eus\/wp-content\/uploads\/2025\/12\/actualidad-banner.png","type":"image\/png"}],"twitter_card":"summary_large_image","twitter_misc":{"Est. reading time":"2 minutes"},"schema":{"@context":"https:\/\/schema.org","@graph":[{"@type":"WebPage","@id":"https:\/\/itsasmuseoa.eus\/eu\/elkano-urdaneta-ozeanoen-aurkikuntza-erakusketa-inauguratu-dugu\/","url":"https:\/\/itsasmuseoa.eus\/eu\/elkano-urdaneta-ozeanoen-aurkikuntza-erakusketa-inauguratu-dugu\/","name":"Elkano-Urdaneta: ozeanoen aurkikuntza erakusketa inauguratu dugu - Euskal Itsas Museoa","isPartOf":{"@id":"https:\/\/itsasmuseoa.eus\/eu\/#website"},"primaryImageOfPage":{"@id":"https:\/\/itsasmuseoa.eus\/eu\/elkano-urdaneta-ozeanoen-aurkikuntza-erakusketa-inauguratu-dugu\/#primaryimage"},"image":{"@id":"https:\/\/itsasmuseoa.eus\/eu\/elkano-urdaneta-ozeanoen-aurkikuntza-erakusketa-inauguratu-dugu\/#primaryimage"},"thumbnailUrl":"https:\/\/itsasmuseoa.eus\/wp-content\/uploads\/2025\/12\/actualidad-banner.png","datePublished":"2025-12-05T11:42:33+00:00","dateModified":"2025-12-05T11:50:15+00:00","breadcrumb":{"@id":"https:\/\/itsasmuseoa.eus\/eu\/elkano-urdaneta-ozeanoen-aurkikuntza-erakusketa-inauguratu-dugu\/#breadcrumb"},"inLanguage":"eu-ES","potentialAction":[{"@type":"ReadAction","target":["https:\/\/itsasmuseoa.eus\/eu\/elkano-urdaneta-ozeanoen-aurkikuntza-erakusketa-inauguratu-dugu\/"]}]},{"@type":"ImageObject","inLanguage":"eu-ES","@id":"https:\/\/itsasmuseoa.eus\/eu\/elkano-urdaneta-ozeanoen-aurkikuntza-erakusketa-inauguratu-dugu\/#primaryimage","url":"https:\/\/itsasmuseoa.eus\/wp-content\/uploads\/2025\/12\/actualidad-banner.png","contentUrl":"https:\/\/itsasmuseoa.eus\/wp-content\/uploads\/2025\/12\/actualidad-banner.png","width":1024,"height":683},{"@type":"BreadcrumbList","@id":"https:\/\/itsasmuseoa.eus\/eu\/elkano-urdaneta-ozeanoen-aurkikuntza-erakusketa-inauguratu-dugu\/#breadcrumb","itemListElement":[{"@type":"ListItem","position":1,"name":"Inicio","item":"https:\/\/itsasmuseoa.eus\/eu\/"},{"@type":"ListItem","position":2,"name":"Elkano-Urdaneta: ozeanoen aurkikuntza erakusketa inauguratu dugu"}]},{"@type":"WebSite","@id":"https:\/\/itsasmuseoa.eus\/eu\/#website","url":"https:\/\/itsasmuseoa.eus\/eu\/","name":"Euskal Itsas Museoa","description":"Museo Mar\u00edtimo Vasco","potentialAction":[{"@type":"SearchAction","target":{"@type":"EntryPoint","urlTemplate":"https:\/\/itsasmuseoa.eus\/eu\/?s={search_term_string}"},"query-input":{"@type":"PropertyValueSpecification","valueRequired":true,"valueName":"search_term_string"}}],"inLanguage":"eu-ES"}]}},"_links":{"self":[{"href":"https:\/\/itsasmuseoa.eus\/eu\/wp-json\/wp\/v2\/pages\/20899","targetHints":{"allow":["GET"]}}],"collection":[{"href":"https:\/\/itsasmuseoa.eus\/eu\/wp-json\/wp\/v2\/pages"}],"about":[{"href":"https:\/\/itsasmuseoa.eus\/eu\/wp-json\/wp\/v2\/types\/page"}],"author":[{"embeddable":true,"href":"https:\/\/itsasmuseoa.eus\/eu\/wp-json\/wp\/v2\/users\/4"}],"replies":[{"embeddable":true,"href":"https:\/\/itsasmuseoa.eus\/eu\/wp-json\/wp\/v2\/comments?post=20899"}],"version-history":[{"count":1,"href":"https:\/\/itsasmuseoa.eus\/eu\/wp-json\/wp\/v2\/pages\/20899\/revisions"}],"predecessor-version":[{"id":20904,"href":"https:\/\/itsasmuseoa.eus\/eu\/wp-json\/wp\/v2\/pages\/20899\/revisions\/20904"}],"wp:featuredmedia":[{"embeddable":true,"href":"https:\/\/itsasmuseoa.eus\/eu\/wp-json\/wp\/v2\/media\/20901"}],"wp:attachment":[{"href":"https:\/\/itsasmuseoa.eus\/eu\/wp-json\/wp\/v2\/media?parent=20899"}],"wp:term":[{"taxonomy":"category","embeddable":true,"href":"https:\/\/itsasmuseoa.eus\/eu\/wp-json\/wp\/v2\/categories?post=20899"},{"taxonomy":"post_tag","embeddable":true,"href":"https:\/\/itsasmuseoa.eus\/eu\/wp-json\/wp\/v2\/tags?post=20899"}],"curies":[{"name":"wp","href":"https:\/\/api.w.org\/{rel}","templated":true}]}}