{"id":21090,"date":"2026-01-22T13:30:44","date_gmt":"2026-01-22T12:30:44","guid":{"rendered":"https:\/\/itsasmuseoa.eus\/?page_id=21090"},"modified":"2026-01-27T10:10:28","modified_gmt":"2026-01-27T09:10:28","slug":"komisarioarekin-bisita","status":"publish","type":"page","link":"https:\/\/itsasmuseoa.eus\/eu\/jarduerak\/agenda\/komisarioarekin-bisita\/","title":{"rendered":"Komisarioarekin bisita"},"content":{"rendered":"\n\n\t<nav id=\"breadcrumbs\" aria-label=\"Breadcrumbs\"><a href=\"https:\/\/itsasmuseoa.eus\/\">Inicio<\/a> <img decoding=\"async\" src=\"https:\/\/itsasmuseoa.eus\/flecha-breadcrumbs\/\" alt=\"icono flecha\" \/> Actividades <img decoding=\"async\" src=\"https:\/\/itsasmuseoa.eus\/flecha-breadcrumbs\/\" alt=\"icono flecha\" \/> <a href=\"https:\/\/itsasmuseoa.eus\/actividades\/agenda\/\">Agenda<\/a> <img decoding=\"async\" src=\"https:\/\/itsasmuseoa.eus\/flecha-breadcrumbs\/\" alt=\"icono flecha\" \/> Visita con el comisario<\/nav>\n\t\t<h1>\n\t\t\tVisita\n\t\t<\/h1>\n<h2>\n\t\t\tVisita guiada\t<\/h2>\n<h3>\n\t\t\tVisita con el comisario\t<\/h3>\n\t\t\n\t\t\t<p>Daremos comienzo a la programaci\u00f3n de este a\u00f1o con una visita con el comisario. El director del Museo Xabier Alberdi ofrecer\u00e1 una visita a la nueva muestra: &#8220;Elkano-Urdaneta: el descubrimiento de los oc\u00e9anos&#8221;. El director cient\u00edfico del Museo Mar\u00edtimo Vasco Xabier Alberdi destaca que &#8220;Despu\u00e9s de la Primera Vuelta al Mundo, el segundo viaje de Elkano fue, de hecho, el segundo cap\u00edtulo del proceso de descubrimiento de los oc\u00e9anos, es decir, de la navegaci\u00f3n oce\u00e1nica global y sin limites materializado por su pupilo Andr\u00e9s de Urdaneta y que constituye, sin duda, la mayor aportaci\u00f3n realizada por el Pa\u00eds Vasco a la historia de la Humanidad.&#8221;<\/p>\t\t\n\t\t\t\t<a href=\"https:\/\/itsasmuseoa.eus\/wp-content\/uploads\/2025\/09\/xabi-bisita.jpg\"  target=\"_self\" itemprop=\"url\">\n\t\t\t\t<img decoding=\"async\" src=\"https:\/\/itsasmuseoa.eus\/wp-content\/uploads\/2025\/09\/xabi-bisita.jpg\" alt=\"xabi bisita\" itemprop=\"image\" height=\"1600\" width=\"2400\" title=\"xabi bisita\" onerror=\"this.style.display='none'\" loading=\"lazy\" \/>\n\t\t\t\t<\/a>\n\t<a href=\"#\" id=\"trigger-\" role=\"button\" data-modal=\"\" data-node=\"\">\n\t\t\t\t\t\t\tEXTENDER FOTO\n\t\t\t\t\t\t\t\t\t\t\t\t<\/a>\n\t\t\t\t\t\tPreview\n\t\t\tmodal-\n\t\t\t\t\t\t<img decoding=\"async\" src=\"\" alt=\"\" \/>\t\t\t\t\t\n\t\t\t\t\t\t\t<img decoding=\"async\" src=\"https:\/\/itsasmuseoa.eus\/wp-content\/uploads\/\/icono-calendario.svg\" alt=\"icono de calendario\" width=\"34\" height=\"40\" \/>\n\t\t\t\t\t\t\t\t\t\t\t\n\t\t\t\t\t<p><b>29 de enero \/ 19:00<\/b><\/p>\t\t\t\t\n\t\t\t\t\t\t\t<img decoding=\"async\" src=\"https:\/\/itsasmuseoa.eus\/wp-content\/uploads\/\/icono-ticket.svg\" alt=\"icono de ticket\" width=\"39\" height=\"28\" \/>\n\t\t\t\t\t\t\t\t\t\t\t\n\t\t\t\t\t<p>3\u20ac\u00a0<\/p>\t\t\t\t\n\t\t\t\t\t\t\t<img decoding=\"async\" src=\"https:\/\/itsasmuseoa.eus\/wp-content\/uploads\/\/icono-telefono-dudas.svg\" alt=\"icono de tel\u00e9fono para dudas\" width=\"43\" height=\"43\" \/>\n\t\t\t\t\t\t\t\t\t\t\t\n\t\t\t\t\t<p>M\u00e1s informaci\u00f3n:<a href=\"tel:9430051\">943 43 00 51<\/a><\/p>\t\t\t\t\n\t\t\t<a href=\"https:\/\/forms.gle\/gfQzKZrSTA9U9mfc6\" target=\"_self\">\n\t\t\t\t\t\tHaz tu reserva\n\t\t\t\t\t<\/a>\n\n","protected":false},"excerpt":{"rendered":"<p>Bisita <\/p>\n","protected":false},"author":4,"featured_media":20891,"parent":5408,"menu_order":0,"comment_status":"closed","ping_status":"closed","template":"","meta":{"_acf_changed":false,"footnotes":""},"categories":[172,167,173],"tags":[432],"class_list":["post-21090","page","type-page","status-publish","has-post-thumbnail","hentry","category-agenda-eu","category-jarduerak","category-nabarmenak","tag-bisita-gidatua"],"acf":{"hora":"Hour: 19:00","lugar":"Lekua: Euskal Itsas Museoa","precio-actividad":"Prezioa: 3\u20ac","enlace_boton_reserva":"https:\/\/docs.google.com\/forms\/d\/e\/1FAIpQLSdH27Wejax4882stSVkbMjs-cR6KWfddQ_s6fKhT1dtcPzNxQ\/viewform?usp=header","video":"https:\/\/www.youtube.com\/watch?v=tCQwPZpamPY","fecha_actividad":"Urtarrilak 29"},"yoast_head":"<!-- This site is optimized with the Yoast SEO plugin v27.3 - https:\/\/yoast.com\/product\/yoast-seo-wordpress\/ -->\n<title>Komisarioarekin bisita - Euskal Itsas Museoa<\/title>\n<meta name=\"robots\" content=\"index, follow, max-snippet:-1, max-image-preview:large, max-video-preview:-1\" \/>\n<link rel=\"canonical\" href=\"https:\/\/itsasmuseoa.eus\/eu\/jarduerak\/agenda\/komisarioarekin-bisita\/\" \/>\n<meta property=\"og:locale\" content=\"eu_ES\" \/>\n<meta property=\"og:type\" content=\"article\" \/>\n<meta property=\"og:title\" content=\"Komisarioarekin bisita - Euskal Itsas Museoa\" \/>\n<meta property=\"og:description\" content=\"Bisita\" \/>\n<meta property=\"og:url\" content=\"https:\/\/itsasmuseoa.eus\/eu\/jarduerak\/agenda\/komisarioarekin-bisita\/\" \/>\n<meta property=\"og:site_name\" content=\"Euskal Itsas Museoa\" \/>\n<meta property=\"article:modified_time\" content=\"2026-01-27T09:10:28+00:00\" \/>\n<meta property=\"og:image\" content=\"https:\/\/itsasmuseoa.eus\/wp-content\/uploads\/2025\/12\/1800x1200_WEB-BANNER.pdf-64.jpg\" \/>\n\t<meta property=\"og:image:width\" content=\"2400\" \/>\n\t<meta property=\"og:image:height\" content=\"1600\" \/>\n\t<meta property=\"og:image:type\" content=\"image\/jpeg\" \/>\n<meta name=\"twitter:card\" content=\"summary_large_image\" \/>\n<meta name=\"twitter:label1\" content=\"Est. reading time\" \/>\n\t<meta name=\"twitter:data1\" content=\"2 minutes\" \/>\n<script type=\"application\/ld+json\" class=\"yoast-schema-graph\">{\"@context\":\"https:\\\/\\\/schema.org\",\"@graph\":[{\"@type\":\"WebPage\",\"@id\":\"https:\\\/\\\/itsasmuseoa.eus\\\/eu\\\/jarduerak\\\/agenda\\\/komisarioarekin-bisita\\\/\",\"url\":\"https:\\\/\\\/itsasmuseoa.eus\\\/eu\\\/jarduerak\\\/agenda\\\/komisarioarekin-bisita\\\/\",\"name\":\"Komisarioarekin bisita - Euskal Itsas Museoa\",\"isPartOf\":{\"@id\":\"https:\\\/\\\/itsasmuseoa.eus\\\/eu\\\/#website\"},\"primaryImageOfPage\":{\"@id\":\"https:\\\/\\\/itsasmuseoa.eus\\\/eu\\\/jarduerak\\\/agenda\\\/komisarioarekin-bisita\\\/#primaryimage\"},\"image\":{\"@id\":\"https:\\\/\\\/itsasmuseoa.eus\\\/eu\\\/jarduerak\\\/agenda\\\/komisarioarekin-bisita\\\/#primaryimage\"},\"thumbnailUrl\":\"https:\\\/\\\/itsasmuseoa.eus\\\/wp-content\\\/uploads\\\/2025\\\/12\\\/1800x1200_WEB-BANNER.pdf-64.jpg\",\"datePublished\":\"2026-01-22T12:30:44+00:00\",\"dateModified\":\"2026-01-27T09:10:28+00:00\",\"breadcrumb\":{\"@id\":\"https:\\\/\\\/itsasmuseoa.eus\\\/eu\\\/jarduerak\\\/agenda\\\/komisarioarekin-bisita\\\/#breadcrumb\"},\"inLanguage\":\"eu-ES\",\"potentialAction\":[{\"@type\":\"ReadAction\",\"target\":[\"https:\\\/\\\/itsasmuseoa.eus\\\/eu\\\/jarduerak\\\/agenda\\\/komisarioarekin-bisita\\\/\"]}]},{\"@type\":\"ImageObject\",\"inLanguage\":\"eu-ES\",\"@id\":\"https:\\\/\\\/itsasmuseoa.eus\\\/eu\\\/jarduerak\\\/agenda\\\/komisarioarekin-bisita\\\/#primaryimage\",\"url\":\"https:\\\/\\\/itsasmuseoa.eus\\\/wp-content\\\/uploads\\\/2025\\\/12\\\/1800x1200_WEB-BANNER.pdf-64.jpg\",\"contentUrl\":\"https:\\\/\\\/itsasmuseoa.eus\\\/wp-content\\\/uploads\\\/2025\\\/12\\\/1800x1200_WEB-BANNER.pdf-64.jpg\",\"width\":2400,\"height\":1600},{\"@type\":\"BreadcrumbList\",\"@id\":\"https:\\\/\\\/itsasmuseoa.eus\\\/eu\\\/jarduerak\\\/agenda\\\/komisarioarekin-bisita\\\/#breadcrumb\",\"itemListElement\":[{\"@type\":\"ListItem\",\"position\":1,\"name\":\"Inicio\",\"item\":\"https:\\\/\\\/itsasmuseoa.eus\\\/eu\\\/\"},{\"@type\":\"ListItem\",\"position\":2,\"name\":\"Jarduerak\",\"item\":\"https:\\\/\\\/itsasmuseoa.eus\\\/eu\\\/actividades\\\/\"},{\"@type\":\"ListItem\",\"position\":3,\"name\":\"Agenda\",\"item\":\"https:\\\/\\\/itsasmuseoa.eus\\\/eu\\\/jarduerak\\\/agenda\\\/\"},{\"@type\":\"ListItem\",\"position\":4,\"name\":\"Komisarioarekin bisita\"}]},{\"@type\":\"WebSite\",\"@id\":\"https:\\\/\\\/itsasmuseoa.eus\\\/eu\\\/#website\",\"url\":\"https:\\\/\\\/itsasmuseoa.eus\\\/eu\\\/\",\"name\":\"Euskal Itsas Museoa\",\"description\":\"Museo Mar\u00edtimo Vasco\",\"potentialAction\":[{\"@type\":\"SearchAction\",\"target\":{\"@type\":\"EntryPoint\",\"urlTemplate\":\"https:\\\/\\\/itsasmuseoa.eus\\\/eu\\\/?s={search_term_string}\"},\"query-input\":{\"@type\":\"PropertyValueSpecification\",\"valueRequired\":true,\"valueName\":\"search_term_string\"}}],\"inLanguage\":\"eu-ES\"}]}<\/script>\n<!-- \/ Yoast SEO plugin. -->","yoast_head_json":{"title":"Komisarioarekin bisita - Euskal Itsas Museoa","robots":{"index":"index","follow":"follow","max-snippet":"max-snippet:-1","max-image-preview":"max-image-preview:large","max-video-preview":"max-video-preview:-1"},"canonical":"https:\/\/itsasmuseoa.eus\/eu\/jarduerak\/agenda\/komisarioarekin-bisita\/","og_locale":"eu_ES","og_type":"article","og_title":"Komisarioarekin bisita - Euskal Itsas Museoa","og_description":"Bisita","og_url":"https:\/\/itsasmuseoa.eus\/eu\/jarduerak\/agenda\/komisarioarekin-bisita\/","og_site_name":"Euskal Itsas Museoa","article_modified_time":"2026-01-27T09:10:28+00:00","og_image":[{"width":2400,"height":1600,"url":"https:\/\/itsasmuseoa.eus\/wp-content\/uploads\/2025\/12\/1800x1200_WEB-BANNER.pdf-64.jpg","type":"image\/jpeg"}],"twitter_card":"summary_large_image","twitter_misc":{"Est. reading time":"2 minutes"},"schema":{"@context":"https:\/\/schema.org","@graph":[{"@type":"WebPage","@id":"https:\/\/itsasmuseoa.eus\/eu\/jarduerak\/agenda\/komisarioarekin-bisita\/","url":"https:\/\/itsasmuseoa.eus\/eu\/jarduerak\/agenda\/komisarioarekin-bisita\/","name":"Komisarioarekin bisita - Euskal Itsas Museoa","isPartOf":{"@id":"https:\/\/itsasmuseoa.eus\/eu\/#website"},"primaryImageOfPage":{"@id":"https:\/\/itsasmuseoa.eus\/eu\/jarduerak\/agenda\/komisarioarekin-bisita\/#primaryimage"},"image":{"@id":"https:\/\/itsasmuseoa.eus\/eu\/jarduerak\/agenda\/komisarioarekin-bisita\/#primaryimage"},"thumbnailUrl":"https:\/\/itsasmuseoa.eus\/wp-content\/uploads\/2025\/12\/1800x1200_WEB-BANNER.pdf-64.jpg","datePublished":"2026-01-22T12:30:44+00:00","dateModified":"2026-01-27T09:10:28+00:00","breadcrumb":{"@id":"https:\/\/itsasmuseoa.eus\/eu\/jarduerak\/agenda\/komisarioarekin-bisita\/#breadcrumb"},"inLanguage":"eu-ES","potentialAction":[{"@type":"ReadAction","target":["https:\/\/itsasmuseoa.eus\/eu\/jarduerak\/agenda\/komisarioarekin-bisita\/"]}]},{"@type":"ImageObject","inLanguage":"eu-ES","@id":"https:\/\/itsasmuseoa.eus\/eu\/jarduerak\/agenda\/komisarioarekin-bisita\/#primaryimage","url":"https:\/\/itsasmuseoa.eus\/wp-content\/uploads\/2025\/12\/1800x1200_WEB-BANNER.pdf-64.jpg","contentUrl":"https:\/\/itsasmuseoa.eus\/wp-content\/uploads\/2025\/12\/1800x1200_WEB-BANNER.pdf-64.jpg","width":2400,"height":1600},{"@type":"BreadcrumbList","@id":"https:\/\/itsasmuseoa.eus\/eu\/jarduerak\/agenda\/komisarioarekin-bisita\/#breadcrumb","itemListElement":[{"@type":"ListItem","position":1,"name":"Inicio","item":"https:\/\/itsasmuseoa.eus\/eu\/"},{"@type":"ListItem","position":2,"name":"Jarduerak","item":"https:\/\/itsasmuseoa.eus\/eu\/actividades\/"},{"@type":"ListItem","position":3,"name":"Agenda","item":"https:\/\/itsasmuseoa.eus\/eu\/jarduerak\/agenda\/"},{"@type":"ListItem","position":4,"name":"Komisarioarekin bisita"}]},{"@type":"WebSite","@id":"https:\/\/itsasmuseoa.eus\/eu\/#website","url":"https:\/\/itsasmuseoa.eus\/eu\/","name":"Euskal Itsas Museoa","description":"Museo Mar\u00edtimo Vasco","potentialAction":[{"@type":"SearchAction","target":{"@type":"EntryPoint","urlTemplate":"https:\/\/itsasmuseoa.eus\/eu\/?s={search_term_string}"},"query-input":{"@type":"PropertyValueSpecification","valueRequired":true,"valueName":"search_term_string"}}],"inLanguage":"eu-ES"}]}},"_links":{"self":[{"href":"https:\/\/itsasmuseoa.eus\/eu\/wp-json\/wp\/v2\/pages\/21090","targetHints":{"allow":["GET"]}}],"collection":[{"href":"https:\/\/itsasmuseoa.eus\/eu\/wp-json\/wp\/v2\/pages"}],"about":[{"href":"https:\/\/itsasmuseoa.eus\/eu\/wp-json\/wp\/v2\/types\/page"}],"author":[{"embeddable":true,"href":"https:\/\/itsasmuseoa.eus\/eu\/wp-json\/wp\/v2\/users\/4"}],"replies":[{"embeddable":true,"href":"https:\/\/itsasmuseoa.eus\/eu\/wp-json\/wp\/v2\/comments?post=21090"}],"version-history":[{"count":4,"href":"https:\/\/itsasmuseoa.eus\/eu\/wp-json\/wp\/v2\/pages\/21090\/revisions"}],"predecessor-version":[{"id":21239,"href":"https:\/\/itsasmuseoa.eus\/eu\/wp-json\/wp\/v2\/pages\/21090\/revisions\/21239"}],"up":[{"embeddable":true,"href":"https:\/\/itsasmuseoa.eus\/eu\/wp-json\/wp\/v2\/pages\/5408"}],"wp:featuredmedia":[{"embeddable":true,"href":"https:\/\/itsasmuseoa.eus\/eu\/wp-json\/wp\/v2\/media\/20891"}],"wp:attachment":[{"href":"https:\/\/itsasmuseoa.eus\/eu\/wp-json\/wp\/v2\/media?parent=21090"}],"wp:term":[{"taxonomy":"category","embeddable":true,"href":"https:\/\/itsasmuseoa.eus\/eu\/wp-json\/wp\/v2\/categories?post=21090"},{"taxonomy":"post_tag","embeddable":true,"href":"https:\/\/itsasmuseoa.eus\/eu\/wp-json\/wp\/v2\/tags?post=21090"}],"curies":[{"name":"wp","href":"https:\/\/api.w.org\/{rel}","templated":true}]}}