{"id":21193,"date":"2026-01-27T11:07:14","date_gmt":"2026-01-27T10:07:14","guid":{"rendered":"https:\/\/itsasmuseoa.eus\/?page_id=21193"},"modified":"2026-01-27T11:07:21","modified_gmt":"2026-01-27T10:07:21","slug":"oihalak-eta-formak-xvi-mendeko-janzkera","status":"publish","type":"page","link":"https:\/\/itsasmuseoa.eus\/eu\/jarduerak\/agenda\/oihalak-eta-formak-xvi-mendeko-janzkera\/","title":{"rendered":"Oihalak eta formak: XVI. mendeko janzkera"},"content":{"rendered":"\n\n\t<nav id=\"breadcrumbs\" aria-label=\"Breadcrumbs\"><a href=\"https:\/\/itsasmuseoa.eus\/eu\/\">Inicio<\/a> <img decoding=\"async\" src=\"https:\/\/itsasmuseoa.eus\/flecha-breadcrumbs\/\" alt=\"icono flecha\" \/> Actividades <img decoding=\"async\" src=\"https:\/\/itsasmuseoa.eus\/flecha-breadcrumbs\/\" alt=\"icono flecha\" \/> <a href=\"https:\/\/itsasmuseoa.eus\/eu\/jarduerak\/agenda\/\">Agenda<\/a> <img decoding=\"async\" src=\"https:\/\/itsasmuseoa.eus\/flecha-breadcrumbs\/\" alt=\"icono flecha\" \/> Entre tejido y formas: la vestimenta en el siglo XVI\u00a0\u00a0<\/nav>\n\t\t<h1>\n\t\t\tCharla-taller\n\t\t<\/h1>\n<h2>\n\t\t\tCharla-taller\t<\/h2>\n<h3>\n\t\t\tEntre tejido y formas: la vestimenta en el siglo XVI  \t<\/h3>\n\t\t\n\t\t\t<p>La vestimenta ha cambiado mucho a lo largo de los siglos, a trav\u00e9s de esta <strong>charla-taller junto con Nerea Torrijos<\/strong> queremos dar a conocer la indumentaria de la \u00e9poca en la que Elkano y Urdaneta descubrieron los oc\u00e9anos.\u00a0Torrijos ofrecer\u00e1 una actividad en la que podremos <strong>descubrir las telas, tocados y trajes que se usaban en \u00e9poca modern<\/strong>a, conociendo as\u00ed c\u00f3mo se vestir\u00edan los protagonistas del segundo viaje de Elcano.\u00a0La <strong>dise\u00f1adora de vestuario de cine Nerea Torrijos<\/strong>, ha trabajado en pel\u00edculas como Akelarre, Gaua, Karmele o Irati y durante su trayectoria ha demostrado gran conocimiento de los ropajes hist\u00f3ricos. Galardonada con un Goya por Akelarre y nominada por Gaua, es una gran experta en indumentaria hist\u00f3rica.\u00a0<\/p>\t\t\n\t\t\t<img decoding=\"async\" loading=\"false\" src=\"https:\/\/itsasmuseoa.eus\/wp-content\/uploads\/2026\/01\/IMG_0979-1.jpeg\" alt=\"\" \/>\t\t\t\n\t\t\t<img decoding=\"async\" loading=\"false\" src=\"https:\/\/itsasmuseoa.eus\/wp-content\/uploads\/2026\/01\/180.jpg\" alt=\"\" \/>\t\t\t\n\t\t\t<img decoding=\"async\" loading=\"false\" src=\"https:\/\/itsasmuseoa.eus\/wp-content\/uploads\/2026\/01\/181.jpg\" alt=\"\" \/>\t\t\t\n\t\t\t\t\t\t\t<img decoding=\"async\" src=\"https:\/\/itsasmuseoa.eus\/wp-content\/uploads\/\/icono-calendario.svg\" alt=\"icono de calendario\" width=\"34\" height=\"40\" \/>\n\t\t\t\t\t\t\t\t\t\t\t\n\t\t\t\t\t<p><b>24 de abril \/ 18:30<\/b><\/p>\t\t\t\t\n\t\t\t\t\t\t\t<img decoding=\"async\" src=\"https:\/\/itsasmuseoa.eus\/wp-content\/uploads\/\/icono-ticket.svg\" alt=\"icono de ticket\" width=\"39\" height=\"28\" \/>\n\t\t\t\t\t\t\t\t\t\t\t\n\t\t\t\t\t<p><b>3\u20ac<\/b><\/p>\t\t\t\t\n\t\t\t\t\t\t\t<img decoding=\"async\" src=\"https:\/\/itsasmuseoa.eus\/wp-content\/uploads\/\/icono-telefono-dudas.svg\" alt=\"icono de tel\u00e9fono para dudas\" width=\"43\" height=\"43\" \/>\n\t\t\t\t\t\t\t\t\t\t\t\n\t\t\t\t\t<p>M\u00e1s informaci\u00f3n:<a href=\"tel:9430051\">943 43 00 51<\/a><\/p>\t\t\t\t\n\t\t\t<a href=\"https:\/\/forms.gle\/foRo9mCQAXrukL7H9\" target=\"_self\">\n\t\t\t\t\t\tHaz tu reserva\n\t\t\t\t\t<\/a>\n\n","protected":false},"excerpt":{"rendered":"<p>Mahai ingurua <\/p>\n","protected":false},"author":4,"featured_media":21109,"parent":5408,"menu_order":0,"comment_status":"closed","ping_status":"closed","template":"","meta":{"_acf_changed":false,"footnotes":""},"categories":[172,167,173],"tags":[961],"class_list":["post-21193","page","type-page","status-publish","has-post-thumbnail","hentry","category-agenda-eu","category-jarduerak","category-nabarmenak","tag-hitzaldi-tailerra"],"acf":{"hora":"Hour: 18:30","lugar":"Lekua: Euskal Itsas Museoa","precio-actividad":"Prezioa: 3\u20ac","enlace_boton_reserva":"https:\/\/docs.google.com\/forms\/d\/e\/1FAIpQLSdH27Wejax4882stSVkbMjs-cR6KWfddQ_s6fKhT1dtcPzNxQ\/viewform?usp=header","video":"https:\/\/www.youtube.com\/watch?v=tCQwPZpamPY","fecha_actividad":"Apirilak 24"},"yoast_head":"<!-- This site is optimized with the Yoast SEO plugin v27.4 - https:\/\/yoast.com\/product\/yoast-seo-wordpress\/ -->\n<title>Oihalak eta formak: XVI. mendeko janzkera - Euskal Itsas Museoa<\/title>\n<meta name=\"robots\" content=\"index, follow, max-snippet:-1, max-image-preview:large, max-video-preview:-1\" \/>\n<link rel=\"canonical\" href=\"https:\/\/itsasmuseoa.eus\/eu\/jarduerak\/agenda\/oihalak-eta-formak-xvi-mendeko-janzkera\/\" \/>\n<meta property=\"og:locale\" content=\"eu_ES\" \/>\n<meta property=\"og:type\" content=\"article\" \/>\n<meta property=\"og:title\" content=\"Oihalak eta formak: XVI. mendeko janzkera - Euskal Itsas Museoa\" \/>\n<meta property=\"og:description\" content=\"Mahai ingurua\" \/>\n<meta property=\"og:url\" content=\"https:\/\/itsasmuseoa.eus\/eu\/jarduerak\/agenda\/oihalak-eta-formak-xvi-mendeko-janzkera\/\" \/>\n<meta property=\"og:site_name\" content=\"Euskal Itsas Museoa\" \/>\n<meta property=\"article:modified_time\" content=\"2026-01-27T10:07:21+00:00\" \/>\n<meta property=\"og:image\" content=\"https:\/\/itsasmuseoa.eus\/wp-content\/uploads\/2026\/01\/IMG_0979-1.jpeg\" \/>\n\t<meta property=\"og:image:width\" content=\"1290\" \/>\n\t<meta property=\"og:image:height\" content=\"859\" \/>\n\t<meta property=\"og:image:type\" content=\"image\/jpeg\" \/>\n<meta name=\"twitter:card\" content=\"summary_large_image\" \/>\n<meta name=\"twitter:label1\" content=\"Est. reading time\" \/>\n\t<meta name=\"twitter:data1\" content=\"2 minutes\" \/>\n<script type=\"application\/ld+json\" class=\"yoast-schema-graph\">{\"@context\":\"https:\\\/\\\/schema.org\",\"@graph\":[{\"@type\":\"WebPage\",\"@id\":\"https:\\\/\\\/itsasmuseoa.eus\\\/eu\\\/jarduerak\\\/agenda\\\/oihalak-eta-formak-xvi-mendeko-janzkera\\\/\",\"url\":\"https:\\\/\\\/itsasmuseoa.eus\\\/eu\\\/jarduerak\\\/agenda\\\/oihalak-eta-formak-xvi-mendeko-janzkera\\\/\",\"name\":\"Oihalak eta formak: XVI. mendeko janzkera - Euskal Itsas Museoa\",\"isPartOf\":{\"@id\":\"https:\\\/\\\/itsasmuseoa.eus\\\/eu\\\/#website\"},\"primaryImageOfPage\":{\"@id\":\"https:\\\/\\\/itsasmuseoa.eus\\\/eu\\\/jarduerak\\\/agenda\\\/oihalak-eta-formak-xvi-mendeko-janzkera\\\/#primaryimage\"},\"image\":{\"@id\":\"https:\\\/\\\/itsasmuseoa.eus\\\/eu\\\/jarduerak\\\/agenda\\\/oihalak-eta-formak-xvi-mendeko-janzkera\\\/#primaryimage\"},\"thumbnailUrl\":\"https:\\\/\\\/itsasmuseoa.eus\\\/wp-content\\\/uploads\\\/2026\\\/01\\\/IMG_0979-1.jpeg\",\"datePublished\":\"2026-01-27T10:07:14+00:00\",\"dateModified\":\"2026-01-27T10:07:21+00:00\",\"breadcrumb\":{\"@id\":\"https:\\\/\\\/itsasmuseoa.eus\\\/eu\\\/jarduerak\\\/agenda\\\/oihalak-eta-formak-xvi-mendeko-janzkera\\\/#breadcrumb\"},\"inLanguage\":\"eu-ES\",\"potentialAction\":[{\"@type\":\"ReadAction\",\"target\":[\"https:\\\/\\\/itsasmuseoa.eus\\\/eu\\\/jarduerak\\\/agenda\\\/oihalak-eta-formak-xvi-mendeko-janzkera\\\/\"]}]},{\"@type\":\"ImageObject\",\"inLanguage\":\"eu-ES\",\"@id\":\"https:\\\/\\\/itsasmuseoa.eus\\\/eu\\\/jarduerak\\\/agenda\\\/oihalak-eta-formak-xvi-mendeko-janzkera\\\/#primaryimage\",\"url\":\"https:\\\/\\\/itsasmuseoa.eus\\\/wp-content\\\/uploads\\\/2026\\\/01\\\/IMG_0979-1.jpeg\",\"contentUrl\":\"https:\\\/\\\/itsasmuseoa.eus\\\/wp-content\\\/uploads\\\/2026\\\/01\\\/IMG_0979-1.jpeg\",\"width\":1290,\"height\":859},{\"@type\":\"BreadcrumbList\",\"@id\":\"https:\\\/\\\/itsasmuseoa.eus\\\/eu\\\/jarduerak\\\/agenda\\\/oihalak-eta-formak-xvi-mendeko-janzkera\\\/#breadcrumb\",\"itemListElement\":[{\"@type\":\"ListItem\",\"position\":1,\"name\":\"Inicio\",\"item\":\"https:\\\/\\\/itsasmuseoa.eus\\\/eu\\\/\"},{\"@type\":\"ListItem\",\"position\":2,\"name\":\"Jarduerak\",\"item\":\"https:\\\/\\\/itsasmuseoa.eus\\\/eu\\\/actividades\\\/\"},{\"@type\":\"ListItem\",\"position\":3,\"name\":\"Agenda\",\"item\":\"https:\\\/\\\/itsasmuseoa.eus\\\/eu\\\/jarduerak\\\/agenda\\\/\"},{\"@type\":\"ListItem\",\"position\":4,\"name\":\"Oihalak eta formak: XVI. mendeko janzkera\"}]},{\"@type\":\"WebSite\",\"@id\":\"https:\\\/\\\/itsasmuseoa.eus\\\/eu\\\/#website\",\"url\":\"https:\\\/\\\/itsasmuseoa.eus\\\/eu\\\/\",\"name\":\"Euskal Itsas Museoa\",\"description\":\"Museo Mar\u00edtimo Vasco\",\"potentialAction\":[{\"@type\":\"SearchAction\",\"target\":{\"@type\":\"EntryPoint\",\"urlTemplate\":\"https:\\\/\\\/itsasmuseoa.eus\\\/eu\\\/?s={search_term_string}\"},\"query-input\":{\"@type\":\"PropertyValueSpecification\",\"valueRequired\":true,\"valueName\":\"search_term_string\"}}],\"inLanguage\":\"eu-ES\"}]}<\/script>\n<!-- \/ Yoast SEO plugin. -->","yoast_head_json":{"title":"Oihalak eta formak: XVI. mendeko janzkera - Euskal Itsas Museoa","robots":{"index":"index","follow":"follow","max-snippet":"max-snippet:-1","max-image-preview":"max-image-preview:large","max-video-preview":"max-video-preview:-1"},"canonical":"https:\/\/itsasmuseoa.eus\/eu\/jarduerak\/agenda\/oihalak-eta-formak-xvi-mendeko-janzkera\/","og_locale":"eu_ES","og_type":"article","og_title":"Oihalak eta formak: XVI. mendeko janzkera - Euskal Itsas Museoa","og_description":"Mahai ingurua","og_url":"https:\/\/itsasmuseoa.eus\/eu\/jarduerak\/agenda\/oihalak-eta-formak-xvi-mendeko-janzkera\/","og_site_name":"Euskal Itsas Museoa","article_modified_time":"2026-01-27T10:07:21+00:00","og_image":[{"width":1290,"height":859,"url":"https:\/\/itsasmuseoa.eus\/wp-content\/uploads\/2026\/01\/IMG_0979-1.jpeg","type":"image\/jpeg"}],"twitter_card":"summary_large_image","twitter_misc":{"Est. reading time":"2 minutes"},"schema":{"@context":"https:\/\/schema.org","@graph":[{"@type":"WebPage","@id":"https:\/\/itsasmuseoa.eus\/eu\/jarduerak\/agenda\/oihalak-eta-formak-xvi-mendeko-janzkera\/","url":"https:\/\/itsasmuseoa.eus\/eu\/jarduerak\/agenda\/oihalak-eta-formak-xvi-mendeko-janzkera\/","name":"Oihalak eta formak: XVI. mendeko janzkera - Euskal Itsas Museoa","isPartOf":{"@id":"https:\/\/itsasmuseoa.eus\/eu\/#website"},"primaryImageOfPage":{"@id":"https:\/\/itsasmuseoa.eus\/eu\/jarduerak\/agenda\/oihalak-eta-formak-xvi-mendeko-janzkera\/#primaryimage"},"image":{"@id":"https:\/\/itsasmuseoa.eus\/eu\/jarduerak\/agenda\/oihalak-eta-formak-xvi-mendeko-janzkera\/#primaryimage"},"thumbnailUrl":"https:\/\/itsasmuseoa.eus\/wp-content\/uploads\/2026\/01\/IMG_0979-1.jpeg","datePublished":"2026-01-27T10:07:14+00:00","dateModified":"2026-01-27T10:07:21+00:00","breadcrumb":{"@id":"https:\/\/itsasmuseoa.eus\/eu\/jarduerak\/agenda\/oihalak-eta-formak-xvi-mendeko-janzkera\/#breadcrumb"},"inLanguage":"eu-ES","potentialAction":[{"@type":"ReadAction","target":["https:\/\/itsasmuseoa.eus\/eu\/jarduerak\/agenda\/oihalak-eta-formak-xvi-mendeko-janzkera\/"]}]},{"@type":"ImageObject","inLanguage":"eu-ES","@id":"https:\/\/itsasmuseoa.eus\/eu\/jarduerak\/agenda\/oihalak-eta-formak-xvi-mendeko-janzkera\/#primaryimage","url":"https:\/\/itsasmuseoa.eus\/wp-content\/uploads\/2026\/01\/IMG_0979-1.jpeg","contentUrl":"https:\/\/itsasmuseoa.eus\/wp-content\/uploads\/2026\/01\/IMG_0979-1.jpeg","width":1290,"height":859},{"@type":"BreadcrumbList","@id":"https:\/\/itsasmuseoa.eus\/eu\/jarduerak\/agenda\/oihalak-eta-formak-xvi-mendeko-janzkera\/#breadcrumb","itemListElement":[{"@type":"ListItem","position":1,"name":"Inicio","item":"https:\/\/itsasmuseoa.eus\/eu\/"},{"@type":"ListItem","position":2,"name":"Jarduerak","item":"https:\/\/itsasmuseoa.eus\/eu\/actividades\/"},{"@type":"ListItem","position":3,"name":"Agenda","item":"https:\/\/itsasmuseoa.eus\/eu\/jarduerak\/agenda\/"},{"@type":"ListItem","position":4,"name":"Oihalak eta formak: XVI. mendeko janzkera"}]},{"@type":"WebSite","@id":"https:\/\/itsasmuseoa.eus\/eu\/#website","url":"https:\/\/itsasmuseoa.eus\/eu\/","name":"Euskal Itsas Museoa","description":"Museo Mar\u00edtimo Vasco","potentialAction":[{"@type":"SearchAction","target":{"@type":"EntryPoint","urlTemplate":"https:\/\/itsasmuseoa.eus\/eu\/?s={search_term_string}"},"query-input":{"@type":"PropertyValueSpecification","valueRequired":true,"valueName":"search_term_string"}}],"inLanguage":"eu-ES"}]}},"_links":{"self":[{"href":"https:\/\/itsasmuseoa.eus\/eu\/wp-json\/wp\/v2\/pages\/21193","targetHints":{"allow":["GET"]}}],"collection":[{"href":"https:\/\/itsasmuseoa.eus\/eu\/wp-json\/wp\/v2\/pages"}],"about":[{"href":"https:\/\/itsasmuseoa.eus\/eu\/wp-json\/wp\/v2\/types\/page"}],"author":[{"embeddable":true,"href":"https:\/\/itsasmuseoa.eus\/eu\/wp-json\/wp\/v2\/users\/4"}],"replies":[{"embeddable":true,"href":"https:\/\/itsasmuseoa.eus\/eu\/wp-json\/wp\/v2\/comments?post=21193"}],"version-history":[{"count":6,"href":"https:\/\/itsasmuseoa.eus\/eu\/wp-json\/wp\/v2\/pages\/21193\/revisions"}],"predecessor-version":[{"id":21249,"href":"https:\/\/itsasmuseoa.eus\/eu\/wp-json\/wp\/v2\/pages\/21193\/revisions\/21249"}],"up":[{"embeddable":true,"href":"https:\/\/itsasmuseoa.eus\/eu\/wp-json\/wp\/v2\/pages\/5408"}],"wp:featuredmedia":[{"embeddable":true,"href":"https:\/\/itsasmuseoa.eus\/eu\/wp-json\/wp\/v2\/media\/21109"}],"wp:attachment":[{"href":"https:\/\/itsasmuseoa.eus\/eu\/wp-json\/wp\/v2\/media?parent=21193"}],"wp:term":[{"taxonomy":"category","embeddable":true,"href":"https:\/\/itsasmuseoa.eus\/eu\/wp-json\/wp\/v2\/categories?post=21193"},{"taxonomy":"post_tag","embeddable":true,"href":"https:\/\/itsasmuseoa.eus\/eu\/wp-json\/wp\/v2\/tags?post=21193"}],"curies":[{"name":"wp","href":"https:\/\/api.w.org\/{rel}","templated":true}]}}