{"id":21492,"date":"2026-04-14T09:28:13","date_gmt":"2026-04-14T07:28:13","guid":{"rendered":"https:\/\/itsasmuseoa.eus\/?page_id=21492"},"modified":"2026-04-14T09:34:48","modified_gmt":"2026-04-14T07:34:48","slug":"memorien-kartografia-portuan-zehar","status":"publish","type":"page","link":"https:\/\/itsasmuseoa.eus\/eu\/jarduerak\/agenda\/memorien-kartografia-portuan-zehar\/","title":{"rendered":"Memorien kartografia portuan zehar"},"content":{"rendered":"\n\n\t<nav id=\"breadcrumbs\" aria-label=\"Breadcrumbs\"><a href=\"https:\/\/itsasmuseoa.eus\/eu\/\">Inicio<\/a> <img decoding=\"async\" src=\"https:\/\/itsasmuseoa.eus\/flecha-breadcrumbs\/\" alt=\"icono flecha\" \/> Actividades <img decoding=\"async\" src=\"https:\/\/itsasmuseoa.eus\/flecha-breadcrumbs\/\" alt=\"icono flecha\" \/> <a href=\"https:\/\/itsasmuseoa.eus\/eu\/jarduerak\/agenda\/\">Agenda<\/a> <img decoding=\"async\" src=\"https:\/\/itsasmuseoa.eus\/flecha-breadcrumbs\/\" alt=\"icono flecha\" \/> Taller de cartograf\u00eda sensible<\/nav>\n\t\t<h1>\n\t\t\tCharla-taller\n\t\t<\/h1>\n<h2>\n\t\t\tCharla-taller\t<\/h2>\n<h3>\n\t\t\tTaller de cartograf\u00eda sensible\t<\/h3>\n\t\t\n\t\t\t<p><strong>El 9 de mayo<\/strong> el Museo contar\u00e1 con la compa\u00f1\u00eda Des Vents et Mar\u00e9es, para ofrecer una nueva visi\u00f3n del barrio de la Jarana.Nos sumergiremos en una experiencia colectiva y creativa para redescubrir el entorno del Museo\u00a0 desde una perspectiva\u00a0sensible y po\u00e9tica<strong>. A trav\u00e9s de\u00a0un recorrido en forma de\u00a0gymkhana, explorar\u00e1s el paisaje urbano y mar\u00edtimo\u00a0mediante la observaci\u00f3n y practicas\u00a0art\u00edsticas. <\/strong>El taller invita a crear mapas\u00a0subjetivos\u00a0a partir de\u00a0emociones, recuerdos y sensaciones, transformando nuestra forma de percibir el espacio.\u00a0Es una propuesta para recorrer\u00a0y mirar\u00a0el territorio de\u00a0otra manera.No se necesitan conocimientos previos, solo curiosidad y ganas de\u00a0participar.<\/p>\t\t\n\t\t\t\t<img decoding=\"async\" src=\"https:\/\/itsasmuseoa.eus\/wp-content\/uploads\/2024\/03\/92026_ca_object_representations_media_1979_original-1-scaled.jpg\" alt=\"92026_ca_object_representations_media_1979_original (1)\" itemprop=\"image\" height=\"1697\" width=\"2560\" title=\"92026_ca_object_representations_media_1979_original (1)\" onerror=\"this.style.display='none'\" loading=\"lazy\" \/>\n\t\t\t\t\t\t\t<img decoding=\"async\" src=\"https:\/\/itsasmuseoa.eus\/wp-content\/uploads\/\/icono-calendario.svg\" alt=\"icono de calendario\" width=\"34\" height=\"40\" \/>\n\t\t\t\t\t\t\t\t\t\t\t\n\t\t\t\t\t<p><b>9 mayo \/ 10:30<\/b><\/p>\t\t\t\t\n\t\t\t\t\t\t\t<img decoding=\"async\" src=\"https:\/\/itsasmuseoa.eus\/wp-content\/uploads\/\/icono-ticket.svg\" alt=\"icono de ticket\" width=\"39\" height=\"28\" \/>\n\t\t\t\t\t\t\t\t\t\t\t\n\t\t\t\t\t<p><b>3\u20ac<\/b><\/p>\t\t\t\t\n\t\t\t\t\t\t\t<img decoding=\"async\" src=\"https:\/\/itsasmuseoa.eus\/wp-content\/uploads\/\/icono-telefono-dudas.svg\" alt=\"icono de tel\u00e9fono para dudas\" width=\"43\" height=\"43\" \/>\n\t\t\t\t\t\t\t\t\t\t\t\n\t\t\t\t\t<p>M\u00e1s informaci\u00f3n:<a href=\"tel:9430051\">943 43 00 51<\/a><\/p>\t\t\t\t\n\t\t\t<a href=\"https:\/\/itsasmuseoa.eus\/eu\/sarreren-erreserba\/?reserva=Taller%20cartograf\u00eda%20sensible\" target=\"_self\">\n\t\t\t\t\t\tHaz tu reserva\n\t\t\t\t\t<\/a>\n\n","protected":false},"excerpt":{"rendered":"<p>Museoaren ingurunea ikuspegi sentikor eta poetiko batetik berriz ezagutzea.<\/p>\n","protected":false},"author":4,"featured_media":21495,"parent":5408,"menu_order":0,"comment_status":"closed","ping_status":"closed","template":"","meta":{"_acf_changed":false,"footnotes":""},"categories":[172,167,173],"tags":[417],"class_list":["post-21492","page","type-page","status-publish","has-post-thumbnail","hentry","category-agenda-eu","category-jarduerak","category-nabarmenak","tag-tailerra"],"acf":{"hora":"10:30","lugar":"Lekua: Euskal Itsas Museoa","precio-actividad":"Prezioa: 3\u20ac","enlace_boton_reserva":"https:\/\/docs.google.com\/forms\/d\/e\/1FAIpQLSdH27Wejax4882stSVkbMjs-cR6KWfddQ_s6fKhT1dtcPzNxQ\/viewform?usp=header","video":"https:\/\/www.youtube.com\/watch?v=tCQwPZpamPY","fecha_actividad":"Maiatzak 9"},"yoast_head":"<!-- This site is optimized with the Yoast SEO plugin v27.4 - https:\/\/yoast.com\/product\/yoast-seo-wordpress\/ -->\n<title>Memorien kartografia portuan zehar - Euskal Itsas Museoa<\/title>\n<meta name=\"robots\" content=\"index, follow, max-snippet:-1, max-image-preview:large, max-video-preview:-1\" \/>\n<link rel=\"canonical\" href=\"https:\/\/itsasmuseoa.eus\/eu\/jarduerak\/agenda\/memorien-kartografia-portuan-zehar\/\" \/>\n<meta property=\"og:locale\" content=\"eu_ES\" \/>\n<meta property=\"og:type\" content=\"article\" \/>\n<meta property=\"og:title\" content=\"Memorien kartografia portuan zehar - Euskal Itsas Museoa\" \/>\n<meta property=\"og:description\" content=\"Museoaren ingurunea ikuspegi sentikor eta poetiko batetik berriz ezagutzea.\" \/>\n<meta property=\"og:url\" content=\"https:\/\/itsasmuseoa.eus\/eu\/jarduerak\/agenda\/memorien-kartografia-portuan-zehar\/\" \/>\n<meta property=\"og:site_name\" content=\"Euskal Itsas Museoa\" \/>\n<meta property=\"article:modified_time\" content=\"2026-04-14T07:34:48+00:00\" \/>\n<meta property=\"og:image\" content=\"https:\/\/itsasmuseoa.eus\/wp-content\/uploads\/2026\/04\/1800x1200_WEB-BANNER.pdf-1.jpg\" \/>\n\t<meta property=\"og:image:width\" content=\"2400\" \/>\n\t<meta property=\"og:image:height\" content=\"1600\" \/>\n\t<meta property=\"og:image:type\" content=\"image\/jpeg\" \/>\n<meta name=\"twitter:card\" content=\"summary_large_image\" \/>\n<meta name=\"twitter:label1\" content=\"Est. reading time\" \/>\n\t<meta name=\"twitter:data1\" content=\"2 minutes\" \/>\n<script type=\"application\/ld+json\" class=\"yoast-schema-graph\">{\"@context\":\"https:\\\/\\\/schema.org\",\"@graph\":[{\"@type\":\"WebPage\",\"@id\":\"https:\\\/\\\/itsasmuseoa.eus\\\/eu\\\/jarduerak\\\/agenda\\\/memorien-kartografia-portuan-zehar\\\/\",\"url\":\"https:\\\/\\\/itsasmuseoa.eus\\\/eu\\\/jarduerak\\\/agenda\\\/memorien-kartografia-portuan-zehar\\\/\",\"name\":\"Memorien kartografia portuan zehar - Euskal Itsas Museoa\",\"isPartOf\":{\"@id\":\"https:\\\/\\\/itsasmuseoa.eus\\\/eu\\\/#website\"},\"primaryImageOfPage\":{\"@id\":\"https:\\\/\\\/itsasmuseoa.eus\\\/eu\\\/jarduerak\\\/agenda\\\/memorien-kartografia-portuan-zehar\\\/#primaryimage\"},\"image\":{\"@id\":\"https:\\\/\\\/itsasmuseoa.eus\\\/eu\\\/jarduerak\\\/agenda\\\/memorien-kartografia-portuan-zehar\\\/#primaryimage\"},\"thumbnailUrl\":\"https:\\\/\\\/itsasmuseoa.eus\\\/wp-content\\\/uploads\\\/2026\\\/04\\\/1800x1200_WEB-BANNER.pdf-1.jpg\",\"datePublished\":\"2026-04-14T07:28:13+00:00\",\"dateModified\":\"2026-04-14T07:34:48+00:00\",\"breadcrumb\":{\"@id\":\"https:\\\/\\\/itsasmuseoa.eus\\\/eu\\\/jarduerak\\\/agenda\\\/memorien-kartografia-portuan-zehar\\\/#breadcrumb\"},\"inLanguage\":\"eu-ES\",\"potentialAction\":[{\"@type\":\"ReadAction\",\"target\":[\"https:\\\/\\\/itsasmuseoa.eus\\\/eu\\\/jarduerak\\\/agenda\\\/memorien-kartografia-portuan-zehar\\\/\"]}]},{\"@type\":\"ImageObject\",\"inLanguage\":\"eu-ES\",\"@id\":\"https:\\\/\\\/itsasmuseoa.eus\\\/eu\\\/jarduerak\\\/agenda\\\/memorien-kartografia-portuan-zehar\\\/#primaryimage\",\"url\":\"https:\\\/\\\/itsasmuseoa.eus\\\/wp-content\\\/uploads\\\/2026\\\/04\\\/1800x1200_WEB-BANNER.pdf-1.jpg\",\"contentUrl\":\"https:\\\/\\\/itsasmuseoa.eus\\\/wp-content\\\/uploads\\\/2026\\\/04\\\/1800x1200_WEB-BANNER.pdf-1.jpg\",\"width\":2400,\"height\":1600},{\"@type\":\"BreadcrumbList\",\"@id\":\"https:\\\/\\\/itsasmuseoa.eus\\\/eu\\\/jarduerak\\\/agenda\\\/memorien-kartografia-portuan-zehar\\\/#breadcrumb\",\"itemListElement\":[{\"@type\":\"ListItem\",\"position\":1,\"name\":\"Inicio\",\"item\":\"https:\\\/\\\/itsasmuseoa.eus\\\/eu\\\/\"},{\"@type\":\"ListItem\",\"position\":2,\"name\":\"Jarduerak\",\"item\":\"https:\\\/\\\/itsasmuseoa.eus\\\/eu\\\/actividades\\\/\"},{\"@type\":\"ListItem\",\"position\":3,\"name\":\"Agenda\",\"item\":\"https:\\\/\\\/itsasmuseoa.eus\\\/eu\\\/jarduerak\\\/agenda\\\/\"},{\"@type\":\"ListItem\",\"position\":4,\"name\":\"Memorien kartografia portuan zehar\"}]},{\"@type\":\"WebSite\",\"@id\":\"https:\\\/\\\/itsasmuseoa.eus\\\/eu\\\/#website\",\"url\":\"https:\\\/\\\/itsasmuseoa.eus\\\/eu\\\/\",\"name\":\"Euskal Itsas Museoa\",\"description\":\"Museo Mar\u00edtimo Vasco\",\"potentialAction\":[{\"@type\":\"SearchAction\",\"target\":{\"@type\":\"EntryPoint\",\"urlTemplate\":\"https:\\\/\\\/itsasmuseoa.eus\\\/eu\\\/?s={search_term_string}\"},\"query-input\":{\"@type\":\"PropertyValueSpecification\",\"valueRequired\":true,\"valueName\":\"search_term_string\"}}],\"inLanguage\":\"eu-ES\"}]}<\/script>\n<!-- \/ Yoast SEO plugin. -->","yoast_head_json":{"title":"Memorien kartografia portuan zehar - Euskal Itsas Museoa","robots":{"index":"index","follow":"follow","max-snippet":"max-snippet:-1","max-image-preview":"max-image-preview:large","max-video-preview":"max-video-preview:-1"},"canonical":"https:\/\/itsasmuseoa.eus\/eu\/jarduerak\/agenda\/memorien-kartografia-portuan-zehar\/","og_locale":"eu_ES","og_type":"article","og_title":"Memorien kartografia portuan zehar - Euskal Itsas Museoa","og_description":"Museoaren ingurunea ikuspegi sentikor eta poetiko batetik berriz ezagutzea.","og_url":"https:\/\/itsasmuseoa.eus\/eu\/jarduerak\/agenda\/memorien-kartografia-portuan-zehar\/","og_site_name":"Euskal Itsas Museoa","article_modified_time":"2026-04-14T07:34:48+00:00","og_image":[{"width":2400,"height":1600,"url":"https:\/\/itsasmuseoa.eus\/wp-content\/uploads\/2026\/04\/1800x1200_WEB-BANNER.pdf-1.jpg","type":"image\/jpeg"}],"twitter_card":"summary_large_image","twitter_misc":{"Est. reading time":"2 minutes"},"schema":{"@context":"https:\/\/schema.org","@graph":[{"@type":"WebPage","@id":"https:\/\/itsasmuseoa.eus\/eu\/jarduerak\/agenda\/memorien-kartografia-portuan-zehar\/","url":"https:\/\/itsasmuseoa.eus\/eu\/jarduerak\/agenda\/memorien-kartografia-portuan-zehar\/","name":"Memorien kartografia portuan zehar - Euskal Itsas Museoa","isPartOf":{"@id":"https:\/\/itsasmuseoa.eus\/eu\/#website"},"primaryImageOfPage":{"@id":"https:\/\/itsasmuseoa.eus\/eu\/jarduerak\/agenda\/memorien-kartografia-portuan-zehar\/#primaryimage"},"image":{"@id":"https:\/\/itsasmuseoa.eus\/eu\/jarduerak\/agenda\/memorien-kartografia-portuan-zehar\/#primaryimage"},"thumbnailUrl":"https:\/\/itsasmuseoa.eus\/wp-content\/uploads\/2026\/04\/1800x1200_WEB-BANNER.pdf-1.jpg","datePublished":"2026-04-14T07:28:13+00:00","dateModified":"2026-04-14T07:34:48+00:00","breadcrumb":{"@id":"https:\/\/itsasmuseoa.eus\/eu\/jarduerak\/agenda\/memorien-kartografia-portuan-zehar\/#breadcrumb"},"inLanguage":"eu-ES","potentialAction":[{"@type":"ReadAction","target":["https:\/\/itsasmuseoa.eus\/eu\/jarduerak\/agenda\/memorien-kartografia-portuan-zehar\/"]}]},{"@type":"ImageObject","inLanguage":"eu-ES","@id":"https:\/\/itsasmuseoa.eus\/eu\/jarduerak\/agenda\/memorien-kartografia-portuan-zehar\/#primaryimage","url":"https:\/\/itsasmuseoa.eus\/wp-content\/uploads\/2026\/04\/1800x1200_WEB-BANNER.pdf-1.jpg","contentUrl":"https:\/\/itsasmuseoa.eus\/wp-content\/uploads\/2026\/04\/1800x1200_WEB-BANNER.pdf-1.jpg","width":2400,"height":1600},{"@type":"BreadcrumbList","@id":"https:\/\/itsasmuseoa.eus\/eu\/jarduerak\/agenda\/memorien-kartografia-portuan-zehar\/#breadcrumb","itemListElement":[{"@type":"ListItem","position":1,"name":"Inicio","item":"https:\/\/itsasmuseoa.eus\/eu\/"},{"@type":"ListItem","position":2,"name":"Jarduerak","item":"https:\/\/itsasmuseoa.eus\/eu\/actividades\/"},{"@type":"ListItem","position":3,"name":"Agenda","item":"https:\/\/itsasmuseoa.eus\/eu\/jarduerak\/agenda\/"},{"@type":"ListItem","position":4,"name":"Memorien kartografia portuan zehar"}]},{"@type":"WebSite","@id":"https:\/\/itsasmuseoa.eus\/eu\/#website","url":"https:\/\/itsasmuseoa.eus\/eu\/","name":"Euskal Itsas Museoa","description":"Museo Mar\u00edtimo Vasco","potentialAction":[{"@type":"SearchAction","target":{"@type":"EntryPoint","urlTemplate":"https:\/\/itsasmuseoa.eus\/eu\/?s={search_term_string}"},"query-input":{"@type":"PropertyValueSpecification","valueRequired":true,"valueName":"search_term_string"}}],"inLanguage":"eu-ES"}]}},"_links":{"self":[{"href":"https:\/\/itsasmuseoa.eus\/eu\/wp-json\/wp\/v2\/pages\/21492","targetHints":{"allow":["GET"]}}],"collection":[{"href":"https:\/\/itsasmuseoa.eus\/eu\/wp-json\/wp\/v2\/pages"}],"about":[{"href":"https:\/\/itsasmuseoa.eus\/eu\/wp-json\/wp\/v2\/types\/page"}],"author":[{"embeddable":true,"href":"https:\/\/itsasmuseoa.eus\/eu\/wp-json\/wp\/v2\/users\/4"}],"replies":[{"embeddable":true,"href":"https:\/\/itsasmuseoa.eus\/eu\/wp-json\/wp\/v2\/comments?post=21492"}],"version-history":[{"count":3,"href":"https:\/\/itsasmuseoa.eus\/eu\/wp-json\/wp\/v2\/pages\/21492\/revisions"}],"predecessor-version":[{"id":21499,"href":"https:\/\/itsasmuseoa.eus\/eu\/wp-json\/wp\/v2\/pages\/21492\/revisions\/21499"}],"up":[{"embeddable":true,"href":"https:\/\/itsasmuseoa.eus\/eu\/wp-json\/wp\/v2\/pages\/5408"}],"wp:featuredmedia":[{"embeddable":true,"href":"https:\/\/itsasmuseoa.eus\/eu\/wp-json\/wp\/v2\/media\/21495"}],"wp:attachment":[{"href":"https:\/\/itsasmuseoa.eus\/eu\/wp-json\/wp\/v2\/media?parent=21492"}],"wp:term":[{"taxonomy":"category","embeddable":true,"href":"https:\/\/itsasmuseoa.eus\/eu\/wp-json\/wp\/v2\/categories?post=21492"},{"taxonomy":"post_tag","embeddable":true,"href":"https:\/\/itsasmuseoa.eus\/eu\/wp-json\/wp\/v2\/tags?post=21492"}],"curies":[{"name":"wp","href":"https:\/\/api.w.org\/{rel}","templated":true}]}}