{"id":5469,"date":"2021-07-16T16:41:23","date_gmt":"2021-07-16T14:41:23","guid":{"rendered":"https:\/\/itsasmuseoa.eus\/prentsa\/"},"modified":"2024-04-12T14:04:25","modified_gmt":"2024-04-12T12:04:25","slug":"prentsa","status":"publish","type":"page","link":"https:\/\/itsasmuseoa.eus\/eu\/prentsa\/","title":{"rendered":"Prentsa"},"content":{"rendered":"\n\n\t<a href=\"https:\/\/itsasmuseoa.eus\/eu\/\">Inicio<\/a> <img decoding=\"async\" src=\"https:\/\/itsasmuseoa.eus\/flecha-breadcrumbs\/\" alt=\"icono flecha\" \/> Prentsa\n\t\t\t\t\t\t\t<img decoding=\"async\" src=\"https:\/\/itsasmuseoa.eus\/wp-content\/uploads\/2021\/06\/logo-itsas-museoa-bw.png\" alt=\"logo de itsas museoa en blanco y negro\" \/>\n\t\t\n\t\t\t<p><strong> Eskuliburu korporatiboa: <\/strong>Itsas museoa logotipoa eta bere aplikazioak PDF formatuan.<\/p>\t\t\n\t\t\t<a href=\"https:\/\/itsasmuseoa.eus\/wp-content\/uploads\/2021\/07\/EIM-Manual-Corporativo.pdf\" target=\"_blank\" role=\"button\" rel=\"noopener\">\n\t\t\t\t\t\t\tDeskargatu\n\t\t\t\t\t<\/a>\n\t\t\n\t\t\t<p><strong>Argazkiak<\/strong>Euskal Itsas Museoko argazkiak<\/p>\t\t\n\t\t\t<a href=\"https:\/\/itsasmuseoa.eus\/wp-content\/uploads\/2021\/06\/Museoko-Argazkiak.zip\" target=\"_blank\" role=\"button\" rel=\"noopener\">\n\t\t\t\t\t\t\tDeskargatu\n\t\t\t\t\t<\/a>\n\t\t\t\t\t\t\t<img decoding=\"async\" src=\"https:\/\/itsasmuseoa.eus\/wp-content\/uploads\/\/icono-telefono-dudas.svg\" alt=\"icono de tel\u00e9fono para dudas\" \/>\n\t\t\n\t\t\t<p><strong>Kontaktua:<\/strong><a href=\"tel:943430051\" data-mce-href=\"tel:943430051\">943 43 00 51<\/a><a href=\"mailto:komunikazioa@itsasmuseoa.eus\" data-mce-href=\"mailto:komunikazioa@itsasmuseoa.eus\" data-mce-style=\"font-size: 15px;\">komunikazioa@itsasmuseoa.eus<\/a><\/p>\t\t\n\t\t\t\t\t2023\/02\/16 &#8211; 2024\/01\/26 &#8211; ERAKUSKETA\n\t\t<h4>Moilak. Tradizioz Berritzaileak<\/h4>\n\t\t\t\t\t<p>Erakusketa honek azken bi mendeetan euskal portuek izan duten eginkizun garrantzitsua biltzen du: batetik, etengabeko berrikuntza ekonomiko, sozial eta teknologikorako guneak izan dira; eta, bestetik, Euskal Herriaren bilakaera historikoan eragin zuzena izan dute. <strong>Berrikuntza al da gure tradizioa?<\/strong><\/p>\t\t\t\t\n\t\t\t\t\t\t\t<img decoding=\"async\" src=\"https:\/\/itsasmuseoa.eus\/wp-content\/uploads\/2023\/02\/1800x1200-1_page-0001-scaled.jpg\" alt=\"1800x1200 (1)_page-0001\" \/>\n\t<a href=\"https:\/\/itsasmuseoa.eus\/wp-content\/uploads\/2021\/06\/NP_EX_MOILAK_.docx\" target=\"_self\" role=\"button\" download=\"Nota de prensa Moilak\" aria-label=\"Prentsa oharra deskargatu\" rel=\"noopener\">\n\t\t\t\t\t\tPrentsa oharra deskargatu\n\t\t\t\t\t<\/a>\n\t<a href=\"https:\/\/itsasmuseoa.eus\/wp-content\/uploads\/2021\/06\/23_MOILAK_DOSIER-DE-PRENSA.pdf\" target=\"_self\" role=\"button\" download=\"Nota de prensa Moilak\" aria-label=\"Prentsa dossierra deskargatu\" rel=\"noopener\">\n\t\t\t\t\t\tPrentsa dossierra deskargatu\n\t\t\t\t\t<\/a>\n\t\t\t\t\t01\/09\/2022 &#8211; INICIATIVA\n\t\t<h4>#KONTXA1922<\/h4>\n\t\t\t\t\t<p>Duela 100 urteko estropadak balioan jartzeko asmoz,<strong> Aquarium<\/strong> eta<strong> Euskal Itsas Museoak <\/strong><strong>#KONTXA100<\/strong> proiektuaren 6.edizioa aurkeztu dute gaur.<\/p>\t\t\t\t\n\t\t\t\t\t\t\t<img decoding=\"async\" src=\"https:\/\/itsasmuseoa.eus\/wp-content\/uploads\/2021\/06\/Banner_WEB_3-1.jpg\" alt=\"KONTXA1922\" \/>\n\t<a href=\"https:\/\/itsasmuseoa.eus\/wp-content\/uploads\/2021\/06\/21_NP_Udazkena_programazioa.pdf\" target=\"_self\" role=\"button\" download=\"21_NP_Udazkena_programazioa.pdf\" aria-label=\"Prentsa oharra deskargatu\" rel=\"noopener\">\n\t\t\t\t\t\tPrentsa oharra deskargatu\n\t\t\t\t\t<\/a>\n\t<a href=\"https:\/\/itsasmuseoa.eus\/wp-content\/uploads\/2021\/06\/IMG_20220901_110200.zip\" target=\"_self\" role=\"button\" download=\"IMG_20220901_110200.zip\" aria-label=\"Descargar im\u00e1genes o carpeta en .zip\" rel=\"noopener\">\n\t\t\t\t\t\tDescargar im\u00e1genes o carpeta en .zip\n\t\t\t\t\t<\/a>\n\t\t\t\t\t05\/2022 &#8211; INICIATIVA\n\t\t<h4>Elkano Itsas Herria<\/h4>\n\t\t\t\t\t<p>Presentaci\u00f3n del proyecto<strong> Elkano Itsas Herria<\/strong>, impulsado por Elkano Fundazioa, Albaola y el Euskal Itsas Museoa.<\/p>\t\t\t\t\n\t\t\t\t\t\t\t<img decoding=\"async\" src=\"https:\/\/itsasmuseoa.eus\/wp-content\/uploads\/2022\/05\/IMG-20220509-WA0002.jpg\" alt=\"IMG-20220509-WA0002\" \/>\n\t<a href=\"https:\/\/itsasmuseoa.eus\/wp-content\/uploads\/2021\/06\/ELKANO-ITSAS-HERRIA_-PO_NP.pdf\" target=\"_self\" role=\"button\" download=\"ELKANO-ITSAS-HERRIA_-PO_NP.pdf\" aria-label=\"Prentsa oharra deskargatu\" rel=\"noopener\">\n\t\t\t\t\t\tPrentsa oharra deskargatu\n\t\t\t\t\t<\/a>\n\t<a href=\"https:\/\/itsasmuseoa.eus\/wp-content\/uploads\/2021\/06\/ELKANO-ITSAS-HERRIA_-PO_NP.pdf\" target=\"_self\" role=\"button\" download=\"ELKANO-ITSAS-HERRIA_-PO_NP.pdf\" aria-label=\"Prentsa oharra deskargatu\" rel=\"noopener\">\n\t\t\t\t\t\tPrentsa oharra deskargatu\n\t\t\t\t\t<\/a>\n\t<a href=\"https:\/\/itsasmuseoa.eus\/wp-content\/uploads\/2021\/06\/ELKANO-ITSAS-HERRIA_PD_DP.pdf\" target=\"_self\" role=\"button\" download=\"ELKANO-ITSAS-HERRIA_PD_DP.pdf\" aria-label=\"Deskargatu prentsa dossierra \" rel=\"noopener\">\n\t\t\t\t\t\tDeskargatu prentsa dossierra \n\t\t\t\t\t<\/a>\n\t<a href=\"https:\/\/itsasmuseoa.eus\/wp-content\/uploads\/2021\/06\/ARGAZKIAK_PA-ITSAS-HERRIA.zip\" target=\"_self\" role=\"button\" download=\"ARGAZKIAK_PA-ITSAS-HERRIA.zip\" aria-label=\"Descargar im\u00e1genes o carpeta en .zip\" rel=\"noopener\">\n\t\t\t\t\t\tDescargar im\u00e1genes o carpeta en .zip\n\t\t\t\t\t<\/a>\n\t\t\t\t\t04\/2022 &#8211; EKIMENA\n\t\t<h4>Euskal Kostaldeko Museoen hilabetea<\/h4>\n\t\t\t\t\t<p>Presentaci\u00f3n de las actividades del <strong>Mes de los Museos de la Costa Vasca<\/strong>, impulsado por Basquetour.<\/p>\t\t\t\t\n\t\t\t\t\t\t\t<img decoding=\"async\" src=\"https:\/\/itsasmuseoa.eus\/wp-content\/uploads\/2022\/02\/Banner_WEB_2-2-2.jpg\" alt=\"Mes de los museos 22\" \/>\n\t<a href=\"https:\/\/itsasmuseoa.eus\/wp-content\/uploads\/2021\/06\/MES-MUSEOS-COSTA-VASCA-EUS-CAS-1.pdf\" target=\"_self\" role=\"button\" download=\"MES-MUSEOS-COSTA-VASCA-EUS-CAS-1.pdf\" aria-label=\"Prentsa oharra deskargatu\" rel=\"noopener\">\n\t\t\t\t\t\tPrentsa oharra deskargatu\n\t\t\t\t\t<\/a>\n\t<a href=\"https:\/\/itsasmuseoa.eus\/wp-content\/uploads\/2021\/06\/programa_Mes_Museos_2022-1.pdf\" target=\"_self\" role=\"button\" download=\"programa_Mes_Museos_2022-1.pdf\" aria-label=\"Prentsa dossierra deskargatu\" rel=\"noopener\">\n\t\t\t\t\t\tPrentsa dossierra deskargatu\n\t\t\t\t\t<\/a>\n\t<a href=\"https:\/\/itsasmuseoa.eus\/wp-content\/uploads\/2021\/06\/Imagenes_Mes-de-los-Museos-CV.zip\" target=\"_self\" role=\"button\" download=\"Imagenes_Mes-de-los-Museos-CV.zip\" aria-label=\"Deskargatu irudiak edo .zip karpetan\" rel=\"noopener\">\n\t\t\t\t\t\tDeskargatu irudiak edo .zip karpetan\n\t\t\t\t\t<\/a>\n\t\t\t\t\t01\/02\/2022 &#8211; ERAKUSKETA\n\t\t<h4>TROMELIN. Esklabo ahaztuen uhartea<\/h4>\n\t\t\t\t\t<p>Erakusketak ikerketa arkeologiko bati esker berreskuratutako gizateriaren historiaren gertakari ezezagun bat biltzen du eta 2023. urteko urtarrilaren 8ra arte egongo da ikusgai.<\/p>\t\t\t\t\n\t\t\t\t\t\t\t<img decoding=\"async\" src=\"https:\/\/itsasmuseoa.eus\/wp-content\/uploads\/2022\/01\/Banner_WEB_1-3.jpg\" alt=\"Banner_WEB_1 (3)\" \/>\n\t<a href=\"https:\/\/itsasmuseoa.eus\/wp-content\/uploads\/2021\/06\/NP_Diciembre_FINEXPO_EIM.pdf\" target=\"_self\" role=\"button\" download=\"NP_Diciembre_FINEXPO_EIM.pdf\" aria-label=\"Prentsa dossierra deskargatu\" rel=\"noopener\">\n\t\t\t\t\t\tPrentsa dossierra deskargatu\n\t\t\t\t\t<\/a>\n\t<a href=\"https:\/\/itsasmuseoa.eus\/wp-content\/uploads\/2021\/06\/Dossier-Prensa_TROMELIN_comp.pdf\" target=\"_self\" role=\"button\" download=\"Dossier-Prensa_TROMELIN_comp.pdf\" aria-label=\"Descargar dossier de prensa\" rel=\"noopener\">\n\t\t\t\t\t\tDescargar dossier de prensa\n\t\t\t\t\t<\/a>\n\t<a href=\"https:\/\/itsasmuseoa.eus\/wp-content\/uploads\/2021\/06\/TROMELIN.zip\" target=\"_self\" role=\"button\" download=\"TROMELIN.zip\" aria-label=\"Argazkiak deskargatu.zip\" rel=\"noopener\">\n\t\t\t\t\t\tArgazkiak deskargatu.zip\n\t\t\t\t\t<\/a>\n\t\t\t\t\t31\/12\/2021 &#8211; EXPOSICI\u00d3N\n\t\t<h4>FIN EXPOSICI\u00d3N 24H<\/h4>\n\t\t\t\t\t<p>Cerca de 10.000 personas visitaron la exposici\u00f3n <i>24H. Un d\u00eda en la Victoria<\/i> del Euskal Itsas Museoa en el 2021<\/p>\t\t\t\t\n\t\t\t\t\t\t\t<img decoding=\"async\" src=\"https:\/\/itsasmuseoa.eus\/wp-content\/uploads\/2021\/12\/24H_Exposicion-scaled.jpg\" alt=\"24H_Exposici\u00f3n\" \/>\n\t<a href=\"https:\/\/itsasmuseoa.eus\/wp-content\/uploads\/2021\/06\/NP_Diciembre_FINEXPO_EIM.pdf\" target=\"_self\" role=\"button\" download=\"NP_Diciembre_FINEXPO_EIM.pdf\" aria-label=\"Prentsa oharra deskargatu\" rel=\"noopener\">\n\t\t\t\t\t\tPrentsa oharra deskargatu\n\t\t\t\t\t<\/a>\n\t<a href=\"https:\/\/itsasmuseoa.eus\/wp-content\/uploads\/2021\/06\/NP_Diciembre_FINEXPO_EIM.pdf\" target=\"_self\" role=\"button\" download=\"NP_Diciembre_FINEXPO_EIM.pdf\" aria-label=\"Prentsa oharra deskargatu\" rel=\"noopener\">\n\t\t\t\t\t\tPrentsa oharra deskargatu\n\t\t\t\t\t<\/a>\n\t\t\t\t\t01\/10\/2021 &#8211; INICIATIVA\n\t\t<h4>JORNADAS EUROPEAS DEL PATRIMONIO<\/h4>\n\t\t\t\t\t<p>Enmarcado dentro de las <strong>Jornadas Europeas del Patrimonio 2021<\/strong>, el museo propone varias actividades creadas y dirigidas por del artista Joseba Mercader.<\/p>\t\t\t\t\n\t\t\t\t\t\t\t<img decoding=\"async\" src=\"https:\/\/itsasmuseoa.eus\/wp-content\/uploads\/2021\/10\/Banner_WEB-13.jpg\" alt=\"Banner_WEB (13)\" \/>\n\t<a href=\"https:\/\/itsasmuseoa.eus\/wp-content\/uploads\/2021\/06\/21_JEP_EIM_NP.pdf\" target=\"_self\" role=\"button\" download=\"21_JEP_EIM_NP.pdf\" aria-label=\"Prentsa oharra deskargatu\" rel=\"noopener\">\n\t\t\t\t\t\tPrentsa oharra deskargatu\n\t\t\t\t\t<\/a>\n\t<a href=\"https:\/\/itsasmuseoa.eus\/wp-content\/uploads\/2021\/06\/EXPO_Rumbo-a-la-esencia_ItsasMuseoa.zip\" target=\"_self\" role=\"button\" download=\"EXPO_Rumbo-a-la-esencia_ItsasMuseoa.zip\" aria-label=\"Deskargatu irudiak edo .zip karpeta\" rel=\"noopener\">\n\t\t\t\t\t\tDeskargatu irudiak edo .zip karpeta\n\t\t\t\t\t<\/a>\n\t\t\t\t\t01\/10\/2021 &#8211; EXPOSICI\u00d3N\n\t\t<h4>RUMBO A LA ESENCIA<\/h4>\n\t\t\t\t\t<p>La exposici\u00f3n muestra el trabajo de creaci\u00f3n del \u00faltimo c\u00f3mic del artista donostiarra Josean Olabe de principio a fin.<\/p>\t\t\t\t\n\t\t\t\t\t\t\t<img decoding=\"async\" src=\"https:\/\/itsasmuseoa.eus\/wp-content\/uploads\/2021\/09\/BannerWEB.jpg\" alt=\"BannerWEB\" \/>\n\t<a href=\"https:\/\/itsasmuseoa.eus\/wp-content\/uploads\/2021\/06\/21_NP_Exposicion_RumboaLaEsencia.pdf\" target=\"_self\" role=\"button\" download=\"21_NP_Exposicion_RumboaLaEsencia.pdf\" aria-label=\"Prentsa oharra deskargatu\" rel=\"noopener\">\n\t\t\t\t\t\tPrentsa oharra deskargatu\n\t\t\t\t\t<\/a>\n\t<a href=\"https:\/\/itsasmuseoa.eus\/wp-content\/uploads\/2021\/06\/21_NP_Exposicion_RumboaLaEsencia.pdf\" target=\"_self\" role=\"button\" download=\"21_NP_Exposicion_RumboaLaEsencia.pdf\" aria-label=\"Prentsa oharra deskargatu\" rel=\"noopener\">\n\t\t\t\t\t\tPrentsa oharra deskargatu\n\t\t\t\t\t<\/a>\n\t\t\t\t\t16\/09\/2021 &#8211; PROGRAMACI\u00d3N EXPOSICI\u00d3N\n\t\t<h4>#EMBARCACON&#8230;<\/h4>\n\t\t\t\t\t<p>El Euskal Itsas Museoa presenta este oto\u00f1o eventos para experimentar en primera persona un d\u00eda a bordo durante la Primera Vuelta al Mundo.<\/p>\t\t\t\t\n\t\t\t\t\t\t\t<img decoding=\"async\" src=\"https:\/\/itsasmuseoa.eus\/wp-content\/uploads\/2021\/09\/Embarca-con...-Ontziratu-zaitez.jpg\" alt=\"Embarca con... Ontziratu zaitez\" \/>\n\t<a href=\"https:\/\/itsasmuseoa.eus\/wp-content\/uploads\/2021\/06\/21_NP_Udazkena_programazioa.pdf\" target=\"_self\" role=\"button\" download=\"21_NP_Udazkena_programazioa.pdf\" aria-label=\"Prentsa oharra deskargatu\" rel=\"noopener\">\n\t\t\t\t\t\tPrentsa oharra deskargatu\n\t\t\t\t\t<\/a>\n\t<a href=\"https:\/\/itsasmuseoa.eus\/wp-content\/uploads\/2021\/09\/Embarca-con...-Ontziratu-zaitez.jpg\" target=\"_self\" role=\"button\" download=\"Embarca-con...-Ontziratu-zaitez.jpg\" aria-label=\"Descargatu irudiak edo .zip karpeta\" rel=\"noopener\">\n\t\t\t\t\t\tDescargatu irudiak edo .zip karpeta\n\t\t\t\t\t<\/a>\n\t\t\t\t\t01\/09\/2021 &#8211; EKIMENA\n\t\t<h4>#KONTXA100<\/h4>\n\t\t\t\t\t<p>&nbsp;El&nbsp;<strong>Aquarium y el Euskal Itsas Museoa<\/strong> presentan la&nbsp;<strong>5\u00aa edici\u00f3n<\/strong>&nbsp;del proyecto&nbsp;<strong>#KONTXA100<\/strong> para narrar lo acontecido en las Regatas de la Concha de hace un siglo.<\/p>\t\t\t\t\n\t\t\t\t\t\t\t<img decoding=\"async\" src=\"https:\/\/itsasmuseoa.eus\/wp-content\/uploads\/2021\/08\/agenda-arraun-asteko-bertso-saioa-2021-1.jpg\" alt=\"Arraun astea - Euskal Itsas Museoa - Bertso saioa\" \/>\n\t<a href=\"https:\/\/itsasmuseoa.eus\/wp-content\/uploads\/2021\/07\/prensa-24-horas-Nao.pdf\" target=\"_self\" role=\"button\" download=\"prensa-24-horas-Nao.pdf\" aria-label=\"Prentsa oharra deskargatu\" rel=\"noopener\">\n\t\t\t\t\t\tPrentsa oharra deskargatu\n\t\t\t\t\t<\/a>\n\t<a href=\"https:\/\/itsasmuseoa.eus\/wp-content\/uploads\/2021\/06\/21_NP_ARRAUNASTEA-1.pdf\" target=\"_self\" role=\"button\" download=\"21_NP_ARRAUNASTEA-1.pdf\" aria-label=\"Prentsa oharra deskargatu\" rel=\"noopener\">\n\t\t\t\t\t\tPrentsa oharra deskargatu\n\t\t\t\t\t<\/a>\n\t<a href=\"https:\/\/itsasmuseoa.eus\/wp-content\/uploads\/2021\/06\/wetransfer_img-20210901-wa0014-jpg_2021-09-01_1116.zip\" target=\"_self\" role=\"button\" download=\"wetransfer_img-20210901-wa0014-jpg_2021-09-01_1116.zip\" aria-label=\"Deskargatu irudiak edo .zip karpeta\" rel=\"noopener\">\n\t\t\t\t\t\tDeskargatu irudiak edo .zip karpeta\n\t\t\t\t\t<\/a>\n\t\t\t\t\t25\/06\/2021 &#8211; EXPOSICI\u00d3N TEMPORAL\n\t\t<h4>24H. Un d\u00eda en La Victoria<\/h4>\n\t\t\t\t\t<p>El Euskal Itsas Museoa presenta la exposici\u00f3n &#8220;24H. Un d\u00eda en la Victoria&#8221; que invita a vivir un d\u00eda y una noche en la nao que di\u00f3 la Primera Vuelta al Mundo&#8221;.<\/p>\t\t\t\t\n\t\t\t\t\t\t\t<img decoding=\"async\" src=\"https:\/\/itsasmuseoa.eus\/wp-content\/uploads\/2021\/07\/24h-en-la-victoria-intro.jpg\" alt=\"Cartel ilustrativo de la Exposici\u00f3n Un d\u00eda en La Victoria\" \/>\n\t<a href=\"https:\/\/itsasmuseoa.eus\/wp-content\/uploads\/2021\/07\/prensa-24-horas-Nao.pdf\" target=\"_self\" role=\"button\" download=\"prensa-24-horas-Nao.pdf\" aria-label=\"Prentsa oharra deskargatu\" rel=\"noopener\">\n\t\t\t\t\t\tPrentsa oharra deskargatu\n\t\t\t\t\t<\/a>\n\t<a href=\"https:\/\/itsasmuseoa.eus\/wp-content\/uploads\/2021\/07\/Leopoldina-Rosa-prensa.zip\" target=\"_self\" role=\"button\" download=\"Leopoldina-Rosa-prensa.zip\" aria-label=\"Deskargatu irudiak edo .zip karpeta\" rel=\"noopener\">\n\t\t\t\t\t\tDeskargatu irudiak edo .zip karpeta\n\t\t\t\t\t<\/a>\n\t\t\t\t\t25\/05\/2021 &#8211; ACTIVIDAD\n\t\t<h4>Bertsoak museoan!<\/h4>\n\t\t\t\t\t<p>Euskal Itsas Museoak migrazioari buruzko bertso saio bat antolatu du larunbatean Jon Maia eta Amets Arzallusekin.<\/p>\t\t\t\t\n\t\t\t\t\t\t\t<img decoding=\"async\" src=\"https:\/\/itsasmuseoa.eus\/wp-content\/uploads\/2021\/07\/prensa-bertsoak-museoan.jpg\" alt=\"Nota de prensa - Bertsoak Museoan\" \/>\n\t<a href=\"https:\/\/itsasmuseoa.eus\/wp-content\/uploads\/2021\/07\/bertso-saioa-nota-de-prensa.pdf\" target=\"_self\" role=\"button\" download=\"bertso-saioa-nota-de-prensa.pdf\" aria-label=\"Prentsa oharra deskargatu\" rel=\"noopener\">\n\t\t\t\t\t\tPrentsa oharra deskargatu\n\t\t\t\t\t<\/a>\n\t<a href=\"https:\/\/itsasmuseoa.eus\/wp-content\/uploads\/2021\/07\/Bertsoak-Museoan-Prensa.zip\" target=\"_self\" role=\"button\" download=\"Bertsoak-Museoan-Prensa.zip\" aria-label=\"Deskargatu irudiak edo .zip karpeta\" rel=\"noopener\">\n\t\t\t\t\t\tDeskargatu irudiak edo .zip karpeta\n\t\t\t\t\t<\/a>\n\t\t\t\t\t30\/04\/2021 &#8211; INICIATIVA\n\t\t<h4>El mar que compartimos<\/h4>\n\t\t\t\t\t<p>El Euskal Itsas Museoa indaga en el fen\u00f3meno de la migraci\u00f3n actual e hist\u00f3rica en una iniciativa online con la periodista Ane Irazabal.<\/p>\t\t\t\t\n\t\t\t\t\t\t\t<img decoding=\"async\" src=\"https:\/\/itsasmuseoa.eus\/wp-content\/uploads\/2021\/07\/prensa-el-mar-que-compartimos.jpg\" alt=\"Nota de Prensa - El mar que compartimos\" \/>\n\t<a href=\"https:\/\/itsasmuseoa.eus\/wp-content\/uploads\/2021\/07\/prensa-el-mar-que-compartimos.pdf\" target=\"_self\" role=\"button\" download=\"prensa-el-mar-que-compartimos.pdf\" aria-label=\"Prentsa oharra deskargatu\" rel=\"noopener\">\n\t\t\t\t\t\tPrentsa oharra deskargatu\n\t\t\t\t\t<\/a>\n\t<a href=\"https:\/\/itsasmuseoa.eus\/wp-content\/uploads\/pdf\/El-Mar-Que-Compartimos-prensa.zip\" target=\"_self\" role=\"button\" download=\"El-Mar-Que-Compartimos-prensa.zip\" aria-label=\"Deskargatu irudiak edo .zip karpeta\" rel=\"noopener\">\n\t\t\t\t\t\tDeskargatu irudiak edo .zip karpeta\n\t\t\t\t\t<\/a>\n\t\t\t\t\t2021\/03\/02 &#8211; ALDI BATERAKO ERAKUSKETA\n\t\t<h4>&#8220;Leopoldina Rosa: gaur egungo istorio bat&#8221; eta &#8220;Leo eta Dinarekin odisea&#8221;<\/h4>\n\t\t\t\t\t<p>Euskal Itsas Museoak \u00abLeopoldina Rosa: gaur egungo istorio bat\u00bb aurkezten du,<br \/>migrazioaren iraganari eta oraingoari buruzko hausnarketa, hain zuzen ere.<\/p>\t\t\t\t\n\t\t\t\t\t\t\t<img decoding=\"async\" src=\"https:\/\/itsasmuseoa.eus\/wp-content\/uploads\/2021\/07\/prensa-leopoldina-rosa.jpg\" alt=\"Nota de Prensa - Leopoldina Rosa\" \/>\n\t<a href=\"https:\/\/itsasmuseoa.eus\/wp-content\/uploads\/2021\/07\/Leopoldina-nota-de-prensa.pdf\" target=\"_self\" role=\"button\" download=\"Leopoldina-nota-de-prensa.pdf\" aria-label=\"Prentsa oharra deskargatu\" rel=\"noopener\">\n\t\t\t\t\t\tPrentsa oharra deskargatu\n\t\t\t\t\t<\/a>\n\t<a href=\"https:\/\/itsasmuseoa.eus\/wp-content\/uploads\/2021\/07\/Leopoldina-Rosa-prensa.zip\" target=\"_self\" role=\"button\" download=\"Leopoldina-Rosa-prensa.zip\" aria-label=\"Deskargatu irudiak edo .zip karpeta\" rel=\"noopener\">\n\t\t\t\t\t\tDeskargatu irudiak edo .zip karpeta\n\t\t\t\t\t<\/a>\n\n","protected":false},"excerpt":{"rendered":"<p>Inicio Prentsa Eskuliburu korporatiboa: Itsas museoa logotipoa eta bere aplikazioak PDF formatuan. Deskargatu ArgazkiakEuskal Itsas Museoko argazkiak Deskargatu Kontaktua:943 43 00 51komunikazioa@itsasmuseoa.eus 2023\/02\/16 &#8211; 2024\/01\/26 &#8211; ERAKUSKETA Moilak. Tradizioz Berritzaileak Erakusketa honek azken bi mendeetan euskal portuek izan duten eginkizun garrantzitsua biltzen du: batetik, etengabeko berrikuntza ekonomiko, sozial eta teknologikorako guneak izan dira; eta, bestetik,&hellip;<\/p>\n","protected":false},"author":1,"featured_media":0,"parent":0,"menu_order":0,"comment_status":"closed","ping_status":"closed","template":"","meta":{"_acf_changed":false,"footnotes":""},"categories":[122],"tags":[],"class_list":["post-5469","page","type-page","status-publish","hentry","category-orria"],"acf":[],"yoast_head":"<!-- This site is optimized with the Yoast SEO plugin v27.6 - https:\/\/yoast.com\/product\/yoast-seo-wordpress\/ -->\n<title>Prentsa - Euskal Itsas Museoa<\/title>\n<meta name=\"robots\" content=\"index, follow, max-snippet:-1, max-image-preview:large, max-video-preview:-1\" \/>\n<link rel=\"canonical\" href=\"https:\/\/itsasmuseoa.eus\/eu\/prentsa\/\" \/>\n<meta property=\"og:locale\" content=\"eu_ES\" \/>\n<meta property=\"og:type\" content=\"article\" \/>\n<meta property=\"og:title\" content=\"Prentsa - Euskal Itsas Museoa\" \/>\n<meta property=\"og:description\" content=\"Inicio Prentsa Eskuliburu korporatiboa: Itsas museoa logotipoa eta bere aplikazioak PDF formatuan. Deskargatu ArgazkiakEuskal Itsas Museoko argazkiak Deskargatu Kontaktua:943 43 00 51komunikazioa@itsasmuseoa.eus 2023\/02\/16 &#8211; 2024\/01\/26 &#8211; ERAKUSKETA Moilak. Tradizioz Berritzaileak Erakusketa honek azken bi mendeetan euskal portuek izan duten eginkizun garrantzitsua biltzen du: batetik, etengabeko berrikuntza ekonomiko, sozial eta teknologikorako guneak izan dira; eta, bestetik,&hellip;\" \/>\n<meta property=\"og:url\" content=\"https:\/\/itsasmuseoa.eus\/eu\/prentsa\/\" \/>\n<meta property=\"og:site_name\" content=\"Euskal Itsas Museoa\" \/>\n<meta property=\"article:modified_time\" content=\"2024-04-12T12:04:25+00:00\" \/>\n<meta property=\"og:image\" content=\"https:\/\/itsasmuseoa.eus\/flecha-breadcrumbs\/\" \/>\n<meta name=\"twitter:card\" content=\"summary_large_image\" \/>\n<meta name=\"twitter:label1\" content=\"Est. reading time\" \/>\n\t<meta name=\"twitter:data1\" content=\"3 minutes\" \/>\n<script type=\"application\/ld+json\" class=\"yoast-schema-graph\">{\"@context\":\"https:\\\/\\\/schema.org\",\"@graph\":[{\"@type\":\"WebPage\",\"@id\":\"https:\\\/\\\/itsasmuseoa.eus\\\/eu\\\/prentsa\\\/\",\"url\":\"https:\\\/\\\/itsasmuseoa.eus\\\/eu\\\/prentsa\\\/\",\"name\":\"Prentsa - Euskal Itsas Museoa\",\"isPartOf\":{\"@id\":\"https:\\\/\\\/itsasmuseoa.eus\\\/eu\\\/#website\"},\"primaryImageOfPage\":{\"@id\":\"https:\\\/\\\/itsasmuseoa.eus\\\/eu\\\/prentsa\\\/#primaryimage\"},\"image\":{\"@id\":\"https:\\\/\\\/itsasmuseoa.eus\\\/eu\\\/prentsa\\\/#primaryimage\"},\"thumbnailUrl\":\"https:\\\/\\\/itsasmuseoa.eus\\\/flecha-breadcrumbs\\\/\",\"datePublished\":\"2021-07-16T14:41:23+00:00\",\"dateModified\":\"2024-04-12T12:04:25+00:00\",\"breadcrumb\":{\"@id\":\"https:\\\/\\\/itsasmuseoa.eus\\\/eu\\\/prentsa\\\/#breadcrumb\"},\"inLanguage\":\"eu-ES\",\"potentialAction\":[{\"@type\":\"ReadAction\",\"target\":[\"https:\\\/\\\/itsasmuseoa.eus\\\/eu\\\/prentsa\\\/\"]}]},{\"@type\":\"ImageObject\",\"inLanguage\":\"eu-ES\",\"@id\":\"https:\\\/\\\/itsasmuseoa.eus\\\/eu\\\/prentsa\\\/#primaryimage\",\"url\":\"https:\\\/\\\/itsasmuseoa.eus\\\/flecha-breadcrumbs\\\/\",\"contentUrl\":\"https:\\\/\\\/itsasmuseoa.eus\\\/flecha-breadcrumbs\\\/\"},{\"@type\":\"BreadcrumbList\",\"@id\":\"https:\\\/\\\/itsasmuseoa.eus\\\/eu\\\/prentsa\\\/#breadcrumb\",\"itemListElement\":[{\"@type\":\"ListItem\",\"position\":1,\"name\":\"Inicio\",\"item\":\"https:\\\/\\\/itsasmuseoa.eus\\\/eu\\\/\"},{\"@type\":\"ListItem\",\"position\":2,\"name\":\"Prentsa\"}]},{\"@type\":\"WebSite\",\"@id\":\"https:\\\/\\\/itsasmuseoa.eus\\\/eu\\\/#website\",\"url\":\"https:\\\/\\\/itsasmuseoa.eus\\\/eu\\\/\",\"name\":\"Euskal Itsas Museoa\",\"description\":\"Museo Mar\u00edtimo Vasco\",\"potentialAction\":[{\"@type\":\"SearchAction\",\"target\":{\"@type\":\"EntryPoint\",\"urlTemplate\":\"https:\\\/\\\/itsasmuseoa.eus\\\/eu\\\/?s={search_term_string}\"},\"query-input\":{\"@type\":\"PropertyValueSpecification\",\"valueRequired\":true,\"valueName\":\"search_term_string\"}}],\"inLanguage\":\"eu-ES\"}]}<\/script>\n<!-- \/ Yoast SEO plugin. -->","yoast_head_json":{"title":"Prentsa - Euskal Itsas Museoa","robots":{"index":"index","follow":"follow","max-snippet":"max-snippet:-1","max-image-preview":"max-image-preview:large","max-video-preview":"max-video-preview:-1"},"canonical":"https:\/\/itsasmuseoa.eus\/eu\/prentsa\/","og_locale":"eu_ES","og_type":"article","og_title":"Prentsa - Euskal Itsas Museoa","og_description":"Inicio Prentsa Eskuliburu korporatiboa: Itsas museoa logotipoa eta bere aplikazioak PDF formatuan. Deskargatu ArgazkiakEuskal Itsas Museoko argazkiak Deskargatu Kontaktua:943 43 00 51komunikazioa@itsasmuseoa.eus 2023\/02\/16 &#8211; 2024\/01\/26 &#8211; ERAKUSKETA Moilak. Tradizioz Berritzaileak Erakusketa honek azken bi mendeetan euskal portuek izan duten eginkizun garrantzitsua biltzen du: batetik, etengabeko berrikuntza ekonomiko, sozial eta teknologikorako guneak izan dira; eta, bestetik,&hellip;","og_url":"https:\/\/itsasmuseoa.eus\/eu\/prentsa\/","og_site_name":"Euskal Itsas Museoa","article_modified_time":"2024-04-12T12:04:25+00:00","og_image":[{"url":"https:\/\/itsasmuseoa.eus\/flecha-breadcrumbs\/","type":"","width":"","height":""}],"twitter_card":"summary_large_image","twitter_misc":{"Est. reading time":"3 minutes"},"schema":{"@context":"https:\/\/schema.org","@graph":[{"@type":"WebPage","@id":"https:\/\/itsasmuseoa.eus\/eu\/prentsa\/","url":"https:\/\/itsasmuseoa.eus\/eu\/prentsa\/","name":"Prentsa - Euskal Itsas Museoa","isPartOf":{"@id":"https:\/\/itsasmuseoa.eus\/eu\/#website"},"primaryImageOfPage":{"@id":"https:\/\/itsasmuseoa.eus\/eu\/prentsa\/#primaryimage"},"image":{"@id":"https:\/\/itsasmuseoa.eus\/eu\/prentsa\/#primaryimage"},"thumbnailUrl":"https:\/\/itsasmuseoa.eus\/flecha-breadcrumbs\/","datePublished":"2021-07-16T14:41:23+00:00","dateModified":"2024-04-12T12:04:25+00:00","breadcrumb":{"@id":"https:\/\/itsasmuseoa.eus\/eu\/prentsa\/#breadcrumb"},"inLanguage":"eu-ES","potentialAction":[{"@type":"ReadAction","target":["https:\/\/itsasmuseoa.eus\/eu\/prentsa\/"]}]},{"@type":"ImageObject","inLanguage":"eu-ES","@id":"https:\/\/itsasmuseoa.eus\/eu\/prentsa\/#primaryimage","url":"https:\/\/itsasmuseoa.eus\/flecha-breadcrumbs\/","contentUrl":"https:\/\/itsasmuseoa.eus\/flecha-breadcrumbs\/"},{"@type":"BreadcrumbList","@id":"https:\/\/itsasmuseoa.eus\/eu\/prentsa\/#breadcrumb","itemListElement":[{"@type":"ListItem","position":1,"name":"Inicio","item":"https:\/\/itsasmuseoa.eus\/eu\/"},{"@type":"ListItem","position":2,"name":"Prentsa"}]},{"@type":"WebSite","@id":"https:\/\/itsasmuseoa.eus\/eu\/#website","url":"https:\/\/itsasmuseoa.eus\/eu\/","name":"Euskal Itsas Museoa","description":"Museo Mar\u00edtimo Vasco","potentialAction":[{"@type":"SearchAction","target":{"@type":"EntryPoint","urlTemplate":"https:\/\/itsasmuseoa.eus\/eu\/?s={search_term_string}"},"query-input":{"@type":"PropertyValueSpecification","valueRequired":true,"valueName":"search_term_string"}}],"inLanguage":"eu-ES"}]}},"_links":{"self":[{"href":"https:\/\/itsasmuseoa.eus\/eu\/wp-json\/wp\/v2\/pages\/5469","targetHints":{"allow":["GET"]}}],"collection":[{"href":"https:\/\/itsasmuseoa.eus\/eu\/wp-json\/wp\/v2\/pages"}],"about":[{"href":"https:\/\/itsasmuseoa.eus\/eu\/wp-json\/wp\/v2\/types\/page"}],"author":[{"embeddable":true,"href":"https:\/\/itsasmuseoa.eus\/eu\/wp-json\/wp\/v2\/users\/1"}],"replies":[{"embeddable":true,"href":"https:\/\/itsasmuseoa.eus\/eu\/wp-json\/wp\/v2\/comments?post=5469"}],"version-history":[{"count":0,"href":"https:\/\/itsasmuseoa.eus\/eu\/wp-json\/wp\/v2\/pages\/5469\/revisions"}],"wp:attachment":[{"href":"https:\/\/itsasmuseoa.eus\/eu\/wp-json\/wp\/v2\/media?parent=5469"}],"wp:term":[{"taxonomy":"category","embeddable":true,"href":"https:\/\/itsasmuseoa.eus\/eu\/wp-json\/wp\/v2\/categories?post=5469"},{"taxonomy":"post_tag","embeddable":true,"href":"https:\/\/itsasmuseoa.eus\/eu\/wp-json\/wp\/v2\/tags?post=5469"}],"curies":[{"name":"wp","href":"https:\/\/api.w.org\/{rel}","templated":true}]}}