{"id":6998,"date":"2021-09-07T17:56:55","date_gmt":"2021-09-07T15:56:55","guid":{"rendered":"https:\/\/itsasmuseoa.eus\/jarduerak\/itsasertzetik\/bainujantziare-bilakera-donostian\/"},"modified":"2023-06-23T15:13:17","modified_gmt":"2023-06-23T13:13:17","slug":"bainujantziare-bilakera-donostian","status":"publish","type":"page","link":"https:\/\/itsasmuseoa.eus\/eu\/jarduerak\/multimedia\/bainujantziare-bilakera-donostian\/","title":{"rendered":"Bainujantziaren bilakera Donostian"},"content":{"rendered":"","protected":false},"excerpt":{"rendered":"<p>Donostiako bainu janzkeraren bilakaeraren analisia, kultura aldaketen erritmoan eta denboran zehar nagusi zen moraltasunaren zentzuarekin.<\/p>\n","protected":false},"author":1,"featured_media":4321,"parent":5414,"menu_order":0,"comment_status":"closed","ping_status":"closed","template":"","meta":{"_acf_changed":false,"footnotes":""},"categories":[369],"tags":[580,139],"class_list":["post-6998","page","type-page","status-publish","has-post-thumbnail","hentry","category-artikulua","tag-artikulua","tag-bainua"],"acf":[],"yoast_head":"<!-- This site is optimized with the Yoast SEO plugin v27.4 - https:\/\/yoast.com\/product\/yoast-seo-wordpress\/ -->\n<title>Bainujantziaren bilakera Donostian - Euskal Itsas Museoa<\/title>\n<meta name=\"robots\" content=\"index, follow, max-snippet:-1, max-image-preview:large, max-video-preview:-1\" \/>\n<link rel=\"canonical\" href=\"https:\/\/itsasmuseoa.eus\/eu\/jarduerak\/multimedia\/bainujantziare-bilakera-donostian\/\" \/>\n<meta property=\"og:locale\" content=\"eu_ES\" \/>\n<meta property=\"og:type\" content=\"article\" \/>\n<meta property=\"og:title\" content=\"Bainujantziaren bilakera Donostian - Euskal Itsas Museoa\" \/>\n<meta property=\"og:description\" content=\"Donostiako bainu janzkeraren bilakaeraren analisia, kultura aldaketen erritmoan eta denboran zehar nagusi zen moraltasunaren zentzuarekin.\" \/>\n<meta property=\"og:url\" content=\"https:\/\/itsasmuseoa.eus\/eu\/jarduerak\/multimedia\/bainujantziare-bilakera-donostian\/\" \/>\n<meta property=\"og:site_name\" content=\"Euskal Itsas Museoa\" \/>\n<meta property=\"article:modified_time\" content=\"2023-06-23T13:13:17+00:00\" \/>\n<meta property=\"og:image\" content=\"https:\/\/itsasmuseoa.eus\/wp-content\/uploads\/2021\/07\/itsasertzetik-evolucion-traje-bagno.jpg\" \/>\n\t<meta property=\"og:image:width\" content=\"1920\" \/>\n\t<meta property=\"og:image:height\" content=\"1080\" \/>\n\t<meta property=\"og:image:type\" content=\"image\/jpeg\" \/>\n<meta name=\"twitter:card\" content=\"summary_large_image\" \/>\n<script type=\"application\/ld+json\" class=\"yoast-schema-graph\">{\"@context\":\"https:\\\/\\\/schema.org\",\"@graph\":[{\"@type\":\"WebPage\",\"@id\":\"https:\\\/\\\/itsasmuseoa.eus\\\/eu\\\/jarduerak\\\/multimedia\\\/bainujantziare-bilakera-donostian\\\/\",\"url\":\"https:\\\/\\\/itsasmuseoa.eus\\\/eu\\\/jarduerak\\\/multimedia\\\/bainujantziare-bilakera-donostian\\\/\",\"name\":\"Bainujantziaren bilakera Donostian - Euskal Itsas Museoa\",\"isPartOf\":{\"@id\":\"https:\\\/\\\/itsasmuseoa.eus\\\/eu\\\/#website\"},\"primaryImageOfPage\":{\"@id\":\"https:\\\/\\\/itsasmuseoa.eus\\\/eu\\\/jarduerak\\\/multimedia\\\/bainujantziare-bilakera-donostian\\\/#primaryimage\"},\"image\":{\"@id\":\"https:\\\/\\\/itsasmuseoa.eus\\\/eu\\\/jarduerak\\\/multimedia\\\/bainujantziare-bilakera-donostian\\\/#primaryimage\"},\"thumbnailUrl\":\"https:\\\/\\\/itsasmuseoa.eus\\\/wp-content\\\/uploads\\\/2021\\\/07\\\/itsasertzetik-evolucion-traje-bagno.jpg\",\"datePublished\":\"2021-09-07T15:56:55+00:00\",\"dateModified\":\"2023-06-23T13:13:17+00:00\",\"breadcrumb\":{\"@id\":\"https:\\\/\\\/itsasmuseoa.eus\\\/eu\\\/jarduerak\\\/multimedia\\\/bainujantziare-bilakera-donostian\\\/#breadcrumb\"},\"inLanguage\":\"eu-ES\",\"potentialAction\":[{\"@type\":\"ReadAction\",\"target\":[\"https:\\\/\\\/itsasmuseoa.eus\\\/eu\\\/jarduerak\\\/multimedia\\\/bainujantziare-bilakera-donostian\\\/\"]}]},{\"@type\":\"ImageObject\",\"inLanguage\":\"eu-ES\",\"@id\":\"https:\\\/\\\/itsasmuseoa.eus\\\/eu\\\/jarduerak\\\/multimedia\\\/bainujantziare-bilakera-donostian\\\/#primaryimage\",\"url\":\"https:\\\/\\\/itsasmuseoa.eus\\\/wp-content\\\/uploads\\\/2021\\\/07\\\/itsasertzetik-evolucion-traje-bagno.jpg\",\"contentUrl\":\"https:\\\/\\\/itsasmuseoa.eus\\\/wp-content\\\/uploads\\\/2021\\\/07\\\/itsasertzetik-evolucion-traje-bagno.jpg\",\"width\":1920,\"height\":1080,\"caption\":\"Evoluci\u00f3n del traje de ba\u00f1o en San Sebasti\u00e1n\"},{\"@type\":\"BreadcrumbList\",\"@id\":\"https:\\\/\\\/itsasmuseoa.eus\\\/eu\\\/jarduerak\\\/multimedia\\\/bainujantziare-bilakera-donostian\\\/#breadcrumb\",\"itemListElement\":[{\"@type\":\"ListItem\",\"position\":1,\"name\":\"Inicio\",\"item\":\"https:\\\/\\\/itsasmuseoa.eus\\\/eu\\\/\"},{\"@type\":\"ListItem\",\"position\":2,\"name\":\"Jarduerak\",\"item\":\"https:\\\/\\\/itsasmuseoa.eus\\\/eu\\\/actividades\\\/\"},{\"@type\":\"ListItem\",\"position\":3,\"name\":\"Multimedia\",\"item\":\"https:\\\/\\\/itsasmuseoa.eus\\\/eu\\\/jarduerak\\\/multimedia\\\/\"},{\"@type\":\"ListItem\",\"position\":4,\"name\":\"Bainujantziaren bilakera Donostian\"}]},{\"@type\":\"WebSite\",\"@id\":\"https:\\\/\\\/itsasmuseoa.eus\\\/eu\\\/#website\",\"url\":\"https:\\\/\\\/itsasmuseoa.eus\\\/eu\\\/\",\"name\":\"Euskal Itsas Museoa\",\"description\":\"Museo Mar\u00edtimo Vasco\",\"potentialAction\":[{\"@type\":\"SearchAction\",\"target\":{\"@type\":\"EntryPoint\",\"urlTemplate\":\"https:\\\/\\\/itsasmuseoa.eus\\\/eu\\\/?s={search_term_string}\"},\"query-input\":{\"@type\":\"PropertyValueSpecification\",\"valueRequired\":true,\"valueName\":\"search_term_string\"}}],\"inLanguage\":\"eu-ES\"}]}<\/script>\n<!-- \/ Yoast SEO plugin. -->","yoast_head_json":{"title":"Bainujantziaren bilakera Donostian - Euskal Itsas Museoa","robots":{"index":"index","follow":"follow","max-snippet":"max-snippet:-1","max-image-preview":"max-image-preview:large","max-video-preview":"max-video-preview:-1"},"canonical":"https:\/\/itsasmuseoa.eus\/eu\/jarduerak\/multimedia\/bainujantziare-bilakera-donostian\/","og_locale":"eu_ES","og_type":"article","og_title":"Bainujantziaren bilakera Donostian - Euskal Itsas Museoa","og_description":"Donostiako bainu janzkeraren bilakaeraren analisia, kultura aldaketen erritmoan eta denboran zehar nagusi zen moraltasunaren zentzuarekin.","og_url":"https:\/\/itsasmuseoa.eus\/eu\/jarduerak\/multimedia\/bainujantziare-bilakera-donostian\/","og_site_name":"Euskal Itsas Museoa","article_modified_time":"2023-06-23T13:13:17+00:00","og_image":[{"width":1920,"height":1080,"url":"https:\/\/itsasmuseoa.eus\/wp-content\/uploads\/2021\/07\/itsasertzetik-evolucion-traje-bagno.jpg","type":"image\/jpeg"}],"twitter_card":"summary_large_image","schema":{"@context":"https:\/\/schema.org","@graph":[{"@type":"WebPage","@id":"https:\/\/itsasmuseoa.eus\/eu\/jarduerak\/multimedia\/bainujantziare-bilakera-donostian\/","url":"https:\/\/itsasmuseoa.eus\/eu\/jarduerak\/multimedia\/bainujantziare-bilakera-donostian\/","name":"Bainujantziaren bilakera Donostian - Euskal Itsas Museoa","isPartOf":{"@id":"https:\/\/itsasmuseoa.eus\/eu\/#website"},"primaryImageOfPage":{"@id":"https:\/\/itsasmuseoa.eus\/eu\/jarduerak\/multimedia\/bainujantziare-bilakera-donostian\/#primaryimage"},"image":{"@id":"https:\/\/itsasmuseoa.eus\/eu\/jarduerak\/multimedia\/bainujantziare-bilakera-donostian\/#primaryimage"},"thumbnailUrl":"https:\/\/itsasmuseoa.eus\/wp-content\/uploads\/2021\/07\/itsasertzetik-evolucion-traje-bagno.jpg","datePublished":"2021-09-07T15:56:55+00:00","dateModified":"2023-06-23T13:13:17+00:00","breadcrumb":{"@id":"https:\/\/itsasmuseoa.eus\/eu\/jarduerak\/multimedia\/bainujantziare-bilakera-donostian\/#breadcrumb"},"inLanguage":"eu-ES","potentialAction":[{"@type":"ReadAction","target":["https:\/\/itsasmuseoa.eus\/eu\/jarduerak\/multimedia\/bainujantziare-bilakera-donostian\/"]}]},{"@type":"ImageObject","inLanguage":"eu-ES","@id":"https:\/\/itsasmuseoa.eus\/eu\/jarduerak\/multimedia\/bainujantziare-bilakera-donostian\/#primaryimage","url":"https:\/\/itsasmuseoa.eus\/wp-content\/uploads\/2021\/07\/itsasertzetik-evolucion-traje-bagno.jpg","contentUrl":"https:\/\/itsasmuseoa.eus\/wp-content\/uploads\/2021\/07\/itsasertzetik-evolucion-traje-bagno.jpg","width":1920,"height":1080,"caption":"Evoluci\u00f3n del traje de ba\u00f1o en San Sebasti\u00e1n"},{"@type":"BreadcrumbList","@id":"https:\/\/itsasmuseoa.eus\/eu\/jarduerak\/multimedia\/bainujantziare-bilakera-donostian\/#breadcrumb","itemListElement":[{"@type":"ListItem","position":1,"name":"Inicio","item":"https:\/\/itsasmuseoa.eus\/eu\/"},{"@type":"ListItem","position":2,"name":"Jarduerak","item":"https:\/\/itsasmuseoa.eus\/eu\/actividades\/"},{"@type":"ListItem","position":3,"name":"Multimedia","item":"https:\/\/itsasmuseoa.eus\/eu\/jarduerak\/multimedia\/"},{"@type":"ListItem","position":4,"name":"Bainujantziaren bilakera Donostian"}]},{"@type":"WebSite","@id":"https:\/\/itsasmuseoa.eus\/eu\/#website","url":"https:\/\/itsasmuseoa.eus\/eu\/","name":"Euskal Itsas Museoa","description":"Museo Mar\u00edtimo Vasco","potentialAction":[{"@type":"SearchAction","target":{"@type":"EntryPoint","urlTemplate":"https:\/\/itsasmuseoa.eus\/eu\/?s={search_term_string}"},"query-input":{"@type":"PropertyValueSpecification","valueRequired":true,"valueName":"search_term_string"}}],"inLanguage":"eu-ES"}]}},"_links":{"self":[{"href":"https:\/\/itsasmuseoa.eus\/eu\/wp-json\/wp\/v2\/pages\/6998","targetHints":{"allow":["GET"]}}],"collection":[{"href":"https:\/\/itsasmuseoa.eus\/eu\/wp-json\/wp\/v2\/pages"}],"about":[{"href":"https:\/\/itsasmuseoa.eus\/eu\/wp-json\/wp\/v2\/types\/page"}],"author":[{"embeddable":true,"href":"https:\/\/itsasmuseoa.eus\/eu\/wp-json\/wp\/v2\/users\/1"}],"replies":[{"embeddable":true,"href":"https:\/\/itsasmuseoa.eus\/eu\/wp-json\/wp\/v2\/comments?post=6998"}],"version-history":[{"count":0,"href":"https:\/\/itsasmuseoa.eus\/eu\/wp-json\/wp\/v2\/pages\/6998\/revisions"}],"up":[{"embeddable":true,"href":"https:\/\/itsasmuseoa.eus\/eu\/wp-json\/wp\/v2\/pages\/5414"}],"wp:featuredmedia":[{"embeddable":true,"href":"https:\/\/itsasmuseoa.eus\/eu\/wp-json\/wp\/v2\/media\/4321"}],"wp:attachment":[{"href":"https:\/\/itsasmuseoa.eus\/eu\/wp-json\/wp\/v2\/media?parent=6998"}],"wp:term":[{"taxonomy":"category","embeddable":true,"href":"https:\/\/itsasmuseoa.eus\/eu\/wp-json\/wp\/v2\/categories?post=6998"},{"taxonomy":"post_tag","embeddable":true,"href":"https:\/\/itsasmuseoa.eus\/eu\/wp-json\/wp\/v2\/tags?post=6998"}],"curies":[{"name":"wp","href":"https:\/\/api.w.org\/{rel}","templated":true}]}}