{"id":11624,"date":"2022-08-10T17:52:19","date_gmt":"2022-08-10T15:52:19","guid":{"rendered":"https:\/\/itsasmuseoa.eus\/activites\/agenda\/tromelin-visite-guidee\/"},"modified":"2023-04-12T16:43:54","modified_gmt":"2023-04-12T14:43:54","slug":"tromelin-visite-guidee","status":"publish","type":"page","link":"https:\/\/itsasmuseoa.eus\/fr\/activites\/agenda\/tromelin-visite-guidee\/","title":{"rendered":"&#8220;MOILAK&#8221; Visite guid\u00e9e"},"content":{"rendered":"\n<a href=\"https:\/\/itsasmuseoa.eus\/fr\/\">Inicio<\/a> <img decoding=\"async\" src=\"https:\/\/itsasmuseoa.eus\/flecha-breadcrumbs\/\" alt=\"icono flecha\"> <a href=\"https:\/\/itsasmuseoa.eus\/fr\/activites\/\">Activit\u00e9s<\/a> <img decoding=\"async\" src=\"https:\/\/itsasmuseoa.eus\/flecha-breadcrumbs\/\" alt=\"icono flecha\"> <a href=\"https:\/\/itsasmuseoa.eus\/fr\/activites\/agenda\/\">Agenda<\/a> <img decoding=\"async\" src=\"https:\/\/itsasmuseoa.eus\/flecha-breadcrumbs\/\" alt=\"icono flecha\"> \u00abMOILAK\u00bb Visite guid\u00e9e\n\t\t<h2>\n\t\t\tTitle\n\t\t<\/h2>\n<h2>\n\t\tVisite guid\u00e9e\n\t<\/h2>\n<h1>\n\t\tVisite guid\u00e9e\n\t<\/h1>\n<h2>\n\t\tMOILAK. Traditionnellement Innovant\n\t<\/h2>\n<h2>\n\t\tHeure: Sur demande\n\t<\/h2>\n<h2>\n\t\tExposition\n\t<\/h2>\n<h2>\n\t\tPrix 2,5\u20ac\n\t<\/h2>\n\t<p>Le Mus\u00e9e propose des visites guid\u00e9es de l&#8217;exposition temporaire &#8220;Moilak: Traditionnellement Innovant&#8221; sur demande, dans la limite des places disponibles, du mardi au vendredi.<\/p>\n\t\t\t<a href=\"https:\/\/itsasmuseoa.eus\/fr\/reservation-de-billets\/?reserva=Visita guiada moilak Bajo demanda\" target=\"_self\" role=\"button\" rel=\"noopener\">\n\t\t\t\t\t\tReserver\n\t\t\t\t\t<\/a>\n\t<p><strong>MOILAK. Traditionnellement Innovant<\/strong><\/p>\n<p>Cette exposition illustre le r\u00f4le important qu&#8217;ont jou\u00e9 les ports basques au cours des derniers si\u00e8cles : ils constituaient des sites phares de l&#8217;innovation \u00e9conomique, sociale et technologique continue avec des impacts directs sur l&#8217;\u00e9volution historique du Pays Basque. L&#8217;innovation est-elle notre tradition?<\/p>\n<p>&nbsp;<\/p>\n\t\t\t\t<a href=\"https:\/\/itsasmuseoa.eus\/wp-content\/uploads\/2023\/04\/Banner_WEB_3-39.jpg\" target=\"_self\" itemprop=\"url\" rel=\"noopener\">\n\t\t\t\t<img decoding=\"async\" src=\"https:\/\/itsasmuseoa.eus\/wp-content\/uploads\/2023\/04\/Banner_WEB_3-39.jpg\" alt=\"Banner_WEB_3 (39)\" itemprop=\"image\" height=\"1200\" width=\"1800\" title=\"Banner_WEB_3 (39)\" onerror=\"this.style.display='none'\">\n\t\t\t\t<\/a>\n\t<a href=\"#\" id=\"trigger-\" data-modal=\"\" data-node=\"\">\n\t\t\t\t\t\t\tAGRANDIR LA PHOTO\n\t\t\t\t\t\t\t\t\t\t\t\t<\/a>\n\t\t\t\t\t\tPreview\n\t\t\tmodal-\n\t\t\t\t\t\t<img decoding=\"async\" src=\"\">\n","protected":false},"excerpt":{"rendered":"<p>Charla experiencial entre Xabier Alberdi y Aitor Arregi donde, adem\u00e1s de escucharles, podremos saborear a qu\u00e9 sab\u00edan las parrilladas de Elkano en la terraza del museo.<\/p>\n","protected":false},"author":4,"featured_media":13734,"parent":5410,"menu_order":0,"comment_status":"closed","ping_status":"closed","template":"","meta":{"_acf_changed":false,"footnotes":""},"categories":[],"tags":[62,434],"class_list":["post-11624","page","type-page","status-publish","has-post-thumbnail","hentry","tag-visita-guiada","tag-visite-guidee-fr"],"acf":[],"yoast_head":"<!-- This site is optimized with the Yoast SEO plugin v27.6 - https:\/\/yoast.com\/product\/yoast-seo-wordpress\/ -->\n<title>&quot;MOILAK&quot; Visite guid\u00e9e - Euskal Itsas Museoa<\/title>\n<meta name=\"robots\" content=\"index, follow, max-snippet:-1, max-image-preview:large, max-video-preview:-1\" \/>\n<link rel=\"canonical\" href=\"https:\/\/itsasmuseoa.eus\/fr\/activites\/agenda\/tromelin-visite-guidee\/\" \/>\n<meta property=\"og:locale\" content=\"fr_FR\" \/>\n<meta property=\"og:type\" content=\"article\" \/>\n<meta property=\"og:title\" content=\"&quot;MOILAK&quot; Visite guid\u00e9e - Euskal Itsas Museoa\" \/>\n<meta property=\"og:description\" content=\"Charla experiencial entre Xabier Alberdi y Aitor Arregi donde, adem\u00e1s de escucharles, podremos saborear a qu\u00e9 sab\u00edan las parrilladas de Elkano en la terraza del museo.\" \/>\n<meta property=\"og:url\" content=\"https:\/\/itsasmuseoa.eus\/fr\/activites\/agenda\/tromelin-visite-guidee\/\" \/>\n<meta property=\"og:site_name\" content=\"Euskal Itsas Museoa\" \/>\n<meta property=\"article:modified_time\" content=\"2023-04-12T14:43:54+00:00\" \/>\n<meta property=\"og:image\" content=\"https:\/\/itsasmuseoa.eus\/wp-content\/uploads\/2023\/04\/Banner_WEB_3-39.jpg\" \/>\n\t<meta property=\"og:image:width\" content=\"1800\" \/>\n\t<meta property=\"og:image:height\" content=\"1200\" \/>\n\t<meta property=\"og:image:type\" content=\"image\/jpeg\" \/>\n<meta name=\"twitter:card\" content=\"summary_large_image\" \/>\n<meta name=\"twitter:label1\" content=\"Dur\u00e9e de lecture estim\u00e9e\" \/>\n\t<meta name=\"twitter:data1\" content=\"2 minutes\" \/>\n<script type=\"application\/ld+json\" class=\"yoast-schema-graph\">{\"@context\":\"https:\\\/\\\/schema.org\",\"@graph\":[{\"@type\":\"WebPage\",\"@id\":\"https:\\\/\\\/itsasmuseoa.eus\\\/fr\\\/activites\\\/agenda\\\/tromelin-visite-guidee\\\/\",\"url\":\"https:\\\/\\\/itsasmuseoa.eus\\\/fr\\\/activites\\\/agenda\\\/tromelin-visite-guidee\\\/\",\"name\":\"\\\"MOILAK\\\" Visite guid\u00e9e - Euskal Itsas Museoa\",\"isPartOf\":{\"@id\":\"https:\\\/\\\/itsasmuseoa.eus\\\/fr\\\/#website\"},\"primaryImageOfPage\":{\"@id\":\"https:\\\/\\\/itsasmuseoa.eus\\\/fr\\\/activites\\\/agenda\\\/tromelin-visite-guidee\\\/#primaryimage\"},\"image\":{\"@id\":\"https:\\\/\\\/itsasmuseoa.eus\\\/fr\\\/activites\\\/agenda\\\/tromelin-visite-guidee\\\/#primaryimage\"},\"thumbnailUrl\":\"https:\\\/\\\/itsasmuseoa.eus\\\/wp-content\\\/uploads\\\/2023\\\/04\\\/Banner_WEB_3-39.jpg\",\"datePublished\":\"2022-08-10T15:52:19+00:00\",\"dateModified\":\"2023-04-12T14:43:54+00:00\",\"breadcrumb\":{\"@id\":\"https:\\\/\\\/itsasmuseoa.eus\\\/fr\\\/activites\\\/agenda\\\/tromelin-visite-guidee\\\/#breadcrumb\"},\"inLanguage\":\"fr-FR\",\"potentialAction\":[{\"@type\":\"ReadAction\",\"target\":[\"https:\\\/\\\/itsasmuseoa.eus\\\/fr\\\/activites\\\/agenda\\\/tromelin-visite-guidee\\\/\"]}]},{\"@type\":\"ImageObject\",\"inLanguage\":\"fr-FR\",\"@id\":\"https:\\\/\\\/itsasmuseoa.eus\\\/fr\\\/activites\\\/agenda\\\/tromelin-visite-guidee\\\/#primaryimage\",\"url\":\"https:\\\/\\\/itsasmuseoa.eus\\\/wp-content\\\/uploads\\\/2023\\\/04\\\/Banner_WEB_3-39.jpg\",\"contentUrl\":\"https:\\\/\\\/itsasmuseoa.eus\\\/wp-content\\\/uploads\\\/2023\\\/04\\\/Banner_WEB_3-39.jpg\",\"width\":1800,\"height\":1200},{\"@type\":\"BreadcrumbList\",\"@id\":\"https:\\\/\\\/itsasmuseoa.eus\\\/fr\\\/activites\\\/agenda\\\/tromelin-visite-guidee\\\/#breadcrumb\",\"itemListElement\":[{\"@type\":\"ListItem\",\"position\":1,\"name\":\"Inicio\",\"item\":\"https:\\\/\\\/itsasmuseoa.eus\\\/fr\\\/\"},{\"@type\":\"ListItem\",\"position\":2,\"name\":\"Activit\u00e9s\",\"item\":\"https:\\\/\\\/itsasmuseoa.eus\\\/fr\\\/activites\\\/\"},{\"@type\":\"ListItem\",\"position\":3,\"name\":\"Agenda\",\"item\":\"https:\\\/\\\/itsasmuseoa.eus\\\/fr\\\/activites\\\/agenda\\\/\"},{\"@type\":\"ListItem\",\"position\":4,\"name\":\"\u00abMOILAK\u00bb Visite guid\u00e9e\"}]},{\"@type\":\"WebSite\",\"@id\":\"https:\\\/\\\/itsasmuseoa.eus\\\/fr\\\/#website\",\"url\":\"https:\\\/\\\/itsasmuseoa.eus\\\/fr\\\/\",\"name\":\"Euskal Itsas Museoa\",\"description\":\"Museo Mar\u00edtimo Vasco\",\"potentialAction\":[{\"@type\":\"SearchAction\",\"target\":{\"@type\":\"EntryPoint\",\"urlTemplate\":\"https:\\\/\\\/itsasmuseoa.eus\\\/fr\\\/?s={search_term_string}\"},\"query-input\":{\"@type\":\"PropertyValueSpecification\",\"valueRequired\":true,\"valueName\":\"search_term_string\"}}],\"inLanguage\":\"fr-FR\"}]}<\/script>\n<!-- \/ Yoast SEO plugin. -->","yoast_head_json":{"title":"\"MOILAK\" Visite guid\u00e9e - Euskal Itsas Museoa","robots":{"index":"index","follow":"follow","max-snippet":"max-snippet:-1","max-image-preview":"max-image-preview:large","max-video-preview":"max-video-preview:-1"},"canonical":"https:\/\/itsasmuseoa.eus\/fr\/activites\/agenda\/tromelin-visite-guidee\/","og_locale":"fr_FR","og_type":"article","og_title":"\"MOILAK\" Visite guid\u00e9e - Euskal Itsas Museoa","og_description":"Charla experiencial entre Xabier Alberdi y Aitor Arregi donde, adem\u00e1s de escucharles, podremos saborear a qu\u00e9 sab\u00edan las parrilladas de Elkano en la terraza del museo.","og_url":"https:\/\/itsasmuseoa.eus\/fr\/activites\/agenda\/tromelin-visite-guidee\/","og_site_name":"Euskal Itsas Museoa","article_modified_time":"2023-04-12T14:43:54+00:00","og_image":[{"width":1800,"height":1200,"url":"https:\/\/itsasmuseoa.eus\/wp-content\/uploads\/2023\/04\/Banner_WEB_3-39.jpg","type":"image\/jpeg"}],"twitter_card":"summary_large_image","twitter_misc":{"Dur\u00e9e de lecture estim\u00e9e":"2 minutes"},"schema":{"@context":"https:\/\/schema.org","@graph":[{"@type":"WebPage","@id":"https:\/\/itsasmuseoa.eus\/fr\/activites\/agenda\/tromelin-visite-guidee\/","url":"https:\/\/itsasmuseoa.eus\/fr\/activites\/agenda\/tromelin-visite-guidee\/","name":"\"MOILAK\" Visite guid\u00e9e - Euskal Itsas Museoa","isPartOf":{"@id":"https:\/\/itsasmuseoa.eus\/fr\/#website"},"primaryImageOfPage":{"@id":"https:\/\/itsasmuseoa.eus\/fr\/activites\/agenda\/tromelin-visite-guidee\/#primaryimage"},"image":{"@id":"https:\/\/itsasmuseoa.eus\/fr\/activites\/agenda\/tromelin-visite-guidee\/#primaryimage"},"thumbnailUrl":"https:\/\/itsasmuseoa.eus\/wp-content\/uploads\/2023\/04\/Banner_WEB_3-39.jpg","datePublished":"2022-08-10T15:52:19+00:00","dateModified":"2023-04-12T14:43:54+00:00","breadcrumb":{"@id":"https:\/\/itsasmuseoa.eus\/fr\/activites\/agenda\/tromelin-visite-guidee\/#breadcrumb"},"inLanguage":"fr-FR","potentialAction":[{"@type":"ReadAction","target":["https:\/\/itsasmuseoa.eus\/fr\/activites\/agenda\/tromelin-visite-guidee\/"]}]},{"@type":"ImageObject","inLanguage":"fr-FR","@id":"https:\/\/itsasmuseoa.eus\/fr\/activites\/agenda\/tromelin-visite-guidee\/#primaryimage","url":"https:\/\/itsasmuseoa.eus\/wp-content\/uploads\/2023\/04\/Banner_WEB_3-39.jpg","contentUrl":"https:\/\/itsasmuseoa.eus\/wp-content\/uploads\/2023\/04\/Banner_WEB_3-39.jpg","width":1800,"height":1200},{"@type":"BreadcrumbList","@id":"https:\/\/itsasmuseoa.eus\/fr\/activites\/agenda\/tromelin-visite-guidee\/#breadcrumb","itemListElement":[{"@type":"ListItem","position":1,"name":"Inicio","item":"https:\/\/itsasmuseoa.eus\/fr\/"},{"@type":"ListItem","position":2,"name":"Activit\u00e9s","item":"https:\/\/itsasmuseoa.eus\/fr\/activites\/"},{"@type":"ListItem","position":3,"name":"Agenda","item":"https:\/\/itsasmuseoa.eus\/fr\/activites\/agenda\/"},{"@type":"ListItem","position":4,"name":"\u00abMOILAK\u00bb Visite guid\u00e9e"}]},{"@type":"WebSite","@id":"https:\/\/itsasmuseoa.eus\/fr\/#website","url":"https:\/\/itsasmuseoa.eus\/fr\/","name":"Euskal Itsas Museoa","description":"Museo Mar\u00edtimo Vasco","potentialAction":[{"@type":"SearchAction","target":{"@type":"EntryPoint","urlTemplate":"https:\/\/itsasmuseoa.eus\/fr\/?s={search_term_string}"},"query-input":{"@type":"PropertyValueSpecification","valueRequired":true,"valueName":"search_term_string"}}],"inLanguage":"fr-FR"}]}},"_links":{"self":[{"href":"https:\/\/itsasmuseoa.eus\/fr\/wp-json\/wp\/v2\/pages\/11624","targetHints":{"allow":["GET"]}}],"collection":[{"href":"https:\/\/itsasmuseoa.eus\/fr\/wp-json\/wp\/v2\/pages"}],"about":[{"href":"https:\/\/itsasmuseoa.eus\/fr\/wp-json\/wp\/v2\/types\/page"}],"author":[{"embeddable":true,"href":"https:\/\/itsasmuseoa.eus\/fr\/wp-json\/wp\/v2\/users\/4"}],"replies":[{"embeddable":true,"href":"https:\/\/itsasmuseoa.eus\/fr\/wp-json\/wp\/v2\/comments?post=11624"}],"version-history":[{"count":0,"href":"https:\/\/itsasmuseoa.eus\/fr\/wp-json\/wp\/v2\/pages\/11624\/revisions"}],"up":[{"embeddable":true,"href":"https:\/\/itsasmuseoa.eus\/fr\/wp-json\/wp\/v2\/pages\/5410"}],"wp:featuredmedia":[{"embeddable":true,"href":"https:\/\/itsasmuseoa.eus\/fr\/wp-json\/wp\/v2\/media\/13734"}],"wp:attachment":[{"href":"https:\/\/itsasmuseoa.eus\/fr\/wp-json\/wp\/v2\/media?parent=11624"}],"wp:term":[{"taxonomy":"category","embeddable":true,"href":"https:\/\/itsasmuseoa.eus\/fr\/wp-json\/wp\/v2\/categories?post=11624"},{"taxonomy":"post_tag","embeddable":true,"href":"https:\/\/itsasmuseoa.eus\/fr\/wp-json\/wp\/v2\/tags?post=11624"}],"curies":[{"name":"wp","href":"https:\/\/api.w.org\/{rel}","templated":true}]}}