{"id":13178,"date":"2023-02-01T09:01:36","date_gmt":"2023-02-01T08:01:36","guid":{"rendered":"https:\/\/itsasmuseoa.eus\/activites\/nos-publications\/monographies\/les-barojas-et-la-mer\/"},"modified":"2023-02-01T09:01:54","modified_gmt":"2023-02-01T08:01:54","slug":"les-barojas-et-la-mer","status":"publish","type":"page","link":"https:\/\/itsasmuseoa.eus\/fr\/activites\/nos-publications\/monographies\/les-barojas-et-la-mer\/","title":{"rendered":"Les Barojas et la Mer"},"content":{"rendered":"\n\n\t<a href=\"https:\/\/itsasmuseoa.eus\/\">Inicio<\/a> <img decoding=\"async\" src=\"https:\/\/itsasmuseoa.eus\/flecha-breadcrumbs\/\" alt=\"icono flecha\" \/> Actividades <img decoding=\"async\" src=\"https:\/\/itsasmuseoa.eus\/flecha-breadcrumbs\/\" alt=\"icono flecha\" \/> <a href=\"https:\/\/itsasmuseoa.eus\/actividades\/nuestras-publicaciones\/\">Nuestras Publicaciones<\/a> <img decoding=\"async\" src=\"https:\/\/itsasmuseoa.eus\/flecha-breadcrumbs\/\" alt=\"icono flecha\" \/> Monograf\u00edas <img decoding=\"async\" src=\"https:\/\/itsasmuseoa.eus\/flecha-breadcrumbs\/\" alt=\"icono flecha\" \/> Los Baroja y el Mar\n\t\t<h1>\n\t\t\tMonograf\u00edas\n\t\t<\/h1>\n\t\t\t\t<img decoding=\"async\" src=\"https:\/\/itsasmuseoa.eus\/wp-content\/uploads\/2021\/06\/Maquetacion-1_page-0001.jpg\" alt=\"Maquetaci\u00f3n 1_page-0001\" itemprop=\"image\" height=\"1447\" width=\"1329\" title=\"Maquetaci\u00f3n 1_page-0001\" onerror=\"this.style.display='none'\"  \/>\n\t\t\t<a href=\"https:\/\/itsasmuseoa.eus\/wp-content\/uploads\/2021\/06\/LibroBaroja_compressed-1.pdf\" target=\"_blank\" role=\"button\" rel=\"noopener\">\n\t\t\t\t\t\t\tDescargar\n\t\t\t\t\t<\/a>\n\t\t<h2>\n\t\t\tLos Baroja y el Mar\n\t\t\t\t\t\t\t\t\t\t\t1995\n\t\t<\/h2>\n\t\t\t<p>Untzi Museoa (Diputaci\u00f3n Foral de Gipuzkoa), 1995AAVV<\/p>\t\t\n\t\t<h2>\n\t\t\tSobre las monograf\u00edas\n\t\t<\/h2>\n\t\t\t<p>El Euskal Itsas Museoa realiza una actividad editorial (libros y folletos) principalmente ligada a las exposiciones temporales que produce. El empe\u00f1o en mantener una producci\u00f3n editorial continuada y de calidad es, sin duda, una de las marcas distintivas de este Museo.<\/p>\t\t\n\n","protected":false},"excerpt":{"rendered":"<p>Inicio Actividades Nuestras Publicaciones Monograf\u00edas Los Baroja y el Mar Monograf\u00edas Descargar Los Baroja y el Mar 1995 Untzi Museoa (Diputaci\u00f3n Foral de Gipuzkoa), 1995AAVV Sobre las monograf\u00edas El Euskal Itsas Museoa realiza una actividad editorial (libros y folletos) principalmente ligada a las exposiciones temporales que produce. El empe\u00f1o en mantener una producci\u00f3n editorial continuada&hellip;<\/p>\n","protected":false},"author":4,"featured_media":13172,"parent":7066,"menu_order":0,"comment_status":"closed","ping_status":"closed","template":"","meta":{"_acf_changed":false,"footnotes":""},"categories":[391],"tags":[],"class_list":["post-13178","page","type-page","status-publish","has-post-thumbnail","hentry","category-monographies"],"acf":[],"yoast_head":"<!-- This site is optimized with the Yoast SEO plugin v27.3 - https:\/\/yoast.com\/product\/yoast-seo-wordpress\/ -->\n<title>Les Barojas et la Mer - Euskal Itsas Museoa<\/title>\n<meta name=\"robots\" content=\"index, follow, max-snippet:-1, max-image-preview:large, max-video-preview:-1\" \/>\n<link rel=\"canonical\" href=\"https:\/\/itsasmuseoa.eus\/fr\/activites\/nos-publications\/monographies\/les-barojas-et-la-mer\/\" \/>\n<meta property=\"og:locale\" content=\"fr_FR\" \/>\n<meta property=\"og:type\" content=\"article\" \/>\n<meta property=\"og:title\" content=\"Les Barojas et la Mer - Euskal Itsas Museoa\" \/>\n<meta property=\"og:description\" content=\"Inicio Actividades Nuestras Publicaciones Monograf\u00edas Los Baroja y el Mar Monograf\u00edas Descargar Los Baroja y el Mar 1995 Untzi Museoa (Diputaci\u00f3n Foral de Gipuzkoa), 1995AAVV Sobre las monograf\u00edas El Euskal Itsas Museoa realiza una actividad editorial (libros y folletos) principalmente ligada a las exposiciones temporales que produce. El empe\u00f1o en mantener una producci\u00f3n editorial continuada&hellip;\" \/>\n<meta property=\"og:url\" content=\"https:\/\/itsasmuseoa.eus\/fr\/activites\/nos-publications\/monographies\/les-barojas-et-la-mer\/\" \/>\n<meta property=\"og:site_name\" content=\"Euskal Itsas Museoa\" \/>\n<meta property=\"article:modified_time\" content=\"2023-02-01T08:01:54+00:00\" \/>\n<meta property=\"og:image\" content=\"https:\/\/itsasmuseoa.eus\/wp-content\/uploads\/2021\/06\/Maquetacion-1_page-0001.jpg\" \/>\n\t<meta property=\"og:image:width\" content=\"1329\" \/>\n\t<meta property=\"og:image:height\" content=\"1447\" \/>\n\t<meta property=\"og:image:type\" content=\"image\/jpeg\" \/>\n<meta name=\"twitter:card\" content=\"summary_large_image\" \/>\n<script type=\"application\/ld+json\" class=\"yoast-schema-graph\">{\"@context\":\"https:\\\/\\\/schema.org\",\"@graph\":[{\"@type\":\"WebPage\",\"@id\":\"https:\\\/\\\/itsasmuseoa.eus\\\/fr\\\/activites\\\/nos-publications\\\/monographies\\\/les-barojas-et-la-mer\\\/\",\"url\":\"https:\\\/\\\/itsasmuseoa.eus\\\/fr\\\/activites\\\/nos-publications\\\/monographies\\\/les-barojas-et-la-mer\\\/\",\"name\":\"Les Barojas et la Mer - Euskal Itsas Museoa\",\"isPartOf\":{\"@id\":\"https:\\\/\\\/itsasmuseoa.eus\\\/fr\\\/#website\"},\"primaryImageOfPage\":{\"@id\":\"https:\\\/\\\/itsasmuseoa.eus\\\/fr\\\/activites\\\/nos-publications\\\/monographies\\\/les-barojas-et-la-mer\\\/#primaryimage\"},\"image\":{\"@id\":\"https:\\\/\\\/itsasmuseoa.eus\\\/fr\\\/activites\\\/nos-publications\\\/monographies\\\/les-barojas-et-la-mer\\\/#primaryimage\"},\"thumbnailUrl\":\"https:\\\/\\\/itsasmuseoa.eus\\\/wp-content\\\/uploads\\\/2021\\\/06\\\/Maquetacion-1_page-0001.jpg\",\"datePublished\":\"2023-02-01T08:01:36+00:00\",\"dateModified\":\"2023-02-01T08:01:54+00:00\",\"breadcrumb\":{\"@id\":\"https:\\\/\\\/itsasmuseoa.eus\\\/fr\\\/activites\\\/nos-publications\\\/monographies\\\/les-barojas-et-la-mer\\\/#breadcrumb\"},\"inLanguage\":\"fr-FR\",\"potentialAction\":[{\"@type\":\"ReadAction\",\"target\":[\"https:\\\/\\\/itsasmuseoa.eus\\\/fr\\\/activites\\\/nos-publications\\\/monographies\\\/les-barojas-et-la-mer\\\/\"]}]},{\"@type\":\"ImageObject\",\"inLanguage\":\"fr-FR\",\"@id\":\"https:\\\/\\\/itsasmuseoa.eus\\\/fr\\\/activites\\\/nos-publications\\\/monographies\\\/les-barojas-et-la-mer\\\/#primaryimage\",\"url\":\"https:\\\/\\\/itsasmuseoa.eus\\\/wp-content\\\/uploads\\\/2021\\\/06\\\/Maquetacion-1_page-0001.jpg\",\"contentUrl\":\"https:\\\/\\\/itsasmuseoa.eus\\\/wp-content\\\/uploads\\\/2021\\\/06\\\/Maquetacion-1_page-0001.jpg\",\"width\":1329,\"height\":1447},{\"@type\":\"BreadcrumbList\",\"@id\":\"https:\\\/\\\/itsasmuseoa.eus\\\/fr\\\/activites\\\/nos-publications\\\/monographies\\\/les-barojas-et-la-mer\\\/#breadcrumb\",\"itemListElement\":[{\"@type\":\"ListItem\",\"position\":1,\"name\":\"Inicio\",\"item\":\"https:\\\/\\\/itsasmuseoa.eus\\\/fr\\\/\"},{\"@type\":\"ListItem\",\"position\":2,\"name\":\"Activit\u00e9s\",\"item\":\"https:\\\/\\\/itsasmuseoa.eus\\\/fr\\\/activites\\\/\"},{\"@type\":\"ListItem\",\"position\":3,\"name\":\"Nos publications\",\"item\":\"https:\\\/\\\/itsasmuseoa.eus\\\/fr\\\/activites\\\/nos-publications\\\/\"},{\"@type\":\"ListItem\",\"position\":4,\"name\":\"Monographies\",\"item\":\"https:\\\/\\\/itsasmuseoa.eus\\\/fr\\\/activites\\\/nos-publications\\\/monographies\\\/\"},{\"@type\":\"ListItem\",\"position\":5,\"name\":\"Les Barojas et la Mer\"}]},{\"@type\":\"WebSite\",\"@id\":\"https:\\\/\\\/itsasmuseoa.eus\\\/fr\\\/#website\",\"url\":\"https:\\\/\\\/itsasmuseoa.eus\\\/fr\\\/\",\"name\":\"Euskal Itsas Museoa\",\"description\":\"Museo Mar\u00edtimo Vasco\",\"potentialAction\":[{\"@type\":\"SearchAction\",\"target\":{\"@type\":\"EntryPoint\",\"urlTemplate\":\"https:\\\/\\\/itsasmuseoa.eus\\\/fr\\\/?s={search_term_string}\"},\"query-input\":{\"@type\":\"PropertyValueSpecification\",\"valueRequired\":true,\"valueName\":\"search_term_string\"}}],\"inLanguage\":\"fr-FR\"}]}<\/script>\n<!-- \/ Yoast SEO plugin. -->","yoast_head_json":{"title":"Les Barojas et la Mer - Euskal Itsas Museoa","robots":{"index":"index","follow":"follow","max-snippet":"max-snippet:-1","max-image-preview":"max-image-preview:large","max-video-preview":"max-video-preview:-1"},"canonical":"https:\/\/itsasmuseoa.eus\/fr\/activites\/nos-publications\/monographies\/les-barojas-et-la-mer\/","og_locale":"fr_FR","og_type":"article","og_title":"Les Barojas et la Mer - Euskal Itsas Museoa","og_description":"Inicio Actividades Nuestras Publicaciones Monograf\u00edas Los Baroja y el Mar Monograf\u00edas Descargar Los Baroja y el Mar 1995 Untzi Museoa (Diputaci\u00f3n Foral de Gipuzkoa), 1995AAVV Sobre las monograf\u00edas El Euskal Itsas Museoa realiza una actividad editorial (libros y folletos) principalmente ligada a las exposiciones temporales que produce. El empe\u00f1o en mantener una producci\u00f3n editorial continuada&hellip;","og_url":"https:\/\/itsasmuseoa.eus\/fr\/activites\/nos-publications\/monographies\/les-barojas-et-la-mer\/","og_site_name":"Euskal Itsas Museoa","article_modified_time":"2023-02-01T08:01:54+00:00","og_image":[{"width":1329,"height":1447,"url":"https:\/\/itsasmuseoa.eus\/wp-content\/uploads\/2021\/06\/Maquetacion-1_page-0001.jpg","type":"image\/jpeg"}],"twitter_card":"summary_large_image","schema":{"@context":"https:\/\/schema.org","@graph":[{"@type":"WebPage","@id":"https:\/\/itsasmuseoa.eus\/fr\/activites\/nos-publications\/monographies\/les-barojas-et-la-mer\/","url":"https:\/\/itsasmuseoa.eus\/fr\/activites\/nos-publications\/monographies\/les-barojas-et-la-mer\/","name":"Les Barojas et la Mer - Euskal Itsas Museoa","isPartOf":{"@id":"https:\/\/itsasmuseoa.eus\/fr\/#website"},"primaryImageOfPage":{"@id":"https:\/\/itsasmuseoa.eus\/fr\/activites\/nos-publications\/monographies\/les-barojas-et-la-mer\/#primaryimage"},"image":{"@id":"https:\/\/itsasmuseoa.eus\/fr\/activites\/nos-publications\/monographies\/les-barojas-et-la-mer\/#primaryimage"},"thumbnailUrl":"https:\/\/itsasmuseoa.eus\/wp-content\/uploads\/2021\/06\/Maquetacion-1_page-0001.jpg","datePublished":"2023-02-01T08:01:36+00:00","dateModified":"2023-02-01T08:01:54+00:00","breadcrumb":{"@id":"https:\/\/itsasmuseoa.eus\/fr\/activites\/nos-publications\/monographies\/les-barojas-et-la-mer\/#breadcrumb"},"inLanguage":"fr-FR","potentialAction":[{"@type":"ReadAction","target":["https:\/\/itsasmuseoa.eus\/fr\/activites\/nos-publications\/monographies\/les-barojas-et-la-mer\/"]}]},{"@type":"ImageObject","inLanguage":"fr-FR","@id":"https:\/\/itsasmuseoa.eus\/fr\/activites\/nos-publications\/monographies\/les-barojas-et-la-mer\/#primaryimage","url":"https:\/\/itsasmuseoa.eus\/wp-content\/uploads\/2021\/06\/Maquetacion-1_page-0001.jpg","contentUrl":"https:\/\/itsasmuseoa.eus\/wp-content\/uploads\/2021\/06\/Maquetacion-1_page-0001.jpg","width":1329,"height":1447},{"@type":"BreadcrumbList","@id":"https:\/\/itsasmuseoa.eus\/fr\/activites\/nos-publications\/monographies\/les-barojas-et-la-mer\/#breadcrumb","itemListElement":[{"@type":"ListItem","position":1,"name":"Inicio","item":"https:\/\/itsasmuseoa.eus\/fr\/"},{"@type":"ListItem","position":2,"name":"Activit\u00e9s","item":"https:\/\/itsasmuseoa.eus\/fr\/activites\/"},{"@type":"ListItem","position":3,"name":"Nos publications","item":"https:\/\/itsasmuseoa.eus\/fr\/activites\/nos-publications\/"},{"@type":"ListItem","position":4,"name":"Monographies","item":"https:\/\/itsasmuseoa.eus\/fr\/activites\/nos-publications\/monographies\/"},{"@type":"ListItem","position":5,"name":"Les Barojas et la Mer"}]},{"@type":"WebSite","@id":"https:\/\/itsasmuseoa.eus\/fr\/#website","url":"https:\/\/itsasmuseoa.eus\/fr\/","name":"Euskal Itsas Museoa","description":"Museo Mar\u00edtimo Vasco","potentialAction":[{"@type":"SearchAction","target":{"@type":"EntryPoint","urlTemplate":"https:\/\/itsasmuseoa.eus\/fr\/?s={search_term_string}"},"query-input":{"@type":"PropertyValueSpecification","valueRequired":true,"valueName":"search_term_string"}}],"inLanguage":"fr-FR"}]}},"_links":{"self":[{"href":"https:\/\/itsasmuseoa.eus\/fr\/wp-json\/wp\/v2\/pages\/13178","targetHints":{"allow":["GET"]}}],"collection":[{"href":"https:\/\/itsasmuseoa.eus\/fr\/wp-json\/wp\/v2\/pages"}],"about":[{"href":"https:\/\/itsasmuseoa.eus\/fr\/wp-json\/wp\/v2\/types\/page"}],"author":[{"embeddable":true,"href":"https:\/\/itsasmuseoa.eus\/fr\/wp-json\/wp\/v2\/users\/4"}],"replies":[{"embeddable":true,"href":"https:\/\/itsasmuseoa.eus\/fr\/wp-json\/wp\/v2\/comments?post=13178"}],"version-history":[{"count":0,"href":"https:\/\/itsasmuseoa.eus\/fr\/wp-json\/wp\/v2\/pages\/13178\/revisions"}],"up":[{"embeddable":true,"href":"https:\/\/itsasmuseoa.eus\/fr\/wp-json\/wp\/v2\/pages\/7066"}],"wp:featuredmedia":[{"embeddable":true,"href":"https:\/\/itsasmuseoa.eus\/fr\/wp-json\/wp\/v2\/media\/13172"}],"wp:attachment":[{"href":"https:\/\/itsasmuseoa.eus\/fr\/wp-json\/wp\/v2\/media?parent=13178"}],"wp:term":[{"taxonomy":"category","embeddable":true,"href":"https:\/\/itsasmuseoa.eus\/fr\/wp-json\/wp\/v2\/categories?post=13178"},{"taxonomy":"post_tag","embeddable":true,"href":"https:\/\/itsasmuseoa.eus\/fr\/wp-json\/wp\/v2\/tags?post=13178"}],"curies":[{"name":"wp","href":"https:\/\/api.w.org\/{rel}","templated":true}]}}