{"id":13405,"date":"2023-02-25T13:04:50","date_gmt":"2023-02-25T12:04:50","guid":{"rendered":"https:\/\/itsasmuseoa.eus\/?page_id=13405"},"modified":"2023-02-25T13:13:45","modified_gmt":"2023-02-25T12:13:45","slug":"visitez-lexposition-de-l-euskal-itsas-museoa-a-asporotsttipi-hendaye","status":"publish","type":"page","link":"https:\/\/itsasmuseoa.eus\/fr\/visitez-lexposition-de-l-euskal-itsas-museoa-a-asporotsttipi-hendaye\/","title":{"rendered":"Visitez l\u2019exposition << Elkano. Premier tour du monde>> de l\u2019 Euskal Itsas Museoa \u00e0 Asporotsttipi (Hendaye)"},"content":{"rendered":"\n\n\t<a href=\"https:\/\/itsasmuseoa.eus\/\">Inicio<\/a> <img decoding=\"async\" src=\"https:\/\/itsasmuseoa.eus\/flecha-breadcrumbs\/\" alt=\"icono flecha\" \/> Visita la exposici\u00f3n \u00abElkano. La primera vuelta al mundo\u00bb del Euskal Itsas Museoa Asporotsttipi.\u00a0\u00a0\n\t\t<h2>\n\t\t\tActualidad\n\t\t<\/h2>\n\n\n\t<p>Por primera vez, el Euskal Itsas Museoa establece una itinerancia transfronteriza con su exposici\u00f3n &#8220;Elkano. Primera vuelta al mundo&#8221; que estar\u00e1 visible hasta el 25 de marzo en Maison de la Corniche &#8211; Asporotsttipi (Hendaia).\u00a0<\/p>\n<p><b>\u00bfSabes qui\u00e9n dio la Primera Vuelta al Mundo?\u00a0<\/b><\/p>\n<p>El m\u00e9rito de haber realizado la primera vuelta al mundo se ha atribuido a distintos personajes hist\u00f3ricos. Son tres los principales candidatos: Francis Drake, Fernando de Magallanes y Juan Sebasti\u00e1n de Elcano.\u00a0<\/p>\n<p>Esta exposici\u00f3n da a conocer el trascendental papel de Juan Sebasti\u00e1n de Elcano y de la aportaci\u00f3n vasca a la Primera Vuelta al Mundo (1519-1522), uno de los grandes acontecimientos de la historia de la humanidad.\u00a0<\/p>\n<p>&nbsp;<\/p>\n<p><em>La muestra ha sido adaptada al lugar por el equipo de las dos entidades y estar\u00e1 visible en Euskara y Fr\u00e1nces.\u00a0<\/em><\/p>\n<p>&nbsp;<\/p>\n\t\t\t<a href=\"https:\/\/cpie-euskal-itsasbazterra.eu\/\" target=\"_self\" role=\"button\" rel=\"noopener\">\n\t\t\t\t\t\t\tSABER M\u00c1S\n\t\t\t\t\t<\/a>\n\t\t\t\t<a href=\"https:\/\/itsasmuseoa.eus\/wp-content\/uploads\/2023\/02\/Banner_WEB_3-14-1.jpg\" target=\"_self\" itemprop=\"url\" rel=\"noopener\">\n\t\t\t\t<img decoding=\"async\" src=\"https:\/\/itsasmuseoa.eus\/wp-content\/uploads\/2023\/02\/Banner_WEB_3-14-1.jpg\" alt=\"Banner_WEB_3 (14)\" itemprop=\"image\" height=\"1200\" width=\"1800\" title=\"Banner_WEB_3 (14)\" onerror=\"this.style.display='none'\"  \/>\n\t\t\t\t<\/a>\n\t<a href=\"#\" id=\"trigger-\" data-modal=\"\" data-node=\"\">\n\t\t\t\t\t\t\tAMPLIAR FOTO\n\t\t\t\t\t\t\t\t\t\t\t\t<\/a>\n\t\t\t\t\t\tPreview\n\t\t\tmodal-\n\t\t\t\t\t\t<img decoding=\"async\" src=\"\"\/>\t\t\t\t\t\n\n","protected":false},"excerpt":{"rendered":"<p>El Euskal Itsas Museoa cierra el a\u00f1o 2022 con r\u00e9cord en usuarios y visitantes.<\/p>\n","protected":false},"author":4,"featured_media":13377,"parent":0,"menu_order":0,"comment_status":"closed","ping_status":"closed","template":"","meta":{"_acf_changed":false,"footnotes":""},"categories":[229],"tags":[151,308],"class_list":["post-13405","page","type-page","status-publish","has-post-thumbnail","hentry","category-autres-nouvelles","tag-elkano-fr","tag-exposition"],"acf":[],"yoast_head":"<!-- This site is optimized with the Yoast SEO plugin v27.3 - https:\/\/yoast.com\/product\/yoast-seo-wordpress\/ -->\n<title>Visitez l\u2019exposition &gt; de l\u2019 Euskal Itsas Museoa \u00e0 Asporotsttipi (Hendaye) - Euskal Itsas Museoa<\/title>\n<meta name=\"robots\" content=\"index, follow, max-snippet:-1, max-image-preview:large, max-video-preview:-1\" \/>\n<link rel=\"canonical\" href=\"https:\/\/itsasmuseoa.eus\/fr\/visitez-lexposition-de-l-euskal-itsas-museoa-a-asporotsttipi-hendaye\/\" \/>\n<meta property=\"og:locale\" content=\"fr_FR\" \/>\n<meta property=\"og:type\" content=\"article\" \/>\n<meta property=\"og:title\" content=\"Visitez l\u2019exposition &gt; de l\u2019 Euskal Itsas Museoa \u00e0 Asporotsttipi (Hendaye) - Euskal Itsas Museoa\" \/>\n<meta property=\"og:description\" content=\"El Euskal Itsas Museoa cierra el a\u00f1o 2022 con r\u00e9cord en usuarios y visitantes.\" \/>\n<meta property=\"og:url\" content=\"https:\/\/itsasmuseoa.eus\/fr\/visitez-lexposition-de-l-euskal-itsas-museoa-a-asporotsttipi-hendaye\/\" \/>\n<meta property=\"og:site_name\" content=\"Euskal Itsas Museoa\" \/>\n<meta property=\"article:modified_time\" content=\"2023-02-25T12:13:45+00:00\" \/>\n<meta property=\"og:image\" content=\"https:\/\/itsasmuseoa.eus\/wp-content\/uploads\/2023\/02\/Banner_WEB_3-14-1.jpg\" \/>\n\t<meta property=\"og:image:width\" content=\"1800\" \/>\n\t<meta property=\"og:image:height\" content=\"1200\" \/>\n\t<meta property=\"og:image:type\" content=\"image\/jpeg\" \/>\n<meta name=\"twitter:card\" content=\"summary_large_image\" \/>\n<meta name=\"twitter:label1\" content=\"Dur\u00e9e de lecture estim\u00e9e\" \/>\n\t<meta name=\"twitter:data1\" content=\"1 minute\" \/>\n<script type=\"application\/ld+json\" class=\"yoast-schema-graph\">{\"@context\":\"https:\\\/\\\/schema.org\",\"@graph\":[{\"@type\":\"WebPage\",\"@id\":\"https:\\\/\\\/itsasmuseoa.eus\\\/fr\\\/visitez-lexposition-de-l-euskal-itsas-museoa-a-asporotsttipi-hendaye\\\/\",\"url\":\"https:\\\/\\\/itsasmuseoa.eus\\\/fr\\\/visitez-lexposition-de-l-euskal-itsas-museoa-a-asporotsttipi-hendaye\\\/\",\"name\":\"Visitez l\u2019exposition > de l\u2019 Euskal Itsas Museoa \u00e0 Asporotsttipi (Hendaye) - Euskal Itsas Museoa\",\"isPartOf\":{\"@id\":\"https:\\\/\\\/itsasmuseoa.eus\\\/fr\\\/#website\"},\"primaryImageOfPage\":{\"@id\":\"https:\\\/\\\/itsasmuseoa.eus\\\/fr\\\/visitez-lexposition-de-l-euskal-itsas-museoa-a-asporotsttipi-hendaye\\\/#primaryimage\"},\"image\":{\"@id\":\"https:\\\/\\\/itsasmuseoa.eus\\\/fr\\\/visitez-lexposition-de-l-euskal-itsas-museoa-a-asporotsttipi-hendaye\\\/#primaryimage\"},\"thumbnailUrl\":\"https:\\\/\\\/itsasmuseoa.eus\\\/wp-content\\\/uploads\\\/2023\\\/02\\\/Banner_WEB_3-14-1.jpg\",\"datePublished\":\"2023-02-25T12:04:50+00:00\",\"dateModified\":\"2023-02-25T12:13:45+00:00\",\"breadcrumb\":{\"@id\":\"https:\\\/\\\/itsasmuseoa.eus\\\/fr\\\/visitez-lexposition-de-l-euskal-itsas-museoa-a-asporotsttipi-hendaye\\\/#breadcrumb\"},\"inLanguage\":\"fr-FR\",\"potentialAction\":[{\"@type\":\"ReadAction\",\"target\":[\"https:\\\/\\\/itsasmuseoa.eus\\\/fr\\\/visitez-lexposition-de-l-euskal-itsas-museoa-a-asporotsttipi-hendaye\\\/\"]}]},{\"@type\":\"ImageObject\",\"inLanguage\":\"fr-FR\",\"@id\":\"https:\\\/\\\/itsasmuseoa.eus\\\/fr\\\/visitez-lexposition-de-l-euskal-itsas-museoa-a-asporotsttipi-hendaye\\\/#primaryimage\",\"url\":\"https:\\\/\\\/itsasmuseoa.eus\\\/wp-content\\\/uploads\\\/2023\\\/02\\\/Banner_WEB_3-14-1.jpg\",\"contentUrl\":\"https:\\\/\\\/itsasmuseoa.eus\\\/wp-content\\\/uploads\\\/2023\\\/02\\\/Banner_WEB_3-14-1.jpg\",\"width\":1800,\"height\":1200},{\"@type\":\"BreadcrumbList\",\"@id\":\"https:\\\/\\\/itsasmuseoa.eus\\\/fr\\\/visitez-lexposition-de-l-euskal-itsas-museoa-a-asporotsttipi-hendaye\\\/#breadcrumb\",\"itemListElement\":[{\"@type\":\"ListItem\",\"position\":1,\"name\":\"Inicio\",\"item\":\"https:\\\/\\\/itsasmuseoa.eus\\\/fr\\\/\"},{\"@type\":\"ListItem\",\"position\":2,\"name\":\"Visitez l\u2019exposition > de l\u2019 Euskal Itsas Museoa \u00e0 Asporotsttipi (Hendaye)\"}]},{\"@type\":\"WebSite\",\"@id\":\"https:\\\/\\\/itsasmuseoa.eus\\\/fr\\\/#website\",\"url\":\"https:\\\/\\\/itsasmuseoa.eus\\\/fr\\\/\",\"name\":\"Euskal Itsas Museoa\",\"description\":\"Museo Mar\u00edtimo Vasco\",\"potentialAction\":[{\"@type\":\"SearchAction\",\"target\":{\"@type\":\"EntryPoint\",\"urlTemplate\":\"https:\\\/\\\/itsasmuseoa.eus\\\/fr\\\/?s={search_term_string}\"},\"query-input\":{\"@type\":\"PropertyValueSpecification\",\"valueRequired\":true,\"valueName\":\"search_term_string\"}}],\"inLanguage\":\"fr-FR\"}]}<\/script>\n<!-- \/ Yoast SEO plugin. -->","yoast_head_json":{"title":"Visitez l\u2019exposition > de l\u2019 Euskal Itsas Museoa \u00e0 Asporotsttipi (Hendaye) - Euskal Itsas Museoa","robots":{"index":"index","follow":"follow","max-snippet":"max-snippet:-1","max-image-preview":"max-image-preview:large","max-video-preview":"max-video-preview:-1"},"canonical":"https:\/\/itsasmuseoa.eus\/fr\/visitez-lexposition-de-l-euskal-itsas-museoa-a-asporotsttipi-hendaye\/","og_locale":"fr_FR","og_type":"article","og_title":"Visitez l\u2019exposition > de l\u2019 Euskal Itsas Museoa \u00e0 Asporotsttipi (Hendaye) - Euskal Itsas Museoa","og_description":"El Euskal Itsas Museoa cierra el a\u00f1o 2022 con r\u00e9cord en usuarios y visitantes.","og_url":"https:\/\/itsasmuseoa.eus\/fr\/visitez-lexposition-de-l-euskal-itsas-museoa-a-asporotsttipi-hendaye\/","og_site_name":"Euskal Itsas Museoa","article_modified_time":"2023-02-25T12:13:45+00:00","og_image":[{"width":1800,"height":1200,"url":"https:\/\/itsasmuseoa.eus\/wp-content\/uploads\/2023\/02\/Banner_WEB_3-14-1.jpg","type":"image\/jpeg"}],"twitter_card":"summary_large_image","twitter_misc":{"Dur\u00e9e de lecture estim\u00e9e":"1 minute"},"schema":{"@context":"https:\/\/schema.org","@graph":[{"@type":"WebPage","@id":"https:\/\/itsasmuseoa.eus\/fr\/visitez-lexposition-de-l-euskal-itsas-museoa-a-asporotsttipi-hendaye\/","url":"https:\/\/itsasmuseoa.eus\/fr\/visitez-lexposition-de-l-euskal-itsas-museoa-a-asporotsttipi-hendaye\/","name":"Visitez l\u2019exposition > de l\u2019 Euskal Itsas Museoa \u00e0 Asporotsttipi (Hendaye) - Euskal Itsas Museoa","isPartOf":{"@id":"https:\/\/itsasmuseoa.eus\/fr\/#website"},"primaryImageOfPage":{"@id":"https:\/\/itsasmuseoa.eus\/fr\/visitez-lexposition-de-l-euskal-itsas-museoa-a-asporotsttipi-hendaye\/#primaryimage"},"image":{"@id":"https:\/\/itsasmuseoa.eus\/fr\/visitez-lexposition-de-l-euskal-itsas-museoa-a-asporotsttipi-hendaye\/#primaryimage"},"thumbnailUrl":"https:\/\/itsasmuseoa.eus\/wp-content\/uploads\/2023\/02\/Banner_WEB_3-14-1.jpg","datePublished":"2023-02-25T12:04:50+00:00","dateModified":"2023-02-25T12:13:45+00:00","breadcrumb":{"@id":"https:\/\/itsasmuseoa.eus\/fr\/visitez-lexposition-de-l-euskal-itsas-museoa-a-asporotsttipi-hendaye\/#breadcrumb"},"inLanguage":"fr-FR","potentialAction":[{"@type":"ReadAction","target":["https:\/\/itsasmuseoa.eus\/fr\/visitez-lexposition-de-l-euskal-itsas-museoa-a-asporotsttipi-hendaye\/"]}]},{"@type":"ImageObject","inLanguage":"fr-FR","@id":"https:\/\/itsasmuseoa.eus\/fr\/visitez-lexposition-de-l-euskal-itsas-museoa-a-asporotsttipi-hendaye\/#primaryimage","url":"https:\/\/itsasmuseoa.eus\/wp-content\/uploads\/2023\/02\/Banner_WEB_3-14-1.jpg","contentUrl":"https:\/\/itsasmuseoa.eus\/wp-content\/uploads\/2023\/02\/Banner_WEB_3-14-1.jpg","width":1800,"height":1200},{"@type":"BreadcrumbList","@id":"https:\/\/itsasmuseoa.eus\/fr\/visitez-lexposition-de-l-euskal-itsas-museoa-a-asporotsttipi-hendaye\/#breadcrumb","itemListElement":[{"@type":"ListItem","position":1,"name":"Inicio","item":"https:\/\/itsasmuseoa.eus\/fr\/"},{"@type":"ListItem","position":2,"name":"Visitez l\u2019exposition > de l\u2019 Euskal Itsas Museoa \u00e0 Asporotsttipi (Hendaye)"}]},{"@type":"WebSite","@id":"https:\/\/itsasmuseoa.eus\/fr\/#website","url":"https:\/\/itsasmuseoa.eus\/fr\/","name":"Euskal Itsas Museoa","description":"Museo Mar\u00edtimo Vasco","potentialAction":[{"@type":"SearchAction","target":{"@type":"EntryPoint","urlTemplate":"https:\/\/itsasmuseoa.eus\/fr\/?s={search_term_string}"},"query-input":{"@type":"PropertyValueSpecification","valueRequired":true,"valueName":"search_term_string"}}],"inLanguage":"fr-FR"}]}},"_links":{"self":[{"href":"https:\/\/itsasmuseoa.eus\/fr\/wp-json\/wp\/v2\/pages\/13405","targetHints":{"allow":["GET"]}}],"collection":[{"href":"https:\/\/itsasmuseoa.eus\/fr\/wp-json\/wp\/v2\/pages"}],"about":[{"href":"https:\/\/itsasmuseoa.eus\/fr\/wp-json\/wp\/v2\/types\/page"}],"author":[{"embeddable":true,"href":"https:\/\/itsasmuseoa.eus\/fr\/wp-json\/wp\/v2\/users\/4"}],"replies":[{"embeddable":true,"href":"https:\/\/itsasmuseoa.eus\/fr\/wp-json\/wp\/v2\/comments?post=13405"}],"version-history":[{"count":0,"href":"https:\/\/itsasmuseoa.eus\/fr\/wp-json\/wp\/v2\/pages\/13405\/revisions"}],"wp:featuredmedia":[{"embeddable":true,"href":"https:\/\/itsasmuseoa.eus\/fr\/wp-json\/wp\/v2\/media\/13377"}],"wp:attachment":[{"href":"https:\/\/itsasmuseoa.eus\/fr\/wp-json\/wp\/v2\/media?parent=13405"}],"wp:term":[{"taxonomy":"category","embeddable":true,"href":"https:\/\/itsasmuseoa.eus\/fr\/wp-json\/wp\/v2\/categories?post=13405"},{"taxonomy":"post_tag","embeddable":true,"href":"https:\/\/itsasmuseoa.eus\/fr\/wp-json\/wp\/v2\/tags?post=13405"}],"curies":[{"name":"wp","href":"https:\/\/api.w.org\/{rel}","templated":true}]}}