{"id":13432,"date":"2023-02-28T11:58:33","date_gmt":"2023-02-28T10:58:33","guid":{"rendered":"https:\/\/itsasmuseoa.eus\/mois-des-musees-de-la-cote-basque\/"},"modified":"2023-02-28T11:58:33","modified_gmt":"2023-02-28T10:58:33","slug":"mois-des-musees-de-la-cote-basque","status":"publish","type":"page","link":"https:\/\/itsasmuseoa.eus\/fr\/mois-des-musees-de-la-cote-basque\/","title":{"rendered":"Mois des Mus\u00e9es de la C\u00f4te Basque"},"content":{"rendered":"","protected":false},"excerpt":{"rendered":"<p>Mars revient avec une offre culturelle riche de plus de 100 activit\u00e9s par tout le public dans les mus\u00e9es de la C\u00f4te Basque.<\/p>\n","protected":false},"author":4,"featured_media":13422,"parent":0,"menu_order":0,"comment_status":"closed","ping_status":"closed","template":"","meta":{"_acf_changed":false,"footnotes":""},"categories":[229],"tags":[147],"class_list":["post-13432","page","type-page","status-publish","has-post-thumbnail","hentry","category-autres-nouvelles","tag-agentactuelmusee"],"acf":[],"yoast_head":"<!-- This site is optimized with the Yoast SEO plugin v27.4 - https:\/\/yoast.com\/product\/yoast-seo-wordpress\/ -->\n<title>Mois des Mus\u00e9es de la C\u00f4te Basque - Euskal Itsas Museoa<\/title>\n<meta name=\"robots\" content=\"index, follow, max-snippet:-1, max-image-preview:large, max-video-preview:-1\" \/>\n<link rel=\"canonical\" href=\"https:\/\/itsasmuseoa.eus\/fr\/mois-des-musees-de-la-cote-basque\/\" \/>\n<meta property=\"og:locale\" content=\"fr_FR\" \/>\n<meta property=\"og:type\" content=\"article\" \/>\n<meta property=\"og:title\" content=\"Mois des Mus\u00e9es de la C\u00f4te Basque - Euskal Itsas Museoa\" \/>\n<meta property=\"og:description\" content=\"Mars revient avec une offre culturelle riche de plus de 100 activit\u00e9s par tout le public dans les mus\u00e9es de la C\u00f4te Basque.\" \/>\n<meta property=\"og:url\" content=\"https:\/\/itsasmuseoa.eus\/fr\/mois-des-musees-de-la-cote-basque\/\" \/>\n<meta property=\"og:site_name\" content=\"Euskal Itsas Museoa\" \/>\n<meta property=\"og:image\" content=\"https:\/\/itsasmuseoa.eus\/wp-content\/uploads\/2023\/02\/Banner_WEB_3-17-1.jpg\" \/>\n\t<meta property=\"og:image:width\" content=\"1800\" \/>\n\t<meta property=\"og:image:height\" content=\"1200\" \/>\n\t<meta property=\"og:image:type\" content=\"image\/jpeg\" \/>\n<meta name=\"twitter:card\" content=\"summary_large_image\" \/>\n<script type=\"application\/ld+json\" class=\"yoast-schema-graph\">{\"@context\":\"https:\\\/\\\/schema.org\",\"@graph\":[{\"@type\":\"WebPage\",\"@id\":\"https:\\\/\\\/itsasmuseoa.eus\\\/fr\\\/mois-des-musees-de-la-cote-basque\\\/\",\"url\":\"https:\\\/\\\/itsasmuseoa.eus\\\/fr\\\/mois-des-musees-de-la-cote-basque\\\/\",\"name\":\"Mois des Mus\u00e9es de la C\u00f4te Basque - Euskal Itsas Museoa\",\"isPartOf\":{\"@id\":\"https:\\\/\\\/itsasmuseoa.eus\\\/fr\\\/#website\"},\"primaryImageOfPage\":{\"@id\":\"https:\\\/\\\/itsasmuseoa.eus\\\/fr\\\/mois-des-musees-de-la-cote-basque\\\/#primaryimage\"},\"image\":{\"@id\":\"https:\\\/\\\/itsasmuseoa.eus\\\/fr\\\/mois-des-musees-de-la-cote-basque\\\/#primaryimage\"},\"thumbnailUrl\":\"https:\\\/\\\/itsasmuseoa.eus\\\/wp-content\\\/uploads\\\/2023\\\/02\\\/Banner_WEB_3-17-1.jpg\",\"datePublished\":\"2023-02-28T10:58:33+00:00\",\"breadcrumb\":{\"@id\":\"https:\\\/\\\/itsasmuseoa.eus\\\/fr\\\/mois-des-musees-de-la-cote-basque\\\/#breadcrumb\"},\"inLanguage\":\"fr-FR\",\"potentialAction\":[{\"@type\":\"ReadAction\",\"target\":[\"https:\\\/\\\/itsasmuseoa.eus\\\/fr\\\/mois-des-musees-de-la-cote-basque\\\/\"]}]},{\"@type\":\"ImageObject\",\"inLanguage\":\"fr-FR\",\"@id\":\"https:\\\/\\\/itsasmuseoa.eus\\\/fr\\\/mois-des-musees-de-la-cote-basque\\\/#primaryimage\",\"url\":\"https:\\\/\\\/itsasmuseoa.eus\\\/wp-content\\\/uploads\\\/2023\\\/02\\\/Banner_WEB_3-17-1.jpg\",\"contentUrl\":\"https:\\\/\\\/itsasmuseoa.eus\\\/wp-content\\\/uploads\\\/2023\\\/02\\\/Banner_WEB_3-17-1.jpg\",\"width\":1800,\"height\":1200},{\"@type\":\"BreadcrumbList\",\"@id\":\"https:\\\/\\\/itsasmuseoa.eus\\\/fr\\\/mois-des-musees-de-la-cote-basque\\\/#breadcrumb\",\"itemListElement\":[{\"@type\":\"ListItem\",\"position\":1,\"name\":\"Inicio\",\"item\":\"https:\\\/\\\/itsasmuseoa.eus\\\/fr\\\/\"},{\"@type\":\"ListItem\",\"position\":2,\"name\":\"Mois des Mus\u00e9es de la C\u00f4te Basque\"}]},{\"@type\":\"WebSite\",\"@id\":\"https:\\\/\\\/itsasmuseoa.eus\\\/fr\\\/#website\",\"url\":\"https:\\\/\\\/itsasmuseoa.eus\\\/fr\\\/\",\"name\":\"Euskal Itsas Museoa\",\"description\":\"Museo Mar\u00edtimo Vasco\",\"potentialAction\":[{\"@type\":\"SearchAction\",\"target\":{\"@type\":\"EntryPoint\",\"urlTemplate\":\"https:\\\/\\\/itsasmuseoa.eus\\\/fr\\\/?s={search_term_string}\"},\"query-input\":{\"@type\":\"PropertyValueSpecification\",\"valueRequired\":true,\"valueName\":\"search_term_string\"}}],\"inLanguage\":\"fr-FR\"}]}<\/script>\n<!-- \/ Yoast SEO plugin. -->","yoast_head_json":{"title":"Mois des Mus\u00e9es de la C\u00f4te Basque - Euskal Itsas Museoa","robots":{"index":"index","follow":"follow","max-snippet":"max-snippet:-1","max-image-preview":"max-image-preview:large","max-video-preview":"max-video-preview:-1"},"canonical":"https:\/\/itsasmuseoa.eus\/fr\/mois-des-musees-de-la-cote-basque\/","og_locale":"fr_FR","og_type":"article","og_title":"Mois des Mus\u00e9es de la C\u00f4te Basque - Euskal Itsas Museoa","og_description":"Mars revient avec une offre culturelle riche de plus de 100 activit\u00e9s par tout le public dans les mus\u00e9es de la C\u00f4te Basque.","og_url":"https:\/\/itsasmuseoa.eus\/fr\/mois-des-musees-de-la-cote-basque\/","og_site_name":"Euskal Itsas Museoa","og_image":[{"width":1800,"height":1200,"url":"https:\/\/itsasmuseoa.eus\/wp-content\/uploads\/2023\/02\/Banner_WEB_3-17-1.jpg","type":"image\/jpeg"}],"twitter_card":"summary_large_image","schema":{"@context":"https:\/\/schema.org","@graph":[{"@type":"WebPage","@id":"https:\/\/itsasmuseoa.eus\/fr\/mois-des-musees-de-la-cote-basque\/","url":"https:\/\/itsasmuseoa.eus\/fr\/mois-des-musees-de-la-cote-basque\/","name":"Mois des Mus\u00e9es de la C\u00f4te Basque - Euskal Itsas Museoa","isPartOf":{"@id":"https:\/\/itsasmuseoa.eus\/fr\/#website"},"primaryImageOfPage":{"@id":"https:\/\/itsasmuseoa.eus\/fr\/mois-des-musees-de-la-cote-basque\/#primaryimage"},"image":{"@id":"https:\/\/itsasmuseoa.eus\/fr\/mois-des-musees-de-la-cote-basque\/#primaryimage"},"thumbnailUrl":"https:\/\/itsasmuseoa.eus\/wp-content\/uploads\/2023\/02\/Banner_WEB_3-17-1.jpg","datePublished":"2023-02-28T10:58:33+00:00","breadcrumb":{"@id":"https:\/\/itsasmuseoa.eus\/fr\/mois-des-musees-de-la-cote-basque\/#breadcrumb"},"inLanguage":"fr-FR","potentialAction":[{"@type":"ReadAction","target":["https:\/\/itsasmuseoa.eus\/fr\/mois-des-musees-de-la-cote-basque\/"]}]},{"@type":"ImageObject","inLanguage":"fr-FR","@id":"https:\/\/itsasmuseoa.eus\/fr\/mois-des-musees-de-la-cote-basque\/#primaryimage","url":"https:\/\/itsasmuseoa.eus\/wp-content\/uploads\/2023\/02\/Banner_WEB_3-17-1.jpg","contentUrl":"https:\/\/itsasmuseoa.eus\/wp-content\/uploads\/2023\/02\/Banner_WEB_3-17-1.jpg","width":1800,"height":1200},{"@type":"BreadcrumbList","@id":"https:\/\/itsasmuseoa.eus\/fr\/mois-des-musees-de-la-cote-basque\/#breadcrumb","itemListElement":[{"@type":"ListItem","position":1,"name":"Inicio","item":"https:\/\/itsasmuseoa.eus\/fr\/"},{"@type":"ListItem","position":2,"name":"Mois des Mus\u00e9es de la C\u00f4te Basque"}]},{"@type":"WebSite","@id":"https:\/\/itsasmuseoa.eus\/fr\/#website","url":"https:\/\/itsasmuseoa.eus\/fr\/","name":"Euskal Itsas Museoa","description":"Museo Mar\u00edtimo Vasco","potentialAction":[{"@type":"SearchAction","target":{"@type":"EntryPoint","urlTemplate":"https:\/\/itsasmuseoa.eus\/fr\/?s={search_term_string}"},"query-input":{"@type":"PropertyValueSpecification","valueRequired":true,"valueName":"search_term_string"}}],"inLanguage":"fr-FR"}]}},"_links":{"self":[{"href":"https:\/\/itsasmuseoa.eus\/fr\/wp-json\/wp\/v2\/pages\/13432","targetHints":{"allow":["GET"]}}],"collection":[{"href":"https:\/\/itsasmuseoa.eus\/fr\/wp-json\/wp\/v2\/pages"}],"about":[{"href":"https:\/\/itsasmuseoa.eus\/fr\/wp-json\/wp\/v2\/types\/page"}],"author":[{"embeddable":true,"href":"https:\/\/itsasmuseoa.eus\/fr\/wp-json\/wp\/v2\/users\/4"}],"replies":[{"embeddable":true,"href":"https:\/\/itsasmuseoa.eus\/fr\/wp-json\/wp\/v2\/comments?post=13432"}],"version-history":[{"count":0,"href":"https:\/\/itsasmuseoa.eus\/fr\/wp-json\/wp\/v2\/pages\/13432\/revisions"}],"wp:featuredmedia":[{"embeddable":true,"href":"https:\/\/itsasmuseoa.eus\/fr\/wp-json\/wp\/v2\/media\/13422"}],"wp:attachment":[{"href":"https:\/\/itsasmuseoa.eus\/fr\/wp-json\/wp\/v2\/media?parent=13432"}],"wp:term":[{"taxonomy":"category","embeddable":true,"href":"https:\/\/itsasmuseoa.eus\/fr\/wp-json\/wp\/v2\/categories?post=13432"},{"taxonomy":"post_tag","embeddable":true,"href":"https:\/\/itsasmuseoa.eus\/fr\/wp-json\/wp\/v2\/tags?post=13432"}],"curies":[{"name":"wp","href":"https:\/\/api.w.org\/{rel}","templated":true}]}}