{"id":13513,"date":"2023-03-02T09:50:16","date_gmt":"2023-03-02T08:50:16","guid":{"rendered":"https:\/\/itsasmuseoa.eus\/?page_id=13513"},"modified":"2023-03-02T11:35:16","modified_gmt":"2023-03-02T10:35:16","slug":"euskal-itsas-museoa-avance-vers-laccessibilite-pour-tous","status":"publish","type":"page","link":"https:\/\/itsasmuseoa.eus\/fr\/euskal-itsas-museoa-avance-vers-laccessibilite-pour-tous\/","title":{"rendered":"Euskal Itsas Museoa avance vers l&#8217;accessibilit\u00e9 pour tous"},"content":{"rendered":"\n\n\t<a href=\"https:\/\/itsasmuseoa.eus\/fr\/\">Inicio<\/a> <img decoding=\"async\" src=\"https:\/\/itsasmuseoa.eus\/flecha-breadcrumbs\/\" alt=\"icono flecha\" \/> Euskal Itsas Museoa avance vers l&#8217;accessibilit\u00e9 pour tous\n\t\t<h2>\n\t\t\tActualit\u00e9\n\t\t<\/h2>\n\n<h2>\n\t\tEuskal Itsas Museoa avance vers l&#8217;accessibilit\u00e9 pour tous\n\t<\/h2>\n\t<p><strong>Notre mission est d&#8217;\u00eatre un mus\u00e9e pour tous, un mus\u00e9e accessible et inclusif. Nous sommes conscients que c&#8217;est un long chemin que nous parcourons petit \u00e0 petit.<\/strong><\/p>\n<p>Nous sommes heureux d&#8217;annoncer que, depuis f\u00e9vrier de cette ann\u00e9e, nous avons mis les am\u00e9liorations suivantes \u00e0 la disposition des visiteurs:<\/p>\n<ul>\n<li aria-level=\"1\"><b>Accueil accessible<\/b><\/li>\n<\/ul>\n<p>L&#8217; accueil \u00e0 l&#8217;entr\u00e9e du Mus\u00e9e est maintenant accessible. Con\u00e7u avec une partie creuse en bas et avec une hauteur adapt\u00e9e aux personnes en fauteuil roulant. <\/p>\n<ul>\n<li aria-level=\"1\"><b>Boucle magn\u00e9tique \u00e0 l&#8217; accueil<\/b><\/li>\n<\/ul>\n<p>Nous avons \u00e9galement install\u00e9 une boucle magn\u00e9tique au comptoir d&#8217;information qui permet aux utilisateurs d&#8217;appareils auditifs ou d&#8217;implants cochl\u00e9aires d&#8217;\u00e9couter le personnel du Mus\u00e9e sans bruit.<\/p>\n<ul>\n<li aria-level=\"1\"><b>Boucle magn\u00e9tique portable pour visites guid\u00e9es<\/b><\/li>\n<\/ul>\n<p>Une boucle magn\u00e9tique portable est \u00e0 la disposition de toutes les personnes malentendantes, qu&#8217;elles soient porteuses d&#8217;un implant cochl\u00e9aire, d&#8217;un appareil auditif ou rien du tout, ce qui leur permet d&#8217;\u00e9couter sans bruit les visites guid\u00e9es et les activit\u00e9s propos\u00e9es par le Mus\u00e9e.<\/p>\n<ul>\n<li aria-level=\"1\"><b>Trousse d&#8217;accessibilit\u00e9<\/b><\/li>\n<\/ul>\n<p>Les personnes d\u00e9ficientes visuelles ont d\u00e9sormais \u00e0 leur disposition \u00e0 l&#8217;entr\u00e9e du mus\u00e9e diverses aides techniques pour faciliter la lecture des brochures et des livres, ainsi que des am\u00e9liorations pour remplir les formulaires.<\/p>\n<p>Vous pouvez consulter toutes les mesures d&#8217;accessibilit\u00e9 du Mus\u00e9e dans la section <a href=\"https:\/\/itsasmuseoa.eus\/fr\/accessibilite\/\">Accessibilit\u00e9<\/a> de notre site Web.<\/p>\n\t\t\t\t<img decoding=\"async\" src=\"https:\/\/itsasmuseoa.eus\/wp-content\/uploads\/2023\/03\/Captura.png\" alt=\"Captura\" itemprop=\"image\" height=\"590\" width=\"606\" title=\"Captura\" onerror=\"this.style.display='none'\"  \/>\n\t\t\t<a href=\"https:\/\/itsasmuseoa.eus\/fr\/accessibilite\/\" target=\"_self\" role=\"button\" rel=\"noopener\">\n\t\t\t\t\t\t\tSAVOIR PLUS\n\t\t\t\t\t<\/a>\n\t\t\t\t<a href=\"https:\/\/itsasmuseoa.eus\/wp-content\/uploads\/2023\/03\/Banner_WEB_3-22.jpg\" target=\"_self\" itemprop=\"url\" rel=\"noopener\">\n\t\t\t\t<img decoding=\"async\" src=\"https:\/\/itsasmuseoa.eus\/wp-content\/uploads\/2023\/03\/Banner_WEB_3-22.jpg\" alt=\"Banner_WEB_3 (22)\" itemprop=\"image\" height=\"1200\" width=\"1800\" title=\"Banner_WEB_3 (22)\" onerror=\"this.style.display='none'\"  \/>\n\t\t\t\t<\/a>\n\t<a href=\"#\" id=\"trigger-\" data-modal=\"\" data-node=\"\">\n\t\t\t\t\t\t\tAGRANDIR LA PHOTO\n\t\t\t\t\t\t\t\t\t\t\t\t<\/a>\n\t\t\t\t\t\tPreview\n\t\t\tmodal-\n\t\t\t\t\t\t<img decoding=\"async\" src=\"\"\/>\t\t\t\t\t\n\n","protected":false},"excerpt":{"rendered":"<p>Notre mission est d&#8217;\u00eatre un mus\u00e9e pour tous, un mus\u00e9e accessible et inclusif.<\/p>\n","protected":false},"author":4,"featured_media":13501,"parent":0,"menu_order":0,"comment_status":"closed","ping_status":"closed","template":"","meta":{"_acf_changed":false,"footnotes":""},"categories":[229],"tags":[151,308],"class_list":["post-13513","page","type-page","status-publish","has-post-thumbnail","hentry","category-autres-nouvelles","tag-elkano-fr","tag-exposition"],"acf":[],"yoast_head":"<!-- This site is optimized with the Yoast SEO plugin v27.3 - https:\/\/yoast.com\/product\/yoast-seo-wordpress\/ -->\n<title>Euskal Itsas Museoa avance vers l&#039;accessibilit\u00e9 pour tous - Euskal Itsas Museoa<\/title>\n<meta name=\"robots\" content=\"index, follow, max-snippet:-1, max-image-preview:large, max-video-preview:-1\" \/>\n<link rel=\"canonical\" href=\"https:\/\/itsasmuseoa.eus\/fr\/euskal-itsas-museoa-avance-vers-laccessibilite-pour-tous\/\" \/>\n<meta property=\"og:locale\" content=\"fr_FR\" \/>\n<meta property=\"og:type\" content=\"article\" \/>\n<meta property=\"og:title\" content=\"Euskal Itsas Museoa avance vers l&#039;accessibilit\u00e9 pour tous - Euskal Itsas Museoa\" \/>\n<meta property=\"og:description\" content=\"Notre mission est d&#039;\u00eatre un mus\u00e9e pour tous, un mus\u00e9e accessible et inclusif.\" \/>\n<meta property=\"og:url\" content=\"https:\/\/itsasmuseoa.eus\/fr\/euskal-itsas-museoa-avance-vers-laccessibilite-pour-tous\/\" \/>\n<meta property=\"og:site_name\" content=\"Euskal Itsas Museoa\" \/>\n<meta property=\"article:modified_time\" content=\"2023-03-02T10:35:16+00:00\" \/>\n<meta property=\"og:image\" content=\"https:\/\/itsasmuseoa.eus\/wp-content\/uploads\/2023\/03\/Banner_WEB_3-22.jpg\" \/>\n\t<meta property=\"og:image:width\" content=\"1800\" \/>\n\t<meta property=\"og:image:height\" content=\"1200\" \/>\n\t<meta property=\"og:image:type\" content=\"image\/jpeg\" \/>\n<meta name=\"twitter:card\" content=\"summary_large_image\" \/>\n<meta name=\"twitter:label1\" content=\"Dur\u00e9e de lecture estim\u00e9e\" \/>\n\t<meta name=\"twitter:data1\" content=\"1 minute\" \/>\n<script type=\"application\/ld+json\" class=\"yoast-schema-graph\">{\"@context\":\"https:\\\/\\\/schema.org\",\"@graph\":[{\"@type\":\"WebPage\",\"@id\":\"https:\\\/\\\/itsasmuseoa.eus\\\/fr\\\/euskal-itsas-museoa-avance-vers-laccessibilite-pour-tous\\\/\",\"url\":\"https:\\\/\\\/itsasmuseoa.eus\\\/fr\\\/euskal-itsas-museoa-avance-vers-laccessibilite-pour-tous\\\/\",\"name\":\"Euskal Itsas Museoa avance vers l'accessibilit\u00e9 pour tous - Euskal Itsas Museoa\",\"isPartOf\":{\"@id\":\"https:\\\/\\\/itsasmuseoa.eus\\\/fr\\\/#website\"},\"primaryImageOfPage\":{\"@id\":\"https:\\\/\\\/itsasmuseoa.eus\\\/fr\\\/euskal-itsas-museoa-avance-vers-laccessibilite-pour-tous\\\/#primaryimage\"},\"image\":{\"@id\":\"https:\\\/\\\/itsasmuseoa.eus\\\/fr\\\/euskal-itsas-museoa-avance-vers-laccessibilite-pour-tous\\\/#primaryimage\"},\"thumbnailUrl\":\"https:\\\/\\\/itsasmuseoa.eus\\\/wp-content\\\/uploads\\\/2023\\\/03\\\/Banner_WEB_3-22.jpg\",\"datePublished\":\"2023-03-02T08:50:16+00:00\",\"dateModified\":\"2023-03-02T10:35:16+00:00\",\"breadcrumb\":{\"@id\":\"https:\\\/\\\/itsasmuseoa.eus\\\/fr\\\/euskal-itsas-museoa-avance-vers-laccessibilite-pour-tous\\\/#breadcrumb\"},\"inLanguage\":\"fr-FR\",\"potentialAction\":[{\"@type\":\"ReadAction\",\"target\":[\"https:\\\/\\\/itsasmuseoa.eus\\\/fr\\\/euskal-itsas-museoa-avance-vers-laccessibilite-pour-tous\\\/\"]}]},{\"@type\":\"ImageObject\",\"inLanguage\":\"fr-FR\",\"@id\":\"https:\\\/\\\/itsasmuseoa.eus\\\/fr\\\/euskal-itsas-museoa-avance-vers-laccessibilite-pour-tous\\\/#primaryimage\",\"url\":\"https:\\\/\\\/itsasmuseoa.eus\\\/wp-content\\\/uploads\\\/2023\\\/03\\\/Banner_WEB_3-22.jpg\",\"contentUrl\":\"https:\\\/\\\/itsasmuseoa.eus\\\/wp-content\\\/uploads\\\/2023\\\/03\\\/Banner_WEB_3-22.jpg\",\"width\":1800,\"height\":1200},{\"@type\":\"BreadcrumbList\",\"@id\":\"https:\\\/\\\/itsasmuseoa.eus\\\/fr\\\/euskal-itsas-museoa-avance-vers-laccessibilite-pour-tous\\\/#breadcrumb\",\"itemListElement\":[{\"@type\":\"ListItem\",\"position\":1,\"name\":\"Inicio\",\"item\":\"https:\\\/\\\/itsasmuseoa.eus\\\/fr\\\/\"},{\"@type\":\"ListItem\",\"position\":2,\"name\":\"Euskal Itsas Museoa avance vers l&rsquo;accessibilit\u00e9 pour tous\"}]},{\"@type\":\"WebSite\",\"@id\":\"https:\\\/\\\/itsasmuseoa.eus\\\/fr\\\/#website\",\"url\":\"https:\\\/\\\/itsasmuseoa.eus\\\/fr\\\/\",\"name\":\"Euskal Itsas Museoa\",\"description\":\"Museo Mar\u00edtimo Vasco\",\"potentialAction\":[{\"@type\":\"SearchAction\",\"target\":{\"@type\":\"EntryPoint\",\"urlTemplate\":\"https:\\\/\\\/itsasmuseoa.eus\\\/fr\\\/?s={search_term_string}\"},\"query-input\":{\"@type\":\"PropertyValueSpecification\",\"valueRequired\":true,\"valueName\":\"search_term_string\"}}],\"inLanguage\":\"fr-FR\"}]}<\/script>\n<!-- \/ Yoast SEO plugin. -->","yoast_head_json":{"title":"Euskal Itsas Museoa avance vers l'accessibilit\u00e9 pour tous - Euskal Itsas Museoa","robots":{"index":"index","follow":"follow","max-snippet":"max-snippet:-1","max-image-preview":"max-image-preview:large","max-video-preview":"max-video-preview:-1"},"canonical":"https:\/\/itsasmuseoa.eus\/fr\/euskal-itsas-museoa-avance-vers-laccessibilite-pour-tous\/","og_locale":"fr_FR","og_type":"article","og_title":"Euskal Itsas Museoa avance vers l'accessibilit\u00e9 pour tous - Euskal Itsas Museoa","og_description":"Notre mission est d'\u00eatre un mus\u00e9e pour tous, un mus\u00e9e accessible et inclusif.","og_url":"https:\/\/itsasmuseoa.eus\/fr\/euskal-itsas-museoa-avance-vers-laccessibilite-pour-tous\/","og_site_name":"Euskal Itsas Museoa","article_modified_time":"2023-03-02T10:35:16+00:00","og_image":[{"width":1800,"height":1200,"url":"https:\/\/itsasmuseoa.eus\/wp-content\/uploads\/2023\/03\/Banner_WEB_3-22.jpg","type":"image\/jpeg"}],"twitter_card":"summary_large_image","twitter_misc":{"Dur\u00e9e de lecture estim\u00e9e":"1 minute"},"schema":{"@context":"https:\/\/schema.org","@graph":[{"@type":"WebPage","@id":"https:\/\/itsasmuseoa.eus\/fr\/euskal-itsas-museoa-avance-vers-laccessibilite-pour-tous\/","url":"https:\/\/itsasmuseoa.eus\/fr\/euskal-itsas-museoa-avance-vers-laccessibilite-pour-tous\/","name":"Euskal Itsas Museoa avance vers l'accessibilit\u00e9 pour tous - Euskal Itsas Museoa","isPartOf":{"@id":"https:\/\/itsasmuseoa.eus\/fr\/#website"},"primaryImageOfPage":{"@id":"https:\/\/itsasmuseoa.eus\/fr\/euskal-itsas-museoa-avance-vers-laccessibilite-pour-tous\/#primaryimage"},"image":{"@id":"https:\/\/itsasmuseoa.eus\/fr\/euskal-itsas-museoa-avance-vers-laccessibilite-pour-tous\/#primaryimage"},"thumbnailUrl":"https:\/\/itsasmuseoa.eus\/wp-content\/uploads\/2023\/03\/Banner_WEB_3-22.jpg","datePublished":"2023-03-02T08:50:16+00:00","dateModified":"2023-03-02T10:35:16+00:00","breadcrumb":{"@id":"https:\/\/itsasmuseoa.eus\/fr\/euskal-itsas-museoa-avance-vers-laccessibilite-pour-tous\/#breadcrumb"},"inLanguage":"fr-FR","potentialAction":[{"@type":"ReadAction","target":["https:\/\/itsasmuseoa.eus\/fr\/euskal-itsas-museoa-avance-vers-laccessibilite-pour-tous\/"]}]},{"@type":"ImageObject","inLanguage":"fr-FR","@id":"https:\/\/itsasmuseoa.eus\/fr\/euskal-itsas-museoa-avance-vers-laccessibilite-pour-tous\/#primaryimage","url":"https:\/\/itsasmuseoa.eus\/wp-content\/uploads\/2023\/03\/Banner_WEB_3-22.jpg","contentUrl":"https:\/\/itsasmuseoa.eus\/wp-content\/uploads\/2023\/03\/Banner_WEB_3-22.jpg","width":1800,"height":1200},{"@type":"BreadcrumbList","@id":"https:\/\/itsasmuseoa.eus\/fr\/euskal-itsas-museoa-avance-vers-laccessibilite-pour-tous\/#breadcrumb","itemListElement":[{"@type":"ListItem","position":1,"name":"Inicio","item":"https:\/\/itsasmuseoa.eus\/fr\/"},{"@type":"ListItem","position":2,"name":"Euskal Itsas Museoa avance vers l&rsquo;accessibilit\u00e9 pour tous"}]},{"@type":"WebSite","@id":"https:\/\/itsasmuseoa.eus\/fr\/#website","url":"https:\/\/itsasmuseoa.eus\/fr\/","name":"Euskal Itsas Museoa","description":"Museo Mar\u00edtimo Vasco","potentialAction":[{"@type":"SearchAction","target":{"@type":"EntryPoint","urlTemplate":"https:\/\/itsasmuseoa.eus\/fr\/?s={search_term_string}"},"query-input":{"@type":"PropertyValueSpecification","valueRequired":true,"valueName":"search_term_string"}}],"inLanguage":"fr-FR"}]}},"_links":{"self":[{"href":"https:\/\/itsasmuseoa.eus\/fr\/wp-json\/wp\/v2\/pages\/13513","targetHints":{"allow":["GET"]}}],"collection":[{"href":"https:\/\/itsasmuseoa.eus\/fr\/wp-json\/wp\/v2\/pages"}],"about":[{"href":"https:\/\/itsasmuseoa.eus\/fr\/wp-json\/wp\/v2\/types\/page"}],"author":[{"embeddable":true,"href":"https:\/\/itsasmuseoa.eus\/fr\/wp-json\/wp\/v2\/users\/4"}],"replies":[{"embeddable":true,"href":"https:\/\/itsasmuseoa.eus\/fr\/wp-json\/wp\/v2\/comments?post=13513"}],"version-history":[{"count":0,"href":"https:\/\/itsasmuseoa.eus\/fr\/wp-json\/wp\/v2\/pages\/13513\/revisions"}],"wp:featuredmedia":[{"embeddable":true,"href":"https:\/\/itsasmuseoa.eus\/fr\/wp-json\/wp\/v2\/media\/13501"}],"wp:attachment":[{"href":"https:\/\/itsasmuseoa.eus\/fr\/wp-json\/wp\/v2\/media?parent=13513"}],"wp:term":[{"taxonomy":"category","embeddable":true,"href":"https:\/\/itsasmuseoa.eus\/fr\/wp-json\/wp\/v2\/categories?post=13513"},{"taxonomy":"post_tag","embeddable":true,"href":"https:\/\/itsasmuseoa.eus\/fr\/wp-json\/wp\/v2\/tags?post=13513"}],"curies":[{"name":"wp","href":"https:\/\/api.w.org\/{rel}","templated":true}]}}