{"id":173,"date":"2021-05-22T06:33:11","date_gmt":"2021-05-22T06:33:11","guid":{"rendered":"https:\/\/itsasmuseoa.eus\/?page_id=173"},"modified":"2025-12-04T11:52:11","modified_gmt":"2025-12-04T10:52:11","slug":"euskal-itsas-museoa","status":"publish","type":"page","link":"https:\/\/itsasmuseoa.eus\/fr\/","title":{"rendered":"Euskal Itsas Museoa"},"content":{"rendered":"\n<h2>\n\t\t\tActivit\u00e9s en vedette\t<\/h2>\n\t\t\t<a href=\"https:\/\/itsasmuseoa.eus\/actividades\/agenda\/\" target=\"_self\">\n\t\t\t\t\t\ttoutes les activit\u00e9s\n\t\t\t\t\t<\/a>\n<h2>\n\t\t\tExpress\u00e9ment pour vous\t<\/h2>\n\t\t\t\t\t\t<a href=\"https:\/\/itsasmuseoa.eus\/tu-visita\/grupos\/\" target=\"_self\" aria-label=\"GROUPE\">\n\t\t\t\t\t\t\t<img decoding=\"async\" src=\"https:\/\/itsasmuseoa.eus\/wp-content\/uploads\/\/grupo.svg\" alt=\"icono grupo de personas\" width=\"117\" height=\"74\" \/>\n\t\t\t\t\t\t<\/a>\n\t\t\t\t\t\t<h3>GROUPE<\/h3>\t\t\t\t\t\n\t\t\t\t\t<p>Visites guid\u00e9es pour groupes. Avantages et tarifs pr\u00e9f\u00e9rentiels. Passez un bon moment avec vos amis. <\/p>\t\t\t\t\n\t\t\t\t<a href=\"https:\/\/itsasmuseoa.eus\/tu-visita\/grupos\/\" role=\"button\" target=\"_self\">\n\t\t\t\t\t\t\t\t\t\tLire la suite\n\t\t\t\t\t\t\t\t\t<\/a>\n\t\t\t\t\t\t<a href=\"https:\/\/itsasmuseoa.eus\/tu-visita\/investigador-a\/\" target=\"_self\" aria-label=\"CHERCHEUR\/EUSE\">\n\t\t\t\t\t\t\t<img decoding=\"async\" src=\"https:\/\/itsasmuseoa.eus\/wp-content\/uploads\/\/investigador.svg\" alt=\"icono de investigador\" width=\"58\" height=\"77\" \/>\n\t\t\t\t\t\t<\/a>\n\t\t\t\t\t\t<h3>CHERCHEUR\/EUSE<\/h3>\t\t\t\t\t\n\t\t\t\t\t<p>\u00c9tudiez, recherchez et participez \u00e0 nos colloques et activit\u00e9s de formation. D\u00e9couvrez notre soutien \u00e0 la th\u00e8se.<\/p>\t\t\t\t\n\t\t\t\t<a href=\"https:\/\/itsasmuseoa.eus\/tu-visita\/investigador-a\/\" role=\"button\" target=\"_self\">\n\t\t\t\t\t\t\t\t\t\tLire la suite\n\t\t\t\t\t\t\t\t\t<\/a>\n\t\t\t\t\t\t<a href=\"https:\/\/itsasmuseoa.eus\/tu-visita\/expresamente-para-ti\/familia\/\" target=\"_self\" aria-label=\"FAMILLE\">\n\t\t\t\t\t\t\t<img decoding=\"async\" src=\"https:\/\/itsasmuseoa.eus\/wp-content\/uploads\/\/familia.svg\" alt=\"icono de grupo de familia\" width=\"95\" height=\"87\" \/>\n\t\t\t\t\t\t<\/a>\n\t\t\t\t\t\t<h3>FAMILLE<\/h3>\t\t\t\t\t\n\t\t\t\t\t<p>Venez d\u00e9couvrir le mus\u00e9e en famille, avec des r\u00e9ductions et des activit\u00e9s \u00e0 vivre ensemble.<\/p>\t\t\t\t\n\t\t\t\t<a href=\"https:\/\/itsasmuseoa.eus\/tu-visita\/expresamente-para-ti\/familia\/\" role=\"button\" target=\"_self\">\n\t\t\t\t\t\t\t\t\t\tLire la suite\n\t\t\t\t\t\t\t\t\t<\/a>\n\t\t\t\t\t\t<a href=\"https:\/\/itsasmuseoa.eus\/tu-visita\/profesorado\/\" target=\"_self\" aria-label=\"PROFESSEUR\/E\">\n\t\t\t\t\t\t\t<img decoding=\"async\" src=\"https:\/\/itsasmuseoa.eus\/wp-content\/uploads\/\/profesora.svg\" alt=\"icono de profesora\" width=\"87\" height=\"87\" \/>\n\t\t\t\t\t\t<\/a>\n\t\t\t\t\t\t<h3>PROFESSEUR\/E<\/h3>\t\t\t\t\t\n\t\t\t\t\t<p>Choisissez l&#8217;activit\u00e9 qui convient le mieux \u00e0 vos \u00e9l\u00e8ves. Vaste programme d&#8217;aventures et de jeux pour vos classes.<\/p>\t\t\t\t\n\t\t\t\t<a href=\"https:\/\/itsasmuseoa.eus\/tu-visita\/profesorado\/\" role=\"button\" target=\"_self\">\n\t\t\t\t\t\t\t\t\t\tLire la suite\n\t\t\t\t\t\t\t\t\t<\/a>\n\t\t<h3>\n\t\t\tNewsletter\n\t\t<\/h3>\n\t\t\t<p>Pour \u00eatre au courant de nos actualit\u00e9s, abonnez-vous \u00e0 notre newsletter.<\/p>\t\t\n\t<p><iframe data-w-type=\"embedded\" frameborder=\"0\" scrolling=\"no\" marginheight=\"0\" marginwidth=\"0\" src=\"https:\/\/0r472.mjt.lu\/wgt\/0r472\/x14p\/form?c=41e6f04c\" width=\"100%\"><\/iframe><\/p>\n\n\t\t\tActualit\u00e9\n\t\t\t\t\t\t<a href=\"https:\/\/itsasmuseoa.eus\/actualidad\/\" target=\"_self\">\n\t\t\t\tLIRE LA SUITE\t\t\t<\/a>\n\t\t\tItsasertzetik\n\t\t\t\t\t\t<a href=\"https:\/\/itsasmuseoa.eus\/fr\/activites\/itsasertzetik\/\" target=\"_self\">\n\t\t\t\tLIRE LA SUITE\t\t\t<\/a>\n\t\t\tPublications\n\t\t\t\t\t\t<a href=\"https:\/\/itsasmuseoa.eus\/actividades\/nuestras-publicaciones\/\" target=\"_self\">\n\t\t\t\tLIRE LA SUITE\t\t\t<\/a>\n\n","protected":false},"excerpt":{"rendered":"<p>Activit\u00e9s en vedette toutes les activit\u00e9s Express\u00e9ment pour vous GROUPE Visites guid\u00e9es pour groupes. Avantages et tarifs pr\u00e9f\u00e9rentiels. Passez un bon moment avec vos amis. Lire la suite CHERCHEUR\/EUSE \u00c9tudiez, recherchez et participez \u00e0 nos colloques et activit\u00e9s de formation. D\u00e9couvrez notre soutien \u00e0 la th\u00e8se. Lire la suite FAMILLE Venez d\u00e9couvrir le mus\u00e9e en&hellip;<\/p>\n","protected":false},"author":1,"featured_media":0,"parent":0,"menu_order":0,"comment_status":"closed","ping_status":"closed","template":"","meta":{"_acf_changed":false,"footnotes":""},"categories":[],"tags":[],"class_list":["post-173","page","type-page","status-publish","hentry"],"acf":[],"yoast_head":"<!-- This site is optimized with the Yoast SEO plugin v27.4 - https:\/\/yoast.com\/product\/yoast-seo-wordpress\/ -->\n<title>Euskal Itsas Museoa - Euskal Itsas Museoa<\/title>\n<meta name=\"robots\" content=\"index, follow, max-snippet:-1, max-image-preview:large, max-video-preview:-1\" \/>\n<link rel=\"canonical\" href=\"https:\/\/itsasmuseoa.eus\/fr\/\" \/>\n<meta property=\"og:locale\" content=\"fr_FR\" \/>\n<meta property=\"og:type\" content=\"article\" \/>\n<meta property=\"og:title\" content=\"Euskal Itsas Museoa - Euskal Itsas Museoa\" \/>\n<meta property=\"og:description\" content=\"Activit\u00e9s en vedette toutes les activit\u00e9s Express\u00e9ment pour vous GROUPE Visites guid\u00e9es pour groupes. Avantages et tarifs pr\u00e9f\u00e9rentiels. Passez un bon moment avec vos amis. Lire la suite CHERCHEUR\/EUSE \u00c9tudiez, recherchez et participez \u00e0 nos colloques et activit\u00e9s de formation. D\u00e9couvrez notre soutien \u00e0 la th\u00e8se. Lire la suite FAMILLE Venez d\u00e9couvrir le mus\u00e9e en&hellip;\" \/>\n<meta property=\"og:url\" content=\"https:\/\/itsasmuseoa.eus\/fr\/\" \/>\n<meta property=\"og:site_name\" content=\"Euskal Itsas Museoa\" \/>\n<meta property=\"article:modified_time\" content=\"2025-12-04T10:52:11+00:00\" \/>\n<meta property=\"og:image\" content=\"https:\/\/itsasmuseoa.eus\/wp-content\/uploads\/2021\/05\/grupo.svg\" \/>\n<meta name=\"twitter:card\" content=\"summary_large_image\" \/>\n<meta name=\"twitter:label1\" content=\"Dur\u00e9e de lecture estim\u00e9e\" \/>\n\t<meta name=\"twitter:data1\" content=\"1 minute\" \/>\n<script type=\"application\/ld+json\" class=\"yoast-schema-graph\">{\"@context\":\"https:\\\/\\\/schema.org\",\"@graph\":[{\"@type\":\"WebPage\",\"@id\":\"https:\\\/\\\/itsasmuseoa.eus\\\/fr\\\/\",\"url\":\"https:\\\/\\\/itsasmuseoa.eus\\\/fr\\\/\",\"name\":\"Euskal Itsas Museoa - Euskal Itsas Museoa\",\"isPartOf\":{\"@id\":\"https:\\\/\\\/itsasmuseoa.eus\\\/fr\\\/#website\"},\"primaryImageOfPage\":{\"@id\":\"https:\\\/\\\/itsasmuseoa.eus\\\/fr\\\/#primaryimage\"},\"image\":{\"@id\":\"https:\\\/\\\/itsasmuseoa.eus\\\/fr\\\/#primaryimage\"},\"thumbnailUrl\":\"https:\\\/\\\/itsasmuseoa.eus\\\/wp-content\\\/uploads\\\/\\\/grupo.svg\",\"datePublished\":\"2021-05-22T06:33:11+00:00\",\"dateModified\":\"2025-12-04T10:52:11+00:00\",\"breadcrumb\":{\"@id\":\"https:\\\/\\\/itsasmuseoa.eus\\\/fr\\\/#breadcrumb\"},\"inLanguage\":\"fr-FR\",\"potentialAction\":[{\"@type\":\"ReadAction\",\"target\":[\"https:\\\/\\\/itsasmuseoa.eus\\\/fr\\\/\"]}]},{\"@type\":\"ImageObject\",\"inLanguage\":\"fr-FR\",\"@id\":\"https:\\\/\\\/itsasmuseoa.eus\\\/fr\\\/#primaryimage\",\"url\":\"https:\\\/\\\/itsasmuseoa.eus\\\/wp-content\\\/uploads\\\/\\\/grupo.svg\",\"contentUrl\":\"https:\\\/\\\/itsasmuseoa.eus\\\/wp-content\\\/uploads\\\/\\\/grupo.svg\"},{\"@type\":\"BreadcrumbList\",\"@id\":\"https:\\\/\\\/itsasmuseoa.eus\\\/fr\\\/#breadcrumb\",\"itemListElement\":[{\"@type\":\"ListItem\",\"position\":1,\"name\":\"Inicio\",\"item\":\"https:\\\/\\\/itsasmuseoa.eus\\\/fr\\\/\"},{\"@type\":\"ListItem\",\"position\":2,\"name\":\"Euskal Itsas Museoa\"}]},{\"@type\":\"WebSite\",\"@id\":\"https:\\\/\\\/itsasmuseoa.eus\\\/fr\\\/#website\",\"url\":\"https:\\\/\\\/itsasmuseoa.eus\\\/fr\\\/\",\"name\":\"Euskal Itsas Museoa\",\"description\":\"Museo Mar\u00edtimo Vasco\",\"potentialAction\":[{\"@type\":\"SearchAction\",\"target\":{\"@type\":\"EntryPoint\",\"urlTemplate\":\"https:\\\/\\\/itsasmuseoa.eus\\\/fr\\\/?s={search_term_string}\"},\"query-input\":{\"@type\":\"PropertyValueSpecification\",\"valueRequired\":true,\"valueName\":\"search_term_string\"}}],\"inLanguage\":\"fr-FR\"}]}<\/script>\n<!-- \/ Yoast SEO plugin. -->","yoast_head_json":{"title":"Euskal Itsas Museoa - Euskal Itsas Museoa","robots":{"index":"index","follow":"follow","max-snippet":"max-snippet:-1","max-image-preview":"max-image-preview:large","max-video-preview":"max-video-preview:-1"},"canonical":"https:\/\/itsasmuseoa.eus\/fr\/","og_locale":"fr_FR","og_type":"article","og_title":"Euskal Itsas Museoa - Euskal Itsas Museoa","og_description":"Activit\u00e9s en vedette toutes les activit\u00e9s Express\u00e9ment pour vous GROUPE Visites guid\u00e9es pour groupes. Avantages et tarifs pr\u00e9f\u00e9rentiels. Passez un bon moment avec vos amis. Lire la suite CHERCHEUR\/EUSE \u00c9tudiez, recherchez et participez \u00e0 nos colloques et activit\u00e9s de formation. D\u00e9couvrez notre soutien \u00e0 la th\u00e8se. Lire la suite FAMILLE Venez d\u00e9couvrir le mus\u00e9e en&hellip;","og_url":"https:\/\/itsasmuseoa.eus\/fr\/","og_site_name":"Euskal Itsas Museoa","article_modified_time":"2025-12-04T10:52:11+00:00","og_image":[{"url":"https:\/\/itsasmuseoa.eus\/wp-content\/uploads\/2021\/05\/grupo.svg","type":"","width":"","height":""}],"twitter_card":"summary_large_image","twitter_misc":{"Dur\u00e9e de lecture estim\u00e9e":"1 minute"},"schema":{"@context":"https:\/\/schema.org","@graph":[{"@type":"WebPage","@id":"https:\/\/itsasmuseoa.eus\/fr\/","url":"https:\/\/itsasmuseoa.eus\/fr\/","name":"Euskal Itsas Museoa - Euskal Itsas Museoa","isPartOf":{"@id":"https:\/\/itsasmuseoa.eus\/fr\/#website"},"primaryImageOfPage":{"@id":"https:\/\/itsasmuseoa.eus\/fr\/#primaryimage"},"image":{"@id":"https:\/\/itsasmuseoa.eus\/fr\/#primaryimage"},"thumbnailUrl":"https:\/\/itsasmuseoa.eus\/wp-content\/uploads\/\/grupo.svg","datePublished":"2021-05-22T06:33:11+00:00","dateModified":"2025-12-04T10:52:11+00:00","breadcrumb":{"@id":"https:\/\/itsasmuseoa.eus\/fr\/#breadcrumb"},"inLanguage":"fr-FR","potentialAction":[{"@type":"ReadAction","target":["https:\/\/itsasmuseoa.eus\/fr\/"]}]},{"@type":"ImageObject","inLanguage":"fr-FR","@id":"https:\/\/itsasmuseoa.eus\/fr\/#primaryimage","url":"https:\/\/itsasmuseoa.eus\/wp-content\/uploads\/\/grupo.svg","contentUrl":"https:\/\/itsasmuseoa.eus\/wp-content\/uploads\/\/grupo.svg"},{"@type":"BreadcrumbList","@id":"https:\/\/itsasmuseoa.eus\/fr\/#breadcrumb","itemListElement":[{"@type":"ListItem","position":1,"name":"Inicio","item":"https:\/\/itsasmuseoa.eus\/fr\/"},{"@type":"ListItem","position":2,"name":"Euskal Itsas Museoa"}]},{"@type":"WebSite","@id":"https:\/\/itsasmuseoa.eus\/fr\/#website","url":"https:\/\/itsasmuseoa.eus\/fr\/","name":"Euskal Itsas Museoa","description":"Museo Mar\u00edtimo Vasco","potentialAction":[{"@type":"SearchAction","target":{"@type":"EntryPoint","urlTemplate":"https:\/\/itsasmuseoa.eus\/fr\/?s={search_term_string}"},"query-input":{"@type":"PropertyValueSpecification","valueRequired":true,"valueName":"search_term_string"}}],"inLanguage":"fr-FR"}]}},"_links":{"self":[{"href":"https:\/\/itsasmuseoa.eus\/fr\/wp-json\/wp\/v2\/pages\/173","targetHints":{"allow":["GET"]}}],"collection":[{"href":"https:\/\/itsasmuseoa.eus\/fr\/wp-json\/wp\/v2\/pages"}],"about":[{"href":"https:\/\/itsasmuseoa.eus\/fr\/wp-json\/wp\/v2\/types\/page"}],"author":[{"embeddable":true,"href":"https:\/\/itsasmuseoa.eus\/fr\/wp-json\/wp\/v2\/users\/1"}],"replies":[{"embeddable":true,"href":"https:\/\/itsasmuseoa.eus\/fr\/wp-json\/wp\/v2\/comments?post=173"}],"version-history":[{"count":2,"href":"https:\/\/itsasmuseoa.eus\/fr\/wp-json\/wp\/v2\/pages\/173\/revisions"}],"predecessor-version":[{"id":20875,"href":"https:\/\/itsasmuseoa.eus\/fr\/wp-json\/wp\/v2\/pages\/173\/revisions\/20875"}],"wp:attachment":[{"href":"https:\/\/itsasmuseoa.eus\/fr\/wp-json\/wp\/v2\/media?parent=173"}],"wp:term":[{"taxonomy":"category","embeddable":true,"href":"https:\/\/itsasmuseoa.eus\/fr\/wp-json\/wp\/v2\/categories?post=173"},{"taxonomy":"post_tag","embeddable":true,"href":"https:\/\/itsasmuseoa.eus\/fr\/wp-json\/wp\/v2\/tags?post=173"}],"curies":[{"name":"wp","href":"https:\/\/api.w.org\/{rel}","templated":true}]}}