{"id":20049,"date":"2025-06-11T10:40:13","date_gmt":"2025-06-11T08:40:13","guid":{"rendered":"https:\/\/itsasmuseoa.eus\/ipuscua-1025-2025\/"},"modified":"2025-06-24T10:25:57","modified_gmt":"2025-06-24T08:25:57","slug":"ipuscua-1025-2025","status":"publish","type":"page","link":"https:\/\/itsasmuseoa.eus\/fr\/ipuscua-1025-2025\/","title":{"rendered":"IPUSCUA 1025-2025"},"content":{"rendered":"\n\n\t<nav id=\"breadcrumbs\" aria-label=\"Breadcrumbs\"><a href=\"https:\/\/itsasmuseoa.eus\/fr\/\">Inicio<\/a> <img decoding=\"async\" src=\"https:\/\/itsasmuseoa.eus\/flecha-breadcrumbs\/\" alt=\"icono flecha\" \/> IPUSCUA 1025-2025<\/nav>\n\t\t<h2>\n\t\t\tActualit\u00e9s\n\t\t<\/h2>\n\n<h1>\n\t\t\tIPUSCUA 1025-2025\t<\/h1>\n<h2>\n\t\t\tUn voyage mill\u00e9naire le long de la c\u00f4te\t<\/h2>\n\t<p>En 2025, on comm\u00e9more mille ans de la premi\u00e8re mention documentaire de la terre d&#8217;Ipuscua, qui est \u00e0 I&#8217;origine de l&#8217;actuel territoire du Gipuzkoa. \u00c0 ce titre, Le Mus\u00e9e Maritime Basque propose un itin\u00e9raire tout au long de la c\u00f4te de Gipuzkoa pour visiter les lieux mentionn\u00e9s dans la documentation de l&#8217;\u00e9poque et d\u00e9couvrir les \u00e9l\u00e9ments qui ont surv\u00e9cu jusqu&#8217;\u00e0 aujourd&#8217;hui. Le visiteur pourra constater que les activit\u00e9s maritimes \u00e9taient fondamentales pour l&#8217;\u00e9conomie et la politique du territoire <\/p>\n<p>\u00c0 partir du 24 juin, vous trouverez sur notre site web une carte avec des points g\u00e9olocalis\u00e9s, qui vous permettra de d\u00e9couvrir la c\u00f4te du Gipuzkoa et de vous familiariser avec le monde maritime de l&#8217;\u00e9poque. Vous trouverez \u00e9galement un d\u00e9pliant au mus\u00e9e et dans les offices de tourisme de chaque localit\u00e9, qui vous indiquera l&#8217;itin\u00e9raire. <\/p>\n\t\t\t<a href=\"https:\/\/itsasmuseoa.eus\/fr\/ipuscua-carte\/\" target=\"_self\">\n\t\t\t\t\t\tD\u00c9COUVREZ IPUSCUA\n\t\t\t\t\t<\/a>\n\t\t\t\t<a href=\"https:\/\/itsasmuseoa.eus\/wp-content\/uploads\/2025\/02\/itsas-museoa-agenda-xabier-euskal-zubia.jpeg\"  target=\"_self\" itemprop=\"url\">\n\t\t\t\t<img decoding=\"async\" src=\"https:\/\/itsasmuseoa.eus\/wp-content\/uploads\/2025\/02\/itsas-museoa-agenda-xabier-euskal-zubia.jpeg\" alt=\"itsas-museoa-agenda-xabier-euskal-zubia\" itemprop=\"image\" height=\"683\" width=\"1024\" title=\"itsas-museoa-agenda-xabier-euskal-zubia\" onerror=\"this.style.display='none'\" loading='lazy' \/>\n\t\t\t\t<\/a>\n\t<a href=\"#\" id=\"trigger-\" role=\"button\" data-modal=\"\" data-node=\"\">\n\t\t\t\t\t\t\tAGRANDIR LA PHOTO\n\t\t\t\t\t\t\t\t\t\t\t\t<\/a>\n\t\t\t\t\t\tPreview\n\t\t\tmodal-\n\t\t\t\t\t\t<img decoding=\"async\" src=\"\" alt=\"\" \/>\t\t\t\t\t\n\t\t<iframe title=\"IPUSCUA 1025-2025\" width=\"500\" height=\"281\" src=\"https:\/\/www.youtube.com\/embed\/ZHInRkJ9ukQ?feature=oembed\" frameborder=\"0\" allow=\"accelerometer; autoplay; clipboard-write; encrypted-media; gyroscope; picture-in-picture; web-share\" referrerpolicy=\"strict-origin-when-cross-origin\" allowfullscreen><\/iframe> \n\n","protected":false},"excerpt":{"rendered":"<p>Le Mus\u00e9e maritime basque participe au projet Ipuskoa en proposant une visite par la c\u00f4te du Gipuzkoa d&#8217;il y a mille ans.<\/p>\n","protected":false},"author":4,"featured_media":20043,"parent":0,"menu_order":0,"comment_status":"closed","ping_status":"closed","template":"","meta":{"_acf_changed":false,"footnotes":""},"categories":[220,223],"tags":[],"class_list":["post-20049","page","type-page","status-publish","has-post-thumbnail","hentry","category-actualites","category-curiosites"],"acf":[],"yoast_head":"<!-- This site is optimized with the Yoast SEO plugin v27.3 - https:\/\/yoast.com\/product\/yoast-seo-wordpress\/ -->\n<title>IPUSCUA 1025-2025 - Euskal Itsas Museoa<\/title>\n<meta name=\"robots\" content=\"index, follow, max-snippet:-1, max-image-preview:large, max-video-preview:-1\" \/>\n<link rel=\"canonical\" href=\"https:\/\/itsasmuseoa.eus\/fr\/ipuscua-1025-2025\/\" \/>\n<meta property=\"og:locale\" content=\"fr_FR\" \/>\n<meta property=\"og:type\" content=\"article\" \/>\n<meta property=\"og:title\" content=\"IPUSCUA 1025-2025 - Euskal Itsas Museoa\" \/>\n<meta property=\"og:description\" content=\"Le Mus\u00e9e maritime basque participe au projet Ipuskoa en proposant une visite par la c\u00f4te du Gipuzkoa d&#039;il y a mille ans.\" \/>\n<meta property=\"og:url\" content=\"https:\/\/itsasmuseoa.eus\/fr\/ipuscua-1025-2025\/\" \/>\n<meta property=\"og:site_name\" content=\"Euskal Itsas Museoa\" \/>\n<meta property=\"article:modified_time\" content=\"2025-06-24T08:25:57+00:00\" \/>\n<meta property=\"og:image\" content=\"https:\/\/itsasmuseoa.eus\/wp-content\/uploads\/2025\/06\/IPUSCUA_Irudia_1800x1200.jpg\" \/>\n\t<meta property=\"og:image:width\" content=\"1800\" \/>\n\t<meta property=\"og:image:height\" content=\"1200\" \/>\n\t<meta property=\"og:image:type\" content=\"image\/jpeg\" \/>\n<meta name=\"twitter:card\" content=\"summary_large_image\" \/>\n<meta name=\"twitter:label1\" content=\"Dur\u00e9e de lecture estim\u00e9e\" \/>\n\t<meta name=\"twitter:data1\" content=\"1 minute\" \/>\n<script type=\"application\/ld+json\" class=\"yoast-schema-graph\">{\"@context\":\"https:\\\/\\\/schema.org\",\"@graph\":[{\"@type\":\"WebPage\",\"@id\":\"https:\\\/\\\/itsasmuseoa.eus\\\/fr\\\/ipuscua-1025-2025\\\/\",\"url\":\"https:\\\/\\\/itsasmuseoa.eus\\\/fr\\\/ipuscua-1025-2025\\\/\",\"name\":\"IPUSCUA 1025-2025 - Euskal Itsas Museoa\",\"isPartOf\":{\"@id\":\"https:\\\/\\\/itsasmuseoa.eus\\\/fr\\\/#website\"},\"primaryImageOfPage\":{\"@id\":\"https:\\\/\\\/itsasmuseoa.eus\\\/fr\\\/ipuscua-1025-2025\\\/#primaryimage\"},\"image\":{\"@id\":\"https:\\\/\\\/itsasmuseoa.eus\\\/fr\\\/ipuscua-1025-2025\\\/#primaryimage\"},\"thumbnailUrl\":\"https:\\\/\\\/itsasmuseoa.eus\\\/wp-content\\\/uploads\\\/2025\\\/06\\\/IPUSCUA_Irudia_1800x1200.jpg\",\"datePublished\":\"2025-06-11T08:40:13+00:00\",\"dateModified\":\"2025-06-24T08:25:57+00:00\",\"breadcrumb\":{\"@id\":\"https:\\\/\\\/itsasmuseoa.eus\\\/fr\\\/ipuscua-1025-2025\\\/#breadcrumb\"},\"inLanguage\":\"fr-FR\",\"potentialAction\":[{\"@type\":\"ReadAction\",\"target\":[\"https:\\\/\\\/itsasmuseoa.eus\\\/fr\\\/ipuscua-1025-2025\\\/\"]}]},{\"@type\":\"ImageObject\",\"inLanguage\":\"fr-FR\",\"@id\":\"https:\\\/\\\/itsasmuseoa.eus\\\/fr\\\/ipuscua-1025-2025\\\/#primaryimage\",\"url\":\"https:\\\/\\\/itsasmuseoa.eus\\\/wp-content\\\/uploads\\\/2025\\\/06\\\/IPUSCUA_Irudia_1800x1200.jpg\",\"contentUrl\":\"https:\\\/\\\/itsasmuseoa.eus\\\/wp-content\\\/uploads\\\/2025\\\/06\\\/IPUSCUA_Irudia_1800x1200.jpg\",\"width\":1800,\"height\":1200},{\"@type\":\"BreadcrumbList\",\"@id\":\"https:\\\/\\\/itsasmuseoa.eus\\\/fr\\\/ipuscua-1025-2025\\\/#breadcrumb\",\"itemListElement\":[{\"@type\":\"ListItem\",\"position\":1,\"name\":\"Inicio\",\"item\":\"https:\\\/\\\/itsasmuseoa.eus\\\/fr\\\/\"},{\"@type\":\"ListItem\",\"position\":2,\"name\":\"IPUSCUA 1025-2025\"}]},{\"@type\":\"WebSite\",\"@id\":\"https:\\\/\\\/itsasmuseoa.eus\\\/fr\\\/#website\",\"url\":\"https:\\\/\\\/itsasmuseoa.eus\\\/fr\\\/\",\"name\":\"Euskal Itsas Museoa\",\"description\":\"Museo Mar\u00edtimo Vasco\",\"potentialAction\":[{\"@type\":\"SearchAction\",\"target\":{\"@type\":\"EntryPoint\",\"urlTemplate\":\"https:\\\/\\\/itsasmuseoa.eus\\\/fr\\\/?s={search_term_string}\"},\"query-input\":{\"@type\":\"PropertyValueSpecification\",\"valueRequired\":true,\"valueName\":\"search_term_string\"}}],\"inLanguage\":\"fr-FR\"}]}<\/script>\n<!-- \/ Yoast SEO plugin. -->","yoast_head_json":{"title":"IPUSCUA 1025-2025 - Euskal Itsas Museoa","robots":{"index":"index","follow":"follow","max-snippet":"max-snippet:-1","max-image-preview":"max-image-preview:large","max-video-preview":"max-video-preview:-1"},"canonical":"https:\/\/itsasmuseoa.eus\/fr\/ipuscua-1025-2025\/","og_locale":"fr_FR","og_type":"article","og_title":"IPUSCUA 1025-2025 - Euskal Itsas Museoa","og_description":"Le Mus\u00e9e maritime basque participe au projet Ipuskoa en proposant une visite par la c\u00f4te du Gipuzkoa d'il y a mille ans.","og_url":"https:\/\/itsasmuseoa.eus\/fr\/ipuscua-1025-2025\/","og_site_name":"Euskal Itsas Museoa","article_modified_time":"2025-06-24T08:25:57+00:00","og_image":[{"width":1800,"height":1200,"url":"https:\/\/itsasmuseoa.eus\/wp-content\/uploads\/2025\/06\/IPUSCUA_Irudia_1800x1200.jpg","type":"image\/jpeg"}],"twitter_card":"summary_large_image","twitter_misc":{"Dur\u00e9e de lecture estim\u00e9e":"1 minute"},"schema":{"@context":"https:\/\/schema.org","@graph":[{"@type":"WebPage","@id":"https:\/\/itsasmuseoa.eus\/fr\/ipuscua-1025-2025\/","url":"https:\/\/itsasmuseoa.eus\/fr\/ipuscua-1025-2025\/","name":"IPUSCUA 1025-2025 - Euskal Itsas Museoa","isPartOf":{"@id":"https:\/\/itsasmuseoa.eus\/fr\/#website"},"primaryImageOfPage":{"@id":"https:\/\/itsasmuseoa.eus\/fr\/ipuscua-1025-2025\/#primaryimage"},"image":{"@id":"https:\/\/itsasmuseoa.eus\/fr\/ipuscua-1025-2025\/#primaryimage"},"thumbnailUrl":"https:\/\/itsasmuseoa.eus\/wp-content\/uploads\/2025\/06\/IPUSCUA_Irudia_1800x1200.jpg","datePublished":"2025-06-11T08:40:13+00:00","dateModified":"2025-06-24T08:25:57+00:00","breadcrumb":{"@id":"https:\/\/itsasmuseoa.eus\/fr\/ipuscua-1025-2025\/#breadcrumb"},"inLanguage":"fr-FR","potentialAction":[{"@type":"ReadAction","target":["https:\/\/itsasmuseoa.eus\/fr\/ipuscua-1025-2025\/"]}]},{"@type":"ImageObject","inLanguage":"fr-FR","@id":"https:\/\/itsasmuseoa.eus\/fr\/ipuscua-1025-2025\/#primaryimage","url":"https:\/\/itsasmuseoa.eus\/wp-content\/uploads\/2025\/06\/IPUSCUA_Irudia_1800x1200.jpg","contentUrl":"https:\/\/itsasmuseoa.eus\/wp-content\/uploads\/2025\/06\/IPUSCUA_Irudia_1800x1200.jpg","width":1800,"height":1200},{"@type":"BreadcrumbList","@id":"https:\/\/itsasmuseoa.eus\/fr\/ipuscua-1025-2025\/#breadcrumb","itemListElement":[{"@type":"ListItem","position":1,"name":"Inicio","item":"https:\/\/itsasmuseoa.eus\/fr\/"},{"@type":"ListItem","position":2,"name":"IPUSCUA 1025-2025"}]},{"@type":"WebSite","@id":"https:\/\/itsasmuseoa.eus\/fr\/#website","url":"https:\/\/itsasmuseoa.eus\/fr\/","name":"Euskal Itsas Museoa","description":"Museo Mar\u00edtimo Vasco","potentialAction":[{"@type":"SearchAction","target":{"@type":"EntryPoint","urlTemplate":"https:\/\/itsasmuseoa.eus\/fr\/?s={search_term_string}"},"query-input":{"@type":"PropertyValueSpecification","valueRequired":true,"valueName":"search_term_string"}}],"inLanguage":"fr-FR"}]}},"_links":{"self":[{"href":"https:\/\/itsasmuseoa.eus\/fr\/wp-json\/wp\/v2\/pages\/20049","targetHints":{"allow":["GET"]}}],"collection":[{"href":"https:\/\/itsasmuseoa.eus\/fr\/wp-json\/wp\/v2\/pages"}],"about":[{"href":"https:\/\/itsasmuseoa.eus\/fr\/wp-json\/wp\/v2\/types\/page"}],"author":[{"embeddable":true,"href":"https:\/\/itsasmuseoa.eus\/fr\/wp-json\/wp\/v2\/users\/4"}],"replies":[{"embeddable":true,"href":"https:\/\/itsasmuseoa.eus\/fr\/wp-json\/wp\/v2\/comments?post=20049"}],"version-history":[{"count":1,"href":"https:\/\/itsasmuseoa.eus\/fr\/wp-json\/wp\/v2\/pages\/20049\/revisions"}],"predecessor-version":[{"id":20188,"href":"https:\/\/itsasmuseoa.eus\/fr\/wp-json\/wp\/v2\/pages\/20049\/revisions\/20188"}],"wp:featuredmedia":[{"embeddable":true,"href":"https:\/\/itsasmuseoa.eus\/fr\/wp-json\/wp\/v2\/media\/20043"}],"wp:attachment":[{"href":"https:\/\/itsasmuseoa.eus\/fr\/wp-json\/wp\/v2\/media?parent=20049"}],"wp:term":[{"taxonomy":"category","embeddable":true,"href":"https:\/\/itsasmuseoa.eus\/fr\/wp-json\/wp\/v2\/categories?post=20049"},{"taxonomy":"post_tag","embeddable":true,"href":"https:\/\/itsasmuseoa.eus\/fr\/wp-json\/wp\/v2\/tags?post=20049"}],"curies":[{"name":"wp","href":"https:\/\/api.w.org\/{rel}","templated":true}]}}