{"id":20731,"date":"2025-12-03T10:17:41","date_gmt":"2025-12-03T09:17:41","guid":{"rendered":"https:\/\/itsasmuseoa.eus\/?page_id=20731"},"modified":"2025-12-04T10:40:37","modified_gmt":"2025-12-04T09:40:37","slug":"elkano-urdaneta-la-decouverte-des-oceans","status":"publish","type":"page","link":"https:\/\/itsasmuseoa.eus\/fr\/des-expositions\/expositions-en-course\/elkano-urdaneta-la-decouverte-des-oceans\/","title":{"rendered":"ELKANO-URDANETA : LA D\u00c9COUVERTE DES OC\u00c9ANS"},"content":{"rendered":"\n\n\t<nav id=\"breadcrumbs\" aria-label=\"Breadcrumbs\"><a href=\"https:\/\/itsasmuseoa.eus\/fr\/\">Inicio<\/a> <img decoding=\"async\" src=\"https:\/\/itsasmuseoa.eus\/flecha-breadcrumbs\/\" alt=\"icono flecha\" \/> <a href=\"https:\/\/itsasmuseoa.eus\/fr\/des-expositions\/\">Des expositions<\/a> <img decoding=\"async\" src=\"https:\/\/itsasmuseoa.eus\/flecha-breadcrumbs\/\" alt=\"icono flecha\" \/> <a href=\"https:\/\/itsasmuseoa.eus\/fr\/des-expositions\/expositions-en-course\/\">Expositions en course<\/a> <img decoding=\"async\" src=\"https:\/\/itsasmuseoa.eus\/flecha-breadcrumbs\/\" alt=\"icono flecha\" \/> ELKANO-URDANETA : LA D\u00c9COUVERTE DES OC\u00c9ANS<\/nav>\n\n\n<h2>\n\t\t\t2025\/12\/04 &#8211; 2026\/10\/04\t<\/h2>\n<h2>\n\t\t<a href=\"https:\/\/itsasmuseoa.eus\/fr\/ta-visite\/informations-pratiques\/\" title=\"Prix: Voir tarif\"  target=\"_self\">\n\t\t\tPrix: Voir tarif\t\t<\/a>\n\t<\/h2>\n\n\t\t\t\t<a href=\"https:\/\/itsasmuseoa.eus\/wp-content\/uploads\/2025\/11\/BANNER_1800x1200-1.jpg\"  target=\"_self\" itemprop=\"url\">\n\t\t\t\t<img decoding=\"async\" src=\"https:\/\/itsasmuseoa.eus\/wp-content\/uploads\/2025\/11\/BANNER_1800x1200-1.jpg\" alt=\"BANNER_1800x1200 (1)\" itemprop=\"image\" height=\"1200\" width=\"1800\" title=\"BANNER_1800x1200 (1)\" onerror=\"this.style.display='none'\" loading=\"lazy\" \/>\n\t\t\t\t<\/a>\n\t<a href=\"#\" id=\"trigger-\" role=\"button\" data-modal=\"\" data-node=\"\">\n\t\t\t\t\t\t\tAGRANDIR LA PHOTO\n\t\t\t\t\t\t\t\t\t\t\t\t<\/a>\n\t\t\t\t\t\tPreview\n\t\t\tmodal-\n\t\t\t\t\t\t<img decoding=\"async\" src=\"\" alt=\"\" \/>\t\t\t\t\t\n\t<p>Entre 2025 et 2026 est c\u00e9l\u00e9br\u00e9 le cinqui\u00e8me centenaire de la peu connue exp\u00e9dition Loaisa-Elcano (1525-1536), une prouesse maritime d\u00e9cisive dans l&#8217;histoire de l&#8217;humanit\u00e9. L&#8217;exposition explique comment cette travers\u00e9e transoc\u00e9anique fut pr\u00e9par\u00e9e et met en valeur le r\u00f4le d&#8217;Andr\u00e9s de Urdaneta, essentiel dans l&#8217;union des savoirs nautiques de l&#8217;Orient et de l&#8217;Occident, qui permit l&#8217;ouverture des oc\u00e9ans \u00e0 la navigation mondiale. <\/p>\n<p>La Casa Torre du port de Saint S\u00e9bastien accueille une s\u00e9lection de maquettes, de peintures et de documents illustrant l&#8217;extraordinaire histoire de ce voyage. L&#8217;exposition est compl\u00e9t\u00e9e par un espace didactique et un cahier destin\u00e9 aux familles. <\/p>\n\t<p> PROGRAMMATION<\/p>\n\t<p>D\u00e9couvrez le programme d&#8217;activit\u00e9s:<\/p>\n<h2>\n\t\t\tSur demande\t<\/h2>\n<h2>\n\t\t<a href=\"https:\/\/itsasmuseoa.eus\/actividades\/agenda\/copy-2\/\" title=\"Visite &quot; La d\u00e9couvert des oc\u00e9ans&quot;\"  target=\"_self\">\n\t\t\tVisite &#8221; La d\u00e9couvert des oc\u00e9ans&#8221;\t\t<\/a>\n\t<\/h2>\n\t\t\t<a href=\"https:\/\/itsasmuseoa.eus\/fr\/demande-de-reservation-de-visite\/?reserva=visitaOceanos\" target=\"_blank\" rel=\"noopener\">\n\t\t\t\t\t\tReserver\n\t\t\t\t\t<\/a>\n\t<p>Toutes les informations concernant les activit\u00e9s li\u00e9es \u00e0 l&#8217;exposition seront disponibles dans<a href=\"https:\/\/itsasmuseoa.eus\/fr\/activites\/agenda\/\"> notre agenda.<\/a><\/p>\n\t<p> T\u00c9L\u00c9CHARGER<\/p>\n\t<a href=\"https:\/\/itsasmuseoa.eus\/wp-content\/uploads\/2021\/06\/24_MARE-CLAUSUM_EIM_NP.pdf\" target=\"_blank\" role=\"button\" rel=\"noopener\" aria-label=\"Communiqu\u00e9 de presse\">\n\t\t\t\t\t\tCommuniqu\u00e9 de presse\n\t\t\t\t\t<\/a>\n\t<a href=\"https:\/\/itsasmuseoa.eus\/wp-content\/uploads\/2021\/06\/MARE-CLAUSUM-Dossier-Prensa.pdf\" target=\"_blank\" role=\"button\" rel=\"noopener\" aria-label=\"Dossier de presse\">\n\t\t\t\t\t\tDossier de presse\n\t\t\t\t\t<\/a>\n\n","protected":false},"excerpt":{"rendered":"<p>Cette exposition comm\u00e9more le cinqui\u00e8me centenaire de l&#8217;exp\u00e9dition Loaisa\u2013Elcano <\/p>\n","protected":false},"author":4,"featured_media":20717,"parent":5453,"menu_order":0,"comment_status":"closed","ping_status":"closed","template":"","meta":{"_acf_changed":false,"footnotes":""},"categories":[262,265],"tags":[632,308],"class_list":["post-20731","page","type-page","status-publish","has-post-thumbnail","hentry","category-des-expositions","category-expositions-en-cours","tag-exposicion-fr","tag-exposition"],"acf":[],"yoast_head":"<!-- This site is optimized with the Yoast SEO plugin v27.4 - https:\/\/yoast.com\/product\/yoast-seo-wordpress\/ -->\n<title>ELKANO-URDANETA : LA D\u00c9COUVERTE DES OC\u00c9ANS - Euskal Itsas Museoa<\/title>\n<meta name=\"robots\" content=\"index, follow, max-snippet:-1, max-image-preview:large, max-video-preview:-1\" \/>\n<link rel=\"canonical\" href=\"https:\/\/itsasmuseoa.eus\/fr\/des-expositions\/expositions-en-course\/elkano-urdaneta-la-decouverte-des-oceans\/\" \/>\n<meta property=\"og:locale\" content=\"fr_FR\" \/>\n<meta property=\"og:type\" content=\"article\" \/>\n<meta property=\"og:title\" content=\"ELKANO-URDANETA : LA D\u00c9COUVERTE DES OC\u00c9ANS - Euskal Itsas Museoa\" \/>\n<meta property=\"og:description\" content=\"Cette exposition comm\u00e9more le cinqui\u00e8me centenaire de l&#039;exp\u00e9dition Loaisa\u2013Elcano\" \/>\n<meta property=\"og:url\" content=\"https:\/\/itsasmuseoa.eus\/fr\/des-expositions\/expositions-en-course\/elkano-urdaneta-la-decouverte-des-oceans\/\" \/>\n<meta property=\"og:site_name\" content=\"Euskal Itsas Museoa\" \/>\n<meta property=\"article:modified_time\" content=\"2025-12-04T09:40:37+00:00\" \/>\n<meta property=\"og:image\" content=\"https:\/\/itsasmuseoa.eus\/wp-content\/uploads\/2025\/11\/BANNER_1800x1200-1-1024x683.jpg\" \/>\n\t<meta property=\"og:image:width\" content=\"1024\" \/>\n\t<meta property=\"og:image:height\" content=\"683\" \/>\n\t<meta property=\"og:image:type\" content=\"image\/jpeg\" \/>\n<meta name=\"twitter:card\" content=\"summary_large_image\" \/>\n<meta name=\"twitter:label1\" content=\"Dur\u00e9e de lecture estim\u00e9e\" \/>\n\t<meta name=\"twitter:data1\" content=\"1 minute\" \/>\n<script type=\"application\/ld+json\" class=\"yoast-schema-graph\">{\"@context\":\"https:\\\/\\\/schema.org\",\"@graph\":[{\"@type\":\"WebPage\",\"@id\":\"https:\\\/\\\/itsasmuseoa.eus\\\/fr\\\/des-expositions\\\/expositions-en-course\\\/elkano-urdaneta-la-decouverte-des-oceans\\\/\",\"url\":\"https:\\\/\\\/itsasmuseoa.eus\\\/fr\\\/des-expositions\\\/expositions-en-course\\\/elkano-urdaneta-la-decouverte-des-oceans\\\/\",\"name\":\"ELKANO-URDANETA : LA D\u00c9COUVERTE DES OC\u00c9ANS - Euskal Itsas Museoa\",\"isPartOf\":{\"@id\":\"https:\\\/\\\/itsasmuseoa.eus\\\/fr\\\/#website\"},\"primaryImageOfPage\":{\"@id\":\"https:\\\/\\\/itsasmuseoa.eus\\\/fr\\\/des-expositions\\\/expositions-en-course\\\/elkano-urdaneta-la-decouverte-des-oceans\\\/#primaryimage\"},\"image\":{\"@id\":\"https:\\\/\\\/itsasmuseoa.eus\\\/fr\\\/des-expositions\\\/expositions-en-course\\\/elkano-urdaneta-la-decouverte-des-oceans\\\/#primaryimage\"},\"thumbnailUrl\":\"https:\\\/\\\/itsasmuseoa.eus\\\/wp-content\\\/uploads\\\/2025\\\/11\\\/BANNER_1800x1200-1.jpg\",\"datePublished\":\"2025-12-03T09:17:41+00:00\",\"dateModified\":\"2025-12-04T09:40:37+00:00\",\"breadcrumb\":{\"@id\":\"https:\\\/\\\/itsasmuseoa.eus\\\/fr\\\/des-expositions\\\/expositions-en-course\\\/elkano-urdaneta-la-decouverte-des-oceans\\\/#breadcrumb\"},\"inLanguage\":\"fr-FR\",\"potentialAction\":[{\"@type\":\"ReadAction\",\"target\":[\"https:\\\/\\\/itsasmuseoa.eus\\\/fr\\\/des-expositions\\\/expositions-en-course\\\/elkano-urdaneta-la-decouverte-des-oceans\\\/\"]}]},{\"@type\":\"ImageObject\",\"inLanguage\":\"fr-FR\",\"@id\":\"https:\\\/\\\/itsasmuseoa.eus\\\/fr\\\/des-expositions\\\/expositions-en-course\\\/elkano-urdaneta-la-decouverte-des-oceans\\\/#primaryimage\",\"url\":\"https:\\\/\\\/itsasmuseoa.eus\\\/wp-content\\\/uploads\\\/2025\\\/11\\\/BANNER_1800x1200-1.jpg\",\"contentUrl\":\"https:\\\/\\\/itsasmuseoa.eus\\\/wp-content\\\/uploads\\\/2025\\\/11\\\/BANNER_1800x1200-1.jpg\",\"width\":1800,\"height\":1200},{\"@type\":\"BreadcrumbList\",\"@id\":\"https:\\\/\\\/itsasmuseoa.eus\\\/fr\\\/des-expositions\\\/expositions-en-course\\\/elkano-urdaneta-la-decouverte-des-oceans\\\/#breadcrumb\",\"itemListElement\":[{\"@type\":\"ListItem\",\"position\":1,\"name\":\"Inicio\",\"item\":\"https:\\\/\\\/itsasmuseoa.eus\\\/fr\\\/\"},{\"@type\":\"ListItem\",\"position\":2,\"name\":\"Des expositions\",\"item\":\"https:\\\/\\\/itsasmuseoa.eus\\\/fr\\\/des-expositions\\\/\"},{\"@type\":\"ListItem\",\"position\":3,\"name\":\"Expositions en course\",\"item\":\"https:\\\/\\\/itsasmuseoa.eus\\\/fr\\\/des-expositions\\\/expositions-en-course\\\/\"},{\"@type\":\"ListItem\",\"position\":4,\"name\":\"ELKANO-URDANETA : LA D\u00c9COUVERTE DES OC\u00c9ANS\"}]},{\"@type\":\"WebSite\",\"@id\":\"https:\\\/\\\/itsasmuseoa.eus\\\/fr\\\/#website\",\"url\":\"https:\\\/\\\/itsasmuseoa.eus\\\/fr\\\/\",\"name\":\"Euskal Itsas Museoa\",\"description\":\"Museo Mar\u00edtimo Vasco\",\"potentialAction\":[{\"@type\":\"SearchAction\",\"target\":{\"@type\":\"EntryPoint\",\"urlTemplate\":\"https:\\\/\\\/itsasmuseoa.eus\\\/fr\\\/?s={search_term_string}\"},\"query-input\":{\"@type\":\"PropertyValueSpecification\",\"valueRequired\":true,\"valueName\":\"search_term_string\"}}],\"inLanguage\":\"fr-FR\"}]}<\/script>\n<!-- \/ Yoast SEO plugin. -->","yoast_head_json":{"title":"ELKANO-URDANETA : LA D\u00c9COUVERTE DES OC\u00c9ANS - Euskal Itsas Museoa","robots":{"index":"index","follow":"follow","max-snippet":"max-snippet:-1","max-image-preview":"max-image-preview:large","max-video-preview":"max-video-preview:-1"},"canonical":"https:\/\/itsasmuseoa.eus\/fr\/des-expositions\/expositions-en-course\/elkano-urdaneta-la-decouverte-des-oceans\/","og_locale":"fr_FR","og_type":"article","og_title":"ELKANO-URDANETA : LA D\u00c9COUVERTE DES OC\u00c9ANS - Euskal Itsas Museoa","og_description":"Cette exposition comm\u00e9more le cinqui\u00e8me centenaire de l'exp\u00e9dition Loaisa\u2013Elcano","og_url":"https:\/\/itsasmuseoa.eus\/fr\/des-expositions\/expositions-en-course\/elkano-urdaneta-la-decouverte-des-oceans\/","og_site_name":"Euskal Itsas Museoa","article_modified_time":"2025-12-04T09:40:37+00:00","og_image":[{"width":1024,"height":683,"url":"https:\/\/itsasmuseoa.eus\/wp-content\/uploads\/2025\/11\/BANNER_1800x1200-1-1024x683.jpg","type":"image\/jpeg"}],"twitter_card":"summary_large_image","twitter_misc":{"Dur\u00e9e de lecture estim\u00e9e":"1 minute"},"schema":{"@context":"https:\/\/schema.org","@graph":[{"@type":"WebPage","@id":"https:\/\/itsasmuseoa.eus\/fr\/des-expositions\/expositions-en-course\/elkano-urdaneta-la-decouverte-des-oceans\/","url":"https:\/\/itsasmuseoa.eus\/fr\/des-expositions\/expositions-en-course\/elkano-urdaneta-la-decouverte-des-oceans\/","name":"ELKANO-URDANETA : LA D\u00c9COUVERTE DES OC\u00c9ANS - Euskal Itsas Museoa","isPartOf":{"@id":"https:\/\/itsasmuseoa.eus\/fr\/#website"},"primaryImageOfPage":{"@id":"https:\/\/itsasmuseoa.eus\/fr\/des-expositions\/expositions-en-course\/elkano-urdaneta-la-decouverte-des-oceans\/#primaryimage"},"image":{"@id":"https:\/\/itsasmuseoa.eus\/fr\/des-expositions\/expositions-en-course\/elkano-urdaneta-la-decouverte-des-oceans\/#primaryimage"},"thumbnailUrl":"https:\/\/itsasmuseoa.eus\/wp-content\/uploads\/2025\/11\/BANNER_1800x1200-1.jpg","datePublished":"2025-12-03T09:17:41+00:00","dateModified":"2025-12-04T09:40:37+00:00","breadcrumb":{"@id":"https:\/\/itsasmuseoa.eus\/fr\/des-expositions\/expositions-en-course\/elkano-urdaneta-la-decouverte-des-oceans\/#breadcrumb"},"inLanguage":"fr-FR","potentialAction":[{"@type":"ReadAction","target":["https:\/\/itsasmuseoa.eus\/fr\/des-expositions\/expositions-en-course\/elkano-urdaneta-la-decouverte-des-oceans\/"]}]},{"@type":"ImageObject","inLanguage":"fr-FR","@id":"https:\/\/itsasmuseoa.eus\/fr\/des-expositions\/expositions-en-course\/elkano-urdaneta-la-decouverte-des-oceans\/#primaryimage","url":"https:\/\/itsasmuseoa.eus\/wp-content\/uploads\/2025\/11\/BANNER_1800x1200-1.jpg","contentUrl":"https:\/\/itsasmuseoa.eus\/wp-content\/uploads\/2025\/11\/BANNER_1800x1200-1.jpg","width":1800,"height":1200},{"@type":"BreadcrumbList","@id":"https:\/\/itsasmuseoa.eus\/fr\/des-expositions\/expositions-en-course\/elkano-urdaneta-la-decouverte-des-oceans\/#breadcrumb","itemListElement":[{"@type":"ListItem","position":1,"name":"Inicio","item":"https:\/\/itsasmuseoa.eus\/fr\/"},{"@type":"ListItem","position":2,"name":"Des expositions","item":"https:\/\/itsasmuseoa.eus\/fr\/des-expositions\/"},{"@type":"ListItem","position":3,"name":"Expositions en course","item":"https:\/\/itsasmuseoa.eus\/fr\/des-expositions\/expositions-en-course\/"},{"@type":"ListItem","position":4,"name":"ELKANO-URDANETA : LA D\u00c9COUVERTE DES OC\u00c9ANS"}]},{"@type":"WebSite","@id":"https:\/\/itsasmuseoa.eus\/fr\/#website","url":"https:\/\/itsasmuseoa.eus\/fr\/","name":"Euskal Itsas Museoa","description":"Museo Mar\u00edtimo Vasco","potentialAction":[{"@type":"SearchAction","target":{"@type":"EntryPoint","urlTemplate":"https:\/\/itsasmuseoa.eus\/fr\/?s={search_term_string}"},"query-input":{"@type":"PropertyValueSpecification","valueRequired":true,"valueName":"search_term_string"}}],"inLanguage":"fr-FR"}]}},"_links":{"self":[{"href":"https:\/\/itsasmuseoa.eus\/fr\/wp-json\/wp\/v2\/pages\/20731","targetHints":{"allow":["GET"]}}],"collection":[{"href":"https:\/\/itsasmuseoa.eus\/fr\/wp-json\/wp\/v2\/pages"}],"about":[{"href":"https:\/\/itsasmuseoa.eus\/fr\/wp-json\/wp\/v2\/types\/page"}],"author":[{"embeddable":true,"href":"https:\/\/itsasmuseoa.eus\/fr\/wp-json\/wp\/v2\/users\/4"}],"replies":[{"embeddable":true,"href":"https:\/\/itsasmuseoa.eus\/fr\/wp-json\/wp\/v2\/comments?post=20731"}],"version-history":[{"count":3,"href":"https:\/\/itsasmuseoa.eus\/fr\/wp-json\/wp\/v2\/pages\/20731\/revisions"}],"predecessor-version":[{"id":20859,"href":"https:\/\/itsasmuseoa.eus\/fr\/wp-json\/wp\/v2\/pages\/20731\/revisions\/20859"}],"up":[{"embeddable":true,"href":"https:\/\/itsasmuseoa.eus\/fr\/wp-json\/wp\/v2\/pages\/5453"}],"wp:featuredmedia":[{"embeddable":true,"href":"https:\/\/itsasmuseoa.eus\/fr\/wp-json\/wp\/v2\/media\/20717"}],"wp:attachment":[{"href":"https:\/\/itsasmuseoa.eus\/fr\/wp-json\/wp\/v2\/media?parent=20731"}],"wp:term":[{"taxonomy":"category","embeddable":true,"href":"https:\/\/itsasmuseoa.eus\/fr\/wp-json\/wp\/v2\/categories?post=20731"},{"taxonomy":"post_tag","embeddable":true,"href":"https:\/\/itsasmuseoa.eus\/fr\/wp-json\/wp\/v2\/tags?post=20731"}],"curies":[{"name":"wp","href":"https:\/\/api.w.org\/{rel}","templated":true}]}}