{"id":20782,"date":"2025-12-03T10:17:32","date_gmt":"2025-12-03T09:17:32","guid":{"rendered":"https:\/\/itsasmuseoa.eus\/?page_id=20782"},"modified":"2025-12-03T10:17:32","modified_gmt":"2025-12-03T09:17:32","slug":"la-decouverte-des-oceans-pour-les-petits-navigateurs","status":"publish","type":"page","link":"https:\/\/itsasmuseoa.eus\/fr\/activites\/agenda\/la-decouverte-des-oceans-pour-les-petits-navigateurs\/","title":{"rendered":"La d\u00e9couverte des oc\u00e9ans pour les petits navigateurs"},"content":{"rendered":"\n\n\t<nav id=\"breadcrumbs\" aria-label=\"Breadcrumbs\"><a href=\"https:\/\/itsasmuseoa.eus\/fr\/\">Inicio<\/a> <img decoding=\"async\" src=\"https:\/\/itsasmuseoa.eus\/flecha-breadcrumbs\/\" alt=\"icono flecha\" \/> Actividades <img decoding=\"async\" src=\"https:\/\/itsasmuseoa.eus\/flecha-breadcrumbs\/\" alt=\"icono flecha\" \/> <a href=\"https:\/\/itsasmuseoa.eus\/fr\/activites\/agenda\/\">Agenda<\/a> <img decoding=\"async\" src=\"https:\/\/itsasmuseoa.eus\/flecha-breadcrumbs\/\" alt=\"icono flecha\" \/> El descubrimiento de los oc\u00e9anos para peque\u00f1os navegantes<\/nav><h2>\n\t\t\tEl descubrimiento de los oc\u00e9anos para peque\u00f1os navegantes\t<\/h2>\n\t\t\n\t\t\t<p>Os presentamos una nueva forma para visitar nuestra exposici\u00f3n: el libro para familias. Con el podr\u00e9is disfrutar de forma l\u00fadica la exposici\u00f3n &#8220;Elcano-Urdaneta: el descubrimiento de los oc\u00e9anos&#8221;.\u00a0Este libro consta de actividades de todo tipo que sumergen a los mas peque\u00f1os en el segundo viaje de Elcano, una expedici\u00f3n llena de aventuras que result\u00f3 clave para la historia mar\u00edtima.Pod\u00e9is <strong>pedir el librito de forma gratuita en la entrada<\/strong> del Museo, adem\u00e1s os recordamos que nuestras exposiciones son gratuitas para los menores de 14 a\u00f1os.\u00a0\u00a0<\/p>\t\t\n\t\t\t\t<a href=\"https:\/\/itsasmuseoa.eus\/wp-content\/uploads\/2025\/11\/139.jpg\"  target=\"_self\" itemprop=\"url\">\n\t\t\t\t<img decoding=\"async\" src=\"https:\/\/itsasmuseoa.eus\/wp-content\/uploads\/2025\/11\/139.jpg\" alt=\"139\" itemprop=\"image\" height=\"1600\" width=\"2400\" title=\"139\" onerror=\"this.style.display='none'\" loading=\"lazy\" \/>\n\t\t\t\t<\/a>\n\t<a href=\"#\" id=\"trigger-\" role=\"button\" data-modal=\"\" data-node=\"\">\n\t\t\t\t\t\t\tEXTENDER FOTO\n\t\t\t\t\t\t\t\t\t\t\t\t<\/a>\n\t\t\t\t\t\tPreview\n\t\t\tmodal-\n\t\t\t\t\t\t<img decoding=\"async\" src=\"\" alt=\"\" \/>\t\t\t\t\t\n\n","protected":false},"excerpt":{"rendered":"<p>Inicio Actividades Agenda El descubrimiento de los oc\u00e9anos para peque\u00f1os navegantes El descubrimiento de los oc\u00e9anos para peque\u00f1os navegantes Os presentamos una nueva forma para visitar nuestra exposici\u00f3n: el libro para familias. Con el podr\u00e9is disfrutar de forma l\u00fadica la exposici\u00f3n &#8220;Elcano-Urdaneta: el descubrimiento de los oc\u00e9anos&#8221;.\u00a0Este libro consta de actividades de todo tipo que&hellip;<\/p>\n","protected":false},"author":4,"featured_media":20772,"parent":5410,"menu_order":0,"comment_status":"closed","ping_status":"closed","template":"","meta":{"_acf_changed":false,"footnotes":""},"categories":[169,175,170],"tags":[],"class_list":["post-20782","page","type-page","status-publish","has-post-thumbnail","hentry","category-activites","category-faits-marquants","category-l-agenda"],"acf":{"hora":"Hora: 19:00h","lugar":"Mus\u00e9e maritime basque","precio-actividad":"Precio: Gratis","enlace_boton_reserva":"https:\/\/itsasmuseoa.eus\/reserva-de-entradas\/?reserva=","video":"https:\/\/www.youtube.com\/watch?v=tCQwPZpamPY","fecha_actividad":"Martes, 4 de mayo"},"yoast_head":"<!-- This site is optimized with the Yoast SEO plugin v27.4 - https:\/\/yoast.com\/product\/yoast-seo-wordpress\/ -->\n<title>La d\u00e9couverte des oc\u00e9ans pour les petits navigateurs - Euskal Itsas Museoa<\/title>\n<meta name=\"robots\" content=\"index, follow, max-snippet:-1, max-image-preview:large, max-video-preview:-1\" \/>\n<link rel=\"canonical\" href=\"https:\/\/itsasmuseoa.eus\/fr\/activites\/agenda\/la-decouverte-des-oceans-pour-les-petits-navigateurs\/\" \/>\n<meta property=\"og:locale\" content=\"fr_FR\" \/>\n<meta property=\"og:type\" content=\"article\" \/>\n<meta property=\"og:title\" content=\"La d\u00e9couverte des oc\u00e9ans pour les petits navigateurs - Euskal Itsas Museoa\" \/>\n<meta property=\"og:description\" content=\"Inicio Actividades Agenda El descubrimiento de los oc\u00e9anos para peque\u00f1os navegantes El descubrimiento de los oc\u00e9anos para peque\u00f1os navegantes Os presentamos una nueva forma para visitar nuestra exposici\u00f3n: el libro para familias. Con el podr\u00e9is disfrutar de forma l\u00fadica la exposici\u00f3n &#8220;Elcano-Urdaneta: el descubrimiento de los oc\u00e9anos&#8221;.\u00a0Este libro consta de actividades de todo tipo que&hellip;\" \/>\n<meta property=\"og:url\" content=\"https:\/\/itsasmuseoa.eus\/fr\/activites\/agenda\/la-decouverte-des-oceans-pour-les-petits-navigateurs\/\" \/>\n<meta property=\"og:site_name\" content=\"Euskal Itsas Museoa\" \/>\n<meta property=\"og:image\" content=\"https:\/\/itsasmuseoa.eus\/wp-content\/uploads\/2025\/11\/138.jpg\" \/>\n\t<meta property=\"og:image:width\" content=\"2400\" \/>\n\t<meta property=\"og:image:height\" content=\"1600\" \/>\n\t<meta property=\"og:image:type\" content=\"image\/jpeg\" \/>\n<meta name=\"twitter:card\" content=\"summary_large_image\" \/>\n<meta name=\"twitter:label1\" content=\"Dur\u00e9e de lecture estim\u00e9e\" \/>\n\t<meta name=\"twitter:data1\" content=\"1 minute\" \/>\n<script type=\"application\/ld+json\" class=\"yoast-schema-graph\">{\"@context\":\"https:\\\/\\\/schema.org\",\"@graph\":[{\"@type\":\"WebPage\",\"@id\":\"https:\\\/\\\/itsasmuseoa.eus\\\/fr\\\/activites\\\/agenda\\\/la-decouverte-des-oceans-pour-les-petits-navigateurs\\\/\",\"url\":\"https:\\\/\\\/itsasmuseoa.eus\\\/fr\\\/activites\\\/agenda\\\/la-decouverte-des-oceans-pour-les-petits-navigateurs\\\/\",\"name\":\"La d\u00e9couverte des oc\u00e9ans pour les petits navigateurs - Euskal Itsas Museoa\",\"isPartOf\":{\"@id\":\"https:\\\/\\\/itsasmuseoa.eus\\\/fr\\\/#website\"},\"primaryImageOfPage\":{\"@id\":\"https:\\\/\\\/itsasmuseoa.eus\\\/fr\\\/activites\\\/agenda\\\/la-decouverte-des-oceans-pour-les-petits-navigateurs\\\/#primaryimage\"},\"image\":{\"@id\":\"https:\\\/\\\/itsasmuseoa.eus\\\/fr\\\/activites\\\/agenda\\\/la-decouverte-des-oceans-pour-les-petits-navigateurs\\\/#primaryimage\"},\"thumbnailUrl\":\"https:\\\/\\\/itsasmuseoa.eus\\\/wp-content\\\/uploads\\\/2025\\\/11\\\/138.jpg\",\"datePublished\":\"2025-12-03T09:17:32+00:00\",\"breadcrumb\":{\"@id\":\"https:\\\/\\\/itsasmuseoa.eus\\\/fr\\\/activites\\\/agenda\\\/la-decouverte-des-oceans-pour-les-petits-navigateurs\\\/#breadcrumb\"},\"inLanguage\":\"fr-FR\",\"potentialAction\":[{\"@type\":\"ReadAction\",\"target\":[\"https:\\\/\\\/itsasmuseoa.eus\\\/fr\\\/activites\\\/agenda\\\/la-decouverte-des-oceans-pour-les-petits-navigateurs\\\/\"]}]},{\"@type\":\"ImageObject\",\"inLanguage\":\"fr-FR\",\"@id\":\"https:\\\/\\\/itsasmuseoa.eus\\\/fr\\\/activites\\\/agenda\\\/la-decouverte-des-oceans-pour-les-petits-navigateurs\\\/#primaryimage\",\"url\":\"https:\\\/\\\/itsasmuseoa.eus\\\/wp-content\\\/uploads\\\/2025\\\/11\\\/138.jpg\",\"contentUrl\":\"https:\\\/\\\/itsasmuseoa.eus\\\/wp-content\\\/uploads\\\/2025\\\/11\\\/138.jpg\",\"width\":2400,\"height\":1600},{\"@type\":\"BreadcrumbList\",\"@id\":\"https:\\\/\\\/itsasmuseoa.eus\\\/fr\\\/activites\\\/agenda\\\/la-decouverte-des-oceans-pour-les-petits-navigateurs\\\/#breadcrumb\",\"itemListElement\":[{\"@type\":\"ListItem\",\"position\":1,\"name\":\"Inicio\",\"item\":\"https:\\\/\\\/itsasmuseoa.eus\\\/fr\\\/\"},{\"@type\":\"ListItem\",\"position\":2,\"name\":\"Activit\u00e9s\",\"item\":\"https:\\\/\\\/itsasmuseoa.eus\\\/fr\\\/activites\\\/\"},{\"@type\":\"ListItem\",\"position\":3,\"name\":\"Agenda\",\"item\":\"https:\\\/\\\/itsasmuseoa.eus\\\/fr\\\/activites\\\/agenda\\\/\"},{\"@type\":\"ListItem\",\"position\":4,\"name\":\"La d\u00e9couverte des oc\u00e9ans pour les petits navigateurs\"}]},{\"@type\":\"WebSite\",\"@id\":\"https:\\\/\\\/itsasmuseoa.eus\\\/fr\\\/#website\",\"url\":\"https:\\\/\\\/itsasmuseoa.eus\\\/fr\\\/\",\"name\":\"Euskal Itsas Museoa\",\"description\":\"Museo Mar\u00edtimo Vasco\",\"potentialAction\":[{\"@type\":\"SearchAction\",\"target\":{\"@type\":\"EntryPoint\",\"urlTemplate\":\"https:\\\/\\\/itsasmuseoa.eus\\\/fr\\\/?s={search_term_string}\"},\"query-input\":{\"@type\":\"PropertyValueSpecification\",\"valueRequired\":true,\"valueName\":\"search_term_string\"}}],\"inLanguage\":\"fr-FR\"}]}<\/script>\n<!-- \/ Yoast SEO plugin. -->","yoast_head_json":{"title":"La d\u00e9couverte des oc\u00e9ans pour les petits navigateurs - Euskal Itsas Museoa","robots":{"index":"index","follow":"follow","max-snippet":"max-snippet:-1","max-image-preview":"max-image-preview:large","max-video-preview":"max-video-preview:-1"},"canonical":"https:\/\/itsasmuseoa.eus\/fr\/activites\/agenda\/la-decouverte-des-oceans-pour-les-petits-navigateurs\/","og_locale":"fr_FR","og_type":"article","og_title":"La d\u00e9couverte des oc\u00e9ans pour les petits navigateurs - Euskal Itsas Museoa","og_description":"Inicio Actividades Agenda El descubrimiento de los oc\u00e9anos para peque\u00f1os navegantes El descubrimiento de los oc\u00e9anos para peque\u00f1os navegantes Os presentamos una nueva forma para visitar nuestra exposici\u00f3n: el libro para familias. Con el podr\u00e9is disfrutar de forma l\u00fadica la exposici\u00f3n &#8220;Elcano-Urdaneta: el descubrimiento de los oc\u00e9anos&#8221;.\u00a0Este libro consta de actividades de todo tipo que&hellip;","og_url":"https:\/\/itsasmuseoa.eus\/fr\/activites\/agenda\/la-decouverte-des-oceans-pour-les-petits-navigateurs\/","og_site_name":"Euskal Itsas Museoa","og_image":[{"width":2400,"height":1600,"url":"https:\/\/itsasmuseoa.eus\/wp-content\/uploads\/2025\/11\/138.jpg","type":"image\/jpeg"}],"twitter_card":"summary_large_image","twitter_misc":{"Dur\u00e9e de lecture estim\u00e9e":"1 minute"},"schema":{"@context":"https:\/\/schema.org","@graph":[{"@type":"WebPage","@id":"https:\/\/itsasmuseoa.eus\/fr\/activites\/agenda\/la-decouverte-des-oceans-pour-les-petits-navigateurs\/","url":"https:\/\/itsasmuseoa.eus\/fr\/activites\/agenda\/la-decouverte-des-oceans-pour-les-petits-navigateurs\/","name":"La d\u00e9couverte des oc\u00e9ans pour les petits navigateurs - Euskal Itsas Museoa","isPartOf":{"@id":"https:\/\/itsasmuseoa.eus\/fr\/#website"},"primaryImageOfPage":{"@id":"https:\/\/itsasmuseoa.eus\/fr\/activites\/agenda\/la-decouverte-des-oceans-pour-les-petits-navigateurs\/#primaryimage"},"image":{"@id":"https:\/\/itsasmuseoa.eus\/fr\/activites\/agenda\/la-decouverte-des-oceans-pour-les-petits-navigateurs\/#primaryimage"},"thumbnailUrl":"https:\/\/itsasmuseoa.eus\/wp-content\/uploads\/2025\/11\/138.jpg","datePublished":"2025-12-03T09:17:32+00:00","breadcrumb":{"@id":"https:\/\/itsasmuseoa.eus\/fr\/activites\/agenda\/la-decouverte-des-oceans-pour-les-petits-navigateurs\/#breadcrumb"},"inLanguage":"fr-FR","potentialAction":[{"@type":"ReadAction","target":["https:\/\/itsasmuseoa.eus\/fr\/activites\/agenda\/la-decouverte-des-oceans-pour-les-petits-navigateurs\/"]}]},{"@type":"ImageObject","inLanguage":"fr-FR","@id":"https:\/\/itsasmuseoa.eus\/fr\/activites\/agenda\/la-decouverte-des-oceans-pour-les-petits-navigateurs\/#primaryimage","url":"https:\/\/itsasmuseoa.eus\/wp-content\/uploads\/2025\/11\/138.jpg","contentUrl":"https:\/\/itsasmuseoa.eus\/wp-content\/uploads\/2025\/11\/138.jpg","width":2400,"height":1600},{"@type":"BreadcrumbList","@id":"https:\/\/itsasmuseoa.eus\/fr\/activites\/agenda\/la-decouverte-des-oceans-pour-les-petits-navigateurs\/#breadcrumb","itemListElement":[{"@type":"ListItem","position":1,"name":"Inicio","item":"https:\/\/itsasmuseoa.eus\/fr\/"},{"@type":"ListItem","position":2,"name":"Activit\u00e9s","item":"https:\/\/itsasmuseoa.eus\/fr\/activites\/"},{"@type":"ListItem","position":3,"name":"Agenda","item":"https:\/\/itsasmuseoa.eus\/fr\/activites\/agenda\/"},{"@type":"ListItem","position":4,"name":"La d\u00e9couverte des oc\u00e9ans pour les petits navigateurs"}]},{"@type":"WebSite","@id":"https:\/\/itsasmuseoa.eus\/fr\/#website","url":"https:\/\/itsasmuseoa.eus\/fr\/","name":"Euskal Itsas Museoa","description":"Museo Mar\u00edtimo Vasco","potentialAction":[{"@type":"SearchAction","target":{"@type":"EntryPoint","urlTemplate":"https:\/\/itsasmuseoa.eus\/fr\/?s={search_term_string}"},"query-input":{"@type":"PropertyValueSpecification","valueRequired":true,"valueName":"search_term_string"}}],"inLanguage":"fr-FR"}]}},"_links":{"self":[{"href":"https:\/\/itsasmuseoa.eus\/fr\/wp-json\/wp\/v2\/pages\/20782","targetHints":{"allow":["GET"]}}],"collection":[{"href":"https:\/\/itsasmuseoa.eus\/fr\/wp-json\/wp\/v2\/pages"}],"about":[{"href":"https:\/\/itsasmuseoa.eus\/fr\/wp-json\/wp\/v2\/types\/page"}],"author":[{"embeddable":true,"href":"https:\/\/itsasmuseoa.eus\/fr\/wp-json\/wp\/v2\/users\/4"}],"replies":[{"embeddable":true,"href":"https:\/\/itsasmuseoa.eus\/fr\/wp-json\/wp\/v2\/comments?post=20782"}],"version-history":[{"count":1,"href":"https:\/\/itsasmuseoa.eus\/fr\/wp-json\/wp\/v2\/pages\/20782\/revisions"}],"predecessor-version":[{"id":20789,"href":"https:\/\/itsasmuseoa.eus\/fr\/wp-json\/wp\/v2\/pages\/20782\/revisions\/20789"}],"up":[{"embeddable":true,"href":"https:\/\/itsasmuseoa.eus\/fr\/wp-json\/wp\/v2\/pages\/5410"}],"wp:featuredmedia":[{"embeddable":true,"href":"https:\/\/itsasmuseoa.eus\/fr\/wp-json\/wp\/v2\/media\/20772"}],"wp:attachment":[{"href":"https:\/\/itsasmuseoa.eus\/fr\/wp-json\/wp\/v2\/media?parent=20782"}],"wp:term":[{"taxonomy":"category","embeddable":true,"href":"https:\/\/itsasmuseoa.eus\/fr\/wp-json\/wp\/v2\/categories?post=20782"},{"taxonomy":"post_tag","embeddable":true,"href":"https:\/\/itsasmuseoa.eus\/fr\/wp-json\/wp\/v2\/tags?post=20782"}],"curies":[{"name":"wp","href":"https:\/\/api.w.org\/{rel}","templated":true}]}}