{"id":5397,"date":"2021-07-16T09:50:28","date_gmt":"2021-07-16T07:50:28","guid":{"rendered":"https:\/\/itsasmuseoa.eus\/accessibilite\/"},"modified":"2021-09-02T14:07:34","modified_gmt":"2021-09-02T12:07:34","slug":"accessibilite","status":"publish","type":"page","link":"https:\/\/itsasmuseoa.eus\/fr\/accessibilite\/","title":{"rendered":"Accessibilit\u00e9"},"content":{"rendered":"\n\n\t<a href=\"https:\/\/itsasmuseoa.eus\/fr\/\">Inicio<\/a> <img decoding=\"async\" src=\"https:\/\/itsasmuseoa.eus\/flecha-breadcrumbs\/\" alt=\"icono flecha\" \/> Accessibilit\u00e9<h1>\n\t<\/h1>\n\t<h2>Am\u00e9liorer l&#8217;acc\u00e8s pour tous<\/h2>\n<p>Le site web <a href=\"http:\/\/www.itsasmuseoa.eus\/fr\">itsasmuseoa.eus<\/a> a \u00e9t\u00e9 configur\u00e9 pour am\u00e9liorer son accessibilit\u00e9 et faciliter l&#8217;acc\u00e8s au plus grand nombre de personnes possible.<\/p>\nLe mus\u00e9e s&#8217;engage \u00e0 rendre son site web accessible conform\u00e9ment au d\u00e9cret royal espagnol 1112\/2018 du 7 septembre relatif \u00e0 l&#8217;accessibilit\u00e9 des sites web et des applications du secteur public pour les appareils mobiles, en transposition de<br \/>\nla directive (UE) 2016\/2102 du Parlement europ\u00e9en et du Conseil du 26 octobre 2016.\n<h3>Parties accessibles<\/h3>\n<p>L&#8217;architecture, le menu et le contenu de ce site web ont \u00e9t\u00e9 d\u00e9velopp\u00e9s pour que les utilisateurs puissent :<\/p>\n<ul>\n<li>Zoomer jusqu&#8217;\u00e0 300% sans probl\u00e8me.<\/li>\n<li>Naviguer sur la majeure partie du site web avec un clavier uniquement.<\/li>\n<li>Naviguer sur la majeure partie du site web \u00e0 l&#8217;aide d&#8217;un logiciel de reconnaissance vocale.<\/li>\n<li>Utiliser la majeure partie du site web avec un lecteur d&#8217;\u00e9cran (y compris les derni\u00e8res versions de JAWS, NVDA et VoiceOver).<\/li>\n<li>Surfer sur le site avec les derni\u00e8res versions des navigateurs.<br \/>\nLe site n&#8217;est pas con\u00e7u pour Internet Explorer 9 et les versions ant\u00e9rieures.<\/li>\n<\/ul>\n<h3>Parties non accessibles<\/h3>\n<p>Le contenu qui n&#8217;est pas accessible est d\u00e9taill\u00e9 ci-apr\u00e8s :<\/p>\n<ul>\n<li>Google maps<\/li>\n<li>Photos des cartes.<\/li>\n<li>PDF t\u00e9l\u00e9chargeables qui ne sont pas encore accessibles.<\/li>\n<li>Certaines vid\u00e9os n&#8217;ont pas de description audio ou n&#8217;ont pas de<br \/>\nsous-titres.<\/li>\n<li>Les audios n&amp;#39;ont pas de transcription.<\/li>\n<li>Pages de tiers.<\/li>\n<\/ul>\n<h3><strong>Comment solliciter des contenus dans un format accessible<\/strong><\/h3>\n<p>Si vous avez besoin d&#8217;informations sous un autre format, veuillez nous faire parvenir les informations suivantes :<\/p>\n<ul>\n<li aria-level=\"1\">adresse web (URL) du contenu.<\/li>\n<li aria-level=\"1\">nom et adresse \u00e9lectronique.<\/li>\n<li aria-level=\"1\">le format dont vous avez besoin, par exemple fichier audio,<br \/>\nBraille, BSL ou gros caract\u00e8res, PDF accessible.<\/li>\n<\/ul>\n\n<h3>Comment nous avons test\u00e9 ce site<\/h3>\n<p>Le contenu de ce site web publi\u00e9 depuis avril 2020 est conforme aux directives d&amp;#39;accessibilit\u00e9 du contenu web (WCAG) 2.1 au niveau AA. Une partie du contenu est partiellement conforme au niveau AAA.<\/p>\n<h3>Signaler des probl\u00e8mes d&#8217;accessibilit\u00e9 \u00e0 ce site web<\/h3>\n<p>Merci de prendre contact avec nous si vous d\u00e9tectez des probl\u00e8mes qui ne sont pas mentionn\u00e9s sur cette page ou si vous pensez que nous ne r\u00e9pondons pas aux exigences d&#8217;accessibilit\u00e9.<\/p>\n\n<h3>Collaboration \u00e0 l&#8217;am\u00e9lioration de ce site<\/h3>\n<p>Vos id\u00e9es, suggestions ou commentaires sont les bienvenus par e-mail.<\/p>\n\n\n","protected":false},"excerpt":{"rendered":"<p>Inicio Accessibilit\u00e9 Am\u00e9liorer l&#8217;acc\u00e8s pour tous Le site web itsasmuseoa.eus a \u00e9t\u00e9 configur\u00e9 pour am\u00e9liorer son accessibilit\u00e9 et faciliter l&#8217;acc\u00e8s au plus grand nombre de personnes possible. Le mus\u00e9e s&#8217;engage \u00e0 rendre son site web accessible conform\u00e9ment au d\u00e9cret royal espagnol 1112\/2018 du 7 septembre relatif \u00e0 l&#8217;accessibilit\u00e9 des sites web et des applications du&hellip;<\/p>\n","protected":false},"author":1,"featured_media":0,"parent":0,"menu_order":0,"comment_status":"closed","ping_status":"closed","template":"","meta":{"_acf_changed":false,"footnotes":""},"categories":[124],"tags":[],"class_list":["post-5397","page","type-page","status-publish","hentry","category-pages"],"acf":[],"yoast_head":"<!-- This site is optimized with the Yoast SEO plugin v27.3 - https:\/\/yoast.com\/product\/yoast-seo-wordpress\/ -->\n<title>Accessibilit\u00e9 - Euskal Itsas Museoa<\/title>\n<meta name=\"robots\" content=\"index, follow, max-snippet:-1, max-image-preview:large, max-video-preview:-1\" \/>\n<link rel=\"canonical\" href=\"https:\/\/itsasmuseoa.eus\/fr\/accessibilite\/\" \/>\n<meta property=\"og:locale\" content=\"fr_FR\" \/>\n<meta property=\"og:type\" content=\"article\" \/>\n<meta property=\"og:title\" content=\"Accessibilit\u00e9 - Euskal Itsas Museoa\" \/>\n<meta property=\"og:description\" content=\"Inicio Accessibilit\u00e9 Am\u00e9liorer l&#8217;acc\u00e8s pour tous Le site web itsasmuseoa.eus a \u00e9t\u00e9 configur\u00e9 pour am\u00e9liorer son accessibilit\u00e9 et faciliter l&#8217;acc\u00e8s au plus grand nombre de personnes possible. Le mus\u00e9e s&#8217;engage \u00e0 rendre son site web accessible conform\u00e9ment au d\u00e9cret royal espagnol 1112\/2018 du 7 septembre relatif \u00e0 l&#8217;accessibilit\u00e9 des sites web et des applications du&hellip;\" \/>\n<meta property=\"og:url\" content=\"https:\/\/itsasmuseoa.eus\/fr\/accessibilite\/\" \/>\n<meta property=\"og:site_name\" content=\"Euskal Itsas Museoa\" \/>\n<meta property=\"article:modified_time\" content=\"2021-09-02T12:07:34+00:00\" \/>\n<meta property=\"og:image\" content=\"https:\/\/itsasmuseoa.eus\/flecha-breadcrumbs\/\" \/>\n<meta name=\"twitter:card\" content=\"summary_large_image\" \/>\n<meta name=\"twitter:label1\" content=\"Dur\u00e9e de lecture estim\u00e9e\" \/>\n\t<meta name=\"twitter:data1\" content=\"2 minutes\" \/>\n<script type=\"application\/ld+json\" class=\"yoast-schema-graph\">{\"@context\":\"https:\\\/\\\/schema.org\",\"@graph\":[{\"@type\":\"WebPage\",\"@id\":\"https:\\\/\\\/itsasmuseoa.eus\\\/fr\\\/accessibilite\\\/\",\"url\":\"https:\\\/\\\/itsasmuseoa.eus\\\/fr\\\/accessibilite\\\/\",\"name\":\"Accessibilit\u00e9 - Euskal Itsas Museoa\",\"isPartOf\":{\"@id\":\"https:\\\/\\\/itsasmuseoa.eus\\\/fr\\\/#website\"},\"primaryImageOfPage\":{\"@id\":\"https:\\\/\\\/itsasmuseoa.eus\\\/fr\\\/accessibilite\\\/#primaryimage\"},\"image\":{\"@id\":\"https:\\\/\\\/itsasmuseoa.eus\\\/fr\\\/accessibilite\\\/#primaryimage\"},\"thumbnailUrl\":\"https:\\\/\\\/itsasmuseoa.eus\\\/flecha-breadcrumbs\\\/\",\"datePublished\":\"2021-07-16T07:50:28+00:00\",\"dateModified\":\"2021-09-02T12:07:34+00:00\",\"breadcrumb\":{\"@id\":\"https:\\\/\\\/itsasmuseoa.eus\\\/fr\\\/accessibilite\\\/#breadcrumb\"},\"inLanguage\":\"fr-FR\",\"potentialAction\":[{\"@type\":\"ReadAction\",\"target\":[\"https:\\\/\\\/itsasmuseoa.eus\\\/fr\\\/accessibilite\\\/\"]}]},{\"@type\":\"ImageObject\",\"inLanguage\":\"fr-FR\",\"@id\":\"https:\\\/\\\/itsasmuseoa.eus\\\/fr\\\/accessibilite\\\/#primaryimage\",\"url\":\"https:\\\/\\\/itsasmuseoa.eus\\\/flecha-breadcrumbs\\\/\",\"contentUrl\":\"https:\\\/\\\/itsasmuseoa.eus\\\/flecha-breadcrumbs\\\/\"},{\"@type\":\"BreadcrumbList\",\"@id\":\"https:\\\/\\\/itsasmuseoa.eus\\\/fr\\\/accessibilite\\\/#breadcrumb\",\"itemListElement\":[{\"@type\":\"ListItem\",\"position\":1,\"name\":\"Inicio\",\"item\":\"https:\\\/\\\/itsasmuseoa.eus\\\/fr\\\/\"},{\"@type\":\"ListItem\",\"position\":2,\"name\":\"Accessibilit\u00e9\"}]},{\"@type\":\"WebSite\",\"@id\":\"https:\\\/\\\/itsasmuseoa.eus\\\/fr\\\/#website\",\"url\":\"https:\\\/\\\/itsasmuseoa.eus\\\/fr\\\/\",\"name\":\"Euskal Itsas Museoa\",\"description\":\"Museo Mar\u00edtimo Vasco\",\"potentialAction\":[{\"@type\":\"SearchAction\",\"target\":{\"@type\":\"EntryPoint\",\"urlTemplate\":\"https:\\\/\\\/itsasmuseoa.eus\\\/fr\\\/?s={search_term_string}\"},\"query-input\":{\"@type\":\"PropertyValueSpecification\",\"valueRequired\":true,\"valueName\":\"search_term_string\"}}],\"inLanguage\":\"fr-FR\"}]}<\/script>\n<!-- \/ Yoast SEO plugin. -->","yoast_head_json":{"title":"Accessibilit\u00e9 - Euskal Itsas Museoa","robots":{"index":"index","follow":"follow","max-snippet":"max-snippet:-1","max-image-preview":"max-image-preview:large","max-video-preview":"max-video-preview:-1"},"canonical":"https:\/\/itsasmuseoa.eus\/fr\/accessibilite\/","og_locale":"fr_FR","og_type":"article","og_title":"Accessibilit\u00e9 - Euskal Itsas Museoa","og_description":"Inicio Accessibilit\u00e9 Am\u00e9liorer l&#8217;acc\u00e8s pour tous Le site web itsasmuseoa.eus a \u00e9t\u00e9 configur\u00e9 pour am\u00e9liorer son accessibilit\u00e9 et faciliter l&#8217;acc\u00e8s au plus grand nombre de personnes possible. Le mus\u00e9e s&#8217;engage \u00e0 rendre son site web accessible conform\u00e9ment au d\u00e9cret royal espagnol 1112\/2018 du 7 septembre relatif \u00e0 l&#8217;accessibilit\u00e9 des sites web et des applications du&hellip;","og_url":"https:\/\/itsasmuseoa.eus\/fr\/accessibilite\/","og_site_name":"Euskal Itsas Museoa","article_modified_time":"2021-09-02T12:07:34+00:00","og_image":[{"url":"https:\/\/itsasmuseoa.eus\/flecha-breadcrumbs\/","type":"","width":"","height":""}],"twitter_card":"summary_large_image","twitter_misc":{"Dur\u00e9e de lecture estim\u00e9e":"2 minutes"},"schema":{"@context":"https:\/\/schema.org","@graph":[{"@type":"WebPage","@id":"https:\/\/itsasmuseoa.eus\/fr\/accessibilite\/","url":"https:\/\/itsasmuseoa.eus\/fr\/accessibilite\/","name":"Accessibilit\u00e9 - Euskal Itsas Museoa","isPartOf":{"@id":"https:\/\/itsasmuseoa.eus\/fr\/#website"},"primaryImageOfPage":{"@id":"https:\/\/itsasmuseoa.eus\/fr\/accessibilite\/#primaryimage"},"image":{"@id":"https:\/\/itsasmuseoa.eus\/fr\/accessibilite\/#primaryimage"},"thumbnailUrl":"https:\/\/itsasmuseoa.eus\/flecha-breadcrumbs\/","datePublished":"2021-07-16T07:50:28+00:00","dateModified":"2021-09-02T12:07:34+00:00","breadcrumb":{"@id":"https:\/\/itsasmuseoa.eus\/fr\/accessibilite\/#breadcrumb"},"inLanguage":"fr-FR","potentialAction":[{"@type":"ReadAction","target":["https:\/\/itsasmuseoa.eus\/fr\/accessibilite\/"]}]},{"@type":"ImageObject","inLanguage":"fr-FR","@id":"https:\/\/itsasmuseoa.eus\/fr\/accessibilite\/#primaryimage","url":"https:\/\/itsasmuseoa.eus\/flecha-breadcrumbs\/","contentUrl":"https:\/\/itsasmuseoa.eus\/flecha-breadcrumbs\/"},{"@type":"BreadcrumbList","@id":"https:\/\/itsasmuseoa.eus\/fr\/accessibilite\/#breadcrumb","itemListElement":[{"@type":"ListItem","position":1,"name":"Inicio","item":"https:\/\/itsasmuseoa.eus\/fr\/"},{"@type":"ListItem","position":2,"name":"Accessibilit\u00e9"}]},{"@type":"WebSite","@id":"https:\/\/itsasmuseoa.eus\/fr\/#website","url":"https:\/\/itsasmuseoa.eus\/fr\/","name":"Euskal Itsas Museoa","description":"Museo Mar\u00edtimo Vasco","potentialAction":[{"@type":"SearchAction","target":{"@type":"EntryPoint","urlTemplate":"https:\/\/itsasmuseoa.eus\/fr\/?s={search_term_string}"},"query-input":{"@type":"PropertyValueSpecification","valueRequired":true,"valueName":"search_term_string"}}],"inLanguage":"fr-FR"}]}},"_links":{"self":[{"href":"https:\/\/itsasmuseoa.eus\/fr\/wp-json\/wp\/v2\/pages\/5397","targetHints":{"allow":["GET"]}}],"collection":[{"href":"https:\/\/itsasmuseoa.eus\/fr\/wp-json\/wp\/v2\/pages"}],"about":[{"href":"https:\/\/itsasmuseoa.eus\/fr\/wp-json\/wp\/v2\/types\/page"}],"author":[{"embeddable":true,"href":"https:\/\/itsasmuseoa.eus\/fr\/wp-json\/wp\/v2\/users\/1"}],"replies":[{"embeddable":true,"href":"https:\/\/itsasmuseoa.eus\/fr\/wp-json\/wp\/v2\/comments?post=5397"}],"version-history":[{"count":0,"href":"https:\/\/itsasmuseoa.eus\/fr\/wp-json\/wp\/v2\/pages\/5397\/revisions"}],"wp:attachment":[{"href":"https:\/\/itsasmuseoa.eus\/fr\/wp-json\/wp\/v2\/media?parent=5397"}],"wp:term":[{"taxonomy":"category","embeddable":true,"href":"https:\/\/itsasmuseoa.eus\/fr\/wp-json\/wp\/v2\/categories?post=5397"},{"taxonomy":"post_tag","embeddable":true,"href":"https:\/\/itsasmuseoa.eus\/fr\/wp-json\/wp\/v2\/tags?post=5397"}],"curies":[{"name":"wp","href":"https:\/\/api.w.org\/{rel}","templated":true}]}}