{"id":5401,"date":"2021-07-16T09:53:31","date_gmt":"2021-07-16T07:53:31","guid":{"rendered":"https:\/\/itsasmuseoa.eus\/a-propos-du-musee\/"},"modified":"2025-04-22T11:33:48","modified_gmt":"2025-04-22T09:33:48","slug":"a-propos-du-musee","status":"publish","type":"page","link":"https:\/\/itsasmuseoa.eus\/fr\/a-propos-du-musee\/","title":{"rendered":"A propos du mus\u00e9e"},"content":{"rendered":"\n\n\t<nav id=\"breadcrumbs\" aria-label=\"Breadcrumbs\"><a href=\"https:\/\/itsasmuseoa.eus\/fr\/\">Inicio<\/a> <img decoding=\"async\" src=\"https:\/\/itsasmuseoa.eus\/flecha-breadcrumbs\/\" alt=\"icono flecha\" \/> A propos du mus\u00e9e<\/nav>\n\t<p>Euskal Itsas Museoa est un espace de valorisation du Patrimoine maritime basque que l&#8217;on peut aborder de mani\u00e8re participative, innovante et proche.<\/p>\n<p>Le mus\u00e9e s&#8217;est engag\u00e9 dans un programme participatif et collaboratif qui permet d&#8217;inclure des activit\u00e9s promues par des groupes cherchant \u00e0 partager et \u00e0 diffuser diff\u00e9rentes facettes de la connaissance.<\/p>\n<p>En r\u00e9sum\u00e9, l&#8217;Euskal Itsas Museoa est un centre qui suit le mod\u00e8le d&#8217;un mus\u00e9e ouvert qui facilite la connaissance \u00e0 travers un contact affectif avec la mer.<\/p>\n<p>Le mus\u00e9e est la propri\u00e9t\u00e9 du Gouvernement basque. Il est rattach\u00e9 au Service du patrimoine historique et artistique, des mus\u00e9es et des archives de la Direction g\u00e9n\u00e9rale de la culture du d\u00e9partement de la culture, du tourisme, de la jeunesse et des sports.<\/p>\n\t\t\t\t<img decoding=\"async\" src=\"https:\/\/itsasmuseoa.eus\/wp-content\/uploads\/2023\/10\/Banner_WEB_3-2023-10-10T114054.563.jpg\" alt=\"Banner_WEB_3 - 2023-10-10T114054.563\" itemprop=\"image\" height=\"1200\" width=\"1800\" title=\"Banner_WEB_3 - 2023-10-10T114054.563\" onerror=\"this.style.display='none'\"  \/>\n\t\t<h2>\n\t\t\tLe b\u00e2timent\n\t\t<\/h2>\n\t\t\tLe Mus\u00e9e a \u00e9t\u00e9 inaugur\u00e9 en 1991 sous le nom de Mus\u00e9e naval dans l&#8217;ancienne maison-tour du consulat de Saint S\u00e9bastien, un b\u00e2timent \u00e9rig\u00e9 dans le port au milieu du XVIIIe si\u00e8cle.\nCe b\u00e2timent unique est l&#8217;un des rares b\u00e2timents civils \u00e0 avoir \u00e9t\u00e9 sauv\u00e9s de la destruction de la ville en 1813 et le seul vestige architectural existant du consulat de Saint S\u00e9bastien. Le b\u00e2timent \u00e9tait destin\u00e9 au contr\u00f4le de la circulation portuaire, \u00e0 la perception des taxes et \u00e0 l&#8217;entretien des docks. Parmi ses attributions se trouvaient \u00e9galement le secours en mer et le maintien de l&#8217;ordre sur le port. Pendant une p\u00e9riode ind\u00e9termin\u00e9e, il a \u00e9t\u00e9 utilis\u00e9 comme \u00e9cole nautique.\nD\u00e9couvrez tous les d\u00e9tails de son histoire ici.\t\t\n\t\t\t<a href=\"https:\/\/itsasmuseoa.eus\/wp-content\/uploads\/2021\/08\/EIM-Casa-Torre-Consulado-historia.pdf\" target=\"_blank\" rel=\"noopener\">\n\t\t\t\t\t\t\tT\u00e9l\u00e9charger le PDF\n\t\t\t\t\t<\/a>\n\t\t\t\t<img decoding=\"async\" src=\"https:\/\/itsasmuseoa.eus\/wp-content\/uploads\/2024\/10\/Banner_WEB_3-1.jpg\" alt=\"Equipo museo EIM\" itemprop=\"image\" height=\"1200\" width=\"1800\" title=\"Banner_WEB_3 (1)\" onerror=\"this.style.display='none'\"  \/>\n\t\t<h2>\n\t\t\t\u00c9quipe\n\t\t<\/h2>\n\t\t\t<p>Pourquoi la mer est-elle importante pour vous? Cette id\u00e9e r\u00e9sume bien la raison d&#8217;\u00eatre du Euskal Itsas Museoa pour l&#8217;\u00e9quipe qui a d\u00e9velopp\u00e9 le projet..<ul><li><strong>Direction g\u00e9n\u00e9rale<\/strong><\/li><\/ul>Xabier Alberdi Lonbidezuzendaritza@itsasmuseoa.eus<ul><li><strong>Direction de la gestion<\/strong><\/li><\/ul>Mariana Rotaeche Seti\u00e9nkudeaketa@itsasmuseoa.eus<ul><li><strong>Responsable des activit\u00e9s et de la communication<\/strong><\/li><\/ul>Laida Canseco Etxabekomunikazioa@itsasmuseoa.eus<ul><li><strong>Responsable du programme p\u00e9dagogique<\/strong><\/li><\/ul>Aitor Buitron Perez de San Romanhezkuntza@itsasmuseoa.eus<ul><li><strong>Attention au public<\/strong><\/li><\/ul>Gorka Lopez de Alda RamosPeio Urrutia Ochoainfo@itsasmuseoa.eus<\/p>\t\t\n\t\t\t\t<img decoding=\"async\" src=\"https:\/\/itsasmuseoa.eus\/wp-content\/uploads\/2021\/06\/imagen-antigua-itsasmuseoa.jpg\" alt=\"imagen antigua del edificio del museo\" itemprop=\"image\" height=\"1362\" width=\"1938\" title=\"imagen-antigua-itsasmuseoa\" onerror=\"this.style.display='none'\"  \/>\n\t\t\t\t<img decoding=\"async\" src=\"https:\/\/itsasmuseoa.eus\/wp-content\/uploads\/2021\/06\/imagen-nueva-itsasmuseoa.jpg\" alt=\"imagen moderna del edificio del museo\" itemprop=\"image\" height=\"1362\" width=\"1938\" title=\"imagen-nueva-itsasmuseoa\" onerror=\"this.style.display='none'\"  \/>\n\n","protected":false},"excerpt":{"rendered":"<p>Inicio A propos du mus\u00e9e Euskal Itsas Museoa est un espace de valorisation du Patrimoine maritime basque que l&#8217;on peut aborder de mani\u00e8re participative, innovante et proche. Le mus\u00e9e s&#8217;est engag\u00e9 dans un programme participatif et collaboratif qui permet d&#8217;inclure des activit\u00e9s promues par des groupes cherchant \u00e0 partager et \u00e0 diffuser diff\u00e9rentes facettes de&hellip;<\/p>\n","protected":false},"author":1,"featured_media":0,"parent":0,"menu_order":0,"comment_status":"closed","ping_status":"closed","template":"","meta":{"_acf_changed":false,"footnotes":""},"categories":[124],"tags":[],"class_list":["post-5401","page","type-page","status-publish","hentry","category-pages"],"acf":[],"yoast_head":"<!-- This site is optimized with the Yoast SEO plugin v27.5 - https:\/\/yoast.com\/product\/yoast-seo-wordpress\/ -->\n<title>A propos du mus\u00e9e - Euskal Itsas Museoa<\/title>\n<meta name=\"robots\" content=\"index, follow, max-snippet:-1, max-image-preview:large, max-video-preview:-1\" \/>\n<link rel=\"canonical\" href=\"https:\/\/itsasmuseoa.eus\/fr\/a-propos-du-musee\/\" \/>\n<meta property=\"og:locale\" content=\"fr_FR\" \/>\n<meta property=\"og:type\" content=\"article\" \/>\n<meta property=\"og:title\" content=\"A propos du mus\u00e9e - Euskal Itsas Museoa\" \/>\n<meta property=\"og:description\" content=\"Inicio A propos du mus\u00e9e Euskal Itsas Museoa est un espace de valorisation du Patrimoine maritime basque que l&#8217;on peut aborder de mani\u00e8re participative, innovante et proche. Le mus\u00e9e s&#8217;est engag\u00e9 dans un programme participatif et collaboratif qui permet d&#8217;inclure des activit\u00e9s promues par des groupes cherchant \u00e0 partager et \u00e0 diffuser diff\u00e9rentes facettes de&hellip;\" \/>\n<meta property=\"og:url\" content=\"https:\/\/itsasmuseoa.eus\/fr\/a-propos-du-musee\/\" \/>\n<meta property=\"og:site_name\" content=\"Euskal Itsas Museoa\" \/>\n<meta property=\"article:modified_time\" content=\"2025-04-22T09:33:48+00:00\" \/>\n<meta property=\"og:image\" content=\"https:\/\/itsasmuseoa.eus\/flecha-breadcrumbs\/\" \/>\n<meta name=\"twitter:card\" content=\"summary_large_image\" \/>\n<meta name=\"twitter:label1\" content=\"Dur\u00e9e de lecture estim\u00e9e\" \/>\n\t<meta name=\"twitter:data1\" content=\"2 minutes\" \/>\n<script type=\"application\/ld+json\" class=\"yoast-schema-graph\">{\"@context\":\"https:\\\/\\\/schema.org\",\"@graph\":[{\"@type\":\"WebPage\",\"@id\":\"https:\\\/\\\/itsasmuseoa.eus\\\/fr\\\/a-propos-du-musee\\\/\",\"url\":\"https:\\\/\\\/itsasmuseoa.eus\\\/fr\\\/a-propos-du-musee\\\/\",\"name\":\"A propos du mus\u00e9e - Euskal Itsas Museoa\",\"isPartOf\":{\"@id\":\"https:\\\/\\\/itsasmuseoa.eus\\\/fr\\\/#website\"},\"primaryImageOfPage\":{\"@id\":\"https:\\\/\\\/itsasmuseoa.eus\\\/fr\\\/a-propos-du-musee\\\/#primaryimage\"},\"image\":{\"@id\":\"https:\\\/\\\/itsasmuseoa.eus\\\/fr\\\/a-propos-du-musee\\\/#primaryimage\"},\"thumbnailUrl\":\"https:\\\/\\\/itsasmuseoa.eus\\\/flecha-breadcrumbs\\\/\",\"datePublished\":\"2021-07-16T07:53:31+00:00\",\"dateModified\":\"2025-04-22T09:33:48+00:00\",\"breadcrumb\":{\"@id\":\"https:\\\/\\\/itsasmuseoa.eus\\\/fr\\\/a-propos-du-musee\\\/#breadcrumb\"},\"inLanguage\":\"fr-FR\",\"potentialAction\":[{\"@type\":\"ReadAction\",\"target\":[\"https:\\\/\\\/itsasmuseoa.eus\\\/fr\\\/a-propos-du-musee\\\/\"]}]},{\"@type\":\"ImageObject\",\"inLanguage\":\"fr-FR\",\"@id\":\"https:\\\/\\\/itsasmuseoa.eus\\\/fr\\\/a-propos-du-musee\\\/#primaryimage\",\"url\":\"https:\\\/\\\/itsasmuseoa.eus\\\/flecha-breadcrumbs\\\/\",\"contentUrl\":\"https:\\\/\\\/itsasmuseoa.eus\\\/flecha-breadcrumbs\\\/\"},{\"@type\":\"BreadcrumbList\",\"@id\":\"https:\\\/\\\/itsasmuseoa.eus\\\/fr\\\/a-propos-du-musee\\\/#breadcrumb\",\"itemListElement\":[{\"@type\":\"ListItem\",\"position\":1,\"name\":\"Inicio\",\"item\":\"https:\\\/\\\/itsasmuseoa.eus\\\/fr\\\/\"},{\"@type\":\"ListItem\",\"position\":2,\"name\":\"A propos du mus\u00e9e\"}]},{\"@type\":\"WebSite\",\"@id\":\"https:\\\/\\\/itsasmuseoa.eus\\\/fr\\\/#website\",\"url\":\"https:\\\/\\\/itsasmuseoa.eus\\\/fr\\\/\",\"name\":\"Euskal Itsas Museoa\",\"description\":\"Museo Mar\u00edtimo Vasco\",\"potentialAction\":[{\"@type\":\"SearchAction\",\"target\":{\"@type\":\"EntryPoint\",\"urlTemplate\":\"https:\\\/\\\/itsasmuseoa.eus\\\/fr\\\/?s={search_term_string}\"},\"query-input\":{\"@type\":\"PropertyValueSpecification\",\"valueRequired\":true,\"valueName\":\"search_term_string\"}}],\"inLanguage\":\"fr-FR\"}]}<\/script>\n<!-- \/ Yoast SEO plugin. -->","yoast_head_json":{"title":"A propos du mus\u00e9e - Euskal Itsas Museoa","robots":{"index":"index","follow":"follow","max-snippet":"max-snippet:-1","max-image-preview":"max-image-preview:large","max-video-preview":"max-video-preview:-1"},"canonical":"https:\/\/itsasmuseoa.eus\/fr\/a-propos-du-musee\/","og_locale":"fr_FR","og_type":"article","og_title":"A propos du mus\u00e9e - Euskal Itsas Museoa","og_description":"Inicio A propos du mus\u00e9e Euskal Itsas Museoa est un espace de valorisation du Patrimoine maritime basque que l&#8217;on peut aborder de mani\u00e8re participative, innovante et proche. Le mus\u00e9e s&#8217;est engag\u00e9 dans un programme participatif et collaboratif qui permet d&#8217;inclure des activit\u00e9s promues par des groupes cherchant \u00e0 partager et \u00e0 diffuser diff\u00e9rentes facettes de&hellip;","og_url":"https:\/\/itsasmuseoa.eus\/fr\/a-propos-du-musee\/","og_site_name":"Euskal Itsas Museoa","article_modified_time":"2025-04-22T09:33:48+00:00","og_image":[{"url":"https:\/\/itsasmuseoa.eus\/flecha-breadcrumbs\/","type":"","width":"","height":""}],"twitter_card":"summary_large_image","twitter_misc":{"Dur\u00e9e de lecture estim\u00e9e":"2 minutes"},"schema":{"@context":"https:\/\/schema.org","@graph":[{"@type":"WebPage","@id":"https:\/\/itsasmuseoa.eus\/fr\/a-propos-du-musee\/","url":"https:\/\/itsasmuseoa.eus\/fr\/a-propos-du-musee\/","name":"A propos du mus\u00e9e - Euskal Itsas Museoa","isPartOf":{"@id":"https:\/\/itsasmuseoa.eus\/fr\/#website"},"primaryImageOfPage":{"@id":"https:\/\/itsasmuseoa.eus\/fr\/a-propos-du-musee\/#primaryimage"},"image":{"@id":"https:\/\/itsasmuseoa.eus\/fr\/a-propos-du-musee\/#primaryimage"},"thumbnailUrl":"https:\/\/itsasmuseoa.eus\/flecha-breadcrumbs\/","datePublished":"2021-07-16T07:53:31+00:00","dateModified":"2025-04-22T09:33:48+00:00","breadcrumb":{"@id":"https:\/\/itsasmuseoa.eus\/fr\/a-propos-du-musee\/#breadcrumb"},"inLanguage":"fr-FR","potentialAction":[{"@type":"ReadAction","target":["https:\/\/itsasmuseoa.eus\/fr\/a-propos-du-musee\/"]}]},{"@type":"ImageObject","inLanguage":"fr-FR","@id":"https:\/\/itsasmuseoa.eus\/fr\/a-propos-du-musee\/#primaryimage","url":"https:\/\/itsasmuseoa.eus\/flecha-breadcrumbs\/","contentUrl":"https:\/\/itsasmuseoa.eus\/flecha-breadcrumbs\/"},{"@type":"BreadcrumbList","@id":"https:\/\/itsasmuseoa.eus\/fr\/a-propos-du-musee\/#breadcrumb","itemListElement":[{"@type":"ListItem","position":1,"name":"Inicio","item":"https:\/\/itsasmuseoa.eus\/fr\/"},{"@type":"ListItem","position":2,"name":"A propos du mus\u00e9e"}]},{"@type":"WebSite","@id":"https:\/\/itsasmuseoa.eus\/fr\/#website","url":"https:\/\/itsasmuseoa.eus\/fr\/","name":"Euskal Itsas Museoa","description":"Museo Mar\u00edtimo Vasco","potentialAction":[{"@type":"SearchAction","target":{"@type":"EntryPoint","urlTemplate":"https:\/\/itsasmuseoa.eus\/fr\/?s={search_term_string}"},"query-input":{"@type":"PropertyValueSpecification","valueRequired":true,"valueName":"search_term_string"}}],"inLanguage":"fr-FR"}]}},"_links":{"self":[{"href":"https:\/\/itsasmuseoa.eus\/fr\/wp-json\/wp\/v2\/pages\/5401","targetHints":{"allow":["GET"]}}],"collection":[{"href":"https:\/\/itsasmuseoa.eus\/fr\/wp-json\/wp\/v2\/pages"}],"about":[{"href":"https:\/\/itsasmuseoa.eus\/fr\/wp-json\/wp\/v2\/types\/page"}],"author":[{"embeddable":true,"href":"https:\/\/itsasmuseoa.eus\/fr\/wp-json\/wp\/v2\/users\/1"}],"replies":[{"embeddable":true,"href":"https:\/\/itsasmuseoa.eus\/fr\/wp-json\/wp\/v2\/comments?post=5401"}],"version-history":[{"count":0,"href":"https:\/\/itsasmuseoa.eus\/fr\/wp-json\/wp\/v2\/pages\/5401\/revisions"}],"wp:attachment":[{"href":"https:\/\/itsasmuseoa.eus\/fr\/wp-json\/wp\/v2\/media?parent=5401"}],"wp:term":[{"taxonomy":"category","embeddable":true,"href":"https:\/\/itsasmuseoa.eus\/fr\/wp-json\/wp\/v2\/categories?post=5401"},{"taxonomy":"post_tag","embeddable":true,"href":"https:\/\/itsasmuseoa.eus\/fr\/wp-json\/wp\/v2\/tags?post=5401"}],"curies":[{"name":"wp","href":"https:\/\/api.w.org\/{rel}","templated":true}]}}