{"id":5444,"date":"2021-07-16T11:40:01","date_gmt":"2021-07-16T09:40:01","guid":{"rendered":"https:\/\/itsasmuseoa.eus\/education\/offre-educative\/"},"modified":"2025-08-29T14:25:44","modified_gmt":"2025-08-29T12:25:44","slug":"offre-educative","status":"publish","type":"page","link":"https:\/\/itsasmuseoa.eus\/fr\/education\/offre-educative\/","title":{"rendered":"Offre \u00e9ducative"},"content":{"rendered":"\n\n\t<a href=\"https:\/\/itsasmuseoa.eus\/fr\/\">Inicio<\/a> <img decoding=\"async\" src=\"https:\/\/itsasmuseoa.eus\/flecha-breadcrumbs\/\" alt=\"icono flecha\" \/> <a href=\"https:\/\/itsasmuseoa.eus\/fr\/educacion\/\">\u00c9ducation<\/a> <img decoding=\"async\" src=\"https:\/\/itsasmuseoa.eus\/flecha-breadcrumbs\/\" alt=\"icono flecha\" \/> Offre \u00e9ducative<h1>\n\t<\/h1>\n\t<p>Tourn\u00e9 vers le pr\u00e9sent, le mus\u00e9e a d\u00e9velopp\u00e9 son <strong>offre \u00e9ducative<\/strong> pour rapprocher la culture maritime basque et son patrimoine aux communaut\u00e9s \u00e9ducatives, en explorant toujours diff\u00e9rents canaux et formats.<\/p>\n<h2>\n\t\tFiltrer par:\n\t<\/h2>\n\t\t\t\t<img decoding=\"async\" src=\"https:\/\/itsasmuseoa.eus\/wp-content\/uploads\/\/icono-idiomas.svg\" alt=\"icono que acompa\u00f1a al texto de idiomas\" \/>\n\t\t<h3><\/h3>\n\t\t\tToutes nos activit\u00e9s sont propos\u00e9es en basque, espagnol et anglais\t\t\n\t\t\t\t<img decoding=\"async\" src=\"https:\/\/itsasmuseoa.eus\/wp-content\/uploads\/\/icono-ticket.svg\" alt=\"icono de ticket\" \/>\n\t\t<h4><\/h4>\n\t\t\t<p><strong>De l&#8217;\u00e9cole au mus\u00e9e:<\/strong> consulter au moment de la r\u00e9servation<strong>Du mus\u00e9e \u00e0 l&#8217;\u00e9cole:<\/strong> 1\u20ac par \u00e9l\u00e8ve<strong>Activit\u00e9s dans le mus\u00e9e et hors du mus\u00e9e:<\/strong> 2,5\u20ac par \u00e9l\u00e8ve.Entr\u00e9e gratuite pour les responsables.<\/p>\t\t\n\t\t\t\t<img decoding=\"async\" src=\"https:\/\/itsasmuseoa.eus\/wp-content\/uploads\/\/icono-calendario.svg\" alt=\"icono de calendario\" \/>\n\t\t<h4><\/h4>\n\t\t\t<p><strong>Du mardi au vendredi:<\/strong><br \/>De 10h \u00e0 14h et de 16h30 \u00e0 18h30<\/p>\t\t\n\t\t\t\t<img decoding=\"async\" src=\"https:\/\/itsasmuseoa.eus\/wp-content\/uploads\/\/icono-telefono-dudas.svg\" alt=\"icono de tel\u00e9fono para dudas\" \/>\n\t\t<h4><\/h4>\n\t\t\t\t\t\n\t\t\t<a href=\"https:\/\/itsasmuseoa.eus\/wp-content\/uploads\/2021\/07\/oferta-educativa-20-21.pdf\" target=\"_blank\" role=\"button\" rel=\"noopener\">\n\t\t\t\t\t\t\tOffre en PDF\n\t\t\t\t\t<\/a>\n\n","protected":false},"excerpt":{"rendered":"<p>Inicio \u00c9ducation Offre \u00e9ducative Tourn\u00e9 vers le pr\u00e9sent, le mus\u00e9e a d\u00e9velopp\u00e9 son offre \u00e9ducative pour rapprocher la culture maritime basque et son patrimoine aux communaut\u00e9s \u00e9ducatives, en explorant toujours diff\u00e9rents canaux et formats. Filtrer par: Toutes nos activit\u00e9s sont propos\u00e9es en basque, espagnol et anglais De l&#8217;\u00e9cole au mus\u00e9e: consulter au moment de la&hellip;<\/p>\n","protected":false},"author":1,"featured_media":0,"parent":5440,"menu_order":0,"comment_status":"closed","ping_status":"closed","template":"","meta":{"_acf_changed":false,"footnotes":""},"categories":[],"tags":[],"class_list":["post-5444","page","type-page","status-publish","hentry"],"acf":[],"yoast_head":"<!-- This site is optimized with the Yoast SEO plugin v27.3 - https:\/\/yoast.com\/product\/yoast-seo-wordpress\/ -->\n<title>Offre \u00e9ducative - Euskal Itsas Museoa<\/title>\n<meta name=\"robots\" content=\"index, follow, max-snippet:-1, max-image-preview:large, max-video-preview:-1\" \/>\n<link rel=\"canonical\" href=\"https:\/\/itsasmuseoa.eus\/fr\/education\/offre-educative\/\" \/>\n<meta property=\"og:locale\" content=\"fr_FR\" \/>\n<meta property=\"og:type\" content=\"article\" \/>\n<meta property=\"og:title\" content=\"Offre \u00e9ducative - Euskal Itsas Museoa\" \/>\n<meta property=\"og:description\" content=\"Inicio \u00c9ducation Offre \u00e9ducative Tourn\u00e9 vers le pr\u00e9sent, le mus\u00e9e a d\u00e9velopp\u00e9 son offre \u00e9ducative pour rapprocher la culture maritime basque et son patrimoine aux communaut\u00e9s \u00e9ducatives, en explorant toujours diff\u00e9rents canaux et formats. Filtrer par: Toutes nos activit\u00e9s sont propos\u00e9es en basque, espagnol et anglais De l&#8217;\u00e9cole au mus\u00e9e: consulter au moment de la&hellip;\" \/>\n<meta property=\"og:url\" content=\"https:\/\/itsasmuseoa.eus\/fr\/education\/offre-educative\/\" \/>\n<meta property=\"og:site_name\" content=\"Euskal Itsas Museoa\" \/>\n<meta property=\"article:modified_time\" content=\"2025-08-29T12:25:44+00:00\" \/>\n<meta property=\"og:image\" content=\"https:\/\/itsasmuseoa.eus\/flecha-breadcrumbs\/\" \/>\n<meta name=\"twitter:card\" content=\"summary_large_image\" \/>\n<meta name=\"twitter:label1\" content=\"Dur\u00e9e de lecture estim\u00e9e\" \/>\n\t<meta name=\"twitter:data1\" content=\"1 minute\" \/>\n<script type=\"application\/ld+json\" class=\"yoast-schema-graph\">{\"@context\":\"https:\\\/\\\/schema.org\",\"@graph\":[{\"@type\":\"WebPage\",\"@id\":\"https:\\\/\\\/itsasmuseoa.eus\\\/fr\\\/education\\\/offre-educative\\\/\",\"url\":\"https:\\\/\\\/itsasmuseoa.eus\\\/fr\\\/education\\\/offre-educative\\\/\",\"name\":\"Offre \u00e9ducative - Euskal Itsas Museoa\",\"isPartOf\":{\"@id\":\"https:\\\/\\\/itsasmuseoa.eus\\\/fr\\\/#website\"},\"primaryImageOfPage\":{\"@id\":\"https:\\\/\\\/itsasmuseoa.eus\\\/fr\\\/education\\\/offre-educative\\\/#primaryimage\"},\"image\":{\"@id\":\"https:\\\/\\\/itsasmuseoa.eus\\\/fr\\\/education\\\/offre-educative\\\/#primaryimage\"},\"thumbnailUrl\":\"https:\\\/\\\/itsasmuseoa.eus\\\/flecha-breadcrumbs\\\/\",\"datePublished\":\"2021-07-16T09:40:01+00:00\",\"dateModified\":\"2025-08-29T12:25:44+00:00\",\"breadcrumb\":{\"@id\":\"https:\\\/\\\/itsasmuseoa.eus\\\/fr\\\/education\\\/offre-educative\\\/#breadcrumb\"},\"inLanguage\":\"fr-FR\",\"potentialAction\":[{\"@type\":\"ReadAction\",\"target\":[\"https:\\\/\\\/itsasmuseoa.eus\\\/fr\\\/education\\\/offre-educative\\\/\"]}]},{\"@type\":\"ImageObject\",\"inLanguage\":\"fr-FR\",\"@id\":\"https:\\\/\\\/itsasmuseoa.eus\\\/fr\\\/education\\\/offre-educative\\\/#primaryimage\",\"url\":\"https:\\\/\\\/itsasmuseoa.eus\\\/flecha-breadcrumbs\\\/\",\"contentUrl\":\"https:\\\/\\\/itsasmuseoa.eus\\\/flecha-breadcrumbs\\\/\"},{\"@type\":\"BreadcrumbList\",\"@id\":\"https:\\\/\\\/itsasmuseoa.eus\\\/fr\\\/education\\\/offre-educative\\\/#breadcrumb\",\"itemListElement\":[{\"@type\":\"ListItem\",\"position\":1,\"name\":\"Inicio\",\"item\":\"https:\\\/\\\/itsasmuseoa.eus\\\/fr\\\/\"},{\"@type\":\"ListItem\",\"position\":2,\"name\":\"\u00c9ducation\",\"item\":\"https:\\\/\\\/itsasmuseoa.eus\\\/fr\\\/education\\\/\"},{\"@type\":\"ListItem\",\"position\":3,\"name\":\"Offre \u00e9ducative\"}]},{\"@type\":\"WebSite\",\"@id\":\"https:\\\/\\\/itsasmuseoa.eus\\\/fr\\\/#website\",\"url\":\"https:\\\/\\\/itsasmuseoa.eus\\\/fr\\\/\",\"name\":\"Euskal Itsas Museoa\",\"description\":\"Museo Mar\u00edtimo Vasco\",\"potentialAction\":[{\"@type\":\"SearchAction\",\"target\":{\"@type\":\"EntryPoint\",\"urlTemplate\":\"https:\\\/\\\/itsasmuseoa.eus\\\/fr\\\/?s={search_term_string}\"},\"query-input\":{\"@type\":\"PropertyValueSpecification\",\"valueRequired\":true,\"valueName\":\"search_term_string\"}}],\"inLanguage\":\"fr-FR\"}]}<\/script>\n<!-- \/ Yoast SEO plugin. -->","yoast_head_json":{"title":"Offre \u00e9ducative - Euskal Itsas Museoa","robots":{"index":"index","follow":"follow","max-snippet":"max-snippet:-1","max-image-preview":"max-image-preview:large","max-video-preview":"max-video-preview:-1"},"canonical":"https:\/\/itsasmuseoa.eus\/fr\/education\/offre-educative\/","og_locale":"fr_FR","og_type":"article","og_title":"Offre \u00e9ducative - Euskal Itsas Museoa","og_description":"Inicio \u00c9ducation Offre \u00e9ducative Tourn\u00e9 vers le pr\u00e9sent, le mus\u00e9e a d\u00e9velopp\u00e9 son offre \u00e9ducative pour rapprocher la culture maritime basque et son patrimoine aux communaut\u00e9s \u00e9ducatives, en explorant toujours diff\u00e9rents canaux et formats. Filtrer par: Toutes nos activit\u00e9s sont propos\u00e9es en basque, espagnol et anglais De l&#8217;\u00e9cole au mus\u00e9e: consulter au moment de la&hellip;","og_url":"https:\/\/itsasmuseoa.eus\/fr\/education\/offre-educative\/","og_site_name":"Euskal Itsas Museoa","article_modified_time":"2025-08-29T12:25:44+00:00","og_image":[{"url":"https:\/\/itsasmuseoa.eus\/flecha-breadcrumbs\/","type":"","width":"","height":""}],"twitter_card":"summary_large_image","twitter_misc":{"Dur\u00e9e de lecture estim\u00e9e":"1 minute"},"schema":{"@context":"https:\/\/schema.org","@graph":[{"@type":"WebPage","@id":"https:\/\/itsasmuseoa.eus\/fr\/education\/offre-educative\/","url":"https:\/\/itsasmuseoa.eus\/fr\/education\/offre-educative\/","name":"Offre \u00e9ducative - Euskal Itsas Museoa","isPartOf":{"@id":"https:\/\/itsasmuseoa.eus\/fr\/#website"},"primaryImageOfPage":{"@id":"https:\/\/itsasmuseoa.eus\/fr\/education\/offre-educative\/#primaryimage"},"image":{"@id":"https:\/\/itsasmuseoa.eus\/fr\/education\/offre-educative\/#primaryimage"},"thumbnailUrl":"https:\/\/itsasmuseoa.eus\/flecha-breadcrumbs\/","datePublished":"2021-07-16T09:40:01+00:00","dateModified":"2025-08-29T12:25:44+00:00","breadcrumb":{"@id":"https:\/\/itsasmuseoa.eus\/fr\/education\/offre-educative\/#breadcrumb"},"inLanguage":"fr-FR","potentialAction":[{"@type":"ReadAction","target":["https:\/\/itsasmuseoa.eus\/fr\/education\/offre-educative\/"]}]},{"@type":"ImageObject","inLanguage":"fr-FR","@id":"https:\/\/itsasmuseoa.eus\/fr\/education\/offre-educative\/#primaryimage","url":"https:\/\/itsasmuseoa.eus\/flecha-breadcrumbs\/","contentUrl":"https:\/\/itsasmuseoa.eus\/flecha-breadcrumbs\/"},{"@type":"BreadcrumbList","@id":"https:\/\/itsasmuseoa.eus\/fr\/education\/offre-educative\/#breadcrumb","itemListElement":[{"@type":"ListItem","position":1,"name":"Inicio","item":"https:\/\/itsasmuseoa.eus\/fr\/"},{"@type":"ListItem","position":2,"name":"\u00c9ducation","item":"https:\/\/itsasmuseoa.eus\/fr\/education\/"},{"@type":"ListItem","position":3,"name":"Offre \u00e9ducative"}]},{"@type":"WebSite","@id":"https:\/\/itsasmuseoa.eus\/fr\/#website","url":"https:\/\/itsasmuseoa.eus\/fr\/","name":"Euskal Itsas Museoa","description":"Museo Mar\u00edtimo Vasco","potentialAction":[{"@type":"SearchAction","target":{"@type":"EntryPoint","urlTemplate":"https:\/\/itsasmuseoa.eus\/fr\/?s={search_term_string}"},"query-input":{"@type":"PropertyValueSpecification","valueRequired":true,"valueName":"search_term_string"}}],"inLanguage":"fr-FR"}]}},"_links":{"self":[{"href":"https:\/\/itsasmuseoa.eus\/fr\/wp-json\/wp\/v2\/pages\/5444","targetHints":{"allow":["GET"]}}],"collection":[{"href":"https:\/\/itsasmuseoa.eus\/fr\/wp-json\/wp\/v2\/pages"}],"about":[{"href":"https:\/\/itsasmuseoa.eus\/fr\/wp-json\/wp\/v2\/types\/page"}],"author":[{"embeddable":true,"href":"https:\/\/itsasmuseoa.eus\/fr\/wp-json\/wp\/v2\/users\/1"}],"replies":[{"embeddable":true,"href":"https:\/\/itsasmuseoa.eus\/fr\/wp-json\/wp\/v2\/comments?post=5444"}],"version-history":[{"count":1,"href":"https:\/\/itsasmuseoa.eus\/fr\/wp-json\/wp\/v2\/pages\/5444\/revisions"}],"predecessor-version":[{"id":20487,"href":"https:\/\/itsasmuseoa.eus\/fr\/wp-json\/wp\/v2\/pages\/5444\/revisions\/20487"}],"up":[{"embeddable":true,"href":"https:\/\/itsasmuseoa.eus\/fr\/wp-json\/wp\/v2\/pages\/5440"}],"wp:attachment":[{"href":"https:\/\/itsasmuseoa.eus\/fr\/wp-json\/wp\/v2\/media?parent=5444"}],"wp:term":[{"taxonomy":"category","embeddable":true,"href":"https:\/\/itsasmuseoa.eus\/fr\/wp-json\/wp\/v2\/categories?post=5444"},{"taxonomy":"post_tag","embeddable":true,"href":"https:\/\/itsasmuseoa.eus\/fr\/wp-json\/wp\/v2\/tags?post=5444"}],"curies":[{"name":"wp","href":"https:\/\/api.w.org\/{rel}","templated":true}]}}