{"id":5453,"date":"2021-07-16T11:50:54","date_gmt":"2021-07-16T09:50:54","guid":{"rendered":"https:\/\/itsasmuseoa.eus\/des-expositions\/expositions-en-course\/"},"modified":"2022-08-10T17:18:06","modified_gmt":"2022-08-10T15:18:06","slug":"expositions-en-course","status":"publish","type":"page","link":"https:\/\/itsasmuseoa.eus\/fr\/des-expositions\/expositions-en-course\/","title":{"rendered":"Expositions en course"},"content":{"rendered":"\n\n\t<a href=\"https:\/\/itsasmuseoa.eus\/fr\/\">Inicio<\/a> <img decoding=\"async\" src=\"https:\/\/itsasmuseoa.eus\/flecha-breadcrumbs\/\" alt=\"icono flecha\" \/> <a href=\"https:\/\/itsasmuseoa.eus\/fr\/exposiciones\/\">Des expositions<\/a> <img decoding=\"async\" src=\"https:\/\/itsasmuseoa.eus\/flecha-breadcrumbs\/\" alt=\"icono flecha\" \/> Expositions en course<h1>\n\t<\/h1>\n\t\t\t<a href=\"https:\/\/itsasmuseoa.eus\/fr\/des-expositions\/prochaines-expositions\/\" target=\"_self\" role=\"button\" rel=\"noopener\">\n\t\t\t\t\t\t\tPROCHAINES\n\t\t\t\t\t<\/a>\n\t\t\t<a href=\"https:\/\/itsasmuseoa.eus\/fr\/des-expositions\/expositions-pasees\/\" target=\"_self\" role=\"button\" rel=\"noopener\">\n\t\t\t\t\t\t\tPASS\u00c9ES\n\t\t\t\t\t<\/a>\n\t<meta itemscope itemprop=\"mainEntityOfPage\" itemtype=\"https:\/\/schema.org\/WebPage\" itemid=\"https:\/\/itsasmuseoa.eus\/fr\/des-expositions\/musealiak\/musealiak3\/\" content=\"#MUSEALIAK3\" \/><meta itemprop=\"datePublished\" content=\"2021-08-03\" \/><meta itemprop=\"dateModified\" content=\"2021-08-03\" \/><meta itemprop=\"name\" content=\"Euskal Itsas Museoa\"\/><meta itemprop=\"url\" content=\"https:\/\/itsasmuseoa.eus\/fr\/author\/shami\/\" \/><meta itemprop=\"name\" content=\"shami\" \/><meta itemprop=\"url\" content=\"https:\/\/itsasmuseoa.eus\/wp-content\/uploads\/2021\/07\/Musealiak3.jpg\" \/><meta itemprop=\"width\" content=\"660\" \/><meta itemprop=\"height\" content=\"440\" \/><meta itemprop=\"interactionType\" content=\"https:\/\/schema.org\/CommentAction\" \/><meta itemprop=\"userInteractionCount\" content=\"0\" \/>\n\t\t\t\t<a href=\"https:\/\/itsasmuseoa.eus\/fr\/des-expositions\/musealiak\/musealiak3\/\" target=\"_self\" itemprop=\"url\" rel=\"noopener\">\n\t\t\t\t<img decoding=\"async\" src=\"https:\/\/itsasmuseoa.eus\/wp-content\/uploads\/2021\/07\/Musealiak3.jpg\" alt=\"imagen del cartel musealiak #3\" itemprop=\"image\" data-no-lazy=\"1\" height=\"440\" width=\"660\" title=\"Musealiak#3\" onerror=\"this.style.display='none'\"  \/>\n\t\t\t\t<\/a>\n\t\t\t\t\t\t\t\t\t<h2 itemprop=\"headline\">\n\t\t\t\t\t\t\t\t\t\t\t\t\t<a href=\"https:\/\/itsasmuseoa.eus\/fr\/des-expositions\/musealiak\/musealiak3\/\" title=\"#MUSEALIAK3\">\n\t\t\t\t\t\t\t\t\t\t\t\t\t\t#MUSEALIAK3\t\t\t\t\t\t\t\t\t\t\t\t\t<\/a>\n\t\t\t\t\t\t\t\t\t\t\t<\/h2>\n    <h2>Avril &#8211; septembre 2021<\/h2>\n<h3><a href=\"https:\/\/itsasmuseoa.eus\/fr\/des-expositions\/musealiak\/musealiak3\/\" title='#MUSEALIAK3'>#MUSEALIAK3<\/a><\/h3>\n<p>L&#8217;espace &#8220;Musealiak&#8221; pr\u00e9sente l&#8217;histoire de deux plats, r\u00e9alis\u00e9s vers 1920, qui faisaient partie de la vaisselle du luxueux yacht Goizeko Izarra.<\/p>\n\n    <a href=\"https:\/\/itsasmuseoa.eus\/fr\/des-expositions\/musealiak\/musealiak3\/\" title=\"#MUSEALIAK3\">PLUS D&#8217;INFORMATIONS<\/a>\n\t<meta itemscope itemprop=\"mainEntityOfPage\" itemtype=\"https:\/\/schema.org\/WebPage\" itemid=\"https:\/\/itsasmuseoa.eus\/fr\/des-expositions\/expositions-en-course\/24h-une-journee-a-bord-de-la-victoria\/\" content=\"24H Une journ\u00e9e \u00e0 bord de la Victoria\" \/><meta itemprop=\"datePublished\" content=\"2021-08-03\" \/><meta itemprop=\"dateModified\" content=\"2021-08-03\" \/><meta itemprop=\"name\" content=\"Euskal Itsas Museoa\"\/><meta itemprop=\"url\" content=\"https:\/\/itsasmuseoa.eus\/fr\/author\/shami\/\" \/><meta itemprop=\"name\" content=\"shami\" \/><meta itemprop=\"url\" content=\"https:\/\/itsasmuseoa.eus\/wp-content\/uploads\/2021\/07\/24h-en-la-victoria-intro.jpg\" \/><meta itemprop=\"width\" content=\"1280\" \/><meta itemprop=\"height\" content=\"853\" \/><meta itemprop=\"interactionType\" content=\"https:\/\/schema.org\/CommentAction\" \/><meta itemprop=\"userInteractionCount\" content=\"0\" \/>\n\t\t\t\t<a href=\"https:\/\/itsasmuseoa.eus\/fr\/des-expositions\/expositions-en-course\/24h-une-journee-a-bord-de-la-victoria\/\" target=\"_self\" itemprop=\"url\" rel=\"noopener\">\n\t\t\t\t<img decoding=\"async\" src=\"https:\/\/itsasmuseoa.eus\/wp-content\/uploads\/2021\/07\/24h-en-la-victoria-intro-1024x682.jpg\" alt=\"Cartel ilustrativo de la Exposici\u00f3n Un d\u00eda en La Victoria\" itemprop=\"image\" data-no-lazy=\"1\" height=\"682\" width=\"1024\" title=\"24h-en-la-victoria-intro\" onerror=\"this.style.display='none'\"  \/>\n\t\t\t\t<\/a>\n\t\t\t\t\t\t\t\t\t<h2 itemprop=\"headline\">\n\t\t\t\t\t\t\t\t\t\t\t\t\t<a href=\"https:\/\/itsasmuseoa.eus\/fr\/des-expositions\/expositions-en-course\/24h-une-journee-a-bord-de-la-victoria\/\" title=\"24H Une journ\u00e9e \u00e0 bord de la Victoria\">\n\t\t\t\t\t\t\t\t\t\t\t\t\t\t24H Une journ\u00e9e \u00e0 bord de la Victoria\t\t\t\t\t\t\t\t\t\t\t\t\t<\/a>\n\t\t\t\t\t\t\t\t\t\t\t<\/h2>\n    <h2>Du 25 juin 2021 au 9 janvier 2022<\/h2>\n<h3><a href=\"https:\/\/itsasmuseoa.eus\/fr\/des-expositions\/expositions-en-course\/24h-une-journee-a-bord-de-la-victoria\/\" title='24H Une journ\u00e9e \u00e0 bord de la Victoria'>24H Une journ\u00e9e \u00e0 bord de la Victoria<\/a><\/h3>\n<p>L&#8217;exposition rassemble les d\u00e9tails de la vie \u00e0 bord, et plongera chaque visiteur dans le voyage qui a chang\u00e9 le monde.<\/p>\n\n    <a href=\"https:\/\/itsasmuseoa.eus\/fr\/des-expositions\/expositions-en-course\/24h-une-journee-a-bord-de-la-victoria\/\" title=\"24H Une journ\u00e9e \u00e0 bord de la Victoria\">PLUS D&#8217;INFORMATIONS<\/a>\n\t\t<!-- .pp-content-posts -->\n<h2>\n\t\tAGENDA DES ACTIVIT\u00c9S\n\t<\/h2>\n\t<meta itemscope itemprop=\"mainEntityOfPage\" itemtype=\"https:\/\/schema.org\/WebPage\" itemid=\"https:\/\/itsasmuseoa.eus\/fr\/activites\/agenda\/arraun-astea-2021\/\" content=\"Arraun Astea 2021\" \/><meta itemprop=\"datePublished\" content=\"2021-08-03\" \/><meta itemprop=\"dateModified\" content=\"2021-08-03\" \/><meta itemprop=\"name\" content=\"Euskal Itsas Museoa\"\/><meta itemprop=\"url\" content=\"https:\/\/itsasmuseoa.eus\/fr\/author\/shami\/\" \/><meta itemprop=\"name\" content=\"shami\" \/><meta itemprop=\"url\" content=\"https:\/\/itsasmuseoa.eus\/wp-content\/uploads\/2021\/07\/agenda-arraun-astea.jpg\" \/><meta itemprop=\"width\" content=\"1024\" \/><meta itemprop=\"height\" content=\"683\" \/><meta itemprop=\"interactionType\" content=\"https:\/\/schema.org\/CommentAction\" \/><meta itemprop=\"userInteractionCount\" content=\"0\" \/>\n\t<a href=\"https:\/\/itsasmuseoa.eus\/fr\/activites\/agenda\/arraun-astea-2021\/\" title='Arraun Astea 2021'><img decoding=\"async\" width=\"1024\" height=\"683\" src=\"https:\/\/itsasmuseoa.eus\/wp-content\/uploads\/2021\/07\/agenda-arraun-astea.jpg\" alt=\"Arraun astea - Euskal Itsas Museoa\" loading=\"lazy\" itemprop=\"image\" srcset=\"https:\/\/itsasmuseoa.eus\/wp-content\/uploads\/2021\/07\/agenda-arraun-astea.jpg 1024w, https:\/\/itsasmuseoa.eus\/wp-content\/uploads\/2021\/07\/agenda-arraun-astea-300x200.jpg 300w, https:\/\/itsasmuseoa.eus\/wp-content\/uploads\/2021\/07\/agenda-arraun-astea-768x512.jpg 768w\" sizes=\"auto, (max-width: 1024px) 100vw, 1024px\" \/><\/a>\n\tSeptembre 2021\n\t\t<a href=\"https:\/\/itsasmuseoa.eus\/fr\/etiquette\/semaine-thematique\/\" rel=\"tag\">Semaine th\u00e9matique<\/a>\n    <h3><a href=\"https:\/\/itsasmuseoa.eus\/fr\/activites\/agenda\/arraun-astea-2021\/\" title='Arraun Astea 2021'>Arraun Astea 2021<\/a><\/h3>\n    \t <a href=\"https:\/\/itsasmuseoa.eus\/fr\/activites\/agenda\/arraun-astea-2021\/\">Lire la suite<\/a>\n\t<meta itemscope itemprop=\"mainEntityOfPage\" itemtype=\"https:\/\/schema.org\/WebPage\" itemid=\"https:\/\/itsasmuseoa.eus\/fr\/activites\/agenda\/avertissements-de-la-mer-festivites-santiago\/\" content=\"Avertissements de la mer &#8211; Festivit\u00e9s: Santiago\" \/><meta itemprop=\"datePublished\" content=\"2021-08-03\" \/><meta itemprop=\"dateModified\" content=\"2021-08-03\" \/><meta itemprop=\"name\" content=\"Euskal Itsas Museoa\"\/><meta itemprop=\"url\" content=\"https:\/\/itsasmuseoa.eus\/fr\/author\/shami\/\" \/><meta itemprop=\"name\" content=\"shami\" \/><meta itemprop=\"url\" content=\"https:\/\/itsasmuseoa.eus\/wp-content\/uploads\/2021\/07\/agenda-avisos-mar.jpg\" \/><meta itemprop=\"width\" content=\"1024\" \/><meta itemprop=\"height\" content=\"683\" \/><meta itemprop=\"interactionType\" content=\"https:\/\/schema.org\/CommentAction\" \/><meta itemprop=\"userInteractionCount\" content=\"0\" \/>\n\t<a href=\"https:\/\/itsasmuseoa.eus\/fr\/activites\/agenda\/avertissements-de-la-mer-festivites-santiago\/\" title='Avertissements de la mer &#8211; Festivit\u00e9s: Santiago'><img decoding=\"async\" width=\"1024\" height=\"683\" src=\"https:\/\/itsasmuseoa.eus\/wp-content\/uploads\/2021\/07\/agenda-avisos-mar.jpg\" alt=\"Avisos del mar - Euskal Itsas Museoa\" loading=\"lazy\" itemprop=\"image\" srcset=\"https:\/\/itsasmuseoa.eus\/wp-content\/uploads\/2021\/07\/agenda-avisos-mar.jpg 1024w, https:\/\/itsasmuseoa.eus\/wp-content\/uploads\/2021\/07\/agenda-avisos-mar-300x200.jpg 300w, https:\/\/itsasmuseoa.eus\/wp-content\/uploads\/2021\/07\/agenda-avisos-mar-768x512.jpg 768w\" sizes=\"auto, (max-width: 1024px) 100vw, 1024px\" \/><\/a>\n\t25 juillet 2021\n\t\t<a href=\"https:\/\/itsasmuseoa.eus\/fr\/etiquette\/activite\/\" rel=\"tag\">Activit\u00e9<\/a>\n    <h3><a href=\"https:\/\/itsasmuseoa.eus\/fr\/activites\/agenda\/avertissements-de-la-mer-festivites-santiago\/\" title='Avertissements de la mer &#8211; Festivit\u00e9s: Santiago'>Avertissements de la mer &#8211; Festivit\u00e9s: Santiago<\/a><\/h3>\n    \t <a href=\"https:\/\/itsasmuseoa.eus\/fr\/activites\/agenda\/avertissements-de-la-mer-festivites-santiago\/\">Lire la suite<\/a>\n\t<meta itemscope itemprop=\"mainEntityOfPage\" itemtype=\"https:\/\/schema.org\/WebPage\" itemid=\"https:\/\/itsasmuseoa.eus\/fr\/activites\/agenda\/a-la-recherche-des-epices-avec-xabier-gutierrez\/\" content=\"\u00c0 la recherche des \u00e9pices avec Xabier Gutierrez\" \/><meta itemprop=\"datePublished\" content=\"2021-08-03\" \/><meta itemprop=\"dateModified\" content=\"2021-08-03\" \/><meta itemprop=\"name\" content=\"Euskal Itsas Museoa\"\/><meta itemprop=\"url\" content=\"https:\/\/itsasmuseoa.eus\/fr\/author\/shami\/\" \/><meta itemprop=\"name\" content=\"shami\" \/><meta itemprop=\"url\" content=\"https:\/\/itsasmuseoa.eus\/wp-content\/uploads\/2021\/07\/agenda-especias-con-xabier-gutierrez.jpg\" \/><meta itemprop=\"width\" content=\"1024\" \/><meta itemprop=\"height\" content=\"683\" \/><meta itemprop=\"interactionType\" content=\"https:\/\/schema.org\/CommentAction\" \/><meta itemprop=\"userInteractionCount\" content=\"0\" \/>\n\t<a href=\"https:\/\/itsasmuseoa.eus\/fr\/activites\/agenda\/a-la-recherche-des-epices-avec-xabier-gutierrez\/\" title='\u00c0 la recherche des \u00e9pices avec Xabier Gutierrez'><img decoding=\"async\" width=\"1024\" height=\"683\" src=\"https:\/\/itsasmuseoa.eus\/wp-content\/uploads\/2021\/07\/agenda-especias-con-xabier-gutierrez.jpg\" alt=\"Especias con Xabier Gutierrez\" loading=\"lazy\" itemprop=\"image\" srcset=\"https:\/\/itsasmuseoa.eus\/wp-content\/uploads\/2021\/07\/agenda-especias-con-xabier-gutierrez.jpg 1024w, https:\/\/itsasmuseoa.eus\/wp-content\/uploads\/2021\/07\/agenda-especias-con-xabier-gutierrez-300x200.jpg 300w, https:\/\/itsasmuseoa.eus\/wp-content\/uploads\/2021\/07\/agenda-especias-con-xabier-gutierrez-768x512.jpg 768w\" sizes=\"auto, (max-width: 1024px) 100vw, 1024px\" \/><\/a>\n\t23 de septiembre 2021\n\t\t<a href=\"https:\/\/itsasmuseoa.eus\/fr\/etiquette\/rencontre\/\" rel=\"tag\">Rencontre<\/a>\n    <h3><a href=\"https:\/\/itsasmuseoa.eus\/fr\/activites\/agenda\/a-la-recherche-des-epices-avec-xabier-gutierrez\/\" title='\u00c0 la recherche des \u00e9pices avec Xabier Gutierrez'>\u00c0 la recherche des \u00e9pices avec Xabier Gutierrez<\/a><\/h3>\n    \t <a href=\"https:\/\/itsasmuseoa.eus\/fr\/activites\/agenda\/a-la-recherche-des-epices-avec-xabier-gutierrez\/\">Lire la suite<\/a>\n\t\t<!-- .pp-content-posts -->\n\t\t\t<a href=\"https:\/\/itsasmuseoa.eus\/fr\/activites\/agenda\/\" target=\"_self\" role=\"button\" rel=\"noopener\">\n\t\t\t\t\t\tToutes les activit\u00e9s\n\t\t\t\t\t<\/a>\n\n","protected":false},"excerpt":{"rendered":"<p>Inicio Des expositions Expositions en course PROCHAINES PASS\u00c9ES #MUSEALIAK3 Avril &#8211; septembre 2021 #MUSEALIAK3 L&#8217;espace &#8220;Musealiak&#8221; pr\u00e9sente l&#8217;histoire de deux plats, r\u00e9alis\u00e9s vers 1920, qui faisaient partie de la vaisselle du luxueux yacht Goizeko Izarra. PLUS D&#8217;INFORMATIONS 24H Une journ\u00e9e \u00e0 bord de la Victoria Du 25 juin 2021 au 9 janvier 2022 24H Une&hellip;<\/p>\n","protected":false},"author":1,"featured_media":0,"parent":5449,"menu_order":0,"comment_status":"closed","ping_status":"closed","template":"","meta":{"_acf_changed":false,"footnotes":""},"categories":[],"tags":[],"class_list":["post-5453","page","type-page","status-publish","hentry"],"acf":[],"yoast_head":"<!-- This site is optimized with the Yoast SEO plugin v27.5 - https:\/\/yoast.com\/product\/yoast-seo-wordpress\/ -->\n<title>Expositions en course - Euskal Itsas Museoa<\/title>\n<meta name=\"robots\" content=\"index, follow, max-snippet:-1, max-image-preview:large, max-video-preview:-1\" \/>\n<link rel=\"canonical\" href=\"https:\/\/itsasmuseoa.eus\/fr\/des-expositions\/expositions-en-course\/\" \/>\n<meta property=\"og:locale\" content=\"fr_FR\" \/>\n<meta property=\"og:type\" content=\"article\" \/>\n<meta property=\"og:title\" content=\"Expositions en course - Euskal Itsas Museoa\" \/>\n<meta property=\"og:description\" content=\"Inicio Des expositions Expositions en course PROCHAINES PASS\u00c9ES #MUSEALIAK3 Avril &#8211; septembre 2021 #MUSEALIAK3 L&#8217;espace &#8220;Musealiak&#8221; pr\u00e9sente l&#8217;histoire de deux plats, r\u00e9alis\u00e9s vers 1920, qui faisaient partie de la vaisselle du luxueux yacht Goizeko Izarra. PLUS D&#8217;INFORMATIONS 24H Une journ\u00e9e \u00e0 bord de la Victoria Du 25 juin 2021 au 9 janvier 2022 24H Une&hellip;\" \/>\n<meta property=\"og:url\" content=\"https:\/\/itsasmuseoa.eus\/fr\/des-expositions\/expositions-en-course\/\" \/>\n<meta property=\"og:site_name\" content=\"Euskal Itsas Museoa\" \/>\n<meta property=\"article:modified_time\" content=\"2022-08-10T15:18:06+00:00\" \/>\n<meta property=\"og:image\" content=\"https:\/\/itsasmuseoa.eus\/flecha-breadcrumbs\/\" \/>\n<meta name=\"twitter:card\" content=\"summary_large_image\" \/>\n<meta name=\"twitter:label1\" content=\"Dur\u00e9e de lecture estim\u00e9e\" \/>\n\t<meta name=\"twitter:data1\" content=\"1 minute\" \/>\n<script type=\"application\/ld+json\" class=\"yoast-schema-graph\">{\"@context\":\"https:\\\/\\\/schema.org\",\"@graph\":[{\"@type\":\"WebPage\",\"@id\":\"https:\\\/\\\/itsasmuseoa.eus\\\/fr\\\/des-expositions\\\/expositions-en-course\\\/\",\"url\":\"https:\\\/\\\/itsasmuseoa.eus\\\/fr\\\/des-expositions\\\/expositions-en-course\\\/\",\"name\":\"Expositions en course - Euskal Itsas Museoa\",\"isPartOf\":{\"@id\":\"https:\\\/\\\/itsasmuseoa.eus\\\/fr\\\/#website\"},\"primaryImageOfPage\":{\"@id\":\"https:\\\/\\\/itsasmuseoa.eus\\\/fr\\\/des-expositions\\\/expositions-en-course\\\/#primaryimage\"},\"image\":{\"@id\":\"https:\\\/\\\/itsasmuseoa.eus\\\/fr\\\/des-expositions\\\/expositions-en-course\\\/#primaryimage\"},\"thumbnailUrl\":\"https:\\\/\\\/itsasmuseoa.eus\\\/flecha-breadcrumbs\\\/\",\"datePublished\":\"2021-07-16T09:50:54+00:00\",\"dateModified\":\"2022-08-10T15:18:06+00:00\",\"breadcrumb\":{\"@id\":\"https:\\\/\\\/itsasmuseoa.eus\\\/fr\\\/des-expositions\\\/expositions-en-course\\\/#breadcrumb\"},\"inLanguage\":\"fr-FR\",\"potentialAction\":[{\"@type\":\"ReadAction\",\"target\":[\"https:\\\/\\\/itsasmuseoa.eus\\\/fr\\\/des-expositions\\\/expositions-en-course\\\/\"]}]},{\"@type\":\"ImageObject\",\"inLanguage\":\"fr-FR\",\"@id\":\"https:\\\/\\\/itsasmuseoa.eus\\\/fr\\\/des-expositions\\\/expositions-en-course\\\/#primaryimage\",\"url\":\"https:\\\/\\\/itsasmuseoa.eus\\\/flecha-breadcrumbs\\\/\",\"contentUrl\":\"https:\\\/\\\/itsasmuseoa.eus\\\/flecha-breadcrumbs\\\/\"},{\"@type\":\"BreadcrumbList\",\"@id\":\"https:\\\/\\\/itsasmuseoa.eus\\\/fr\\\/des-expositions\\\/expositions-en-course\\\/#breadcrumb\",\"itemListElement\":[{\"@type\":\"ListItem\",\"position\":1,\"name\":\"Inicio\",\"item\":\"https:\\\/\\\/itsasmuseoa.eus\\\/fr\\\/\"},{\"@type\":\"ListItem\",\"position\":2,\"name\":\"Des expositions\",\"item\":\"https:\\\/\\\/itsasmuseoa.eus\\\/fr\\\/des-expositions\\\/\"},{\"@type\":\"ListItem\",\"position\":3,\"name\":\"Expositions en course\"}]},{\"@type\":\"WebSite\",\"@id\":\"https:\\\/\\\/itsasmuseoa.eus\\\/fr\\\/#website\",\"url\":\"https:\\\/\\\/itsasmuseoa.eus\\\/fr\\\/\",\"name\":\"Euskal Itsas Museoa\",\"description\":\"Museo Mar\u00edtimo Vasco\",\"potentialAction\":[{\"@type\":\"SearchAction\",\"target\":{\"@type\":\"EntryPoint\",\"urlTemplate\":\"https:\\\/\\\/itsasmuseoa.eus\\\/fr\\\/?s={search_term_string}\"},\"query-input\":{\"@type\":\"PropertyValueSpecification\",\"valueRequired\":true,\"valueName\":\"search_term_string\"}}],\"inLanguage\":\"fr-FR\"}]}<\/script>\n<!-- \/ Yoast SEO plugin. -->","yoast_head_json":{"title":"Expositions en course - Euskal Itsas Museoa","robots":{"index":"index","follow":"follow","max-snippet":"max-snippet:-1","max-image-preview":"max-image-preview:large","max-video-preview":"max-video-preview:-1"},"canonical":"https:\/\/itsasmuseoa.eus\/fr\/des-expositions\/expositions-en-course\/","og_locale":"fr_FR","og_type":"article","og_title":"Expositions en course - Euskal Itsas Museoa","og_description":"Inicio Des expositions Expositions en course PROCHAINES PASS\u00c9ES #MUSEALIAK3 Avril &#8211; septembre 2021 #MUSEALIAK3 L&#8217;espace &#8220;Musealiak&#8221; pr\u00e9sente l&#8217;histoire de deux plats, r\u00e9alis\u00e9s vers 1920, qui faisaient partie de la vaisselle du luxueux yacht Goizeko Izarra. PLUS D&#8217;INFORMATIONS 24H Une journ\u00e9e \u00e0 bord de la Victoria Du 25 juin 2021 au 9 janvier 2022 24H Une&hellip;","og_url":"https:\/\/itsasmuseoa.eus\/fr\/des-expositions\/expositions-en-course\/","og_site_name":"Euskal Itsas Museoa","article_modified_time":"2022-08-10T15:18:06+00:00","og_image":[{"url":"https:\/\/itsasmuseoa.eus\/flecha-breadcrumbs\/","type":"","width":"","height":""}],"twitter_card":"summary_large_image","twitter_misc":{"Dur\u00e9e de lecture estim\u00e9e":"1 minute"},"schema":{"@context":"https:\/\/schema.org","@graph":[{"@type":"WebPage","@id":"https:\/\/itsasmuseoa.eus\/fr\/des-expositions\/expositions-en-course\/","url":"https:\/\/itsasmuseoa.eus\/fr\/des-expositions\/expositions-en-course\/","name":"Expositions en course - Euskal Itsas Museoa","isPartOf":{"@id":"https:\/\/itsasmuseoa.eus\/fr\/#website"},"primaryImageOfPage":{"@id":"https:\/\/itsasmuseoa.eus\/fr\/des-expositions\/expositions-en-course\/#primaryimage"},"image":{"@id":"https:\/\/itsasmuseoa.eus\/fr\/des-expositions\/expositions-en-course\/#primaryimage"},"thumbnailUrl":"https:\/\/itsasmuseoa.eus\/flecha-breadcrumbs\/","datePublished":"2021-07-16T09:50:54+00:00","dateModified":"2022-08-10T15:18:06+00:00","breadcrumb":{"@id":"https:\/\/itsasmuseoa.eus\/fr\/des-expositions\/expositions-en-course\/#breadcrumb"},"inLanguage":"fr-FR","potentialAction":[{"@type":"ReadAction","target":["https:\/\/itsasmuseoa.eus\/fr\/des-expositions\/expositions-en-course\/"]}]},{"@type":"ImageObject","inLanguage":"fr-FR","@id":"https:\/\/itsasmuseoa.eus\/fr\/des-expositions\/expositions-en-course\/#primaryimage","url":"https:\/\/itsasmuseoa.eus\/flecha-breadcrumbs\/","contentUrl":"https:\/\/itsasmuseoa.eus\/flecha-breadcrumbs\/"},{"@type":"BreadcrumbList","@id":"https:\/\/itsasmuseoa.eus\/fr\/des-expositions\/expositions-en-course\/#breadcrumb","itemListElement":[{"@type":"ListItem","position":1,"name":"Inicio","item":"https:\/\/itsasmuseoa.eus\/fr\/"},{"@type":"ListItem","position":2,"name":"Des expositions","item":"https:\/\/itsasmuseoa.eus\/fr\/des-expositions\/"},{"@type":"ListItem","position":3,"name":"Expositions en course"}]},{"@type":"WebSite","@id":"https:\/\/itsasmuseoa.eus\/fr\/#website","url":"https:\/\/itsasmuseoa.eus\/fr\/","name":"Euskal Itsas Museoa","description":"Museo Mar\u00edtimo Vasco","potentialAction":[{"@type":"SearchAction","target":{"@type":"EntryPoint","urlTemplate":"https:\/\/itsasmuseoa.eus\/fr\/?s={search_term_string}"},"query-input":{"@type":"PropertyValueSpecification","valueRequired":true,"valueName":"search_term_string"}}],"inLanguage":"fr-FR"}]}},"_links":{"self":[{"href":"https:\/\/itsasmuseoa.eus\/fr\/wp-json\/wp\/v2\/pages\/5453","targetHints":{"allow":["GET"]}}],"collection":[{"href":"https:\/\/itsasmuseoa.eus\/fr\/wp-json\/wp\/v2\/pages"}],"about":[{"href":"https:\/\/itsasmuseoa.eus\/fr\/wp-json\/wp\/v2\/types\/page"}],"author":[{"embeddable":true,"href":"https:\/\/itsasmuseoa.eus\/fr\/wp-json\/wp\/v2\/users\/1"}],"replies":[{"embeddable":true,"href":"https:\/\/itsasmuseoa.eus\/fr\/wp-json\/wp\/v2\/comments?post=5453"}],"version-history":[{"count":0,"href":"https:\/\/itsasmuseoa.eus\/fr\/wp-json\/wp\/v2\/pages\/5453\/revisions"}],"up":[{"embeddable":true,"href":"https:\/\/itsasmuseoa.eus\/fr\/wp-json\/wp\/v2\/pages\/5449"}],"wp:attachment":[{"href":"https:\/\/itsasmuseoa.eus\/fr\/wp-json\/wp\/v2\/media?parent=5453"}],"wp:term":[{"taxonomy":"category","embeddable":true,"href":"https:\/\/itsasmuseoa.eus\/fr\/wp-json\/wp\/v2\/categories?post=5453"},{"taxonomy":"post_tag","embeddable":true,"href":"https:\/\/itsasmuseoa.eus\/fr\/wp-json\/wp\/v2\/tags?post=5453"}],"curies":[{"name":"wp","href":"https:\/\/api.w.org\/{rel}","templated":true}]}}