{"id":5458,"date":"2021-07-16T16:30:38","date_gmt":"2021-07-16T14:30:38","guid":{"rendered":"https:\/\/itsasmuseoa.eus\/des-expositions\/expositions-pasees\/"},"modified":"2022-08-10T17:43:20","modified_gmt":"2022-08-10T15:43:20","slug":"expositions-pasees","status":"publish","type":"page","link":"https:\/\/itsasmuseoa.eus\/fr\/des-expositions\/expositions-pasees\/","title":{"rendered":"Expositions Pas\u00e9es"},"content":{"rendered":"\n\n\t<a href=\"https:\/\/itsasmuseoa.eus\/fr\/\">Inicio<\/a> <img decoding=\"async\" src=\"https:\/\/itsasmuseoa.eus\/flecha-breadcrumbs\/\" alt=\"icono flecha\" \/> <a href=\"https:\/\/itsasmuseoa.eus\/fr\/exposiciones\/\">Des expositions<\/a> <img decoding=\"async\" src=\"https:\/\/itsasmuseoa.eus\/flecha-breadcrumbs\/\" alt=\"icono flecha\" \/> Expositions Pas\u00e9es<h1>\n\t<\/h1>\n\t\t\t<a href=\"https:\/\/itsasmuseoa.eus\/fr\/des-expositions\/expositions-en-course\/\" target=\"_self\" role=\"button\" rel=\"noopener\">\n\t\t\t\t\t\t\tEN COURSE\n\t\t\t\t\t<\/a>\n\t\t\t<a href=\"https:\/\/itsasmuseoa.eus\/fr\/des-expositions\/prochaines-expositions\/\" target=\"_self\" role=\"button\" rel=\"noopener\">\n\t\t\t\t\t\t\tPROCHAINES\n\t\t\t\t\t<\/a>\n\t\t<p>D\u00e9sol\u00e9, nous n&#8217;avons trouv\u00e9 aucun message. S&#8217;il vous pla\u00eet, essayez une recherche diff\u00e9rente.<\/p>\n\t\t\t\t<form aria-label=\"Recherche\" method=\"get\" role=\"search\" action=\"https:\/\/itsasmuseoa.eus\/fr\/\" title=\"Entrez mot(s) cl\u00e9 pour rechercher.\">\n\t<input aria-label=\"Recherche\" type=\"search\" name=\"s\" placeholder=\"Recherche\"  value=\"\" onfocus=\"if (this.value === 'Recherche') { this.value = ''; }\" onblur=\"if (this.value === '') this.value='Recherche';\" \/>\n<\/form>\n<h2>\n\t\tAGENDA DES ACTIVIT\u00c9S\n\t<\/h2>\n\t<meta itemscope itemprop=\"mainEntityOfPage\" itemtype=\"https:\/\/schema.org\/WebPage\" itemid=\"https:\/\/itsasmuseoa.eus\/fr\/activites\/agenda\/arraun-astea-2021\/\" content=\"Arraun Astea 2021\" \/><meta itemprop=\"datePublished\" content=\"2021-08-03\" \/><meta itemprop=\"dateModified\" content=\"2021-08-03\" \/><meta itemprop=\"name\" content=\"Euskal Itsas Museoa\"\/><meta itemprop=\"url\" content=\"https:\/\/itsasmuseoa.eus\/fr\/author\/shami\/\" \/><meta itemprop=\"name\" content=\"shami\" \/><meta itemprop=\"url\" content=\"https:\/\/itsasmuseoa.eus\/wp-content\/uploads\/2021\/07\/agenda-arraun-astea.jpg\" \/><meta itemprop=\"width\" content=\"1024\" \/><meta itemprop=\"height\" content=\"683\" \/><meta itemprop=\"interactionType\" content=\"https:\/\/schema.org\/CommentAction\" \/><meta itemprop=\"userInteractionCount\" content=\"0\" \/>\n\t<a href=\"https:\/\/itsasmuseoa.eus\/fr\/activites\/agenda\/arraun-astea-2021\/\" title='Arraun Astea 2021'><img decoding=\"async\" width=\"1024\" height=\"683\" src=\"https:\/\/itsasmuseoa.eus\/wp-content\/uploads\/2021\/07\/agenda-arraun-astea.jpg\" alt=\"Arraun astea - Euskal Itsas Museoa\" loading=\"lazy\" itemprop=\"image\" srcset=\"https:\/\/itsasmuseoa.eus\/wp-content\/uploads\/2021\/07\/agenda-arraun-astea.jpg 1024w, https:\/\/itsasmuseoa.eus\/wp-content\/uploads\/2021\/07\/agenda-arraun-astea-300x200.jpg 300w, https:\/\/itsasmuseoa.eus\/wp-content\/uploads\/2021\/07\/agenda-arraun-astea-768x512.jpg 768w\" sizes=\"auto, (max-width: 1024px) 100vw, 1024px\" \/><\/a>\n\tSeptembre 2021\n\t\t<a href=\"https:\/\/itsasmuseoa.eus\/fr\/etiquette\/semaine-thematique\/\" rel=\"tag\">Semaine th\u00e9matique<\/a>\n    <h3><a href=\"https:\/\/itsasmuseoa.eus\/fr\/activites\/agenda\/arraun-astea-2021\/\" title='Arraun Astea 2021'>Arraun Astea 2021<\/a><\/h3>\n    \t<a href=\"https:\/\/itsasmuseoa.eus\/fr\/activites\/agenda\/arraun-astea-2021\/\">Lire la suite<\/a>\n\t<meta itemscope itemprop=\"mainEntityOfPage\" itemtype=\"https:\/\/schema.org\/WebPage\" itemid=\"https:\/\/itsasmuseoa.eus\/fr\/activites\/agenda\/avertissements-de-la-mer-festivites-santiago\/\" content=\"Avertissements de la mer &#8211; Festivit\u00e9s: Santiago\" \/><meta itemprop=\"datePublished\" content=\"2021-08-03\" \/><meta itemprop=\"dateModified\" content=\"2021-08-03\" \/><meta itemprop=\"name\" content=\"Euskal Itsas Museoa\"\/><meta itemprop=\"url\" content=\"https:\/\/itsasmuseoa.eus\/fr\/author\/shami\/\" \/><meta itemprop=\"name\" content=\"shami\" \/><meta itemprop=\"url\" content=\"https:\/\/itsasmuseoa.eus\/wp-content\/uploads\/2021\/07\/agenda-avisos-mar.jpg\" \/><meta itemprop=\"width\" content=\"1024\" \/><meta itemprop=\"height\" content=\"683\" \/><meta itemprop=\"interactionType\" content=\"https:\/\/schema.org\/CommentAction\" \/><meta itemprop=\"userInteractionCount\" content=\"0\" \/>\n\t<a href=\"https:\/\/itsasmuseoa.eus\/fr\/activites\/agenda\/avertissements-de-la-mer-festivites-santiago\/\" title='Avertissements de la mer &#8211; Festivit\u00e9s: Santiago'><img decoding=\"async\" width=\"1024\" height=\"683\" src=\"https:\/\/itsasmuseoa.eus\/wp-content\/uploads\/2021\/07\/agenda-avisos-mar.jpg\" alt=\"Avisos del mar - Euskal Itsas Museoa\" loading=\"lazy\" itemprop=\"image\" srcset=\"https:\/\/itsasmuseoa.eus\/wp-content\/uploads\/2021\/07\/agenda-avisos-mar.jpg 1024w, https:\/\/itsasmuseoa.eus\/wp-content\/uploads\/2021\/07\/agenda-avisos-mar-300x200.jpg 300w, https:\/\/itsasmuseoa.eus\/wp-content\/uploads\/2021\/07\/agenda-avisos-mar-768x512.jpg 768w\" sizes=\"auto, (max-width: 1024px) 100vw, 1024px\" \/><\/a>\n\t25 juillet 2021\n\t\t<a href=\"https:\/\/itsasmuseoa.eus\/fr\/etiquette\/activite\/\" rel=\"tag\">Activit\u00e9<\/a>\n    <h3><a href=\"https:\/\/itsasmuseoa.eus\/fr\/activites\/agenda\/avertissements-de-la-mer-festivites-santiago\/\" title='Avertissements de la mer &#8211; Festivit\u00e9s: Santiago'>Avertissements de la mer &#8211; Festivit\u00e9s: Santiago<\/a><\/h3>\n    \t<a href=\"https:\/\/itsasmuseoa.eus\/fr\/activites\/agenda\/avertissements-de-la-mer-festivites-santiago\/\">Lire la suite<\/a>\n\t<meta itemscope itemprop=\"mainEntityOfPage\" itemtype=\"https:\/\/schema.org\/WebPage\" itemid=\"https:\/\/itsasmuseoa.eus\/fr\/activites\/agenda\/avertissements-de-la-mer-nuestra-sra-del-carmen\/\" content=\"Avertissements de la mer &#8211; Nuestra Sra. del Carmen\" \/><meta itemprop=\"datePublished\" content=\"2021-08-03\" \/><meta itemprop=\"dateModified\" content=\"2021-08-03\" \/><meta itemprop=\"name\" content=\"Euskal Itsas Museoa\"\/><meta itemprop=\"url\" content=\"https:\/\/itsasmuseoa.eus\/fr\/author\/shami\/\" \/><meta itemprop=\"name\" content=\"shami\" \/><meta itemprop=\"url\" content=\"https:\/\/itsasmuseoa.eus\/wp-content\/uploads\/2021\/07\/agenda-avisos-mar.jpg\" \/><meta itemprop=\"width\" content=\"1024\" \/><meta itemprop=\"height\" content=\"683\" \/><meta itemprop=\"interactionType\" content=\"https:\/\/schema.org\/CommentAction\" \/><meta itemprop=\"userInteractionCount\" content=\"0\" \/>\n\t<a href=\"https:\/\/itsasmuseoa.eus\/fr\/?page_id=6562\" title='Avertissements de la mer &#8211; Nuestra Sra. del Carmen'><img decoding=\"async\" width=\"1024\" height=\"683\" src=\"https:\/\/itsasmuseoa.eus\/wp-content\/uploads\/2021\/07\/agenda-avisos-mar.jpg\" alt=\"Avisos del mar - Euskal Itsas Museoa\" loading=\"lazy\" itemprop=\"image\" srcset=\"https:\/\/itsasmuseoa.eus\/wp-content\/uploads\/2021\/07\/agenda-avisos-mar.jpg 1024w, https:\/\/itsasmuseoa.eus\/wp-content\/uploads\/2021\/07\/agenda-avisos-mar-300x200.jpg 300w, https:\/\/itsasmuseoa.eus\/wp-content\/uploads\/2021\/07\/agenda-avisos-mar-768x512.jpg 768w\" sizes=\"auto, (max-width: 1024px) 100vw, 1024px\" \/><\/a>\n\t16 juillet 2021\n\t\t<a href=\"https:\/\/itsasmuseoa.eus\/fr\/etiquette\/activite\/\" rel=\"tag\">Activit\u00e9<\/a>\n    <h3><a href=\"https:\/\/itsasmuseoa.eus\/fr\/?page_id=6562\" title='Avertissements de la mer &#8211; Nuestra Sra. del Carmen'>Avertissements de la mer &#8211; Nuestra Sra. del Carmen<\/a><\/h3>\n    \t<a href=\"https:\/\/itsasmuseoa.eus\/fr\/?page_id=6562\">Lire la suite<\/a>\n\t\t<!-- .pp-content-posts -->\n\t\t\t<a href=\"https:\/\/itsasmuseoa.eus\/fr\/activites\/agenda\/\" target=\"_self\" role=\"button\" rel=\"noopener\">\n\t\t\t\t\t\ttoutes les activit\u00e9s\n\t\t\t\t\t<\/a>\n\n","protected":false},"excerpt":{"rendered":"<p>Inicio Des expositions Expositions Pas\u00e9es EN COURSE PROCHAINES D\u00e9sol\u00e9, nous n&#8217;avons trouv\u00e9 aucun message. S&#8217;il vous pla\u00eet, essayez une recherche diff\u00e9rente. AGENDA DES ACTIVIT\u00c9S Septembre 2021 Semaine th\u00e9matique Arraun Astea 2021 Lire la suite 25 juillet 2021 Activit\u00e9 Avertissements de la mer &#8211; Festivit\u00e9s: Santiago Lire la suite 16 juillet 2021 Activit\u00e9 Avertissements de la&hellip;<\/p>\n","protected":false},"author":1,"featured_media":0,"parent":5449,"menu_order":0,"comment_status":"closed","ping_status":"closed","template":"","meta":{"_acf_changed":false,"footnotes":""},"categories":[],"tags":[],"class_list":["post-5458","page","type-page","status-publish","hentry"],"acf":[],"yoast_head":"<!-- This site is optimized with the Yoast SEO plugin v27.5 - https:\/\/yoast.com\/product\/yoast-seo-wordpress\/ -->\n<title>Expositions Pas\u00e9es - Euskal Itsas Museoa<\/title>\n<meta name=\"robots\" content=\"index, follow, max-snippet:-1, max-image-preview:large, max-video-preview:-1\" \/>\n<link rel=\"canonical\" href=\"https:\/\/itsasmuseoa.eus\/fr\/des-expositions\/expositions-pasees\/\" \/>\n<meta property=\"og:locale\" content=\"fr_FR\" \/>\n<meta property=\"og:type\" content=\"article\" \/>\n<meta property=\"og:title\" content=\"Expositions Pas\u00e9es - Euskal Itsas Museoa\" \/>\n<meta property=\"og:description\" content=\"Inicio Des expositions Expositions Pas\u00e9es EN COURSE PROCHAINES D\u00e9sol\u00e9, nous n&#8217;avons trouv\u00e9 aucun message. S&#8217;il vous pla\u00eet, essayez une recherche diff\u00e9rente. AGENDA DES ACTIVIT\u00c9S Septembre 2021 Semaine th\u00e9matique Arraun Astea 2021 Lire la suite 25 juillet 2021 Activit\u00e9 Avertissements de la mer &#8211; Festivit\u00e9s: Santiago Lire la suite 16 juillet 2021 Activit\u00e9 Avertissements de la&hellip;\" \/>\n<meta property=\"og:url\" content=\"https:\/\/itsasmuseoa.eus\/fr\/des-expositions\/expositions-pasees\/\" \/>\n<meta property=\"og:site_name\" content=\"Euskal Itsas Museoa\" \/>\n<meta property=\"article:modified_time\" content=\"2022-08-10T15:43:20+00:00\" \/>\n<meta property=\"og:image\" content=\"https:\/\/itsasmuseoa.eus\/flecha-breadcrumbs\/\" \/>\n<meta name=\"twitter:card\" content=\"summary_large_image\" \/>\n<script type=\"application\/ld+json\" class=\"yoast-schema-graph\">{\"@context\":\"https:\\\/\\\/schema.org\",\"@graph\":[{\"@type\":\"WebPage\",\"@id\":\"https:\\\/\\\/itsasmuseoa.eus\\\/fr\\\/des-expositions\\\/expositions-pasees\\\/\",\"url\":\"https:\\\/\\\/itsasmuseoa.eus\\\/fr\\\/des-expositions\\\/expositions-pasees\\\/\",\"name\":\"Expositions Pas\u00e9es - Euskal Itsas Museoa\",\"isPartOf\":{\"@id\":\"https:\\\/\\\/itsasmuseoa.eus\\\/fr\\\/#website\"},\"primaryImageOfPage\":{\"@id\":\"https:\\\/\\\/itsasmuseoa.eus\\\/fr\\\/des-expositions\\\/expositions-pasees\\\/#primaryimage\"},\"image\":{\"@id\":\"https:\\\/\\\/itsasmuseoa.eus\\\/fr\\\/des-expositions\\\/expositions-pasees\\\/#primaryimage\"},\"thumbnailUrl\":\"https:\\\/\\\/itsasmuseoa.eus\\\/flecha-breadcrumbs\\\/\",\"datePublished\":\"2021-07-16T14:30:38+00:00\",\"dateModified\":\"2022-08-10T15:43:20+00:00\",\"breadcrumb\":{\"@id\":\"https:\\\/\\\/itsasmuseoa.eus\\\/fr\\\/des-expositions\\\/expositions-pasees\\\/#breadcrumb\"},\"inLanguage\":\"fr-FR\",\"potentialAction\":[{\"@type\":\"ReadAction\",\"target\":[\"https:\\\/\\\/itsasmuseoa.eus\\\/fr\\\/des-expositions\\\/expositions-pasees\\\/\"]}]},{\"@type\":\"ImageObject\",\"inLanguage\":\"fr-FR\",\"@id\":\"https:\\\/\\\/itsasmuseoa.eus\\\/fr\\\/des-expositions\\\/expositions-pasees\\\/#primaryimage\",\"url\":\"https:\\\/\\\/itsasmuseoa.eus\\\/flecha-breadcrumbs\\\/\",\"contentUrl\":\"https:\\\/\\\/itsasmuseoa.eus\\\/flecha-breadcrumbs\\\/\"},{\"@type\":\"BreadcrumbList\",\"@id\":\"https:\\\/\\\/itsasmuseoa.eus\\\/fr\\\/des-expositions\\\/expositions-pasees\\\/#breadcrumb\",\"itemListElement\":[{\"@type\":\"ListItem\",\"position\":1,\"name\":\"Inicio\",\"item\":\"https:\\\/\\\/itsasmuseoa.eus\\\/fr\\\/\"},{\"@type\":\"ListItem\",\"position\":2,\"name\":\"Des expositions\",\"item\":\"https:\\\/\\\/itsasmuseoa.eus\\\/fr\\\/des-expositions\\\/\"},{\"@type\":\"ListItem\",\"position\":3,\"name\":\"Expositions Pas\u00e9es\"}]},{\"@type\":\"WebSite\",\"@id\":\"https:\\\/\\\/itsasmuseoa.eus\\\/fr\\\/#website\",\"url\":\"https:\\\/\\\/itsasmuseoa.eus\\\/fr\\\/\",\"name\":\"Euskal Itsas Museoa\",\"description\":\"Museo Mar\u00edtimo Vasco\",\"potentialAction\":[{\"@type\":\"SearchAction\",\"target\":{\"@type\":\"EntryPoint\",\"urlTemplate\":\"https:\\\/\\\/itsasmuseoa.eus\\\/fr\\\/?s={search_term_string}\"},\"query-input\":{\"@type\":\"PropertyValueSpecification\",\"valueRequired\":true,\"valueName\":\"search_term_string\"}}],\"inLanguage\":\"fr-FR\"}]}<\/script>\n<!-- \/ Yoast SEO plugin. -->","yoast_head_json":{"title":"Expositions Pas\u00e9es - Euskal Itsas Museoa","robots":{"index":"index","follow":"follow","max-snippet":"max-snippet:-1","max-image-preview":"max-image-preview:large","max-video-preview":"max-video-preview:-1"},"canonical":"https:\/\/itsasmuseoa.eus\/fr\/des-expositions\/expositions-pasees\/","og_locale":"fr_FR","og_type":"article","og_title":"Expositions Pas\u00e9es - Euskal Itsas Museoa","og_description":"Inicio Des expositions Expositions Pas\u00e9es EN COURSE PROCHAINES D\u00e9sol\u00e9, nous n&#8217;avons trouv\u00e9 aucun message. S&#8217;il vous pla\u00eet, essayez une recherche diff\u00e9rente. AGENDA DES ACTIVIT\u00c9S Septembre 2021 Semaine th\u00e9matique Arraun Astea 2021 Lire la suite 25 juillet 2021 Activit\u00e9 Avertissements de la mer &#8211; Festivit\u00e9s: Santiago Lire la suite 16 juillet 2021 Activit\u00e9 Avertissements de la&hellip;","og_url":"https:\/\/itsasmuseoa.eus\/fr\/des-expositions\/expositions-pasees\/","og_site_name":"Euskal Itsas Museoa","article_modified_time":"2022-08-10T15:43:20+00:00","og_image":[{"url":"https:\/\/itsasmuseoa.eus\/flecha-breadcrumbs\/","type":"","width":"","height":""}],"twitter_card":"summary_large_image","schema":{"@context":"https:\/\/schema.org","@graph":[{"@type":"WebPage","@id":"https:\/\/itsasmuseoa.eus\/fr\/des-expositions\/expositions-pasees\/","url":"https:\/\/itsasmuseoa.eus\/fr\/des-expositions\/expositions-pasees\/","name":"Expositions Pas\u00e9es - Euskal Itsas Museoa","isPartOf":{"@id":"https:\/\/itsasmuseoa.eus\/fr\/#website"},"primaryImageOfPage":{"@id":"https:\/\/itsasmuseoa.eus\/fr\/des-expositions\/expositions-pasees\/#primaryimage"},"image":{"@id":"https:\/\/itsasmuseoa.eus\/fr\/des-expositions\/expositions-pasees\/#primaryimage"},"thumbnailUrl":"https:\/\/itsasmuseoa.eus\/flecha-breadcrumbs\/","datePublished":"2021-07-16T14:30:38+00:00","dateModified":"2022-08-10T15:43:20+00:00","breadcrumb":{"@id":"https:\/\/itsasmuseoa.eus\/fr\/des-expositions\/expositions-pasees\/#breadcrumb"},"inLanguage":"fr-FR","potentialAction":[{"@type":"ReadAction","target":["https:\/\/itsasmuseoa.eus\/fr\/des-expositions\/expositions-pasees\/"]}]},{"@type":"ImageObject","inLanguage":"fr-FR","@id":"https:\/\/itsasmuseoa.eus\/fr\/des-expositions\/expositions-pasees\/#primaryimage","url":"https:\/\/itsasmuseoa.eus\/flecha-breadcrumbs\/","contentUrl":"https:\/\/itsasmuseoa.eus\/flecha-breadcrumbs\/"},{"@type":"BreadcrumbList","@id":"https:\/\/itsasmuseoa.eus\/fr\/des-expositions\/expositions-pasees\/#breadcrumb","itemListElement":[{"@type":"ListItem","position":1,"name":"Inicio","item":"https:\/\/itsasmuseoa.eus\/fr\/"},{"@type":"ListItem","position":2,"name":"Des expositions","item":"https:\/\/itsasmuseoa.eus\/fr\/des-expositions\/"},{"@type":"ListItem","position":3,"name":"Expositions Pas\u00e9es"}]},{"@type":"WebSite","@id":"https:\/\/itsasmuseoa.eus\/fr\/#website","url":"https:\/\/itsasmuseoa.eus\/fr\/","name":"Euskal Itsas Museoa","description":"Museo Mar\u00edtimo Vasco","potentialAction":[{"@type":"SearchAction","target":{"@type":"EntryPoint","urlTemplate":"https:\/\/itsasmuseoa.eus\/fr\/?s={search_term_string}"},"query-input":{"@type":"PropertyValueSpecification","valueRequired":true,"valueName":"search_term_string"}}],"inLanguage":"fr-FR"}]}},"_links":{"self":[{"href":"https:\/\/itsasmuseoa.eus\/fr\/wp-json\/wp\/v2\/pages\/5458","targetHints":{"allow":["GET"]}}],"collection":[{"href":"https:\/\/itsasmuseoa.eus\/fr\/wp-json\/wp\/v2\/pages"}],"about":[{"href":"https:\/\/itsasmuseoa.eus\/fr\/wp-json\/wp\/v2\/types\/page"}],"author":[{"embeddable":true,"href":"https:\/\/itsasmuseoa.eus\/fr\/wp-json\/wp\/v2\/users\/1"}],"replies":[{"embeddable":true,"href":"https:\/\/itsasmuseoa.eus\/fr\/wp-json\/wp\/v2\/comments?post=5458"}],"version-history":[{"count":0,"href":"https:\/\/itsasmuseoa.eus\/fr\/wp-json\/wp\/v2\/pages\/5458\/revisions"}],"up":[{"embeddable":true,"href":"https:\/\/itsasmuseoa.eus\/fr\/wp-json\/wp\/v2\/pages\/5449"}],"wp:attachment":[{"href":"https:\/\/itsasmuseoa.eus\/fr\/wp-json\/wp\/v2\/media?parent=5458"}],"wp:term":[{"taxonomy":"category","embeddable":true,"href":"https:\/\/itsasmuseoa.eus\/fr\/wp-json\/wp\/v2\/categories?post=5458"},{"taxonomy":"post_tag","embeddable":true,"href":"https:\/\/itsasmuseoa.eus\/fr\/wp-json\/wp\/v2\/tags?post=5458"}],"curies":[{"name":"wp","href":"https:\/\/api.w.org\/{rel}","templated":true}]}}