{"id":5471,"date":"2021-07-16T16:46:53","date_gmt":"2021-07-16T14:46:53","guid":{"rendered":"https:\/\/itsasmuseoa.eus\/presse\/"},"modified":"2022-02-03T18:36:18","modified_gmt":"2022-02-03T17:36:18","slug":"presse","status":"publish","type":"page","link":"https:\/\/itsasmuseoa.eus\/fr\/presse\/","title":{"rendered":"Presse"},"content":{"rendered":"\n\n\t<a href=\"https:\/\/itsasmuseoa.eus\/fr\/\">Inicio<\/a> <img decoding=\"async\" src=\"https:\/\/itsasmuseoa.eus\/flecha-breadcrumbs\/\" alt=\"icono flecha\" \/> Presse\n\t\t\t\t\t\t\t<img decoding=\"async\" src=\"https:\/\/itsasmuseoa.eus\/wp-content\/uploads\/2021\/06\/logo-itsas-museoa-bw.png\" alt=\"logo de itsas museoa en blanco y negro\" \/>\n\t\t\n\t\t\t<strong> Manuel d&#8217;entreprise\u00a0: <\/strong>\nLogo Itsas museoa et ses applications en PDF.\t\t\n\t\t\t<a href=\"https:\/\/itsasmuseoa.eus\/wp-content\/uploads\/2021\/07\/EIM-Manual-Corporativo.pdf\" target=\"_blank\" role=\"button\" rel=\"noopener\">\n\t\t\t\t\t\t\tT\u00e9l\u00e9charger\n\t\t\t\t\t<\/a>\n\t\t\t<a href=\"https:\/\/itsasmuseoa.eus\/wp-content\/uploads\/2021\/07\/EIM-Manual-Corporativo.pdf\" target=\"_blank\" role=\"button\" rel=\"noopener\">\n\t\t\t\t\t\t\tT\u00e9l\u00e9charger\n\t\t\t\t\t<\/a>\n\t\t\t\t\t\t\t<img decoding=\"async\" src=\"https:\/\/itsasmuseoa.eus\/wp-content\/uploads\/\/icono-telefono-dudas.svg\" alt=\"icono de tel\u00e9fono para dudas\" \/>\n\t\t\n\t\t\t<strong>Contact:<\/strong>\n<a href=\"tel:943430051\">943 43 00 51<\/a>\n<a href=\"mailto:komunikazioa@itsasmuseoa.eus\">komunikazioa@itsasmuseoa.eus<\/a>\t\t\n\t\t\t01\/02\/2022 &#8211; EXPOSITION\n\t\t\t\t\t<h4>TROMELIN. L&#8217;ile des esclaves oubli\u00e9s<\/h4>\n\t\t\t\t\tL&#8217;exposition retrace l&#8217;histoire des \u00ab oubli\u00e9s de l&#8217;\u00eele Tromelin \u00bb apr\u00e8s l&#8217;enqu\u00eate arch\u00e9ologique men\u00e9e sur l&#8217;\u00eele.\t\t\t\t\n\t\t\t\t\t\t\t<img decoding=\"async\" src=\"https:\/\/itsasmuseoa.eus\/wp-content\/uploads\/2022\/01\/Banner_WEB_1-3.jpg\" alt=\"Banner_WEB_1 (3)\" \/>\n\t<a href=\"https:\/\/itsasmuseoa.eus\/wp-content\/uploads\/2021\/06\/22_NP_EXPO-TROMELIN_FR.pdf\" target=\"_self\" role=\"button\" download=\"22_NP_EXPO-TROMELIN_FR.pdf\" aria-label=\"T\u00e9l\u00e9charger communiqu\u00e9 de presse\" rel=\"noopener\">\n\t\t\t\t\t\tT\u00e9l\u00e9charger communiqu\u00e9 de presse\n\t\t\t\t\t<\/a>\n\t<a href=\"https:\/\/itsasmuseoa.eus\/wp-content\/uploads\/2021\/06\/FR_EUS_Dossier-Prensa_TROMELIN.pdf\" target=\"_self\" role=\"button\" download=\"FR_EUS_Dossier-Prensa_TROMELIN.pdf\" aria-label=\"T\u00e9l\u00e9charger dossier de presse\" rel=\"noopener\">\n\t\t\t\t\t\tT\u00e9l\u00e9charger dossier de presse\n\t\t\t\t\t<\/a>\n\t<a href=\"https:\/\/itsasmuseoa.eus\/wp-content\/uploads\/2021\/06\/TROMELIN.zip\" target=\"_self\" role=\"button\" download=\"TROMELIN.zip\" aria-label=\"Images ou un dossier au format .zip\" rel=\"noopener\">\n\t\t\t\t\t\tImages ou un dossier au format .zip\n\t\t\t\t\t<\/a>\n\t\t\t31\/12\/2021 &#8211; EXPOSICI\u00d3N\n\t\t\t\t\t<h4>FIN EXPOSICI\u00d3N 24H<\/h4>\n\t\t\t\t\t<p>Cerca de 10.000 personas visitaron la exposici\u00f3n <i>24H. Un d\u00eda en la Victoria<\/i> del Euskal Itsas Museoa en el 2021<\/p>\t\t\t\t\n\t\t\t\t\t\t\t<img decoding=\"async\" src=\"https:\/\/itsasmuseoa.eus\/wp-content\/uploads\/2021\/12\/24H_Exposicion-scaled.jpg\" alt=\"24H_Exposici\u00f3n\" \/>\n\t<a href=\"https:\/\/itsasmuseoa.eus\/wp-content\/uploads\/2021\/06\/NP_Diciembre_FINEXPO_EIM.pdf\" target=\"_self\" role=\"button\" download=\"NP_Diciembre_FINEXPO_EIM.pdf\" aria-label=\"T\u00e9l\u00e9charger communiqu\u00e9 de presse\" rel=\"noopener\">\n\t\t\t\t\t\tT\u00e9l\u00e9charger communiqu\u00e9 de presse\n\t\t\t\t\t<\/a>\n\t<a href=\"https:\/\/itsasmuseoa.eus\/wp-content\/uploads\/2021\/06\/NP_Diciembre_FINEXPO_EIM.pdf\" target=\"_self\" role=\"button\" download=\"NP_Diciembre_FINEXPO_EIM.pdf\" aria-label=\"T\u00e9l\u00e9charger communiqu\u00e9 de presse\" rel=\"noopener\">\n\t\t\t\t\t\tT\u00e9l\u00e9charger communiqu\u00e9 de presse\n\t\t\t\t\t<\/a>\n\t\t\t01\/10\/2021 &#8211; INICIATIVA\n\t\t\t\t\t<h4>JORNADAS EUROPEAS DEL PATRIMONIO<\/h4>\n\t\t\t\t\t<p>Enmarcado dentro de las <strong>Jornadas Europeas del Patrimonio 2021<\/strong>, el museo propone varias actividades creadas y dirigidas por del artista Joseba Mercader.<\/p>\t\t\t\t\n\t\t\t\t\t\t\t<img decoding=\"async\" src=\"https:\/\/itsasmuseoa.eus\/wp-content\/uploads\/2021\/10\/Banner_WEB-13.jpg\" alt=\"Banner_WEB (13)\" \/>\n\t<a href=\"https:\/\/itsasmuseoa.eus\/wp-content\/uploads\/2021\/06\/21_JEP_EIM_NP.pdf\" target=\"_self\" role=\"button\" download=\"21_JEP_EIM_NP.pdf\" aria-label=\"T\u00e9l\u00e9charger communiqu\u00e9 de presse\" rel=\"noopener\">\n\t\t\t\t\t\tT\u00e9l\u00e9charger communiqu\u00e9 de presse\n\t\t\t\t\t<\/a>\n\t<a href=\"https:\/\/itsasmuseoa.eus\/wp-content\/uploads\/2021\/06\/drive-download-20211027T123346Z-001.zip\" target=\"_self\" role=\"button\" download=\"drive-download-20211027T123346Z-001.zip\" aria-label=\"Images ou un dossier au format .zip\" rel=\"noopener\">\n\t\t\t\t\t\tImages ou un dossier au format .zip\n\t\t\t\t\t<\/a>\n\t\t\t01\/10\/2021 &#8211; EXPOSICI\u00d3N\n\t\t\t\t\t<h4>RUMBO A LA ESENCIA<\/h4>\n\t\t\t\t\t<p>La exposici\u00f3n muestra el trabajo de creaci\u00f3n del \u00faltimo c\u00f3mic del artista donostiarra Josean Olabe de principio a fin.\u00a0<\/p>\t\t\t\t\n\t\t\t\t\t\t\t<img decoding=\"async\" src=\"https:\/\/itsasmuseoa.eus\/wp-content\/uploads\/2021\/09\/BannerWEB.jpg\" alt=\"BannerWEB\" \/>\n\t<a href=\"https:\/\/itsasmuseoa.eus\/wp-content\/uploads\/2021\/06\/21_NP_Exposicion_RumboaLaEsencia.pdf\" target=\"_self\" role=\"button\" download=\"21_NP_Exposicion_RumboaLaEsencia.pdf\" aria-label=\"T\u00e9l\u00e9charger communiqu\u00e9 de presse\" rel=\"noopener\">\n\t\t\t\t\t\tT\u00e9l\u00e9charger communiqu\u00e9 de presse\n\t\t\t\t\t<\/a>\n\t<a href=\"https:\/\/itsasmuseoa.eus\/wp-content\/uploads\/2021\/06\/21_NP_Exposicion_RumboaLaEsencia.pdf\" target=\"_self\" role=\"button\" download=\"21_NP_Exposicion_RumboaLaEsencia.pdf\" aria-label=\"T\u00e9l\u00e9charger communiqu\u00e9 de presse\" rel=\"noopener\">\n\t\t\t\t\t\tT\u00e9l\u00e9charger communiqu\u00e9 de presse\n\t\t\t\t\t<\/a>\n\t\t\t16\/09\/2021 &#8211; PROGRAMACI\u00d3N EXPOSICI\u00d3N\n\t\t\t\t\t<h4>#EMBARCACON&#8230;<\/h4>\n\t\t\t\t\t<p>El Euskal Itsas Museoa presenta este oto\u00f1o eventos para experimentar en primera persona un d\u00eda a bordo durante la Primera Vuelta al Mundo.<\/p>\t\t\t\t\n\t\t\t\t\t\t\t<img decoding=\"async\" src=\"https:\/\/itsasmuseoa.eus\/wp-content\/uploads\/2021\/09\/Embarca-con...-Ontziratu-zaitez.jpg\" alt=\"Embarca con... Ontziratu zaitez\" \/>\n\t<a href=\"https:\/\/itsasmuseoa.eus\/wp-content\/uploads\/2021\/06\/21_NP_Udazkena_programazioa.pdf\" target=\"_self\" role=\"button\" download=\"21_NP_Udazkena_programazioa.pdf\" aria-label=\"T\u00e9l\u00e9charger communiqu\u00e9 de presse\" rel=\"noopener\">\n\t\t\t\t\t\tT\u00e9l\u00e9charger communiqu\u00e9 de presse\n\t\t\t\t\t<\/a>\n\t<a href=\"https:\/\/itsasmuseoa.eus\/wp-content\/uploads\/2021\/09\/Embarca-con...-Ontziratu-zaitez.jpg\" target=\"_self\" role=\"button\" download=\"Embarca-con...-Ontziratu-zaitez.jpg\" aria-label=\"Images ou un dossier au format .zip\" rel=\"noopener\">\n\t\t\t\t\t\tImages ou un dossier au format .zip\n\t\t\t\t\t<\/a>\n\t\t\t01\/09\/2021 &#8211; INICIATIVA\n\t\t\t\t\t<h4>#KONTXA100<\/h4>\n\t\t\t\t\t<p>\u00a0El\u00a0<strong>Aquarium y el Euskal Itsas Museoa<\/strong>\u00a0presentan la<strong>\u00a05\u00aa edici\u00f3n<\/strong>\u00a0del proyecto\u00a0<strong>#KONTXA100<\/strong> para narrar lo acontecido en las Regatas de la Concha de hace un siglo.<\/p>\t\t\t\t\n\t\t\t\t\t\t\t<img decoding=\"async\" src=\"https:\/\/itsasmuseoa.eus\/wp-content\/uploads\/2021\/08\/agenda-arraun-asteko-bertso-saioa-2021-1.jpg\" alt=\"Arraun astea - Euskal Itsas Museoa - Bertso saioa\" \/>\n\t<a href=\"https:\/\/itsasmuseoa.eus\/wp-content\/uploads\/2021\/07\/prensa-24-horas-Nao.pdf\" target=\"_self\" role=\"button\" download=\"prensa-24-horas-Nao.pdf\" aria-label=\"Communiqu\u00e9 de presse\" rel=\"noopener\">\n\t\t\t\t\t\tCommuniqu\u00e9 de presse\n\t\t\t\t\t<\/a>\n\t<a href=\"#\" target=\"_self\" role=\"button\" download=\"#.\" aria-label=\"Images ou un dossier au format .zip\" rel=\"noopener\">\n\t\t\t\t\t\tImages ou un dossier au format .zip\n\t\t\t\t\t<\/a>\n\t\t\t25\/06\/2021 &#8211; EXPOSICI\u00d3N TEMPORAL\n\t\t\t\t\t<h4>24H. Un d\u00eda en La Victoria<\/h4>\n\t\t\t\t\t<p>El Euskal Itsas Museoa presenta la exposici\u00f3n &#8220;24H. Un d\u00eda en la Victoria&#8221; que invita a vivir un d\u00eda y una noche en la nao que di\u00f3 la Primera Vuelta al Mundo&#8221;.<\/p>\t\t\t\t\n\t\t\t\t\t\t\t<img decoding=\"async\" src=\"https:\/\/itsasmuseoa.eus\/wp-content\/uploads\/2021\/07\/24h-en-la-victoria-intro.jpg\" alt=\"Cartel ilustrativo de la Exposici\u00f3n Un d\u00eda en La Victoria\" \/>\n\t<a href=\"https:\/\/itsasmuseoa.eus\/wp-content\/uploads\/2021\/07\/prensa-24-horas-Nao.pdf\" target=\"_self\" role=\"button\" download=\"prensa-24-horas-Nao.pdf\" aria-label=\"T\u00e9l\u00e9charger communiqu\u00e9 de presse\" rel=\"noopener\">\n\t\t\t\t\t\tT\u00e9l\u00e9charger communiqu\u00e9 de presse\n\t\t\t\t\t<\/a>\n\t<a href=\"https:\/\/itsasmuseoa.eus\/wp-content\/uploads\/2021\/07\/Leopoldina-Rosa-prensa.zip\" target=\"_self\" role=\"button\" download=\"Leopoldina-Rosa-prensa.zip\" aria-label=\"Images ou un dossier au format .zip\" rel=\"noopener\">\n\t\t\t\t\t\tImages ou un dossier au format .zip\n\t\t\t\t\t<\/a>\n\t\t\t26 mai 2021 &#8211; ACTIVIT\u00c9\n\t\t\t\t\t<h4>Bertsoak museoan!<\/h4>\n\t\t\t\t\tSamedi, l&#8217;Euskal Itsas Museoa tiendra une session sp\u00e9ciale de bertsos sur la migration avec Jon Maia et Amets Arzallus.\t\t\t\t\n\t\t\t\t\t\t\t<img decoding=\"async\" src=\"https:\/\/itsasmuseoa.eus\/wp-content\/uploads\/2021\/07\/prensa-bertsoak-museoan.jpg\" alt=\"Nota de prensa - Bertsoak Museoan\" \/>\n\t<a href=\"https:\/\/itsasmuseoa.eus\/wp-content\/uploads\/2021\/07\/bertso-saioa-nota-de-prensa.pdf\" target=\"_self\" role=\"button\" download=\"bertso-saioa-nota-de-prensa.pdf\" aria-label=\"Communiqu\u00e9 de presse\" rel=\"noopener\">\n\t\t\t\t\t\tCommuniqu\u00e9 de presse\n\t\t\t\t\t<\/a>\n\t<a href=\"https:\/\/itsasmuseoa.eus\/wp-content\/uploads\/2021\/07\/Bertsoak-Museoan-Prensa.zip\" target=\"_self\" role=\"button\" download=\"Bertsoak-Museoan-Prensa.zip\" aria-label=\"Images ou un dossier au format .zip\" rel=\"noopener\">\n\t\t\t\t\t\tImages ou un dossier au format .zip\n\t\t\t\t\t<\/a>\n\t\t\t30 avril 2021 &#8211; INICIATIVE\n\t\t\t\t\t<h4>El mar que compartimos<\/h4>\n\t\t\t\t\tEuskal Itsas Museoa explore le ph\u00e9nom\u00e8ne de la migration actuelle et historique dans une initiative en ligne avec la journaliste Ane Irazabal.\t\t\t\t\n\t\t\t\t\t\t\t<img decoding=\"async\" src=\"https:\/\/itsasmuseoa.eus\/wp-content\/uploads\/2021\/07\/prensa-el-mar-que-compartimos.jpg\" alt=\"Nota de Prensa - El mar que compartimos\" \/>\n\t<a href=\"https:\/\/itsasmuseoa.eus\/wp-content\/uploads\/2021\/07\/prensa-el-mar-que-compartimos.pdf\" target=\"_self\" role=\"button\" download=\"prensa-el-mar-que-compartimos.pdf\" aria-label=\"Communiqu\u00e9 de presse\" rel=\"noopener\">\n\t\t\t\t\t\tCommuniqu\u00e9 de presse\n\t\t\t\t\t<\/a>\n\t<a href=\"https:\/\/itsasmuseoa.eus\/wp-content\/uploads\/pdf\/El-Mar-Que-Compartimos-prensa.zip\" target=\"_self\" role=\"button\" download=\"El-Mar-Que-Compartimos-prensa.zip\" aria-label=\"Images ou un dossier au format .zip\" rel=\"noopener\">\n\t\t\t\t\t\tImages ou un dossier au format .zip\n\t\t\t\t\t<\/a>\n\t\t\t3 f\u00e9vrier 2021 &#8211; EXPOSITION TEMPORELLE\n\t\t\t\t\t<h4>&#8220;Leopoldina Rosa : une histoire d&#8217;aujourd&#8217;hui&#8221; et &#8220;L&#8217;Odyss\u00e9e avec Leo et Dina&#8221;<\/h4>\n\t\t\t\t\tEuskal Itsas Museoa pr\u00e9sente \u00ab Leopoldina Rosa : une histoire d&#8217;aujourd&#8217;hui \u00bb, une r\u00e9flexion sur le pass\u00e9 et le pr\u00e9sent de la migration.\t\t\t\t\n\t\t\t\t\t\t\t<img decoding=\"async\" src=\"https:\/\/itsasmuseoa.eus\/wp-content\/uploads\/2021\/07\/prensa-leopoldina-rosa.jpg\" alt=\"Nota de Prensa - Leopoldina Rosa\" \/>\n\t<a href=\"https:\/\/itsasmuseoa.eus\/wp-content\/uploads\/2021\/07\/Leopoldina-nota-de-prensa.pdf\" target=\"_self\" role=\"button\" download=\"Leopoldina-nota-de-prensa.pdf\" aria-label=\"Communiqu\u00e9 de presse\" rel=\"noopener\">\n\t\t\t\t\t\tCommuniqu\u00e9 de presse\n\t\t\t\t\t<\/a>\n\t<a href=\"https:\/\/itsasmuseoa.eus\/wp-content\/uploads\/2021\/07\/Leopoldina-Rosa-prensa.zip\" target=\"_self\" role=\"button\" download=\"Leopoldina-Rosa-prensa.zip\" aria-label=\"Images ou un dossier au format .zip\" rel=\"noopener\">\n\t\t\t\t\t\tImages ou un dossier au format .zip\n\t\t\t\t\t<\/a>\n\n","protected":false},"excerpt":{"rendered":"<p>Inicio Presse Manuel d&#8217;entreprise\u00a0: Logo Itsas museoa et ses applications en PDF. T\u00e9l\u00e9charger T\u00e9l\u00e9charger Contact: 943 43 00 51 komunikazioa@itsasmuseoa.eus 01\/02\/2022 &#8211; EXPOSITION TROMELIN. L&#8217;ile des esclaves oubli\u00e9s L&#8217;exposition retrace l&#8217;histoire des \u00ab oubli\u00e9s de l&#8217;\u00eele Tromelin \u00bb apr\u00e8s l&#8217;enqu\u00eate arch\u00e9ologique men\u00e9e sur l&#8217;\u00eele. T\u00e9l\u00e9charger communiqu\u00e9 de presse T\u00e9l\u00e9charger dossier de presse Images ou un&hellip;<\/p>\n","protected":false},"author":1,"featured_media":0,"parent":0,"menu_order":0,"comment_status":"closed","ping_status":"closed","template":"","meta":{"_acf_changed":false,"footnotes":""},"categories":[124],"tags":[],"class_list":["post-5471","page","type-page","status-publish","hentry","category-pages"],"acf":[],"yoast_head":"<!-- This site is optimized with the Yoast SEO plugin v27.4 - https:\/\/yoast.com\/product\/yoast-seo-wordpress\/ -->\n<title>Presse - Euskal Itsas Museoa<\/title>\n<meta name=\"robots\" content=\"index, follow, max-snippet:-1, max-image-preview:large, max-video-preview:-1\" \/>\n<link rel=\"canonical\" href=\"https:\/\/itsasmuseoa.eus\/fr\/presse\/\" \/>\n<meta property=\"og:locale\" content=\"fr_FR\" \/>\n<meta property=\"og:type\" content=\"article\" \/>\n<meta property=\"og:title\" content=\"Presse - Euskal Itsas Museoa\" \/>\n<meta property=\"og:description\" content=\"Inicio Presse Manuel d&#8217;entreprise\u00a0: Logo Itsas museoa et ses applications en PDF. T\u00e9l\u00e9charger T\u00e9l\u00e9charger Contact: 943 43 00 51 komunikazioa@itsasmuseoa.eus 01\/02\/2022 &#8211; EXPOSITION TROMELIN. L&#8217;ile des esclaves oubli\u00e9s L&#8217;exposition retrace l&#8217;histoire des \u00ab oubli\u00e9s de l&#8217;\u00eele Tromelin \u00bb apr\u00e8s l&#8217;enqu\u00eate arch\u00e9ologique men\u00e9e sur l&#8217;\u00eele. T\u00e9l\u00e9charger communiqu\u00e9 de presse T\u00e9l\u00e9charger dossier de presse Images ou un&hellip;\" \/>\n<meta property=\"og:url\" content=\"https:\/\/itsasmuseoa.eus\/fr\/presse\/\" \/>\n<meta property=\"og:site_name\" content=\"Euskal Itsas Museoa\" \/>\n<meta property=\"article:modified_time\" content=\"2022-02-03T17:36:18+00:00\" \/>\n<meta property=\"og:image\" content=\"https:\/\/itsasmuseoa.eus\/flecha-breadcrumbs\/\" \/>\n<meta name=\"twitter:card\" content=\"summary_large_image\" \/>\n<meta name=\"twitter:label1\" content=\"Dur\u00e9e de lecture estim\u00e9e\" \/>\n\t<meta name=\"twitter:data1\" content=\"2 minutes\" \/>\n<script type=\"application\/ld+json\" class=\"yoast-schema-graph\">{\"@context\":\"https:\\\/\\\/schema.org\",\"@graph\":[{\"@type\":\"WebPage\",\"@id\":\"https:\\\/\\\/itsasmuseoa.eus\\\/fr\\\/presse\\\/\",\"url\":\"https:\\\/\\\/itsasmuseoa.eus\\\/fr\\\/presse\\\/\",\"name\":\"Presse - Euskal Itsas Museoa\",\"isPartOf\":{\"@id\":\"https:\\\/\\\/itsasmuseoa.eus\\\/fr\\\/#website\"},\"primaryImageOfPage\":{\"@id\":\"https:\\\/\\\/itsasmuseoa.eus\\\/fr\\\/presse\\\/#primaryimage\"},\"image\":{\"@id\":\"https:\\\/\\\/itsasmuseoa.eus\\\/fr\\\/presse\\\/#primaryimage\"},\"thumbnailUrl\":\"https:\\\/\\\/itsasmuseoa.eus\\\/flecha-breadcrumbs\\\/\",\"datePublished\":\"2021-07-16T14:46:53+00:00\",\"dateModified\":\"2022-02-03T17:36:18+00:00\",\"breadcrumb\":{\"@id\":\"https:\\\/\\\/itsasmuseoa.eus\\\/fr\\\/presse\\\/#breadcrumb\"},\"inLanguage\":\"fr-FR\",\"potentialAction\":[{\"@type\":\"ReadAction\",\"target\":[\"https:\\\/\\\/itsasmuseoa.eus\\\/fr\\\/presse\\\/\"]}]},{\"@type\":\"ImageObject\",\"inLanguage\":\"fr-FR\",\"@id\":\"https:\\\/\\\/itsasmuseoa.eus\\\/fr\\\/presse\\\/#primaryimage\",\"url\":\"https:\\\/\\\/itsasmuseoa.eus\\\/flecha-breadcrumbs\\\/\",\"contentUrl\":\"https:\\\/\\\/itsasmuseoa.eus\\\/flecha-breadcrumbs\\\/\"},{\"@type\":\"BreadcrumbList\",\"@id\":\"https:\\\/\\\/itsasmuseoa.eus\\\/fr\\\/presse\\\/#breadcrumb\",\"itemListElement\":[{\"@type\":\"ListItem\",\"position\":1,\"name\":\"Inicio\",\"item\":\"https:\\\/\\\/itsasmuseoa.eus\\\/fr\\\/\"},{\"@type\":\"ListItem\",\"position\":2,\"name\":\"Presse\"}]},{\"@type\":\"WebSite\",\"@id\":\"https:\\\/\\\/itsasmuseoa.eus\\\/fr\\\/#website\",\"url\":\"https:\\\/\\\/itsasmuseoa.eus\\\/fr\\\/\",\"name\":\"Euskal Itsas Museoa\",\"description\":\"Museo Mar\u00edtimo Vasco\",\"potentialAction\":[{\"@type\":\"SearchAction\",\"target\":{\"@type\":\"EntryPoint\",\"urlTemplate\":\"https:\\\/\\\/itsasmuseoa.eus\\\/fr\\\/?s={search_term_string}\"},\"query-input\":{\"@type\":\"PropertyValueSpecification\",\"valueRequired\":true,\"valueName\":\"search_term_string\"}}],\"inLanguage\":\"fr-FR\"}]}<\/script>\n<!-- \/ Yoast SEO plugin. -->","yoast_head_json":{"title":"Presse - Euskal Itsas Museoa","robots":{"index":"index","follow":"follow","max-snippet":"max-snippet:-1","max-image-preview":"max-image-preview:large","max-video-preview":"max-video-preview:-1"},"canonical":"https:\/\/itsasmuseoa.eus\/fr\/presse\/","og_locale":"fr_FR","og_type":"article","og_title":"Presse - Euskal Itsas Museoa","og_description":"Inicio Presse Manuel d&#8217;entreprise\u00a0: Logo Itsas museoa et ses applications en PDF. T\u00e9l\u00e9charger T\u00e9l\u00e9charger Contact: 943 43 00 51 komunikazioa@itsasmuseoa.eus 01\/02\/2022 &#8211; EXPOSITION TROMELIN. L&#8217;ile des esclaves oubli\u00e9s L&#8217;exposition retrace l&#8217;histoire des \u00ab oubli\u00e9s de l&#8217;\u00eele Tromelin \u00bb apr\u00e8s l&#8217;enqu\u00eate arch\u00e9ologique men\u00e9e sur l&#8217;\u00eele. T\u00e9l\u00e9charger communiqu\u00e9 de presse T\u00e9l\u00e9charger dossier de presse Images ou un&hellip;","og_url":"https:\/\/itsasmuseoa.eus\/fr\/presse\/","og_site_name":"Euskal Itsas Museoa","article_modified_time":"2022-02-03T17:36:18+00:00","og_image":[{"url":"https:\/\/itsasmuseoa.eus\/flecha-breadcrumbs\/","type":"","width":"","height":""}],"twitter_card":"summary_large_image","twitter_misc":{"Dur\u00e9e de lecture estim\u00e9e":"2 minutes"},"schema":{"@context":"https:\/\/schema.org","@graph":[{"@type":"WebPage","@id":"https:\/\/itsasmuseoa.eus\/fr\/presse\/","url":"https:\/\/itsasmuseoa.eus\/fr\/presse\/","name":"Presse - Euskal Itsas Museoa","isPartOf":{"@id":"https:\/\/itsasmuseoa.eus\/fr\/#website"},"primaryImageOfPage":{"@id":"https:\/\/itsasmuseoa.eus\/fr\/presse\/#primaryimage"},"image":{"@id":"https:\/\/itsasmuseoa.eus\/fr\/presse\/#primaryimage"},"thumbnailUrl":"https:\/\/itsasmuseoa.eus\/flecha-breadcrumbs\/","datePublished":"2021-07-16T14:46:53+00:00","dateModified":"2022-02-03T17:36:18+00:00","breadcrumb":{"@id":"https:\/\/itsasmuseoa.eus\/fr\/presse\/#breadcrumb"},"inLanguage":"fr-FR","potentialAction":[{"@type":"ReadAction","target":["https:\/\/itsasmuseoa.eus\/fr\/presse\/"]}]},{"@type":"ImageObject","inLanguage":"fr-FR","@id":"https:\/\/itsasmuseoa.eus\/fr\/presse\/#primaryimage","url":"https:\/\/itsasmuseoa.eus\/flecha-breadcrumbs\/","contentUrl":"https:\/\/itsasmuseoa.eus\/flecha-breadcrumbs\/"},{"@type":"BreadcrumbList","@id":"https:\/\/itsasmuseoa.eus\/fr\/presse\/#breadcrumb","itemListElement":[{"@type":"ListItem","position":1,"name":"Inicio","item":"https:\/\/itsasmuseoa.eus\/fr\/"},{"@type":"ListItem","position":2,"name":"Presse"}]},{"@type":"WebSite","@id":"https:\/\/itsasmuseoa.eus\/fr\/#website","url":"https:\/\/itsasmuseoa.eus\/fr\/","name":"Euskal Itsas Museoa","description":"Museo Mar\u00edtimo Vasco","potentialAction":[{"@type":"SearchAction","target":{"@type":"EntryPoint","urlTemplate":"https:\/\/itsasmuseoa.eus\/fr\/?s={search_term_string}"},"query-input":{"@type":"PropertyValueSpecification","valueRequired":true,"valueName":"search_term_string"}}],"inLanguage":"fr-FR"}]}},"_links":{"self":[{"href":"https:\/\/itsasmuseoa.eus\/fr\/wp-json\/wp\/v2\/pages\/5471","targetHints":{"allow":["GET"]}}],"collection":[{"href":"https:\/\/itsasmuseoa.eus\/fr\/wp-json\/wp\/v2\/pages"}],"about":[{"href":"https:\/\/itsasmuseoa.eus\/fr\/wp-json\/wp\/v2\/types\/page"}],"author":[{"embeddable":true,"href":"https:\/\/itsasmuseoa.eus\/fr\/wp-json\/wp\/v2\/users\/1"}],"replies":[{"embeddable":true,"href":"https:\/\/itsasmuseoa.eus\/fr\/wp-json\/wp\/v2\/comments?post=5471"}],"version-history":[{"count":0,"href":"https:\/\/itsasmuseoa.eus\/fr\/wp-json\/wp\/v2\/pages\/5471\/revisions"}],"wp:attachment":[{"href":"https:\/\/itsasmuseoa.eus\/fr\/wp-json\/wp\/v2\/media?parent=5471"}],"wp:term":[{"taxonomy":"category","embeddable":true,"href":"https:\/\/itsasmuseoa.eus\/fr\/wp-json\/wp\/v2\/categories?post=5471"},{"taxonomy":"post_tag","embeddable":true,"href":"https:\/\/itsasmuseoa.eus\/fr\/wp-json\/wp\/v2\/tags?post=5471"}],"curies":[{"name":"wp","href":"https:\/\/api.w.org\/{rel}","templated":true}]}}