{"id":5489,"date":"2021-07-16T16:57:19","date_gmt":"2021-07-16T14:57:19","guid":{"rendered":"https:\/\/itsasmuseoa.eus\/ta-visite\/expressement-pour-vous\/famille\/"},"modified":"2026-04-08T15:54:20","modified_gmt":"2026-04-08T13:54:20","slug":"famille","status":"publish","type":"page","link":"https:\/\/itsasmuseoa.eus\/fr\/ta-visite\/expressement-pour-vous\/famille\/","title":{"rendered":"Famille"},"content":{"rendered":"\n\n\t<nav id=\"breadcrumbs\" aria-label=\"Breadcrumbs\"><a href=\"https:\/\/itsasmuseoa.eus\/fr\/\">Inicio<\/a> <img decoding=\"async\" src=\"https:\/\/itsasmuseoa.eus\/flecha-breadcrumbs\/\" alt=\"icono flecha\" \/> <a href=\"https:\/\/itsasmuseoa.eus\/fr\/ta-visite\/\">Votre visite<\/a> <img decoding=\"async\" src=\"https:\/\/itsasmuseoa.eus\/flecha-breadcrumbs\/\" alt=\"icono flecha\" \/> <a href=\"https:\/\/itsasmuseoa.eus\/fr\/ta-visite\/expressement-pour-vous\/\">Express\u00e9ment pour vous<\/a> <img decoding=\"async\" src=\"https:\/\/itsasmuseoa.eus\/flecha-breadcrumbs\/\" alt=\"icono flecha\" \/> Famille<\/nav><h1>\n\t\t\tVivre le mus\u00e9e en famille!\t<\/h1>\n\t<p>Nous vous proposons des recours et des activit\u00e9s pour rapprocher le patrimoine maritime aux jeunes et aux adultes. Un mus\u00e9e pour toutes et tous!<\/p>\n<p>Voici nos propositions pour visiter le mus\u00e9e et le port de la ville en famille:<\/p>\n\t\t\t\t\t\t\t\t<a href=\"https:\/\/itsasmuseoa.eus\/tu-visita\/expresamente-para-ti\/familia\/familias-visitas-comentadas-a-exposiciones\/\" target=\"_self\" itemprop=\"url\">\n\t\t\t\t\t\t\t\t\t<img decoding=\"async\" src=\"https:\/\/itsasmuseoa.eus\/wp-content\/uploads\/2021\/06\/familia-visita-exposicion.jpg\" alt=\"Imagen de un dinamizador con varias familias en el museo\" itemprop=\"image\" height=\"536\" width=\"812\" srcset=\"https:\/\/itsasmuseoa.eus\/wp-content\/uploads\/2021\/06\/familia-visita-exposicion.jpg 812w, https:\/\/itsasmuseoa.eus\/wp-content\/uploads\/2021\/06\/familia-visita-exposicion-600x396.jpg 600w, https:\/\/itsasmuseoa.eus\/wp-content\/uploads\/2021\/06\/familia-visita-exposicion-300x198.jpg 300w, https:\/\/itsasmuseoa.eus\/wp-content\/uploads\/2021\/06\/familia-visita-exposicion-768x507.jpg 768w\" sizes=\"(max-width: 812px) 100vw, 812px\" title=\"familia-visita-exposicion\" onerror=\"this.style.display='none'\"  \/>\n\t\t\t\t\t\t\t\t\t\t\t\t\t<\/a>\n\t\t\t<a href=\"https:\/\/itsasmuseoa.eus\/fr\/ta-visite\/expressement-pour-vous\/famille\/visite-guidee-de-lexposition\/\" target=\"_self\">\n\t\t\t\t\t\t\tVisite l&#8217;exposition\n\t\t\t\t\t<\/a>\n\t\t\t\t\t\t\t\t<a href=\"https:\/\/itsasmuseoa.eus\/tu-visita\/visita-al-puerto\/\" target=\"_self\" itemprop=\"url\">\n\t\t\t\t\t\t\t\t\t<img decoding=\"async\" src=\"https:\/\/itsasmuseoa.eus\/wp-content\/uploads\/2026\/04\/Visita-por-el-puerto-EIM-KOFRADIA.jpg\" alt=\"Visita por el puerto EIM KOFRADIA\" itemprop=\"image\" height=\"1600\" width=\"2400\" srcset=\"https:\/\/itsasmuseoa.eus\/wp-content\/uploads\/2026\/04\/Visita-por-el-puerto-EIM-KOFRADIA.jpg 2400w, https:\/\/itsasmuseoa.eus\/wp-content\/uploads\/2026\/04\/Visita-por-el-puerto-EIM-KOFRADIA-300x200.jpg 300w, https:\/\/itsasmuseoa.eus\/wp-content\/uploads\/2026\/04\/Visita-por-el-puerto-EIM-KOFRADIA-1024x683.jpg 1024w, https:\/\/itsasmuseoa.eus\/wp-content\/uploads\/2026\/04\/Visita-por-el-puerto-EIM-KOFRADIA-768x512.jpg 768w, https:\/\/itsasmuseoa.eus\/wp-content\/uploads\/2026\/04\/Visita-por-el-puerto-EIM-KOFRADIA-1536x1024.jpg 1536w, https:\/\/itsasmuseoa.eus\/wp-content\/uploads\/2026\/04\/Visita-por-el-puerto-EIM-KOFRADIA-2048x1365.jpg 2048w, https:\/\/itsasmuseoa.eus\/wp-content\/uploads\/2026\/04\/Visita-por-el-puerto-EIM-KOFRADIA-600x400.jpg 600w\" sizes=\"(max-width: 2400px) 100vw, 2400px\" title=\"Visita por el puerto EIM KOFRADIA\" onerror=\"this.style.display='none'\"  \/>\n\t\t\t\t\t\t\t\t\t\t\t\t\t<\/a>\n\t\t\t<a href=\"https:\/\/itsasmuseoa.eus\/fr\/ta-visite\/visites-du-port-de-saint-sebastien\/\" target=\"_self\">\n\t\t\t\t\t\t\tVisite guid\u00e9e aux port\n\t\t\t\t\t<\/a>\n\t\t\t\t\t\t\t\t\t<img decoding=\"async\" src=\"https:\/\/itsasmuseoa.eus\/wp-content\/uploads\/2021\/06\/familia-avisos-del-mar.jpg\" alt=\"Ilustraci\u00f3n de un barco de juguete en el mar\" itemprop=\"image\" height=\"536\" width=\"812\" srcset=\"https:\/\/itsasmuseoa.eus\/wp-content\/uploads\/2021\/06\/familia-avisos-del-mar.jpg 812w, https:\/\/itsasmuseoa.eus\/wp-content\/uploads\/2021\/06\/familia-avisos-del-mar-600x396.jpg 600w, https:\/\/itsasmuseoa.eus\/wp-content\/uploads\/2021\/06\/familia-avisos-del-mar-300x198.jpg 300w, https:\/\/itsasmuseoa.eus\/wp-content\/uploads\/2021\/06\/familia-avisos-del-mar-768x507.jpg 768w\" sizes=\"(max-width: 812px) 100vw, 812px\" title=\"familia-avisos-del-mar\" onerror=\"this.style.display='none'\"  \/>\n\t\t\t<a href=\"#\" role=\"button\">\n\t\t\t\t\t\t\tItsasotik ganbarara\n\t\t\t\t\t<\/a>\n\t\t\tCette section sera publi\u00e9e prochainement.\t\t\n\t\t\t\t\t\t\t\t\t\t\t\n\t\t\t<p>Connaitre notre offre d&#8217;ateliers familiaux de septembre a juin!<\/p>\t\t\n\t\t\t\t<a href=\"https:\/\/itsasmuseoa.eus\/fr\/activites\/agenda\/\" role=\"button\" target=\"_self\">\n\t\t\t\t\t\t\t\t\t\tconsulter notre agenda\n\t\t\t\t\t\t\t\t\t<\/a>\n\t\t\t\t\t\t\t\t<a href=\"https:\/\/itsasmuseoa.eus\/tu-visita\/expresamente-para-ti\/familia\/juego-de-pistas\/\" target=\"_self\" itemprop=\"url\">\n\t\t\t\t\t\t\t\t\t<img decoding=\"async\" src=\"https:\/\/itsasmuseoa.eus\/wp-content\/uploads\/2021\/06\/familia-juego-de-pistas.jpg\" alt=\"Imagen de un mapa para el juego de pistas\" itemprop=\"image\" height=\"536\" width=\"812\" srcset=\"https:\/\/itsasmuseoa.eus\/wp-content\/uploads\/2021\/06\/familia-juego-de-pistas.jpg 812w, https:\/\/itsasmuseoa.eus\/wp-content\/uploads\/2021\/06\/familia-juego-de-pistas-600x396.jpg 600w, https:\/\/itsasmuseoa.eus\/wp-content\/uploads\/2021\/06\/familia-juego-de-pistas-300x198.jpg 300w, https:\/\/itsasmuseoa.eus\/wp-content\/uploads\/2021\/06\/familia-juego-de-pistas-768x507.jpg 768w\" sizes=\"(max-width: 812px) 100vw, 812px\" title=\"familia-juego-de-pistas\" onerror=\"this.style.display='none'\"  \/>\n\t\t\t\t\t\t\t\t\t\t\t\t\t<\/a>\n\t\t\t<a href=\"https:\/\/itsasmuseoa.eus\/fr\/ta-visite\/expressement-pour-vous\/famille\/jeu-de-pistes\/\" target=\"_self\">\n\t\t\t\t\t\t\tJeu d&#8217;indices\n\t\t\t\t\t<\/a>\n<h2>\n\t\t\tNos services\t<\/h2>\n\t<p>Le mus\u00e9e dispose de toutes les installations et services n\u00e9cessaires pour rendre votre visite confortable:<\/p>\n\t\t\t<h3> Wifi.<\/h3>\t\t\n\t\t\t<h3> Boutique et librairie: Horaires d&#8217;ouverture du Mus\u00e9e.<\/h3>\t\t\n\t\t\t<h3> Modes de paiement: carte et esp\u00e8ces.<\/h3>\t\t\n\t\t\t<h3> Table \u00e0 langer de b\u00e9b\u00e9.<\/h3>\t\t\n\t\t\t<h3> Service pr\u00eat fauteuil roulant.<\/h3>\t\t\n\t<h2>\n\t\t\tAccesibilit\u00e9\t<\/h2>\n\t<p>Dans notre engagement envers l&#8217;accessibilit\u00e9 universelle, nous travaillons en permanence pour ouvrir le mus\u00e9e et ses programmes \u00e0 tous. Notre Plan d&#8217;accessibilit\u00e9 couvre la mise en place progressive de mesures d&#8217;accessibilit\u00e9 et l&#8217;offre de visites adapt\u00e9es aux diff\u00e9rents besoins des usagers.<\/p>\n<p><img decoding=\"async\" src=\"https:\/\/itsasmuseoa.eus\/wp-content\/uploads\/\/icono-accesibilidad.svg\" alt=\"icono accesibilidad movimiento\" width=\"50\" \/>\u00a0 \u00a0<img decoding=\"async\" src=\"https:\/\/itsasmuseoa.eus\/wp-content\/uploads\/2021\/06\/icono-accesibilidad-visual.png\" alt=\"icono de accesibilidad visual\" width=\"85\" \/>\u00a0 \u00a0<img decoding=\"async\" src=\"https:\/\/itsasmuseoa.eus\/wp-content\/uploads\/2021\/06\/icono-accesibilidad-auditiva.png\" alt=\"icono de accesibilidad auditiva\" width=\"78\" \/>\u00a0 \u00a0<img decoding=\"async\" src=\"https:\/\/itsasmuseoa.eus\/wp-content\/uploads\/2021\/06\/icono-accesibilidad-cognitiva.png\" alt=\"icono de accesibilidad cognitiva\" width=\"68\" \/><\/p>\n\t\t\t<a href=\"https:\/\/itsasmuseoa.eus\/fr\/ta-visite\/informations-pratiques\/#anchor-accesibilidad\" target=\"_self\">\n\t\t\t\t\t\t\tInformations sur l&#8217;accessibilit\u00e9\n\t\t\t\t\t<\/a>\n\t<p>On fait partie du Club de Tourisme en Famille d&#8217;Euskadi<\/p>\n\t\t\t\t<a href=\"https:\/\/turismo.euskadi.eus\/contenidos\/informacion\/turismo_familiar_landing\/es_def\/index.html\"  target=\"_blank\" rel=\"noopener\"  itemprop=\"url\">\n\t\t\t\t<img decoding=\"async\" src=\"https:\/\/itsasmuseoa.eus\/wp-content\/uploads\/2021\/06\/logo-turismo-familiar-euskadi.png\" alt=\"logo turismo familiar euskadi\" itemprop=\"image\" height=\"237\" width=\"700\" title=\"logo-turismo-familiar-euskadi\" onerror=\"this.style.display='none'\" loading=\"lazy\" \/>\n\t\t\t\t<\/a>\n\n","protected":false},"excerpt":{"rendered":"<p>Inicio Votre visite Express\u00e9ment pour vous Famille Vivre le mus\u00e9e en famille! Nous vous proposons des recours et des activit\u00e9s pour rapprocher le patrimoine maritime aux jeunes et aux adultes. Un mus\u00e9e pour toutes et tous! Voici nos propositions pour visiter le mus\u00e9e et le port de la ville en famille: Visite l&#8217;exposition Visite guid\u00e9e&hellip;<\/p>\n","protected":false},"author":1,"featured_media":0,"parent":5485,"menu_order":0,"comment_status":"closed","ping_status":"closed","template":"","meta":{"_acf_changed":false,"footnotes":""},"categories":[],"tags":[],"class_list":["post-5489","page","type-page","status-publish","hentry"],"acf":[],"yoast_head":"<!-- This site is optimized with the Yoast SEO plugin v27.5 - https:\/\/yoast.com\/product\/yoast-seo-wordpress\/ -->\n<title>Famille - Euskal Itsas Museoa<\/title>\n<meta name=\"robots\" content=\"index, follow, max-snippet:-1, max-image-preview:large, max-video-preview:-1\" \/>\n<link rel=\"canonical\" href=\"https:\/\/itsasmuseoa.eus\/fr\/ta-visite\/expressement-pour-vous\/famille\/\" \/>\n<meta property=\"og:locale\" content=\"fr_FR\" \/>\n<meta property=\"og:type\" content=\"article\" \/>\n<meta property=\"og:title\" content=\"Famille - Euskal Itsas Museoa\" \/>\n<meta property=\"og:description\" content=\"Inicio Votre visite Express\u00e9ment pour vous Famille Vivre le mus\u00e9e en famille! Nous vous proposons des recours et des activit\u00e9s pour rapprocher le patrimoine maritime aux jeunes et aux adultes. Un mus\u00e9e pour toutes et tous! Voici nos propositions pour visiter le mus\u00e9e et le port de la ville en famille: Visite l&#8217;exposition Visite guid\u00e9e&hellip;\" \/>\n<meta property=\"og:url\" content=\"https:\/\/itsasmuseoa.eus\/fr\/ta-visite\/expressement-pour-vous\/famille\/\" \/>\n<meta property=\"og:site_name\" content=\"Euskal Itsas Museoa\" \/>\n<meta property=\"article:modified_time\" content=\"2026-04-08T13:54:20+00:00\" \/>\n<meta property=\"og:image\" content=\"https:\/\/itsasmuseoa.eus\/flecha-breadcrumbs\/\" \/>\n<meta name=\"twitter:card\" content=\"summary_large_image\" \/>\n<meta name=\"twitter:label1\" content=\"Dur\u00e9e de lecture estim\u00e9e\" \/>\n\t<meta name=\"twitter:data1\" content=\"1 minute\" \/>\n<script type=\"application\/ld+json\" class=\"yoast-schema-graph\">{\"@context\":\"https:\\\/\\\/schema.org\",\"@graph\":[{\"@type\":\"WebPage\",\"@id\":\"https:\\\/\\\/itsasmuseoa.eus\\\/fr\\\/ta-visite\\\/expressement-pour-vous\\\/famille\\\/\",\"url\":\"https:\\\/\\\/itsasmuseoa.eus\\\/fr\\\/ta-visite\\\/expressement-pour-vous\\\/famille\\\/\",\"name\":\"Famille - Euskal Itsas Museoa\",\"isPartOf\":{\"@id\":\"https:\\\/\\\/itsasmuseoa.eus\\\/fr\\\/#website\"},\"primaryImageOfPage\":{\"@id\":\"https:\\\/\\\/itsasmuseoa.eus\\\/fr\\\/ta-visite\\\/expressement-pour-vous\\\/famille\\\/#primaryimage\"},\"image\":{\"@id\":\"https:\\\/\\\/itsasmuseoa.eus\\\/fr\\\/ta-visite\\\/expressement-pour-vous\\\/famille\\\/#primaryimage\"},\"thumbnailUrl\":\"https:\\\/\\\/itsasmuseoa.eus\\\/flecha-breadcrumbs\\\/\",\"datePublished\":\"2021-07-16T14:57:19+00:00\",\"dateModified\":\"2026-04-08T13:54:20+00:00\",\"breadcrumb\":{\"@id\":\"https:\\\/\\\/itsasmuseoa.eus\\\/fr\\\/ta-visite\\\/expressement-pour-vous\\\/famille\\\/#breadcrumb\"},\"inLanguage\":\"fr-FR\",\"potentialAction\":[{\"@type\":\"ReadAction\",\"target\":[\"https:\\\/\\\/itsasmuseoa.eus\\\/fr\\\/ta-visite\\\/expressement-pour-vous\\\/famille\\\/\"]}]},{\"@type\":\"ImageObject\",\"inLanguage\":\"fr-FR\",\"@id\":\"https:\\\/\\\/itsasmuseoa.eus\\\/fr\\\/ta-visite\\\/expressement-pour-vous\\\/famille\\\/#primaryimage\",\"url\":\"https:\\\/\\\/itsasmuseoa.eus\\\/flecha-breadcrumbs\\\/\",\"contentUrl\":\"https:\\\/\\\/itsasmuseoa.eus\\\/flecha-breadcrumbs\\\/\"},{\"@type\":\"BreadcrumbList\",\"@id\":\"https:\\\/\\\/itsasmuseoa.eus\\\/fr\\\/ta-visite\\\/expressement-pour-vous\\\/famille\\\/#breadcrumb\",\"itemListElement\":[{\"@type\":\"ListItem\",\"position\":1,\"name\":\"Inicio\",\"item\":\"https:\\\/\\\/itsasmuseoa.eus\\\/fr\\\/\"},{\"@type\":\"ListItem\",\"position\":2,\"name\":\"Votre visite\",\"item\":\"https:\\\/\\\/itsasmuseoa.eus\\\/fr\\\/ta-visite\\\/\"},{\"@type\":\"ListItem\",\"position\":3,\"name\":\"Express\u00e9ment pour vous\",\"item\":\"https:\\\/\\\/itsasmuseoa.eus\\\/fr\\\/ta-visite\\\/expressement-pour-vous\\\/\"},{\"@type\":\"ListItem\",\"position\":4,\"name\":\"Famille\"}]},{\"@type\":\"WebSite\",\"@id\":\"https:\\\/\\\/itsasmuseoa.eus\\\/fr\\\/#website\",\"url\":\"https:\\\/\\\/itsasmuseoa.eus\\\/fr\\\/\",\"name\":\"Euskal Itsas Museoa\",\"description\":\"Museo Mar\u00edtimo Vasco\",\"potentialAction\":[{\"@type\":\"SearchAction\",\"target\":{\"@type\":\"EntryPoint\",\"urlTemplate\":\"https:\\\/\\\/itsasmuseoa.eus\\\/fr\\\/?s={search_term_string}\"},\"query-input\":{\"@type\":\"PropertyValueSpecification\",\"valueRequired\":true,\"valueName\":\"search_term_string\"}}],\"inLanguage\":\"fr-FR\"}]}<\/script>\n<!-- \/ Yoast SEO plugin. -->","yoast_head_json":{"title":"Famille - Euskal Itsas Museoa","robots":{"index":"index","follow":"follow","max-snippet":"max-snippet:-1","max-image-preview":"max-image-preview:large","max-video-preview":"max-video-preview:-1"},"canonical":"https:\/\/itsasmuseoa.eus\/fr\/ta-visite\/expressement-pour-vous\/famille\/","og_locale":"fr_FR","og_type":"article","og_title":"Famille - Euskal Itsas Museoa","og_description":"Inicio Votre visite Express\u00e9ment pour vous Famille Vivre le mus\u00e9e en famille! Nous vous proposons des recours et des activit\u00e9s pour rapprocher le patrimoine maritime aux jeunes et aux adultes. Un mus\u00e9e pour toutes et tous! Voici nos propositions pour visiter le mus\u00e9e et le port de la ville en famille: Visite l&#8217;exposition Visite guid\u00e9e&hellip;","og_url":"https:\/\/itsasmuseoa.eus\/fr\/ta-visite\/expressement-pour-vous\/famille\/","og_site_name":"Euskal Itsas Museoa","article_modified_time":"2026-04-08T13:54:20+00:00","og_image":[{"url":"https:\/\/itsasmuseoa.eus\/flecha-breadcrumbs\/","type":"","width":"","height":""}],"twitter_card":"summary_large_image","twitter_misc":{"Dur\u00e9e de lecture estim\u00e9e":"1 minute"},"schema":{"@context":"https:\/\/schema.org","@graph":[{"@type":"WebPage","@id":"https:\/\/itsasmuseoa.eus\/fr\/ta-visite\/expressement-pour-vous\/famille\/","url":"https:\/\/itsasmuseoa.eus\/fr\/ta-visite\/expressement-pour-vous\/famille\/","name":"Famille - Euskal Itsas Museoa","isPartOf":{"@id":"https:\/\/itsasmuseoa.eus\/fr\/#website"},"primaryImageOfPage":{"@id":"https:\/\/itsasmuseoa.eus\/fr\/ta-visite\/expressement-pour-vous\/famille\/#primaryimage"},"image":{"@id":"https:\/\/itsasmuseoa.eus\/fr\/ta-visite\/expressement-pour-vous\/famille\/#primaryimage"},"thumbnailUrl":"https:\/\/itsasmuseoa.eus\/flecha-breadcrumbs\/","datePublished":"2021-07-16T14:57:19+00:00","dateModified":"2026-04-08T13:54:20+00:00","breadcrumb":{"@id":"https:\/\/itsasmuseoa.eus\/fr\/ta-visite\/expressement-pour-vous\/famille\/#breadcrumb"},"inLanguage":"fr-FR","potentialAction":[{"@type":"ReadAction","target":["https:\/\/itsasmuseoa.eus\/fr\/ta-visite\/expressement-pour-vous\/famille\/"]}]},{"@type":"ImageObject","inLanguage":"fr-FR","@id":"https:\/\/itsasmuseoa.eus\/fr\/ta-visite\/expressement-pour-vous\/famille\/#primaryimage","url":"https:\/\/itsasmuseoa.eus\/flecha-breadcrumbs\/","contentUrl":"https:\/\/itsasmuseoa.eus\/flecha-breadcrumbs\/"},{"@type":"BreadcrumbList","@id":"https:\/\/itsasmuseoa.eus\/fr\/ta-visite\/expressement-pour-vous\/famille\/#breadcrumb","itemListElement":[{"@type":"ListItem","position":1,"name":"Inicio","item":"https:\/\/itsasmuseoa.eus\/fr\/"},{"@type":"ListItem","position":2,"name":"Votre visite","item":"https:\/\/itsasmuseoa.eus\/fr\/ta-visite\/"},{"@type":"ListItem","position":3,"name":"Express\u00e9ment pour vous","item":"https:\/\/itsasmuseoa.eus\/fr\/ta-visite\/expressement-pour-vous\/"},{"@type":"ListItem","position":4,"name":"Famille"}]},{"@type":"WebSite","@id":"https:\/\/itsasmuseoa.eus\/fr\/#website","url":"https:\/\/itsasmuseoa.eus\/fr\/","name":"Euskal Itsas Museoa","description":"Museo Mar\u00edtimo Vasco","potentialAction":[{"@type":"SearchAction","target":{"@type":"EntryPoint","urlTemplate":"https:\/\/itsasmuseoa.eus\/fr\/?s={search_term_string}"},"query-input":{"@type":"PropertyValueSpecification","valueRequired":true,"valueName":"search_term_string"}}],"inLanguage":"fr-FR"}]}},"_links":{"self":[{"href":"https:\/\/itsasmuseoa.eus\/fr\/wp-json\/wp\/v2\/pages\/5489","targetHints":{"allow":["GET"]}}],"collection":[{"href":"https:\/\/itsasmuseoa.eus\/fr\/wp-json\/wp\/v2\/pages"}],"about":[{"href":"https:\/\/itsasmuseoa.eus\/fr\/wp-json\/wp\/v2\/types\/page"}],"author":[{"embeddable":true,"href":"https:\/\/itsasmuseoa.eus\/fr\/wp-json\/wp\/v2\/users\/1"}],"replies":[{"embeddable":true,"href":"https:\/\/itsasmuseoa.eus\/fr\/wp-json\/wp\/v2\/comments?post=5489"}],"version-history":[{"count":1,"href":"https:\/\/itsasmuseoa.eus\/fr\/wp-json\/wp\/v2\/pages\/5489\/revisions"}],"predecessor-version":[{"id":21460,"href":"https:\/\/itsasmuseoa.eus\/fr\/wp-json\/wp\/v2\/pages\/5489\/revisions\/21460"}],"up":[{"embeddable":true,"href":"https:\/\/itsasmuseoa.eus\/fr\/wp-json\/wp\/v2\/pages\/5485"}],"wp:attachment":[{"href":"https:\/\/itsasmuseoa.eus\/fr\/wp-json\/wp\/v2\/media?parent=5489"}],"wp:term":[{"taxonomy":"category","embeddable":true,"href":"https:\/\/itsasmuseoa.eus\/fr\/wp-json\/wp\/v2\/categories?post=5489"},{"taxonomy":"post_tag","embeddable":true,"href":"https:\/\/itsasmuseoa.eus\/fr\/wp-json\/wp\/v2\/tags?post=5489"}],"curies":[{"name":"wp","href":"https:\/\/api.w.org\/{rel}","templated":true}]}}