{"id":5498,"date":"2021-07-16T17:24:47","date_gmt":"2021-07-16T15:24:47","guid":{"rendered":"https:\/\/itsasmuseoa.eus\/ta-visite\/expressement-pour-vous\/professeurs\/"},"modified":"2026-04-08T15:56:03","modified_gmt":"2026-04-08T13:56:03","slug":"professeur-e","status":"publish","type":"page","link":"https:\/\/itsasmuseoa.eus\/fr\/ta-visite\/expressement-pour-vous\/professeur-e\/","title":{"rendered":"Professeur\/e"},"content":{"rendered":"\n\n\t<nav id=\"breadcrumbs\" aria-label=\"Breadcrumbs\"><a href=\"https:\/\/itsasmuseoa.eus\/fr\/\">Inicio<\/a> <img decoding=\"async\" src=\"https:\/\/itsasmuseoa.eus\/flecha-breadcrumbs\/\" alt=\"icono flecha\" \/> <a href=\"https:\/\/itsasmuseoa.eus\/fr\/ta-visite\/\">Votre visite<\/a> <img decoding=\"async\" src=\"https:\/\/itsasmuseoa.eus\/flecha-breadcrumbs\/\" alt=\"icono flecha\" \/> <a href=\"https:\/\/itsasmuseoa.eus\/fr\/ta-visite\/expressement-pour-vous\/\">Express\u00e9ment pour vous<\/a> <img decoding=\"async\" src=\"https:\/\/itsasmuseoa.eus\/flecha-breadcrumbs\/\" alt=\"icono flecha\" \/> Professeur\/e<\/nav>\n\t<p>Nous nous adaptons aux besoins de chaque centre et de chaque groupe. Notre offre porte aussi bien sur l&#8217;int\u00e9rieur que sur l&#8217;ext\u00e9rieur et l&#8217;entourage du Mus\u00e9e<\/p>\n\t\t\t\t\t\t\t\t<a href=\"https:\/\/itsasmuseoa.eus\/educacion\/oferta-educativa\/\" target=\"_self\" itemprop=\"url\">\n\t\t\t\t\t\t\t\t\t<img decoding=\"async\" src=\"https:\/\/itsasmuseoa.eus\/wp-content\/uploads\/2021\/07\/profesorado-del-museo-a-la-calle.jpg\" alt=\"Grupo de educaci\u00f3n infantil durante un taller celebrado en el exterior del Museo\" itemprop=\"image\" height=\"536\" width=\"812\" srcset=\"https:\/\/itsasmuseoa.eus\/wp-content\/uploads\/2021\/07\/profesorado-del-museo-a-la-calle.jpg 812w, https:\/\/itsasmuseoa.eus\/wp-content\/uploads\/2021\/07\/profesorado-del-museo-a-la-calle-600x396.jpg 600w, https:\/\/itsasmuseoa.eus\/wp-content\/uploads\/2021\/07\/profesorado-del-museo-a-la-calle-300x198.jpg 300w, https:\/\/itsasmuseoa.eus\/wp-content\/uploads\/2021\/07\/profesorado-del-museo-a-la-calle-768x507.jpg 768w\" sizes=\"(max-width: 812px) 100vw, 812px\" title=\"profesorado-del-museo-a-la-calle\" onerror=\"this.style.display='none'\"  \/>\n\t\t\t\t\t\t\t\t\t\t\t\t\t<\/a>\n\t\t\t<a href=\"https:\/\/itsasmuseoa.eus\/fr\/education\/offre-educative\/\" target=\"_self\">\n\t\t\t\t\t\t\tDu mus\u00e9e \u00e0 la rue\n\t\t\t\t\t<\/a>\n\t\t\t<p>Des programmes con\u00e7us pour faire conna\u00eetre l&#8217;emplacement exceptionnel qu&#8217;occupe le Mus\u00e9e : la jet\u00e9e et la vieille ville de Saint-S\u00e9bastien.<\/p>\n\t\t\t\t\t\t\t\t<a href=\"https:\/\/itsasmuseoa.eus\/educacion\/oferta-educativa\/\" target=\"_self\" itemprop=\"url\">\n\t\t\t\t\t\t\t\t\t<img decoding=\"async\" src=\"https:\/\/itsasmuseoa.eus\/wp-content\/uploads\/2021\/07\/profesorado-el-museo-en-la-escuela.jpg\" alt=\"Foto de un taller online celebrado por el Museo\" itemprop=\"image\" height=\"536\" width=\"812\" srcset=\"https:\/\/itsasmuseoa.eus\/wp-content\/uploads\/2021\/07\/profesorado-el-museo-en-la-escuela.jpg 812w, https:\/\/itsasmuseoa.eus\/wp-content\/uploads\/2021\/07\/profesorado-el-museo-en-la-escuela-600x396.jpg 600w, https:\/\/itsasmuseoa.eus\/wp-content\/uploads\/2021\/07\/profesorado-el-museo-en-la-escuela-300x198.jpg 300w, https:\/\/itsasmuseoa.eus\/wp-content\/uploads\/2021\/07\/profesorado-el-museo-en-la-escuela-768x507.jpg 768w\" sizes=\"(max-width: 812px) 100vw, 812px\" title=\"profesorado-el-museo-en-la-escuela\" onerror=\"this.style.display='none'\"  \/>\n\t\t\t\t\t\t\t\t\t\t\t\t\t<\/a>\n\t\t\t<a href=\"https:\/\/itsasmuseoa.eus\/fr\/education\/offre-educative\/\" target=\"_self\">\n\t\t\t\t\t\t\tLe mus\u00e9e \u00e0 l&#8217;\u00e9cole\n\t\t\t\t\t<\/a>\n\t\t\t<p>Des ateliers que les plateformes num\u00e9riques et les contenus audiovisuels permettent de r\u00e9aliser \u00e0 distance<\/p>\n\t\t\t\t\t\t\t\t<a href=\"https:\/\/itsasmuseoa.eus\/educacion\/oferta-educativa\/\" target=\"_self\" itemprop=\"url\">\n\t\t\t\t\t\t\t\t\t<img decoding=\"async\" src=\"https:\/\/itsasmuseoa.eus\/wp-content\/uploads\/2021\/07\/profesorado-en-el-museo-1.jpg\" alt=\"Foto de unas ni\u00f1as desarrollando una visita-taller en el Museo\" itemprop=\"image\" height=\"536\" width=\"812\" srcset=\"https:\/\/itsasmuseoa.eus\/wp-content\/uploads\/2021\/07\/profesorado-en-el-museo-1.jpg 812w, https:\/\/itsasmuseoa.eus\/wp-content\/uploads\/2021\/07\/profesorado-en-el-museo-1-600x396.jpg 600w, https:\/\/itsasmuseoa.eus\/wp-content\/uploads\/2021\/07\/profesorado-en-el-museo-1-300x198.jpg 300w, https:\/\/itsasmuseoa.eus\/wp-content\/uploads\/2021\/07\/profesorado-en-el-museo-1-768x507.jpg 768w\" sizes=\"(max-width: 812px) 100vw, 812px\" title=\"profesorado-en-el-museo\" onerror=\"this.style.display='none'\"  \/>\n\t\t\t\t\t\t\t\t\t\t\t\t\t<\/a>\n\t\t\t<a href=\"https:\/\/itsasmuseoa.eus\/fr\/education\/offre-educative\/\" target=\"_self\">\n\t\t\t\t\t\t\tAu Mus\u00e9e\n\t\t\t\t\t<\/a>\n\t\t\t<p>Ces activit\u00e9s ont pour objet de rapprocher le public et de l&#8217;amener \u00e0 r\u00e9fl\u00e9chir au patrimoine maritime basque au travers des collections et des expositions du Mus\u00e9e<\/p>\n\t<p>Tarifs 2.5 \u20ac \/ 1 \u20ac Atelier en ligne<\/p>\n\t<p>Horaires: du mardi au vendredi de 10h00 \u00e0 17h00<\/p>\n\t<p>Contact: hezkuntza@itsasmuseoa<\/p>\n\t<p>Consultez notre programme p\u00e9dagogique de visites et ateliers<\/p>\n\t\t\t<a href=\"https:\/\/itsasmuseoa.eus\/wp-content\/uploads\/2025\/08\/EIM_PROGRAMA-EDUCATIVO-25-26-1-1.pdf_compressed-1.pdf-1.pdf-1.pdf\" target=\"_blank\" rel=\"noopener\">\n\t\t\t\t\t\t\tConsulter le programme\n\t\t\t\t\t<\/a>\n\t<p>Si vous souhaitez travailler sur un sujet pr\u00e9cis qui ne serait pas pris en compte dans notre offre, contactez l&#8217;\u00e9quipe p\u00e9dagogique et nous le cr\u00e9erons ensemble. Nous proposons \u00e9galement des visites guid\u00e9es adapt\u00e9es au contenu travaill\u00e9 en classe.<\/p>\n<h2>\n\t\t\tEmplacement\t<\/h2>\n\t<p>L&#8217;Euskal Itsas Museoa est situ\u00e9 sur le port de Saint-S\u00e9bastien, dans une zone pi\u00e9tonne interdite aux voitures.<\/p>\n<p>Vous avez toutefois deux parkings \u00e0 proximit\u00e9  : celui du Boulevard et celui d&#8217;Okendo, ainsi qu&#8217;une zone de stationnement OTA sur le Paseo Nuevo.<\/p>\n\t<p>Il y a un parking pour v\u00e9los \u00e0 c\u00f4t\u00e9 de l&#8217;immeuble.<\/p>\n\t<p>Le mus\u00e9e se trouve \u00e0 quelques minutes \u00e0 pied des arr\u00eats de bus et de taxi du Paseo del Boulevard.<\/p>\n<h2>\n\t\t\tAccessibilit\u00e9\t<\/h2>\n\t<p>Notre engagement en faveur de l&#8217;accessibilit\u00e9 universelle nous am\u00e8ne \u00e0 travailler en permanence pour que le mus\u00e9e et ses programmes soient ouverts \u00e0 tous. Notre Plan d&#8217;accessibilit\u00e9 pr\u00e9voit la mise en place progressive de mesures accessibles et d&#8217;une panoplie de visites adapt\u00e9es aux diff\u00e9rents besoins des usagers.<\/p>\n<p><img decoding=\"async\" src=\"https:\/\/itsasmuseoa.eus\/wp-content\/uploads\/\/icono-accesibilidad.svg\" alt=\"icono accesibilidad movimiento\" width=\"50\" \/>\u00a0 \u00a0<img decoding=\"async\" src=\"https:\/\/itsasmuseoa.eus\/wp-content\/uploads\/2021\/06\/icono-accesibilidad-visual.png\" alt=\"icono de accesibilidad visual\" width=\"85\" \/>\u00a0 \u00a0<img decoding=\"async\" src=\"https:\/\/itsasmuseoa.eus\/wp-content\/uploads\/2021\/06\/icono-accesibilidad-auditiva.png\" alt=\"icono de accesibilidad auditiva\" width=\"78\" \/>\u00a0 \u00a0<img decoding=\"async\" src=\"https:\/\/itsasmuseoa.eus\/wp-content\/uploads\/2021\/06\/icono-accesibilidad-cognitiva.png\" alt=\"icono de accesibilidad cognitiva\" width=\"68\" \/><\/p>\n\t\t\t<a href=\"https:\/\/itsasmuseoa.eus\/fr\/ta-visite\/informations-pratiques\/#anchor-accesibilidad\" target=\"_self\">\n\t\t\t\t\t\t\tInformations sur l&#8217;accessibilit\u00e9\n\t\t\t\t\t<\/a>\n\n","protected":false},"excerpt":{"rendered":"<p>Inicio Votre visite Express\u00e9ment pour vous Professeur\/e Nous nous adaptons aux besoins de chaque centre et de chaque groupe. Notre offre porte aussi bien sur l&#8217;int\u00e9rieur que sur l&#8217;ext\u00e9rieur et l&#8217;entourage du Mus\u00e9e Du mus\u00e9e \u00e0 la rue Des programmes con\u00e7us pour faire conna\u00eetre l&#8217;emplacement exceptionnel qu&#8217;occupe le Mus\u00e9e : la jet\u00e9e et la vieille&hellip;<\/p>\n","protected":false},"author":1,"featured_media":0,"parent":5485,"menu_order":0,"comment_status":"closed","ping_status":"closed","template":"","meta":{"_acf_changed":false,"footnotes":""},"categories":[],"tags":[],"class_list":["post-5498","page","type-page","status-publish","hentry"],"acf":[],"yoast_head":"<!-- This site is optimized with the Yoast SEO plugin v27.4 - https:\/\/yoast.com\/product\/yoast-seo-wordpress\/ -->\n<title>Professeur\/e - Euskal Itsas Museoa<\/title>\n<meta name=\"robots\" content=\"index, follow, max-snippet:-1, max-image-preview:large, max-video-preview:-1\" \/>\n<link rel=\"canonical\" href=\"https:\/\/itsasmuseoa.eus\/fr\/ta-visite\/expressement-pour-vous\/professeur-e\/\" \/>\n<meta property=\"og:locale\" content=\"fr_FR\" \/>\n<meta property=\"og:type\" content=\"article\" \/>\n<meta property=\"og:title\" content=\"Professeur\/e - Euskal Itsas Museoa\" \/>\n<meta property=\"og:description\" content=\"Inicio Votre visite Express\u00e9ment pour vous Professeur\/e Nous nous adaptons aux besoins de chaque centre et de chaque groupe. Notre offre porte aussi bien sur l&#8217;int\u00e9rieur que sur l&#8217;ext\u00e9rieur et l&#8217;entourage du Mus\u00e9e Du mus\u00e9e \u00e0 la rue Des programmes con\u00e7us pour faire conna\u00eetre l&#8217;emplacement exceptionnel qu&#8217;occupe le Mus\u00e9e : la jet\u00e9e et la vieille&hellip;\" \/>\n<meta property=\"og:url\" content=\"https:\/\/itsasmuseoa.eus\/fr\/ta-visite\/expressement-pour-vous\/professeur-e\/\" \/>\n<meta property=\"og:site_name\" content=\"Euskal Itsas Museoa\" \/>\n<meta property=\"article:modified_time\" content=\"2026-04-08T13:56:03+00:00\" \/>\n<meta property=\"og:image\" content=\"https:\/\/itsasmuseoa.eus\/flecha-breadcrumbs\/\" \/>\n<meta name=\"twitter:card\" content=\"summary_large_image\" \/>\n<meta name=\"twitter:label1\" content=\"Dur\u00e9e de lecture estim\u00e9e\" \/>\n\t<meta name=\"twitter:data1\" content=\"2 minutes\" \/>\n<script type=\"application\/ld+json\" class=\"yoast-schema-graph\">{\"@context\":\"https:\\\/\\\/schema.org\",\"@graph\":[{\"@type\":\"WebPage\",\"@id\":\"https:\\\/\\\/itsasmuseoa.eus\\\/fr\\\/ta-visite\\\/expressement-pour-vous\\\/professeur-e\\\/\",\"url\":\"https:\\\/\\\/itsasmuseoa.eus\\\/fr\\\/ta-visite\\\/expressement-pour-vous\\\/professeur-e\\\/\",\"name\":\"Professeur\\\/e - Euskal Itsas Museoa\",\"isPartOf\":{\"@id\":\"https:\\\/\\\/itsasmuseoa.eus\\\/fr\\\/#website\"},\"primaryImageOfPage\":{\"@id\":\"https:\\\/\\\/itsasmuseoa.eus\\\/fr\\\/ta-visite\\\/expressement-pour-vous\\\/professeur-e\\\/#primaryimage\"},\"image\":{\"@id\":\"https:\\\/\\\/itsasmuseoa.eus\\\/fr\\\/ta-visite\\\/expressement-pour-vous\\\/professeur-e\\\/#primaryimage\"},\"thumbnailUrl\":\"https:\\\/\\\/itsasmuseoa.eus\\\/flecha-breadcrumbs\\\/\",\"datePublished\":\"2021-07-16T15:24:47+00:00\",\"dateModified\":\"2026-04-08T13:56:03+00:00\",\"breadcrumb\":{\"@id\":\"https:\\\/\\\/itsasmuseoa.eus\\\/fr\\\/ta-visite\\\/expressement-pour-vous\\\/professeur-e\\\/#breadcrumb\"},\"inLanguage\":\"fr-FR\",\"potentialAction\":[{\"@type\":\"ReadAction\",\"target\":[\"https:\\\/\\\/itsasmuseoa.eus\\\/fr\\\/ta-visite\\\/expressement-pour-vous\\\/professeur-e\\\/\"]}]},{\"@type\":\"ImageObject\",\"inLanguage\":\"fr-FR\",\"@id\":\"https:\\\/\\\/itsasmuseoa.eus\\\/fr\\\/ta-visite\\\/expressement-pour-vous\\\/professeur-e\\\/#primaryimage\",\"url\":\"https:\\\/\\\/itsasmuseoa.eus\\\/flecha-breadcrumbs\\\/\",\"contentUrl\":\"https:\\\/\\\/itsasmuseoa.eus\\\/flecha-breadcrumbs\\\/\"},{\"@type\":\"BreadcrumbList\",\"@id\":\"https:\\\/\\\/itsasmuseoa.eus\\\/fr\\\/ta-visite\\\/expressement-pour-vous\\\/professeur-e\\\/#breadcrumb\",\"itemListElement\":[{\"@type\":\"ListItem\",\"position\":1,\"name\":\"Inicio\",\"item\":\"https:\\\/\\\/itsasmuseoa.eus\\\/fr\\\/\"},{\"@type\":\"ListItem\",\"position\":2,\"name\":\"Votre visite\",\"item\":\"https:\\\/\\\/itsasmuseoa.eus\\\/fr\\\/ta-visite\\\/\"},{\"@type\":\"ListItem\",\"position\":3,\"name\":\"Express\u00e9ment pour vous\",\"item\":\"https:\\\/\\\/itsasmuseoa.eus\\\/fr\\\/ta-visite\\\/expressement-pour-vous\\\/\"},{\"@type\":\"ListItem\",\"position\":4,\"name\":\"Professeur\\\/e\"}]},{\"@type\":\"WebSite\",\"@id\":\"https:\\\/\\\/itsasmuseoa.eus\\\/fr\\\/#website\",\"url\":\"https:\\\/\\\/itsasmuseoa.eus\\\/fr\\\/\",\"name\":\"Euskal Itsas Museoa\",\"description\":\"Museo Mar\u00edtimo Vasco\",\"potentialAction\":[{\"@type\":\"SearchAction\",\"target\":{\"@type\":\"EntryPoint\",\"urlTemplate\":\"https:\\\/\\\/itsasmuseoa.eus\\\/fr\\\/?s={search_term_string}\"},\"query-input\":{\"@type\":\"PropertyValueSpecification\",\"valueRequired\":true,\"valueName\":\"search_term_string\"}}],\"inLanguage\":\"fr-FR\"}]}<\/script>\n<!-- \/ Yoast SEO plugin. -->","yoast_head_json":{"title":"Professeur\/e - Euskal Itsas Museoa","robots":{"index":"index","follow":"follow","max-snippet":"max-snippet:-1","max-image-preview":"max-image-preview:large","max-video-preview":"max-video-preview:-1"},"canonical":"https:\/\/itsasmuseoa.eus\/fr\/ta-visite\/expressement-pour-vous\/professeur-e\/","og_locale":"fr_FR","og_type":"article","og_title":"Professeur\/e - Euskal Itsas Museoa","og_description":"Inicio Votre visite Express\u00e9ment pour vous Professeur\/e Nous nous adaptons aux besoins de chaque centre et de chaque groupe. Notre offre porte aussi bien sur l&#8217;int\u00e9rieur que sur l&#8217;ext\u00e9rieur et l&#8217;entourage du Mus\u00e9e Du mus\u00e9e \u00e0 la rue Des programmes con\u00e7us pour faire conna\u00eetre l&#8217;emplacement exceptionnel qu&#8217;occupe le Mus\u00e9e : la jet\u00e9e et la vieille&hellip;","og_url":"https:\/\/itsasmuseoa.eus\/fr\/ta-visite\/expressement-pour-vous\/professeur-e\/","og_site_name":"Euskal Itsas Museoa","article_modified_time":"2026-04-08T13:56:03+00:00","og_image":[{"url":"https:\/\/itsasmuseoa.eus\/flecha-breadcrumbs\/","type":"","width":"","height":""}],"twitter_card":"summary_large_image","twitter_misc":{"Dur\u00e9e de lecture estim\u00e9e":"2 minutes"},"schema":{"@context":"https:\/\/schema.org","@graph":[{"@type":"WebPage","@id":"https:\/\/itsasmuseoa.eus\/fr\/ta-visite\/expressement-pour-vous\/professeur-e\/","url":"https:\/\/itsasmuseoa.eus\/fr\/ta-visite\/expressement-pour-vous\/professeur-e\/","name":"Professeur\/e - Euskal Itsas Museoa","isPartOf":{"@id":"https:\/\/itsasmuseoa.eus\/fr\/#website"},"primaryImageOfPage":{"@id":"https:\/\/itsasmuseoa.eus\/fr\/ta-visite\/expressement-pour-vous\/professeur-e\/#primaryimage"},"image":{"@id":"https:\/\/itsasmuseoa.eus\/fr\/ta-visite\/expressement-pour-vous\/professeur-e\/#primaryimage"},"thumbnailUrl":"https:\/\/itsasmuseoa.eus\/flecha-breadcrumbs\/","datePublished":"2021-07-16T15:24:47+00:00","dateModified":"2026-04-08T13:56:03+00:00","breadcrumb":{"@id":"https:\/\/itsasmuseoa.eus\/fr\/ta-visite\/expressement-pour-vous\/professeur-e\/#breadcrumb"},"inLanguage":"fr-FR","potentialAction":[{"@type":"ReadAction","target":["https:\/\/itsasmuseoa.eus\/fr\/ta-visite\/expressement-pour-vous\/professeur-e\/"]}]},{"@type":"ImageObject","inLanguage":"fr-FR","@id":"https:\/\/itsasmuseoa.eus\/fr\/ta-visite\/expressement-pour-vous\/professeur-e\/#primaryimage","url":"https:\/\/itsasmuseoa.eus\/flecha-breadcrumbs\/","contentUrl":"https:\/\/itsasmuseoa.eus\/flecha-breadcrumbs\/"},{"@type":"BreadcrumbList","@id":"https:\/\/itsasmuseoa.eus\/fr\/ta-visite\/expressement-pour-vous\/professeur-e\/#breadcrumb","itemListElement":[{"@type":"ListItem","position":1,"name":"Inicio","item":"https:\/\/itsasmuseoa.eus\/fr\/"},{"@type":"ListItem","position":2,"name":"Votre visite","item":"https:\/\/itsasmuseoa.eus\/fr\/ta-visite\/"},{"@type":"ListItem","position":3,"name":"Express\u00e9ment pour vous","item":"https:\/\/itsasmuseoa.eus\/fr\/ta-visite\/expressement-pour-vous\/"},{"@type":"ListItem","position":4,"name":"Professeur\/e"}]},{"@type":"WebSite","@id":"https:\/\/itsasmuseoa.eus\/fr\/#website","url":"https:\/\/itsasmuseoa.eus\/fr\/","name":"Euskal Itsas Museoa","description":"Museo Mar\u00edtimo Vasco","potentialAction":[{"@type":"SearchAction","target":{"@type":"EntryPoint","urlTemplate":"https:\/\/itsasmuseoa.eus\/fr\/?s={search_term_string}"},"query-input":{"@type":"PropertyValueSpecification","valueRequired":true,"valueName":"search_term_string"}}],"inLanguage":"fr-FR"}]}},"_links":{"self":[{"href":"https:\/\/itsasmuseoa.eus\/fr\/wp-json\/wp\/v2\/pages\/5498","targetHints":{"allow":["GET"]}}],"collection":[{"href":"https:\/\/itsasmuseoa.eus\/fr\/wp-json\/wp\/v2\/pages"}],"about":[{"href":"https:\/\/itsasmuseoa.eus\/fr\/wp-json\/wp\/v2\/types\/page"}],"author":[{"embeddable":true,"href":"https:\/\/itsasmuseoa.eus\/fr\/wp-json\/wp\/v2\/users\/1"}],"replies":[{"embeddable":true,"href":"https:\/\/itsasmuseoa.eus\/fr\/wp-json\/wp\/v2\/comments?post=5498"}],"version-history":[{"count":1,"href":"https:\/\/itsasmuseoa.eus\/fr\/wp-json\/wp\/v2\/pages\/5498\/revisions"}],"predecessor-version":[{"id":21462,"href":"https:\/\/itsasmuseoa.eus\/fr\/wp-json\/wp\/v2\/pages\/5498\/revisions\/21462"}],"up":[{"embeddable":true,"href":"https:\/\/itsasmuseoa.eus\/fr\/wp-json\/wp\/v2\/pages\/5485"}],"wp:attachment":[{"href":"https:\/\/itsasmuseoa.eus\/fr\/wp-json\/wp\/v2\/media?parent=5498"}],"wp:term":[{"taxonomy":"category","embeddable":true,"href":"https:\/\/itsasmuseoa.eus\/fr\/wp-json\/wp\/v2\/categories?post=5498"},{"taxonomy":"post_tag","embeddable":true,"href":"https:\/\/itsasmuseoa.eus\/fr\/wp-json\/wp\/v2\/tags?post=5498"}],"curies":[{"name":"wp","href":"https:\/\/api.w.org\/{rel}","templated":true}]}}