{"id":5501,"date":"2021-07-16T17:36:30","date_gmt":"2021-07-16T15:36:30","guid":{"rendered":"https:\/\/itsasmuseoa.eus\/ta-visite\/informations-pratiques\/"},"modified":"2026-04-08T14:20:45","modified_gmt":"2026-04-08T12:20:45","slug":"informations-pratiques","status":"publish","type":"page","link":"https:\/\/itsasmuseoa.eus\/fr\/ta-visite\/informations-pratiques\/","title":{"rendered":"Informations pratiques"},"content":{"rendered":"\n\n\t<nav id=\"breadcrumbs\" aria-label=\"Breadcrumbs\"><a href=\"https:\/\/itsasmuseoa.eus\/fr\/\">Inicio<\/a> <img decoding=\"async\" src=\"https:\/\/itsasmuseoa.eus\/flecha-breadcrumbs\/\" alt=\"icono flecha\" \/> <a href=\"https:\/\/itsasmuseoa.eus\/fr\/ta-visite\/\">Votre visite<\/a> <img decoding=\"async\" src=\"https:\/\/itsasmuseoa.eus\/flecha-breadcrumbs\/\" alt=\"icono flecha\" \/> Informations pratiques<\/nav><h2>\n\t\t\tEXPOSITION ACTUELLE\t<\/h2>\n\t<p><a href=\"https:\/\/itsasmuseoa.eus\/exposiciones\/exposiciones-actuales\/elkano-urdaneta-el-descubrimiento-de-los-oceanos\/\">Elcano-Urdaneta: La d\u00e9couverte des oc\u00e9ans<\/a><\/p>\n\n<h2>\n\t\t\tTARIFS\t<\/h2>\n\t<p>Entr\u00e9e individuelle au mus\u00e9e<\/p>\n\t<p>3 \u20ac<\/p>\n\t<p>Tarif groupe. 5 personnes ou plus<\/p>\n\t<p>2 \u20ac<\/p>\n\t<p>Tarif r\u00e9duit. Membres de familles nombreuses, \u00e9tudiants, plus de 65 ans<\/p>\n\t<p>1,5 \u20ac<\/p>\n<h2>\n\t\t\tENTR\u00c9E GRATUITE\t<\/h2>\n\t<p>Jeudi (sauf les jours f\u00e9ri\u00e9s)<\/p>\n\t<p>18 mai &#8211; D\u00eda Internacional de los Museos<\/p>\n\t<p>Fin exposition: 31 mai au 2 juin 2024<\/p>\n<p>&nbsp;<\/p>\n\t<p>Collectifs:<\/p>\n<ul>\n<li>Enfants jusqu&#8217;\u00e0 14 ans<\/li>\n<li>Carte jeune<\/li>\n<li>Membres ICOM<\/li>\n<li>Personnes handicap\u00e9es et leur accompagnateur<\/li>\n<li>Personnes sans travail<\/li>\n<li>Personas perceptoras de RGI, AGI o PNC<\/li>\n<\/ul>\n<h2>\n\t\t\tVisites guid\u00e9es sur r\u00e9servation\t<\/h2>\n\t<p>Visite guid\u00e9e destin\u00e9e aux groupes p\u00e9dagogiques<\/p>\n\t<p>2,5 \u20ac par personne<\/p>\n\t\t\t<a href=\"https:\/\/itsasmuseoa.eus\/fr\/reservation-de-billets\/?reserva=Visita%20guiada%20bajo%20demanda\" target=\"_self\">\n\t\t\t\t\t\t\tDEMANDE DE R\u00c9SERVATION\n\t\t\t\t\t<\/a>\n\t<p>Visite guid\u00e9e pour collectifs et groupes \u00e0 tarif g\u00e9n\u00e9ral (hors groupes p\u00e9dagogiques) et personnes \u00e0 tarif r\u00e9duit<\/p>\n\t<p>+1 \u20ac par personne<\/p>\n\t\t\t<a href=\"https:\/\/itsasmuseoa.eus\/fr\/reservation-de-billets\/?reserva=Visita%20guiada%20bajo%20demanda\" target=\"_self\">\n\t\t\t\t\t\t\tDEMANDE DE R\u00c9SERVATION\n\t\t\t\t\t<\/a>\n\t<p>&nbsp;<\/p>\n<p>Visites disponibles du mardi au vendredi, \u00e0 un horaire \u00e0 convenir avec le personnel du mus\u00e9e selon les disponibilit\u00e9s. Il est n\u00e9cessaire de r\u00e9server au moins 24 heures \u00e0 l&#8217;avance.<\/p>\n<h2>\n\t\t\tHORAIRES\t<\/h2>\n<h2>\n\t\t\tDe martes a s\u00e1bado\t<\/h2>\n\t<p>10:00-14:00 \/ 16:00-19:00<\/p>\n<h2>\n\t\t\tDimanches et jours f\u00e9ri\u00e9s\t<\/h2>\n\t<p>11:00-14:00<\/p>\n\t<p>Du 15 juin au 15 septiembre: 11:00-14:00 et 16:00-19:00<\/p>\n<h2>\n\t\t\tFERMETURE LUNDI\t<\/h2>\n<h2>\n\t\t\tFerm\u00e9\t<\/h2>\n\t<p>Les <strong> lundis <\/strong> le Mus\u00e9e restera ferm\u00e9.<\/p>\n1, 6 et 20 Janvier et 25 D\u00e9cembre<br \/>\n24 y 31 D\u00e9cembre: 10:00h &#8211; 14:00h.\n<h2>\n\t\t\tNos services\t<\/h2>\n\t\t\t<h3> Wifi.<\/h3>\t\t\n\t\t\t<h3> Boutique et librairie: Horaires d&#8217;ouverture du Mus\u00e9e.<\/h3>\t\t\n\t\t\t<h3> Modes de paiement: carte et esp\u00e8ces.<\/h3>\t\t\n\t\t\t<h3> Table \u00e0 langer de b\u00e9b\u00e9.<\/h3>\t\t\n\t\t\t<h3> Service pr\u00eat fauteuil roulant.<\/h3>\t\t\n\t\n<h2>\n\t\t\tEmplacement\t<\/h2>\n\t<p>Euskal Itsas Museoa &#8211; Museo Mar\u00edtimo Vasco. Kaiko pasealekua, 24 &#8211; 20003 Donostia (Gipuzkoa).<\/p>\n    <iframe title=\"Localisation du mus\u00e9e sur la carte Google\" src=\"https:\/\/www.google.com\/maps\/embed?pb=!1m18!1m12!1m3!1d2902.58403636589!2d-1.9932441843100144!3d43.322966381739434!2m3!1f0!2f0!3f0!3m2!1i1024!2i768!4f13.1!3m3!1m2!1s0xd51bab292bf78c9%3A0x46c3c0f43c961b12!2sEuskal%20Itsas%20Museoa%20-%20Museo%20Mar%C3%ADtimo%20Vasco!5e0!3m2!1ses!2ses!4v1623257880961!5m2!1ses!2ses\" width=\"600\" height=\"450\" allowfullscreen=\"\" loading=\"lazy\"><\/iframe>\n<h2>\n\t\t\tEmplacement\t<\/h2>\n\t<p>Le Euskal Itsas Museoa est situ\u00e9 dans le port de Saint-S\u00e9bastien, une zone pi\u00e9tonne o\u00f9 l&#8217;acc\u00e8s en v\u00e9hicule priv\u00e9 n&#8217;est pas autoris\u00e9.<\/p>\n<p>A proximit\u00e9 se trouvent les parkings Boulevard et Okendo, ainsi que le parking OTA sur le Paseo Nuevo.<\/p>\n\t<p>Le Mus\u00e9e est reli\u00e9 au r\u00e9seau de <a href=\"https:\/\/www.donostia.eus\/ataria\/es\/web\/info\/bizikleta\">pistes cyclables<\/a> de la ville. Il y a un parking \u00e0 v\u00e9los \u00e0 c\u00f4t\u00e9 du b\u00e2timent<\/p>\n\t<p>Le mus\u00e9e se trouve \u00e0 quelques minutes \u00e0 pied des arr\u00eats de bus et de taxi du Paseo del Boulevard.<\/p>\n<h2>\n\t\t\tBrochure de pr\u00e9sentation du mus\u00e9e\t<\/h2>\n\t\t\t\t<img decoding=\"async\" src=\"https:\/\/itsasmuseoa.eus\/wp-content\/uploads\/2021\/11\/Post_Instagram2.jpg\" alt=\"Post_Instagram2\" itemprop=\"image\" height=\"1080\" width=\"1080\" title=\"Post_Instagram2\" onerror=\"this.style.display='none'\" loading=\"lazy\" \/>\n\t\t\t<a href=\"https:\/\/itsasmuseoa.eus\/wp-content\/uploads\/2021\/06\/FOLLETO-EIM-1.pdf\" target=\"_blank\" rel=\"noopener\">\n\t\t\t\t\t\t\tT\u00e9l\u00e9charger le brochure du Mus\u00e9e.\n\t\t\t\t\t<\/a>\n<h2>\n\t\t\tExpress\u00e9ment pour vous\t<\/h2>\n\tVisites personnalis\u00e9es \u00e0 l&#8217;int\u00e9rieur et \u00e0 l&#8217;ext\u00e9rieur du Mus\u00e9e.<br \/>\nActivit\u00e9s, avantages et tarifs.\n<p><strong><a href=\"https:\/\/itsasmuseoa.eus\/tu-visita\/grupos\/\">Plus d&#8217;informations<\/a><\/strong><\/p>\n\t<p>\u00c9tudiez, consultez et participez. Comptez sur notre \u00e9quipe pour mener \u00e0 bien vos travaux.<\/p>\n<p><strong><a href=\"https:\/\/itsasmuseoa.eus\/tu-visita\/investigador-a\/\">Plus d&#8217;informations<\/a><\/strong><\/p>\n\t<p>Venez d\u00e9couvrir le mus\u00e9e en famille, nous proposons des ressources et des activit\u00e9s pour les adultes et les enfants.<\/p>\n<p><strong><a href=\"https:\/\/itsasmuseoa.eus\/fr\/familia-2\/\">Plus d&#8217;informations<\/a><\/strong><\/p>\n\t<p>Notre offre p\u00e9dagogique propose des activit\u00e9s pour tous les niveaux d&#8217;enseignement. Et si vous avez besoin de plus d&#8217;information, nous restons en contacte.<\/p>\n<p><strong><a href=\"https:\/\/itsasmuseoa.eus\/tu-visita\/profesorado\/\">Plus d&#8217;informations<\/a><\/strong><\/p>\n<h2>\n\t\t\tAccessibilit\u00e9\t<\/h2>\n\t<p>Notre engagement en faveur de l&#8217;accessibilit\u00e9 universelle nous am\u00e8ne \u00e0 travailler en permanence pour que le mus\u00e9e et ses programmes soient ouverts \u00e0 tous. Notre Plan d&#8217;accessibilit\u00e9 pr\u00e9voit la mise en place progressive de mesures accessibles et d&#8217;une panoplie de visites adapt\u00e9es aux diff\u00e9rents besoins des usagers.<\/p>\n\t\t\t\t\t\t<h3>accessibilt\u00e9 physique<\/h3>\t\t\t\t\t\n\t\t\t\t\t\t\t<img decoding=\"async\" src=\"https:\/\/itsasmuseoa.eus\/wp-content\/uploads\/\/icono-accesibilidad.svg\" alt=\"icono-accesibilidad\" width=\"39\" height=\"48\" \/>\n\t\t<h3>\n\t\t\tFauteuil roulant\n\t\t<\/h3>\n\t\t\t<p>Le mus\u00e9e met \u00e0 disposition des visiteurs un fauteuil roulant, qui peut \u00eatre demand\u00e9 \u00e0 l&#8217;accueil.<\/p>\t\t\n\t\t<h3>\n\t\t\tAcc\u00e8s et circulation\n\t\t<\/h3>\n\t\t\t<p>Le mus\u00e9e dispose d&#8217;une rampe d&#8217;acc\u00e8s ext\u00e9rieure au b\u00e2timent et est enti\u00e8rement accessible aux personnes en fauteuil roulant.<\/p>\t\t\n\t\t<h3>\n\t\t\tAscenseur\n\t\t<\/h3>\n\t\t\t<p>Il y a un ascenseur interne pour acc\u00e9der aux \u00e9tages 1 et 2 avec indication d&#8217;arr\u00eat visuelle et sonore. Depuis la cabine, vous pouvez communiquer avec le monde ext\u00e9rieur par message vocal.<\/p>\t\t\n\t\t<h3>\n\t\t\tToilettes\n\t\t<\/h3>\n\t\t\t<p>Le mus\u00e9e dispose de deux toilettes adapt\u00e9es au premier \u00e9tage. L&#8217;une d&#8217;elles dispose d&#8217;une table \u00e0 langer.<\/p>\t\t\n\t\t\t\t\t\t<h3>Accessibilit\u00e9 visuelle et auditive<\/h3>\t\t\t\t\t\n\t\t\t\t\t\t\t<img decoding=\"async\" src=\"https:\/\/itsasmuseoa.eus\/wp-content\/uploads\/\/icono-accesibilidad-both.svg\" alt=\"icono-accesibilidad-both\" width=\"0\" height=\"0\" \/>\n\t\t<h3>\n\t\t\tAscenseur\n\t\t<\/h3>\n\t\t\t<p>Il dispose d&#8217;un signal acoustique de type bip \u00e0 l&#8217;arriv\u00e9e aux diff\u00e9rents arr\u00eats et \u00e0 l&#8217;ouverture de la porte.<br \/>Le niveau d&#8217;\u00e9clairage dans la cabine est ad\u00e9quat.<\/p>\t\t\n\t\t<h3>\n\t\t\tBOUCLE MAGN\u00c9TIQUE\n\t\t<\/h3>\n\t\t\t<p>Le mus\u00e9e dispose d&#8217;une boucle magn\u00e9tique pour les personnes portant des appareils auditifs ou des implants cochl\u00e9aires au service au public.De plus, des boucles magn\u00e9tiques \u00e0 usage individuel peuvent \u00eatre demand\u00e9es \u00e0 l&#8217;accueil pour am\u00e9liorer la qualit\u00e9 de la visite guid\u00e9e.<\/p>\t\t\n\t\t<h3>\n\t\t\tChiens d&#8217;assistance\n\t\t<\/h3>\n\t\t\t<p>Les chiens-guides accompagnant les aveugles, les chiens d&#8217;assistance et les chiens d&#8217;avertissement sont les bienvenus au mus\u00e9e. Des bols d&#8217;eau sont disponibles au rez-de-chauss\u00e9e.<\/p>\t\t\n\t\t<h3>\n\t\t\tKIT de ACCESSIBILIT\u00c9\n\t\t<\/h3>\n\t\t\t<p>Kit d&#8217;accessibilit\u00e9 qui contient diverses aides techniques pour faciliter lecture \u00e0 des personnes ayant des difficult\u00e9s visuelles.<\/p>\t\t\n\t\t\t\t\t\t<h3>Accessibilit\u00e9 cognitive<\/h3>\t\t\t\t\t\n\t\t\t\t\t\t\t<img decoding=\"async\" src=\"https:\/\/itsasmuseoa.eus\/wp-content\/uploads\/\/icono-accesibilidad-cognitiva.svg\" alt=\"icono-accesibilidad-cognitiva\" width=\"0\" height=\"0\" \/>\n\tLe mus\u00e9e organise des visites et des exp\u00e9riences adapt\u00e9es aux besoins de tous. Pour conna\u00eetre les options de visite et les programmes disponibles, il est recommand\u00e9 d&#8217;appeler: <a href=\"tel:9430051\">943 43 00 51<\/a> et\/ou contact par email:<br \/>\n<a href=\"mailto:hezkuntza@itsasmuseoa.eus\">hezkuntza@itsasmuseoa.eus<\/a>\n\t\t\t\t\t\t<h3>Autres services<\/h3>\t\t\t\t\t\n\t<p>Le mus\u00e9e dispose d&#8217;un service d&#8217;accompagnement pour les personnes qui en ont besoin.<\/p>\n<p>Des espaces de repos ont \u00e9t\u00e9 am\u00e9nag\u00e9s pendant la visite.<\/p>\n<h3><b>Visite en groupe<\/b><\/h3>\n<p>Nous faisons partie de GERTU KULTURA, r\u00e9seau o\u00f9 nous proposons, avec d&#8217;autres programmeurs culturels de Gipuzkoa, des activit\u00e9s culturelles \u00e0 des prix abordables pour les personnes en situation de vuln\u00e9rabilit\u00e9. Nous vous encourageons \u00e0 consulter nos activit\u00e9s sur le lien suivant : <a href=\"https:\/\/www.apropacultura.org\/es\/equipamiento\/museo-maritimo-vasco\">Museo Mar\u00edtimo Vasco &#8211; Gertu Kultura<\/a>.<\/p>\n\t<p>Le programme d&#8217;accessibilit\u00e9 du mus\u00e9e a \u00e9t\u00e9 promu par <a href=\"https:\/\/www.k6gestioncultural.com\/\">K6 Gesti\u00f3n Cultural <\/a>en colaborattion avec <a href=\"https:\/\/elkartu.org\/inicio\/\">Elkartu (Federaci\u00f3n Coordinadora de Personas con Discapacidad F\u00edsica de Gipuzkoa)<\/a> et autres entit\u00e9s sociales.<\/p>\n\t\t<h3>\n\t\t\tNewsletter\n\t\t<\/h3>\n\t\t\t<p>Abonnez-vous \u00e0 notre newsletter pour rester inform\u00e9 de notre activit\u00e9.<\/p>\t\t\n\t[sibwp_form id=&#8221;1&#8243;]\n\n","protected":false},"excerpt":{"rendered":"<p>Inicio Votre visite Informations pratiques EXPOSITION ACTUELLE Elcano-Urdaneta: La d\u00e9couverte des oc\u00e9ans TARIFS Entr\u00e9e individuelle au mus\u00e9e 3 \u20ac Tarif groupe. 5 personnes ou plus 2 \u20ac Tarif r\u00e9duit. Membres de familles nombreuses, \u00e9tudiants, plus de 65 ans 1,5 \u20ac ENTR\u00c9E GRATUITE Jeudi (sauf les jours f\u00e9ri\u00e9s) 18 mai &#8211; D\u00eda Internacional de los Museos&hellip;<\/p>\n","protected":false},"author":1,"featured_media":0,"parent":5479,"menu_order":0,"comment_status":"closed","ping_status":"closed","template":"","meta":{"_acf_changed":false,"footnotes":""},"categories":[],"tags":[],"class_list":["post-5501","page","type-page","status-publish","hentry"],"acf":[],"yoast_head":"<!-- This site is optimized with the Yoast SEO plugin v27.4 - https:\/\/yoast.com\/product\/yoast-seo-wordpress\/ -->\n<title>Informations pratiques - Euskal Itsas Museoa<\/title>\n<meta name=\"robots\" content=\"index, follow, max-snippet:-1, max-image-preview:large, max-video-preview:-1\" \/>\n<link rel=\"canonical\" href=\"https:\/\/itsasmuseoa.eus\/fr\/ta-visite\/informations-pratiques\/\" \/>\n<meta property=\"og:locale\" content=\"fr_FR\" \/>\n<meta property=\"og:type\" content=\"article\" \/>\n<meta property=\"og:title\" content=\"Informations pratiques - Euskal Itsas Museoa\" \/>\n<meta property=\"og:description\" content=\"Inicio Votre visite Informations pratiques EXPOSITION ACTUELLE Elcano-Urdaneta: La d\u00e9couverte des oc\u00e9ans TARIFS Entr\u00e9e individuelle au mus\u00e9e 3 \u20ac Tarif groupe. 5 personnes ou plus 2 \u20ac Tarif r\u00e9duit. Membres de familles nombreuses, \u00e9tudiants, plus de 65 ans 1,5 \u20ac ENTR\u00c9E GRATUITE Jeudi (sauf les jours f\u00e9ri\u00e9s) 18 mai &#8211; D\u00eda Internacional de los Museos&hellip;\" \/>\n<meta property=\"og:url\" content=\"https:\/\/itsasmuseoa.eus\/fr\/ta-visite\/informations-pratiques\/\" \/>\n<meta property=\"og:site_name\" content=\"Euskal Itsas Museoa\" \/>\n<meta property=\"article:modified_time\" content=\"2026-04-08T12:20:45+00:00\" \/>\n<meta property=\"og:image\" content=\"https:\/\/itsasmuseoa.eus\/flecha-breadcrumbs\/\" \/>\n<meta name=\"twitter:card\" content=\"summary_large_image\" \/>\n<meta name=\"twitter:label1\" content=\"Dur\u00e9e de lecture estim\u00e9e\" \/>\n\t<meta name=\"twitter:data1\" content=\"4 minutes\" \/>\n<script type=\"application\/ld+json\" class=\"yoast-schema-graph\">{\"@context\":\"https:\\\/\\\/schema.org\",\"@graph\":[{\"@type\":\"WebPage\",\"@id\":\"https:\\\/\\\/itsasmuseoa.eus\\\/fr\\\/ta-visite\\\/informations-pratiques\\\/\",\"url\":\"https:\\\/\\\/itsasmuseoa.eus\\\/fr\\\/ta-visite\\\/informations-pratiques\\\/\",\"name\":\"Informations pratiques - Euskal Itsas Museoa\",\"isPartOf\":{\"@id\":\"https:\\\/\\\/itsasmuseoa.eus\\\/fr\\\/#website\"},\"primaryImageOfPage\":{\"@id\":\"https:\\\/\\\/itsasmuseoa.eus\\\/fr\\\/ta-visite\\\/informations-pratiques\\\/#primaryimage\"},\"image\":{\"@id\":\"https:\\\/\\\/itsasmuseoa.eus\\\/fr\\\/ta-visite\\\/informations-pratiques\\\/#primaryimage\"},\"thumbnailUrl\":\"https:\\\/\\\/itsasmuseoa.eus\\\/flecha-breadcrumbs\\\/\",\"datePublished\":\"2021-07-16T15:36:30+00:00\",\"dateModified\":\"2026-04-08T12:20:45+00:00\",\"breadcrumb\":{\"@id\":\"https:\\\/\\\/itsasmuseoa.eus\\\/fr\\\/ta-visite\\\/informations-pratiques\\\/#breadcrumb\"},\"inLanguage\":\"fr-FR\",\"potentialAction\":[{\"@type\":\"ReadAction\",\"target\":[\"https:\\\/\\\/itsasmuseoa.eus\\\/fr\\\/ta-visite\\\/informations-pratiques\\\/\"]}]},{\"@type\":\"ImageObject\",\"inLanguage\":\"fr-FR\",\"@id\":\"https:\\\/\\\/itsasmuseoa.eus\\\/fr\\\/ta-visite\\\/informations-pratiques\\\/#primaryimage\",\"url\":\"https:\\\/\\\/itsasmuseoa.eus\\\/flecha-breadcrumbs\\\/\",\"contentUrl\":\"https:\\\/\\\/itsasmuseoa.eus\\\/flecha-breadcrumbs\\\/\"},{\"@type\":\"BreadcrumbList\",\"@id\":\"https:\\\/\\\/itsasmuseoa.eus\\\/fr\\\/ta-visite\\\/informations-pratiques\\\/#breadcrumb\",\"itemListElement\":[{\"@type\":\"ListItem\",\"position\":1,\"name\":\"Inicio\",\"item\":\"https:\\\/\\\/itsasmuseoa.eus\\\/fr\\\/\"},{\"@type\":\"ListItem\",\"position\":2,\"name\":\"Votre visite\",\"item\":\"https:\\\/\\\/itsasmuseoa.eus\\\/fr\\\/ta-visite\\\/\"},{\"@type\":\"ListItem\",\"position\":3,\"name\":\"Informations pratiques\"}]},{\"@type\":\"WebSite\",\"@id\":\"https:\\\/\\\/itsasmuseoa.eus\\\/fr\\\/#website\",\"url\":\"https:\\\/\\\/itsasmuseoa.eus\\\/fr\\\/\",\"name\":\"Euskal Itsas Museoa\",\"description\":\"Museo Mar\u00edtimo Vasco\",\"potentialAction\":[{\"@type\":\"SearchAction\",\"target\":{\"@type\":\"EntryPoint\",\"urlTemplate\":\"https:\\\/\\\/itsasmuseoa.eus\\\/fr\\\/?s={search_term_string}\"},\"query-input\":{\"@type\":\"PropertyValueSpecification\",\"valueRequired\":true,\"valueName\":\"search_term_string\"}}],\"inLanguage\":\"fr-FR\"}]}<\/script>\n<!-- \/ Yoast SEO plugin. -->","yoast_head_json":{"title":"Informations pratiques - Euskal Itsas Museoa","robots":{"index":"index","follow":"follow","max-snippet":"max-snippet:-1","max-image-preview":"max-image-preview:large","max-video-preview":"max-video-preview:-1"},"canonical":"https:\/\/itsasmuseoa.eus\/fr\/ta-visite\/informations-pratiques\/","og_locale":"fr_FR","og_type":"article","og_title":"Informations pratiques - Euskal Itsas Museoa","og_description":"Inicio Votre visite Informations pratiques EXPOSITION ACTUELLE Elcano-Urdaneta: La d\u00e9couverte des oc\u00e9ans TARIFS Entr\u00e9e individuelle au mus\u00e9e 3 \u20ac Tarif groupe. 5 personnes ou plus 2 \u20ac Tarif r\u00e9duit. Membres de familles nombreuses, \u00e9tudiants, plus de 65 ans 1,5 \u20ac ENTR\u00c9E GRATUITE Jeudi (sauf les jours f\u00e9ri\u00e9s) 18 mai &#8211; D\u00eda Internacional de los Museos&hellip;","og_url":"https:\/\/itsasmuseoa.eus\/fr\/ta-visite\/informations-pratiques\/","og_site_name":"Euskal Itsas Museoa","article_modified_time":"2026-04-08T12:20:45+00:00","og_image":[{"url":"https:\/\/itsasmuseoa.eus\/flecha-breadcrumbs\/","type":"","width":"","height":""}],"twitter_card":"summary_large_image","twitter_misc":{"Dur\u00e9e de lecture estim\u00e9e":"4 minutes"},"schema":{"@context":"https:\/\/schema.org","@graph":[{"@type":"WebPage","@id":"https:\/\/itsasmuseoa.eus\/fr\/ta-visite\/informations-pratiques\/","url":"https:\/\/itsasmuseoa.eus\/fr\/ta-visite\/informations-pratiques\/","name":"Informations pratiques - Euskal Itsas Museoa","isPartOf":{"@id":"https:\/\/itsasmuseoa.eus\/fr\/#website"},"primaryImageOfPage":{"@id":"https:\/\/itsasmuseoa.eus\/fr\/ta-visite\/informations-pratiques\/#primaryimage"},"image":{"@id":"https:\/\/itsasmuseoa.eus\/fr\/ta-visite\/informations-pratiques\/#primaryimage"},"thumbnailUrl":"https:\/\/itsasmuseoa.eus\/flecha-breadcrumbs\/","datePublished":"2021-07-16T15:36:30+00:00","dateModified":"2026-04-08T12:20:45+00:00","breadcrumb":{"@id":"https:\/\/itsasmuseoa.eus\/fr\/ta-visite\/informations-pratiques\/#breadcrumb"},"inLanguage":"fr-FR","potentialAction":[{"@type":"ReadAction","target":["https:\/\/itsasmuseoa.eus\/fr\/ta-visite\/informations-pratiques\/"]}]},{"@type":"ImageObject","inLanguage":"fr-FR","@id":"https:\/\/itsasmuseoa.eus\/fr\/ta-visite\/informations-pratiques\/#primaryimage","url":"https:\/\/itsasmuseoa.eus\/flecha-breadcrumbs\/","contentUrl":"https:\/\/itsasmuseoa.eus\/flecha-breadcrumbs\/"},{"@type":"BreadcrumbList","@id":"https:\/\/itsasmuseoa.eus\/fr\/ta-visite\/informations-pratiques\/#breadcrumb","itemListElement":[{"@type":"ListItem","position":1,"name":"Inicio","item":"https:\/\/itsasmuseoa.eus\/fr\/"},{"@type":"ListItem","position":2,"name":"Votre visite","item":"https:\/\/itsasmuseoa.eus\/fr\/ta-visite\/"},{"@type":"ListItem","position":3,"name":"Informations pratiques"}]},{"@type":"WebSite","@id":"https:\/\/itsasmuseoa.eus\/fr\/#website","url":"https:\/\/itsasmuseoa.eus\/fr\/","name":"Euskal Itsas Museoa","description":"Museo Mar\u00edtimo Vasco","potentialAction":[{"@type":"SearchAction","target":{"@type":"EntryPoint","urlTemplate":"https:\/\/itsasmuseoa.eus\/fr\/?s={search_term_string}"},"query-input":{"@type":"PropertyValueSpecification","valueRequired":true,"valueName":"search_term_string"}}],"inLanguage":"fr-FR"}]}},"_links":{"self":[{"href":"https:\/\/itsasmuseoa.eus\/fr\/wp-json\/wp\/v2\/pages\/5501","targetHints":{"allow":["GET"]}}],"collection":[{"href":"https:\/\/itsasmuseoa.eus\/fr\/wp-json\/wp\/v2\/pages"}],"about":[{"href":"https:\/\/itsasmuseoa.eus\/fr\/wp-json\/wp\/v2\/types\/page"}],"author":[{"embeddable":true,"href":"https:\/\/itsasmuseoa.eus\/fr\/wp-json\/wp\/v2\/users\/1"}],"replies":[{"embeddable":true,"href":"https:\/\/itsasmuseoa.eus\/fr\/wp-json\/wp\/v2\/comments?post=5501"}],"version-history":[{"count":3,"href":"https:\/\/itsasmuseoa.eus\/fr\/wp-json\/wp\/v2\/pages\/5501\/revisions"}],"predecessor-version":[{"id":21420,"href":"https:\/\/itsasmuseoa.eus\/fr\/wp-json\/wp\/v2\/pages\/5501\/revisions\/21420"}],"up":[{"embeddable":true,"href":"https:\/\/itsasmuseoa.eus\/fr\/wp-json\/wp\/v2\/pages\/5479"}],"wp:attachment":[{"href":"https:\/\/itsasmuseoa.eus\/fr\/wp-json\/wp\/v2\/media?parent=5501"}],"wp:term":[{"taxonomy":"category","embeddable":true,"href":"https:\/\/itsasmuseoa.eus\/fr\/wp-json\/wp\/v2\/categories?post=5501"},{"taxonomy":"post_tag","embeddable":true,"href":"https:\/\/itsasmuseoa.eus\/fr\/wp-json\/wp\/v2\/tags?post=5501"}],"curies":[{"name":"wp","href":"https:\/\/api.w.org\/{rel}","templated":true}]}}